{"id":9099,"date":"2024-06-06T01:09:27","date_gmt":"2024-06-06T01:09:27","guid":{"rendered":"https:\/\/www.chrisearley.com\/?page_id=9099"},"modified":"2026-01-07T21:19:34","modified_gmt":"2026-01-07T21:19:34","slug":"sobre-nosotros","status":"publish","type":"page","link":"https:\/\/www.chrisearley.com\/es\/sobre-nosotros\/","title":{"rendered":"Sobre Nosotros"},"content":{"rendered":"<ul>\n<li><img loading=\"lazy\" decoding=\"async\" class=\"alignnone size-full wp-image-1250\" src=\"https:\/\/www.chrisearley.com\/wp-content\/uploads\/2024\/05\/about-us-icon-1.png\" alt=\"\" width=\"34\" height=\"48\" \/><strong>Servicio al Cliente de 5 Estrellas, Todo el D\u00eda Todos los D\u00edas<\/strong> Para nosotros, brindar el mejor servicio al cliente a todas las personas a las que servimos es nuestra m\u00e1xima prioridad. Nos esforzamos cada d\u00eda por encontrar nuevas formas de brindar el mejor servicio al cliente. <a href=\"https:\/\/www.google.com\/search?source=hp&amp;ei=ExxFX_POOYO5tQbQk6eYAg&amp;q=law+office+of+christopher+earley&amp;oq=law+office+of+christopher+earley&amp;gs_lcp=CgZwc3ktYWIQAzIGCAAQFhAeMgYIABAWEB4yAggmOg4ILhCxAxDHARCjAhCTAjoICC4QsQMQgwE6BQgAELEDOgsILhCxAxDHARCjAjoICC4QxwEQowI6CAgAELEDEIMBOgsILhCxAxCDARCTAjoFCC4QsQM6AggAOgIILjoFCC4QkwI6CAguEMcBEK8BOg4ILhCxAxCDARDHARCvAToICC4QsQMQkwI6BQgAEJIDOgsILhDHARCvARCTAlDdAVjzGGDWG2gAcAB4AIABqQGIAekekgEFMTAuMjKYAQCgAQGqAQdnd3Mtd2l6&amp;sclient=psy-ab&amp;ved=0ahUKEwizpL29xLbrAhWDXM0KHdDJCSMQ4dUDCAg&amp;uact=5#lrd=0x89e3709d2b186dc9:0x289e252c29b31aa9,1,,,\" target=\"_blank\" rel=\"noopener\">Los cientos de rese\u00f1as de 5 estrellas que tenemos en l\u00ednea<\/a> reflejan el esfuerzo constante que ponemos para brindarles a nuestros clientes la mejor experiencia posible.<\/li>\n<li><img loading=\"lazy\" decoding=\"async\" class=\"alignnone size-full wp-image-1248\" src=\"https:\/\/www.chrisearley.com\/wp-content\/uploads\/2024\/05\/about-us-icon-2.png\" alt=\"\" width=\"39\" height=\"45\" \/><strong>Proporcionar Informaci\u00f3n Legal Gratuita a Todos<\/strong> Adem\u00e1s de mi historia \u00fanica y personal, lo que distingue a mi bufete de abogados de todos los dem\u00e1s es que brindamos informaci\u00f3n legal GRATUITA. Hacemos esto a trav\u00e9s de nuestras gu\u00edas para que pueda tomar las mejores decisiones posibles para sus problemas legales. La educaci\u00f3n del cliente es realmente importante para nosotros.Descargue alguno o todos estos libros hoy <a href=\"https:\/\/www.chrisearley.com\/es\/informacion-gratuita\/\">aqu\u00ed<\/a> o, si desea que le enviemos por correo una copia de alguno de nuestros libros, simplemente preg\u00fantenos y le enviaremos uno por correo. Creemos en no guardarnos nuestros conocimientos legales para nosotros, sino en compartirlos abierta y libremente para ayudar a las personas.<\/li>\n<li><img loading=\"lazy\" decoding=\"async\" class=\"alignnone size-full wp-image-1246\" src=\"https:\/\/www.chrisearley.com\/wp-content\/uploads\/2024\/05\/about-us-icon-3.png\" alt=\"\" width=\"48\" height=\"45\" \/><strong>Buena Comunicaci\u00f3n<\/strong> Nuestra oficina cree que una buena comunicaci\u00f3n es fundamental para toda relaci\u00f3n exitosa entre abogado y cliente. Para lograr esto, mantenemos a los clientes informados sobre su caso de lesiones en cada paso del camino.<\/li>\n<li><img loading=\"lazy\" decoding=\"async\" class=\"alignnone size-full wp-image-19236\" src=\"https:\/\/www.chrisearley.com\/wp-content\/uploads\/2024\/06\/Representacion-Agresiva-icon.png\" alt=\"\" width=\"51\" height=\"43\" \/><strong>Representaci\u00f3n Agresiva<\/strong> Creemos que una representaci\u00f3n \u00e9tica y agresiva puede garantizar un resultado de caso exitoso. Nos esforzamos por resolver cada caso antes del litigio. Sin embargo, si creemos que una compa\u00f1\u00eda de seguros est\u00e1 ofreciendo un monto de liquidaci\u00f3n irrazonable a un cliente, no dudamos en iniciar un litigio, asumiendo que todas las dem\u00e1s v\u00edas se han agotado. El litigio s\u00f3lo se inicia con el pleno consentimiento del cliente.<\/li>\n<li><img loading=\"lazy\" decoding=\"async\" class=\"alignnone size-full wp-image-19233\" src=\"https:\/\/www.chrisearley.com\/wp-content\/uploads\/2024\/06\/Nuestra-Beca-icon.png\" alt=\"\" width=\"47\" height=\"43\" \/><strong>Nuestra Beca<\/strong> Estamos muy orgullosos de la beca de la oficina legal de Christopher Earley dise\u00f1ada para ayudar a los estudiantes universitarios que trabajan arduamente para pagar la universidad. Esta es una forma en la que a nuestro bufete de abogados le gusta retribuir a la comunidad. Lea acerca de nuestra beca.<\/li>\n<\/ul>\n","protected":false},"excerpt":{"rendered":"<p>Servicio al Cliente de 5 Estrellas, Todo el D\u00eda Todos los D\u00edas Para nosotros, brindar el mejor servicio al cliente a todas las personas a las que servimos es nuestra m\u00e1xima prioridad. Nos esforzamos cada d\u00eda por encontrar nuevas formas de brindar el mejor servicio al cliente. Los cientos de rese\u00f1as de 5 estrellas que [&hellip;]<\/p>\n","protected":false},"author":35,"featured_media":0,"parent":0,"menu_order":600,"comment_status":"closed","ping_status":"closed","template":"about-us.php","meta":{"_acf_changed":false,"footnotes":""},"class_list":["post-9099","page","type-page","status-publish","hentry"],"acf":[],"yoast_head":"<!-- This site is optimized with the Yoast SEO plugin v27.5 - https:\/\/yoast.com\/product\/yoast-seo-wordpress\/ -->\n<title>Sobre Nosotros | Boston Abogado de Compensaci\u00f3n al Trabajador<\/title>\n<meta name=\"description\" content=\"Consulta Gratis - Ll\u00e1menos al 617-444-7777 - Earley Law Group Injury Lawyers ayuda a las v\u00edctimas y sus familias a recibir una compensaci\u00f3n por sus lesiones. Sobre Nosotros - Boston Abogado de Compensaci\u00f3n al Trabajador\" \/>\n<meta name=\"robots\" content=\"index, follow, max-snippet:-1, max-image-preview:large, max-video-preview:-1\" \/>\n<link rel=\"canonical\" href=\"https:\/\/www.chrisearley.com\/es\/sobre-nosotros\/\" \/>\n<meta property=\"og:locale\" content=\"es_ES\" \/>\n<meta property=\"og:type\" content=\"article\" \/>\n<meta property=\"og:title\" content=\"Sobre Nosotros | Boston Abogado de Compensaci\u00f3n al Trabajador\" \/>\n<meta property=\"og:description\" content=\"Consulta Gratis - Ll\u00e1menos al 617-444-7777 - Earley Law Group Injury Lawyers ayuda a las v\u00edctimas y sus familias a recibir una compensaci\u00f3n por sus lesiones. Sobre Nosotros - Boston Abogado de Compensaci\u00f3n al Trabajador\" \/>\n<meta property=\"og:url\" content=\"https:\/\/www.chrisearley.com\/es\/sobre-nosotros\/\" \/>\n<meta property=\"og:site_name\" content=\"Earley Law Group Injury Lawyers\" \/>\n<meta property=\"article:publisher\" content=\"https:\/\/www.facebook.com\/Law-Offices-of-Christopher-Earley-104980886333\/\" \/>\n<meta property=\"article:modified_time\" content=\"2026-01-07T21:19:34+00:00\" \/>\n<meta name=\"twitter:card\" content=\"summary_large_image\" \/>\n<meta name=\"twitter:site\" content=\"@chrisearleylaw\" \/>\n<meta name=\"twitter:label1\" content=\"Est. reading time\" \/>\n\t<meta name=\"twitter:data1\" content=\"3 minutes\" \/>\n<script type=\"application\/ld+json\" class=\"yoast-schema-graph\">{\"@context\":\"https:\\\/\\\/schema.org\",\"@graph\":[{\"@type\":\"WebPage\",\"@id\":\"https:\\\/\\\/www.chrisearley.com\\\/es\\\/sobre-nosotros\\\/\",\"url\":\"https:\\\/\\\/www.chrisearley.com\\\/es\\\/sobre-nosotros\\\/\",\"name\":\"Sobre Nosotros | Boston Abogado de Compensaci\u00f3n al Trabajador\",\"isPartOf\":{\"@id\":\"https:\\\/\\\/www.chrisearley.com\\\/es\\\/#website\"},\"primaryImageOfPage\":{\"@id\":\"https:\\\/\\\/www.chrisearley.com\\\/es\\\/sobre-nosotros\\\/#primaryimage\"},\"image\":{\"@id\":\"https:\\\/\\\/www.chrisearley.com\\\/es\\\/sobre-nosotros\\\/#primaryimage\"},\"thumbnailUrl\":\"https:\\\/\\\/www.chrisearley.com\\\/wp-content\\\/uploads\\\/2024\\\/05\\\/about-us-icon-1.png\",\"datePublished\":\"2024-06-06T01:09:27+00:00\",\"dateModified\":\"2026-01-07T21:19:34+00:00\",\"description\":\"Consulta Gratis - Ll\u00e1menos al 617-444-7777 - Earley Law Group Injury Lawyers ayuda a las v\u00edctimas y sus familias a recibir una compensaci\u00f3n por sus lesiones. Sobre Nosotros - Boston Abogado de Compensaci\u00f3n al Trabajador\",\"breadcrumb\":{\"@id\":\"https:\\\/\\\/www.chrisearley.com\\\/es\\\/sobre-nosotros\\\/#breadcrumb\"},\"inLanguage\":\"es-US\",\"potentialAction\":[{\"@type\":\"ReadAction\",\"target\":[\"https:\\\/\\\/www.chrisearley.com\\\/es\\\/sobre-nosotros\\\/\"]}]},{\"@type\":\"ImageObject\",\"inLanguage\":\"es-US\",\"@id\":\"https:\\\/\\\/www.chrisearley.com\\\/es\\\/sobre-nosotros\\\/#primaryimage\",\"url\":\"https:\\\/\\\/www.chrisearley.com\\\/wp-content\\\/uploads\\\/2024\\\/05\\\/about-us-icon-1.png\",\"contentUrl\":\"https:\\\/\\\/www.chrisearley.com\\\/wp-content\\\/uploads\\\/2024\\\/05\\\/about-us-icon-1.png\"},{\"@type\":\"BreadcrumbList\",\"@id\":\"https:\\\/\\\/www.chrisearley.com\\\/es\\\/sobre-nosotros\\\/#breadcrumb\",\"itemListElement\":[{\"@type\":\"ListItem\",\"position\":1,\"name\":\"Home\",\"item\":\"https:\\\/\\\/www.chrisearley.com\\\/es\\\/\"},{\"@type\":\"ListItem\",\"position\":2,\"name\":\"Sobre Nosotros\"}]},{\"@type\":\"WebSite\",\"@id\":\"https:\\\/\\\/www.chrisearley.com\\\/es\\\/#website\",\"url\":\"https:\\\/\\\/www.chrisearley.com\\\/es\\\/\",\"name\":\"Earley Law Group Injury Lawyers\",\"description\":\"\",\"publisher\":{\"@id\":\"https:\\\/\\\/www.chrisearley.com\\\/es\\\/#organization\"},\"potentialAction\":[{\"@type\":\"SearchAction\",\"target\":{\"@type\":\"EntryPoint\",\"urlTemplate\":\"https:\\\/\\\/www.chrisearley.com\\\/es\\\/?s={search_term_string}\"},\"query-input\":{\"@type\":\"PropertyValueSpecification\",\"valueRequired\":true,\"valueName\":\"search_term_string\"}}],\"inLanguage\":\"es-US\"},{\"@type\":\"Organization\",\"@id\":\"https:\\\/\\\/www.chrisearley.com\\\/es\\\/#organization\",\"name\":\"Earley Law Group Injury Lawyers\",\"url\":\"https:\\\/\\\/www.chrisearley.com\\\/es\\\/\",\"logo\":{\"@type\":\"ImageObject\",\"inLanguage\":\"es-US\",\"@id\":\"https:\\\/\\\/www.chrisearley.com\\\/es\\\/#\\\/schema\\\/logo\\\/image\\\/\",\"url\":\"https:\\\/\\\/www.chrisearley.com\\\/wp-content\\\/uploads\\\/2024\\\/05\\\/logo.png\",\"contentUrl\":\"https:\\\/\\\/www.chrisearley.com\\\/wp-content\\\/uploads\\\/2024\\\/05\\\/logo.png\",\"width\":420,\"height\":79,\"caption\":\"Earley Law Group Injury Lawyers\"},\"image\":{\"@id\":\"https:\\\/\\\/www.chrisearley.com\\\/es\\\/#\\\/schema\\\/logo\\\/image\\\/\"},\"sameAs\":[\"https:\\\/\\\/www.facebook.com\\\/Law-Offices-of-Christopher-Earley-104980886333\\\/\",\"https:\\\/\\\/x.com\\\/chrisearleylaw\",\"https:\\\/\\\/www.youtube.com\\\/user\\\/ChrisEarleyLaw\",\"https:\\\/\\\/www.linkedin.com\\\/company\\\/earley-law-group-injury-lawyers\",\"https:\\\/\\\/www.instagram.com\\\/earleylawgroupinjurylawyers\\\/\"]}]}<\/script>\n<!-- \/ Yoast SEO plugin. -->","yoast_head_json":{"title":"Sobre Nosotros | Boston Abogado de Compensaci\u00f3n al Trabajador","description":"Consulta Gratis - Ll\u00e1menos al 617-444-7777 - Earley Law Group Injury Lawyers ayuda a las v\u00edctimas y sus familias a recibir una compensaci\u00f3n por sus lesiones. Sobre Nosotros - Boston Abogado de Compensaci\u00f3n al Trabajador","robots":{"index":"index","follow":"follow","max-snippet":"max-snippet:-1","max-image-preview":"max-image-preview:large","max-video-preview":"max-video-preview:-1"},"canonical":"https:\/\/www.chrisearley.com\/es\/sobre-nosotros\/","og_locale":"es_ES","og_type":"article","og_title":"Sobre Nosotros | Boston Abogado de Compensaci\u00f3n al Trabajador","og_description":"Consulta Gratis - Ll\u00e1menos al 617-444-7777 - Earley Law Group Injury Lawyers ayuda a las v\u00edctimas y sus familias a recibir una compensaci\u00f3n por sus lesiones. Sobre Nosotros - Boston Abogado de Compensaci\u00f3n al Trabajador","og_url":"https:\/\/www.chrisearley.com\/es\/sobre-nosotros\/","og_site_name":"Earley Law Group Injury Lawyers","article_publisher":"https:\/\/www.facebook.com\/Law-Offices-of-Christopher-Earley-104980886333\/","article_modified_time":"2026-01-07T21:19:34+00:00","twitter_card":"summary_large_image","twitter_site":"@chrisearleylaw","twitter_misc":{"Est. reading time":"3 minutes"},"schema":{"@context":"https:\/\/schema.org","@graph":[{"@type":"WebPage","@id":"https:\/\/www.chrisearley.com\/es\/sobre-nosotros\/","url":"https:\/\/www.chrisearley.com\/es\/sobre-nosotros\/","name":"Sobre Nosotros | Boston Abogado de Compensaci\u00f3n al Trabajador","isPartOf":{"@id":"https:\/\/www.chrisearley.com\/es\/#website"},"primaryImageOfPage":{"@id":"https:\/\/www.chrisearley.com\/es\/sobre-nosotros\/#primaryimage"},"image":{"@id":"https:\/\/www.chrisearley.com\/es\/sobre-nosotros\/#primaryimage"},"thumbnailUrl":"https:\/\/www.chrisearley.com\/wp-content\/uploads\/2024\/05\/about-us-icon-1.png","datePublished":"2024-06-06T01:09:27+00:00","dateModified":"2026-01-07T21:19:34+00:00","description":"Consulta Gratis - Ll\u00e1menos al 617-444-7777 - Earley Law Group Injury Lawyers ayuda a las v\u00edctimas y sus familias a recibir una compensaci\u00f3n por sus lesiones. Sobre Nosotros - Boston Abogado de Compensaci\u00f3n al Trabajador","breadcrumb":{"@id":"https:\/\/www.chrisearley.com\/es\/sobre-nosotros\/#breadcrumb"},"inLanguage":"es-US","potentialAction":[{"@type":"ReadAction","target":["https:\/\/www.chrisearley.com\/es\/sobre-nosotros\/"]}]},{"@type":"ImageObject","inLanguage":"es-US","@id":"https:\/\/www.chrisearley.com\/es\/sobre-nosotros\/#primaryimage","url":"https:\/\/www.chrisearley.com\/wp-content\/uploads\/2024\/05\/about-us-icon-1.png","contentUrl":"https:\/\/www.chrisearley.com\/wp-content\/uploads\/2024\/05\/about-us-icon-1.png"},{"@type":"BreadcrumbList","@id":"https:\/\/www.chrisearley.com\/es\/sobre-nosotros\/#breadcrumb","itemListElement":[{"@type":"ListItem","position":1,"name":"Home","item":"https:\/\/www.chrisearley.com\/es\/"},{"@type":"ListItem","position":2,"name":"Sobre Nosotros"}]},{"@type":"WebSite","@id":"https:\/\/www.chrisearley.com\/es\/#website","url":"https:\/\/www.chrisearley.com\/es\/","name":"Earley Law Group Injury Lawyers","description":"","publisher":{"@id":"https:\/\/www.chrisearley.com\/es\/#organization"},"potentialAction":[{"@type":"SearchAction","target":{"@type":"EntryPoint","urlTemplate":"https:\/\/www.chrisearley.com\/es\/?s={search_term_string}"},"query-input":{"@type":"PropertyValueSpecification","valueRequired":true,"valueName":"search_term_string"}}],"inLanguage":"es-US"},{"@type":"Organization","@id":"https:\/\/www.chrisearley.com\/es\/#organization","name":"Earley Law Group Injury Lawyers","url":"https:\/\/www.chrisearley.com\/es\/","logo":{"@type":"ImageObject","inLanguage":"es-US","@id":"https:\/\/www.chrisearley.com\/es\/#\/schema\/logo\/image\/","url":"https:\/\/www.chrisearley.com\/wp-content\/uploads\/2024\/05\/logo.png","contentUrl":"https:\/\/www.chrisearley.com\/wp-content\/uploads\/2024\/05\/logo.png","width":420,"height":79,"caption":"Earley Law Group Injury Lawyers"},"image":{"@id":"https:\/\/www.chrisearley.com\/es\/#\/schema\/logo\/image\/"},"sameAs":["https:\/\/www.facebook.com\/Law-Offices-of-Christopher-Earley-104980886333\/","https:\/\/x.com\/chrisearleylaw","https:\/\/www.youtube.com\/user\/ChrisEarleyLaw","https:\/\/www.linkedin.com\/company\/earley-law-group-injury-lawyers","https:\/\/www.instagram.com\/earleylawgroupinjurylawyers\/"]}]}},"_links":{"self":[{"href":"https:\/\/www.chrisearley.com\/es\/wp-json\/wp\/v2\/pages\/9099","targetHints":{"allow":["GET"]}}],"collection":[{"href":"https:\/\/www.chrisearley.com\/es\/wp-json\/wp\/v2\/pages"}],"about":[{"href":"https:\/\/www.chrisearley.com\/es\/wp-json\/wp\/v2\/types\/page"}],"author":[{"embeddable":true,"href":"https:\/\/www.chrisearley.com\/es\/wp-json\/wp\/v2\/users\/35"}],"replies":[{"embeddable":true,"href":"https:\/\/www.chrisearley.com\/es\/wp-json\/wp\/v2\/comments?post=9099"}],"version-history":[{"count":0,"href":"https:\/\/www.chrisearley.com\/es\/wp-json\/wp\/v2\/pages\/9099\/revisions"}],"wp:attachment":[{"href":"https:\/\/www.chrisearley.com\/es\/wp-json\/wp\/v2\/media?parent=9099"}],"curies":[{"name":"wp","href":"https:\/\/api.w.org\/{rel}","templated":true}]}}