{"id":8993,"date":"2024-05-21T22:21:29","date_gmt":"2024-05-21T22:21:29","guid":{"rendered":"https:\/\/www.chrisearley.com\/?page_id=8993"},"modified":"2026-01-07T21:18:28","modified_gmt":"2026-01-07T21:18:28","slug":"espanol","status":"publish","type":"page","link":"https:\/\/www.chrisearley.com\/es\/","title":{"rendered":"Espa\u00f1ol"},"content":{"rendered":"<p>Cuando se piensa en contratar a alguien para que le preste un servicio, se necesita y se quiere saber que se puede confiar en \u00e9l. La confianza es la base de todas las relaciones. Sabemos muy bien que los abogados, y especialmente los abogados de lesiones personales, no siempre tienen la mejor reputaci\u00f3n en nuestra sociedad, y a menudo se considera que no son dignos de confianza. Durante casi 20 a\u00f1os hemos trabajado duro para ganar la confianza de nuestros clientes. La confianza que hemos ganado es la raz\u00f3n por la que recibimos tantas referencias de nuestros clientes anteriores.<\/p>\n<p>Despu\u00e9s de un accidente, sabemos que desea un bufete de abogados que le <strong><u>facilite el proceso<\/u><\/strong>. Tambi\u00e9n desea un bufete de abogados que le brinde un servicio al cliente de 5 estrellas. Esto es algo que podemos ofrecer a nuestros clientes y se llama la &#8220;Experiencia Earley&#8221;. Esta es una garant\u00eda de que trabajaremos incansablemente para brindarle la mejor experiencia posible al cliente. De hecho, si no est\u00e1 completamente satisfecho con la \u201cExperiencia Earley\u201d, haremos todo lo que est\u00e9 a nuestro alcance para adaptarla a sus necesidades. Por encima de todo, estamos verdaderamente dedicados a su \u00e9xito.<\/p>\n<p>Adem\u00e1s, asumimos todos los riesgos. Esto se debe a que si no resolvemos su caso, no nos deben nada y no <em>cobraremos ning\u00fan cargo<\/em>. Esa es la forma en que funciona en nuestra oficina con todos y cada uno de los clientes que atendemos. Tenga en cuenta que estos casos tienen\u00a0<strong>l\u00edmites de tiempo estrictos<\/strong>, por lo que esperar para tomar medidas solo puede terminar perjudicando gravemente o incluso destruyendo su reclamo total y completamente.<\/p>\n<p>Si alguien lo ha lastimado por descuido, entonces est\u00e1 en el lugar correcto para obtener ayuda legal. Un accidente puede cambiar r\u00e1pidamente la vida de alguien. De repente, es posible que las compa\u00f1\u00edas de seguros lo llamen y no est\u00e9 seguro de qu\u00e9 hacer. Es posible que est\u00e9 estresado por lo que debe hacer y lo que no debe hacer. Se produce una gran confusi\u00f3n. Es posible que est\u00e9 lidiando con dolor despu\u00e9s del accidente y est\u00e9 recibiendo tratamiento m\u00e9dico. Quiz\u00e1s incluso falte al trabajo. En esta situaci\u00f3n, es crucial no empeorar una\u00a0<em>situaci\u00f3n que ya es mala<\/em>.<\/p>\n<p>Tomar buenas decisiones ahora es <strong><u>fundamental<\/u><\/strong> para que sus derechos a una compensaci\u00f3n completa y justa esten 100% protegidos. Para ayudarlo a tomar buenas decisiones para su caso, hemos publicado una serie de gu\u00edas para el consumidor llamadas The Truth Series. Aseg\u00farese de solicitar su copia gratuita de una o todas nuestras gu\u00edas hoy. <strong>Como abogados de lesiones personales que prestan servicios en Boston, nuestra misi\u00f3n es brindarle una tasa de justicia completa por sus lesiones, simple y llanamente<\/strong>.<\/p>\n<p><a class=\"btn btn-red\" href=\"https:\/\/www.chrisearley.com\/es\/contactenos\/\" aria-label=\"Obtenga una Consulta Gratis Hoy\">Obtenga una Consulta Gratis Hoy<\/a><\/p>\n","protected":false},"excerpt":{"rendered":"<p>Cuando se piensa en contratar a alguien para que le preste un servicio, se necesita y se quiere saber que se puede confiar en \u00e9l. La confianza es la base de todas las relaciones. Sabemos muy bien que los abogados, y especialmente los abogados de lesiones personales, no siempre tienen la mejor reputaci\u00f3n en nuestra [&hellip;]<\/p>\n","protected":false},"author":7,"featured_media":58793,"parent":0,"menu_order":596,"comment_status":"closed","ping_status":"closed","template":"","meta":{"_acf_changed":false,"footnotes":""},"class_list":["post-8993","page","type-page","status-publish","has-post-thumbnail","hentry"],"acf":[],"yoast_head":"<!-- This site is optimized with the Yoast SEO plugin v27.5 - https:\/\/yoast.com\/product\/yoast-seo-wordpress\/ -->\n<title>Abogado de lesiones personales en Boston | Earley Law Group Injury Lawyers<\/title>\n<meta name=\"description\" content=\"Earley Law Group Injury Lawyers ayuda a las v\u00edctimas y sus familias a recibir una compensaci\u00f3n por sus lesiones. \u00a1Consulta gratis!\" \/>\n<meta name=\"robots\" content=\"index, follow, max-snippet:-1, max-image-preview:large, max-video-preview:-1\" \/>\n<link rel=\"canonical\" href=\"https:\/\/www.chrisearley.com\/es\/\" \/>\n<meta property=\"og:locale\" content=\"es_ES\" \/>\n<meta property=\"og:type\" content=\"article\" \/>\n<meta property=\"og:title\" content=\"Abogado de lesiones personales en Boston | Earley Law Group Injury Lawyers\" \/>\n<meta property=\"og:description\" content=\"Earley Law Group Injury Lawyers ayuda a las v\u00edctimas y sus familias a recibir una compensaci\u00f3n por sus lesiones. \u00a1Consulta gratis!\" \/>\n<meta property=\"og:url\" content=\"https:\/\/www.chrisearley.com\/es\/\" \/>\n<meta property=\"og:site_name\" content=\"Earley Law Group Injury Lawyers\" \/>\n<meta property=\"article:publisher\" content=\"https:\/\/www.facebook.com\/Law-Offices-of-Christopher-Earley-104980886333\/\" \/>\n<meta property=\"article:modified_time\" content=\"2026-01-07T21:18:28+00:00\" \/>\n<meta property=\"og:image\" content=\"https:\/\/www.chrisearley.com\/wp-content\/uploads\/2024\/07\/home-intro_image-1.jpg\" \/>\n\t<meta property=\"og:image:width\" content=\"569\" \/>\n\t<meta property=\"og:image:height\" content=\"650\" \/>\n\t<meta property=\"og:image:type\" content=\"image\/jpeg\" \/>\n<meta name=\"twitter:card\" content=\"summary_large_image\" \/>\n<meta name=\"twitter:site\" content=\"@chrisearleylaw\" \/>\n<meta name=\"twitter:label1\" content=\"Est. reading time\" \/>\n\t<meta name=\"twitter:data1\" content=\"3 minutes\" \/>\n<script type=\"application\/ld+json\" class=\"yoast-schema-graph\">{\"@context\":\"https:\\\/\\\/schema.org\",\"@graph\":[{\"@type\":\"WebPage\",\"@id\":\"https:\\\/\\\/www.chrisearley.com\\\/es\\\/\",\"url\":\"https:\\\/\\\/www.chrisearley.com\\\/es\\\/\",\"name\":\"Abogado de lesiones personales en Boston | Earley Law Group Injury Lawyers\",\"isPartOf\":{\"@id\":\"https:\\\/\\\/www.chrisearley.com\\\/es\\\/#website\"},\"primaryImageOfPage\":{\"@id\":\"https:\\\/\\\/www.chrisearley.com\\\/es\\\/#primaryimage\"},\"image\":{\"@id\":\"https:\\\/\\\/www.chrisearley.com\\\/es\\\/#primaryimage\"},\"thumbnailUrl\":\"https:\\\/\\\/www.chrisearley.com\\\/wp-content\\\/uploads\\\/2024\\\/07\\\/home-intro_image-1.jpg\",\"datePublished\":\"2024-05-21T22:21:29+00:00\",\"dateModified\":\"2026-01-07T21:18:28+00:00\",\"description\":\"Earley Law Group Injury Lawyers ayuda a las v\u00edctimas y sus familias a recibir una compensaci\u00f3n por sus lesiones. \u00a1Consulta gratis!\",\"breadcrumb\":{\"@id\":\"https:\\\/\\\/www.chrisearley.com\\\/es\\\/#breadcrumb\"},\"inLanguage\":\"es-US\",\"potentialAction\":[{\"@type\":\"ReadAction\",\"target\":[\"https:\\\/\\\/www.chrisearley.com\\\/es\\\/\"]}]},{\"@type\":\"ImageObject\",\"inLanguage\":\"es-US\",\"@id\":\"https:\\\/\\\/www.chrisearley.com\\\/es\\\/#primaryimage\",\"url\":\"https:\\\/\\\/www.chrisearley.com\\\/wp-content\\\/uploads\\\/2024\\\/07\\\/home-intro_image-1.jpg\",\"contentUrl\":\"https:\\\/\\\/www.chrisearley.com\\\/wp-content\\\/uploads\\\/2024\\\/07\\\/home-intro_image-1.jpg\",\"width\":569,\"height\":650},{\"@type\":\"BreadcrumbList\",\"@id\":\"https:\\\/\\\/www.chrisearley.com\\\/es\\\/#breadcrumb\",\"itemListElement\":[{\"@type\":\"ListItem\",\"position\":1,\"name\":\"Home\",\"item\":\"https:\\\/\\\/www.chrisearley.com\\\/es\\\/\"},{\"@type\":\"ListItem\",\"position\":2,\"name\":\"Espa\u00f1ol\"}]},{\"@type\":\"WebSite\",\"@id\":\"https:\\\/\\\/www.chrisearley.com\\\/es\\\/#website\",\"url\":\"https:\\\/\\\/www.chrisearley.com\\\/es\\\/\",\"name\":\"Earley Law Group Injury Lawyers\",\"description\":\"\",\"publisher\":{\"@id\":\"https:\\\/\\\/www.chrisearley.com\\\/es\\\/#organization\"},\"potentialAction\":[{\"@type\":\"SearchAction\",\"target\":{\"@type\":\"EntryPoint\",\"urlTemplate\":\"https:\\\/\\\/www.chrisearley.com\\\/es\\\/?s={search_term_string}\"},\"query-input\":{\"@type\":\"PropertyValueSpecification\",\"valueRequired\":true,\"valueName\":\"search_term_string\"}}],\"inLanguage\":\"es-US\"},{\"@type\":\"Organization\",\"@id\":\"https:\\\/\\\/www.chrisearley.com\\\/es\\\/#organization\",\"name\":\"Earley Law Group Injury Lawyers\",\"url\":\"https:\\\/\\\/www.chrisearley.com\\\/es\\\/\",\"logo\":{\"@type\":\"ImageObject\",\"inLanguage\":\"es-US\",\"@id\":\"https:\\\/\\\/www.chrisearley.com\\\/es\\\/#\\\/schema\\\/logo\\\/image\\\/\",\"url\":\"https:\\\/\\\/www.chrisearley.com\\\/wp-content\\\/uploads\\\/2024\\\/05\\\/logo.png\",\"contentUrl\":\"https:\\\/\\\/www.chrisearley.com\\\/wp-content\\\/uploads\\\/2024\\\/05\\\/logo.png\",\"width\":420,\"height\":79,\"caption\":\"Earley Law Group Injury Lawyers\"},\"image\":{\"@id\":\"https:\\\/\\\/www.chrisearley.com\\\/es\\\/#\\\/schema\\\/logo\\\/image\\\/\"},\"sameAs\":[\"https:\\\/\\\/www.facebook.com\\\/Law-Offices-of-Christopher-Earley-104980886333\\\/\",\"https:\\\/\\\/x.com\\\/chrisearleylaw\",\"https:\\\/\\\/www.youtube.com\\\/user\\\/ChrisEarleyLaw\",\"https:\\\/\\\/www.linkedin.com\\\/company\\\/earley-law-group-injury-lawyers\",\"https:\\\/\\\/www.instagram.com\\\/earleylawgroupinjurylawyers\\\/\"]}]}<\/script>\n<!-- \/ Yoast SEO plugin. -->","yoast_head_json":{"title":"Abogado de lesiones personales en Boston | Earley Law Group Injury Lawyers","description":"Earley Law Group Injury Lawyers ayuda a las v\u00edctimas y sus familias a recibir una compensaci\u00f3n por sus lesiones. \u00a1Consulta gratis!","robots":{"index":"index","follow":"follow","max-snippet":"max-snippet:-1","max-image-preview":"max-image-preview:large","max-video-preview":"max-video-preview:-1"},"canonical":"https:\/\/www.chrisearley.com\/es\/","og_locale":"es_ES","og_type":"article","og_title":"Abogado de lesiones personales en Boston | Earley Law Group Injury Lawyers","og_description":"Earley Law Group Injury Lawyers ayuda a las v\u00edctimas y sus familias a recibir una compensaci\u00f3n por sus lesiones. \u00a1Consulta gratis!","og_url":"https:\/\/www.chrisearley.com\/es\/","og_site_name":"Earley Law Group Injury Lawyers","article_publisher":"https:\/\/www.facebook.com\/Law-Offices-of-Christopher-Earley-104980886333\/","article_modified_time":"2026-01-07T21:18:28+00:00","og_image":[{"width":569,"height":650,"url":"https:\/\/www.chrisearley.com\/wp-content\/uploads\/2024\/07\/home-intro_image-1.jpg","type":"image\/jpeg"}],"twitter_card":"summary_large_image","twitter_site":"@chrisearleylaw","twitter_misc":{"Est. reading time":"3 minutes"},"schema":{"@context":"https:\/\/schema.org","@graph":[{"@type":"WebPage","@id":"https:\/\/www.chrisearley.com\/es\/","url":"https:\/\/www.chrisearley.com\/es\/","name":"Abogado de lesiones personales en Boston | Earley Law Group Injury Lawyers","isPartOf":{"@id":"https:\/\/www.chrisearley.com\/es\/#website"},"primaryImageOfPage":{"@id":"https:\/\/www.chrisearley.com\/es\/#primaryimage"},"image":{"@id":"https:\/\/www.chrisearley.com\/es\/#primaryimage"},"thumbnailUrl":"https:\/\/www.chrisearley.com\/wp-content\/uploads\/2024\/07\/home-intro_image-1.jpg","datePublished":"2024-05-21T22:21:29+00:00","dateModified":"2026-01-07T21:18:28+00:00","description":"Earley Law Group Injury Lawyers ayuda a las v\u00edctimas y sus familias a recibir una compensaci\u00f3n por sus lesiones. \u00a1Consulta gratis!","breadcrumb":{"@id":"https:\/\/www.chrisearley.com\/es\/#breadcrumb"},"inLanguage":"es-US","potentialAction":[{"@type":"ReadAction","target":["https:\/\/www.chrisearley.com\/es\/"]}]},{"@type":"ImageObject","inLanguage":"es-US","@id":"https:\/\/www.chrisearley.com\/es\/#primaryimage","url":"https:\/\/www.chrisearley.com\/wp-content\/uploads\/2024\/07\/home-intro_image-1.jpg","contentUrl":"https:\/\/www.chrisearley.com\/wp-content\/uploads\/2024\/07\/home-intro_image-1.jpg","width":569,"height":650},{"@type":"BreadcrumbList","@id":"https:\/\/www.chrisearley.com\/es\/#breadcrumb","itemListElement":[{"@type":"ListItem","position":1,"name":"Home","item":"https:\/\/www.chrisearley.com\/es\/"},{"@type":"ListItem","position":2,"name":"Espa\u00f1ol"}]},{"@type":"WebSite","@id":"https:\/\/www.chrisearley.com\/es\/#website","url":"https:\/\/www.chrisearley.com\/es\/","name":"Earley Law Group Injury Lawyers","description":"","publisher":{"@id":"https:\/\/www.chrisearley.com\/es\/#organization"},"potentialAction":[{"@type":"SearchAction","target":{"@type":"EntryPoint","urlTemplate":"https:\/\/www.chrisearley.com\/es\/?s={search_term_string}"},"query-input":{"@type":"PropertyValueSpecification","valueRequired":true,"valueName":"search_term_string"}}],"inLanguage":"es-US"},{"@type":"Organization","@id":"https:\/\/www.chrisearley.com\/es\/#organization","name":"Earley Law Group Injury Lawyers","url":"https:\/\/www.chrisearley.com\/es\/","logo":{"@type":"ImageObject","inLanguage":"es-US","@id":"https:\/\/www.chrisearley.com\/es\/#\/schema\/logo\/image\/","url":"https:\/\/www.chrisearley.com\/wp-content\/uploads\/2024\/05\/logo.png","contentUrl":"https:\/\/www.chrisearley.com\/wp-content\/uploads\/2024\/05\/logo.png","width":420,"height":79,"caption":"Earley Law Group Injury Lawyers"},"image":{"@id":"https:\/\/www.chrisearley.com\/es\/#\/schema\/logo\/image\/"},"sameAs":["https:\/\/www.facebook.com\/Law-Offices-of-Christopher-Earley-104980886333\/","https:\/\/x.com\/chrisearleylaw","https:\/\/www.youtube.com\/user\/ChrisEarleyLaw","https:\/\/www.linkedin.com\/company\/earley-law-group-injury-lawyers","https:\/\/www.instagram.com\/earleylawgroupinjurylawyers\/"]}]}},"_links":{"self":[{"href":"https:\/\/www.chrisearley.com\/es\/wp-json\/wp\/v2\/pages\/8993","targetHints":{"allow":["GET"]}}],"collection":[{"href":"https:\/\/www.chrisearley.com\/es\/wp-json\/wp\/v2\/pages"}],"about":[{"href":"https:\/\/www.chrisearley.com\/es\/wp-json\/wp\/v2\/types\/page"}],"author":[{"embeddable":true,"href":"https:\/\/www.chrisearley.com\/es\/wp-json\/wp\/v2\/users\/7"}],"replies":[{"embeddable":true,"href":"https:\/\/www.chrisearley.com\/es\/wp-json\/wp\/v2\/comments?post=8993"}],"version-history":[{"count":0,"href":"https:\/\/www.chrisearley.com\/es\/wp-json\/wp\/v2\/pages\/8993\/revisions"}],"wp:featuredmedia":[{"embeddable":true,"href":"https:\/\/www.chrisearley.com\/es\/wp-json\/wp\/v2\/media\/58793"}],"wp:attachment":[{"href":"https:\/\/www.chrisearley.com\/es\/wp-json\/wp\/v2\/media?parent=8993"}],"curies":[{"name":"wp","href":"https:\/\/api.w.org\/{rel}","templated":true}]}}