{"id":20468,"date":"2024-06-16T13:04:53","date_gmt":"2024-06-16T13:04:53","guid":{"rendered":"https:\/\/www.chrisearley.com\/?page_id=20468"},"modified":"2024-07-04T06:59:56","modified_gmt":"2024-07-04T06:59:56","slug":"abogado-accidentes-peatones-massachusetts-preguntas-frecuentes","status":"publish","type":"page","link":"https:\/\/www.chrisearley.com\/es\/preguntas-frecuentes\/abogado-accidentes-peatones-massachusetts-preguntas-frecuentes\/","title":{"rendered":"Abogado de Accidentes de Peatones de Massachusetts Preguntas Frecuentes"},"content":{"rendered":"\n                <div class=\"cw-accordion  cw-accordion--disabled\" data-all-open=\"false\" data-accordion-enabled=\"false\">\n                    <div class=\"cw-accordion__wrapper\">\n                <details name=\"css-accordion-item\" class=\"cw-accordion__item cw-accordion__item--disabled\" open><summary class=\"cw-accordion__item-title cw-accordion__item-title--disabled\">\u00bfC\u00f3mo se le paga?<\/summary><div class=\"cw-accordion__item-content\"><p>Ofrecemos consultas completamente GRATIS. Solo nos pagan si ganamos su caso. Eso se llama tarifa de contingencia. Si no ganamos, no nos tendr\u00e1 que pagar.<\/p>\n<\/div><\/details><details name=\"css-accordion-item\" class=\"cw-accordion__item cw-accordion__item--disabled\"><summary class=\"cw-accordion__item-title cw-accordion__item-title--disabled\">\u00bfQu\u00e9 hace un abogado de accidentes de peatones en Boston?<\/summary><div class=\"cw-accordion__item-content\"><p>Comenzamos a trabajar en su caso de inmediato. Nos ocupamos de todo para que todo lo que tengas que hacer, sea simplemente mejorar. Manejamos todas las comunicaciones con la compa\u00f1\u00eda de seguros y recopilamos todos los documentos y registros m\u00e9dicos relacionados con su caso. Luego comenzamos a negociar con la compa\u00f1\u00eda de seguros para obtener la m\u00e1xima compensaci\u00f3n por sus lesiones.<\/p>\n<\/div><\/details><details name=\"css-accordion-item\" class=\"cw-accordion__item cw-accordion__item--disabled\"><summary class=\"cw-accordion__item-title cw-accordion__item-title--disabled\">\u00bfTengo un caso si me atropell\u00f3 un autom\u00f3vil?<\/summary><div class=\"cw-accordion__item-content\"><p>Depende de diferentes factores. En general, si el operador del autom\u00f3vil le golpea, y hab\u00eda forma de evitar golpearlo, entonces tiene un caso que perseguir. Es necesario demostrar negligencia antes de que el operador del veh\u00edculo motorizado sea responsable de sus lesiones<\/p>\n<\/div><\/details><details name=\"css-accordion-item\" class=\"cw-accordion__item cw-accordion__item--disabled\"><summary class=\"cw-accordion__item-title cw-accordion__item-title--disabled\">\u00bfCu\u00e1nta compensaci\u00f3n recibir\u00e9?<\/summary><div class=\"cw-accordion__item-content\"><p>Eso depende de factores tales como: si usted fue responsable del atropello del autom\u00f3vil; las lesiones que sufri\u00f3; el monto de sus facturas m\u00e9dicas; la cantidad de tiempo perdido en el trabajo; si tiene alguna lesi\u00f3n permanente a causa del accidente peatonal.<\/p>\n<\/div><\/details><details name=\"css-accordion-item\" class=\"cw-accordion__item cw-accordion__item--disabled\"><summary class=\"cw-accordion__item-title cw-accordion__item-title--disabled\">\u00bfTengo que ir a la corte?<\/summary><div class=\"cw-accordion__item-content\"><p>Probablemente no. La gran mayor\u00eda de los casos de accidentes de peatones en Massachusetts se resuelven sin necesidad de ir a juicio.<\/p>\n<\/div><\/details><details name=\"css-accordion-item\" class=\"cw-accordion__item cw-accordion__item--disabled\"><summary class=\"cw-accordion__item-title cw-accordion__item-title--disabled\">\u00bfEs imponible un acuerdo por accidente de peatones?<\/summary><div class=\"cw-accordion__item-content\"><p>No debe ning\u00fan impuesto estatal o federal si su caso se resuelve.<\/p>\n<\/div><\/details><\/div><\/div>\n","protected":false},"excerpt":{"rendered":"","protected":false},"author":35,"featured_media":0,"parent":12989,"menu_order":67,"comment_status":"closed","ping_status":"closed","template":"","meta":{"_acf_changed":false,"footnotes":""},"class_list":["post-20468","page","type-page","status-publish","hentry"],"acf":[],"yoast_head":"<!-- This site is optimized with the Yoast SEO plugin v27.2 - https:\/\/yoast.com\/product\/yoast-seo-wordpress\/ -->\n<title>Abogado de Accidentes de Peatones de Massachusetts Preguntas Frecuentes<\/title>\n<meta name=\"description\" content=\"Consulta Gratis - Ll\u00e1menos al 617-444-7777 - Earley Law Group Injury Lawyers ayuda a las v\u00edctimas y sus familias a recibir una compensaci\u00f3n por sus lesiones. Abogado de Accidentes de Peatones de Massachusetts Preguntas Frecuentes - Boston Abogado de Lesi\u00f3n Personal\" \/>\n<meta name=\"robots\" content=\"index, follow, max-snippet:-1, max-image-preview:large, max-video-preview:-1\" \/>\n<link rel=\"canonical\" href=\"https:\/\/www.chrisearley.com\/es\/preguntas-frecuentes\/abogado-accidentes-peatones-massachusetts-preguntas-frecuentes\/\" \/>\n<meta property=\"og:locale\" content=\"es_ES\" \/>\n<meta property=\"og:type\" content=\"article\" \/>\n<meta property=\"og:title\" content=\"Abogado de Accidentes de Peatones de Massachusetts Preguntas Frecuentes\" \/>\n<meta property=\"og:description\" content=\"Consulta Gratis - Ll\u00e1menos al 617-444-7777 - Earley Law Group Injury Lawyers ayuda a las v\u00edctimas y sus familias a recibir una compensaci\u00f3n por sus lesiones. Abogado de Accidentes de Peatones de Massachusetts Preguntas Frecuentes - Boston Abogado de Lesi\u00f3n Personal\" \/>\n<meta property=\"og:url\" content=\"https:\/\/www.chrisearley.com\/es\/preguntas-frecuentes\/abogado-accidentes-peatones-massachusetts-preguntas-frecuentes\/\" \/>\n<meta property=\"og:site_name\" content=\"Earley Law Group Injury Lawyers\" \/>\n<meta property=\"article:publisher\" content=\"https:\/\/www.facebook.com\/Law-Offices-of-Christopher-Earley-104980886333\/\" \/>\n<meta property=\"article:modified_time\" content=\"2024-07-04T06:59:56+00:00\" \/>\n<meta name=\"twitter:card\" content=\"summary_large_image\" \/>\n<meta name=\"twitter:site\" content=\"@chrisearleylaw\" \/>\n<meta name=\"twitter:label1\" content=\"Est. reading time\" \/>\n\t<meta name=\"twitter:data1\" content=\"1 minute\" \/>\n<script type=\"application\/ld+json\" class=\"yoast-schema-graph\">{\"@context\":\"https:\/\/schema.org\",\"@graph\":[{\"@type\":\"WebPage\",\"@id\":\"https:\/\/www.chrisearley.com\/es\/preguntas-frecuentes\/abogado-accidentes-peatones-massachusetts-preguntas-frecuentes\/\",\"url\":\"https:\/\/www.chrisearley.com\/es\/preguntas-frecuentes\/abogado-accidentes-peatones-massachusetts-preguntas-frecuentes\/\",\"name\":\"Abogado de Accidentes de Peatones de Massachusetts Preguntas Frecuentes\",\"isPartOf\":{\"@id\":\"https:\/\/www.chrisearley.com\/es\/#website\"},\"datePublished\":\"2024-06-16T13:04:53+00:00\",\"dateModified\":\"2024-07-04T06:59:56+00:00\",\"description\":\"Consulta Gratis - Ll\u00e1menos al 617-444-7777 - Earley Law Group Injury Lawyers ayuda a las v\u00edctimas y sus familias a recibir una compensaci\u00f3n por sus lesiones. Abogado de Accidentes de Peatones de Massachusetts Preguntas Frecuentes - Boston Abogado de Lesi\u00f3n Personal\",\"breadcrumb\":{\"@id\":\"https:\/\/www.chrisearley.com\/es\/preguntas-frecuentes\/abogado-accidentes-peatones-massachusetts-preguntas-frecuentes\/#breadcrumb\"},\"inLanguage\":\"es-US\",\"potentialAction\":[{\"@type\":\"ReadAction\",\"target\":[\"https:\/\/www.chrisearley.com\/es\/preguntas-frecuentes\/abogado-accidentes-peatones-massachusetts-preguntas-frecuentes\/\"]}]},{\"@type\":\"BreadcrumbList\",\"@id\":\"https:\/\/www.chrisearley.com\/es\/preguntas-frecuentes\/abogado-accidentes-peatones-massachusetts-preguntas-frecuentes\/#breadcrumb\",\"itemListElement\":[{\"@type\":\"ListItem\",\"position\":1,\"name\":\"Home\",\"item\":\"https:\/\/www.chrisearley.com\/es\/\"},{\"@type\":\"ListItem\",\"position\":2,\"name\":\"Preguntas Frecuentes\",\"item\":\"https:\/\/www.chrisearley.com\/es\/preguntas-frecuentes\/\"},{\"@type\":\"ListItem\",\"position\":3,\"name\":\"Abogado de Accidentes de Peatones de Massachusetts Preguntas Frecuentes\"}]},{\"@type\":\"WebSite\",\"@id\":\"https:\/\/www.chrisearley.com\/es\/#website\",\"url\":\"https:\/\/www.chrisearley.com\/es\/\",\"name\":\"Earley Law Group Injury Lawyers\",\"description\":\"\",\"publisher\":{\"@id\":\"https:\/\/www.chrisearley.com\/es\/#organization\"},\"potentialAction\":[{\"@type\":\"SearchAction\",\"target\":{\"@type\":\"EntryPoint\",\"urlTemplate\":\"https:\/\/www.chrisearley.com\/es\/?s={search_term_string}\"},\"query-input\":{\"@type\":\"PropertyValueSpecification\",\"valueRequired\":true,\"valueName\":\"search_term_string\"}}],\"inLanguage\":\"es-US\"},{\"@type\":\"Organization\",\"@id\":\"https:\/\/www.chrisearley.com\/es\/#organization\",\"name\":\"Earley Law Group Injury Lawyers\",\"url\":\"https:\/\/www.chrisearley.com\/es\/\",\"logo\":{\"@type\":\"ImageObject\",\"inLanguage\":\"es-US\",\"@id\":\"https:\/\/www.chrisearley.com\/es\/#\/schema\/logo\/image\/\",\"url\":\"https:\/\/www.chrisearley.com\/wp-content\/uploads\/2024\/05\/logo.png\",\"contentUrl\":\"https:\/\/www.chrisearley.com\/wp-content\/uploads\/2024\/05\/logo.png\",\"width\":420,\"height\":79,\"caption\":\"Earley Law Group Injury Lawyers\"},\"image\":{\"@id\":\"https:\/\/www.chrisearley.com\/es\/#\/schema\/logo\/image\/\"},\"sameAs\":[\"https:\/\/www.facebook.com\/Law-Offices-of-Christopher-Earley-104980886333\/\",\"https:\/\/x.com\/chrisearleylaw\",\"https:\/\/www.youtube.com\/user\/ChrisEarleyLaw\",\"https:\/\/www.linkedin.com\/company\/earley-law-group-injury-lawyers\",\"https:\/\/www.instagram.com\/earleylawgroupinjurylawyers\/\"]}]}<\/script>\n<!-- \/ Yoast SEO plugin. -->","yoast_head_json":{"title":"Abogado de Accidentes de Peatones de Massachusetts Preguntas Frecuentes","description":"Consulta Gratis - Ll\u00e1menos al 617-444-7777 - Earley Law Group Injury Lawyers ayuda a las v\u00edctimas y sus familias a recibir una compensaci\u00f3n por sus lesiones. Abogado de Accidentes de Peatones de Massachusetts Preguntas Frecuentes - Boston Abogado de Lesi\u00f3n Personal","robots":{"index":"index","follow":"follow","max-snippet":"max-snippet:-1","max-image-preview":"max-image-preview:large","max-video-preview":"max-video-preview:-1"},"canonical":"https:\/\/www.chrisearley.com\/es\/preguntas-frecuentes\/abogado-accidentes-peatones-massachusetts-preguntas-frecuentes\/","og_locale":"es_ES","og_type":"article","og_title":"Abogado de Accidentes de Peatones de Massachusetts Preguntas Frecuentes","og_description":"Consulta Gratis - Ll\u00e1menos al 617-444-7777 - Earley Law Group Injury Lawyers ayuda a las v\u00edctimas y sus familias a recibir una compensaci\u00f3n por sus lesiones. Abogado de Accidentes de Peatones de Massachusetts Preguntas Frecuentes - Boston Abogado de Lesi\u00f3n Personal","og_url":"https:\/\/www.chrisearley.com\/es\/preguntas-frecuentes\/abogado-accidentes-peatones-massachusetts-preguntas-frecuentes\/","og_site_name":"Earley Law Group Injury Lawyers","article_publisher":"https:\/\/www.facebook.com\/Law-Offices-of-Christopher-Earley-104980886333\/","article_modified_time":"2024-07-04T06:59:56+00:00","twitter_card":"summary_large_image","twitter_site":"@chrisearleylaw","twitter_misc":{"Est. reading time":"1 minute"},"schema":{"@context":"https:\/\/schema.org","@graph":[{"@type":"WebPage","@id":"https:\/\/www.chrisearley.com\/es\/preguntas-frecuentes\/abogado-accidentes-peatones-massachusetts-preguntas-frecuentes\/","url":"https:\/\/www.chrisearley.com\/es\/preguntas-frecuentes\/abogado-accidentes-peatones-massachusetts-preguntas-frecuentes\/","name":"Abogado de Accidentes de Peatones de Massachusetts Preguntas Frecuentes","isPartOf":{"@id":"https:\/\/www.chrisearley.com\/es\/#website"},"datePublished":"2024-06-16T13:04:53+00:00","dateModified":"2024-07-04T06:59:56+00:00","description":"Consulta Gratis - Ll\u00e1menos al 617-444-7777 - Earley Law Group Injury Lawyers ayuda a las v\u00edctimas y sus familias a recibir una compensaci\u00f3n por sus lesiones. Abogado de Accidentes de Peatones de Massachusetts Preguntas Frecuentes - Boston Abogado de Lesi\u00f3n Personal","breadcrumb":{"@id":"https:\/\/www.chrisearley.com\/es\/preguntas-frecuentes\/abogado-accidentes-peatones-massachusetts-preguntas-frecuentes\/#breadcrumb"},"inLanguage":"es-US","potentialAction":[{"@type":"ReadAction","target":["https:\/\/www.chrisearley.com\/es\/preguntas-frecuentes\/abogado-accidentes-peatones-massachusetts-preguntas-frecuentes\/"]}]},{"@type":"BreadcrumbList","@id":"https:\/\/www.chrisearley.com\/es\/preguntas-frecuentes\/abogado-accidentes-peatones-massachusetts-preguntas-frecuentes\/#breadcrumb","itemListElement":[{"@type":"ListItem","position":1,"name":"Home","item":"https:\/\/www.chrisearley.com\/es\/"},{"@type":"ListItem","position":2,"name":"Preguntas Frecuentes","item":"https:\/\/www.chrisearley.com\/es\/preguntas-frecuentes\/"},{"@type":"ListItem","position":3,"name":"Abogado de Accidentes de Peatones de Massachusetts Preguntas Frecuentes"}]},{"@type":"WebSite","@id":"https:\/\/www.chrisearley.com\/es\/#website","url":"https:\/\/www.chrisearley.com\/es\/","name":"Earley Law Group Injury Lawyers","description":"","publisher":{"@id":"https:\/\/www.chrisearley.com\/es\/#organization"},"potentialAction":[{"@type":"SearchAction","target":{"@type":"EntryPoint","urlTemplate":"https:\/\/www.chrisearley.com\/es\/?s={search_term_string}"},"query-input":{"@type":"PropertyValueSpecification","valueRequired":true,"valueName":"search_term_string"}}],"inLanguage":"es-US"},{"@type":"Organization","@id":"https:\/\/www.chrisearley.com\/es\/#organization","name":"Earley Law Group Injury Lawyers","url":"https:\/\/www.chrisearley.com\/es\/","logo":{"@type":"ImageObject","inLanguage":"es-US","@id":"https:\/\/www.chrisearley.com\/es\/#\/schema\/logo\/image\/","url":"https:\/\/www.chrisearley.com\/wp-content\/uploads\/2024\/05\/logo.png","contentUrl":"https:\/\/www.chrisearley.com\/wp-content\/uploads\/2024\/05\/logo.png","width":420,"height":79,"caption":"Earley Law Group Injury Lawyers"},"image":{"@id":"https:\/\/www.chrisearley.com\/es\/#\/schema\/logo\/image\/"},"sameAs":["https:\/\/www.facebook.com\/Law-Offices-of-Christopher-Earley-104980886333\/","https:\/\/x.com\/chrisearleylaw","https:\/\/www.youtube.com\/user\/ChrisEarleyLaw","https:\/\/www.linkedin.com\/company\/earley-law-group-injury-lawyers","https:\/\/www.instagram.com\/earleylawgroupinjurylawyers\/"]}]}},"_links":{"self":[{"href":"https:\/\/www.chrisearley.com\/es\/wp-json\/wp\/v2\/pages\/20468","targetHints":{"allow":["GET"]}}],"collection":[{"href":"https:\/\/www.chrisearley.com\/es\/wp-json\/wp\/v2\/pages"}],"about":[{"href":"https:\/\/www.chrisearley.com\/es\/wp-json\/wp\/v2\/types\/page"}],"author":[{"embeddable":true,"href":"https:\/\/www.chrisearley.com\/es\/wp-json\/wp\/v2\/users\/35"}],"replies":[{"embeddable":true,"href":"https:\/\/www.chrisearley.com\/es\/wp-json\/wp\/v2\/comments?post=20468"}],"version-history":[{"count":0,"href":"https:\/\/www.chrisearley.com\/es\/wp-json\/wp\/v2\/pages\/20468\/revisions"}],"up":[{"embeddable":true,"href":"https:\/\/www.chrisearley.com\/es\/wp-json\/wp\/v2\/pages\/12989"}],"wp:attachment":[{"href":"https:\/\/www.chrisearley.com\/es\/wp-json\/wp\/v2\/media?parent=20468"}],"curies":[{"name":"wp","href":"https:\/\/api.w.org\/{rel}","templated":true}]}}