{"id":20448,"date":"2024-06-16T13:07:21","date_gmt":"2024-06-16T13:07:21","guid":{"rendered":"https:\/\/www.chrisearley.com\/?page_id=20448"},"modified":"2024-07-04T07:01:02","modified_gmt":"2024-07-04T07:01:02","slug":"preguntas-frecuentes-sobre-abogados-de-accidentes-de-motocicleta","status":"publish","type":"page","link":"https:\/\/www.chrisearley.com\/es\/preguntas-frecuentes\/preguntas-frecuentes-sobre-abogados-de-accidentes-de-motocicleta\/","title":{"rendered":"Preguntas Frecuentes Sobre Abogados de Accidentes de Motocicleta en Massachusetts"},"content":{"rendered":"\n                <div class=\"cw-accordion  cw-accordion--disabled\" data-all-open=\"false\" data-accordion-enabled=\"false\">\n                    <div class=\"cw-accordion__wrapper\">\n                <details name=\"css-accordion-item\" class=\"cw-accordion__item cw-accordion__item--disabled\" open><summary class=\"cw-accordion__item-title cw-accordion__item-title--disabled\">\u00bfQu\u00e9 debo hacer despu\u00e9s de un accidente de motocicleta?<\/summary><div class=\"cw-accordion__item-content\"><ul>\n<li>Contacta a la policia<\/li>\n<li>Toma fotos de los da\u00f1os a todos los veh\u00edculos.<\/li>\n<li>Tome fotos de la escena del accidente.<\/li>\n<li>Obtenga atenci\u00f3n m\u00e9dica inmediata<\/li>\n<li>Nunca firme nada que una compa\u00f1\u00eda de seguros pueda enviarle<\/li>\n<li>Contrate a un abogado con experiencia en accidentes de motocicleta en Massachusetts<\/li>\n<\/ul>\n<\/div><\/details><details name=\"css-accordion-item\" class=\"cw-accordion__item cw-accordion__item--disabled\"><summary class=\"cw-accordion__item-title cw-accordion__item-title--disabled\">\u00bfCu\u00e1nto cobra usted?<\/summary><div class=\"cw-accordion__item-content\"><p>Al igual que otros abogados de accidentes de motocicleta en Boston, recolectamos 1\/3 del total del acuerdo como nuestra tarifa legal. Si el caso no se resuelve, no nos debe nada. Eso se llama tarifa de contingencia. Tambi\u00e9n proporcionamos evaluaciones de casos GRATUITAS y sin compromiso garantizadas.<\/p>\n<\/div><\/details><details name=\"css-accordion-item\" class=\"cw-accordion__item cw-accordion__item--disabled\"><summary class=\"cw-accordion__item-title cw-accordion__item-title--disabled\">\u00bfA qu\u00e9 beneficios tengo derecho?<\/summary><div class=\"cw-accordion__item-content\"><p>Le ayudamos a perseguir todos los da\u00f1os causados \u200b\u200bpor el accidente. Perseguimos por usted el pago de facturas m\u00e9dicas, salarios perdidos, da\u00f1os a su motocicleta, dolor y sufrimiento, as\u00ed como otros da\u00f1os.<\/p>\n<p>Somos abogados de accidentes de motocicleta en Massachusetts que buscamos para usted todas las posibles fuentes de compensaci\u00f3n disponibles para usted.<\/p>\n<\/div><\/details><details name=\"css-accordion-item\" class=\"cw-accordion__item cw-accordion__item--disabled\"><summary class=\"cw-accordion__item-title cw-accordion__item-title--disabled\">\u00bfQu\u00e9 puedo esperar en el proceso de reclamo?<\/summary><div class=\"cw-accordion__item-content\"><p>Nos encargamos de todo, por lo que todo lo que necesita para concentrarse es en recuperarse de sus lesiones.<\/p>\n<p>Trabajamos incansablemente para asegurarnos de que su caso est\u00e9 finalmente posicionado para el mejor acuerdo posible para su caso de accidente de motocicleta.<\/p>\n<\/div><\/details><details name=\"css-accordion-item\" class=\"cw-accordion__item cw-accordion__item--disabled\"><summary class=\"cw-accordion__item-title cw-accordion__item-title--disabled\">\u00bfTengo un caso?<\/summary><div class=\"cw-accordion__item-content\"><p>Si los otros veh\u00edculos involucrados en el accidente fueron negligentes, entonces tiene un caso que perseguir por da\u00f1os monetarios. Solo puede beneficiarse si tiene un abogado de accidentes de motocicleta de Boston de su lado.<\/p>\n<\/div><\/details><details name=\"css-accordion-item\" class=\"cw-accordion__item cw-accordion__item--disabled\"><summary class=\"cw-accordion__item-title cw-accordion__item-title--disabled\">\u00bfTendr\u00e9 que ir a la corte?<\/summary><div class=\"cw-accordion__item-content\"><p>La mayor\u00eda de los casos se resuelven sin necesidad de entablar una demanda. Sin embargo, a veces es necesario entablar demandas. Pero incluso si su caso se presenta ante un tribunal, la mayor\u00eda de los casos se resuelven durante un litigio sin necesidad de un juicio real. Las posibilidades de que su caso llegue a juicio son muy escasas.<\/p>\n<\/div><\/details><details name=\"css-accordion-item\" class=\"cw-accordion__item cw-accordion__item--disabled\"><summary class=\"cw-accordion__item-title cw-accordion__item-title--disabled\">\u00bfSon tributables los acuerdos de accidentes de motocicleta de massachusetts?<\/summary><div class=\"cw-accordion__item-content\"><p>No, ni bajo la ley de Massachusetts ni bajo la ley federal est\u00e1n sujetos a impuestos los acuerdos de accidentes de motocicleta.<\/p>\n<\/div><\/details><details name=\"css-accordion-item\" class=\"cw-accordion__item cw-accordion__item--disabled\"><summary class=\"cw-accordion__item-title cw-accordion__item-title--disabled\">\u00bfCu\u00e1nto se resolver\u00e1 mi caso?<\/summary><div class=\"cw-accordion__item-content\"><p>Esa respuesta depende de muchos factores diferentes. \u00bfFue usted responsable del accidente de motocicleta? \u00bfQu\u00e9 tipo de lesiones sufri\u00f3? \u00bfAlguna de las lesiones es permanente? \u00bfA cu\u00e1nto ascienden sus facturas m\u00e9dicas? \u00bfCantidad de salarios perdidos?<\/p>\n<div>\n<p>Estas son algunas de las preguntas que deben responderse para brindarle una estimaci\u00f3n precisa del acuerdo para su caso de accidente de motocicleta.<\/p>\n<\/div>\n<\/div><\/details><details name=\"css-accordion-item\" class=\"cw-accordion__item cw-accordion__item--disabled\"><summary class=\"cw-accordion__item-title cw-accordion__item-title--disabled\">\u00bfQu\u00e9 es el seguro de accidentes de motocicleta de Massachusetts?<\/summary><div class=\"cw-accordion__item-content\"><p>Dado lo comunes que son estos accidentes y lo vulnerables que son, es importante que los motociclistas tengan suficiente seguro de accidentes de motocicleta. Tener un seguro m\u00e9dico de calidad tambi\u00e9n es fundamental para los motociclistas.<\/p>\n<p>A diferencia de los autom\u00f3viles y bicicletas, la cobertura PIP no est\u00e1 disponible en las p\u00f3lizas de seguro de motocicleta de Massachusetts. Sin embargo, si golpea a un peat\u00f3n con su motocicleta, la cobertura PIP est\u00e1 disponible para esa persona.<\/p>\n<p>Le animo a que compre por todo el seguro de motocicleta que pueda pagar. Como ocurre con la mayor\u00eda de las cosas en la vida, obtienes lo que pagas. Eso es muy obvio una vez que ocurre un accidente y es necesario utilizar el seguro.<\/p>\n<p>Debe adquirir una amplia cobertura de seguro de pagos m\u00e9dicos. Los pagos m\u00e9dicos proporcionar\u00e1n cobertura m\u00e9dica adicional que pagar\u00e1 las facturas m\u00e9dicas razonables y necesarias causadas por el accidente.<\/p>\n<p>Es bastante econ\u00f3mico comprar l\u00edmites altos de pagos m\u00e9dicos, as\u00ed como l\u00edmites altos para conductores con seguro insuficiente.<\/p>\n<p>Tambi\u00e9n puede presentar una reclamaci\u00f3n por dolor y sufrimiento a la compa\u00f1\u00eda de seguros del conductor que caus\u00f3 el accidente. Muchos propietarios de autom\u00f3viles solo tienen p\u00f3lizas de responsabilidad limitada.<\/p>\n<p>El seguro m\u00ednimo de responsabilidad civil por lesiones corporales requerido en Massachusetts es de solo $ 20,000.<\/p>\n<\/div><\/details><details name=\"css-accordion-item\" class=\"cw-accordion__item cw-accordion__item--disabled\"><summary class=\"cw-accordion__item-title cw-accordion__item-title--disabled\">\u00bfC\u00f3mo puede ayudarme un abogado de accidentes de motocicleta en Boston, MA?<\/summary><div class=\"cw-accordion__item-content\"><p>Un abogado de accidentes de motocicleta comienza investigando el accidente. El video y las fotos de la escena del accidente est\u00e1n asegurados. Tambi\u00e9n se obtienen fotos de sus lesiones.<\/p>\n<p>Se contacta a los testigos (suponiendo que haya alguno) y se obtiene el informe policial. Luego, el abogado examina todo el dinero del seguro disponible para compensarlo. Se obtienen comprobantes de salarios perdidos (si corresponde) y copias de sus registros m\u00e9dicos y facturas m\u00e9dicas.<\/p>\n<p>Eventualmente, se enviar\u00e1 un paquete de demanda de liquidaci\u00f3n a la compa\u00f1\u00eda de seguros con la esperanza de resolver su caso de accidente. Poco despu\u00e9s se llevar\u00e1n a cabo negociaciones de arreglo con el objetivo de resolver el caso. Se llegar\u00e1 a un acuerdo y, de no ser as\u00ed, se entablar\u00e1 una demanda.<\/p>\n<p>Es importante contar con un abogado calificado y con experiencia en accidentes de motocicleta en Boston para su caso de accidente de motocicleta. La compa\u00f1\u00eda de seguros del conductor que caus\u00f3 el accidente se centra \u00fanicamente en limitar sus derechos.<\/p>\n<p>En particular, el ajustador de seguros quiere pagarle lo menos posible. No dejes que eso te suceda.<\/p>\n<\/div><\/details><\/div><\/div>\n<p>Defi\u00e9ndase y contr\u00e1tese como su bufete de abogados de accidentes de motocicleta en Boston. Perm\u00edtanos manejar el reclamo para que no tenga que preocuparse de que la compa\u00f1\u00eda de seguros trate de limitar sus derechos.<\/p>\n<p>Hemos manejado muchos tipos diferentes de casos de accidentes de motocicleta en Massachusetts. Sabemos c\u00f3mo lograr un acuerdo justo para su caso.<\/p>\n","protected":false},"excerpt":{"rendered":"<p>Defi\u00e9ndase y contr\u00e1tese como su bufete de abogados de accidentes de motocicleta en Boston. Perm\u00edtanos manejar el reclamo para que no tenga que preocuparse de que la compa\u00f1\u00eda de seguros trate de limitar sus derechos. Hemos manejado muchos tipos diferentes de casos de accidentes de motocicleta en Massachusetts. Sabemos c\u00f3mo lograr un acuerdo justo para [&hellip;]<\/p>\n","protected":false},"author":35,"featured_media":0,"parent":12989,"menu_order":72,"comment_status":"closed","ping_status":"closed","template":"","meta":{"_acf_changed":false,"footnotes":""},"class_list":["post-20448","page","type-page","status-publish","hentry"],"acf":[],"yoast_head":"<!-- This site is optimized with the Yoast SEO plugin v27.2 - https:\/\/yoast.com\/product\/yoast-seo-wordpress\/ -->\n<title>Preguntas Frecuentes Sobre Abogados de Accidentes de Motocicleta en Massachusetts<\/title>\n<meta name=\"description\" content=\"Consulta Gratis - Ll\u00e1menos al 617-444-7777 - Earley Law Group Injury Lawyers ayuda a las v\u00edctimas y sus familias a recibir una compensaci\u00f3n por sus lesiones. Preguntas Frecuentes Sobre Abogados de Accidentes de Motocicleta en Massachusetts - Boston Abogado de Lesion de Bici\" \/>\n<meta name=\"robots\" content=\"index, follow, max-snippet:-1, max-image-preview:large, max-video-preview:-1\" \/>\n<link rel=\"canonical\" href=\"https:\/\/www.chrisearley.com\/es\/preguntas-frecuentes\/preguntas-frecuentes-sobre-abogados-de-accidentes-de-motocicleta\/\" \/>\n<meta property=\"og:locale\" content=\"es_ES\" \/>\n<meta property=\"og:type\" content=\"article\" \/>\n<meta property=\"og:title\" content=\"Preguntas Frecuentes Sobre Abogados de Accidentes de Motocicleta en Massachusetts\" \/>\n<meta property=\"og:description\" content=\"Consulta Gratis - Ll\u00e1menos al 617-444-7777 - Earley Law Group Injury Lawyers ayuda a las v\u00edctimas y sus familias a recibir una compensaci\u00f3n por sus lesiones. Preguntas Frecuentes Sobre Abogados de Accidentes de Motocicleta en Massachusetts - Boston Abogado de Lesion de Bici\" \/>\n<meta property=\"og:url\" content=\"https:\/\/www.chrisearley.com\/es\/preguntas-frecuentes\/preguntas-frecuentes-sobre-abogados-de-accidentes-de-motocicleta\/\" \/>\n<meta property=\"og:site_name\" content=\"Earley Law Group Injury Lawyers\" \/>\n<meta property=\"article:publisher\" content=\"https:\/\/www.facebook.com\/Law-Offices-of-Christopher-Earley-104980886333\/\" \/>\n<meta property=\"article:modified_time\" content=\"2024-07-04T07:01:02+00:00\" \/>\n<meta name=\"twitter:card\" content=\"summary_large_image\" \/>\n<meta name=\"twitter:site\" content=\"@chrisearleylaw\" \/>\n<meta name=\"twitter:label1\" content=\"Est. reading time\" \/>\n\t<meta name=\"twitter:data1\" content=\"1 minute\" \/>\n<script type=\"application\/ld+json\" class=\"yoast-schema-graph\">{\"@context\":\"https:\/\/schema.org\",\"@graph\":[{\"@type\":\"WebPage\",\"@id\":\"https:\/\/www.chrisearley.com\/es\/preguntas-frecuentes\/preguntas-frecuentes-sobre-abogados-de-accidentes-de-motocicleta\/\",\"url\":\"https:\/\/www.chrisearley.com\/es\/preguntas-frecuentes\/preguntas-frecuentes-sobre-abogados-de-accidentes-de-motocicleta\/\",\"name\":\"Preguntas Frecuentes Sobre Abogados de Accidentes de Motocicleta en Massachusetts\",\"isPartOf\":{\"@id\":\"https:\/\/www.chrisearley.com\/es\/#website\"},\"datePublished\":\"2024-06-16T13:07:21+00:00\",\"dateModified\":\"2024-07-04T07:01:02+00:00\",\"description\":\"Consulta Gratis - Ll\u00e1menos al 617-444-7777 - Earley Law Group Injury Lawyers ayuda a las v\u00edctimas y sus familias a recibir una compensaci\u00f3n por sus lesiones. Preguntas Frecuentes Sobre Abogados de Accidentes de Motocicleta en Massachusetts - Boston Abogado de Lesion de Bici\",\"breadcrumb\":{\"@id\":\"https:\/\/www.chrisearley.com\/es\/preguntas-frecuentes\/preguntas-frecuentes-sobre-abogados-de-accidentes-de-motocicleta\/#breadcrumb\"},\"inLanguage\":\"es-US\",\"potentialAction\":[{\"@type\":\"ReadAction\",\"target\":[\"https:\/\/www.chrisearley.com\/es\/preguntas-frecuentes\/preguntas-frecuentes-sobre-abogados-de-accidentes-de-motocicleta\/\"]}]},{\"@type\":\"BreadcrumbList\",\"@id\":\"https:\/\/www.chrisearley.com\/es\/preguntas-frecuentes\/preguntas-frecuentes-sobre-abogados-de-accidentes-de-motocicleta\/#breadcrumb\",\"itemListElement\":[{\"@type\":\"ListItem\",\"position\":1,\"name\":\"Home\",\"item\":\"https:\/\/www.chrisearley.com\/es\/\"},{\"@type\":\"ListItem\",\"position\":2,\"name\":\"Preguntas Frecuentes\",\"item\":\"https:\/\/www.chrisearley.com\/es\/preguntas-frecuentes\/\"},{\"@type\":\"ListItem\",\"position\":3,\"name\":\"Preguntas Frecuentes Sobre Abogados de Accidentes de Motocicleta en Massachusetts\"}]},{\"@type\":\"WebSite\",\"@id\":\"https:\/\/www.chrisearley.com\/es\/#website\",\"url\":\"https:\/\/www.chrisearley.com\/es\/\",\"name\":\"Earley Law Group Injury Lawyers\",\"description\":\"\",\"publisher\":{\"@id\":\"https:\/\/www.chrisearley.com\/es\/#organization\"},\"potentialAction\":[{\"@type\":\"SearchAction\",\"target\":{\"@type\":\"EntryPoint\",\"urlTemplate\":\"https:\/\/www.chrisearley.com\/es\/?s={search_term_string}\"},\"query-input\":{\"@type\":\"PropertyValueSpecification\",\"valueRequired\":true,\"valueName\":\"search_term_string\"}}],\"inLanguage\":\"es-US\"},{\"@type\":\"Organization\",\"@id\":\"https:\/\/www.chrisearley.com\/es\/#organization\",\"name\":\"Earley Law Group Injury Lawyers\",\"url\":\"https:\/\/www.chrisearley.com\/es\/\",\"logo\":{\"@type\":\"ImageObject\",\"inLanguage\":\"es-US\",\"@id\":\"https:\/\/www.chrisearley.com\/es\/#\/schema\/logo\/image\/\",\"url\":\"https:\/\/www.chrisearley.com\/wp-content\/uploads\/2024\/05\/logo.png\",\"contentUrl\":\"https:\/\/www.chrisearley.com\/wp-content\/uploads\/2024\/05\/logo.png\",\"width\":420,\"height\":79,\"caption\":\"Earley Law Group Injury Lawyers\"},\"image\":{\"@id\":\"https:\/\/www.chrisearley.com\/es\/#\/schema\/logo\/image\/\"},\"sameAs\":[\"https:\/\/www.facebook.com\/Law-Offices-of-Christopher-Earley-104980886333\/\",\"https:\/\/x.com\/chrisearleylaw\",\"https:\/\/www.youtube.com\/user\/ChrisEarleyLaw\",\"https:\/\/www.linkedin.com\/company\/earley-law-group-injury-lawyers\",\"https:\/\/www.instagram.com\/earleylawgroupinjurylawyers\/\"]}]}<\/script>\n<!-- \/ Yoast SEO plugin. -->","yoast_head_json":{"title":"Preguntas Frecuentes Sobre Abogados de Accidentes de Motocicleta en Massachusetts","description":"Consulta Gratis - Ll\u00e1menos al 617-444-7777 - Earley Law Group Injury Lawyers ayuda a las v\u00edctimas y sus familias a recibir una compensaci\u00f3n por sus lesiones. Preguntas Frecuentes Sobre Abogados de Accidentes de Motocicleta en Massachusetts - Boston Abogado de Lesion de Bici","robots":{"index":"index","follow":"follow","max-snippet":"max-snippet:-1","max-image-preview":"max-image-preview:large","max-video-preview":"max-video-preview:-1"},"canonical":"https:\/\/www.chrisearley.com\/es\/preguntas-frecuentes\/preguntas-frecuentes-sobre-abogados-de-accidentes-de-motocicleta\/","og_locale":"es_ES","og_type":"article","og_title":"Preguntas Frecuentes Sobre Abogados de Accidentes de Motocicleta en Massachusetts","og_description":"Consulta Gratis - Ll\u00e1menos al 617-444-7777 - Earley Law Group Injury Lawyers ayuda a las v\u00edctimas y sus familias a recibir una compensaci\u00f3n por sus lesiones. Preguntas Frecuentes Sobre Abogados de Accidentes de Motocicleta en Massachusetts - Boston Abogado de Lesion de Bici","og_url":"https:\/\/www.chrisearley.com\/es\/preguntas-frecuentes\/preguntas-frecuentes-sobre-abogados-de-accidentes-de-motocicleta\/","og_site_name":"Earley Law Group Injury Lawyers","article_publisher":"https:\/\/www.facebook.com\/Law-Offices-of-Christopher-Earley-104980886333\/","article_modified_time":"2024-07-04T07:01:02+00:00","twitter_card":"summary_large_image","twitter_site":"@chrisearleylaw","twitter_misc":{"Est. reading time":"1 minute"},"schema":{"@context":"https:\/\/schema.org","@graph":[{"@type":"WebPage","@id":"https:\/\/www.chrisearley.com\/es\/preguntas-frecuentes\/preguntas-frecuentes-sobre-abogados-de-accidentes-de-motocicleta\/","url":"https:\/\/www.chrisearley.com\/es\/preguntas-frecuentes\/preguntas-frecuentes-sobre-abogados-de-accidentes-de-motocicleta\/","name":"Preguntas Frecuentes Sobre Abogados de Accidentes de Motocicleta en Massachusetts","isPartOf":{"@id":"https:\/\/www.chrisearley.com\/es\/#website"},"datePublished":"2024-06-16T13:07:21+00:00","dateModified":"2024-07-04T07:01:02+00:00","description":"Consulta Gratis - Ll\u00e1menos al 617-444-7777 - Earley Law Group Injury Lawyers ayuda a las v\u00edctimas y sus familias a recibir una compensaci\u00f3n por sus lesiones. Preguntas Frecuentes Sobre Abogados de Accidentes de Motocicleta en Massachusetts - Boston Abogado de Lesion de Bici","breadcrumb":{"@id":"https:\/\/www.chrisearley.com\/es\/preguntas-frecuentes\/preguntas-frecuentes-sobre-abogados-de-accidentes-de-motocicleta\/#breadcrumb"},"inLanguage":"es-US","potentialAction":[{"@type":"ReadAction","target":["https:\/\/www.chrisearley.com\/es\/preguntas-frecuentes\/preguntas-frecuentes-sobre-abogados-de-accidentes-de-motocicleta\/"]}]},{"@type":"BreadcrumbList","@id":"https:\/\/www.chrisearley.com\/es\/preguntas-frecuentes\/preguntas-frecuentes-sobre-abogados-de-accidentes-de-motocicleta\/#breadcrumb","itemListElement":[{"@type":"ListItem","position":1,"name":"Home","item":"https:\/\/www.chrisearley.com\/es\/"},{"@type":"ListItem","position":2,"name":"Preguntas Frecuentes","item":"https:\/\/www.chrisearley.com\/es\/preguntas-frecuentes\/"},{"@type":"ListItem","position":3,"name":"Preguntas Frecuentes Sobre Abogados de Accidentes de Motocicleta en Massachusetts"}]},{"@type":"WebSite","@id":"https:\/\/www.chrisearley.com\/es\/#website","url":"https:\/\/www.chrisearley.com\/es\/","name":"Earley Law Group Injury Lawyers","description":"","publisher":{"@id":"https:\/\/www.chrisearley.com\/es\/#organization"},"potentialAction":[{"@type":"SearchAction","target":{"@type":"EntryPoint","urlTemplate":"https:\/\/www.chrisearley.com\/es\/?s={search_term_string}"},"query-input":{"@type":"PropertyValueSpecification","valueRequired":true,"valueName":"search_term_string"}}],"inLanguage":"es-US"},{"@type":"Organization","@id":"https:\/\/www.chrisearley.com\/es\/#organization","name":"Earley Law Group Injury Lawyers","url":"https:\/\/www.chrisearley.com\/es\/","logo":{"@type":"ImageObject","inLanguage":"es-US","@id":"https:\/\/www.chrisearley.com\/es\/#\/schema\/logo\/image\/","url":"https:\/\/www.chrisearley.com\/wp-content\/uploads\/2024\/05\/logo.png","contentUrl":"https:\/\/www.chrisearley.com\/wp-content\/uploads\/2024\/05\/logo.png","width":420,"height":79,"caption":"Earley Law Group Injury Lawyers"},"image":{"@id":"https:\/\/www.chrisearley.com\/es\/#\/schema\/logo\/image\/"},"sameAs":["https:\/\/www.facebook.com\/Law-Offices-of-Christopher-Earley-104980886333\/","https:\/\/x.com\/chrisearleylaw","https:\/\/www.youtube.com\/user\/ChrisEarleyLaw","https:\/\/www.linkedin.com\/company\/earley-law-group-injury-lawyers","https:\/\/www.instagram.com\/earleylawgroupinjurylawyers\/"]}]}},"_links":{"self":[{"href":"https:\/\/www.chrisearley.com\/es\/wp-json\/wp\/v2\/pages\/20448","targetHints":{"allow":["GET"]}}],"collection":[{"href":"https:\/\/www.chrisearley.com\/es\/wp-json\/wp\/v2\/pages"}],"about":[{"href":"https:\/\/www.chrisearley.com\/es\/wp-json\/wp\/v2\/types\/page"}],"author":[{"embeddable":true,"href":"https:\/\/www.chrisearley.com\/es\/wp-json\/wp\/v2\/users\/35"}],"replies":[{"embeddable":true,"href":"https:\/\/www.chrisearley.com\/es\/wp-json\/wp\/v2\/comments?post=20448"}],"version-history":[{"count":0,"href":"https:\/\/www.chrisearley.com\/es\/wp-json\/wp\/v2\/pages\/20448\/revisions"}],"up":[{"embeddable":true,"href":"https:\/\/www.chrisearley.com\/es\/wp-json\/wp\/v2\/pages\/12989"}],"wp:attachment":[{"href":"https:\/\/www.chrisearley.com\/es\/wp-json\/wp\/v2\/media?parent=20448"}],"curies":[{"name":"wp","href":"https:\/\/api.w.org\/{rel}","templated":true}]}}