{"id":13283,"date":"2024-06-15T16:16:26","date_gmt":"2024-06-15T16:16:26","guid":{"rendered":"https:\/\/www.chrisearley.com\/?page_id=13283"},"modified":"2024-07-10T08:38:07","modified_gmt":"2024-07-10T08:38:07","slug":"obtenga-su-libro-gratis-la-verdad-sobre-la-compensacion-laboral","status":"publish","type":"page","link":"https:\/\/www.chrisearley.com\/es\/obtenga-su-libro-gratis-la-verdad-sobre-la-compensacion-laboral\/","title":{"rendered":"Obtenga su Libro Gratis &#8211; La Verdad Sobre La Compensaci\u00f3n Laboral en Massachusetts"},"content":{"rendered":"","protected":false},"excerpt":{"rendered":"","protected":false},"author":35,"featured_media":13800,"parent":0,"menu_order":730,"comment_status":"closed","ping_status":"closed","template":"template_e-book.php","meta":{"_acf_changed":false,"footnotes":""},"class_list":["post-13283","page","type-page","status-publish","has-post-thumbnail","hentry"],"acf":[],"yoast_head":"<!-- This site is optimized with the Yoast SEO plugin v27.2 - https:\/\/yoast.com\/product\/yoast-seo-wordpress\/ -->\n<title>Obtenga su Libro Gratis - La Verdad Sobre La Compensaci\u00f3n Laboral en Massachusetts<\/title>\n<meta name=\"description\" content=\"Consulta Gratis - Ll\u00e1menos al 617-444-7777 - Earley Law Group Injury Lawyers ayuda a las v\u00edctimas y sus familias a recibir una compensaci\u00f3n por sus lesiones. Obtenga su Libro Gratis - La Verdad Sobre La Compensaci\u00f3n Laboral en Massachusetts - Boston Abogado de Accidente Laboral\" \/>\n<meta name=\"robots\" content=\"index, follow, max-snippet:-1, max-image-preview:large, max-video-preview:-1\" \/>\n<link rel=\"canonical\" href=\"https:\/\/www.chrisearley.com\/es\/obtenga-su-libro-gratis-la-verdad-sobre-la-compensacion-laboral\/\" \/>\n<meta property=\"og:locale\" content=\"es_ES\" \/>\n<meta property=\"og:type\" content=\"article\" \/>\n<meta property=\"og:title\" content=\"Obtenga su Libro Gratis - La Verdad Sobre La Compensaci\u00f3n Laboral en Massachusetts\" \/>\n<meta property=\"og:description\" content=\"Consulta Gratis - Ll\u00e1menos al 617-444-7777 - Earley Law Group Injury Lawyers ayuda a las v\u00edctimas y sus familias a recibir una compensaci\u00f3n por sus lesiones. Obtenga su Libro Gratis - La Verdad Sobre La Compensaci\u00f3n Laboral en Massachusetts - Boston Abogado de Accidente Laboral\" \/>\n<meta property=\"og:url\" content=\"https:\/\/www.chrisearley.com\/es\/obtenga-su-libro-gratis-la-verdad-sobre-la-compensacion-laboral\/\" \/>\n<meta property=\"og:site_name\" content=\"Earley Law Group Injury Lawyers\" \/>\n<meta property=\"article:publisher\" content=\"https:\/\/www.facebook.com\/Law-Offices-of-Christopher-Earley-104980886333\/\" \/>\n<meta property=\"article:modified_time\" content=\"2024-07-10T08:38:07+00:00\" \/>\n<meta property=\"og:image\" content=\"https:\/\/www.chrisearley.com\/wp-content\/uploads\/2024\/06\/books-compensacion.png\" \/>\n\t<meta property=\"og:image:width\" content=\"210\" \/>\n\t<meta property=\"og:image:height\" content=\"300\" \/>\n\t<meta property=\"og:image:type\" content=\"image\/png\" \/>\n<meta name=\"twitter:card\" content=\"summary_large_image\" \/>\n<meta name=\"twitter:site\" content=\"@chrisearleylaw\" \/>\n<meta name=\"twitter:label1\" content=\"Est. reading time\" \/>\n\t<meta name=\"twitter:data1\" content=\"1 minute\" \/>\n<script type=\"application\/ld+json\" class=\"yoast-schema-graph\">{\"@context\":\"https:\/\/schema.org\",\"@graph\":[{\"@type\":\"WebPage\",\"@id\":\"https:\/\/www.chrisearley.com\/es\/obtenga-su-libro-gratis-la-verdad-sobre-la-compensacion-laboral\/\",\"url\":\"https:\/\/www.chrisearley.com\/es\/obtenga-su-libro-gratis-la-verdad-sobre-la-compensacion-laboral\/\",\"name\":\"Obtenga su Libro Gratis - La Verdad Sobre La Compensaci\u00f3n Laboral en Massachusetts\",\"isPartOf\":{\"@id\":\"https:\/\/www.chrisearley.com\/es\/#website\"},\"primaryImageOfPage\":{\"@id\":\"https:\/\/www.chrisearley.com\/es\/obtenga-su-libro-gratis-la-verdad-sobre-la-compensacion-laboral\/#primaryimage\"},\"image\":{\"@id\":\"https:\/\/www.chrisearley.com\/es\/obtenga-su-libro-gratis-la-verdad-sobre-la-compensacion-laboral\/#primaryimage\"},\"thumbnailUrl\":\"https:\/\/www.chrisearley.com\/wp-content\/uploads\/2024\/06\/books-compensacion.png\",\"datePublished\":\"2024-06-15T16:16:26+00:00\",\"dateModified\":\"2024-07-10T08:38:07+00:00\",\"description\":\"Consulta Gratis - Ll\u00e1menos al 617-444-7777 - Earley Law Group Injury Lawyers ayuda a las v\u00edctimas y sus familias a recibir una compensaci\u00f3n por sus lesiones. Obtenga su Libro Gratis - La Verdad Sobre La Compensaci\u00f3n Laboral en Massachusetts - Boston Abogado de Accidente Laboral\",\"breadcrumb\":{\"@id\":\"https:\/\/www.chrisearley.com\/es\/obtenga-su-libro-gratis-la-verdad-sobre-la-compensacion-laboral\/#breadcrumb\"},\"inLanguage\":\"es-US\",\"potentialAction\":[{\"@type\":\"ReadAction\",\"target\":[\"https:\/\/www.chrisearley.com\/es\/obtenga-su-libro-gratis-la-verdad-sobre-la-compensacion-laboral\/\"]}]},{\"@type\":\"ImageObject\",\"inLanguage\":\"es-US\",\"@id\":\"https:\/\/www.chrisearley.com\/es\/obtenga-su-libro-gratis-la-verdad-sobre-la-compensacion-laboral\/#primaryimage\",\"url\":\"https:\/\/www.chrisearley.com\/wp-content\/uploads\/2024\/06\/books-compensacion.png\",\"contentUrl\":\"https:\/\/www.chrisearley.com\/wp-content\/uploads\/2024\/06\/books-compensacion.png\",\"width\":210,\"height\":300},{\"@type\":\"BreadcrumbList\",\"@id\":\"https:\/\/www.chrisearley.com\/es\/obtenga-su-libro-gratis-la-verdad-sobre-la-compensacion-laboral\/#breadcrumb\",\"itemListElement\":[{\"@type\":\"ListItem\",\"position\":1,\"name\":\"Home\",\"item\":\"https:\/\/www.chrisearley.com\/es\/\"},{\"@type\":\"ListItem\",\"position\":2,\"name\":\"Obtenga su Libro Gratis &#8211; La Verdad Sobre La Compensaci\u00f3n Laboral en Massachusetts\"}]},{\"@type\":\"WebSite\",\"@id\":\"https:\/\/www.chrisearley.com\/es\/#website\",\"url\":\"https:\/\/www.chrisearley.com\/es\/\",\"name\":\"Earley Law Group Injury Lawyers\",\"description\":\"\",\"publisher\":{\"@id\":\"https:\/\/www.chrisearley.com\/es\/#organization\"},\"potentialAction\":[{\"@type\":\"SearchAction\",\"target\":{\"@type\":\"EntryPoint\",\"urlTemplate\":\"https:\/\/www.chrisearley.com\/es\/?s={search_term_string}\"},\"query-input\":{\"@type\":\"PropertyValueSpecification\",\"valueRequired\":true,\"valueName\":\"search_term_string\"}}],\"inLanguage\":\"es-US\"},{\"@type\":\"Organization\",\"@id\":\"https:\/\/www.chrisearley.com\/es\/#organization\",\"name\":\"Earley Law Group Injury Lawyers\",\"url\":\"https:\/\/www.chrisearley.com\/es\/\",\"logo\":{\"@type\":\"ImageObject\",\"inLanguage\":\"es-US\",\"@id\":\"https:\/\/www.chrisearley.com\/es\/#\/schema\/logo\/image\/\",\"url\":\"https:\/\/www.chrisearley.com\/wp-content\/uploads\/2024\/05\/logo.png\",\"contentUrl\":\"https:\/\/www.chrisearley.com\/wp-content\/uploads\/2024\/05\/logo.png\",\"width\":420,\"height\":79,\"caption\":\"Earley Law Group Injury Lawyers\"},\"image\":{\"@id\":\"https:\/\/www.chrisearley.com\/es\/#\/schema\/logo\/image\/\"},\"sameAs\":[\"https:\/\/www.facebook.com\/Law-Offices-of-Christopher-Earley-104980886333\/\",\"https:\/\/x.com\/chrisearleylaw\",\"https:\/\/www.youtube.com\/user\/ChrisEarleyLaw\",\"https:\/\/www.linkedin.com\/company\/earley-law-group-injury-lawyers\",\"https:\/\/www.instagram.com\/earleylawgroupinjurylawyers\/\"]}]}<\/script>\n<!-- \/ Yoast SEO plugin. -->","yoast_head_json":{"title":"Obtenga su Libro Gratis - La Verdad Sobre La Compensaci\u00f3n Laboral en Massachusetts","description":"Consulta Gratis - Ll\u00e1menos al 617-444-7777 - Earley Law Group Injury Lawyers ayuda a las v\u00edctimas y sus familias a recibir una compensaci\u00f3n por sus lesiones. Obtenga su Libro Gratis - La Verdad Sobre La Compensaci\u00f3n Laboral en Massachusetts - Boston Abogado de Accidente Laboral","robots":{"index":"index","follow":"follow","max-snippet":"max-snippet:-1","max-image-preview":"max-image-preview:large","max-video-preview":"max-video-preview:-1"},"canonical":"https:\/\/www.chrisearley.com\/es\/obtenga-su-libro-gratis-la-verdad-sobre-la-compensacion-laboral\/","og_locale":"es_ES","og_type":"article","og_title":"Obtenga su Libro Gratis - La Verdad Sobre La Compensaci\u00f3n Laboral en Massachusetts","og_description":"Consulta Gratis - Ll\u00e1menos al 617-444-7777 - Earley Law Group Injury Lawyers ayuda a las v\u00edctimas y sus familias a recibir una compensaci\u00f3n por sus lesiones. Obtenga su Libro Gratis - La Verdad Sobre La Compensaci\u00f3n Laboral en Massachusetts - Boston Abogado de Accidente Laboral","og_url":"https:\/\/www.chrisearley.com\/es\/obtenga-su-libro-gratis-la-verdad-sobre-la-compensacion-laboral\/","og_site_name":"Earley Law Group Injury Lawyers","article_publisher":"https:\/\/www.facebook.com\/Law-Offices-of-Christopher-Earley-104980886333\/","article_modified_time":"2024-07-10T08:38:07+00:00","og_image":[{"width":210,"height":300,"url":"https:\/\/www.chrisearley.com\/wp-content\/uploads\/2024\/06\/books-compensacion.png","type":"image\/png"}],"twitter_card":"summary_large_image","twitter_site":"@chrisearleylaw","twitter_misc":{"Est. reading time":"1 minute"},"schema":{"@context":"https:\/\/schema.org","@graph":[{"@type":"WebPage","@id":"https:\/\/www.chrisearley.com\/es\/obtenga-su-libro-gratis-la-verdad-sobre-la-compensacion-laboral\/","url":"https:\/\/www.chrisearley.com\/es\/obtenga-su-libro-gratis-la-verdad-sobre-la-compensacion-laboral\/","name":"Obtenga su Libro Gratis - La Verdad Sobre La Compensaci\u00f3n Laboral en Massachusetts","isPartOf":{"@id":"https:\/\/www.chrisearley.com\/es\/#website"},"primaryImageOfPage":{"@id":"https:\/\/www.chrisearley.com\/es\/obtenga-su-libro-gratis-la-verdad-sobre-la-compensacion-laboral\/#primaryimage"},"image":{"@id":"https:\/\/www.chrisearley.com\/es\/obtenga-su-libro-gratis-la-verdad-sobre-la-compensacion-laboral\/#primaryimage"},"thumbnailUrl":"https:\/\/www.chrisearley.com\/wp-content\/uploads\/2024\/06\/books-compensacion.png","datePublished":"2024-06-15T16:16:26+00:00","dateModified":"2024-07-10T08:38:07+00:00","description":"Consulta Gratis - Ll\u00e1menos al 617-444-7777 - Earley Law Group Injury Lawyers ayuda a las v\u00edctimas y sus familias a recibir una compensaci\u00f3n por sus lesiones. Obtenga su Libro Gratis - La Verdad Sobre La Compensaci\u00f3n Laboral en Massachusetts - Boston Abogado de Accidente Laboral","breadcrumb":{"@id":"https:\/\/www.chrisearley.com\/es\/obtenga-su-libro-gratis-la-verdad-sobre-la-compensacion-laboral\/#breadcrumb"},"inLanguage":"es-US","potentialAction":[{"@type":"ReadAction","target":["https:\/\/www.chrisearley.com\/es\/obtenga-su-libro-gratis-la-verdad-sobre-la-compensacion-laboral\/"]}]},{"@type":"ImageObject","inLanguage":"es-US","@id":"https:\/\/www.chrisearley.com\/es\/obtenga-su-libro-gratis-la-verdad-sobre-la-compensacion-laboral\/#primaryimage","url":"https:\/\/www.chrisearley.com\/wp-content\/uploads\/2024\/06\/books-compensacion.png","contentUrl":"https:\/\/www.chrisearley.com\/wp-content\/uploads\/2024\/06\/books-compensacion.png","width":210,"height":300},{"@type":"BreadcrumbList","@id":"https:\/\/www.chrisearley.com\/es\/obtenga-su-libro-gratis-la-verdad-sobre-la-compensacion-laboral\/#breadcrumb","itemListElement":[{"@type":"ListItem","position":1,"name":"Home","item":"https:\/\/www.chrisearley.com\/es\/"},{"@type":"ListItem","position":2,"name":"Obtenga su Libro Gratis &#8211; La Verdad Sobre La Compensaci\u00f3n Laboral en Massachusetts"}]},{"@type":"WebSite","@id":"https:\/\/www.chrisearley.com\/es\/#website","url":"https:\/\/www.chrisearley.com\/es\/","name":"Earley Law Group Injury Lawyers","description":"","publisher":{"@id":"https:\/\/www.chrisearley.com\/es\/#organization"},"potentialAction":[{"@type":"SearchAction","target":{"@type":"EntryPoint","urlTemplate":"https:\/\/www.chrisearley.com\/es\/?s={search_term_string}"},"query-input":{"@type":"PropertyValueSpecification","valueRequired":true,"valueName":"search_term_string"}}],"inLanguage":"es-US"},{"@type":"Organization","@id":"https:\/\/www.chrisearley.com\/es\/#organization","name":"Earley Law Group Injury Lawyers","url":"https:\/\/www.chrisearley.com\/es\/","logo":{"@type":"ImageObject","inLanguage":"es-US","@id":"https:\/\/www.chrisearley.com\/es\/#\/schema\/logo\/image\/","url":"https:\/\/www.chrisearley.com\/wp-content\/uploads\/2024\/05\/logo.png","contentUrl":"https:\/\/www.chrisearley.com\/wp-content\/uploads\/2024\/05\/logo.png","width":420,"height":79,"caption":"Earley Law Group Injury Lawyers"},"image":{"@id":"https:\/\/www.chrisearley.com\/es\/#\/schema\/logo\/image\/"},"sameAs":["https:\/\/www.facebook.com\/Law-Offices-of-Christopher-Earley-104980886333\/","https:\/\/x.com\/chrisearleylaw","https:\/\/www.youtube.com\/user\/ChrisEarleyLaw","https:\/\/www.linkedin.com\/company\/earley-law-group-injury-lawyers","https:\/\/www.instagram.com\/earleylawgroupinjurylawyers\/"]}]}},"_links":{"self":[{"href":"https:\/\/www.chrisearley.com\/es\/wp-json\/wp\/v2\/pages\/13283","targetHints":{"allow":["GET"]}}],"collection":[{"href":"https:\/\/www.chrisearley.com\/es\/wp-json\/wp\/v2\/pages"}],"about":[{"href":"https:\/\/www.chrisearley.com\/es\/wp-json\/wp\/v2\/types\/page"}],"author":[{"embeddable":true,"href":"https:\/\/www.chrisearley.com\/es\/wp-json\/wp\/v2\/users\/35"}],"replies":[{"embeddable":true,"href":"https:\/\/www.chrisearley.com\/es\/wp-json\/wp\/v2\/comments?post=13283"}],"version-history":[{"count":0,"href":"https:\/\/www.chrisearley.com\/es\/wp-json\/wp\/v2\/pages\/13283\/revisions"}],"wp:featuredmedia":[{"embeddable":true,"href":"https:\/\/www.chrisearley.com\/es\/wp-json\/wp\/v2\/media\/13800"}],"wp:attachment":[{"href":"https:\/\/www.chrisearley.com\/es\/wp-json\/wp\/v2\/media?parent=13283"}],"curies":[{"name":"wp","href":"https:\/\/api.w.org\/{rel}","templated":true}]}}