{"id":13171,"date":"2024-06-26T08:39:38","date_gmt":"2024-06-26T08:39:38","guid":{"rendered":"https:\/\/www.chrisearley.com\/?page_id=13171"},"modified":"2024-07-04T07:55:58","modified_gmt":"2024-07-04T07:55:58","slug":"abogado-de-accidentes-automovilisticos-en-lynn","status":"publish","type":"page","link":"https:\/\/www.chrisearley.com\/es\/comunidades-atendidas\/abogado-de-accidentes-automovilisticos-en-lynn\/","title":{"rendered":"Abogado de Accidentes Automovil\u00edsticos en Lynn"},"content":{"rendered":"<p><iframe loading=\"lazy\" style=\"border: 0;\" src=\"https:\/\/www.google.com\/maps\/embed?pb=!1m18!1m12!1m3!1d47084.15762269245!2d-70.99768062904151!3d42.47539597975319!2m3!1f0!2f0!3f0!3m2!1i1024!2i768!4f13.1!3m3!1m2!1s0x89e30e326d82e5af%3A0x8b493e21b76b4853!2sLynn%2C%20MA!5e0!3m2!1sen!2sus!4v1719928153088!5m2!1sen!2sus\" width=\"100%\" height=\"250\" allowfullscreen=\"allowfullscreen\"><\/iframe><\/p>\n<p>Lynn, Massachusetts, se encuentra en el condado de Essex, en la costa norte, a unas 10 millas al norte de Boston. Se estableci\u00f3 en 1629 Lynn ha sido durante mucho tiempo un centro para la industria local. Es el noveno municipio m\u00e1s grande de Massachusetts. La poblaci\u00f3n de Lynn es de aproximadamente 100.000 habitantes. Lynn es una comunidad vibrante con gente de todo el mundo. Desafortunadamente, con tanta gente, significa que van a ocurrir accidentes automovil\u00edsticos. Somos abogados de accidentes automovil\u00edsticos en Lynn que pueden ayudarlo si se lesion\u00f3 en un accidente automovil\u00edstico.<\/p>\n<h2>Acerca de Nuestra Pr\u00e1ctica de Accidentes Automovil\u00edsticos en Lynn<\/h2>\n<p>Los\u00a0<a href=\"https:\/\/www.chrisearley.com\/es\/accidentes-de-automoviles\/\">accidentes automovil\u00edsticos<\/a>\u00a0pueden ocurrir de diversas formas. Pueden ser causados \u200b\u200bpor un accidente por la parte trasera, falta de ceder el paso, deslizamientos laterales, conducci\u00f3n en estado de ebriedad, conducci\u00f3n distra\u00edda y otras innumerables formas. Si usted es el conductor o el pasajero involucrado en un accidente automovil\u00edstico, debe saber cu\u00e1les son sus derechos en caso de accidente.<\/p>\n<p>Si usted no tuvo la culpa de causar el accidente, entonces no solo puede presentar una reclamaci\u00f3n para que se paguen sus facturas m\u00e9dicas, sino que tambi\u00e9n puede presentar una reclamaci\u00f3n por lesiones corporales si sus facturas m\u00e9dicas son de al menos $2000. La reclamaci\u00f3n por lesiones corporales se presenta contra la compa\u00f1\u00eda de seguros que asegura al conductor que caus\u00f3 el accidente.<\/p>\n<p>Tenga en cuenta que a las compa\u00f1\u00edas de seguros les gusta retener su dinero y odian pagarlo. Aqu\u00ed es cuando es \u00fatil contar con un abogado con experiencia en lesiones personales que lo ayude. Muchas veces, las compa\u00f1\u00edas de seguros niegan reclamaciones perfectamente v\u00e1lidas y, en el caso de reclamaciones en las que la responsabilidad es clara, por lo general ignoran a la v\u00edctima del accidente. Si un reclamo no se resuelve, entonces se debe entablar una demanda contra la persona que caus\u00f3 el accidente. La compa\u00f1\u00eda de seguros de ese conductor intervendr\u00e1 y pagar\u00e1 cualquier acuerdo o sentencia que surja del accidente. No es prudente presentar una demanda si no es abogado. Solo un abogado con licencia debe presentar una demanda, dado<\/p>\n<p><a href=\"https:\/\/www.chrisearley.com\/es\/\" rel=\"noopener\">La oficina legal de Christopher Earley<\/a>\u00a0maneja todo tipo de\u00a0<a href=\"https:\/\/www.chrisearley.com\/es\/accidentes-de-automoviles\/\">accidentes automovil\u00edsticos<\/a>, incluidos accidentes por la parte trasera, golpes laterales, giros ilegales a la izquierda, no ceder el paso, no detenerse y todos los dem\u00e1s tipos de casos de accidentes automovil\u00edsticos en Lynn. Nuestro bufete de abogados desde 2005 ha estado sirviendo a la buena gente de Lynn, as\u00ed como a todos los dem\u00e1s pueblos y ciudades de Massachusetts, con sus necesidades relacionadas con\u00a0<a href=\"https:\/\/www.chrisearley.com\/es\/lesiones-personales\/\">lesiones personales<\/a>. Llame hoy para programar su consulta gratuita y sin compromiso. Esperamos poder ayudarlo con su reclamo de un accidente automovil\u00edstico en Massachusetts.<\/p>\n<p>Nos aseguramos de que le paguen todas las facturas m\u00e9dicas, salarios perdidos y da\u00f1os por dolor y sufrimiento que haya sufrido. Luchamos agresivamente por nuestros clientes y esperamos luchar para conseguir un acuerdo completo y justo para su caso. Llame hoy y no olvide descargar su copia gratuita de nuestro libro titulado La verdad sobre los accidentes automovil\u00edsticos en Massachusetts. Obtenga la compensaci\u00f3n que se merece.<\/p>\n<p>Tenga en cuenta que estos casos tienen l\u00edmites de tiempo muy estrictos, as\u00ed que no se demore. Cuanto antes act\u00fae para proteger sus derechos, mejor.<\/p>\n","protected":false},"excerpt":{"rendered":"<p>Lynn, Massachusetts, se encuentra en el condado de Essex, en la costa norte, a unas 10 millas al norte de Boston. Se estableci\u00f3 en 1629 Lynn ha sido durante mucho tiempo un centro para la industria local. Es el noveno municipio m\u00e1s grande de Massachusetts. La poblaci\u00f3n de Lynn es de aproximadamente 100.000 habitantes. Lynn [&hellip;]<\/p>\n","protected":false},"author":35,"featured_media":0,"parent":13156,"menu_order":2,"comment_status":"closed","ping_status":"closed","template":"","meta":{"_acf_changed":false,"footnotes":""},"class_list":["post-13171","page","type-page","status-publish","hentry"],"acf":[],"yoast_head":"<!-- This site is optimized with the Yoast SEO plugin v27.5 - https:\/\/yoast.com\/product\/yoast-seo-wordpress\/ -->\n<title>Abogado de Accidentes Automovil\u00edsticos en Lynn | Condado de Essex Abogado de Choque de Auto<\/title>\n<meta name=\"description\" content=\"Consulta Gratis - Ll\u00e1menos al 617-444-7777 - Earley Law Group Injury Lawyers ayuda a las v\u00edctimas y sus familias a recibir una compensaci\u00f3n por sus lesiones. Abogado de Accidentes Automovil\u00edsticos en Lynn - Condado de Essex Abogado de Choque de Auto\" \/>\n<meta name=\"robots\" content=\"index, follow, max-snippet:-1, max-image-preview:large, max-video-preview:-1\" \/>\n<link rel=\"canonical\" href=\"https:\/\/www.chrisearley.com\/es\/comunidades-atendidas\/abogado-de-accidentes-automovilisticos-en-lynn\/\" \/>\n<meta property=\"og:locale\" content=\"es_ES\" \/>\n<meta property=\"og:type\" content=\"article\" \/>\n<meta property=\"og:title\" content=\"Abogado de Accidentes Automovil\u00edsticos en Lynn | Condado de Essex Abogado de Choque de Auto\" \/>\n<meta property=\"og:description\" content=\"Consulta Gratis - Ll\u00e1menos al 617-444-7777 - Earley Law Group Injury Lawyers ayuda a las v\u00edctimas y sus familias a recibir una compensaci\u00f3n por sus lesiones. Abogado de Accidentes Automovil\u00edsticos en Lynn - Condado de Essex Abogado de Choque de Auto\" \/>\n<meta property=\"og:url\" content=\"https:\/\/www.chrisearley.com\/es\/comunidades-atendidas\/abogado-de-accidentes-automovilisticos-en-lynn\/\" \/>\n<meta property=\"og:site_name\" content=\"Earley Law Group Injury Lawyers\" \/>\n<meta property=\"article:publisher\" content=\"https:\/\/www.facebook.com\/Law-Offices-of-Christopher-Earley-104980886333\/\" \/>\n<meta property=\"article:modified_time\" content=\"2024-07-04T07:55:58+00:00\" \/>\n<meta name=\"twitter:card\" content=\"summary_large_image\" \/>\n<meta name=\"twitter:site\" content=\"@chrisearleylaw\" \/>\n<meta name=\"twitter:label1\" content=\"Est. reading time\" \/>\n\t<meta name=\"twitter:data1\" content=\"3 minutes\" \/>\n<script type=\"application\/ld+json\" class=\"yoast-schema-graph\">{\"@context\":\"https:\\\/\\\/schema.org\",\"@graph\":[{\"@type\":\"WebPage\",\"@id\":\"https:\\\/\\\/www.chrisearley.com\\\/es\\\/comunidades-atendidas\\\/abogado-de-accidentes-automovilisticos-en-lynn\\\/\",\"url\":\"https:\\\/\\\/www.chrisearley.com\\\/es\\\/comunidades-atendidas\\\/abogado-de-accidentes-automovilisticos-en-lynn\\\/\",\"name\":\"Abogado de Accidentes Automovil\u00edsticos en Lynn | Condado de Essex Abogado de Choque de Auto\",\"isPartOf\":{\"@id\":\"https:\\\/\\\/www.chrisearley.com\\\/es\\\/#website\"},\"datePublished\":\"2024-06-26T08:39:38+00:00\",\"dateModified\":\"2024-07-04T07:55:58+00:00\",\"description\":\"Consulta Gratis - Ll\u00e1menos al 617-444-7777 - Earley Law Group Injury Lawyers ayuda a las v\u00edctimas y sus familias a recibir una compensaci\u00f3n por sus lesiones. Abogado de Accidentes Automovil\u00edsticos en Lynn - Condado de Essex Abogado de Choque de Auto\",\"breadcrumb\":{\"@id\":\"https:\\\/\\\/www.chrisearley.com\\\/es\\\/comunidades-atendidas\\\/abogado-de-accidentes-automovilisticos-en-lynn\\\/#breadcrumb\"},\"inLanguage\":\"es-US\",\"potentialAction\":[{\"@type\":\"ReadAction\",\"target\":[\"https:\\\/\\\/www.chrisearley.com\\\/es\\\/comunidades-atendidas\\\/abogado-de-accidentes-automovilisticos-en-lynn\\\/\"]}]},{\"@type\":\"BreadcrumbList\",\"@id\":\"https:\\\/\\\/www.chrisearley.com\\\/es\\\/comunidades-atendidas\\\/abogado-de-accidentes-automovilisticos-en-lynn\\\/#breadcrumb\",\"itemListElement\":[{\"@type\":\"ListItem\",\"position\":1,\"name\":\"Home\",\"item\":\"https:\\\/\\\/www.chrisearley.com\\\/es\\\/\"},{\"@type\":\"ListItem\",\"position\":2,\"name\":\"Comunidades Atendidas\",\"item\":\"https:\\\/\\\/www.chrisearley.com\\\/es\\\/comunidades-atendidas\\\/\"},{\"@type\":\"ListItem\",\"position\":3,\"name\":\"Abogado de Accidentes Automovil\u00edsticos en Lynn\"}]},{\"@type\":\"WebSite\",\"@id\":\"https:\\\/\\\/www.chrisearley.com\\\/es\\\/#website\",\"url\":\"https:\\\/\\\/www.chrisearley.com\\\/es\\\/\",\"name\":\"Earley Law Group Injury Lawyers\",\"description\":\"\",\"publisher\":{\"@id\":\"https:\\\/\\\/www.chrisearley.com\\\/es\\\/#organization\"},\"potentialAction\":[{\"@type\":\"SearchAction\",\"target\":{\"@type\":\"EntryPoint\",\"urlTemplate\":\"https:\\\/\\\/www.chrisearley.com\\\/es\\\/?s={search_term_string}\"},\"query-input\":{\"@type\":\"PropertyValueSpecification\",\"valueRequired\":true,\"valueName\":\"search_term_string\"}}],\"inLanguage\":\"es-US\"},{\"@type\":\"Organization\",\"@id\":\"https:\\\/\\\/www.chrisearley.com\\\/es\\\/#organization\",\"name\":\"Earley Law Group Injury Lawyers\",\"url\":\"https:\\\/\\\/www.chrisearley.com\\\/es\\\/\",\"logo\":{\"@type\":\"ImageObject\",\"inLanguage\":\"es-US\",\"@id\":\"https:\\\/\\\/www.chrisearley.com\\\/es\\\/#\\\/schema\\\/logo\\\/image\\\/\",\"url\":\"https:\\\/\\\/www.chrisearley.com\\\/wp-content\\\/uploads\\\/2024\\\/05\\\/logo.png\",\"contentUrl\":\"https:\\\/\\\/www.chrisearley.com\\\/wp-content\\\/uploads\\\/2024\\\/05\\\/logo.png\",\"width\":420,\"height\":79,\"caption\":\"Earley Law Group Injury Lawyers\"},\"image\":{\"@id\":\"https:\\\/\\\/www.chrisearley.com\\\/es\\\/#\\\/schema\\\/logo\\\/image\\\/\"},\"sameAs\":[\"https:\\\/\\\/www.facebook.com\\\/Law-Offices-of-Christopher-Earley-104980886333\\\/\",\"https:\\\/\\\/x.com\\\/chrisearleylaw\",\"https:\\\/\\\/www.youtube.com\\\/user\\\/ChrisEarleyLaw\",\"https:\\\/\\\/www.linkedin.com\\\/company\\\/earley-law-group-injury-lawyers\",\"https:\\\/\\\/www.instagram.com\\\/earleylawgroupinjurylawyers\\\/\"]}]}<\/script>\n<!-- \/ Yoast SEO plugin. -->","yoast_head_json":{"title":"Abogado de Accidentes Automovil\u00edsticos en Lynn | Condado de Essex Abogado de Choque de Auto","description":"Consulta Gratis - Ll\u00e1menos al 617-444-7777 - Earley Law Group Injury Lawyers ayuda a las v\u00edctimas y sus familias a recibir una compensaci\u00f3n por sus lesiones. Abogado de Accidentes Automovil\u00edsticos en Lynn - Condado de Essex Abogado de Choque de Auto","robots":{"index":"index","follow":"follow","max-snippet":"max-snippet:-1","max-image-preview":"max-image-preview:large","max-video-preview":"max-video-preview:-1"},"canonical":"https:\/\/www.chrisearley.com\/es\/comunidades-atendidas\/abogado-de-accidentes-automovilisticos-en-lynn\/","og_locale":"es_ES","og_type":"article","og_title":"Abogado de Accidentes Automovil\u00edsticos en Lynn | Condado de Essex Abogado de Choque de Auto","og_description":"Consulta Gratis - Ll\u00e1menos al 617-444-7777 - Earley Law Group Injury Lawyers ayuda a las v\u00edctimas y sus familias a recibir una compensaci\u00f3n por sus lesiones. Abogado de Accidentes Automovil\u00edsticos en Lynn - Condado de Essex Abogado de Choque de Auto","og_url":"https:\/\/www.chrisearley.com\/es\/comunidades-atendidas\/abogado-de-accidentes-automovilisticos-en-lynn\/","og_site_name":"Earley Law Group Injury Lawyers","article_publisher":"https:\/\/www.facebook.com\/Law-Offices-of-Christopher-Earley-104980886333\/","article_modified_time":"2024-07-04T07:55:58+00:00","twitter_card":"summary_large_image","twitter_site":"@chrisearleylaw","twitter_misc":{"Est. reading time":"3 minutes"},"schema":{"@context":"https:\/\/schema.org","@graph":[{"@type":"WebPage","@id":"https:\/\/www.chrisearley.com\/es\/comunidades-atendidas\/abogado-de-accidentes-automovilisticos-en-lynn\/","url":"https:\/\/www.chrisearley.com\/es\/comunidades-atendidas\/abogado-de-accidentes-automovilisticos-en-lynn\/","name":"Abogado de Accidentes Automovil\u00edsticos en Lynn | Condado de Essex Abogado de Choque de Auto","isPartOf":{"@id":"https:\/\/www.chrisearley.com\/es\/#website"},"datePublished":"2024-06-26T08:39:38+00:00","dateModified":"2024-07-04T07:55:58+00:00","description":"Consulta Gratis - Ll\u00e1menos al 617-444-7777 - Earley Law Group Injury Lawyers ayuda a las v\u00edctimas y sus familias a recibir una compensaci\u00f3n por sus lesiones. Abogado de Accidentes Automovil\u00edsticos en Lynn - Condado de Essex Abogado de Choque de Auto","breadcrumb":{"@id":"https:\/\/www.chrisearley.com\/es\/comunidades-atendidas\/abogado-de-accidentes-automovilisticos-en-lynn\/#breadcrumb"},"inLanguage":"es-US","potentialAction":[{"@type":"ReadAction","target":["https:\/\/www.chrisearley.com\/es\/comunidades-atendidas\/abogado-de-accidentes-automovilisticos-en-lynn\/"]}]},{"@type":"BreadcrumbList","@id":"https:\/\/www.chrisearley.com\/es\/comunidades-atendidas\/abogado-de-accidentes-automovilisticos-en-lynn\/#breadcrumb","itemListElement":[{"@type":"ListItem","position":1,"name":"Home","item":"https:\/\/www.chrisearley.com\/es\/"},{"@type":"ListItem","position":2,"name":"Comunidades Atendidas","item":"https:\/\/www.chrisearley.com\/es\/comunidades-atendidas\/"},{"@type":"ListItem","position":3,"name":"Abogado de Accidentes Automovil\u00edsticos en Lynn"}]},{"@type":"WebSite","@id":"https:\/\/www.chrisearley.com\/es\/#website","url":"https:\/\/www.chrisearley.com\/es\/","name":"Earley Law Group Injury Lawyers","description":"","publisher":{"@id":"https:\/\/www.chrisearley.com\/es\/#organization"},"potentialAction":[{"@type":"SearchAction","target":{"@type":"EntryPoint","urlTemplate":"https:\/\/www.chrisearley.com\/es\/?s={search_term_string}"},"query-input":{"@type":"PropertyValueSpecification","valueRequired":true,"valueName":"search_term_string"}}],"inLanguage":"es-US"},{"@type":"Organization","@id":"https:\/\/www.chrisearley.com\/es\/#organization","name":"Earley Law Group Injury Lawyers","url":"https:\/\/www.chrisearley.com\/es\/","logo":{"@type":"ImageObject","inLanguage":"es-US","@id":"https:\/\/www.chrisearley.com\/es\/#\/schema\/logo\/image\/","url":"https:\/\/www.chrisearley.com\/wp-content\/uploads\/2024\/05\/logo.png","contentUrl":"https:\/\/www.chrisearley.com\/wp-content\/uploads\/2024\/05\/logo.png","width":420,"height":79,"caption":"Earley Law Group Injury Lawyers"},"image":{"@id":"https:\/\/www.chrisearley.com\/es\/#\/schema\/logo\/image\/"},"sameAs":["https:\/\/www.facebook.com\/Law-Offices-of-Christopher-Earley-104980886333\/","https:\/\/x.com\/chrisearleylaw","https:\/\/www.youtube.com\/user\/ChrisEarleyLaw","https:\/\/www.linkedin.com\/company\/earley-law-group-injury-lawyers","https:\/\/www.instagram.com\/earleylawgroupinjurylawyers\/"]}]}},"_links":{"self":[{"href":"https:\/\/www.chrisearley.com\/es\/wp-json\/wp\/v2\/pages\/13171","targetHints":{"allow":["GET"]}}],"collection":[{"href":"https:\/\/www.chrisearley.com\/es\/wp-json\/wp\/v2\/pages"}],"about":[{"href":"https:\/\/www.chrisearley.com\/es\/wp-json\/wp\/v2\/types\/page"}],"author":[{"embeddable":true,"href":"https:\/\/www.chrisearley.com\/es\/wp-json\/wp\/v2\/users\/35"}],"replies":[{"embeddable":true,"href":"https:\/\/www.chrisearley.com\/es\/wp-json\/wp\/v2\/comments?post=13171"}],"version-history":[{"count":0,"href":"https:\/\/www.chrisearley.com\/es\/wp-json\/wp\/v2\/pages\/13171\/revisions"}],"up":[{"embeddable":true,"href":"https:\/\/www.chrisearley.com\/es\/wp-json\/wp\/v2\/pages\/13156"}],"wp:attachment":[{"href":"https:\/\/www.chrisearley.com\/es\/wp-json\/wp\/v2\/media?parent=13171"}],"curies":[{"name":"wp","href":"https:\/\/api.w.org\/{rel}","templated":true}]}}