{"id":13021,"date":"2024-06-16T13:02:52","date_gmt":"2024-06-16T13:02:52","guid":{"rendered":"https:\/\/www.chrisearley.com\/?page_id=13021"},"modified":"2024-07-04T06:56:16","modified_gmt":"2024-07-04T06:56:16","slug":"preguntas-frecuentes-sobre-como-cambiar-de-abogado-de-lesiones","status":"publish","type":"page","link":"https:\/\/www.chrisearley.com\/es\/preguntas-frecuentes\/preguntas-frecuentes-sobre-como-cambiar-de-abogado-de-lesiones\/","title":{"rendered":"Preguntas Frecuentes Sobre C\u00f3mo Cambiar de Abogado de Lesiones Personales"},"content":{"rendered":"<p><img loading=\"lazy\" decoding=\"async\" class=\"size-full wp-image-7894 alignright\" src=\"https:\/\/www.chrisearley.com\/wp-content\/uploads\/2024\/06\/fired-sign.jpg\" alt=\"fired sign\" width=\"257\" height=\"196\" \/>Como en el caso de todas las relaciones en la vida, algunas son buenas y otras no tanto. No es diferente con las relaciones abogado \/ cliente. Algunos clientes pueden estar bastante satisfechos con su abogado, mientras que otros pueden sentirse frustrados con su abogado actual. Pueden sentirse tan frustrados que incluso quieran cambiar de abogado.<\/p>\n<p>Por ejemplo, es posible que haya estado involucrado en un accidente automovil\u00edstico. Contrata a un abogado y descubre que el abogado no est\u00e1 devolviendo sus llamadas telef\u00f3nicas, o parece que no est\u00e1 trabajando muy duro en su caso.<\/p>\n<p>Muchas personas en esta situaci\u00f3n nos llaman para saber si se les permite cambiar de abogado. A continuaci\u00f3n, encontrar\u00e1 respuestas a algunas preguntas frecuentes sobre el cambio de abogados de lesiones personales.<\/p>\n\n                <div class=\"cw-accordion  cw-accordion--disabled\" data-all-open=\"false\" data-accordion-enabled=\"false\">\n                    <div class=\"cw-accordion__wrapper\">\n                <details name=\"css-accordion-item\" class=\"cw-accordion__item cw-accordion__item--disabled\" open><summary class=\"cw-accordion__item-title cw-accordion__item-title--disabled\">\u00bfPuedo cambiar a otro abogado de lesiones?<\/summary><div class=\"cw-accordion__item-content\"><p>Si. Y ni siquiera necesitas una raz\u00f3n. Esto se aplica a todos los casos de lesiones personales y compensaci\u00f3n de trabajadores. La raz\u00f3n es porque la relaci\u00f3n abogado \/ cliente es contractual. Es un contrato de servicios. Pero ninguna de las partes est\u00e1 obligada a permanecer en un contrato. Por tanto, el cliente puede salir del contrato en cualquier momento. El abogado tambi\u00e9n puede hacerlo, pero si el caso est\u00e1 en litigio, entonces el abogado necesitar\u00e1 el permiso de un juez para retirarse del caso.<\/p>\n<\/div><\/details><details name=\"css-accordion-item\" class=\"cw-accordion__item cw-accordion__item--disabled\"><summary class=\"cw-accordion__item-title cw-accordion__item-title--disabled\">\u00bfQu\u00e9 pasa si el abogado no me entrega mi archivo?<\/summary><div class=\"cw-accordion__item-content\"><p>Lawyers are strictly mandated <a href=\"https:\/\/www.mass.gov\/supreme-judicial-court-rules\/supreme-judicial-court-rule-307-rules-of-professional-conduct\" target=\"_blank\" rel=\"noopener\">by the Massachusetts Rules of Professional Conduct<\/a>\u00a0to provide a client with a copy of her file upon request. If the lawyer refuses to provide the file, then that may give rise to an ethical violation that may subject the attorney to discipline.<\/p>\n<\/div><\/details><details name=\"css-accordion-item\" class=\"cw-accordion__item cw-accordion__item--disabled\"><summary class=\"cw-accordion__item-title cw-accordion__item-title--disabled\">\u00bfTerminar\u00e9 debiendo algo al abogado si cambio?<\/summary><div class=\"cw-accordion__item-content\"><p>Esta es una pregunta com\u00fan que nos hacen en nuestro bufete de abogados. La mayor\u00eda de los abogados incluyen en sus acuerdos de honorarios de contingencia un p\u00e1rrafo sobre sus derechos en caso de que el cliente los despida. Generalmente, el abogado puede cobrar m\u00e9rito cu\u00e1ntico o compensaci\u00f3n por el valor razonable de los servicios que prest\u00f3 hasta el momento de la terminaci\u00f3n. Tambi\u00e9n puede cobrar los gastos que adelant\u00f3 en el caso. Estos podr\u00edan ser cargos que pag\u00f3 para recopilar registros m\u00e9dicos y otros gastos del caso com\u00fanmente asociados con casos de lesiones personales. Con frecuencia, cuando nos hacemos cargo de un caso de lesiones personales de un abogado anterior, le damos 1\/3 de los honorarios legales generados, m\u00e1s sus gastos.<\/p>\n<\/div><\/details><\/div><\/div>\n","protected":false},"excerpt":{"rendered":"<p>Como en el caso de todas las relaciones en la vida, algunas son buenas y otras no tanto. No es diferente con las relaciones abogado \/ cliente. Algunos clientes pueden estar bastante satisfechos con su abogado, mientras que otros pueden sentirse frustrados con su abogado actual. Pueden sentirse tan frustrados que incluso quieran cambiar de [&hellip;]<\/p>\n","protected":false},"author":35,"featured_media":0,"parent":12989,"menu_order":14,"comment_status":"closed","ping_status":"closed","template":"","meta":{"_acf_changed":false,"footnotes":""},"class_list":["post-13021","page","type-page","status-publish","hentry"],"acf":[],"yoast_head":"<!-- This site is optimized with the Yoast SEO plugin v27.5 - https:\/\/yoast.com\/product\/yoast-seo-wordpress\/ -->\n<title>Preguntas Frecuentes Sobre C\u00f3mo Cambiar de Abogado de Lesiones Personales<\/title>\n<meta name=\"description\" content=\"Consulta Gratis - Ll\u00e1menos al 617-444-7777 - Earley Law Group Injury Lawyers ayuda a las v\u00edctimas y sus familias a recibir una compensaci\u00f3n por sus lesiones. Preguntas Frecuentes Sobre C\u00f3mo Cambiar de Abogado de Lesiones Personales - Boston Abogado de Accidente\" \/>\n<meta name=\"robots\" content=\"index, follow, max-snippet:-1, max-image-preview:large, max-video-preview:-1\" \/>\n<link rel=\"canonical\" href=\"https:\/\/www.chrisearley.com\/es\/preguntas-frecuentes\/preguntas-frecuentes-sobre-como-cambiar-de-abogado-de-lesiones\/\" \/>\n<meta property=\"og:locale\" content=\"es_ES\" \/>\n<meta property=\"og:type\" content=\"article\" \/>\n<meta property=\"og:title\" content=\"Preguntas Frecuentes Sobre C\u00f3mo Cambiar de Abogado de Lesiones Personales\" \/>\n<meta property=\"og:description\" content=\"Consulta Gratis - Ll\u00e1menos al 617-444-7777 - Earley Law Group Injury Lawyers ayuda a las v\u00edctimas y sus familias a recibir una compensaci\u00f3n por sus lesiones. Preguntas Frecuentes Sobre C\u00f3mo Cambiar de Abogado de Lesiones Personales - Boston Abogado de Accidente\" \/>\n<meta property=\"og:url\" content=\"https:\/\/www.chrisearley.com\/es\/preguntas-frecuentes\/preguntas-frecuentes-sobre-como-cambiar-de-abogado-de-lesiones\/\" \/>\n<meta property=\"og:site_name\" content=\"Earley Law Group Injury Lawyers\" \/>\n<meta property=\"article:publisher\" content=\"https:\/\/www.facebook.com\/Law-Offices-of-Christopher-Earley-104980886333\/\" \/>\n<meta property=\"article:modified_time\" content=\"2024-07-04T06:56:16+00:00\" \/>\n<meta property=\"og:image\" content=\"https:\/\/www.chrisearley.com\/wp-content\/uploads\/2024\/06\/fired-sign.jpg\" \/>\n<meta name=\"twitter:card\" content=\"summary_large_image\" \/>\n<meta name=\"twitter:site\" content=\"@chrisearleylaw\" \/>\n<meta name=\"twitter:label1\" content=\"Est. reading time\" \/>\n\t<meta name=\"twitter:data1\" content=\"1 minute\" \/>\n<script type=\"application\/ld+json\" class=\"yoast-schema-graph\">{\"@context\":\"https:\\\/\\\/schema.org\",\"@graph\":[{\"@type\":\"WebPage\",\"@id\":\"https:\\\/\\\/www.chrisearley.com\\\/es\\\/preguntas-frecuentes\\\/preguntas-frecuentes-sobre-como-cambiar-de-abogado-de-lesiones\\\/\",\"url\":\"https:\\\/\\\/www.chrisearley.com\\\/es\\\/preguntas-frecuentes\\\/preguntas-frecuentes-sobre-como-cambiar-de-abogado-de-lesiones\\\/\",\"name\":\"Preguntas Frecuentes Sobre C\u00f3mo Cambiar de Abogado de Lesiones Personales\",\"isPartOf\":{\"@id\":\"https:\\\/\\\/www.chrisearley.com\\\/es\\\/#website\"},\"primaryImageOfPage\":{\"@id\":\"https:\\\/\\\/www.chrisearley.com\\\/es\\\/preguntas-frecuentes\\\/preguntas-frecuentes-sobre-como-cambiar-de-abogado-de-lesiones\\\/#primaryimage\"},\"image\":{\"@id\":\"https:\\\/\\\/www.chrisearley.com\\\/es\\\/preguntas-frecuentes\\\/preguntas-frecuentes-sobre-como-cambiar-de-abogado-de-lesiones\\\/#primaryimage\"},\"thumbnailUrl\":\"https:\\\/\\\/www.chrisearley.com\\\/wp-content\\\/uploads\\\/2024\\\/06\\\/fired-sign.jpg\",\"datePublished\":\"2024-06-16T13:02:52+00:00\",\"dateModified\":\"2024-07-04T06:56:16+00:00\",\"description\":\"Consulta Gratis - Ll\u00e1menos al 617-444-7777 - Earley Law Group Injury Lawyers ayuda a las v\u00edctimas y sus familias a recibir una compensaci\u00f3n por sus lesiones. Preguntas Frecuentes Sobre C\u00f3mo Cambiar de Abogado de Lesiones Personales - Boston Abogado de Accidente\",\"breadcrumb\":{\"@id\":\"https:\\\/\\\/www.chrisearley.com\\\/es\\\/preguntas-frecuentes\\\/preguntas-frecuentes-sobre-como-cambiar-de-abogado-de-lesiones\\\/#breadcrumb\"},\"inLanguage\":\"es-US\",\"potentialAction\":[{\"@type\":\"ReadAction\",\"target\":[\"https:\\\/\\\/www.chrisearley.com\\\/es\\\/preguntas-frecuentes\\\/preguntas-frecuentes-sobre-como-cambiar-de-abogado-de-lesiones\\\/\"]}]},{\"@type\":\"ImageObject\",\"inLanguage\":\"es-US\",\"@id\":\"https:\\\/\\\/www.chrisearley.com\\\/es\\\/preguntas-frecuentes\\\/preguntas-frecuentes-sobre-como-cambiar-de-abogado-de-lesiones\\\/#primaryimage\",\"url\":\"https:\\\/\\\/www.chrisearley.com\\\/wp-content\\\/uploads\\\/2024\\\/06\\\/fired-sign.jpg\",\"contentUrl\":\"https:\\\/\\\/www.chrisearley.com\\\/wp-content\\\/uploads\\\/2024\\\/06\\\/fired-sign.jpg\"},{\"@type\":\"BreadcrumbList\",\"@id\":\"https:\\\/\\\/www.chrisearley.com\\\/es\\\/preguntas-frecuentes\\\/preguntas-frecuentes-sobre-como-cambiar-de-abogado-de-lesiones\\\/#breadcrumb\",\"itemListElement\":[{\"@type\":\"ListItem\",\"position\":1,\"name\":\"Home\",\"item\":\"https:\\\/\\\/www.chrisearley.com\\\/es\\\/\"},{\"@type\":\"ListItem\",\"position\":2,\"name\":\"Preguntas Frecuentes\",\"item\":\"https:\\\/\\\/www.chrisearley.com\\\/es\\\/preguntas-frecuentes\\\/\"},{\"@type\":\"ListItem\",\"position\":3,\"name\":\"Preguntas Frecuentes Sobre C\u00f3mo Cambiar de Abogado de Lesiones Personales\"}]},{\"@type\":\"WebSite\",\"@id\":\"https:\\\/\\\/www.chrisearley.com\\\/es\\\/#website\",\"url\":\"https:\\\/\\\/www.chrisearley.com\\\/es\\\/\",\"name\":\"Earley Law Group Injury Lawyers\",\"description\":\"\",\"publisher\":{\"@id\":\"https:\\\/\\\/www.chrisearley.com\\\/es\\\/#organization\"},\"potentialAction\":[{\"@type\":\"SearchAction\",\"target\":{\"@type\":\"EntryPoint\",\"urlTemplate\":\"https:\\\/\\\/www.chrisearley.com\\\/es\\\/?s={search_term_string}\"},\"query-input\":{\"@type\":\"PropertyValueSpecification\",\"valueRequired\":true,\"valueName\":\"search_term_string\"}}],\"inLanguage\":\"es-US\"},{\"@type\":\"Organization\",\"@id\":\"https:\\\/\\\/www.chrisearley.com\\\/es\\\/#organization\",\"name\":\"Earley Law Group Injury Lawyers\",\"url\":\"https:\\\/\\\/www.chrisearley.com\\\/es\\\/\",\"logo\":{\"@type\":\"ImageObject\",\"inLanguage\":\"es-US\",\"@id\":\"https:\\\/\\\/www.chrisearley.com\\\/es\\\/#\\\/schema\\\/logo\\\/image\\\/\",\"url\":\"https:\\\/\\\/www.chrisearley.com\\\/wp-content\\\/uploads\\\/2024\\\/05\\\/logo.png\",\"contentUrl\":\"https:\\\/\\\/www.chrisearley.com\\\/wp-content\\\/uploads\\\/2024\\\/05\\\/logo.png\",\"width\":420,\"height\":79,\"caption\":\"Earley Law Group Injury Lawyers\"},\"image\":{\"@id\":\"https:\\\/\\\/www.chrisearley.com\\\/es\\\/#\\\/schema\\\/logo\\\/image\\\/\"},\"sameAs\":[\"https:\\\/\\\/www.facebook.com\\\/Law-Offices-of-Christopher-Earley-104980886333\\\/\",\"https:\\\/\\\/x.com\\\/chrisearleylaw\",\"https:\\\/\\\/www.youtube.com\\\/user\\\/ChrisEarleyLaw\",\"https:\\\/\\\/www.linkedin.com\\\/company\\\/earley-law-group-injury-lawyers\",\"https:\\\/\\\/www.instagram.com\\\/earleylawgroupinjurylawyers\\\/\"]}]}<\/script>\n<!-- \/ Yoast SEO plugin. -->","yoast_head_json":{"title":"Preguntas Frecuentes Sobre C\u00f3mo Cambiar de Abogado de Lesiones Personales","description":"Consulta Gratis - Ll\u00e1menos al 617-444-7777 - Earley Law Group Injury Lawyers ayuda a las v\u00edctimas y sus familias a recibir una compensaci\u00f3n por sus lesiones. Preguntas Frecuentes Sobre C\u00f3mo Cambiar de Abogado de Lesiones Personales - Boston Abogado de Accidente","robots":{"index":"index","follow":"follow","max-snippet":"max-snippet:-1","max-image-preview":"max-image-preview:large","max-video-preview":"max-video-preview:-1"},"canonical":"https:\/\/www.chrisearley.com\/es\/preguntas-frecuentes\/preguntas-frecuentes-sobre-como-cambiar-de-abogado-de-lesiones\/","og_locale":"es_ES","og_type":"article","og_title":"Preguntas Frecuentes Sobre C\u00f3mo Cambiar de Abogado de Lesiones Personales","og_description":"Consulta Gratis - Ll\u00e1menos al 617-444-7777 - Earley Law Group Injury Lawyers ayuda a las v\u00edctimas y sus familias a recibir una compensaci\u00f3n por sus lesiones. Preguntas Frecuentes Sobre C\u00f3mo Cambiar de Abogado de Lesiones Personales - Boston Abogado de Accidente","og_url":"https:\/\/www.chrisearley.com\/es\/preguntas-frecuentes\/preguntas-frecuentes-sobre-como-cambiar-de-abogado-de-lesiones\/","og_site_name":"Earley Law Group Injury Lawyers","article_publisher":"https:\/\/www.facebook.com\/Law-Offices-of-Christopher-Earley-104980886333\/","article_modified_time":"2024-07-04T06:56:16+00:00","og_image":[{"url":"https:\/\/www.chrisearley.com\/wp-content\/uploads\/2024\/06\/fired-sign.jpg","type":"","width":"","height":""}],"twitter_card":"summary_large_image","twitter_site":"@chrisearleylaw","twitter_misc":{"Est. reading time":"1 minute"},"schema":{"@context":"https:\/\/schema.org","@graph":[{"@type":"WebPage","@id":"https:\/\/www.chrisearley.com\/es\/preguntas-frecuentes\/preguntas-frecuentes-sobre-como-cambiar-de-abogado-de-lesiones\/","url":"https:\/\/www.chrisearley.com\/es\/preguntas-frecuentes\/preguntas-frecuentes-sobre-como-cambiar-de-abogado-de-lesiones\/","name":"Preguntas Frecuentes Sobre C\u00f3mo Cambiar de Abogado de Lesiones Personales","isPartOf":{"@id":"https:\/\/www.chrisearley.com\/es\/#website"},"primaryImageOfPage":{"@id":"https:\/\/www.chrisearley.com\/es\/preguntas-frecuentes\/preguntas-frecuentes-sobre-como-cambiar-de-abogado-de-lesiones\/#primaryimage"},"image":{"@id":"https:\/\/www.chrisearley.com\/es\/preguntas-frecuentes\/preguntas-frecuentes-sobre-como-cambiar-de-abogado-de-lesiones\/#primaryimage"},"thumbnailUrl":"https:\/\/www.chrisearley.com\/wp-content\/uploads\/2024\/06\/fired-sign.jpg","datePublished":"2024-06-16T13:02:52+00:00","dateModified":"2024-07-04T06:56:16+00:00","description":"Consulta Gratis - Ll\u00e1menos al 617-444-7777 - Earley Law Group Injury Lawyers ayuda a las v\u00edctimas y sus familias a recibir una compensaci\u00f3n por sus lesiones. Preguntas Frecuentes Sobre C\u00f3mo Cambiar de Abogado de Lesiones Personales - Boston Abogado de Accidente","breadcrumb":{"@id":"https:\/\/www.chrisearley.com\/es\/preguntas-frecuentes\/preguntas-frecuentes-sobre-como-cambiar-de-abogado-de-lesiones\/#breadcrumb"},"inLanguage":"es-US","potentialAction":[{"@type":"ReadAction","target":["https:\/\/www.chrisearley.com\/es\/preguntas-frecuentes\/preguntas-frecuentes-sobre-como-cambiar-de-abogado-de-lesiones\/"]}]},{"@type":"ImageObject","inLanguage":"es-US","@id":"https:\/\/www.chrisearley.com\/es\/preguntas-frecuentes\/preguntas-frecuentes-sobre-como-cambiar-de-abogado-de-lesiones\/#primaryimage","url":"https:\/\/www.chrisearley.com\/wp-content\/uploads\/2024\/06\/fired-sign.jpg","contentUrl":"https:\/\/www.chrisearley.com\/wp-content\/uploads\/2024\/06\/fired-sign.jpg"},{"@type":"BreadcrumbList","@id":"https:\/\/www.chrisearley.com\/es\/preguntas-frecuentes\/preguntas-frecuentes-sobre-como-cambiar-de-abogado-de-lesiones\/#breadcrumb","itemListElement":[{"@type":"ListItem","position":1,"name":"Home","item":"https:\/\/www.chrisearley.com\/es\/"},{"@type":"ListItem","position":2,"name":"Preguntas Frecuentes","item":"https:\/\/www.chrisearley.com\/es\/preguntas-frecuentes\/"},{"@type":"ListItem","position":3,"name":"Preguntas Frecuentes Sobre C\u00f3mo Cambiar de Abogado de Lesiones Personales"}]},{"@type":"WebSite","@id":"https:\/\/www.chrisearley.com\/es\/#website","url":"https:\/\/www.chrisearley.com\/es\/","name":"Earley Law Group Injury Lawyers","description":"","publisher":{"@id":"https:\/\/www.chrisearley.com\/es\/#organization"},"potentialAction":[{"@type":"SearchAction","target":{"@type":"EntryPoint","urlTemplate":"https:\/\/www.chrisearley.com\/es\/?s={search_term_string}"},"query-input":{"@type":"PropertyValueSpecification","valueRequired":true,"valueName":"search_term_string"}}],"inLanguage":"es-US"},{"@type":"Organization","@id":"https:\/\/www.chrisearley.com\/es\/#organization","name":"Earley Law Group Injury Lawyers","url":"https:\/\/www.chrisearley.com\/es\/","logo":{"@type":"ImageObject","inLanguage":"es-US","@id":"https:\/\/www.chrisearley.com\/es\/#\/schema\/logo\/image\/","url":"https:\/\/www.chrisearley.com\/wp-content\/uploads\/2024\/05\/logo.png","contentUrl":"https:\/\/www.chrisearley.com\/wp-content\/uploads\/2024\/05\/logo.png","width":420,"height":79,"caption":"Earley Law Group Injury Lawyers"},"image":{"@id":"https:\/\/www.chrisearley.com\/es\/#\/schema\/logo\/image\/"},"sameAs":["https:\/\/www.facebook.com\/Law-Offices-of-Christopher-Earley-104980886333\/","https:\/\/x.com\/chrisearleylaw","https:\/\/www.youtube.com\/user\/ChrisEarleyLaw","https:\/\/www.linkedin.com\/company\/earley-law-group-injury-lawyers","https:\/\/www.instagram.com\/earleylawgroupinjurylawyers\/"]}]}},"_links":{"self":[{"href":"https:\/\/www.chrisearley.com\/es\/wp-json\/wp\/v2\/pages\/13021","targetHints":{"allow":["GET"]}}],"collection":[{"href":"https:\/\/www.chrisearley.com\/es\/wp-json\/wp\/v2\/pages"}],"about":[{"href":"https:\/\/www.chrisearley.com\/es\/wp-json\/wp\/v2\/types\/page"}],"author":[{"embeddable":true,"href":"https:\/\/www.chrisearley.com\/es\/wp-json\/wp\/v2\/users\/35"}],"replies":[{"embeddable":true,"href":"https:\/\/www.chrisearley.com\/es\/wp-json\/wp\/v2\/comments?post=13021"}],"version-history":[{"count":0,"href":"https:\/\/www.chrisearley.com\/es\/wp-json\/wp\/v2\/pages\/13021\/revisions"}],"up":[{"embeddable":true,"href":"https:\/\/www.chrisearley.com\/es\/wp-json\/wp\/v2\/pages\/12989"}],"wp:attachment":[{"href":"https:\/\/www.chrisearley.com\/es\/wp-json\/wp\/v2\/media?parent=13021"}],"curies":[{"name":"wp","href":"https:\/\/api.w.org\/{rel}","templated":true}]}}