{"id":13007,"date":"2024-06-16T13:02:22","date_gmt":"2024-06-16T13:02:22","guid":{"rendered":"https:\/\/www.chrisearley.com\/?page_id=13007"},"modified":"2024-07-04T06:55:58","modified_gmt":"2024-07-04T06:55:58","slug":"preguntas-frecuentes-sobre-accidentes-de-carro","status":"publish","type":"page","link":"https:\/\/www.chrisearley.com\/es\/preguntas-frecuentes\/preguntas-frecuentes-sobre-accidentes-de-carro\/","title":{"rendered":"Preguntas Frecuentes Sobre Accidentes de Carro"},"content":{"rendered":"<p>Casi todos en alg\u00fan momento estaremos involucrados en un accidente automovil\u00edstico. A veces, estos accidentes son leves y nadie resulta herido. Otras veces, con accidentes automovil\u00edsticos m\u00e1s graves, pueden producirse lesiones personales graves. No importa qu\u00e9 tipo de accidente automovil\u00edstico haya tenido en Massachusetts, aqu\u00ed hay algunas preguntas frecuentes que, con suerte, lo ayudar\u00e1n a avanzar de la mejor manera posible.<\/p>\n<img loading=\"lazy\" decoding=\"async\" class=\"size-full wp-image-7881 aligncenter\" src=\"https:\/\/www.chrisearley.com\/wp-content\/uploads\/2024\/06\/conference-small.jpg\" alt=\"conference\" width=\"223\" height=\"300\" \/>\n\n                <div class=\"cw-accordion  cw-accordion--disabled\" data-all-open=\"false\" data-accordion-enabled=\"false\">\n                    <div class=\"cw-accordion__wrapper\">\n                <details name=\"css-accordion-item\" class=\"cw-accordion__item cw-accordion__item--disabled\" open><summary class=\"cw-accordion__item-title cw-accordion__item-title--disabled\">\u00bfNecesito dinero por adelantado para contratarlo?<\/summary><div class=\"cw-accordion__item-content\"><p>\u00a1No! Mi oficina solo recibe un pago si logramos un acuerdo o, si su caso llega a juicio, una victoria en el juicio. Mi oficina cobra el 33 1\/3% est\u00e1ndar como tarifa legal.<\/p>\n<\/div><\/details><details name=\"css-accordion-item\" class=\"cw-accordion__item cw-accordion__item--disabled\"><summary class=\"cw-accordion__item-title cw-accordion__item-title--disabled\">\u00bfTengo un caso?<\/summary><div class=\"cw-accordion__item-content\"><p>Esto depende de varios factores. \u00bfEstabas herido? \u00bfAlguien es responsable de su lesi\u00f3n? Hay seguro? \u00bfHa pasado el estatuto de limitaciones? B\u00e1sicamente, esta pregunta no tiene una respuesta est\u00e1ndar, sino que depende de varios factores.<\/p>\n<\/div><\/details><details name=\"css-accordion-item\" class=\"cw-accordion__item cw-accordion__item--disabled\"><summary class=\"cw-accordion__item-title cw-accordion__item-title--disabled\">\u00bfTendr\u00e9 que ir a juicio?<\/summary><div class=\"cw-accordion__item-content\"><p>La mayor\u00eda de los casos se resuelven antes del juicio. Sin embargo, siempre existe la posibilidad de que su caso vaya a juicio si las partes no pueden llegar a un acuerdo.<\/p>\n<\/div><\/details><details name=\"css-accordion-item\" class=\"cw-accordion__item cw-accordion__item--disabled\"><summary class=\"cw-accordion__item-title cw-accordion__item-title--disabled\">\u00bfCu\u00e1nto tiempo tengo para presentar una reclamaci\u00f3n?<\/summary><div class=\"cw-accordion__item-content\"><p>En Massachusetts, algunas reclamaciones tienen un estatuto de limitaciones m\u00e1s largo o m\u00e1s corto. Muchas reclamaciones tienen un estatuto de limitaciones de tres a\u00f1os en Massachusetts, pero algunas no. Cada caso es espec\u00edfico de un hecho.<\/p>\n<\/div><\/details><details name=\"css-accordion-item\" class=\"cw-accordion__item cw-accordion__item--disabled\"><summary class=\"cw-accordion__item-title cw-accordion__item-title--disabled\">Si rechazo el transporte en ambulancia, \u00bfsignifica eso que no tengo un caso?<\/summary><div class=\"cw-accordion__item-content\"><p>No. El hecho de que no lo hayan sacado de la escena de su accidente en ambulancia no significa que no tenga un caso.<\/p>\n<\/div><\/details><details name=\"css-accordion-item\" class=\"cw-accordion__item cw-accordion__item--disabled\"><summary class=\"cw-accordion__item-title cw-accordion__item-title--disabled\">\u00bfCu\u00e1nto cobra por una consulta inicial?<\/summary><div class=\"cw-accordion__item-content\"><p>Nuestra oficina no cobra nada por las consultas. El abogado de <a href=\"https:\/\/www.chrisearley.com\/es\/accidentes-de-automoviles\/\">accidentes automovil\u00edsticos<\/a>\u00a0de Boston, Christopher Earley, ha manejado con \u00e9xito cientos de casos de accidentes automovil\u00edsticos en Massachusetts.<\/p>\n<\/div><\/details><details name=\"css-accordion-item\" class=\"cw-accordion__item cw-accordion__item--disabled\"><summary class=\"cw-accordion__item-title cw-accordion__item-title--disabled\">\u00bfC\u00f3mo se pagan las facturas m\u00e9dicas?<\/summary><div class=\"cw-accordion__item-content\"><p>Massachusetts es un estado de seguros de autom\u00f3viles sin culpa. Tenemos en el Commonwealth algo llamado PIP. Esto significa beneficios de protecci\u00f3n contra lesiones personales. El seguro de autom\u00f3vil para el autom\u00f3vil en el que se encontraba en el momento del accidente de autom\u00f3vil en Boston pagar\u00e1 hasta $8000 en facturas m\u00e9dicas y salarios perdidos. Esta cantidad total se puede utilizar exclusivamente para facturas m\u00e9dicas, salarios perdidos o una combinaci\u00f3n de ambos.<\/p>\n<\/div><\/details><details name=\"css-accordion-item\" class=\"cw-accordion__item cw-accordion__item--disabled\"><summary class=\"cw-accordion__item-title cw-accordion__item-title--disabled\">\u00bfPuedo obtener un acuerdo por dolor y sufrimiento?<\/summary><div class=\"cw-accordion__item-content\"><p>Si. Siempre que sus facturas m\u00e9dicas por el accidente sumen al menos $ 2000, entonces puede presentar una reclamaci\u00f3n por dolor y sufrimiento.<\/p>\n<\/div><\/details><details name=\"css-accordion-item\" class=\"cw-accordion__item cw-accordion__item--disabled\"><summary class=\"cw-accordion__item-title cw-accordion__item-title--disabled\">\u00bfCu\u00e1l es el estatuto de limitaciones para accidentes automovil\u00edsticos en Massachusetts?<\/summary><div class=\"cw-accordion__item-content\"><p><a href=\"https:\/\/www.chrisearley.com\/blog\/massachusetts-personal-injury-statutes-of-limitations\/\" rel=\"noopener\">El estatuto de limitaciones<\/a>\u00a0para accidentes automovil\u00edsticos en Massachusetts es de tres a\u00f1os. Aunque es diferente para los menores. Adem\u00e1s, algunas entidades\u00a0<a href=\"https:\/\/www.chrisearley.com\/es\/accidentes-de-automoviles\/accidente-de-transito-mbta\/\">como MBTA<\/a>\u00a0tienen requisitos de notificaci\u00f3n estrictos que deben seguirse.<\/p>\n<\/div><\/details><details name=\"css-accordion-item\" class=\"cw-accordion__item cw-accordion__item--disabled\"><summary class=\"cw-accordion__item-title cw-accordion__item-title--disabled\">\u00bfSon tributables los asentamientos?<\/summary><div class=\"cw-accordion__item-content\"><p>Tanto en Massachusetts como en la ley federal, <a href=\"https:\/\/www.chrisearley.com\/blog\/are-personal-in\/\" rel=\"noopener\">los acuerdos por accidentes de tr\u00e1fico no se consideran ingresos<\/a>\u00a0y, por lo tanto, no est\u00e1n sujetos a impuestos.<\/p>\n<\/div><\/details><details name=\"css-accordion-item\" class=\"cw-accordion__item cw-accordion__item--disabled\"><summary class=\"cw-accordion__item-title cw-accordion__item-title--disabled\">\u00bfCu\u00e1nto vale mi caso?<\/summary><div class=\"cw-accordion__item-content\"><p>Esa es una pregunta dif\u00edcil y depende de varios factores. Algunos factores incluyen si la responsabilidad es clara, el monto de las facturas m\u00e9dicas y los salarios perdidos, el tipo de lesi\u00f3n, si las lesiones se han curado o ser\u00e1n permanentes, grav\u00e1menes, etc.<\/p>\n<\/div><\/details><details name=\"css-accordion-item\" class=\"cw-accordion__item cw-accordion__item--disabled\"><summary class=\"cw-accordion__item-title cw-accordion__item-title--disabled\">\u00bfQu\u00e9 pasa si fui parcialmente culpable?<\/summary><div class=\"cw-accordion__item-content\"><p>La ley de Massachusetts dice que siempre que no tenga m\u00e1s del 50% de la culpa, a\u00fan puede presentar una demanda por lesiones corporales. Esto se llama <a href=\"https:\/\/www.chrisearley.com\/blog\/comparative-negligence-massachusetts-personal-injury\/\" rel=\"noopener\">legalmente negligencia comparativa<\/a>.<\/p>\n<\/div><\/details><details name=\"css-accordion-item\" class=\"cw-accordion__item cw-accordion__item--disabled\"><summary class=\"cw-accordion__item-title cw-accordion__item-title--disabled\">\u00bfNecesito un abogado de accidentes automovil\u00edsticos que me represente?<\/summary><div class=\"cw-accordion__item-content\"><p>Es inteligente contratar a un abogado de <a href=\"https:\/\/www.chrisearley.com\/es\/accidentes-de-automoviles\/\">accidentes automovil\u00edsticos<\/a>\u00a0para que lo represente. Esto asegurar\u00e1 que obtenga todo lo que se le debe despu\u00e9s del accidente.<\/p>\n<\/div><\/details><\/div><\/div>\n","protected":false},"excerpt":{"rendered":"<p>Casi todos en alg\u00fan momento estaremos involucrados en un accidente automovil\u00edstico. A veces, estos accidentes son leves y nadie resulta herido. Otras veces, con accidentes automovil\u00edsticos m\u00e1s graves, pueden producirse lesiones personales graves. No importa qu\u00e9 tipo de accidente automovil\u00edstico haya tenido en Massachusetts, aqu\u00ed hay algunas preguntas frecuentes que, con suerte, lo ayudar\u00e1n a [&hellip;]<\/p>\n","protected":false},"author":35,"featured_media":0,"parent":12989,"menu_order":6,"comment_status":"closed","ping_status":"closed","template":"","meta":{"_acf_changed":false,"footnotes":""},"class_list":["post-13007","page","type-page","status-publish","hentry"],"acf":[],"yoast_head":"<!-- This site is optimized with the Yoast SEO plugin v27.5 - https:\/\/yoast.com\/product\/yoast-seo-wordpress\/ -->\n<title>Preguntas Frecuentes Sobre Accidentes de Carro | Boston Abogado de Lesi\u00f3n en Auto<\/title>\n<meta name=\"description\" content=\"Consulta Gratis - Ll\u00e1menos al 617-444-7777 - Earley Law Group Injury Lawyers ayuda a las v\u00edctimas y sus familias a recibir una compensaci\u00f3n por sus lesiones. Preguntas Frecuentes Sobre Accidentes de Carro - Boston Abogado de Lesi\u00f3n en Auto\" \/>\n<meta name=\"robots\" content=\"index, follow, max-snippet:-1, max-image-preview:large, max-video-preview:-1\" \/>\n<link rel=\"canonical\" href=\"https:\/\/www.chrisearley.com\/es\/preguntas-frecuentes\/preguntas-frecuentes-sobre-accidentes-de-carro\/\" \/>\n<meta property=\"og:locale\" content=\"es_ES\" \/>\n<meta property=\"og:type\" content=\"article\" \/>\n<meta property=\"og:title\" content=\"Preguntas Frecuentes Sobre Accidentes de Carro | Boston Abogado de Lesi\u00f3n en Auto\" \/>\n<meta property=\"og:description\" content=\"Consulta Gratis - Ll\u00e1menos al 617-444-7777 - Earley Law Group Injury Lawyers ayuda a las v\u00edctimas y sus familias a recibir una compensaci\u00f3n por sus lesiones. Preguntas Frecuentes Sobre Accidentes de Carro - Boston Abogado de Lesi\u00f3n en Auto\" \/>\n<meta property=\"og:url\" content=\"https:\/\/www.chrisearley.com\/es\/preguntas-frecuentes\/preguntas-frecuentes-sobre-accidentes-de-carro\/\" \/>\n<meta property=\"og:site_name\" content=\"Earley Law Group Injury Lawyers\" \/>\n<meta property=\"article:publisher\" content=\"https:\/\/www.facebook.com\/Law-Offices-of-Christopher-Earley-104980886333\/\" \/>\n<meta property=\"article:modified_time\" content=\"2024-07-04T06:55:58+00:00\" \/>\n<meta property=\"og:image\" content=\"https:\/\/www.chrisearley.com\/wp-content\/uploads\/2024\/06\/conference-small.jpg\" \/>\n<meta name=\"twitter:card\" content=\"summary_large_image\" \/>\n<meta name=\"twitter:site\" content=\"@chrisearleylaw\" \/>\n<meta name=\"twitter:label1\" content=\"Est. reading time\" \/>\n\t<meta name=\"twitter:data1\" content=\"1 minute\" \/>\n<script type=\"application\/ld+json\" class=\"yoast-schema-graph\">{\"@context\":\"https:\\\/\\\/schema.org\",\"@graph\":[{\"@type\":\"WebPage\",\"@id\":\"https:\\\/\\\/www.chrisearley.com\\\/es\\\/preguntas-frecuentes\\\/preguntas-frecuentes-sobre-accidentes-de-carro\\\/\",\"url\":\"https:\\\/\\\/www.chrisearley.com\\\/es\\\/preguntas-frecuentes\\\/preguntas-frecuentes-sobre-accidentes-de-carro\\\/\",\"name\":\"Preguntas Frecuentes Sobre Accidentes de Carro | Boston Abogado de Lesi\u00f3n en Auto\",\"isPartOf\":{\"@id\":\"https:\\\/\\\/www.chrisearley.com\\\/es\\\/#website\"},\"primaryImageOfPage\":{\"@id\":\"https:\\\/\\\/www.chrisearley.com\\\/es\\\/preguntas-frecuentes\\\/preguntas-frecuentes-sobre-accidentes-de-carro\\\/#primaryimage\"},\"image\":{\"@id\":\"https:\\\/\\\/www.chrisearley.com\\\/es\\\/preguntas-frecuentes\\\/preguntas-frecuentes-sobre-accidentes-de-carro\\\/#primaryimage\"},\"thumbnailUrl\":\"https:\\\/\\\/www.chrisearley.com\\\/wp-content\\\/uploads\\\/2024\\\/06\\\/conference-small.jpg\",\"datePublished\":\"2024-06-16T13:02:22+00:00\",\"dateModified\":\"2024-07-04T06:55:58+00:00\",\"description\":\"Consulta Gratis - Ll\u00e1menos al 617-444-7777 - Earley Law Group Injury Lawyers ayuda a las v\u00edctimas y sus familias a recibir una compensaci\u00f3n por sus lesiones. Preguntas Frecuentes Sobre Accidentes de Carro - Boston Abogado de Lesi\u00f3n en Auto\",\"breadcrumb\":{\"@id\":\"https:\\\/\\\/www.chrisearley.com\\\/es\\\/preguntas-frecuentes\\\/preguntas-frecuentes-sobre-accidentes-de-carro\\\/#breadcrumb\"},\"inLanguage\":\"es-US\",\"potentialAction\":[{\"@type\":\"ReadAction\",\"target\":[\"https:\\\/\\\/www.chrisearley.com\\\/es\\\/preguntas-frecuentes\\\/preguntas-frecuentes-sobre-accidentes-de-carro\\\/\"]}]},{\"@type\":\"ImageObject\",\"inLanguage\":\"es-US\",\"@id\":\"https:\\\/\\\/www.chrisearley.com\\\/es\\\/preguntas-frecuentes\\\/preguntas-frecuentes-sobre-accidentes-de-carro\\\/#primaryimage\",\"url\":\"https:\\\/\\\/www.chrisearley.com\\\/wp-content\\\/uploads\\\/2024\\\/06\\\/conference-small.jpg\",\"contentUrl\":\"https:\\\/\\\/www.chrisearley.com\\\/wp-content\\\/uploads\\\/2024\\\/06\\\/conference-small.jpg\"},{\"@type\":\"BreadcrumbList\",\"@id\":\"https:\\\/\\\/www.chrisearley.com\\\/es\\\/preguntas-frecuentes\\\/preguntas-frecuentes-sobre-accidentes-de-carro\\\/#breadcrumb\",\"itemListElement\":[{\"@type\":\"ListItem\",\"position\":1,\"name\":\"Home\",\"item\":\"https:\\\/\\\/www.chrisearley.com\\\/es\\\/\"},{\"@type\":\"ListItem\",\"position\":2,\"name\":\"Preguntas Frecuentes\",\"item\":\"https:\\\/\\\/www.chrisearley.com\\\/es\\\/preguntas-frecuentes\\\/\"},{\"@type\":\"ListItem\",\"position\":3,\"name\":\"Preguntas Frecuentes Sobre Accidentes de Carro\"}]},{\"@type\":\"WebSite\",\"@id\":\"https:\\\/\\\/www.chrisearley.com\\\/es\\\/#website\",\"url\":\"https:\\\/\\\/www.chrisearley.com\\\/es\\\/\",\"name\":\"Earley Law Group Injury Lawyers\",\"description\":\"\",\"publisher\":{\"@id\":\"https:\\\/\\\/www.chrisearley.com\\\/es\\\/#organization\"},\"potentialAction\":[{\"@type\":\"SearchAction\",\"target\":{\"@type\":\"EntryPoint\",\"urlTemplate\":\"https:\\\/\\\/www.chrisearley.com\\\/es\\\/?s={search_term_string}\"},\"query-input\":{\"@type\":\"PropertyValueSpecification\",\"valueRequired\":true,\"valueName\":\"search_term_string\"}}],\"inLanguage\":\"es-US\"},{\"@type\":\"Organization\",\"@id\":\"https:\\\/\\\/www.chrisearley.com\\\/es\\\/#organization\",\"name\":\"Earley Law Group Injury Lawyers\",\"url\":\"https:\\\/\\\/www.chrisearley.com\\\/es\\\/\",\"logo\":{\"@type\":\"ImageObject\",\"inLanguage\":\"es-US\",\"@id\":\"https:\\\/\\\/www.chrisearley.com\\\/es\\\/#\\\/schema\\\/logo\\\/image\\\/\",\"url\":\"https:\\\/\\\/www.chrisearley.com\\\/wp-content\\\/uploads\\\/2024\\\/05\\\/logo.png\",\"contentUrl\":\"https:\\\/\\\/www.chrisearley.com\\\/wp-content\\\/uploads\\\/2024\\\/05\\\/logo.png\",\"width\":420,\"height\":79,\"caption\":\"Earley Law Group Injury Lawyers\"},\"image\":{\"@id\":\"https:\\\/\\\/www.chrisearley.com\\\/es\\\/#\\\/schema\\\/logo\\\/image\\\/\"},\"sameAs\":[\"https:\\\/\\\/www.facebook.com\\\/Law-Offices-of-Christopher-Earley-104980886333\\\/\",\"https:\\\/\\\/x.com\\\/chrisearleylaw\",\"https:\\\/\\\/www.youtube.com\\\/user\\\/ChrisEarleyLaw\",\"https:\\\/\\\/www.linkedin.com\\\/company\\\/earley-law-group-injury-lawyers\",\"https:\\\/\\\/www.instagram.com\\\/earleylawgroupinjurylawyers\\\/\"]}]}<\/script>\n<!-- \/ Yoast SEO plugin. -->","yoast_head_json":{"title":"Preguntas Frecuentes Sobre Accidentes de Carro | Boston Abogado de Lesi\u00f3n en Auto","description":"Consulta Gratis - Ll\u00e1menos al 617-444-7777 - Earley Law Group Injury Lawyers ayuda a las v\u00edctimas y sus familias a recibir una compensaci\u00f3n por sus lesiones. Preguntas Frecuentes Sobre Accidentes de Carro - Boston Abogado de Lesi\u00f3n en Auto","robots":{"index":"index","follow":"follow","max-snippet":"max-snippet:-1","max-image-preview":"max-image-preview:large","max-video-preview":"max-video-preview:-1"},"canonical":"https:\/\/www.chrisearley.com\/es\/preguntas-frecuentes\/preguntas-frecuentes-sobre-accidentes-de-carro\/","og_locale":"es_ES","og_type":"article","og_title":"Preguntas Frecuentes Sobre Accidentes de Carro | Boston Abogado de Lesi\u00f3n en Auto","og_description":"Consulta Gratis - Ll\u00e1menos al 617-444-7777 - Earley Law Group Injury Lawyers ayuda a las v\u00edctimas y sus familias a recibir una compensaci\u00f3n por sus lesiones. Preguntas Frecuentes Sobre Accidentes de Carro - Boston Abogado de Lesi\u00f3n en Auto","og_url":"https:\/\/www.chrisearley.com\/es\/preguntas-frecuentes\/preguntas-frecuentes-sobre-accidentes-de-carro\/","og_site_name":"Earley Law Group Injury Lawyers","article_publisher":"https:\/\/www.facebook.com\/Law-Offices-of-Christopher-Earley-104980886333\/","article_modified_time":"2024-07-04T06:55:58+00:00","og_image":[{"url":"https:\/\/www.chrisearley.com\/wp-content\/uploads\/2024\/06\/conference-small.jpg","type":"","width":"","height":""}],"twitter_card":"summary_large_image","twitter_site":"@chrisearleylaw","twitter_misc":{"Est. reading time":"1 minute"},"schema":{"@context":"https:\/\/schema.org","@graph":[{"@type":"WebPage","@id":"https:\/\/www.chrisearley.com\/es\/preguntas-frecuentes\/preguntas-frecuentes-sobre-accidentes-de-carro\/","url":"https:\/\/www.chrisearley.com\/es\/preguntas-frecuentes\/preguntas-frecuentes-sobre-accidentes-de-carro\/","name":"Preguntas Frecuentes Sobre Accidentes de Carro | Boston Abogado de Lesi\u00f3n en Auto","isPartOf":{"@id":"https:\/\/www.chrisearley.com\/es\/#website"},"primaryImageOfPage":{"@id":"https:\/\/www.chrisearley.com\/es\/preguntas-frecuentes\/preguntas-frecuentes-sobre-accidentes-de-carro\/#primaryimage"},"image":{"@id":"https:\/\/www.chrisearley.com\/es\/preguntas-frecuentes\/preguntas-frecuentes-sobre-accidentes-de-carro\/#primaryimage"},"thumbnailUrl":"https:\/\/www.chrisearley.com\/wp-content\/uploads\/2024\/06\/conference-small.jpg","datePublished":"2024-06-16T13:02:22+00:00","dateModified":"2024-07-04T06:55:58+00:00","description":"Consulta Gratis - Ll\u00e1menos al 617-444-7777 - Earley Law Group Injury Lawyers ayuda a las v\u00edctimas y sus familias a recibir una compensaci\u00f3n por sus lesiones. Preguntas Frecuentes Sobre Accidentes de Carro - Boston Abogado de Lesi\u00f3n en Auto","breadcrumb":{"@id":"https:\/\/www.chrisearley.com\/es\/preguntas-frecuentes\/preguntas-frecuentes-sobre-accidentes-de-carro\/#breadcrumb"},"inLanguage":"es-US","potentialAction":[{"@type":"ReadAction","target":["https:\/\/www.chrisearley.com\/es\/preguntas-frecuentes\/preguntas-frecuentes-sobre-accidentes-de-carro\/"]}]},{"@type":"ImageObject","inLanguage":"es-US","@id":"https:\/\/www.chrisearley.com\/es\/preguntas-frecuentes\/preguntas-frecuentes-sobre-accidentes-de-carro\/#primaryimage","url":"https:\/\/www.chrisearley.com\/wp-content\/uploads\/2024\/06\/conference-small.jpg","contentUrl":"https:\/\/www.chrisearley.com\/wp-content\/uploads\/2024\/06\/conference-small.jpg"},{"@type":"BreadcrumbList","@id":"https:\/\/www.chrisearley.com\/es\/preguntas-frecuentes\/preguntas-frecuentes-sobre-accidentes-de-carro\/#breadcrumb","itemListElement":[{"@type":"ListItem","position":1,"name":"Home","item":"https:\/\/www.chrisearley.com\/es\/"},{"@type":"ListItem","position":2,"name":"Preguntas Frecuentes","item":"https:\/\/www.chrisearley.com\/es\/preguntas-frecuentes\/"},{"@type":"ListItem","position":3,"name":"Preguntas Frecuentes Sobre Accidentes de Carro"}]},{"@type":"WebSite","@id":"https:\/\/www.chrisearley.com\/es\/#website","url":"https:\/\/www.chrisearley.com\/es\/","name":"Earley Law Group Injury Lawyers","description":"","publisher":{"@id":"https:\/\/www.chrisearley.com\/es\/#organization"},"potentialAction":[{"@type":"SearchAction","target":{"@type":"EntryPoint","urlTemplate":"https:\/\/www.chrisearley.com\/es\/?s={search_term_string}"},"query-input":{"@type":"PropertyValueSpecification","valueRequired":true,"valueName":"search_term_string"}}],"inLanguage":"es-US"},{"@type":"Organization","@id":"https:\/\/www.chrisearley.com\/es\/#organization","name":"Earley Law Group Injury Lawyers","url":"https:\/\/www.chrisearley.com\/es\/","logo":{"@type":"ImageObject","inLanguage":"es-US","@id":"https:\/\/www.chrisearley.com\/es\/#\/schema\/logo\/image\/","url":"https:\/\/www.chrisearley.com\/wp-content\/uploads\/2024\/05\/logo.png","contentUrl":"https:\/\/www.chrisearley.com\/wp-content\/uploads\/2024\/05\/logo.png","width":420,"height":79,"caption":"Earley Law Group Injury Lawyers"},"image":{"@id":"https:\/\/www.chrisearley.com\/es\/#\/schema\/logo\/image\/"},"sameAs":["https:\/\/www.facebook.com\/Law-Offices-of-Christopher-Earley-104980886333\/","https:\/\/x.com\/chrisearleylaw","https:\/\/www.youtube.com\/user\/ChrisEarleyLaw","https:\/\/www.linkedin.com\/company\/earley-law-group-injury-lawyers","https:\/\/www.instagram.com\/earleylawgroupinjurylawyers\/"]}]}},"_links":{"self":[{"href":"https:\/\/www.chrisearley.com\/es\/wp-json\/wp\/v2\/pages\/13007","targetHints":{"allow":["GET"]}}],"collection":[{"href":"https:\/\/www.chrisearley.com\/es\/wp-json\/wp\/v2\/pages"}],"about":[{"href":"https:\/\/www.chrisearley.com\/es\/wp-json\/wp\/v2\/types\/page"}],"author":[{"embeddable":true,"href":"https:\/\/www.chrisearley.com\/es\/wp-json\/wp\/v2\/users\/35"}],"replies":[{"embeddable":true,"href":"https:\/\/www.chrisearley.com\/es\/wp-json\/wp\/v2\/comments?post=13007"}],"version-history":[{"count":0,"href":"https:\/\/www.chrisearley.com\/es\/wp-json\/wp\/v2\/pages\/13007\/revisions"}],"up":[{"embeddable":true,"href":"https:\/\/www.chrisearley.com\/es\/wp-json\/wp\/v2\/pages\/12989"}],"wp:attachment":[{"href":"https:\/\/www.chrisearley.com\/es\/wp-json\/wp\/v2\/media?parent=13007"}],"curies":[{"name":"wp","href":"https:\/\/api.w.org\/{rel}","templated":true}]}}