{"id":12872,"date":"2024-06-14T08:33:48","date_gmt":"2024-06-14T08:33:48","guid":{"rendered":"https:\/\/www.chrisearley.com\/?page_id=12872"},"modified":"2026-04-02T22:23:14","modified_gmt":"2026-04-02T22:23:14","slug":"libros-gratis","status":"publish","type":"page","link":"https:\/\/www.chrisearley.com\/es\/libros-gratis\/","title":{"rendered":"Libros Gratis"},"content":{"rendered":"<h2>Ofrecemos gu\u00edas para el consumidor GRATUITAS que le ayudar\u00e1n a tomar las mejores decisiones posibles para su asunto legal<\/h2>\n<p>The Truth Series es una colecci\u00f3n GRATUITA de gu\u00edas para el consumidor que tiene como objetivo ayudar a las personas a tomar las mejores decisiones posibles para su caso. De esa manera, pueden evitar ser\u00a0estafados\u00a0por una compa\u00f1\u00eda de seguros. Aseg\u00farese de leer estas gu\u00edas para estar armado con la informaci\u00f3n necesaria para luchar contra la compa\u00f1\u00eda de seguros. Por supuesto, si est\u00e1 manejando su caso sin un abogado, tenga mucho cuidado, ya que las trampillas le esperan de la compa\u00f1\u00eda de seguros.<\/p>\n","protected":false},"excerpt":{"rendered":"<p>Ofrecemos gu\u00edas para el consumidor GRATUITAS que le ayudar\u00e1n a tomar las mejores decisiones posibles para su asunto legal The Truth Series es una colecci\u00f3n GRATUITA de gu\u00edas para el consumidor que tiene como objetivo ayudar a las personas a tomar las mejores decisiones posibles para su caso. De esa manera, pueden evitar ser\u00a0estafados\u00a0por una [&hellip;]<\/p>\n","protected":false},"author":35,"featured_media":0,"parent":0,"menu_order":693,"comment_status":"closed","ping_status":"closed","template":"archive-e-book.php","meta":{"_acf_changed":false,"footnotes":""},"class_list":["post-12872","page","type-page","status-publish","hentry"],"acf":[],"yoast_head":"<!-- This site is optimized with the Yoast SEO plugin v27.5 - https:\/\/yoast.com\/product\/yoast-seo-wordpress\/ -->\n<title>Libros Gratis | Boston Abogado de Compensaci\u00f3n al Trabajador<\/title>\n<meta name=\"description\" content=\"Consulta Gratis - Ll\u00e1menos al 617-444-7777 - Earley Law Group Injury Lawyers ayuda a las v\u00edctimas y sus familias a recibir una compensaci\u00f3n por sus lesiones. Libros Gratis - Boston Abogado de Compensaci\u00f3n al Trabajador\" \/>\n<meta name=\"robots\" content=\"index, follow, max-snippet:-1, max-image-preview:large, max-video-preview:-1\" \/>\n<link rel=\"canonical\" href=\"https:\/\/www.chrisearley.com\/es\/libros-gratis\/\" \/>\n<meta property=\"og:locale\" content=\"es_ES\" \/>\n<meta property=\"og:type\" content=\"article\" \/>\n<meta property=\"og:title\" content=\"Libros Gratis | Boston Abogado de Compensaci\u00f3n al Trabajador\" \/>\n<meta property=\"og:description\" content=\"Consulta Gratis - Ll\u00e1menos al 617-444-7777 - Earley Law Group Injury Lawyers ayuda a las v\u00edctimas y sus familias a recibir una compensaci\u00f3n por sus lesiones. Libros Gratis - Boston Abogado de Compensaci\u00f3n al Trabajador\" \/>\n<meta property=\"og:url\" content=\"https:\/\/www.chrisearley.com\/es\/libros-gratis\/\" \/>\n<meta property=\"og:site_name\" content=\"Earley Law Group Injury Lawyers\" \/>\n<meta property=\"article:publisher\" content=\"https:\/\/www.facebook.com\/Law-Offices-of-Christopher-Earley-104980886333\/\" \/>\n<meta property=\"article:modified_time\" content=\"2026-04-02T22:23:14+00:00\" \/>\n<meta name=\"twitter:card\" content=\"summary_large_image\" \/>\n<meta name=\"twitter:site\" content=\"@chrisearleylaw\" \/>\n<meta name=\"twitter:label1\" content=\"Est. reading time\" \/>\n\t<meta name=\"twitter:data1\" content=\"1 minute\" \/>\n<script type=\"application\/ld+json\" class=\"yoast-schema-graph\">{\"@context\":\"https:\\\/\\\/schema.org\",\"@graph\":[{\"@type\":\"WebPage\",\"@id\":\"https:\\\/\\\/www.chrisearley.com\\\/es\\\/libros-gratis\\\/\",\"url\":\"https:\\\/\\\/www.chrisearley.com\\\/es\\\/libros-gratis\\\/\",\"name\":\"Libros Gratis | Boston Abogado de Compensaci\u00f3n al Trabajador\",\"isPartOf\":{\"@id\":\"https:\\\/\\\/www.chrisearley.com\\\/es\\\/#website\"},\"datePublished\":\"2024-06-14T08:33:48+00:00\",\"dateModified\":\"2026-04-02T22:23:14+00:00\",\"description\":\"Consulta Gratis - Ll\u00e1menos al 617-444-7777 - Earley Law Group Injury Lawyers ayuda a las v\u00edctimas y sus familias a recibir una compensaci\u00f3n por sus lesiones. Libros Gratis - Boston Abogado de Compensaci\u00f3n al Trabajador\",\"breadcrumb\":{\"@id\":\"https:\\\/\\\/www.chrisearley.com\\\/es\\\/libros-gratis\\\/#breadcrumb\"},\"inLanguage\":\"es-US\",\"potentialAction\":[{\"@type\":\"ReadAction\",\"target\":[\"https:\\\/\\\/www.chrisearley.com\\\/es\\\/libros-gratis\\\/\"]}]},{\"@type\":\"BreadcrumbList\",\"@id\":\"https:\\\/\\\/www.chrisearley.com\\\/es\\\/libros-gratis\\\/#breadcrumb\",\"itemListElement\":[{\"@type\":\"ListItem\",\"position\":1,\"name\":\"Home\",\"item\":\"https:\\\/\\\/www.chrisearley.com\\\/es\\\/\"},{\"@type\":\"ListItem\",\"position\":2,\"name\":\"Libros Gratis\"}]},{\"@type\":\"WebSite\",\"@id\":\"https:\\\/\\\/www.chrisearley.com\\\/es\\\/#website\",\"url\":\"https:\\\/\\\/www.chrisearley.com\\\/es\\\/\",\"name\":\"Earley Law Group Injury Lawyers\",\"description\":\"\",\"publisher\":{\"@id\":\"https:\\\/\\\/www.chrisearley.com\\\/es\\\/#organization\"},\"potentialAction\":[{\"@type\":\"SearchAction\",\"target\":{\"@type\":\"EntryPoint\",\"urlTemplate\":\"https:\\\/\\\/www.chrisearley.com\\\/es\\\/?s={search_term_string}\"},\"query-input\":{\"@type\":\"PropertyValueSpecification\",\"valueRequired\":true,\"valueName\":\"search_term_string\"}}],\"inLanguage\":\"es-US\"},{\"@type\":\"Organization\",\"@id\":\"https:\\\/\\\/www.chrisearley.com\\\/es\\\/#organization\",\"name\":\"Earley Law Group Injury Lawyers\",\"url\":\"https:\\\/\\\/www.chrisearley.com\\\/es\\\/\",\"logo\":{\"@type\":\"ImageObject\",\"inLanguage\":\"es-US\",\"@id\":\"https:\\\/\\\/www.chrisearley.com\\\/es\\\/#\\\/schema\\\/logo\\\/image\\\/\",\"url\":\"https:\\\/\\\/www.chrisearley.com\\\/wp-content\\\/uploads\\\/2024\\\/05\\\/logo.png\",\"contentUrl\":\"https:\\\/\\\/www.chrisearley.com\\\/wp-content\\\/uploads\\\/2024\\\/05\\\/logo.png\",\"width\":420,\"height\":79,\"caption\":\"Earley Law Group Injury Lawyers\"},\"image\":{\"@id\":\"https:\\\/\\\/www.chrisearley.com\\\/es\\\/#\\\/schema\\\/logo\\\/image\\\/\"},\"sameAs\":[\"https:\\\/\\\/www.facebook.com\\\/Law-Offices-of-Christopher-Earley-104980886333\\\/\",\"https:\\\/\\\/x.com\\\/chrisearleylaw\",\"https:\\\/\\\/www.youtube.com\\\/user\\\/ChrisEarleyLaw\",\"https:\\\/\\\/www.linkedin.com\\\/company\\\/earley-law-group-injury-lawyers\",\"https:\\\/\\\/www.instagram.com\\\/earleylawgroupinjurylawyers\\\/\"]}]}<\/script>\n<!-- \/ Yoast SEO plugin. -->","yoast_head_json":{"title":"Libros Gratis | Boston Abogado de Compensaci\u00f3n al Trabajador","description":"Consulta Gratis - Ll\u00e1menos al 617-444-7777 - Earley Law Group Injury Lawyers ayuda a las v\u00edctimas y sus familias a recibir una compensaci\u00f3n por sus lesiones. Libros Gratis - Boston Abogado de Compensaci\u00f3n al Trabajador","robots":{"index":"index","follow":"follow","max-snippet":"max-snippet:-1","max-image-preview":"max-image-preview:large","max-video-preview":"max-video-preview:-1"},"canonical":"https:\/\/www.chrisearley.com\/es\/libros-gratis\/","og_locale":"es_ES","og_type":"article","og_title":"Libros Gratis | Boston Abogado de Compensaci\u00f3n al Trabajador","og_description":"Consulta Gratis - Ll\u00e1menos al 617-444-7777 - Earley Law Group Injury Lawyers ayuda a las v\u00edctimas y sus familias a recibir una compensaci\u00f3n por sus lesiones. Libros Gratis - Boston Abogado de Compensaci\u00f3n al Trabajador","og_url":"https:\/\/www.chrisearley.com\/es\/libros-gratis\/","og_site_name":"Earley Law Group Injury Lawyers","article_publisher":"https:\/\/www.facebook.com\/Law-Offices-of-Christopher-Earley-104980886333\/","article_modified_time":"2026-04-02T22:23:14+00:00","twitter_card":"summary_large_image","twitter_site":"@chrisearleylaw","twitter_misc":{"Est. reading time":"1 minute"},"schema":{"@context":"https:\/\/schema.org","@graph":[{"@type":"WebPage","@id":"https:\/\/www.chrisearley.com\/es\/libros-gratis\/","url":"https:\/\/www.chrisearley.com\/es\/libros-gratis\/","name":"Libros Gratis | Boston Abogado de Compensaci\u00f3n al Trabajador","isPartOf":{"@id":"https:\/\/www.chrisearley.com\/es\/#website"},"datePublished":"2024-06-14T08:33:48+00:00","dateModified":"2026-04-02T22:23:14+00:00","description":"Consulta Gratis - Ll\u00e1menos al 617-444-7777 - Earley Law Group Injury Lawyers ayuda a las v\u00edctimas y sus familias a recibir una compensaci\u00f3n por sus lesiones. Libros Gratis - Boston Abogado de Compensaci\u00f3n al Trabajador","breadcrumb":{"@id":"https:\/\/www.chrisearley.com\/es\/libros-gratis\/#breadcrumb"},"inLanguage":"es-US","potentialAction":[{"@type":"ReadAction","target":["https:\/\/www.chrisearley.com\/es\/libros-gratis\/"]}]},{"@type":"BreadcrumbList","@id":"https:\/\/www.chrisearley.com\/es\/libros-gratis\/#breadcrumb","itemListElement":[{"@type":"ListItem","position":1,"name":"Home","item":"https:\/\/www.chrisearley.com\/es\/"},{"@type":"ListItem","position":2,"name":"Libros Gratis"}]},{"@type":"WebSite","@id":"https:\/\/www.chrisearley.com\/es\/#website","url":"https:\/\/www.chrisearley.com\/es\/","name":"Earley Law Group Injury Lawyers","description":"","publisher":{"@id":"https:\/\/www.chrisearley.com\/es\/#organization"},"potentialAction":[{"@type":"SearchAction","target":{"@type":"EntryPoint","urlTemplate":"https:\/\/www.chrisearley.com\/es\/?s={search_term_string}"},"query-input":{"@type":"PropertyValueSpecification","valueRequired":true,"valueName":"search_term_string"}}],"inLanguage":"es-US"},{"@type":"Organization","@id":"https:\/\/www.chrisearley.com\/es\/#organization","name":"Earley Law Group Injury Lawyers","url":"https:\/\/www.chrisearley.com\/es\/","logo":{"@type":"ImageObject","inLanguage":"es-US","@id":"https:\/\/www.chrisearley.com\/es\/#\/schema\/logo\/image\/","url":"https:\/\/www.chrisearley.com\/wp-content\/uploads\/2024\/05\/logo.png","contentUrl":"https:\/\/www.chrisearley.com\/wp-content\/uploads\/2024\/05\/logo.png","width":420,"height":79,"caption":"Earley Law Group Injury Lawyers"},"image":{"@id":"https:\/\/www.chrisearley.com\/es\/#\/schema\/logo\/image\/"},"sameAs":["https:\/\/www.facebook.com\/Law-Offices-of-Christopher-Earley-104980886333\/","https:\/\/x.com\/chrisearleylaw","https:\/\/www.youtube.com\/user\/ChrisEarleyLaw","https:\/\/www.linkedin.com\/company\/earley-law-group-injury-lawyers","https:\/\/www.instagram.com\/earleylawgroupinjurylawyers\/"]}]}},"_links":{"self":[{"href":"https:\/\/www.chrisearley.com\/es\/wp-json\/wp\/v2\/pages\/12872","targetHints":{"allow":["GET"]}}],"collection":[{"href":"https:\/\/www.chrisearley.com\/es\/wp-json\/wp\/v2\/pages"}],"about":[{"href":"https:\/\/www.chrisearley.com\/es\/wp-json\/wp\/v2\/types\/page"}],"author":[{"embeddable":true,"href":"https:\/\/www.chrisearley.com\/es\/wp-json\/wp\/v2\/users\/35"}],"replies":[{"embeddable":true,"href":"https:\/\/www.chrisearley.com\/es\/wp-json\/wp\/v2\/comments?post=12872"}],"version-history":[{"count":0,"href":"https:\/\/www.chrisearley.com\/es\/wp-json\/wp\/v2\/pages\/12872\/revisions"}],"wp:attachment":[{"href":"https:\/\/www.chrisearley.com\/es\/wp-json\/wp\/v2\/media?parent=12872"}],"curies":[{"name":"wp","href":"https:\/\/api.w.org\/{rel}","templated":true}]}}