{"id":12857,"date":"2024-06-26T08:08:07","date_gmt":"2024-06-26T08:08:07","guid":{"rendered":"https:\/\/www.chrisearley.com\/?page_id=12857"},"modified":"2024-07-09T16:53:43","modified_gmt":"2024-07-09T16:53:43","slug":"compensacion-laboral","status":"publish","type":"page","link":"https:\/\/www.chrisearley.com\/es\/compensacion-laboral\/","title":{"rendered":"Compensaci\u00f3n Laboral"},"content":{"rendered":"<p><strong>Trabajas duro y te lastimaste en el trabajo. \u00bfQui\u00e9n vela por sus mejores intereses en este momento? No empeore la situaci\u00f3n. Estas reclamaciones tienen plazos de presentaci\u00f3n estrictos.<\/strong><\/p>\n<h2>Compensaci\u00f3n Para Trabajadores<\/h2>\n<p>El abogado de compensaci\u00f3n para trabajadores de Boston, Christopher Earley, puede ayudarlo si se lesiona en el trabajo y necesita ayuda legal. Estos accidentes provocan estr\u00e9s, dolor e ira. Haga su vida m\u00e1s f\u00e1cil y ponga nuestros servicios a trabajar para usted hoy.<\/p>\n<p>Aseg\u00farese de descargar nuestra gu\u00eda gratuita,\u00a0<em>La verdad sobre los accidentes de compensaci\u00f3n para trabajadores de Massachusetts<\/em>\u00a0antes de firmar cualquier documentaci\u00f3n de la compa\u00f1\u00eda de seguros o de reunirse con un abogado. Si lo desea, podemos enviarle su propia copia sin cargo.<\/p>\n<p>En esta gu\u00eda gratuita, encontrar\u00e1 los siguientes\u00a0<strong>secretos revelados<\/strong>\u00a0(que las compa\u00f1\u00edas de seguros no quieren que sepa) que lo pondr\u00e1n por delante de otras personas que se han lesionado en el trabajo:<\/p>\n<ul>\n<li>Lo \u00fanico que hundir\u00e1 su caso realmente r\u00e1pido. (p\u00e1gina 15)<\/li>\n<li>\u00bfCu\u00e1l es el proceso que debo esperar? (p\u00e1gina 35)<\/li>\n<li>\u00bfQu\u00e9 tipo de dinero puedo recibir por mi lesi\u00f3n laboral? (p\u00e1gina 43)<\/li>\n<\/ul>\n<p><a href=\"https:\/\/www.chrisearley.com\/es\/obtenga-su-libro-gratis-la-verdad-sobre-la-compensacion-laboral\/\"><img loading=\"lazy\" decoding=\"async\" class=\"aligncenter wp-image-7942 size-full\" src=\"https:\/\/www.chrisearley.com\/wp-content\/uploads\/2024\/06\/book-workers-comp.jpg\" alt=\"The Truth About Massachusetts Workers\u2019 Compensation Accidents\" width=\"210\" height=\"300\" \/><\/a><\/p>\n<p><em><strong>Solo nos pagan si ganamos su reclamo de compensaci\u00f3n para los trabajadores.<\/strong><\/em><\/p>\n<p>Cuando se lesiona en el trabajo y no puede trabajar, es fundamental tomar las decisiones correctas. Asegurarse de protegerse y proteger sus derechos es esencial.<\/p>\n<img loading=\"lazy\" decoding=\"async\" class=\"aligncenter wp-image-19803 size-full\" src=\"https:\/\/www.chrisearley.com\/wp-content\/uploads\/2024\/06\/workers-comp-accident.jpg\" alt=\"What to Do After a Massachusetts Workers\u2019 Compensation Accident\" width=\"800\" height=\"1000\" srcset=\"https:\/\/www.chrisearley.com\/wp-content\/uploads\/2024\/06\/workers-comp-accident.jpg 800w, https:\/\/www.chrisearley.com\/wp-content\/uploads\/2024\/06\/workers-comp-accident-240x300.jpg 240w, https:\/\/www.chrisearley.com\/wp-content\/uploads\/2024\/06\/workers-comp-accident-768x960.jpg 768w\" sizes=\"auto, (max-width: 800px) 100vw, 800px\" \/>\n<p><strong>Llame al 617-444-7777 ahora para su sesi\u00f3n de estrategia gratuita de 5 puntos sobre el plan de accidentes de compensaci\u00f3n para trabajadores.<\/strong><\/p>\n<h2>\u00bfPor Qu\u00e9 Deber\u00eda Contratar a un Abogado Para Mi Reclamo por Accidente de Compensaci\u00f3n Laboral?<\/h2>\n<p>Si ha resultado herido, es posible que deba decidir si contratar a un abogado o representarse a s\u00ed mismo. Aqu\u00ed hay algunas consideraciones clave para esta decisi\u00f3n:<\/p>\n<ul>\n<li>La compa\u00f1\u00eda de seguros va a luchar para minimizar su responsabilidad y la cantidad que deben pagar.<\/li>\n<li>Las compa\u00f1\u00edas de seguros generalmente negar\u00e1n o minimizaran los tratamientos m\u00e9dicos a los que tiene derecho.<\/li>\n<li>Los honorarios legales por asuntos de compensaci\u00f3n de trabajadores son mucho menores que por asuntos de\u00a0<a href=\"https:\/\/www.chrisearley.com\/es\/lesiones-personales\/\">lesiones personales<\/a>\u00a0y se establecen de acuerdo con la ley.<\/li>\n<li>Tambi\u00e9n podr\u00e1 obtener el mayor acuerdo posible si tiene representaci\u00f3n de su lado.<\/li>\n<\/ul>\n<h2>\u00bfCu\u00e1les son Mis Derechos Seg\u00fan la Ley de Indemnizaci\u00f3n Laboral de Massachusetts?<\/h2>\n<p>La compensaci\u00f3n para trabajadores en Massachusetts es un compromiso entre trabajadores y empleadores. Este marco legal se encuentra en\u00a0<a href=\"https:\/\/malegislature.gov\/Laws\/GeneralLaws\/PartI\/TitleXXI\/Chapter152\" target=\"_blank\" rel=\"noopener\">M.G.L c. 152<\/a>.<\/p>\n<p>Los beneficios de compensaci\u00f3n laboral en Massachusetts incluyen:<\/p>\n<ul>\n<li><strong>Facturas m\u00e9dicas:<\/strong>\u00a0siempre que el tratamiento m\u00e9dico relacionado con el trabajo que reciba sea razonable y necesario, la compa\u00f1\u00eda de seguros de compensaci\u00f3n para trabajadores debe pagarlo.<\/li>\n<li><strong>Salarios<\/strong>: si est\u00e1 totalmente incapacitado para trabajar, tiene derecho a beneficios temporales por incapacidad total.<\/li>\n<li>Esta tasa de salario de beneficio semanal es el 60% de su salario semanal bruto. Si puede realizar tareas livianas, entonces puede cobrar el 75% de la tasa de pago por discapacidad total.<\/li>\n<li><strong>P\u00e9rdida de funci\u00f3n:<\/strong>\u00a0puede cobrar un pago \u00fanico por cualquier p\u00e9rdida de funci\u00f3n de una parte del cuerpo que sufra como resultado de su accidente de trabajo. Este porcentaje lo asigna un m\u00e9dico.<\/li>\n<li><strong>Cicatrices:<\/strong>\u00a0si su accidente de trabajo provoc\u00f3 cicatrices en el cuello, la cara o las manos, entonces puede cobrar un pago \u00fanico por las cicatrices.<\/li>\n<\/ul>\n<p>La\u00a0<a href=\"https:\/\/www.chrisearley.com\/es\/lesiones-personales\/cicatrices-y-desfiguraciones\/\">cantidad que puede cobrar por las cicatrices<\/a>\u00a0est\u00e1 establecida por ley. Actualmente, la cantidad m\u00e1xima es de $15,000.<\/p>\n<h2>Testimonios de Clientes de Abogados de Compensaci\u00f3n Laboral de Massachusetts<\/h2>\n<p><em>\u201cDesde el primer d\u00eda que habl\u00e9 con el Sr. Earley con respecto a mi lesi\u00f3n de rodilla, nunca tuve una sola preocupaci\u00f3n despu\u00e9s, esto me ha permitido concentrarme al 100% en la recuperaci\u00f3n. Desde la cirug\u00eda hasta el asentamiento, esta fue una experiencia sin preocupaciones&#8230; Muy recomendable&#8230; &#8220;<\/em><br \/>\n&#8211;\u00a0<strong>Robby C.<\/strong><\/p>\n<p><em>\u201cMuy satisfecho con mi experiencia. Chris fue un profesional muy cari\u00f1oso y tambi\u00e9n informativo. Fue minucioso con su trabajo y se asegur\u00f3 de que entendiera cada paso del camino. Chris me educar\u00eda sobre qu\u00e9 esperar, cu\u00e1l podr\u00eda ser el resultado, y lo logr\u00f3. \u00a1Recomiendo ampliamente a Christopher Earley como abogado de lesiones personales y compensaci\u00f3n de trabajadores!&#8221;<\/em><br \/>\n&#8211;\u00a0<strong>Molly B.<\/strong><\/p>\n<p><em>\u201cEstoy feliz de que Chris se haya hecho cargo de mi caso. Todo el proceso fue claro. Siempre respond\u00eda mi correo electr\u00f3nico r\u00e1pidamente y respond\u00eda mis preguntas cuando llam\u00e9 a su oficina. Hoy, mi caso se resolvi\u00f3 en la conciliaci\u00f3n. \u00a1Excelente trabajo!&#8221;<\/em><br \/>\n&#8211;\u00a0<strong>Gilson R.<\/strong><\/p>\n<p><em>\u201cChris y su equipo son minuciosos, eficientes y profesionales. No encontrar\u00e1 un mejor abogado de lesiones personales o compensaci\u00f3n laboral en Boston. Chris y su oficina me mantuvieron informado y actualizado sobre mi caso. Su conocimiento y experiencia en este campo del derecho es excepcional. Mi caso se resolvi\u00f3 a mi favor y en poco tiempo. Si necesita un gran abogado, no busque m\u00e1s&#8221;.<\/em><br \/>\n&#8211;<strong>\u00a0Matthew C.<\/strong><\/p>\n<h2>Preguntas Frecuentes en Relaci\u00f3n a la Compensaci\u00f3n Laboral<\/h2>\n<h3>Ll\u00e1menos Hoy Para su Consulta Gratuita<\/h3>\n<p>Llame hoy para averiguar c\u00f3mo podemos ayudarlo. Es f\u00e1cil hablar con nosotros, le daremos una evaluaci\u00f3n gratuita de su caso y le informaremos sobre todos los derechos y beneficios a los que puede tener derecho.<\/p>\n<p><a href=\"https:\/\/www.chrisearley.com\/es\/contactenos\/\">Cont\u00e1ctenos<\/a>\u00a0en cualquier momento, incluso en las noches y los fines de semana, y lea sobre qui\u00e9nes somos y qu\u00e9 hacemos.<\/p>\n<h2>\u00bfQu\u00e9 Dicen Nuestros Clientes Sobre Nosotros\u2026?<\/h2>\n<p>Lea lo que nuestros clientes anteriores dicen\u00a0<a href=\"https:\/\/www.chrisearley.com\/es\/sobre-nosotros\/\">sobre nosotros<\/a>\u00a0y vea nuestras rese\u00f1as de Yelp y nuestras rese\u00f1as de Google.<\/p>\n<p>Trabajamos duro para obtener resultados para nuestros clientes. Nuestras cr\u00edticas abrumadoramente positivas reflejan cu\u00e1n satisfechos han estado nuestros clientes con nuestra representaci\u00f3n.<\/p>\n","protected":false},"excerpt":{"rendered":"<p>Trabajas duro y te lastimaste en el trabajo. \u00bfQui\u00e9n vela por sus mejores intereses en este momento? No empeore la situaci\u00f3n. Estas reclamaciones tienen plazos de presentaci\u00f3n estrictos. Compensaci\u00f3n Para Trabajadores El abogado de compensaci\u00f3n para trabajadores de Boston, Christopher Earley, puede ayudarlo si se lesiona en el trabajo y necesita ayuda legal. Estos accidentes [&hellip;]<\/p>\n","protected":false},"author":35,"featured_media":30337,"parent":0,"menu_order":489,"comment_status":"closed","ping_status":"closed","template":"","meta":{"_acf_changed":false,"footnotes":""},"class_list":["post-12857","page","type-page","status-publish","has-post-thumbnail","hentry"],"acf":[],"yoast_head":"<!-- This site is optimized with the Yoast SEO plugin v27.5 - https:\/\/yoast.com\/product\/yoast-seo-wordpress\/ -->\n<title>Compensaci\u00f3n Laboral | Boston Abogado de Accidente en el Trabajo<\/title>\n<meta name=\"description\" content=\"Consulta Gratis - Ll\u00e1menos al 617-444-7777 - Earley Law Group Injury Lawyers ayuda a las v\u00edctimas y sus familias a recibir una compensaci\u00f3n por sus lesiones. Compensaci\u00f3n Laboral - Boston Abogado de Accidente en el Trabajo\" \/>\n<meta name=\"robots\" content=\"index, follow, max-snippet:-1, max-image-preview:large, max-video-preview:-1\" \/>\n<link rel=\"canonical\" href=\"https:\/\/www.chrisearley.com\/es\/compensacion-laboral\/\" \/>\n<meta property=\"og:locale\" content=\"es_ES\" \/>\n<meta property=\"og:type\" content=\"article\" \/>\n<meta property=\"og:title\" content=\"Compensaci\u00f3n Laboral | Boston Abogado de Accidente en el Trabajo\" \/>\n<meta property=\"og:description\" content=\"Consulta Gratis - Ll\u00e1menos al 617-444-7777 - Earley Law Group Injury Lawyers ayuda a las v\u00edctimas y sus familias a recibir una compensaci\u00f3n por sus lesiones. Compensaci\u00f3n Laboral - Boston Abogado de Accidente en el Trabajo\" \/>\n<meta property=\"og:url\" content=\"https:\/\/www.chrisearley.com\/es\/compensacion-laboral\/\" \/>\n<meta property=\"og:site_name\" content=\"Earley Law Group Injury Lawyers\" \/>\n<meta property=\"article:publisher\" content=\"https:\/\/www.facebook.com\/Law-Offices-of-Christopher-Earley-104980886333\/\" \/>\n<meta property=\"article:modified_time\" content=\"2024-07-09T16:53:43+00:00\" \/>\n<meta property=\"og:image\" content=\"https:\/\/www.chrisearley.com\/wp-content\/uploads\/2024\/07\/compensacion-laboral.jpg\" \/>\n\t<meta property=\"og:image:width\" content=\"900\" \/>\n\t<meta property=\"og:image:height\" content=\"360\" \/>\n\t<meta property=\"og:image:type\" content=\"image\/jpeg\" \/>\n<meta name=\"twitter:card\" content=\"summary_large_image\" \/>\n<meta name=\"twitter:site\" content=\"@chrisearleylaw\" \/>\n<meta name=\"twitter:label1\" content=\"Est. reading time\" \/>\n\t<meta name=\"twitter:data1\" content=\"5 minutes\" \/>\n<script type=\"application\/ld+json\" class=\"yoast-schema-graph\">{\"@context\":\"https:\\\/\\\/schema.org\",\"@graph\":[{\"@type\":\"WebPage\",\"@id\":\"https:\\\/\\\/www.chrisearley.com\\\/es\\\/compensacion-laboral\\\/\",\"url\":\"https:\\\/\\\/www.chrisearley.com\\\/es\\\/compensacion-laboral\\\/\",\"name\":\"Compensaci\u00f3n Laboral | Boston Abogado de Accidente en el Trabajo\",\"isPartOf\":{\"@id\":\"https:\\\/\\\/www.chrisearley.com\\\/es\\\/#website\"},\"primaryImageOfPage\":{\"@id\":\"https:\\\/\\\/www.chrisearley.com\\\/es\\\/compensacion-laboral\\\/#primaryimage\"},\"image\":{\"@id\":\"https:\\\/\\\/www.chrisearley.com\\\/es\\\/compensacion-laboral\\\/#primaryimage\"},\"thumbnailUrl\":\"https:\\\/\\\/www.chrisearley.com\\\/wp-content\\\/uploads\\\/2024\\\/07\\\/compensacion-laboral.jpg\",\"datePublished\":\"2024-06-26T08:08:07+00:00\",\"dateModified\":\"2024-07-09T16:53:43+00:00\",\"description\":\"Consulta Gratis - Ll\u00e1menos al 617-444-7777 - Earley Law Group Injury Lawyers ayuda a las v\u00edctimas y sus familias a recibir una compensaci\u00f3n por sus lesiones. Compensaci\u00f3n Laboral - Boston Abogado de Accidente en el Trabajo\",\"breadcrumb\":{\"@id\":\"https:\\\/\\\/www.chrisearley.com\\\/es\\\/compensacion-laboral\\\/#breadcrumb\"},\"inLanguage\":\"es-US\",\"potentialAction\":[{\"@type\":\"ReadAction\",\"target\":[\"https:\\\/\\\/www.chrisearley.com\\\/es\\\/compensacion-laboral\\\/\"]}]},{\"@type\":\"ImageObject\",\"inLanguage\":\"es-US\",\"@id\":\"https:\\\/\\\/www.chrisearley.com\\\/es\\\/compensacion-laboral\\\/#primaryimage\",\"url\":\"https:\\\/\\\/www.chrisearley.com\\\/wp-content\\\/uploads\\\/2024\\\/07\\\/compensacion-laboral.jpg\",\"contentUrl\":\"https:\\\/\\\/www.chrisearley.com\\\/wp-content\\\/uploads\\\/2024\\\/07\\\/compensacion-laboral.jpg\",\"width\":900,\"height\":360},{\"@type\":\"BreadcrumbList\",\"@id\":\"https:\\\/\\\/www.chrisearley.com\\\/es\\\/compensacion-laboral\\\/#breadcrumb\",\"itemListElement\":[{\"@type\":\"ListItem\",\"position\":1,\"name\":\"Home\",\"item\":\"https:\\\/\\\/www.chrisearley.com\\\/es\\\/\"},{\"@type\":\"ListItem\",\"position\":2,\"name\":\"Compensaci\u00f3n Laboral\"}]},{\"@type\":\"WebSite\",\"@id\":\"https:\\\/\\\/www.chrisearley.com\\\/es\\\/#website\",\"url\":\"https:\\\/\\\/www.chrisearley.com\\\/es\\\/\",\"name\":\"Earley Law Group Injury Lawyers\",\"description\":\"\",\"publisher\":{\"@id\":\"https:\\\/\\\/www.chrisearley.com\\\/es\\\/#organization\"},\"potentialAction\":[{\"@type\":\"SearchAction\",\"target\":{\"@type\":\"EntryPoint\",\"urlTemplate\":\"https:\\\/\\\/www.chrisearley.com\\\/es\\\/?s={search_term_string}\"},\"query-input\":{\"@type\":\"PropertyValueSpecification\",\"valueRequired\":true,\"valueName\":\"search_term_string\"}}],\"inLanguage\":\"es-US\"},{\"@type\":\"Organization\",\"@id\":\"https:\\\/\\\/www.chrisearley.com\\\/es\\\/#organization\",\"name\":\"Earley Law Group Injury Lawyers\",\"url\":\"https:\\\/\\\/www.chrisearley.com\\\/es\\\/\",\"logo\":{\"@type\":\"ImageObject\",\"inLanguage\":\"es-US\",\"@id\":\"https:\\\/\\\/www.chrisearley.com\\\/es\\\/#\\\/schema\\\/logo\\\/image\\\/\",\"url\":\"https:\\\/\\\/www.chrisearley.com\\\/wp-content\\\/uploads\\\/2024\\\/05\\\/logo.png\",\"contentUrl\":\"https:\\\/\\\/www.chrisearley.com\\\/wp-content\\\/uploads\\\/2024\\\/05\\\/logo.png\",\"width\":420,\"height\":79,\"caption\":\"Earley Law Group Injury Lawyers\"},\"image\":{\"@id\":\"https:\\\/\\\/www.chrisearley.com\\\/es\\\/#\\\/schema\\\/logo\\\/image\\\/\"},\"sameAs\":[\"https:\\\/\\\/www.facebook.com\\\/Law-Offices-of-Christopher-Earley-104980886333\\\/\",\"https:\\\/\\\/x.com\\\/chrisearleylaw\",\"https:\\\/\\\/www.youtube.com\\\/user\\\/ChrisEarleyLaw\",\"https:\\\/\\\/www.linkedin.com\\\/company\\\/earley-law-group-injury-lawyers\",\"https:\\\/\\\/www.instagram.com\\\/earleylawgroupinjurylawyers\\\/\"]}]}<\/script>\n<!-- \/ Yoast SEO plugin. -->","yoast_head_json":{"title":"Compensaci\u00f3n Laboral | Boston Abogado de Accidente en el Trabajo","description":"Consulta Gratis - Ll\u00e1menos al 617-444-7777 - Earley Law Group Injury Lawyers ayuda a las v\u00edctimas y sus familias a recibir una compensaci\u00f3n por sus lesiones. Compensaci\u00f3n Laboral - Boston Abogado de Accidente en el Trabajo","robots":{"index":"index","follow":"follow","max-snippet":"max-snippet:-1","max-image-preview":"max-image-preview:large","max-video-preview":"max-video-preview:-1"},"canonical":"https:\/\/www.chrisearley.com\/es\/compensacion-laboral\/","og_locale":"es_ES","og_type":"article","og_title":"Compensaci\u00f3n Laboral | Boston Abogado de Accidente en el Trabajo","og_description":"Consulta Gratis - Ll\u00e1menos al 617-444-7777 - Earley Law Group Injury Lawyers ayuda a las v\u00edctimas y sus familias a recibir una compensaci\u00f3n por sus lesiones. Compensaci\u00f3n Laboral - Boston Abogado de Accidente en el Trabajo","og_url":"https:\/\/www.chrisearley.com\/es\/compensacion-laboral\/","og_site_name":"Earley Law Group Injury Lawyers","article_publisher":"https:\/\/www.facebook.com\/Law-Offices-of-Christopher-Earley-104980886333\/","article_modified_time":"2024-07-09T16:53:43+00:00","og_image":[{"width":900,"height":360,"url":"https:\/\/www.chrisearley.com\/wp-content\/uploads\/2024\/07\/compensacion-laboral.jpg","type":"image\/jpeg"}],"twitter_card":"summary_large_image","twitter_site":"@chrisearleylaw","twitter_misc":{"Est. reading time":"5 minutes"},"schema":{"@context":"https:\/\/schema.org","@graph":[{"@type":"WebPage","@id":"https:\/\/www.chrisearley.com\/es\/compensacion-laboral\/","url":"https:\/\/www.chrisearley.com\/es\/compensacion-laboral\/","name":"Compensaci\u00f3n Laboral | Boston Abogado de Accidente en el Trabajo","isPartOf":{"@id":"https:\/\/www.chrisearley.com\/es\/#website"},"primaryImageOfPage":{"@id":"https:\/\/www.chrisearley.com\/es\/compensacion-laboral\/#primaryimage"},"image":{"@id":"https:\/\/www.chrisearley.com\/es\/compensacion-laboral\/#primaryimage"},"thumbnailUrl":"https:\/\/www.chrisearley.com\/wp-content\/uploads\/2024\/07\/compensacion-laboral.jpg","datePublished":"2024-06-26T08:08:07+00:00","dateModified":"2024-07-09T16:53:43+00:00","description":"Consulta Gratis - Ll\u00e1menos al 617-444-7777 - Earley Law Group Injury Lawyers ayuda a las v\u00edctimas y sus familias a recibir una compensaci\u00f3n por sus lesiones. Compensaci\u00f3n Laboral - Boston Abogado de Accidente en el Trabajo","breadcrumb":{"@id":"https:\/\/www.chrisearley.com\/es\/compensacion-laboral\/#breadcrumb"},"inLanguage":"es-US","potentialAction":[{"@type":"ReadAction","target":["https:\/\/www.chrisearley.com\/es\/compensacion-laboral\/"]}]},{"@type":"ImageObject","inLanguage":"es-US","@id":"https:\/\/www.chrisearley.com\/es\/compensacion-laboral\/#primaryimage","url":"https:\/\/www.chrisearley.com\/wp-content\/uploads\/2024\/07\/compensacion-laboral.jpg","contentUrl":"https:\/\/www.chrisearley.com\/wp-content\/uploads\/2024\/07\/compensacion-laboral.jpg","width":900,"height":360},{"@type":"BreadcrumbList","@id":"https:\/\/www.chrisearley.com\/es\/compensacion-laboral\/#breadcrumb","itemListElement":[{"@type":"ListItem","position":1,"name":"Home","item":"https:\/\/www.chrisearley.com\/es\/"},{"@type":"ListItem","position":2,"name":"Compensaci\u00f3n Laboral"}]},{"@type":"WebSite","@id":"https:\/\/www.chrisearley.com\/es\/#website","url":"https:\/\/www.chrisearley.com\/es\/","name":"Earley Law Group Injury Lawyers","description":"","publisher":{"@id":"https:\/\/www.chrisearley.com\/es\/#organization"},"potentialAction":[{"@type":"SearchAction","target":{"@type":"EntryPoint","urlTemplate":"https:\/\/www.chrisearley.com\/es\/?s={search_term_string}"},"query-input":{"@type":"PropertyValueSpecification","valueRequired":true,"valueName":"search_term_string"}}],"inLanguage":"es-US"},{"@type":"Organization","@id":"https:\/\/www.chrisearley.com\/es\/#organization","name":"Earley Law Group Injury Lawyers","url":"https:\/\/www.chrisearley.com\/es\/","logo":{"@type":"ImageObject","inLanguage":"es-US","@id":"https:\/\/www.chrisearley.com\/es\/#\/schema\/logo\/image\/","url":"https:\/\/www.chrisearley.com\/wp-content\/uploads\/2024\/05\/logo.png","contentUrl":"https:\/\/www.chrisearley.com\/wp-content\/uploads\/2024\/05\/logo.png","width":420,"height":79,"caption":"Earley Law Group Injury Lawyers"},"image":{"@id":"https:\/\/www.chrisearley.com\/es\/#\/schema\/logo\/image\/"},"sameAs":["https:\/\/www.facebook.com\/Law-Offices-of-Christopher-Earley-104980886333\/","https:\/\/x.com\/chrisearleylaw","https:\/\/www.youtube.com\/user\/ChrisEarleyLaw","https:\/\/www.linkedin.com\/company\/earley-law-group-injury-lawyers","https:\/\/www.instagram.com\/earleylawgroupinjurylawyers\/"]}]}},"_links":{"self":[{"href":"https:\/\/www.chrisearley.com\/es\/wp-json\/wp\/v2\/pages\/12857","targetHints":{"allow":["GET"]}}],"collection":[{"href":"https:\/\/www.chrisearley.com\/es\/wp-json\/wp\/v2\/pages"}],"about":[{"href":"https:\/\/www.chrisearley.com\/es\/wp-json\/wp\/v2\/types\/page"}],"author":[{"embeddable":true,"href":"https:\/\/www.chrisearley.com\/es\/wp-json\/wp\/v2\/users\/35"}],"replies":[{"embeddable":true,"href":"https:\/\/www.chrisearley.com\/es\/wp-json\/wp\/v2\/comments?post=12857"}],"version-history":[{"count":0,"href":"https:\/\/www.chrisearley.com\/es\/wp-json\/wp\/v2\/pages\/12857\/revisions"}],"wp:featuredmedia":[{"embeddable":true,"href":"https:\/\/www.chrisearley.com\/es\/wp-json\/wp\/v2\/media\/30337"}],"wp:attachment":[{"href":"https:\/\/www.chrisearley.com\/es\/wp-json\/wp\/v2\/media?parent=12857"}],"curies":[{"name":"wp","href":"https:\/\/api.w.org\/{rel}","templated":true}]}}