{"id":12825,"date":"2024-06-15T11:21:07","date_gmt":"2024-06-15T11:21:07","guid":{"rendered":"https:\/\/www.chrisearley.com\/?page_id=12825"},"modified":"2024-07-18T08:17:04","modified_gmt":"2024-07-18T08:17:04","slug":"accidente-de-turismo","status":"publish","type":"page","link":"https:\/\/www.chrisearley.com\/es\/accidente-de-turismo\/","title":{"rendered":"Accidente de Turismo"},"content":{"rendered":"<p>Boston es un destino muy popular para los turistas. Cada a\u00f1o, millones de turistas vienen a disfrutar de las muchas atracciones que Boston tiene para ofrecer. De hecho, Boston ha sido catalogada como la\u00a0<a href=\"https:\/\/www.bostonmagazine.com\/health\/2016\/04\/29\/most-walkable-cities\/\" target=\"_blank\" rel=\"noopener\">tercera ciudad m\u00e1s transitable de los Estados Unidos<\/a>, lo que hace que Boston sea m\u00e1s atractivo para los turistas.<\/p>\n<p>Con esta gran afluencia de personas, invariablemente se producir\u00e1n\u00a0<a href=\"https:\/\/www.chrisearley.com\/es\/lesiones-personales\/\">lesiones personales<\/a>. Nada puede frenar m\u00e1s unas buenas vacaciones que un evento que cause lesiones. Cuando ocurre un accidente, saber qu\u00e9 hacer es tan importante como saber qu\u00e9 no hacer.<\/p>\n<p>Soy un abogado de accidentes tur\u00edsticos de Boston y s\u00e9 que los accidentes tur\u00edsticos ocurren con regularidad a personas inocentes. Aqu\u00ed hay algunos casos comunes de accidentes tur\u00edsticos que solemos ver:<\/p>\n<h2>Resbalones y Ca\u00eddas de Boston y Accidentes de Tropiezos y Ca\u00eddas<\/h2>\n<p>Cualquiera que haya pasado un tiempo en Boston sabe que las aceras suelen estar desniveladas y esto puede presentar peligros de tropiezos y \/ o resbalones. Los accidentes por\u00a0<a href=\"https:\/\/www.chrisearley.com\/es\/accidente-por-resbalon-y-caida\/\">resbalones y ca\u00eddas<\/a>\u00a0son comunes para los turistas por dos razones: no est\u00e1n familiarizados con las aceras y calles de Boston y, por lo general, est\u00e1n distra\u00eddos, lo que puede hacer que se caigan. Estos accidentes ocurren no solo en las aceras, sino tambi\u00e9n en edificios, supermercados y otros espacios p\u00fablicos y privados que nunca antes hab\u00edan visitado.<\/p>\n<h2>Accidentes Automovil\u00edsticos en Boston<\/h2>\n<p>Los turistas com\u00fanmente usan\u00a0<a href=\"https:\/\/www.chrisearley.com\/es\/accidentes-de-automoviles\/accidentes-de-taxi\/\">taxis<\/a>,\u00a0<a href=\"https:\/\/www.chrisearley.com\/es\/accidentes-de-automoviles\/accidentes-de-viajes-compartidos\/\">veh\u00edculos Uber o Lyft<\/a>,\u00a0<a href=\"https:\/\/www.chrisearley.com\/blog\/seattle-duck-boat-crash-verdict\/\" rel=\"noopener\">botes de pato<\/a>\u00a0o quiz\u00e1s alquilaron un autom\u00f3vil. Las calles de Boston son peque\u00f1as y muy confusas para los no iniciados. Esto significa que los turistas pueden ser especialmente vulnerables a verse involucrados en un\u00a0<a href=\"https:\/\/www.chrisearley.com\/es\/accidentes-de-automoviles\/\">accidente automovil\u00edstico<\/a>. No es raro que los huesos rotos e incluso lesiones catastr\u00f3ficas resulten de estos accidentes en turistas inocentes.<\/p>\n<p>Los turistas tambi\u00e9n pueden ser susceptibles a\u00a0<a href=\"https:\/\/www.chrisearley.com\/es\/accidente-de-peatones\/\">accidentes de peatones<\/a>. Ya sea un autom\u00f3vil, un cami\u00f3n o un veh\u00edculo MBTA, estos accidentes les ocurren con frecuencia a los visitantes de Boston. Estos accidentes pueden provocar lesiones muy graves. Si est\u00e1 de regreso a casa y se pregunta c\u00f3mo proceder con un reclamo por accidente automovil\u00edstico en Boston, lo invito a que nos llame para una consulta gratuita.<\/p>\n<h2>Accidentes del MBTA de Boston<\/h2>\n<p>La Autoridad de Transporte de la Bah\u00eda de Massachusetts (MBTA) transporta a millones de personas cada a\u00f1o. Los turistas suelen utilizar la MBTA para moverse por la ciudad. Pueden usar un troleb\u00fas o un autob\u00fas MBTA para viajar por Boston. Desafortunadamente, la MBTA tiene una buena cantidad de\u00a0<a href=\"https:\/\/www.chrisearley.com\/es\/accidentes-de-automoviles\/accidente-de-transito-mbta\/\">accidentes<\/a>\u00a0cada a\u00f1o. Los turistas lesionados en estos accidentes pueden confundirse sobre a d\u00f3nde acudir y c\u00f3mo hacer un reclamo. Podemos guiarlo a trav\u00e9s de este proceso. Estos casos tienen requisitos de notificaci\u00f3n muy estrictos, as\u00ed como otros plazos que deben seguirse estrictamente.<\/p>\n<h2>Abogado de Accidentes Tur\u00edsticos de Boston<\/h2>\n<p>Si tuvo la mala fortuna de lesionarse en Boston durante su estad\u00eda aqu\u00ed, llame a\u00a0<a href=\"https:\/\/www.chrisearley.com\/es\/\">Christopher Earley<\/a>\u00a0para obtener m\u00e1s informaci\u00f3n sobre sus opciones. Disfrutamos ayudar a los turistas y damos la bienvenida a la oportunidad de ayudarle con su caso de accidente por\u00a0<a href=\"https:\/\/www.chrisearley.com\/es\/lesiones-personales\/\">lesiones personales<\/a>. Ll\u00e1menos hoy al 617-444-7777 para una consulta gratuita y sin compromiso. Si ya lo ha hecho, p\u00eddanos que le enviemos nuestros libros gratuitos que lo ayudar\u00e1n en el proceso legal posterior a un caso de accidente por lesiones personales.<\/p>\n","protected":false},"excerpt":{"rendered":"<p>Boston es un destino muy popular para los turistas. Cada a\u00f1o, millones de turistas vienen a disfrutar de las muchas atracciones que Boston tiene para ofrecer. De hecho, Boston ha sido catalogada como la\u00a0tercera ciudad m\u00e1s transitable de los Estados Unidos, lo que hace que Boston sea m\u00e1s atractivo para los turistas. Con esta gran [&hellip;]<\/p>\n","protected":false},"author":35,"featured_media":19106,"parent":0,"menu_order":655,"comment_status":"closed","ping_status":"closed","template":"","meta":{"_acf_changed":false,"footnotes":""},"class_list":["post-12825","page","type-page","status-publish","has-post-thumbnail","hentry"],"acf":[],"yoast_head":"<!-- This site is optimized with the Yoast SEO plugin v27.5 - https:\/\/yoast.com\/product\/yoast-seo-wordpress\/ -->\n<title>Accidente de Turismo | Boston Abogado de Responsabilidad Civil<\/title>\n<meta name=\"description\" content=\"Consulta Gratis - Ll\u00e1menos al 617-444-7777 - Earley Law Group Injury Lawyers ayuda a las v\u00edctimas y sus familias a recibir una compensaci\u00f3n por sus lesiones. Accidente de Turismo - Boston Abogado de Responsabilidad Civil\" \/>\n<meta name=\"robots\" content=\"index, follow, max-snippet:-1, max-image-preview:large, max-video-preview:-1\" \/>\n<link rel=\"canonical\" href=\"https:\/\/www.chrisearley.com\/es\/accidente-de-turismo\/\" \/>\n<meta property=\"og:locale\" content=\"es_ES\" \/>\n<meta property=\"og:type\" content=\"article\" \/>\n<meta property=\"og:title\" content=\"Accidente de Turismo | Boston Abogado de Responsabilidad Civil\" \/>\n<meta property=\"og:description\" content=\"Consulta Gratis - Ll\u00e1menos al 617-444-7777 - Earley Law Group Injury Lawyers ayuda a las v\u00edctimas y sus familias a recibir una compensaci\u00f3n por sus lesiones. Accidente de Turismo - Boston Abogado de Responsabilidad Civil\" \/>\n<meta property=\"og:url\" content=\"https:\/\/www.chrisearley.com\/es\/accidente-de-turismo\/\" \/>\n<meta property=\"og:site_name\" content=\"Earley Law Group Injury Lawyers\" \/>\n<meta property=\"article:publisher\" content=\"https:\/\/www.facebook.com\/Law-Offices-of-Christopher-Earley-104980886333\/\" \/>\n<meta property=\"article:modified_time\" content=\"2024-07-18T08:17:04+00:00\" \/>\n<meta property=\"og:image\" content=\"https:\/\/www.chrisearley.com\/wp-content\/uploads\/2024\/06\/tourist-accidents.jpg\" \/>\n\t<meta property=\"og:image:width\" content=\"900\" \/>\n\t<meta property=\"og:image:height\" content=\"360\" \/>\n\t<meta property=\"og:image:type\" content=\"image\/jpeg\" \/>\n<meta name=\"twitter:card\" content=\"summary_large_image\" \/>\n<meta name=\"twitter:site\" content=\"@chrisearleylaw\" \/>\n<meta name=\"twitter:label1\" content=\"Est. reading time\" \/>\n\t<meta name=\"twitter:data1\" content=\"3 minutes\" \/>\n<script type=\"application\/ld+json\" class=\"yoast-schema-graph\">{\"@context\":\"https:\\\/\\\/schema.org\",\"@graph\":[{\"@type\":\"WebPage\",\"@id\":\"https:\\\/\\\/www.chrisearley.com\\\/es\\\/accidente-de-turismo\\\/\",\"url\":\"https:\\\/\\\/www.chrisearley.com\\\/es\\\/accidente-de-turismo\\\/\",\"name\":\"Accidente de Turismo | Boston Abogado de Responsabilidad Civil\",\"isPartOf\":{\"@id\":\"https:\\\/\\\/www.chrisearley.com\\\/es\\\/#website\"},\"primaryImageOfPage\":{\"@id\":\"https:\\\/\\\/www.chrisearley.com\\\/es\\\/accidente-de-turismo\\\/#primaryimage\"},\"image\":{\"@id\":\"https:\\\/\\\/www.chrisearley.com\\\/es\\\/accidente-de-turismo\\\/#primaryimage\"},\"thumbnailUrl\":\"https:\\\/\\\/www.chrisearley.com\\\/wp-content\\\/uploads\\\/2024\\\/06\\\/tourist-accidents.jpg\",\"datePublished\":\"2024-06-15T11:21:07+00:00\",\"dateModified\":\"2024-07-18T08:17:04+00:00\",\"description\":\"Consulta Gratis - Ll\u00e1menos al 617-444-7777 - Earley Law Group Injury Lawyers ayuda a las v\u00edctimas y sus familias a recibir una compensaci\u00f3n por sus lesiones. Accidente de Turismo - Boston Abogado de Responsabilidad Civil\",\"breadcrumb\":{\"@id\":\"https:\\\/\\\/www.chrisearley.com\\\/es\\\/accidente-de-turismo\\\/#breadcrumb\"},\"inLanguage\":\"es-US\",\"potentialAction\":[{\"@type\":\"ReadAction\",\"target\":[\"https:\\\/\\\/www.chrisearley.com\\\/es\\\/accidente-de-turismo\\\/\"]}]},{\"@type\":\"ImageObject\",\"inLanguage\":\"es-US\",\"@id\":\"https:\\\/\\\/www.chrisearley.com\\\/es\\\/accidente-de-turismo\\\/#primaryimage\",\"url\":\"https:\\\/\\\/www.chrisearley.com\\\/wp-content\\\/uploads\\\/2024\\\/06\\\/tourist-accidents.jpg\",\"contentUrl\":\"https:\\\/\\\/www.chrisearley.com\\\/wp-content\\\/uploads\\\/2024\\\/06\\\/tourist-accidents.jpg\",\"width\":900,\"height\":360,\"caption\":\"tourist accidents\"},{\"@type\":\"BreadcrumbList\",\"@id\":\"https:\\\/\\\/www.chrisearley.com\\\/es\\\/accidente-de-turismo\\\/#breadcrumb\",\"itemListElement\":[{\"@type\":\"ListItem\",\"position\":1,\"name\":\"Home\",\"item\":\"https:\\\/\\\/www.chrisearley.com\\\/es\\\/\"},{\"@type\":\"ListItem\",\"position\":2,\"name\":\"Accidente de Turismo\"}]},{\"@type\":\"WebSite\",\"@id\":\"https:\\\/\\\/www.chrisearley.com\\\/es\\\/#website\",\"url\":\"https:\\\/\\\/www.chrisearley.com\\\/es\\\/\",\"name\":\"Earley Law Group Injury Lawyers\",\"description\":\"\",\"publisher\":{\"@id\":\"https:\\\/\\\/www.chrisearley.com\\\/es\\\/#organization\"},\"potentialAction\":[{\"@type\":\"SearchAction\",\"target\":{\"@type\":\"EntryPoint\",\"urlTemplate\":\"https:\\\/\\\/www.chrisearley.com\\\/es\\\/?s={search_term_string}\"},\"query-input\":{\"@type\":\"PropertyValueSpecification\",\"valueRequired\":true,\"valueName\":\"search_term_string\"}}],\"inLanguage\":\"es-US\"},{\"@type\":\"Organization\",\"@id\":\"https:\\\/\\\/www.chrisearley.com\\\/es\\\/#organization\",\"name\":\"Earley Law Group Injury Lawyers\",\"url\":\"https:\\\/\\\/www.chrisearley.com\\\/es\\\/\",\"logo\":{\"@type\":\"ImageObject\",\"inLanguage\":\"es-US\",\"@id\":\"https:\\\/\\\/www.chrisearley.com\\\/es\\\/#\\\/schema\\\/logo\\\/image\\\/\",\"url\":\"https:\\\/\\\/www.chrisearley.com\\\/wp-content\\\/uploads\\\/2024\\\/05\\\/logo.png\",\"contentUrl\":\"https:\\\/\\\/www.chrisearley.com\\\/wp-content\\\/uploads\\\/2024\\\/05\\\/logo.png\",\"width\":420,\"height\":79,\"caption\":\"Earley Law Group Injury Lawyers\"},\"image\":{\"@id\":\"https:\\\/\\\/www.chrisearley.com\\\/es\\\/#\\\/schema\\\/logo\\\/image\\\/\"},\"sameAs\":[\"https:\\\/\\\/www.facebook.com\\\/Law-Offices-of-Christopher-Earley-104980886333\\\/\",\"https:\\\/\\\/x.com\\\/chrisearleylaw\",\"https:\\\/\\\/www.youtube.com\\\/user\\\/ChrisEarleyLaw\",\"https:\\\/\\\/www.linkedin.com\\\/company\\\/earley-law-group-injury-lawyers\",\"https:\\\/\\\/www.instagram.com\\\/earleylawgroupinjurylawyers\\\/\"]}]}<\/script>\n<!-- \/ Yoast SEO plugin. -->","yoast_head_json":{"title":"Accidente de Turismo | Boston Abogado de Responsabilidad Civil","description":"Consulta Gratis - Ll\u00e1menos al 617-444-7777 - Earley Law Group Injury Lawyers ayuda a las v\u00edctimas y sus familias a recibir una compensaci\u00f3n por sus lesiones. Accidente de Turismo - Boston Abogado de Responsabilidad Civil","robots":{"index":"index","follow":"follow","max-snippet":"max-snippet:-1","max-image-preview":"max-image-preview:large","max-video-preview":"max-video-preview:-1"},"canonical":"https:\/\/www.chrisearley.com\/es\/accidente-de-turismo\/","og_locale":"es_ES","og_type":"article","og_title":"Accidente de Turismo | Boston Abogado de Responsabilidad Civil","og_description":"Consulta Gratis - Ll\u00e1menos al 617-444-7777 - Earley Law Group Injury Lawyers ayuda a las v\u00edctimas y sus familias a recibir una compensaci\u00f3n por sus lesiones. Accidente de Turismo - Boston Abogado de Responsabilidad Civil","og_url":"https:\/\/www.chrisearley.com\/es\/accidente-de-turismo\/","og_site_name":"Earley Law Group Injury Lawyers","article_publisher":"https:\/\/www.facebook.com\/Law-Offices-of-Christopher-Earley-104980886333\/","article_modified_time":"2024-07-18T08:17:04+00:00","og_image":[{"width":900,"height":360,"url":"https:\/\/www.chrisearley.com\/wp-content\/uploads\/2024\/06\/tourist-accidents.jpg","type":"image\/jpeg"}],"twitter_card":"summary_large_image","twitter_site":"@chrisearleylaw","twitter_misc":{"Est. reading time":"3 minutes"},"schema":{"@context":"https:\/\/schema.org","@graph":[{"@type":"WebPage","@id":"https:\/\/www.chrisearley.com\/es\/accidente-de-turismo\/","url":"https:\/\/www.chrisearley.com\/es\/accidente-de-turismo\/","name":"Accidente de Turismo | Boston Abogado de Responsabilidad Civil","isPartOf":{"@id":"https:\/\/www.chrisearley.com\/es\/#website"},"primaryImageOfPage":{"@id":"https:\/\/www.chrisearley.com\/es\/accidente-de-turismo\/#primaryimage"},"image":{"@id":"https:\/\/www.chrisearley.com\/es\/accidente-de-turismo\/#primaryimage"},"thumbnailUrl":"https:\/\/www.chrisearley.com\/wp-content\/uploads\/2024\/06\/tourist-accidents.jpg","datePublished":"2024-06-15T11:21:07+00:00","dateModified":"2024-07-18T08:17:04+00:00","description":"Consulta Gratis - Ll\u00e1menos al 617-444-7777 - Earley Law Group Injury Lawyers ayuda a las v\u00edctimas y sus familias a recibir una compensaci\u00f3n por sus lesiones. Accidente de Turismo - Boston Abogado de Responsabilidad Civil","breadcrumb":{"@id":"https:\/\/www.chrisearley.com\/es\/accidente-de-turismo\/#breadcrumb"},"inLanguage":"es-US","potentialAction":[{"@type":"ReadAction","target":["https:\/\/www.chrisearley.com\/es\/accidente-de-turismo\/"]}]},{"@type":"ImageObject","inLanguage":"es-US","@id":"https:\/\/www.chrisearley.com\/es\/accidente-de-turismo\/#primaryimage","url":"https:\/\/www.chrisearley.com\/wp-content\/uploads\/2024\/06\/tourist-accidents.jpg","contentUrl":"https:\/\/www.chrisearley.com\/wp-content\/uploads\/2024\/06\/tourist-accidents.jpg","width":900,"height":360,"caption":"tourist accidents"},{"@type":"BreadcrumbList","@id":"https:\/\/www.chrisearley.com\/es\/accidente-de-turismo\/#breadcrumb","itemListElement":[{"@type":"ListItem","position":1,"name":"Home","item":"https:\/\/www.chrisearley.com\/es\/"},{"@type":"ListItem","position":2,"name":"Accidente de Turismo"}]},{"@type":"WebSite","@id":"https:\/\/www.chrisearley.com\/es\/#website","url":"https:\/\/www.chrisearley.com\/es\/","name":"Earley Law Group Injury Lawyers","description":"","publisher":{"@id":"https:\/\/www.chrisearley.com\/es\/#organization"},"potentialAction":[{"@type":"SearchAction","target":{"@type":"EntryPoint","urlTemplate":"https:\/\/www.chrisearley.com\/es\/?s={search_term_string}"},"query-input":{"@type":"PropertyValueSpecification","valueRequired":true,"valueName":"search_term_string"}}],"inLanguage":"es-US"},{"@type":"Organization","@id":"https:\/\/www.chrisearley.com\/es\/#organization","name":"Earley Law Group Injury Lawyers","url":"https:\/\/www.chrisearley.com\/es\/","logo":{"@type":"ImageObject","inLanguage":"es-US","@id":"https:\/\/www.chrisearley.com\/es\/#\/schema\/logo\/image\/","url":"https:\/\/www.chrisearley.com\/wp-content\/uploads\/2024\/05\/logo.png","contentUrl":"https:\/\/www.chrisearley.com\/wp-content\/uploads\/2024\/05\/logo.png","width":420,"height":79,"caption":"Earley Law Group Injury Lawyers"},"image":{"@id":"https:\/\/www.chrisearley.com\/es\/#\/schema\/logo\/image\/"},"sameAs":["https:\/\/www.facebook.com\/Law-Offices-of-Christopher-Earley-104980886333\/","https:\/\/x.com\/chrisearleylaw","https:\/\/www.youtube.com\/user\/ChrisEarleyLaw","https:\/\/www.linkedin.com\/company\/earley-law-group-injury-lawyers","https:\/\/www.instagram.com\/earleylawgroupinjurylawyers\/"]}]}},"_links":{"self":[{"href":"https:\/\/www.chrisearley.com\/es\/wp-json\/wp\/v2\/pages\/12825","targetHints":{"allow":["GET"]}}],"collection":[{"href":"https:\/\/www.chrisearley.com\/es\/wp-json\/wp\/v2\/pages"}],"about":[{"href":"https:\/\/www.chrisearley.com\/es\/wp-json\/wp\/v2\/types\/page"}],"author":[{"embeddable":true,"href":"https:\/\/www.chrisearley.com\/es\/wp-json\/wp\/v2\/users\/35"}],"replies":[{"embeddable":true,"href":"https:\/\/www.chrisearley.com\/es\/wp-json\/wp\/v2\/comments?post=12825"}],"version-history":[{"count":0,"href":"https:\/\/www.chrisearley.com\/es\/wp-json\/wp\/v2\/pages\/12825\/revisions"}],"wp:featuredmedia":[{"embeddable":true,"href":"https:\/\/www.chrisearley.com\/es\/wp-json\/wp\/v2\/media\/19106"}],"wp:attachment":[{"href":"https:\/\/www.chrisearley.com\/es\/wp-json\/wp\/v2\/media?parent=12825"}],"curies":[{"name":"wp","href":"https:\/\/api.w.org\/{rel}","templated":true}]}}