{"id":12810,"date":"2024-06-26T08:05:23","date_gmt":"2024-06-26T08:05:23","guid":{"rendered":"https:\/\/www.chrisearley.com\/?page_id=12810"},"modified":"2024-07-04T04:46:36","modified_gmt":"2024-07-04T04:46:36","slug":"accidente-de-ascensor-y-escalera-mecanica","status":"publish","type":"page","link":"https:\/\/www.chrisearley.com\/es\/accidente-de-ascensor-y-escalera-mecanica\/","title":{"rendered":"Accidente de Ascensor y Escalera Mec\u00e1nica"},"content":{"rendered":"<p>Los ascensores y las escaleras mec\u00e1nicas est\u00e1n destinados a ayudar y hacer que el movimiento humano sea m\u00e1s eficiente. Se encuentran en todas partes, incluidas las propiedades p\u00fablicas y privadas.<\/p>\n<p>Los encontramos en centros comerciales, edificios de oficinas,\u00a0<a href=\"https:\/\/www.chrisearley.com\/es\/accidentes-de-automoviles\/accidente-de-transito-mbta\/\">estaciones de metro y tren<\/a>, torres residenciales, etc. Se estima que hay <a href=\"http:\/\/www.neii.org\/presskit\/printmaster.cfm?plink=NEII%20Elevator%20and%20Escalator%20Fun%20Facts.cfm\" target=\"_blank\" rel=\"noopener\">900.000 ascensores y aproximadamente 35.000 escaleras mec\u00e1nicas<\/a>\u00a0en los Estados Unidos.<\/p>\n<p>Cuando las escaleras mec\u00e1nicas y los ascensores no funcionan correctamente, las personas inocentes pueden sufrir\u00a0<a href=\"https:\/\/www.chrisearley.com\/es\/lesiones-personales\/\">lesiones personales<\/a>\u00a0muy graves.<\/p>\n<p>Dependiendo de lo que sali\u00f3 mal, las lesiones de estas v\u00edctimas pueden variar desde lesiones de\u00a0<a href=\"https:\/\/www.chrisearley.com\/es\/lesiones-personales\/lesiones-de-tejidos-blandos\/\">tejidos blandos<\/a>,\u00a0<a href=\"https:\/\/www.chrisearley.com\/es\/lesiones-personales\/huesos-rotos\/\">fracturas<\/a> e incluso la muerte. Adem\u00e1s, dado que los ascensores y las escaleras mec\u00e1nicas est\u00e1n destinados a transportar a una gran cantidad de personas, a veces muchos pueden verse afectados cuando las cosas van mal.<\/p>\n<p>Si result\u00f3 lesionado en uno de estos accidentes, es importante saber qu\u00e9 hacer a continuaci\u00f3n y c\u00f3mo proteger sus derechos. Estos accidentes generalmente involucran la violaci\u00f3n de las regulaciones de seguridad federales y estatales. Lo que hacemos es encontrar exactamente qu\u00e9 sali\u00f3 mal que llev\u00f3 al accidente y asegurar una compensaci\u00f3n adecuada para nuestros clientes.<\/p>\n<h2>Tipos Comunes de Accidentes de Ascensores y Escaleras Mec\u00e1nicas en Boston<\/h2>\n<ul>\n<li>Paradas y sacudidas repentinas<\/li>\n<li><a href=\"https:\/\/www.chrisearley.com\/es\/accidente-por-resbalon-y-caida\/\">Resbalones y ca\u00eddas<\/a><\/li>\n<li><a href=\"https:\/\/www.chrisearley.com\/es\/compensacion-laboral\/\">Accidentes de compensaci\u00f3n laboral<\/a><\/li>\n<li>Quedarse atrapado dentro de un ascensor<\/li>\n<li>Fallos del equipo<\/li>\n<li>Mantenimiento inadecuado<\/li>\n<li>Caidas de ascensor<\/li>\n<\/ul>\n<h2>\u00bfQui\u00e9n es Responsable de las Lesiones en los Elevadores y Escaleras Mec\u00e1nicas de Boston?<\/h2>\n<p>Por lo general, hay varias partes que pueden ser consideradas responsables. En esta situaci\u00f3n, todas las partes potenciales se involucran en la demanda y la demanda. Realmente depende de d\u00f3nde ocurri\u00f3 el accidente y qu\u00e9 sali\u00f3 mal. Algunas partes comunes que pueden ser responsables en estas situaciones son:<\/p>\n<ul>\n<li>Propietarios de edificios<\/li>\n<li>Ascensor y escalera m\u00f3vil Fabricantes<\/li>\n<li>Proveedores de equipos<\/li>\n<li>Empresas de reparaci\u00f3n de equipos<\/li>\n<li>Empresas de servicios<\/li>\n<\/ul>\n<h2>\u00bfQu\u00e9 Tipos de Compensaci\u00f3n Est\u00e1n Disponibles?<\/h2>\n<p>La reclamaci\u00f3n es por las p\u00e9rdidas y da\u00f1os causados \u200b\u200bpor el accidente. Esto incluye da\u00f1os espec\u00edficos (facturas m\u00e9dicas, salarios perdidos, etc.) as\u00ed como da\u00f1os generales (dolor y sufrimiento). Su abogado de accidentes de ascensores \/ escaleras mec\u00e1nicas abogar\u00e1 en su nombre para que se le paguen todos estos beneficios.<\/p>\n<h2>\u00bfCu\u00e1les son los L\u00edmites de Tiempo?<\/h2>\n<p>Generalmente, en Massachusetts, el estatuto de limitaciones para accidentes de ascensores y escaleras mec\u00e1nicas es de tres a\u00f1os a partir de la fecha del accidente. Para los casos que involucran a menores, el plazo de prescripci\u00f3n es de tres a\u00f1os a partir de la fecha del accidente.<\/p>\n<h2>Cont\u00e1ctenos Para su Consulta Gratuita<\/h2>\n<p>Estos accidentes pueden ser muy complejos. Es fundamental contratar a un abogado con experiencia que sepa c\u00f3mo investigar qu\u00e9 sali\u00f3 mal, identificar a todas las partes potencialmente responsables y encontrar todas las p\u00f3lizas de seguro disponibles para obtener una compensaci\u00f3n completa.<\/p>\n<p>Somos abogados de accidentes de elevadores y escaleras mec\u00e1nicas en Boston y podemos ayudarlo si result\u00f3 lesionado en uno de estos accidentes.<\/p>\n<p>P\u00f3ngase en contacto con\u00a0<a href=\"https:\/\/www.chrisearley.com\/es\/\">la oficina legal de Christopher Earley<\/a>\u00a0hoy mismo si result\u00f3 herido por un ascensor o una escalera mec\u00e1nica. Somos abogados de lesiones en Boston con experiencia en la representaci\u00f3n de personas lesionadas en accidentes de escaleras mec\u00e1nicas y ascensores. Perm\u00edtanos mostrarle c\u00f3mo podemos ayudarlo. Aseg\u00farese de no retrasar la adopci\u00f3n de medidas. Retrasar la adopci\u00f3n de medidas para proteger sus derechos a una indemnizaci\u00f3n puede resultar muy perjudicial para su caso. No seas una v\u00edctima. Defi\u00e9ndase y obtenga la compensaci\u00f3n que se merece por las lesiones de su ascensor o accidente.<\/p>\n","protected":false},"excerpt":{"rendered":"<p>Los ascensores y las escaleras mec\u00e1nicas est\u00e1n destinados a ayudar y hacer que el movimiento humano sea m\u00e1s eficiente. Se encuentran en todas partes, incluidas las propiedades p\u00fablicas y privadas. Los encontramos en centros comerciales, edificios de oficinas,\u00a0estaciones de metro y tren, torres residenciales, etc. Se estima que hay 900.000 ascensores y aproximadamente 35.000 escaleras [&hellip;]<\/p>\n","protected":false},"author":35,"featured_media":30329,"parent":0,"menu_order":453,"comment_status":"closed","ping_status":"closed","template":"","meta":{"_acf_changed":false,"footnotes":""},"class_list":["post-12810","page","type-page","status-publish","has-post-thumbnail","hentry"],"acf":[],"yoast_head":"<!-- This site is optimized with the Yoast SEO plugin v27.2 - https:\/\/yoast.com\/product\/yoast-seo-wordpress\/ -->\n<title>Accidente de Ascensor y Escalera Mec\u00e1nica | Boston Abogado de Responsabilidad Civil<\/title>\n<meta name=\"description\" content=\"Consulta Gratis - Ll\u00e1menos al 617-444-7777 - Earley Law Group Injury Lawyers ayuda a las v\u00edctimas y sus familias a recibir una compensaci\u00f3n por sus lesiones. Accidente de Ascensor y Escalera Mec\u00e1nica - Boston Abogado de Responsabilidad Civil\" \/>\n<meta name=\"robots\" content=\"index, follow, max-snippet:-1, max-image-preview:large, max-video-preview:-1\" \/>\n<link rel=\"canonical\" href=\"https:\/\/www.chrisearley.com\/es\/accidente-de-ascensor-y-escalera-mecanica\/\" \/>\n<meta property=\"og:locale\" content=\"es_ES\" \/>\n<meta property=\"og:type\" content=\"article\" \/>\n<meta property=\"og:title\" content=\"Accidente de Ascensor y Escalera Mec\u00e1nica | Boston Abogado de Responsabilidad Civil\" \/>\n<meta property=\"og:description\" content=\"Consulta Gratis - Ll\u00e1menos al 617-444-7777 - Earley Law Group Injury Lawyers ayuda a las v\u00edctimas y sus familias a recibir una compensaci\u00f3n por sus lesiones. Accidente de Ascensor y Escalera Mec\u00e1nica - Boston Abogado de Responsabilidad Civil\" \/>\n<meta property=\"og:url\" content=\"https:\/\/www.chrisearley.com\/es\/accidente-de-ascensor-y-escalera-mecanica\/\" \/>\n<meta property=\"og:site_name\" content=\"Earley Law Group Injury Lawyers\" \/>\n<meta property=\"article:publisher\" content=\"https:\/\/www.facebook.com\/Law-Offices-of-Christopher-Earley-104980886333\/\" \/>\n<meta property=\"article:modified_time\" content=\"2024-07-04T04:46:36+00:00\" \/>\n<meta property=\"og:image\" content=\"https:\/\/www.chrisearley.com\/wp-content\/uploads\/2024\/07\/accidente-de-ascensor-y-escalera-mecanica.jpg\" \/>\n\t<meta property=\"og:image:width\" content=\"900\" \/>\n\t<meta property=\"og:image:height\" content=\"360\" \/>\n\t<meta property=\"og:image:type\" content=\"image\/jpeg\" \/>\n<meta name=\"twitter:card\" content=\"summary_large_image\" \/>\n<meta name=\"twitter:site\" content=\"@chrisearleylaw\" \/>\n<meta name=\"twitter:label1\" content=\"Est. reading time\" \/>\n\t<meta name=\"twitter:data1\" content=\"3 minutes\" \/>\n<script type=\"application\/ld+json\" class=\"yoast-schema-graph\">{\"@context\":\"https:\/\/schema.org\",\"@graph\":[{\"@type\":\"WebPage\",\"@id\":\"https:\/\/www.chrisearley.com\/es\/accidente-de-ascensor-y-escalera-mecanica\/\",\"url\":\"https:\/\/www.chrisearley.com\/es\/accidente-de-ascensor-y-escalera-mecanica\/\",\"name\":\"Accidente de Ascensor y Escalera Mec\u00e1nica | Boston Abogado de Responsabilidad Civil\",\"isPartOf\":{\"@id\":\"https:\/\/www.chrisearley.com\/es\/#website\"},\"primaryImageOfPage\":{\"@id\":\"https:\/\/www.chrisearley.com\/es\/accidente-de-ascensor-y-escalera-mecanica\/#primaryimage\"},\"image\":{\"@id\":\"https:\/\/www.chrisearley.com\/es\/accidente-de-ascensor-y-escalera-mecanica\/#primaryimage\"},\"thumbnailUrl\":\"https:\/\/www.chrisearley.com\/wp-content\/uploads\/2024\/07\/accidente-de-ascensor-y-escalera-mecanica.jpg\",\"datePublished\":\"2024-06-26T08:05:23+00:00\",\"dateModified\":\"2024-07-04T04:46:36+00:00\",\"description\":\"Consulta Gratis - Ll\u00e1menos al 617-444-7777 - Earley Law Group Injury Lawyers ayuda a las v\u00edctimas y sus familias a recibir una compensaci\u00f3n por sus lesiones. Accidente de Ascensor y Escalera Mec\u00e1nica - Boston Abogado de Responsabilidad Civil\",\"breadcrumb\":{\"@id\":\"https:\/\/www.chrisearley.com\/es\/accidente-de-ascensor-y-escalera-mecanica\/#breadcrumb\"},\"inLanguage\":\"es-US\",\"potentialAction\":[{\"@type\":\"ReadAction\",\"target\":[\"https:\/\/www.chrisearley.com\/es\/accidente-de-ascensor-y-escalera-mecanica\/\"]}]},{\"@type\":\"ImageObject\",\"inLanguage\":\"es-US\",\"@id\":\"https:\/\/www.chrisearley.com\/es\/accidente-de-ascensor-y-escalera-mecanica\/#primaryimage\",\"url\":\"https:\/\/www.chrisearley.com\/wp-content\/uploads\/2024\/07\/accidente-de-ascensor-y-escalera-mecanica.jpg\",\"contentUrl\":\"https:\/\/www.chrisearley.com\/wp-content\/uploads\/2024\/07\/accidente-de-ascensor-y-escalera-mecanica.jpg\",\"width\":900,\"height\":360},{\"@type\":\"BreadcrumbList\",\"@id\":\"https:\/\/www.chrisearley.com\/es\/accidente-de-ascensor-y-escalera-mecanica\/#breadcrumb\",\"itemListElement\":[{\"@type\":\"ListItem\",\"position\":1,\"name\":\"Home\",\"item\":\"https:\/\/www.chrisearley.com\/es\/\"},{\"@type\":\"ListItem\",\"position\":2,\"name\":\"Accidente de Ascensor y Escalera Mec\u00e1nica\"}]},{\"@type\":\"WebSite\",\"@id\":\"https:\/\/www.chrisearley.com\/es\/#website\",\"url\":\"https:\/\/www.chrisearley.com\/es\/\",\"name\":\"Earley Law Group Injury Lawyers\",\"description\":\"\",\"publisher\":{\"@id\":\"https:\/\/www.chrisearley.com\/es\/#organization\"},\"potentialAction\":[{\"@type\":\"SearchAction\",\"target\":{\"@type\":\"EntryPoint\",\"urlTemplate\":\"https:\/\/www.chrisearley.com\/es\/?s={search_term_string}\"},\"query-input\":{\"@type\":\"PropertyValueSpecification\",\"valueRequired\":true,\"valueName\":\"search_term_string\"}}],\"inLanguage\":\"es-US\"},{\"@type\":\"Organization\",\"@id\":\"https:\/\/www.chrisearley.com\/es\/#organization\",\"name\":\"Earley Law Group Injury Lawyers\",\"url\":\"https:\/\/www.chrisearley.com\/es\/\",\"logo\":{\"@type\":\"ImageObject\",\"inLanguage\":\"es-US\",\"@id\":\"https:\/\/www.chrisearley.com\/es\/#\/schema\/logo\/image\/\",\"url\":\"https:\/\/www.chrisearley.com\/wp-content\/uploads\/2024\/05\/logo.png\",\"contentUrl\":\"https:\/\/www.chrisearley.com\/wp-content\/uploads\/2024\/05\/logo.png\",\"width\":420,\"height\":79,\"caption\":\"Earley Law Group Injury Lawyers\"},\"image\":{\"@id\":\"https:\/\/www.chrisearley.com\/es\/#\/schema\/logo\/image\/\"},\"sameAs\":[\"https:\/\/www.facebook.com\/Law-Offices-of-Christopher-Earley-104980886333\/\",\"https:\/\/x.com\/chrisearleylaw\",\"https:\/\/www.youtube.com\/user\/ChrisEarleyLaw\",\"https:\/\/www.linkedin.com\/company\/earley-law-group-injury-lawyers\",\"https:\/\/www.instagram.com\/earleylawgroupinjurylawyers\/\"]}]}<\/script>\n<!-- \/ Yoast SEO plugin. -->","yoast_head_json":{"title":"Accidente de Ascensor y Escalera Mec\u00e1nica | Boston Abogado de Responsabilidad Civil","description":"Consulta Gratis - Ll\u00e1menos al 617-444-7777 - Earley Law Group Injury Lawyers ayuda a las v\u00edctimas y sus familias a recibir una compensaci\u00f3n por sus lesiones. Accidente de Ascensor y Escalera Mec\u00e1nica - Boston Abogado de Responsabilidad Civil","robots":{"index":"index","follow":"follow","max-snippet":"max-snippet:-1","max-image-preview":"max-image-preview:large","max-video-preview":"max-video-preview:-1"},"canonical":"https:\/\/www.chrisearley.com\/es\/accidente-de-ascensor-y-escalera-mecanica\/","og_locale":"es_ES","og_type":"article","og_title":"Accidente de Ascensor y Escalera Mec\u00e1nica | Boston Abogado de Responsabilidad Civil","og_description":"Consulta Gratis - Ll\u00e1menos al 617-444-7777 - Earley Law Group Injury Lawyers ayuda a las v\u00edctimas y sus familias a recibir una compensaci\u00f3n por sus lesiones. Accidente de Ascensor y Escalera Mec\u00e1nica - Boston Abogado de Responsabilidad Civil","og_url":"https:\/\/www.chrisearley.com\/es\/accidente-de-ascensor-y-escalera-mecanica\/","og_site_name":"Earley Law Group Injury Lawyers","article_publisher":"https:\/\/www.facebook.com\/Law-Offices-of-Christopher-Earley-104980886333\/","article_modified_time":"2024-07-04T04:46:36+00:00","og_image":[{"width":900,"height":360,"url":"https:\/\/www.chrisearley.com\/wp-content\/uploads\/2024\/07\/accidente-de-ascensor-y-escalera-mecanica.jpg","type":"image\/jpeg"}],"twitter_card":"summary_large_image","twitter_site":"@chrisearleylaw","twitter_misc":{"Est. reading time":"3 minutes"},"schema":{"@context":"https:\/\/schema.org","@graph":[{"@type":"WebPage","@id":"https:\/\/www.chrisearley.com\/es\/accidente-de-ascensor-y-escalera-mecanica\/","url":"https:\/\/www.chrisearley.com\/es\/accidente-de-ascensor-y-escalera-mecanica\/","name":"Accidente de Ascensor y Escalera Mec\u00e1nica | Boston Abogado de Responsabilidad Civil","isPartOf":{"@id":"https:\/\/www.chrisearley.com\/es\/#website"},"primaryImageOfPage":{"@id":"https:\/\/www.chrisearley.com\/es\/accidente-de-ascensor-y-escalera-mecanica\/#primaryimage"},"image":{"@id":"https:\/\/www.chrisearley.com\/es\/accidente-de-ascensor-y-escalera-mecanica\/#primaryimage"},"thumbnailUrl":"https:\/\/www.chrisearley.com\/wp-content\/uploads\/2024\/07\/accidente-de-ascensor-y-escalera-mecanica.jpg","datePublished":"2024-06-26T08:05:23+00:00","dateModified":"2024-07-04T04:46:36+00:00","description":"Consulta Gratis - Ll\u00e1menos al 617-444-7777 - Earley Law Group Injury Lawyers ayuda a las v\u00edctimas y sus familias a recibir una compensaci\u00f3n por sus lesiones. Accidente de Ascensor y Escalera Mec\u00e1nica - Boston Abogado de Responsabilidad Civil","breadcrumb":{"@id":"https:\/\/www.chrisearley.com\/es\/accidente-de-ascensor-y-escalera-mecanica\/#breadcrumb"},"inLanguage":"es-US","potentialAction":[{"@type":"ReadAction","target":["https:\/\/www.chrisearley.com\/es\/accidente-de-ascensor-y-escalera-mecanica\/"]}]},{"@type":"ImageObject","inLanguage":"es-US","@id":"https:\/\/www.chrisearley.com\/es\/accidente-de-ascensor-y-escalera-mecanica\/#primaryimage","url":"https:\/\/www.chrisearley.com\/wp-content\/uploads\/2024\/07\/accidente-de-ascensor-y-escalera-mecanica.jpg","contentUrl":"https:\/\/www.chrisearley.com\/wp-content\/uploads\/2024\/07\/accidente-de-ascensor-y-escalera-mecanica.jpg","width":900,"height":360},{"@type":"BreadcrumbList","@id":"https:\/\/www.chrisearley.com\/es\/accidente-de-ascensor-y-escalera-mecanica\/#breadcrumb","itemListElement":[{"@type":"ListItem","position":1,"name":"Home","item":"https:\/\/www.chrisearley.com\/es\/"},{"@type":"ListItem","position":2,"name":"Accidente de Ascensor y Escalera Mec\u00e1nica"}]},{"@type":"WebSite","@id":"https:\/\/www.chrisearley.com\/es\/#website","url":"https:\/\/www.chrisearley.com\/es\/","name":"Earley Law Group Injury Lawyers","description":"","publisher":{"@id":"https:\/\/www.chrisearley.com\/es\/#organization"},"potentialAction":[{"@type":"SearchAction","target":{"@type":"EntryPoint","urlTemplate":"https:\/\/www.chrisearley.com\/es\/?s={search_term_string}"},"query-input":{"@type":"PropertyValueSpecification","valueRequired":true,"valueName":"search_term_string"}}],"inLanguage":"es-US"},{"@type":"Organization","@id":"https:\/\/www.chrisearley.com\/es\/#organization","name":"Earley Law Group Injury Lawyers","url":"https:\/\/www.chrisearley.com\/es\/","logo":{"@type":"ImageObject","inLanguage":"es-US","@id":"https:\/\/www.chrisearley.com\/es\/#\/schema\/logo\/image\/","url":"https:\/\/www.chrisearley.com\/wp-content\/uploads\/2024\/05\/logo.png","contentUrl":"https:\/\/www.chrisearley.com\/wp-content\/uploads\/2024\/05\/logo.png","width":420,"height":79,"caption":"Earley Law Group Injury Lawyers"},"image":{"@id":"https:\/\/www.chrisearley.com\/es\/#\/schema\/logo\/image\/"},"sameAs":["https:\/\/www.facebook.com\/Law-Offices-of-Christopher-Earley-104980886333\/","https:\/\/x.com\/chrisearleylaw","https:\/\/www.youtube.com\/user\/ChrisEarleyLaw","https:\/\/www.linkedin.com\/company\/earley-law-group-injury-lawyers","https:\/\/www.instagram.com\/earleylawgroupinjurylawyers\/"]}]}},"_links":{"self":[{"href":"https:\/\/www.chrisearley.com\/es\/wp-json\/wp\/v2\/pages\/12810","targetHints":{"allow":["GET"]}}],"collection":[{"href":"https:\/\/www.chrisearley.com\/es\/wp-json\/wp\/v2\/pages"}],"about":[{"href":"https:\/\/www.chrisearley.com\/es\/wp-json\/wp\/v2\/types\/page"}],"author":[{"embeddable":true,"href":"https:\/\/www.chrisearley.com\/es\/wp-json\/wp\/v2\/users\/35"}],"replies":[{"embeddable":true,"href":"https:\/\/www.chrisearley.com\/es\/wp-json\/wp\/v2\/comments?post=12810"}],"version-history":[{"count":0,"href":"https:\/\/www.chrisearley.com\/es\/wp-json\/wp\/v2\/pages\/12810\/revisions"}],"wp:featuredmedia":[{"embeddable":true,"href":"https:\/\/www.chrisearley.com\/es\/wp-json\/wp\/v2\/media\/30329"}],"wp:attachment":[{"href":"https:\/\/www.chrisearley.com\/es\/wp-json\/wp\/v2\/media?parent=12810"}],"curies":[{"name":"wp","href":"https:\/\/api.w.org\/{rel}","templated":true}]}}