{"id":12796,"date":"2024-06-26T08:04:20","date_gmt":"2024-06-26T08:04:20","guid":{"rendered":"https:\/\/www.chrisearley.com\/?page_id=12796"},"modified":"2024-07-18T08:25:20","modified_gmt":"2024-07-18T08:25:20","slug":"accidente-de-nieve-y-hielo","status":"publish","type":"page","link":"https:\/\/www.chrisearley.com\/es\/accidente-de-nieve-y-hielo\/","title":{"rendered":"Accidente de Nieve y Hielo"},"content":{"rendered":"<p>La nieve y el hielo son una de las principales causas de\u00a0<a href=\"https:\/\/www.chrisearley.com\/es\/lesiones-personales\/\">lesiones personales<\/a>. Debido a nuestro clima, los residentes de Massachusetts tienen una buena cantidad de accidentes por resbalones y ca\u00eddas en la nieve y el hielo cada a\u00f1o. El abogado de resbalones y ca\u00eddas de nieve y hielo de Boston,\u00a0<a href=\"https:\/\/www.chrisearley.com\/es\/\">Christopher Earley<\/a>, puede ayudarlo si se lesion\u00f3 en uno de estos accidentes.<\/p>\n<p>Los accidentes por\u00a0<a href=\"https:\/\/www.chrisearley.com\/es\/accidente-por-resbalon-y-caida\/\">resbalones y ca\u00eddas<\/a>\u00a0no son motivo de risa, ya que pueden causar\u00a0<a href=\"https:\/\/www.chrisearley.com\/es\/lesiones-personales\/huesos-rotos\/\">huesos rotos<\/a>, dislocaciones y otras lesiones personales muy graves.<\/p>\n<h2>Ley de Accidentes de Nieve y Hielo de Massachusetts<\/h2>\n<p>Antes de 2010, los propietarios de tierras de Massachusetts solo ser\u00edan responsables por negligencia si hubiera una \u201cacumulaci\u00f3n antinatural\u201d de nieve y hielo en su propiedad. Demostrar que se cumpl\u00eda el est\u00e1ndar fue muy dif\u00edcil.<\/p>\n<p>Eso signific\u00f3 que para muchas v\u00edctimas de accidentes de nieve y hielo en Massachusetts, las puertas de los juzgados estaban cerradas para sus reclamos.<\/p>\n<p>Ese est\u00e1ndar legal anterior para la responsabilidad por nieve y hielo ser\u00eda reemplazado por el caso innovador de\u00a0<a href=\"http:\/\/masscases.com\/cases\/sjc\/457\/457mass368.html\" target=\"_blank\" rel=\"noopener\">Papadopoulos v. Target Corporation<\/a>.<\/p>\n<p>El tribunal m\u00e1s alto de Massachusetts, el Tribunal Judicial Supremo, sostuvo en ese caso que los propietarios privados deben mantener su propiedad razonablemente libre de nieve y hielo.<\/p>\n<p>Eso no significa que los propietarios privados deban asegurarse de que no haya ni un solo trozo de nieve y hielo en su propiedad.<\/p>\n<p>M\u00e1s bien, lo que significa es que decidir qu\u00e9 es la remoci\u00f3n \u201crazonable\u201d de nieve y hielo en una propiedad privada se juzgar\u00eda caso por caso.<\/p>\n<p>Eso significaba que los tribunales estaban dando la bienvenida a casos que previamente hab\u00edan rechazado.<\/p>\n<p>La ley de Massachusetts para estos accidentes es muy amplia. Debido a lo extenso que es, vale la pena tener un abogado experimentado de su lado.<\/p>\n<h2>\u00bfQui\u00e9n Puede ser Considerado Responsable de Estos Accidentes?<\/h2>\n<p>Antes de que un caso pueda proceder, debe determinarse qui\u00e9n, si es que alguien, puede ser considerado responsable. Generalmente, cualquier parte que haya tenido un papel en la causa de su accidente de resbal\u00f3n y ca\u00edda puede ser considerada responsable. Eso incluye a propietarios, poseedores de propiedades y contratistas de remoci\u00f3n de nieve.<\/p>\n<p>A veces, los acuerdos de arrendamiento y los contratos de remoci\u00f3n de nieve deben revisarse para determinar la responsabilidad.<\/p>\n<p>Una vez que se identifican las partes adecuadas, el siguiente paso es avisar a la compa\u00f1\u00eda de seguros de responsabilidad de cada parte involucrada sobre el reclamo.<\/p>\n<p>Una vez que eso sucede, las compa\u00f1\u00edas de seguros comienzan sus propias investigaciones para determinar si su asegurado tiene responsabilidad potencial.<\/p>\n<h2>Lesiones Comunes por Accidentes de Nieve y Hielo<\/h2>\n<div class=\"row\">\n<ul class=\"col-xl-6\">\n<li>Lesiones de cuello<\/li>\n<li><a href=\"https:\/\/www.chrisearley.com\/es\/lesiones-personales\/lesion-de-espalda\/\">Lesiones de espalda<\/a><\/li>\n<li><a href=\"https:\/\/www.chrisearley.com\/es\/lesiones-personales\/latigazo\/\">Latigazo<\/a><\/li>\n<li><a href=\"https:\/\/www.chrisearley.com\/es\/lesiones-personales\/lesiones-de-tejidos-blandos\/\">Lesiones de tejidos blandos<\/a><\/li>\n<li><a href=\"https:\/\/www.chrisearley.com\/es\/lesiones-personales\/huesos-rotos\/\">Huesos rotos<\/a><\/li>\n<li><a href=\"https:\/\/www.chrisearley.com\/es\/lesiones-personales\/cicatrices-y-desfiguraciones\/\">Dislocaciones<\/a><\/li>\n<li><a href=\"https:\/\/www.chrisearley.com\/es\/lesiones-personales\/cicatrices-y-desfiguraciones\/\">Contusiones<\/a><\/li>\n<li><a href=\"https:\/\/www.chrisearley.com\/es\/lesiones-personales\/cicatrices-y-desfiguraciones\/\">Cicatrices y desfiguraciones<\/a><\/li>\n<li><a href=\"https:\/\/www.chrisearley.com\/es\/lesiones-personales\/hernia-de-disco\/\">Hernias de disco<\/a><\/li>\n<li><a href=\"https:\/\/www.chrisearley.com\/es\/lesiones-personales\/muneca-rota\/\">Fracturas de mu\u00f1eca<\/a><\/li>\n<\/ul>\n<ul class=\"col-xl-6\">\n<li><a href=\"https:\/\/www.chrisearley.com\/es\/lesiones-personales\/lesion-de-rodilla\/\">Lesiones de rodilla<\/a><\/li>\n<li><a href=\"https:\/\/www.chrisearley.com\/es\/lesiones-personales\/lesion-de-menisco\/\">Lesiones de menisco<\/a><\/li>\n<li>Lesiones en las piernas<\/li>\n<li><a href=\"https:\/\/www.chrisearley.com\/es\/lesiones-personales\/lesion-cerebral\/\">Lesiones Cerebrales<\/a><\/li>\n<li>Lesiones de tobillo<\/li>\n<li><a href=\"https:\/\/www.chrisearley.com\/es\/lesiones-personales\/lesion-en-el-hombro\/\">Lesiones de hombro<\/a><\/li>\n<li>Lesiones de rodilla<\/li>\n<li>Trastorno de estr\u00e9s postraum\u00e1tico (PTSD)<\/li>\n<li><a href=\"https:\/\/www.chrisearley.com\/es\/muerte-injusta\/\">Muerte injusta<\/a><\/li>\n<\/ul>\n<\/div>\n<h2>Abogado de Resbalones y Ca\u00eddas de Nieve y Hielo de Boston Christopher Earley<\/h2>\n<p>Le animo a que nos llame hoy si resbal\u00f3 y cay\u00f3 sobre la nieve y el hielo en Massachusetts.<\/p>\n<p>Tenemos un historial probado de \u00e9xito en estos casos. Adem\u00e1s, con frecuencia resolvemos con \u00e9xito casos que fueron rechazados por otros abogados.<\/p>\n<p>Descubra c\u00f3mo podemos ayudarle con su caso de accidente por resbal\u00f3n y ca\u00edda sobre nieve y hielo.<\/p>\n<p>Solo nos pagan si ganamos su caso y tenemos mucha experiencia en casos de responsabilidad de locales de Massachusetts. Somos abogados de Boston para resbalones y ca\u00eddas sobre nieve y hielo que pueden ayudarlo.<\/p>\n<p><strong>M\u00e1s informaci\u00f3n:<\/strong><\/p>\n<ul>\n<li>Mi arrendador no quit\u00f3 la nieve o el hielo de una escalera y me ca\u00ed<\/li>\n<li>Qu\u00e9 hacer despu\u00e9s de un accidente de resbal\u00f3n y ca\u00edda<\/li>\n<li>Si resbal\u00f3 y cay\u00f3 sobre la nieve y el hielo<\/li>\n<\/ul>\n","protected":false},"excerpt":{"rendered":"<p>La nieve y el hielo son una de las principales causas de\u00a0lesiones personales. Debido a nuestro clima, los residentes de Massachusetts tienen una buena cantidad de accidentes por resbalones y ca\u00eddas en la nieve y el hielo cada a\u00f1o. El abogado de resbalones y ca\u00eddas de nieve y hielo de Boston,\u00a0Christopher Earley, puede ayudarlo si [&hellip;]<\/p>\n","protected":false},"author":35,"featured_media":30321,"parent":0,"menu_order":448,"comment_status":"closed","ping_status":"closed","template":"","meta":{"_acf_changed":false,"footnotes":""},"class_list":["post-12796","page","type-page","status-publish","has-post-thumbnail","hentry"],"acf":[],"yoast_head":"<!-- This site is optimized with the Yoast SEO plugin v27.5 - https:\/\/yoast.com\/product\/yoast-seo-wordpress\/ -->\n<title>Accidente de Nieve y Hielo | Boston Abogado de Responsabilidad Civil<\/title>\n<meta name=\"description\" content=\"Consulta Gratis - Ll\u00e1menos al 617-444-7777 - Earley Law Group Injury Lawyers ayuda a las v\u00edctimas y sus familias a recibir una compensaci\u00f3n por sus lesiones. Accidente de Nieve y Hielo - Boston Abogado de Responsabilidad Civil\" \/>\n<meta name=\"robots\" content=\"index, follow, max-snippet:-1, max-image-preview:large, max-video-preview:-1\" \/>\n<link rel=\"canonical\" href=\"https:\/\/www.chrisearley.com\/es\/accidente-de-nieve-y-hielo\/\" \/>\n<meta property=\"og:locale\" content=\"es_ES\" \/>\n<meta property=\"og:type\" content=\"article\" \/>\n<meta property=\"og:title\" content=\"Accidente de Nieve y Hielo | Boston Abogado de Responsabilidad Civil\" \/>\n<meta property=\"og:description\" content=\"Consulta Gratis - Ll\u00e1menos al 617-444-7777 - Earley Law Group Injury Lawyers ayuda a las v\u00edctimas y sus familias a recibir una compensaci\u00f3n por sus lesiones. Accidente de Nieve y Hielo - Boston Abogado de Responsabilidad Civil\" \/>\n<meta property=\"og:url\" content=\"https:\/\/www.chrisearley.com\/es\/accidente-de-nieve-y-hielo\/\" \/>\n<meta property=\"og:site_name\" content=\"Earley Law Group Injury Lawyers\" \/>\n<meta property=\"article:publisher\" content=\"https:\/\/www.facebook.com\/Law-Offices-of-Christopher-Earley-104980886333\/\" \/>\n<meta property=\"article:modified_time\" content=\"2024-07-18T08:25:20+00:00\" \/>\n<meta property=\"og:image\" content=\"https:\/\/www.chrisearley.com\/wp-content\/uploads\/2024\/07\/accidente-de-nieve-y-hielo.jpg\" \/>\n\t<meta property=\"og:image:width\" content=\"900\" \/>\n\t<meta property=\"og:image:height\" content=\"360\" \/>\n\t<meta property=\"og:image:type\" content=\"image\/jpeg\" \/>\n<meta name=\"twitter:card\" content=\"summary_large_image\" \/>\n<meta name=\"twitter:site\" content=\"@chrisearleylaw\" \/>\n<meta name=\"twitter:label1\" content=\"Est. reading time\" \/>\n\t<meta name=\"twitter:data1\" content=\"3 minutes\" \/>\n<script type=\"application\/ld+json\" class=\"yoast-schema-graph\">{\"@context\":\"https:\\\/\\\/schema.org\",\"@graph\":[{\"@type\":\"WebPage\",\"@id\":\"https:\\\/\\\/www.chrisearley.com\\\/es\\\/accidente-de-nieve-y-hielo\\\/\",\"url\":\"https:\\\/\\\/www.chrisearley.com\\\/es\\\/accidente-de-nieve-y-hielo\\\/\",\"name\":\"Accidente de Nieve y Hielo | Boston Abogado de Responsabilidad Civil\",\"isPartOf\":{\"@id\":\"https:\\\/\\\/www.chrisearley.com\\\/es\\\/#website\"},\"primaryImageOfPage\":{\"@id\":\"https:\\\/\\\/www.chrisearley.com\\\/es\\\/accidente-de-nieve-y-hielo\\\/#primaryimage\"},\"image\":{\"@id\":\"https:\\\/\\\/www.chrisearley.com\\\/es\\\/accidente-de-nieve-y-hielo\\\/#primaryimage\"},\"thumbnailUrl\":\"https:\\\/\\\/www.chrisearley.com\\\/wp-content\\\/uploads\\\/2024\\\/07\\\/accidente-de-nieve-y-hielo.jpg\",\"datePublished\":\"2024-06-26T08:04:20+00:00\",\"dateModified\":\"2024-07-18T08:25:20+00:00\",\"description\":\"Consulta Gratis - Ll\u00e1menos al 617-444-7777 - Earley Law Group Injury Lawyers ayuda a las v\u00edctimas y sus familias a recibir una compensaci\u00f3n por sus lesiones. Accidente de Nieve y Hielo - Boston Abogado de Responsabilidad Civil\",\"breadcrumb\":{\"@id\":\"https:\\\/\\\/www.chrisearley.com\\\/es\\\/accidente-de-nieve-y-hielo\\\/#breadcrumb\"},\"inLanguage\":\"es-US\",\"potentialAction\":[{\"@type\":\"ReadAction\",\"target\":[\"https:\\\/\\\/www.chrisearley.com\\\/es\\\/accidente-de-nieve-y-hielo\\\/\"]}]},{\"@type\":\"ImageObject\",\"inLanguage\":\"es-US\",\"@id\":\"https:\\\/\\\/www.chrisearley.com\\\/es\\\/accidente-de-nieve-y-hielo\\\/#primaryimage\",\"url\":\"https:\\\/\\\/www.chrisearley.com\\\/wp-content\\\/uploads\\\/2024\\\/07\\\/accidente-de-nieve-y-hielo.jpg\",\"contentUrl\":\"https:\\\/\\\/www.chrisearley.com\\\/wp-content\\\/uploads\\\/2024\\\/07\\\/accidente-de-nieve-y-hielo.jpg\",\"width\":900,\"height\":360},{\"@type\":\"BreadcrumbList\",\"@id\":\"https:\\\/\\\/www.chrisearley.com\\\/es\\\/accidente-de-nieve-y-hielo\\\/#breadcrumb\",\"itemListElement\":[{\"@type\":\"ListItem\",\"position\":1,\"name\":\"Home\",\"item\":\"https:\\\/\\\/www.chrisearley.com\\\/es\\\/\"},{\"@type\":\"ListItem\",\"position\":2,\"name\":\"Accidente de Nieve y Hielo\"}]},{\"@type\":\"WebSite\",\"@id\":\"https:\\\/\\\/www.chrisearley.com\\\/es\\\/#website\",\"url\":\"https:\\\/\\\/www.chrisearley.com\\\/es\\\/\",\"name\":\"Earley Law Group Injury Lawyers\",\"description\":\"\",\"publisher\":{\"@id\":\"https:\\\/\\\/www.chrisearley.com\\\/es\\\/#organization\"},\"potentialAction\":[{\"@type\":\"SearchAction\",\"target\":{\"@type\":\"EntryPoint\",\"urlTemplate\":\"https:\\\/\\\/www.chrisearley.com\\\/es\\\/?s={search_term_string}\"},\"query-input\":{\"@type\":\"PropertyValueSpecification\",\"valueRequired\":true,\"valueName\":\"search_term_string\"}}],\"inLanguage\":\"es-US\"},{\"@type\":\"Organization\",\"@id\":\"https:\\\/\\\/www.chrisearley.com\\\/es\\\/#organization\",\"name\":\"Earley Law Group Injury Lawyers\",\"url\":\"https:\\\/\\\/www.chrisearley.com\\\/es\\\/\",\"logo\":{\"@type\":\"ImageObject\",\"inLanguage\":\"es-US\",\"@id\":\"https:\\\/\\\/www.chrisearley.com\\\/es\\\/#\\\/schema\\\/logo\\\/image\\\/\",\"url\":\"https:\\\/\\\/www.chrisearley.com\\\/wp-content\\\/uploads\\\/2024\\\/05\\\/logo.png\",\"contentUrl\":\"https:\\\/\\\/www.chrisearley.com\\\/wp-content\\\/uploads\\\/2024\\\/05\\\/logo.png\",\"width\":420,\"height\":79,\"caption\":\"Earley Law Group Injury Lawyers\"},\"image\":{\"@id\":\"https:\\\/\\\/www.chrisearley.com\\\/es\\\/#\\\/schema\\\/logo\\\/image\\\/\"},\"sameAs\":[\"https:\\\/\\\/www.facebook.com\\\/Law-Offices-of-Christopher-Earley-104980886333\\\/\",\"https:\\\/\\\/x.com\\\/chrisearleylaw\",\"https:\\\/\\\/www.youtube.com\\\/user\\\/ChrisEarleyLaw\",\"https:\\\/\\\/www.linkedin.com\\\/company\\\/earley-law-group-injury-lawyers\",\"https:\\\/\\\/www.instagram.com\\\/earleylawgroupinjurylawyers\\\/\"]}]}<\/script>\n<!-- \/ Yoast SEO plugin. -->","yoast_head_json":{"title":"Accidente de Nieve y Hielo | Boston Abogado de Responsabilidad Civil","description":"Consulta Gratis - Ll\u00e1menos al 617-444-7777 - Earley Law Group Injury Lawyers ayuda a las v\u00edctimas y sus familias a recibir una compensaci\u00f3n por sus lesiones. Accidente de Nieve y Hielo - Boston Abogado de Responsabilidad Civil","robots":{"index":"index","follow":"follow","max-snippet":"max-snippet:-1","max-image-preview":"max-image-preview:large","max-video-preview":"max-video-preview:-1"},"canonical":"https:\/\/www.chrisearley.com\/es\/accidente-de-nieve-y-hielo\/","og_locale":"es_ES","og_type":"article","og_title":"Accidente de Nieve y Hielo | Boston Abogado de Responsabilidad Civil","og_description":"Consulta Gratis - Ll\u00e1menos al 617-444-7777 - Earley Law Group Injury Lawyers ayuda a las v\u00edctimas y sus familias a recibir una compensaci\u00f3n por sus lesiones. Accidente de Nieve y Hielo - Boston Abogado de Responsabilidad Civil","og_url":"https:\/\/www.chrisearley.com\/es\/accidente-de-nieve-y-hielo\/","og_site_name":"Earley Law Group Injury Lawyers","article_publisher":"https:\/\/www.facebook.com\/Law-Offices-of-Christopher-Earley-104980886333\/","article_modified_time":"2024-07-18T08:25:20+00:00","og_image":[{"width":900,"height":360,"url":"https:\/\/www.chrisearley.com\/wp-content\/uploads\/2024\/07\/accidente-de-nieve-y-hielo.jpg","type":"image\/jpeg"}],"twitter_card":"summary_large_image","twitter_site":"@chrisearleylaw","twitter_misc":{"Est. reading time":"3 minutes"},"schema":{"@context":"https:\/\/schema.org","@graph":[{"@type":"WebPage","@id":"https:\/\/www.chrisearley.com\/es\/accidente-de-nieve-y-hielo\/","url":"https:\/\/www.chrisearley.com\/es\/accidente-de-nieve-y-hielo\/","name":"Accidente de Nieve y Hielo | Boston Abogado de Responsabilidad Civil","isPartOf":{"@id":"https:\/\/www.chrisearley.com\/es\/#website"},"primaryImageOfPage":{"@id":"https:\/\/www.chrisearley.com\/es\/accidente-de-nieve-y-hielo\/#primaryimage"},"image":{"@id":"https:\/\/www.chrisearley.com\/es\/accidente-de-nieve-y-hielo\/#primaryimage"},"thumbnailUrl":"https:\/\/www.chrisearley.com\/wp-content\/uploads\/2024\/07\/accidente-de-nieve-y-hielo.jpg","datePublished":"2024-06-26T08:04:20+00:00","dateModified":"2024-07-18T08:25:20+00:00","description":"Consulta Gratis - Ll\u00e1menos al 617-444-7777 - Earley Law Group Injury Lawyers ayuda a las v\u00edctimas y sus familias a recibir una compensaci\u00f3n por sus lesiones. Accidente de Nieve y Hielo - Boston Abogado de Responsabilidad Civil","breadcrumb":{"@id":"https:\/\/www.chrisearley.com\/es\/accidente-de-nieve-y-hielo\/#breadcrumb"},"inLanguage":"es-US","potentialAction":[{"@type":"ReadAction","target":["https:\/\/www.chrisearley.com\/es\/accidente-de-nieve-y-hielo\/"]}]},{"@type":"ImageObject","inLanguage":"es-US","@id":"https:\/\/www.chrisearley.com\/es\/accidente-de-nieve-y-hielo\/#primaryimage","url":"https:\/\/www.chrisearley.com\/wp-content\/uploads\/2024\/07\/accidente-de-nieve-y-hielo.jpg","contentUrl":"https:\/\/www.chrisearley.com\/wp-content\/uploads\/2024\/07\/accidente-de-nieve-y-hielo.jpg","width":900,"height":360},{"@type":"BreadcrumbList","@id":"https:\/\/www.chrisearley.com\/es\/accidente-de-nieve-y-hielo\/#breadcrumb","itemListElement":[{"@type":"ListItem","position":1,"name":"Home","item":"https:\/\/www.chrisearley.com\/es\/"},{"@type":"ListItem","position":2,"name":"Accidente de Nieve y Hielo"}]},{"@type":"WebSite","@id":"https:\/\/www.chrisearley.com\/es\/#website","url":"https:\/\/www.chrisearley.com\/es\/","name":"Earley Law Group Injury Lawyers","description":"","publisher":{"@id":"https:\/\/www.chrisearley.com\/es\/#organization"},"potentialAction":[{"@type":"SearchAction","target":{"@type":"EntryPoint","urlTemplate":"https:\/\/www.chrisearley.com\/es\/?s={search_term_string}"},"query-input":{"@type":"PropertyValueSpecification","valueRequired":true,"valueName":"search_term_string"}}],"inLanguage":"es-US"},{"@type":"Organization","@id":"https:\/\/www.chrisearley.com\/es\/#organization","name":"Earley Law Group Injury Lawyers","url":"https:\/\/www.chrisearley.com\/es\/","logo":{"@type":"ImageObject","inLanguage":"es-US","@id":"https:\/\/www.chrisearley.com\/es\/#\/schema\/logo\/image\/","url":"https:\/\/www.chrisearley.com\/wp-content\/uploads\/2024\/05\/logo.png","contentUrl":"https:\/\/www.chrisearley.com\/wp-content\/uploads\/2024\/05\/logo.png","width":420,"height":79,"caption":"Earley Law Group Injury Lawyers"},"image":{"@id":"https:\/\/www.chrisearley.com\/es\/#\/schema\/logo\/image\/"},"sameAs":["https:\/\/www.facebook.com\/Law-Offices-of-Christopher-Earley-104980886333\/","https:\/\/x.com\/chrisearleylaw","https:\/\/www.youtube.com\/user\/ChrisEarleyLaw","https:\/\/www.linkedin.com\/company\/earley-law-group-injury-lawyers","https:\/\/www.instagram.com\/earleylawgroupinjurylawyers\/"]}]}},"_links":{"self":[{"href":"https:\/\/www.chrisearley.com\/es\/wp-json\/wp\/v2\/pages\/12796","targetHints":{"allow":["GET"]}}],"collection":[{"href":"https:\/\/www.chrisearley.com\/es\/wp-json\/wp\/v2\/pages"}],"about":[{"href":"https:\/\/www.chrisearley.com\/es\/wp-json\/wp\/v2\/types\/page"}],"author":[{"embeddable":true,"href":"https:\/\/www.chrisearley.com\/es\/wp-json\/wp\/v2\/users\/35"}],"replies":[{"embeddable":true,"href":"https:\/\/www.chrisearley.com\/es\/wp-json\/wp\/v2\/comments?post=12796"}],"version-history":[{"count":0,"href":"https:\/\/www.chrisearley.com\/es\/wp-json\/wp\/v2\/pages\/12796\/revisions"}],"wp:featuredmedia":[{"embeddable":true,"href":"https:\/\/www.chrisearley.com\/es\/wp-json\/wp\/v2\/media\/30321"}],"wp:attachment":[{"href":"https:\/\/www.chrisearley.com\/es\/wp-json\/wp\/v2\/media?parent=12796"}],"curies":[{"name":"wp","href":"https:\/\/api.w.org\/{rel}","templated":true}]}}