{"id":12711,"date":"2024-06-15T11:17:26","date_gmt":"2024-06-15T11:17:26","guid":{"rendered":"https:\/\/www.chrisearley.com\/?page_id=12711"},"modified":"2026-03-16T21:45:29","modified_gmt":"2026-03-16T21:45:29","slug":"intoxicacion-alimentaria","status":"publish","type":"page","link":"https:\/\/www.chrisearley.com\/es\/intoxicacion-alimentaria\/","title":{"rendered":"Intoxicaci\u00f3n Alimentaria"},"content":{"rendered":"<p>La intoxicaci\u00f3n alimentaria le puede pasar a cualquiera en cualquier momento. Sorprendentemente, aproximadamente\u00a0<a href=\"https:\/\/wwwnc.cdc.gov\/eid\/404.html?aspxerrorpath=\/eid\/article\/5\/5\/99-0502_article\/\" target=\"_blank\" rel=\"noopener\">76 millones<\/a>\u00a0de personas experimentan anualmente contaminaci\u00f3n alimentaria. Este es un tipo de lesi\u00f3n personal que puede hacer que una persona inocente sufra facturas m\u00e9dicas y mucho dolor y malestar.<\/p>\n<h2>Lesiones por Intoxicaci\u00f3n Alimentaria<\/h2>\n<p>Los efectos de la intoxicaci\u00f3n alimentaria con frecuencia son temporales y van desde s\u00edntomas leves como n\u00e1useas, v\u00f3mitos y diarrea. Mientras que otras veces, puede resultar en lesiones sustanciales que requieran una hospitalizaci\u00f3n prolongada. A veces, la\u00a0<a href=\"https:\/\/www.chrisearley.com\/es\/muerte-injusta\/\">muerte<\/a>\u00a0puede incluso resultar de alimentos contaminados.<\/p>\n<p>Con frecuencia, se puede hacer un reclamo contra la parte o las partes responsables de la contaminaci\u00f3n de los alimentos y la enfermedad resultante que experiment\u00f3.<\/p>\n<p>Si necesita un abogado de intoxicaci\u00f3n alimentaria en Boston, lo animo a que se comunique con nosotros para obtener ayuda con su reclamo, ya que podemos ayudarlo a cobrar la compensaci\u00f3n que se le debe por derecho.<\/p>\n<h2>\u00bfCu\u00e1les son los Diferentes Tipos de Intoxicaci\u00f3n Alimentaria?<\/h2>\n<p>Los diversos tipos de fuentes de intoxicaci\u00f3n alimentaria incluyen:<\/p>\n<ul>\n<li><strong>Bacterias:<\/strong>\u00a0este es el tipo m\u00e1s com\u00fan de intoxicaci\u00f3n alimentaria, que abarca E. coli, listeria y salmonella. El\u00a0<a href=\"https:\/\/www.cdc.gov\/salmonella\/\" target=\"_blank\" rel=\"noopener\">CDC<\/a>\u00a0informa que la salmonela es la principal causa de intoxicaci\u00f3n alimentaria, lo que resulta en m\u00e1s de 1.000.000 de casos por a\u00f1o.<\/li>\n<li><strong>Par\u00e1sitos:<\/strong>\u00a0esta es una fuente menos com\u00fan de intoxicaci\u00f3n alimentaria, pero a\u00fan puede ocurrir. El toxoplasma es un tipo de esta contaminaci\u00f3n que puede hacer que las personas se enfermen bastante.<\/li>\n<li><strong>Virus:<\/strong>\u00a0esta es una fuente muy com\u00fan de intoxicaci\u00f3n alimentaria. Algunos tipos comunes de virus que causan intoxicaci\u00f3n alimentaria son el norovirus (virus de Norwalk) y el sapovirus, el rotavirus y el astrovirus.<\/li>\n<\/ul>\n<h2>\u00bfQui\u00e9n Puede ser Considerado Responsable?<\/h2>\n<p>Mucha gente puede ser potencialmente responsable ante usted por su enfermedad transmitida por alimentos. Algunas de las partes que pueden ser consideradas responsables por negligencia o incumplimiento de garant\u00eda por alimentos contaminados son:<\/p>\n<ul>\n<li>Fabricantes de alimentos<\/li>\n<li>Productores de alimentos<\/li>\n<li>Envasadores de alimentos<\/li>\n<li>Distribuidores de alimentos<\/li>\n<li>Supermercados<\/li>\n<li>Restaurante<\/li>\n<\/ul>\n<p>Por lo dem\u00e1s, los alimentos inocuos pueden infectarse f\u00e1cilmente por exposici\u00f3n en un restaurante, tienda de comestibles, cafeter\u00eda, etc. La contaminaci\u00f3n puede ocurrir en cualquier etapa de todo el proceso de la cadena alimentaria. Una vez que ocurre la contaminaci\u00f3n, puede ocurrir en porciones considerables de alimentos, lo que crea una exposici\u00f3n potencial para muchas personas que entran en contacto con los alimentos.<\/p>\n<h2>\u00bfQu\u00e9 Debo Hacer si he Sufrido una Intoxicaci\u00f3n Alimentaria?<\/h2>\n<p>Aseg\u00farese de guardar todos los recibos o comprobantes de compra relacionados con el art\u00edculo que lo enferm\u00f3. Aseg\u00farese de buscar atenci\u00f3n m\u00e9dica inmediata. Informe a todos los m\u00e9dicos y enfermeras qu\u00e9 le caus\u00f3 la enfermedad y todos los s\u00edntomas que experiment\u00f3 debido a la exposici\u00f3n. De esa manera, todas sus quejas f\u00edsicas y de salud relacionadas con la intoxicaci\u00f3n alimentaria se registrar\u00e1n con precisi\u00f3n en sus registros m\u00e9dicos. Adem\u00e1s, busque representaci\u00f3n legal inmediata ya que estos casos pueden tener\u00a0<a href=\"https:\/\/www.chrisearley.com\/blog\/massachusetts-personal-injury-statutes-of-limitations\/\" rel=\"noopener\">estatutos de limitaciones<\/a>\u00a0espec\u00edficos que, si no se siguen, pueden resultar en la desestimaci\u00f3n de sus reclamos.<\/p>\n<h2>\u00bfC\u00f3mo Me Puede Ayudar un Abogado?<\/h2>\n<p>Comenzamos investigando a todas las partes potenciales que son legalmente culpables de contribuir a su enfermedad. Obtenemos sus registros m\u00e9dicos y facturas m\u00e9dicas para determinar el alcance de los da\u00f1os que sufri\u00f3 debido a la exposici\u00f3n. Luego reunimos todo y enviamos un\u00a0<a href=\"https:\/\/www.chrisearley.com\/blog\/information-about-demand-packages\/\" rel=\"noopener\">paquete de demanda<\/a>\u00a0a la compa\u00f1\u00eda de seguros. Trabajamos con la compa\u00f1\u00eda de seguros para obtener una compensaci\u00f3n justa por todas las facturas m\u00e9dicas, salarios perdidos y cualquier da\u00f1o por dolor y sufrimiento que haya sufrido.<\/p>\n<h2>Un Abogado Especializado en Intoxicaciones Alimentarias en Boston que Puede Ayudarle<\/h2>\n<p>Si necesita un abogado especializado en intoxicaciones alimentarias en Boston, le animo a que llame a la\u00a0<a href=\"https:\/\/www.chrisearley.com\/es\/\">Oficina Legal de Christopher Earley<\/a> para averiguar cu\u00e1les son sus derechos y a qu\u00e9 compensaci\u00f3n econ\u00f3mica puede tener derecho. Solo nos pagan si ganamos su caso. Llame hoy para obtener ayuda con su caso.<\/p>\n","protected":false},"excerpt":{"rendered":"<p>La intoxicaci\u00f3n alimentaria le puede pasar a cualquiera en cualquier momento. Sorprendentemente, aproximadamente\u00a076 millones\u00a0de personas experimentan anualmente contaminaci\u00f3n alimentaria. Este es un tipo de lesi\u00f3n personal que puede hacer que una persona inocente sufra facturas m\u00e9dicas y mucho dolor y malestar. Lesiones por Intoxicaci\u00f3n Alimentaria Los efectos de la intoxicaci\u00f3n alimentaria con frecuencia son temporales [&hellip;]<\/p>\n","protected":false},"author":35,"featured_media":19082,"parent":0,"menu_order":637,"comment_status":"closed","ping_status":"closed","template":"","meta":{"_acf_changed":false,"footnotes":""},"class_list":["post-12711","page","type-page","status-publish","has-post-thumbnail","hentry"],"acf":[],"yoast_head":"<!-- This site is optimized with the Yoast SEO plugin v27.5 - https:\/\/yoast.com\/product\/yoast-seo-wordpress\/ -->\n<title>Intoxicaci\u00f3n Alimentaria | Boston Abogado de Lesi\u00f3n Personal<\/title>\n<meta name=\"description\" content=\"Consulta Gratis - Ll\u00e1menos al 617-444-7777 - Earley Law Group Injury Lawyers ayuda a las v\u00edctimas y sus familias a recibir una compensaci\u00f3n por sus lesiones. Intoxicaci\u00f3n Alimentaria - Boston Abogado de Lesi\u00f3n Personal\" \/>\n<meta name=\"robots\" content=\"index, follow, max-snippet:-1, max-image-preview:large, max-video-preview:-1\" \/>\n<link rel=\"canonical\" href=\"https:\/\/www.chrisearley.com\/es\/intoxicacion-alimentaria\/\" \/>\n<meta property=\"og:locale\" content=\"es_ES\" \/>\n<meta property=\"og:type\" content=\"article\" \/>\n<meta property=\"og:title\" content=\"Intoxicaci\u00f3n Alimentaria | Boston Abogado de Lesi\u00f3n Personal\" \/>\n<meta property=\"og:description\" content=\"Consulta Gratis - Ll\u00e1menos al 617-444-7777 - Earley Law Group Injury Lawyers ayuda a las v\u00edctimas y sus familias a recibir una compensaci\u00f3n por sus lesiones. Intoxicaci\u00f3n Alimentaria - Boston Abogado de Lesi\u00f3n Personal\" \/>\n<meta property=\"og:url\" content=\"https:\/\/www.chrisearley.com\/es\/intoxicacion-alimentaria\/\" \/>\n<meta property=\"og:site_name\" content=\"Earley Law Group Injury Lawyers\" \/>\n<meta property=\"article:publisher\" content=\"https:\/\/www.facebook.com\/Law-Offices-of-Christopher-Earley-104980886333\/\" \/>\n<meta property=\"article:modified_time\" content=\"2026-03-16T21:45:29+00:00\" \/>\n<meta property=\"og:image\" content=\"https:\/\/www.chrisearley.com\/wp-content\/uploads\/2024\/06\/food-poisoning.jpg\" \/>\n\t<meta property=\"og:image:width\" content=\"900\" \/>\n\t<meta property=\"og:image:height\" content=\"360\" \/>\n\t<meta property=\"og:image:type\" content=\"image\/jpeg\" \/>\n<meta name=\"twitter:card\" content=\"summary_large_image\" \/>\n<meta name=\"twitter:site\" content=\"@chrisearleylaw\" \/>\n<meta name=\"twitter:label1\" content=\"Est. reading time\" \/>\n\t<meta name=\"twitter:data1\" content=\"4 minutes\" \/>\n<script type=\"application\/ld+json\" class=\"yoast-schema-graph\">{\"@context\":\"https:\\\/\\\/schema.org\",\"@graph\":[{\"@type\":\"WebPage\",\"@id\":\"https:\\\/\\\/www.chrisearley.com\\\/es\\\/intoxicacion-alimentaria\\\/\",\"url\":\"https:\\\/\\\/www.chrisearley.com\\\/es\\\/intoxicacion-alimentaria\\\/\",\"name\":\"Intoxicaci\u00f3n Alimentaria | Boston Abogado de Lesi\u00f3n Personal\",\"isPartOf\":{\"@id\":\"https:\\\/\\\/www.chrisearley.com\\\/es\\\/#website\"},\"primaryImageOfPage\":{\"@id\":\"https:\\\/\\\/www.chrisearley.com\\\/es\\\/intoxicacion-alimentaria\\\/#primaryimage\"},\"image\":{\"@id\":\"https:\\\/\\\/www.chrisearley.com\\\/es\\\/intoxicacion-alimentaria\\\/#primaryimage\"},\"thumbnailUrl\":\"https:\\\/\\\/www.chrisearley.com\\\/wp-content\\\/uploads\\\/2024\\\/06\\\/food-poisoning.jpg\",\"datePublished\":\"2024-06-15T11:17:26+00:00\",\"dateModified\":\"2026-03-16T21:45:29+00:00\",\"description\":\"Consulta Gratis - Ll\u00e1menos al 617-444-7777 - Earley Law Group Injury Lawyers ayuda a las v\u00edctimas y sus familias a recibir una compensaci\u00f3n por sus lesiones. Intoxicaci\u00f3n Alimentaria - Boston Abogado de Lesi\u00f3n Personal\",\"breadcrumb\":{\"@id\":\"https:\\\/\\\/www.chrisearley.com\\\/es\\\/intoxicacion-alimentaria\\\/#breadcrumb\"},\"inLanguage\":\"es-US\",\"potentialAction\":[{\"@type\":\"ReadAction\",\"target\":[\"https:\\\/\\\/www.chrisearley.com\\\/es\\\/intoxicacion-alimentaria\\\/\"]}]},{\"@type\":\"ImageObject\",\"inLanguage\":\"es-US\",\"@id\":\"https:\\\/\\\/www.chrisearley.com\\\/es\\\/intoxicacion-alimentaria\\\/#primaryimage\",\"url\":\"https:\\\/\\\/www.chrisearley.com\\\/wp-content\\\/uploads\\\/2024\\\/06\\\/food-poisoning.jpg\",\"contentUrl\":\"https:\\\/\\\/www.chrisearley.com\\\/wp-content\\\/uploads\\\/2024\\\/06\\\/food-poisoning.jpg\",\"width\":900,\"height\":360,\"caption\":\"food poisoning\"},{\"@type\":\"BreadcrumbList\",\"@id\":\"https:\\\/\\\/www.chrisearley.com\\\/es\\\/intoxicacion-alimentaria\\\/#breadcrumb\",\"itemListElement\":[{\"@type\":\"ListItem\",\"position\":1,\"name\":\"Home\",\"item\":\"https:\\\/\\\/www.chrisearley.com\\\/es\\\/\"},{\"@type\":\"ListItem\",\"position\":2,\"name\":\"Intoxicaci\u00f3n Alimentaria\"}]},{\"@type\":\"WebSite\",\"@id\":\"https:\\\/\\\/www.chrisearley.com\\\/es\\\/#website\",\"url\":\"https:\\\/\\\/www.chrisearley.com\\\/es\\\/\",\"name\":\"Earley Law Group Injury Lawyers\",\"description\":\"\",\"publisher\":{\"@id\":\"https:\\\/\\\/www.chrisearley.com\\\/es\\\/#organization\"},\"potentialAction\":[{\"@type\":\"SearchAction\",\"target\":{\"@type\":\"EntryPoint\",\"urlTemplate\":\"https:\\\/\\\/www.chrisearley.com\\\/es\\\/?s={search_term_string}\"},\"query-input\":{\"@type\":\"PropertyValueSpecification\",\"valueRequired\":true,\"valueName\":\"search_term_string\"}}],\"inLanguage\":\"es-US\"},{\"@type\":\"Organization\",\"@id\":\"https:\\\/\\\/www.chrisearley.com\\\/es\\\/#organization\",\"name\":\"Earley Law Group Injury Lawyers\",\"url\":\"https:\\\/\\\/www.chrisearley.com\\\/es\\\/\",\"logo\":{\"@type\":\"ImageObject\",\"inLanguage\":\"es-US\",\"@id\":\"https:\\\/\\\/www.chrisearley.com\\\/es\\\/#\\\/schema\\\/logo\\\/image\\\/\",\"url\":\"https:\\\/\\\/www.chrisearley.com\\\/wp-content\\\/uploads\\\/2024\\\/05\\\/logo.png\",\"contentUrl\":\"https:\\\/\\\/www.chrisearley.com\\\/wp-content\\\/uploads\\\/2024\\\/05\\\/logo.png\",\"width\":420,\"height\":79,\"caption\":\"Earley Law Group Injury Lawyers\"},\"image\":{\"@id\":\"https:\\\/\\\/www.chrisearley.com\\\/es\\\/#\\\/schema\\\/logo\\\/image\\\/\"},\"sameAs\":[\"https:\\\/\\\/www.facebook.com\\\/Law-Offices-of-Christopher-Earley-104980886333\\\/\",\"https:\\\/\\\/x.com\\\/chrisearleylaw\",\"https:\\\/\\\/www.youtube.com\\\/user\\\/ChrisEarleyLaw\",\"https:\\\/\\\/www.linkedin.com\\\/company\\\/earley-law-group-injury-lawyers\",\"https:\\\/\\\/www.instagram.com\\\/earleylawgroupinjurylawyers\\\/\"]}]}<\/script>\n<!-- \/ Yoast SEO plugin. -->","yoast_head_json":{"title":"Intoxicaci\u00f3n Alimentaria | Boston Abogado de Lesi\u00f3n Personal","description":"Consulta Gratis - Ll\u00e1menos al 617-444-7777 - Earley Law Group Injury Lawyers ayuda a las v\u00edctimas y sus familias a recibir una compensaci\u00f3n por sus lesiones. Intoxicaci\u00f3n Alimentaria - Boston Abogado de Lesi\u00f3n Personal","robots":{"index":"index","follow":"follow","max-snippet":"max-snippet:-1","max-image-preview":"max-image-preview:large","max-video-preview":"max-video-preview:-1"},"canonical":"https:\/\/www.chrisearley.com\/es\/intoxicacion-alimentaria\/","og_locale":"es_ES","og_type":"article","og_title":"Intoxicaci\u00f3n Alimentaria | Boston Abogado de Lesi\u00f3n Personal","og_description":"Consulta Gratis - Ll\u00e1menos al 617-444-7777 - Earley Law Group Injury Lawyers ayuda a las v\u00edctimas y sus familias a recibir una compensaci\u00f3n por sus lesiones. Intoxicaci\u00f3n Alimentaria - Boston Abogado de Lesi\u00f3n Personal","og_url":"https:\/\/www.chrisearley.com\/es\/intoxicacion-alimentaria\/","og_site_name":"Earley Law Group Injury Lawyers","article_publisher":"https:\/\/www.facebook.com\/Law-Offices-of-Christopher-Earley-104980886333\/","article_modified_time":"2026-03-16T21:45:29+00:00","og_image":[{"width":900,"height":360,"url":"https:\/\/www.chrisearley.com\/wp-content\/uploads\/2024\/06\/food-poisoning.jpg","type":"image\/jpeg"}],"twitter_card":"summary_large_image","twitter_site":"@chrisearleylaw","twitter_misc":{"Est. reading time":"4 minutes"},"schema":{"@context":"https:\/\/schema.org","@graph":[{"@type":"WebPage","@id":"https:\/\/www.chrisearley.com\/es\/intoxicacion-alimentaria\/","url":"https:\/\/www.chrisearley.com\/es\/intoxicacion-alimentaria\/","name":"Intoxicaci\u00f3n Alimentaria | Boston Abogado de Lesi\u00f3n Personal","isPartOf":{"@id":"https:\/\/www.chrisearley.com\/es\/#website"},"primaryImageOfPage":{"@id":"https:\/\/www.chrisearley.com\/es\/intoxicacion-alimentaria\/#primaryimage"},"image":{"@id":"https:\/\/www.chrisearley.com\/es\/intoxicacion-alimentaria\/#primaryimage"},"thumbnailUrl":"https:\/\/www.chrisearley.com\/wp-content\/uploads\/2024\/06\/food-poisoning.jpg","datePublished":"2024-06-15T11:17:26+00:00","dateModified":"2026-03-16T21:45:29+00:00","description":"Consulta Gratis - Ll\u00e1menos al 617-444-7777 - Earley Law Group Injury Lawyers ayuda a las v\u00edctimas y sus familias a recibir una compensaci\u00f3n por sus lesiones. Intoxicaci\u00f3n Alimentaria - Boston Abogado de Lesi\u00f3n Personal","breadcrumb":{"@id":"https:\/\/www.chrisearley.com\/es\/intoxicacion-alimentaria\/#breadcrumb"},"inLanguage":"es-US","potentialAction":[{"@type":"ReadAction","target":["https:\/\/www.chrisearley.com\/es\/intoxicacion-alimentaria\/"]}]},{"@type":"ImageObject","inLanguage":"es-US","@id":"https:\/\/www.chrisearley.com\/es\/intoxicacion-alimentaria\/#primaryimage","url":"https:\/\/www.chrisearley.com\/wp-content\/uploads\/2024\/06\/food-poisoning.jpg","contentUrl":"https:\/\/www.chrisearley.com\/wp-content\/uploads\/2024\/06\/food-poisoning.jpg","width":900,"height":360,"caption":"food poisoning"},{"@type":"BreadcrumbList","@id":"https:\/\/www.chrisearley.com\/es\/intoxicacion-alimentaria\/#breadcrumb","itemListElement":[{"@type":"ListItem","position":1,"name":"Home","item":"https:\/\/www.chrisearley.com\/es\/"},{"@type":"ListItem","position":2,"name":"Intoxicaci\u00f3n Alimentaria"}]},{"@type":"WebSite","@id":"https:\/\/www.chrisearley.com\/es\/#website","url":"https:\/\/www.chrisearley.com\/es\/","name":"Earley Law Group Injury Lawyers","description":"","publisher":{"@id":"https:\/\/www.chrisearley.com\/es\/#organization"},"potentialAction":[{"@type":"SearchAction","target":{"@type":"EntryPoint","urlTemplate":"https:\/\/www.chrisearley.com\/es\/?s={search_term_string}"},"query-input":{"@type":"PropertyValueSpecification","valueRequired":true,"valueName":"search_term_string"}}],"inLanguage":"es-US"},{"@type":"Organization","@id":"https:\/\/www.chrisearley.com\/es\/#organization","name":"Earley Law Group Injury Lawyers","url":"https:\/\/www.chrisearley.com\/es\/","logo":{"@type":"ImageObject","inLanguage":"es-US","@id":"https:\/\/www.chrisearley.com\/es\/#\/schema\/logo\/image\/","url":"https:\/\/www.chrisearley.com\/wp-content\/uploads\/2024\/05\/logo.png","contentUrl":"https:\/\/www.chrisearley.com\/wp-content\/uploads\/2024\/05\/logo.png","width":420,"height":79,"caption":"Earley Law Group Injury Lawyers"},"image":{"@id":"https:\/\/www.chrisearley.com\/es\/#\/schema\/logo\/image\/"},"sameAs":["https:\/\/www.facebook.com\/Law-Offices-of-Christopher-Earley-104980886333\/","https:\/\/x.com\/chrisearleylaw","https:\/\/www.youtube.com\/user\/ChrisEarleyLaw","https:\/\/www.linkedin.com\/company\/earley-law-group-injury-lawyers","https:\/\/www.instagram.com\/earleylawgroupinjurylawyers\/"]}]}},"_links":{"self":[{"href":"https:\/\/www.chrisearley.com\/es\/wp-json\/wp\/v2\/pages\/12711","targetHints":{"allow":["GET"]}}],"collection":[{"href":"https:\/\/www.chrisearley.com\/es\/wp-json\/wp\/v2\/pages"}],"about":[{"href":"https:\/\/www.chrisearley.com\/es\/wp-json\/wp\/v2\/types\/page"}],"author":[{"embeddable":true,"href":"https:\/\/www.chrisearley.com\/es\/wp-json\/wp\/v2\/users\/35"}],"replies":[{"embeddable":true,"href":"https:\/\/www.chrisearley.com\/es\/wp-json\/wp\/v2\/comments?post=12711"}],"version-history":[{"count":0,"href":"https:\/\/www.chrisearley.com\/es\/wp-json\/wp\/v2\/pages\/12711\/revisions"}],"wp:featuredmedia":[{"embeddable":true,"href":"https:\/\/www.chrisearley.com\/es\/wp-json\/wp\/v2\/media\/19082"}],"wp:attachment":[{"href":"https:\/\/www.chrisearley.com\/es\/wp-json\/wp\/v2\/media?parent=12711"}],"curies":[{"name":"wp","href":"https:\/\/api.w.org\/{rel}","templated":true}]}}