{"id":12680,"date":"2024-06-15T11:19:50","date_gmt":"2024-06-15T11:19:50","guid":{"rendered":"https:\/\/www.chrisearley.com\/?page_id=12680"},"modified":"2024-07-10T09:37:53","modified_gmt":"2024-07-10T09:37:53","slug":"lesion-en-guarderia","status":"publish","type":"page","link":"https:\/\/www.chrisearley.com\/es\/lesion-en-guarderia\/","title":{"rendered":"Lesi\u00f3n en Guarder\u00eda"},"content":{"rendered":"<p>Ning\u00fan padre espera que su hijo se lesione en la guarder\u00eda. Lamentablemente, la realidad es que las\u00a0<a href=\"https:\/\/www.chrisearley.com\/blog\/boston-child-injury-lawyer\/\" rel=\"noopener\">lesiones de los ni\u00f1os<\/a>\u00a0en las guarder\u00edas, escuelas e instalaciones son extremadamente comunes.<\/p>\n<p>El\u00a0<a href=\"https:\/\/www.nichd.nih.gov\/\" target=\"_blank\" rel=\"noopener\">Instituto Nacional de Desarrollo de la Salud Infantil<\/a>\u00a0estima que s\u00f3lo alrededor del 10% de las guarder\u00edas brindan atenci\u00f3n a los ni\u00f1os aceptable y con calidad de alquiler. Como abogado de lesiones en guarder\u00edas de Boston (y padre de dos ni\u00f1os peque\u00f1os), soy consciente de los peligros que se presentan cuando las guarder\u00edas y las escuelas no cumplen con las regulaciones obligatorias. Estas regulaciones est\u00e1n destinadas a mantener seguros a los ni\u00f1os. Desafortunadamente, con demasiada frecuencia les ocurren\u00a0<a href=\"https:\/\/www.chrisearley.com\/es\/lesiones-personales\/\">lesiones personales<\/a>\u00a0a ni\u00f1os peque\u00f1os y ni\u00f1os inocentes cuando se violan las reglas de la guarder\u00eda.<\/p>\n<h2>Maneras en las que las Guarder\u00edas son Negligentes<\/h2>\n<p>Estos tipos de casos se consideran reclamaciones de responsabilidad de locales. Son un tipo de reclamo por\u00a0<a href=\"https:\/\/www.chrisearley.com\/blog\/what-is-negligence\/\" rel=\"noopener\">negligencia<\/a>\u00a0que afirman que la guarder\u00eda actu\u00f3 de manera irrazonable, lo que provoc\u00f3 que el ni\u00f1o se lesione. Hay muchas formas en que una guarder\u00eda puede considerarse negligente y, por lo tanto, responsable de las lesiones de su hijo sufridas en la guarder\u00eda. \u00c9stos son algunos de ellos:<\/p>\n<ul>\n<li>Proporci\u00f3n inadecuada de maestro \/ ni\u00f1o<\/li>\n<li>Formaci\u00f3n inadecuada de profesores<\/li>\n<li>Supervisi\u00f3n inadecuada de maestros<\/li>\n<li>Supervisi\u00f3n inadecuada de estudiantes<\/li>\n<li>No mantener adecuadamente las instalaciones libres de peligros para los ni\u00f1os.<\/li>\n<li>Conducci\u00f3n inadecuada que conduce a un accidente automovil\u00edstico mientras se transporta al ni\u00f1o<\/li>\n<\/ul>\n<h2>Lesiones Comunes que Sufren los Ni\u00f1os en la Guarder\u00eda<\/h2>\n<p>La lista de posibles lesiones es bastante larga. Aqu\u00ed hay algunos ejemplos comunes de lesiones que vemos que los ni\u00f1os sufren en guarder\u00edas y escuelas:<\/p>\n<div class=\"row\">\n<ul class=\"col-xl-6\">\n<li><a href=\"https:\/\/www.chrisearley.com\/es\/lesiones-personales\/lesion-por-quemaduras\/\">Quemaduras<\/a><\/li>\n<li>Moretones (contusiones)<\/li>\n<li><a href=\"https:\/\/www.chrisearley.com\/es\/lesiones-personales\/huesos-rotos\/\">Huesos rotos<\/a><\/li>\n<li><a href=\"https:\/\/www.chrisearley.com\/es\/lesiones-personales\/contusion-cerebral\/\">Contusiones<\/a><\/li>\n<li><a href=\"https:\/\/www.chrisearley.com\/es\/lesiones-personales\/lesion-cerebral\/\">Lesiones Cerebrales<\/a><\/li>\n<li><a href=\"https:\/\/www.chrisearley.com\/es\/accidente-por-resbalon-y-caida\/\">Accidentes de resbalones y ca\u00eddas<\/a><\/li>\n<li>Agresi\u00f3n sexual<\/li>\n<li><a href=\"https:\/\/www.chrisearley.com\/es\/lesiones-personales\/muneca-rota\/\">Mu\u00f1ecas rotas<\/a><\/li>\n<li><a href=\"https:\/\/www.chrisearley.com\/es\/intoxicacion-alimentaria\/\">Comida envenenada<\/a><\/li>\n<li>Lesiones de cuello<\/li>\n<li>Heridas en la cabeza<\/li>\n<li><a href=\"https:\/\/www.chrisearley.com\/es\/lesiones-personales\/lesion-de-espalda\/\">Lesiones de espalda<\/a><\/li>\n<li><a href=\"https:\/\/www.chrisearley.com\/es\/lesiones-personales\/latigazo\/\">Latigazo<\/a><\/li>\n<li><a href=\"https:\/\/www.chrisearley.com\/es\/lesiones-personales\/lesiones-de-tejidos-blandos\/\">Lesiones de tejidos blandos (esguinces y distensiones)<\/a><\/li>\n<li><a href=\"https:\/\/www.chrisearley.com\/es\/lesiones-personales\/huesos-rotos\/\">Huesos rotos<\/a><\/li>\n<\/ul>\n<ul class=\"col-xl-6\">\n<li><a href=\"https:\/\/www.chrisearley.com\/es\/lesiones-personales\/costilla-rota\/\">Costillas rotas<\/a><\/li>\n<li>Dislocaciones<\/li>\n<li><a href=\"https:\/\/www.chrisearley.com\/es\/lesiones-personales\/muneca-rota\/\">Fracturas de mu\u00f1eca<\/a><\/li>\n<li><a href=\"https:\/\/www.chrisearley.com\/es\/lesiones-personales\/lesion-de-rodilla\/\">Lesiones de rodilla<\/a><\/li>\n<li><a href=\"https:\/\/www.chrisearley.com\/es\/lesiones-personales\/lesion-de-menisco\/\">Lesiones de menisco<\/a><\/li>\n<li>Lesiones en las piernas<\/li>\n<li><a href=\"https:\/\/www.chrisearley.com\/es\/lesiones-personales\/lesion-cerebral\/\">Lesiones Cerebrales<\/a><\/li>\n<li><a href=\"https:\/\/www.chrisearley.com\/es\/lesiones-personales\/lesion-en-el-tobillo\/\">Lesiones de tobillo<\/a><\/li>\n<li><a href=\"https:\/\/www.chrisearley.com\/es\/lesiones-personales\/lesion-en-el-hombro\/\">Lesiones de hombro<\/a><\/li>\n<li><a href=\"https:\/\/www.chrisearley.com\/es\/lesiones-personales\/lesion-facial\/\">Lesiones faciales<\/a><\/li>\n<li><a href=\"https:\/\/www.chrisearley.com\/es\/lesiones-personales\/trastorno-de-estres-postraumatico-ptsd\/\">Trastorno de estr\u00e9s postraum\u00e1tico (PTSD)<\/a><\/li>\n<li><a href=\"https:\/\/www.chrisearley.com\/es\/lesiones-personales\/cicatrices-y-desfiguraciones\/\">Cicatrices y desfiguraciones<\/a><\/li>\n<li><a href=\"https:\/\/www.chrisearley.com\/blog\/boston-electrocution-injury-lawyer\/\" rel=\"noopener\">Electrocuci\u00f3n<\/a><\/li>\n<li><a href=\"https:\/\/www.chrisearley.com\/es\/muerte-injusta\/\">Muerte injusta<\/a><\/li>\n<li><a href=\"https:\/\/www.chrisearley.com\/es\/lesiones-personales\/\">Otros accidentes con lesiones personales<\/a><\/li>\n<\/ul>\n<\/div>\n<h2>\u00bfQu\u00e9 Pasa si Trabajo en una Guarder\u00eda y Me Lesiono?<\/h2>\n<p>Para los empleados de las guarder\u00edas que experimentan una lesi\u00f3n en el trabajo, se puede presentar un reclamo de\u00a0<a href=\"https:\/\/www.chrisearley.com\/es\/compensacion-laboral\/\">compensaci\u00f3n para trabajadores<\/a>. Este reclamo se realiza con la compa\u00f1\u00eda de seguros de compensaci\u00f3n para trabajadores de su empleador. Este es un reclamo por facturas m\u00e9dicas y tiempo perdido en el trabajo. Incluso si tiene parte de la culpa de la lesi\u00f3n que sufri\u00f3, todav\u00eda tiene derecho a los beneficios de compensaci\u00f3n para trabajadores.<\/p>\n<h2>\u00bfQu\u00e9 Puede Hacer un Abogado de Lesiones Para Mi?<\/h2>\n<p><a href=\"https:\/\/www.chrisearley.com\/blog\/minors-personal-injury-claims\/\" rel=\"noopener\">Si su hijo ha resultado lesionado<\/a>\u00a0en uno de estos entornos, le ayudamos a usted, el padre, a presentar un reclamo en nombre de su ni\u00f1o peque\u00f1o. Averiguamos qui\u00e9n es la compa\u00f1\u00eda de seguros de responsabilidad civil de la guarder\u00eda y les presentamos una reclamaci\u00f3n. Este reclamo es por negligencia contra la guarder\u00eda en la que su hijo result\u00f3 herido. Una vez que el tratamiento m\u00e9dico de su hijo ha concluido, recopilamos todos los registros m\u00e9dicos, facturas m\u00e9dicas y fotograf\u00edas que documentan las lesiones de su hijo. Luego enviamos un paquete de demanda a la compa\u00f1\u00eda de seguros con la esperanza de llegar a un acuerdo amistoso. La gran mayor\u00eda de estos reclamos se resuelven sin necesidad de presentar una demanda. Sin embargo, si la compa\u00f1\u00eda de seguros se niega a presentar una oferta justa, ser\u00e1 necesaria una demanda. Solo presentamos demandas para nuestros clientes con el consentimiento total del cliente.<\/p>\n<p>Llame a\u00a0<a href=\"https:\/\/www.chrisearley.com\/es\/\">la oficina legal de Christopher Earley<\/a>\u00a0hoy para obtener ayuda si su hijo se lesion\u00f3 en la guarder\u00eda. Damos la bienvenida a la oportunidad de trabajar con usted.<\/p>\n","protected":false},"excerpt":{"rendered":"<p>Ning\u00fan padre espera que su hijo se lesione en la guarder\u00eda. Lamentablemente, la realidad es que las\u00a0lesiones de los ni\u00f1os\u00a0en las guarder\u00edas, escuelas e instalaciones son extremadamente comunes. El\u00a0Instituto Nacional de Desarrollo de la Salud Infantil\u00a0estima que s\u00f3lo alrededor del 10% de las guarder\u00edas brindan atenci\u00f3n a los ni\u00f1os aceptable y con calidad de alquiler. [&hellip;]<\/p>\n","protected":false},"author":35,"featured_media":19098,"parent":0,"menu_order":647,"comment_status":"closed","ping_status":"closed","template":"","meta":{"_acf_changed":false,"footnotes":""},"class_list":["post-12680","page","type-page","status-publish","has-post-thumbnail","hentry"],"acf":[],"yoast_head":"<!-- This site is optimized with the Yoast SEO plugin v27.5 - https:\/\/yoast.com\/product\/yoast-seo-wordpress\/ -->\n<title>Lesi\u00f3n en Guarder\u00eda | Boston Abogado de Lesi\u00f3n Personal<\/title>\n<meta name=\"description\" content=\"Consulta Gratis - Ll\u00e1menos al 617-444-7777 - Earley Law Group Injury Lawyers ayuda a las v\u00edctimas y sus familias a recibir una compensaci\u00f3n por sus lesiones. Lesi\u00f3n en Guarder\u00eda - Boston Abogado de Lesi\u00f3n Personal\" \/>\n<meta name=\"robots\" content=\"index, follow, max-snippet:-1, max-image-preview:large, max-video-preview:-1\" \/>\n<link rel=\"canonical\" href=\"https:\/\/www.chrisearley.com\/es\/lesion-en-guarderia\/\" \/>\n<meta property=\"og:locale\" content=\"es_ES\" \/>\n<meta property=\"og:type\" content=\"article\" \/>\n<meta property=\"og:title\" content=\"Lesi\u00f3n en Guarder\u00eda | Boston Abogado de Lesi\u00f3n Personal\" \/>\n<meta property=\"og:description\" content=\"Consulta Gratis - Ll\u00e1menos al 617-444-7777 - Earley Law Group Injury Lawyers ayuda a las v\u00edctimas y sus familias a recibir una compensaci\u00f3n por sus lesiones. Lesi\u00f3n en Guarder\u00eda - Boston Abogado de Lesi\u00f3n Personal\" \/>\n<meta property=\"og:url\" content=\"https:\/\/www.chrisearley.com\/es\/lesion-en-guarderia\/\" \/>\n<meta property=\"og:site_name\" content=\"Earley Law Group Injury Lawyers\" \/>\n<meta property=\"article:publisher\" content=\"https:\/\/www.facebook.com\/Law-Offices-of-Christopher-Earley-104980886333\/\" \/>\n<meta property=\"article:modified_time\" content=\"2024-07-10T09:37:53+00:00\" \/>\n<meta property=\"og:image\" content=\"https:\/\/www.chrisearley.com\/wp-content\/uploads\/2024\/06\/daycare-injury.jpg\" \/>\n\t<meta property=\"og:image:width\" content=\"900\" \/>\n\t<meta property=\"og:image:height\" content=\"360\" \/>\n\t<meta property=\"og:image:type\" content=\"image\/jpeg\" \/>\n<meta name=\"twitter:card\" content=\"summary_large_image\" \/>\n<meta name=\"twitter:site\" content=\"@chrisearleylaw\" \/>\n<meta name=\"twitter:label1\" content=\"Est. reading time\" \/>\n\t<meta name=\"twitter:data1\" content=\"3 minutes\" \/>\n<script type=\"application\/ld+json\" class=\"yoast-schema-graph\">{\"@context\":\"https:\\\/\\\/schema.org\",\"@graph\":[{\"@type\":\"WebPage\",\"@id\":\"https:\\\/\\\/www.chrisearley.com\\\/es\\\/lesion-en-guarderia\\\/\",\"url\":\"https:\\\/\\\/www.chrisearley.com\\\/es\\\/lesion-en-guarderia\\\/\",\"name\":\"Lesi\u00f3n en Guarder\u00eda | Boston Abogado de Lesi\u00f3n Personal\",\"isPartOf\":{\"@id\":\"https:\\\/\\\/www.chrisearley.com\\\/es\\\/#website\"},\"primaryImageOfPage\":{\"@id\":\"https:\\\/\\\/www.chrisearley.com\\\/es\\\/lesion-en-guarderia\\\/#primaryimage\"},\"image\":{\"@id\":\"https:\\\/\\\/www.chrisearley.com\\\/es\\\/lesion-en-guarderia\\\/#primaryimage\"},\"thumbnailUrl\":\"https:\\\/\\\/www.chrisearley.com\\\/wp-content\\\/uploads\\\/2024\\\/06\\\/daycare-injury.jpg\",\"datePublished\":\"2024-06-15T11:19:50+00:00\",\"dateModified\":\"2024-07-10T09:37:53+00:00\",\"description\":\"Consulta Gratis - Ll\u00e1menos al 617-444-7777 - Earley Law Group Injury Lawyers ayuda a las v\u00edctimas y sus familias a recibir una compensaci\u00f3n por sus lesiones. Lesi\u00f3n en Guarder\u00eda - Boston Abogado de Lesi\u00f3n Personal\",\"breadcrumb\":{\"@id\":\"https:\\\/\\\/www.chrisearley.com\\\/es\\\/lesion-en-guarderia\\\/#breadcrumb\"},\"inLanguage\":\"es-US\",\"potentialAction\":[{\"@type\":\"ReadAction\",\"target\":[\"https:\\\/\\\/www.chrisearley.com\\\/es\\\/lesion-en-guarderia\\\/\"]}]},{\"@type\":\"ImageObject\",\"inLanguage\":\"es-US\",\"@id\":\"https:\\\/\\\/www.chrisearley.com\\\/es\\\/lesion-en-guarderia\\\/#primaryimage\",\"url\":\"https:\\\/\\\/www.chrisearley.com\\\/wp-content\\\/uploads\\\/2024\\\/06\\\/daycare-injury.jpg\",\"contentUrl\":\"https:\\\/\\\/www.chrisearley.com\\\/wp-content\\\/uploads\\\/2024\\\/06\\\/daycare-injury.jpg\",\"width\":900,\"height\":360,\"caption\":\"daycare injury\"},{\"@type\":\"BreadcrumbList\",\"@id\":\"https:\\\/\\\/www.chrisearley.com\\\/es\\\/lesion-en-guarderia\\\/#breadcrumb\",\"itemListElement\":[{\"@type\":\"ListItem\",\"position\":1,\"name\":\"Home\",\"item\":\"https:\\\/\\\/www.chrisearley.com\\\/es\\\/\"},{\"@type\":\"ListItem\",\"position\":2,\"name\":\"Lesi\u00f3n en Guarder\u00eda\"}]},{\"@type\":\"WebSite\",\"@id\":\"https:\\\/\\\/www.chrisearley.com\\\/es\\\/#website\",\"url\":\"https:\\\/\\\/www.chrisearley.com\\\/es\\\/\",\"name\":\"Earley Law Group Injury Lawyers\",\"description\":\"\",\"publisher\":{\"@id\":\"https:\\\/\\\/www.chrisearley.com\\\/es\\\/#organization\"},\"potentialAction\":[{\"@type\":\"SearchAction\",\"target\":{\"@type\":\"EntryPoint\",\"urlTemplate\":\"https:\\\/\\\/www.chrisearley.com\\\/es\\\/?s={search_term_string}\"},\"query-input\":{\"@type\":\"PropertyValueSpecification\",\"valueRequired\":true,\"valueName\":\"search_term_string\"}}],\"inLanguage\":\"es-US\"},{\"@type\":\"Organization\",\"@id\":\"https:\\\/\\\/www.chrisearley.com\\\/es\\\/#organization\",\"name\":\"Earley Law Group Injury Lawyers\",\"url\":\"https:\\\/\\\/www.chrisearley.com\\\/es\\\/\",\"logo\":{\"@type\":\"ImageObject\",\"inLanguage\":\"es-US\",\"@id\":\"https:\\\/\\\/www.chrisearley.com\\\/es\\\/#\\\/schema\\\/logo\\\/image\\\/\",\"url\":\"https:\\\/\\\/www.chrisearley.com\\\/wp-content\\\/uploads\\\/2024\\\/05\\\/logo.png\",\"contentUrl\":\"https:\\\/\\\/www.chrisearley.com\\\/wp-content\\\/uploads\\\/2024\\\/05\\\/logo.png\",\"width\":420,\"height\":79,\"caption\":\"Earley Law Group Injury Lawyers\"},\"image\":{\"@id\":\"https:\\\/\\\/www.chrisearley.com\\\/es\\\/#\\\/schema\\\/logo\\\/image\\\/\"},\"sameAs\":[\"https:\\\/\\\/www.facebook.com\\\/Law-Offices-of-Christopher-Earley-104980886333\\\/\",\"https:\\\/\\\/x.com\\\/chrisearleylaw\",\"https:\\\/\\\/www.youtube.com\\\/user\\\/ChrisEarleyLaw\",\"https:\\\/\\\/www.linkedin.com\\\/company\\\/earley-law-group-injury-lawyers\",\"https:\\\/\\\/www.instagram.com\\\/earleylawgroupinjurylawyers\\\/\"]}]}<\/script>\n<!-- \/ Yoast SEO plugin. -->","yoast_head_json":{"title":"Lesi\u00f3n en Guarder\u00eda | Boston Abogado de Lesi\u00f3n Personal","description":"Consulta Gratis - Ll\u00e1menos al 617-444-7777 - Earley Law Group Injury Lawyers ayuda a las v\u00edctimas y sus familias a recibir una compensaci\u00f3n por sus lesiones. Lesi\u00f3n en Guarder\u00eda - Boston Abogado de Lesi\u00f3n Personal","robots":{"index":"index","follow":"follow","max-snippet":"max-snippet:-1","max-image-preview":"max-image-preview:large","max-video-preview":"max-video-preview:-1"},"canonical":"https:\/\/www.chrisearley.com\/es\/lesion-en-guarderia\/","og_locale":"es_ES","og_type":"article","og_title":"Lesi\u00f3n en Guarder\u00eda | Boston Abogado de Lesi\u00f3n Personal","og_description":"Consulta Gratis - Ll\u00e1menos al 617-444-7777 - Earley Law Group Injury Lawyers ayuda a las v\u00edctimas y sus familias a recibir una compensaci\u00f3n por sus lesiones. Lesi\u00f3n en Guarder\u00eda - Boston Abogado de Lesi\u00f3n Personal","og_url":"https:\/\/www.chrisearley.com\/es\/lesion-en-guarderia\/","og_site_name":"Earley Law Group Injury Lawyers","article_publisher":"https:\/\/www.facebook.com\/Law-Offices-of-Christopher-Earley-104980886333\/","article_modified_time":"2024-07-10T09:37:53+00:00","og_image":[{"width":900,"height":360,"url":"https:\/\/www.chrisearley.com\/wp-content\/uploads\/2024\/06\/daycare-injury.jpg","type":"image\/jpeg"}],"twitter_card":"summary_large_image","twitter_site":"@chrisearleylaw","twitter_misc":{"Est. reading time":"3 minutes"},"schema":{"@context":"https:\/\/schema.org","@graph":[{"@type":"WebPage","@id":"https:\/\/www.chrisearley.com\/es\/lesion-en-guarderia\/","url":"https:\/\/www.chrisearley.com\/es\/lesion-en-guarderia\/","name":"Lesi\u00f3n en Guarder\u00eda | Boston Abogado de Lesi\u00f3n Personal","isPartOf":{"@id":"https:\/\/www.chrisearley.com\/es\/#website"},"primaryImageOfPage":{"@id":"https:\/\/www.chrisearley.com\/es\/lesion-en-guarderia\/#primaryimage"},"image":{"@id":"https:\/\/www.chrisearley.com\/es\/lesion-en-guarderia\/#primaryimage"},"thumbnailUrl":"https:\/\/www.chrisearley.com\/wp-content\/uploads\/2024\/06\/daycare-injury.jpg","datePublished":"2024-06-15T11:19:50+00:00","dateModified":"2024-07-10T09:37:53+00:00","description":"Consulta Gratis - Ll\u00e1menos al 617-444-7777 - Earley Law Group Injury Lawyers ayuda a las v\u00edctimas y sus familias a recibir una compensaci\u00f3n por sus lesiones. Lesi\u00f3n en Guarder\u00eda - Boston Abogado de Lesi\u00f3n Personal","breadcrumb":{"@id":"https:\/\/www.chrisearley.com\/es\/lesion-en-guarderia\/#breadcrumb"},"inLanguage":"es-US","potentialAction":[{"@type":"ReadAction","target":["https:\/\/www.chrisearley.com\/es\/lesion-en-guarderia\/"]}]},{"@type":"ImageObject","inLanguage":"es-US","@id":"https:\/\/www.chrisearley.com\/es\/lesion-en-guarderia\/#primaryimage","url":"https:\/\/www.chrisearley.com\/wp-content\/uploads\/2024\/06\/daycare-injury.jpg","contentUrl":"https:\/\/www.chrisearley.com\/wp-content\/uploads\/2024\/06\/daycare-injury.jpg","width":900,"height":360,"caption":"daycare injury"},{"@type":"BreadcrumbList","@id":"https:\/\/www.chrisearley.com\/es\/lesion-en-guarderia\/#breadcrumb","itemListElement":[{"@type":"ListItem","position":1,"name":"Home","item":"https:\/\/www.chrisearley.com\/es\/"},{"@type":"ListItem","position":2,"name":"Lesi\u00f3n en Guarder\u00eda"}]},{"@type":"WebSite","@id":"https:\/\/www.chrisearley.com\/es\/#website","url":"https:\/\/www.chrisearley.com\/es\/","name":"Earley Law Group Injury Lawyers","description":"","publisher":{"@id":"https:\/\/www.chrisearley.com\/es\/#organization"},"potentialAction":[{"@type":"SearchAction","target":{"@type":"EntryPoint","urlTemplate":"https:\/\/www.chrisearley.com\/es\/?s={search_term_string}"},"query-input":{"@type":"PropertyValueSpecification","valueRequired":true,"valueName":"search_term_string"}}],"inLanguage":"es-US"},{"@type":"Organization","@id":"https:\/\/www.chrisearley.com\/es\/#organization","name":"Earley Law Group Injury Lawyers","url":"https:\/\/www.chrisearley.com\/es\/","logo":{"@type":"ImageObject","inLanguage":"es-US","@id":"https:\/\/www.chrisearley.com\/es\/#\/schema\/logo\/image\/","url":"https:\/\/www.chrisearley.com\/wp-content\/uploads\/2024\/05\/logo.png","contentUrl":"https:\/\/www.chrisearley.com\/wp-content\/uploads\/2024\/05\/logo.png","width":420,"height":79,"caption":"Earley Law Group Injury Lawyers"},"image":{"@id":"https:\/\/www.chrisearley.com\/es\/#\/schema\/logo\/image\/"},"sameAs":["https:\/\/www.facebook.com\/Law-Offices-of-Christopher-Earley-104980886333\/","https:\/\/x.com\/chrisearleylaw","https:\/\/www.youtube.com\/user\/ChrisEarleyLaw","https:\/\/www.linkedin.com\/company\/earley-law-group-injury-lawyers","https:\/\/www.instagram.com\/earleylawgroupinjurylawyers\/"]}]}},"_links":{"self":[{"href":"https:\/\/www.chrisearley.com\/es\/wp-json\/wp\/v2\/pages\/12680","targetHints":{"allow":["GET"]}}],"collection":[{"href":"https:\/\/www.chrisearley.com\/es\/wp-json\/wp\/v2\/pages"}],"about":[{"href":"https:\/\/www.chrisearley.com\/es\/wp-json\/wp\/v2\/types\/page"}],"author":[{"embeddable":true,"href":"https:\/\/www.chrisearley.com\/es\/wp-json\/wp\/v2\/users\/35"}],"replies":[{"embeddable":true,"href":"https:\/\/www.chrisearley.com\/es\/wp-json\/wp\/v2\/comments?post=12680"}],"version-history":[{"count":0,"href":"https:\/\/www.chrisearley.com\/es\/wp-json\/wp\/v2\/pages\/12680\/revisions"}],"wp:featuredmedia":[{"embeddable":true,"href":"https:\/\/www.chrisearley.com\/es\/wp-json\/wp\/v2\/media\/19098"}],"wp:attachment":[{"href":"https:\/\/www.chrisearley.com\/es\/wp-json\/wp\/v2\/media?parent=12680"}],"curies":[{"name":"wp","href":"https:\/\/api.w.org\/{rel}","templated":true}]}}