{"id":12632,"date":"2024-06-26T07:54:58","date_gmt":"2024-06-26T07:54:58","guid":{"rendered":"https:\/\/www.chrisearley.com\/?page_id=12632"},"modified":"2024-07-18T07:44:09","modified_gmt":"2024-07-18T07:44:09","slug":"accidente-de-bicicleta","status":"publish","type":"page","link":"https:\/\/www.chrisearley.com\/es\/accidente-de-bicicleta\/","title":{"rendered":"Accidente de Bicicleta"},"content":{"rendered":"<h2>Informaci\u00f3n Sobre Demandas de Accidentes de Bicicleta en Massachusetts<\/h2>\n<p>Si estuvo involucrado en un accidente de bicicleta, es importante contar con representaci\u00f3n legal de su lado. El abogado de accidentes de bicicletas de Boston, Christopher Earley, ayuda a los ciclistas lesionados por\u00a0<a href=\"https:\/\/www.chrisearley.com\/blog\/what-is-negligence\/\" rel=\"noopener\">negligencia<\/a>.<\/p>\n<h2>Llama al 617-444-7777 Ahora por Su Consulta Gratuita<\/h2>\n<p>Los accidentes de bicicleta en Boston pueden causar lesiones muy graves, incluso la\u00a0<a href=\"https:\/\/www.chrisearley.com\/es\/muerte-injusta\/\">muerte<\/a>. Estos accidentes con\u00a0<a href=\"https:\/\/www.chrisearley.com\/es\/lesiones-personales\/\">lesiones personales<\/a>\u00a0ocurren generalmente cuando un automovilista no se detiene en un sem\u00e1foro en rojo o en una se\u00f1al de alto, no cede el paso, entra en el carril del ciclista u otra\u00a0<a href=\"https:\/\/www.chrisearley.com\/blog\/safety-tips-avoid-bicycle-accidents\/\" rel=\"noopener\">infracci\u00f3n de seguridad vial<\/a>.<\/p>\n<p>Las v\u00edctimas de accidentes de bicicleta frecuentemente se sienten confundidos sobre lo que se supone que deben hacer y cu\u00e1les son sus derechos.<\/p>\n<p>No importa c\u00f3mo ocurri\u00f3 el accidente, es importante contar con un abogado calificado y con experiencia que proteja sus derechos. Manejamos y resolvemos exitosamente este tipo de reclamos por lesiones personales. Los operadores de veh\u00edculos motorizados suelen ignorar la seguridad de los bicicletistas en Boston.<\/p>\n<p>Es importante saber que la compa\u00f1\u00eda de seguros del autom\u00f3vil que lo atropell\u00f3 intentar\u00e1 limitar sus derechos tanto como sea posible. No dejes que eso suceda.<\/p>\n<h2>Testimonios de Clientes del Abogado de Accidentes de Bicicletas en Massachusetts<\/h2>\n<p><em>\u201cTrabaj\u00e9 con Christopher en un caso de lesiones personales relacionado con un accidente de bicicleta. La \u00fanica informaci\u00f3n que logr\u00e9 reunir en el momento del accidente fue el nombre y el n\u00famero de tel\u00e9fono de la otra parte. Christopher hizo un excelente trabajo al resolver el caso en solo cuatro meses y me mantuvo bien informado durante todo el proceso. Tambi\u00e9n es una persona muy c\u00e1lida y honesta con quien trabajar. \u00a1Recomiendo encarecidamente el servicio de Christopher Earley!&#8221;<\/em><\/p>\n<p>Si tuvo un accidente de bicicleta en Massachusetts, actuaremos por usted y cobraremos una compensaci\u00f3n completa y justa de la compa\u00f1\u00eda de seguros por todos los da\u00f1os que sufri\u00f3 en su accidente.<\/p>\n<p>A veces, las personas intentan manejar estas afirmaciones por s\u00ed mismas. Eso generalmente resulta ser una mala idea debido al hecho de que la compa\u00f1\u00eda de seguros capacita a sus ajustadores para limitar los derechos de las v\u00edctimas de lesiones tanto como sea posible.<\/p>\n<p>Tener representaci\u00f3n de su lado es esencial para lograr un acuerdo justo para su caso.<\/p>\n<h2>Lesiones Comunes por Accidentes de Bicicleta en Massachusetts<\/h2>\n<p>Debido a que est\u00e1n expuestos y desprotegidos por l\u00e1minas de metal como los ocupantes de un autom\u00f3vil, los heridos en accidentes de bicicleta pueden sufrir lesiones muy graves. Factores como exceso de velocidad o movimientos bruscos de un autom\u00f3vil pueden hacer que un ciclista salga despedido de la bicicleta.<\/p>\n<p>Las v\u00edctimas de accidentes de bicicleta pueden sufrir:<\/p>\n<div class=\"row\">\n<ul class=\"col-xl-6\">\n<li><a href=\"https:\/\/www.chrisearley.com\/es\/lesiones-personales\/lesiones-de-tejidos-blandos\/\">Lesiones de tejidos blandos<\/a><\/li>\n<li><a href=\"https:\/\/www.chrisearley.com\/es\/lesiones-personales\/huesos-rotos\/\">Fracturas (huesos rotos)<\/a><\/li>\n<li>Dislocaciones<\/li>\n<li><a href=\"https:\/\/www.chrisearley.com\/es\/lesiones-personales\/lesion-en-el-hombro\/\">Lesiones de hombro<\/a><\/li>\n<li><a href=\"https:\/\/www.chrisearley.com\/es\/lesiones-personales\/lesion-cerebral\/\">Lesiones cerebrales<\/a><\/li>\n<li><a href=\"https:\/\/www.chrisearley.com\/es\/lesiones-personales\/lesion-de-espalda\/\">Lesiones de espalda<\/a><\/li>\n<li><a href=\"https:\/\/www.chrisearley.com\/es\/lesiones-personales\/hernia-de-disco\/\">Hernia de disco<\/a><\/li>\n<li>Hematomas (contusiones)<\/li>\n<li><a href=\"https:\/\/www.chrisearley.com\/es\/lesiones-personales\/lesion-de-menisco\/\">Lesiones del menisco<\/a><\/li>\n<li><a href=\"https:\/\/www.chrisearley.com\/es\/lesiones-personales\/amputacion\/\">Amputaciones<\/a><\/li>\n<li><a href=\"https:\/\/www.chrisearley.com\/es\/lesiones-personales\/muneca-rota\/\">Fracturas de mu\u00f1eca<\/a><\/li>\n<li>S\u00edndrome de dolor regional complejo (distrofia simp\u00e1tica refleja)<\/li>\n<\/ul>\n<ul class=\"col-xl-6\">\n<li><a href=\"https:\/\/www.chrisearley.com\/es\/lesiones-personales\/lesion-facial\/\">Lesiones faciales<\/a><\/li>\n<li>Heridas en la cabeza<\/li>\n<li><a href=\"https:\/\/www.chrisearley.com\/es\/lesiones-personales\/lesion-de-rodilla\/\">Lesiones de rodilla<\/a><\/li>\n<li><a href=\"https:\/\/www.chrisearley.com\/es\/lesiones-personales\/trastorno-de-estres-postraumatico-ptsd\/\">Trastorno de estr\u00e9s postraum\u00e1tico<\/a><\/li>\n<li><a href=\"https:\/\/www.chrisearley.com\/es\/lesiones-personales\/contusion-cerebral\/\">Contusiones<\/a><\/li>\n<li><a href=\"https:\/\/www.chrisearley.com\/es\/lesiones-personales\/lesion-en-el-tobillo\/\">Lesiones de tobillo<\/a><\/li>\n<li><a href=\"https:\/\/www.chrisearley.com\/es\/lesiones-personales\/lesion-de-la-medula-espinal\/\">Lesi\u00f3n de la m\u00e9dula espinal<\/a><\/li>\n<li><a href=\"https:\/\/www.chrisearley.com\/es\/lesiones-personales\/lesion-cerebral\/\">Lesiones cerebrales<\/a><\/li>\n<li><a href=\"https:\/\/www.chrisearley.com\/es\/lesiones-personales\/cicatrices-y-desfiguraciones\/\">Cicatrices<\/a><\/li>\n<li><a href=\"https:\/\/www.chrisearley.com\/es\/muerte-injusta\/\">Muerte<\/a><\/li>\n<\/ul>\n<\/div>\n<p>Es importante buscar atenci\u00f3n m\u00e9dica inmediata despu\u00e9s de un accidente de bicicleta para que sus lesiones est\u00e9n debidamente documentadas.<\/p>\n<p>Las lesiones que parecen de leves a moderadas pueden volverse graves muy r\u00e1pidamente. Adem\u00e1s, es fundamental decirle al personal m\u00e9dico exactamente c\u00f3mo ocurri\u00f3 el accidente.<\/p>\n<p>La raz\u00f3n es que los registros m\u00e9dicos ser\u00e1n revisados \u200b\u200bde cerca por la compa\u00f1\u00eda de seguros. Siempre es problem\u00e1tico si los registros m\u00e9dicos contienen lenguaje que no menciona que las lesiones fueron causadas por un accidente de bicicleta.<\/p>\n<h2>Causas Comunes de Accidentes de Bicicleta en Massachusetts<\/h2>\n<p>Estos accidentes pueden surgir de diversas formas. Aqu\u00ed hay algunos escenarios comunes que encontramos con estos tipos de accidentes automovil\u00edsticos:<\/p>\n<div class=\"row\">\n<ul class=\"col-xl-6\">\n<li><a href=\"https:\/\/www.chrisearley.com\/es\/accidentes-de-automoviles\/\">Exceso de velocidad<\/a><\/li>\n<li>Giros indebidos a la izquierda<\/li>\n<li><a href=\"https:\/\/www.chrisearley.com\/es\/accidentes-de-automoviles\/colision-trasera-de-auto\/\">Siguiendo demasiado de cerca<\/a><\/li>\n<li>Conducci\u00f3n distra\u00edda<\/li>\n<li><a href=\"https:\/\/www.chrisearley.com\/es\/accidente-de-camion\/\">Negligencia del conductor de cami\u00f3n<\/a><\/li>\n<li><a href=\"https:\/\/www.chrisearley.com\/es\/accidentes-de-automoviles\/accidente-por-conducir-ebrio\/\">Intoxicaci\u00f3n<\/a><\/li>\n<li><a href=\"https:\/\/www.chrisearley.com\/es\/accidentes-de-automoviles\/enviar-mensajes-de-texto-mientras-se-conduce\/\">Enviar mensajes de texto mientras se conduce<\/a><\/li>\n<\/ul>\n<ul class=\"col-xl-6\">\n<li>Cambios de carril inadecuados<\/li>\n<li><a href=\"https:\/\/www.chrisearley.com\/es\/accidentes-de-automoviles\/colision-trasera-de-auto\/\">Accidentes traseros<\/a><\/li>\n<li>No detenerse en el sem\u00e1foro en rojo<\/li>\n<li><a href=\"https:\/\/www.chrisearley.com\/es\/accidentes-de-automoviles\/falta-de-rendimiento\/\">No ceder<\/a><\/li>\n<li>No detenerse en la se\u00f1al de pare<\/li>\n<li><a href=\"https:\/\/www.chrisearley.com\/es\/mordida-de-perro\/\">Ataque \/ mordedura de perro<\/a><\/li>\n<\/ul>\n<\/div>\n<h2>Tipos Comunes de Accidentes de Bicicleta<\/h2>\n<ul>\n<li><a href=\"https:\/\/www.chrisearley.com\/es\/accidentes-de-automoviles\/accidente-automovilistico-frontal\/\">Accidentes frontales<\/a><\/li>\n<li><a href=\"https:\/\/www.chrisearley.com\/es\/accidentes-de-automoviles\/accidente-automovilistico-volcado\/\">Accidentes de vuelco<\/a><\/li>\n<li><a href=\"https:\/\/www.chrisearley.com\/es\/accidentes-de-automoviles\/colision-trasera-de-auto\/\">Accidentes traseros<\/a><\/li>\n<li><a href=\"https:\/\/www.chrisearley.com\/es\/accidentes-de-automoviles\/accidente-automovilistico-lateral\/\">Accidentes de T-Bone<\/a><\/li>\n<\/ul>\n<p>La determinaci\u00f3n de la culpa de estos accidentes se reduce a qu\u00e9 parte fue negligente por causar el accidente. Eso implica mirar la escena del accidente, contactar testigos, revisar el informe policial, etc.<\/p>\n<p>Con tal que que el ciclista no sea responsable en m\u00e1s del 50%, entonces podr\u00e1 presentar una reclamaci\u00f3n por dolor y sufrimiento contra la p\u00f3liza de seguro del operador del veh\u00edculo de motor. Independientemente de la culpa, las facturas m\u00e9dicas del ciclista y los salarios perdidos se pagar\u00e1n hasta $ 8,000.<\/p>\n<h2>Manejamos Todos los Casos de Accidentes de Bicicletas<\/h2>\n<p>Somos abogados de bicicletas en Boston que representamos a los heridos por:<\/p>\n<ul>\n<li><a href=\"https:\/\/www.chrisearley.com\/es\/accidentes-de-automoviles\/\">Accidentes automovil\u00edsticos<\/a>: estos son el tipo m\u00e1s com\u00fan de accidentes de bicicleta y con frecuencia son causados \u200b\u200bpor falta de atenci\u00f3n, exceso de velocidad y otros factores negligentes.<\/li>\n<li>Accidentes de puertas: representamos a las v\u00edctimas de accidentes de bicicletas a las que los operadores de veh\u00edculos motorizados y los\u00a0<a href=\"https:\/\/www.chrisearley.com\/blog\/rights-passenger-car-accident\/\" rel=\"noopener\">pasajeros<\/a>\u00a0atrapan. La apertura de puertas es\u00a0<a href=\"https:\/\/malegislature.gov\/Laws\/GeneralLaws\/PartI\/TitleXIV\/Chapter90\/Section14\" target=\"_blank\" rel=\"noopener\">ilegal<\/a>\u00a0seg\u00fan la ley de Massachusetts.<\/li>\n<li><a href=\"https:\/\/www.chrisearley.com\/es\/accidente-de-camion\/\">Accidentes de camiones<\/a>: estos accidentes pueden causar lesiones extremadamente devastadoras y catastr\u00f3ficas.<\/li>\n<li><a href=\"https:\/\/www.chrisearley.com\/es\/accidentes-de-automoviles\/accidentes-de-taxi\/\">Accidentes de taxis<\/a>: dado el alto n\u00famero de taxis en Boston, estos accidentes son muy comunes.<\/li>\n<li><a href=\"https:\/\/www.chrisearley.com\/es\/accidentes-de-automoviles\/accidentes-de-viajes-compartidos\/\">Accidentes de viajes compartidos<\/a>: los conductores de Lyft y Uber golpean con frecuencia a los ciclistas de Massachusetts.<\/li>\n<li><a href=\"https:\/\/www.chrisearley.com\/es\/accidente-de-motocicleta\/\">Accidentes de motocicleta<\/a>: aunque es menos com\u00fan, los ciclistas lesionados por conductores de motocicletas negligentes son un problema real.<\/li>\n<li><a href=\"https:\/\/www.chrisearley.com\/es\/accidentes-de-automoviles\/accidente-automovilistico-de-choque-y-fuga\/\">Accidentes de atropello y fuga<\/a>.<\/li>\n<\/ul>\n","protected":false},"excerpt":{"rendered":"<p>Informaci\u00f3n Sobre Demandas de Accidentes de Bicicleta en Massachusetts Si estuvo involucrado en un accidente de bicicleta, es importante contar con representaci\u00f3n legal de su lado. El abogado de accidentes de bicicletas de Boston, Christopher Earley, ayuda a los ciclistas lesionados por\u00a0negligencia. Llama al 617-444-7777 Ahora por Su Consulta Gratuita Los accidentes de bicicleta en [&hellip;]<\/p>\n","protected":false},"author":35,"featured_media":0,"parent":0,"menu_order":392,"comment_status":"closed","ping_status":"closed","template":"practice-area.php","meta":{"_acf_changed":false,"footnotes":""},"class_list":["post-12632","page","type-page","status-publish","hentry"],"acf":[],"yoast_head":"<!-- This site is optimized with the Yoast SEO plugin v27.5 - https:\/\/yoast.com\/product\/yoast-seo-wordpress\/ -->\n<title>Accidente de Bicicleta | Boston Abogado de Lesi\u00f3n en Bicicleta<\/title>\n<meta name=\"description\" content=\"Consulta Gratis - Ll\u00e1menos al 617-444-7777 - Earley Law Group Injury Lawyers ayuda a las v\u00edctimas y sus familias a recibir una compensaci\u00f3n por sus lesiones. Accidente de Bicicleta - Boston Abogado de Lesi\u00f3n en Bicicleta\" \/>\n<meta name=\"robots\" content=\"index, follow, max-snippet:-1, max-image-preview:large, max-video-preview:-1\" \/>\n<link rel=\"canonical\" href=\"https:\/\/www.chrisearley.com\/es\/accidente-de-bicicleta\/\" \/>\n<meta property=\"og:locale\" content=\"es_ES\" \/>\n<meta property=\"og:type\" content=\"article\" \/>\n<meta property=\"og:title\" content=\"Accidente de Bicicleta | Boston Abogado de Lesi\u00f3n en Bicicleta\" \/>\n<meta property=\"og:description\" content=\"Consulta Gratis - Ll\u00e1menos al 617-444-7777 - Earley Law Group Injury Lawyers ayuda a las v\u00edctimas y sus familias a recibir una compensaci\u00f3n por sus lesiones. Accidente de Bicicleta - Boston Abogado de Lesi\u00f3n en Bicicleta\" \/>\n<meta property=\"og:url\" content=\"https:\/\/www.chrisearley.com\/es\/accidente-de-bicicleta\/\" \/>\n<meta property=\"og:site_name\" content=\"Earley Law Group Injury Lawyers\" \/>\n<meta property=\"article:publisher\" content=\"https:\/\/www.facebook.com\/Law-Offices-of-Christopher-Earley-104980886333\/\" \/>\n<meta property=\"article:modified_time\" content=\"2024-07-18T07:44:09+00:00\" \/>\n<meta name=\"twitter:card\" content=\"summary_large_image\" \/>\n<meta name=\"twitter:site\" content=\"@chrisearleylaw\" \/>\n<meta name=\"twitter:label1\" content=\"Est. reading time\" \/>\n\t<meta name=\"twitter:data1\" content=\"5 minutes\" \/>\n<script type=\"application\/ld+json\" class=\"yoast-schema-graph\">{\"@context\":\"https:\\\/\\\/schema.org\",\"@graph\":[{\"@type\":\"WebPage\",\"@id\":\"https:\\\/\\\/www.chrisearley.com\\\/es\\\/accidente-de-bicicleta\\\/\",\"url\":\"https:\\\/\\\/www.chrisearley.com\\\/es\\\/accidente-de-bicicleta\\\/\",\"name\":\"Accidente de Bicicleta | Boston Abogado de Lesi\u00f3n en Bicicleta\",\"isPartOf\":{\"@id\":\"https:\\\/\\\/www.chrisearley.com\\\/es\\\/#website\"},\"datePublished\":\"2024-06-26T07:54:58+00:00\",\"dateModified\":\"2024-07-18T07:44:09+00:00\",\"description\":\"Consulta Gratis - Ll\u00e1menos al 617-444-7777 - Earley Law Group Injury Lawyers ayuda a las v\u00edctimas y sus familias a recibir una compensaci\u00f3n por sus lesiones. Accidente de Bicicleta - Boston Abogado de Lesi\u00f3n en Bicicleta\",\"breadcrumb\":{\"@id\":\"https:\\\/\\\/www.chrisearley.com\\\/es\\\/accidente-de-bicicleta\\\/#breadcrumb\"},\"inLanguage\":\"es-US\",\"potentialAction\":[{\"@type\":\"ReadAction\",\"target\":[\"https:\\\/\\\/www.chrisearley.com\\\/es\\\/accidente-de-bicicleta\\\/\"]}]},{\"@type\":\"BreadcrumbList\",\"@id\":\"https:\\\/\\\/www.chrisearley.com\\\/es\\\/accidente-de-bicicleta\\\/#breadcrumb\",\"itemListElement\":[{\"@type\":\"ListItem\",\"position\":1,\"name\":\"Home\",\"item\":\"https:\\\/\\\/www.chrisearley.com\\\/es\\\/\"},{\"@type\":\"ListItem\",\"position\":2,\"name\":\"Accidente de Bicicleta\"}]},{\"@type\":\"WebSite\",\"@id\":\"https:\\\/\\\/www.chrisearley.com\\\/es\\\/#website\",\"url\":\"https:\\\/\\\/www.chrisearley.com\\\/es\\\/\",\"name\":\"Earley Law Group Injury Lawyers\",\"description\":\"\",\"publisher\":{\"@id\":\"https:\\\/\\\/www.chrisearley.com\\\/es\\\/#organization\"},\"potentialAction\":[{\"@type\":\"SearchAction\",\"target\":{\"@type\":\"EntryPoint\",\"urlTemplate\":\"https:\\\/\\\/www.chrisearley.com\\\/es\\\/?s={search_term_string}\"},\"query-input\":{\"@type\":\"PropertyValueSpecification\",\"valueRequired\":true,\"valueName\":\"search_term_string\"}}],\"inLanguage\":\"es-US\"},{\"@type\":\"Organization\",\"@id\":\"https:\\\/\\\/www.chrisearley.com\\\/es\\\/#organization\",\"name\":\"Earley Law Group Injury Lawyers\",\"url\":\"https:\\\/\\\/www.chrisearley.com\\\/es\\\/\",\"logo\":{\"@type\":\"ImageObject\",\"inLanguage\":\"es-US\",\"@id\":\"https:\\\/\\\/www.chrisearley.com\\\/es\\\/#\\\/schema\\\/logo\\\/image\\\/\",\"url\":\"https:\\\/\\\/www.chrisearley.com\\\/wp-content\\\/uploads\\\/2024\\\/05\\\/logo.png\",\"contentUrl\":\"https:\\\/\\\/www.chrisearley.com\\\/wp-content\\\/uploads\\\/2024\\\/05\\\/logo.png\",\"width\":420,\"height\":79,\"caption\":\"Earley Law Group Injury Lawyers\"},\"image\":{\"@id\":\"https:\\\/\\\/www.chrisearley.com\\\/es\\\/#\\\/schema\\\/logo\\\/image\\\/\"},\"sameAs\":[\"https:\\\/\\\/www.facebook.com\\\/Law-Offices-of-Christopher-Earley-104980886333\\\/\",\"https:\\\/\\\/x.com\\\/chrisearleylaw\",\"https:\\\/\\\/www.youtube.com\\\/user\\\/ChrisEarleyLaw\",\"https:\\\/\\\/www.linkedin.com\\\/company\\\/earley-law-group-injury-lawyers\",\"https:\\\/\\\/www.instagram.com\\\/earleylawgroupinjurylawyers\\\/\"]}]}<\/script>\n<!-- \/ Yoast SEO plugin. -->","yoast_head_json":{"title":"Accidente de Bicicleta | Boston Abogado de Lesi\u00f3n en Bicicleta","description":"Consulta Gratis - Ll\u00e1menos al 617-444-7777 - Earley Law Group Injury Lawyers ayuda a las v\u00edctimas y sus familias a recibir una compensaci\u00f3n por sus lesiones. Accidente de Bicicleta - Boston Abogado de Lesi\u00f3n en Bicicleta","robots":{"index":"index","follow":"follow","max-snippet":"max-snippet:-1","max-image-preview":"max-image-preview:large","max-video-preview":"max-video-preview:-1"},"canonical":"https:\/\/www.chrisearley.com\/es\/accidente-de-bicicleta\/","og_locale":"es_ES","og_type":"article","og_title":"Accidente de Bicicleta | Boston Abogado de Lesi\u00f3n en Bicicleta","og_description":"Consulta Gratis - Ll\u00e1menos al 617-444-7777 - Earley Law Group Injury Lawyers ayuda a las v\u00edctimas y sus familias a recibir una compensaci\u00f3n por sus lesiones. Accidente de Bicicleta - Boston Abogado de Lesi\u00f3n en Bicicleta","og_url":"https:\/\/www.chrisearley.com\/es\/accidente-de-bicicleta\/","og_site_name":"Earley Law Group Injury Lawyers","article_publisher":"https:\/\/www.facebook.com\/Law-Offices-of-Christopher-Earley-104980886333\/","article_modified_time":"2024-07-18T07:44:09+00:00","twitter_card":"summary_large_image","twitter_site":"@chrisearleylaw","twitter_misc":{"Est. reading time":"5 minutes"},"schema":{"@context":"https:\/\/schema.org","@graph":[{"@type":"WebPage","@id":"https:\/\/www.chrisearley.com\/es\/accidente-de-bicicleta\/","url":"https:\/\/www.chrisearley.com\/es\/accidente-de-bicicleta\/","name":"Accidente de Bicicleta | Boston Abogado de Lesi\u00f3n en Bicicleta","isPartOf":{"@id":"https:\/\/www.chrisearley.com\/es\/#website"},"datePublished":"2024-06-26T07:54:58+00:00","dateModified":"2024-07-18T07:44:09+00:00","description":"Consulta Gratis - Ll\u00e1menos al 617-444-7777 - Earley Law Group Injury Lawyers ayuda a las v\u00edctimas y sus familias a recibir una compensaci\u00f3n por sus lesiones. Accidente de Bicicleta - Boston Abogado de Lesi\u00f3n en Bicicleta","breadcrumb":{"@id":"https:\/\/www.chrisearley.com\/es\/accidente-de-bicicleta\/#breadcrumb"},"inLanguage":"es-US","potentialAction":[{"@type":"ReadAction","target":["https:\/\/www.chrisearley.com\/es\/accidente-de-bicicleta\/"]}]},{"@type":"BreadcrumbList","@id":"https:\/\/www.chrisearley.com\/es\/accidente-de-bicicleta\/#breadcrumb","itemListElement":[{"@type":"ListItem","position":1,"name":"Home","item":"https:\/\/www.chrisearley.com\/es\/"},{"@type":"ListItem","position":2,"name":"Accidente de Bicicleta"}]},{"@type":"WebSite","@id":"https:\/\/www.chrisearley.com\/es\/#website","url":"https:\/\/www.chrisearley.com\/es\/","name":"Earley Law Group Injury Lawyers","description":"","publisher":{"@id":"https:\/\/www.chrisearley.com\/es\/#organization"},"potentialAction":[{"@type":"SearchAction","target":{"@type":"EntryPoint","urlTemplate":"https:\/\/www.chrisearley.com\/es\/?s={search_term_string}"},"query-input":{"@type":"PropertyValueSpecification","valueRequired":true,"valueName":"search_term_string"}}],"inLanguage":"es-US"},{"@type":"Organization","@id":"https:\/\/www.chrisearley.com\/es\/#organization","name":"Earley Law Group Injury Lawyers","url":"https:\/\/www.chrisearley.com\/es\/","logo":{"@type":"ImageObject","inLanguage":"es-US","@id":"https:\/\/www.chrisearley.com\/es\/#\/schema\/logo\/image\/","url":"https:\/\/www.chrisearley.com\/wp-content\/uploads\/2024\/05\/logo.png","contentUrl":"https:\/\/www.chrisearley.com\/wp-content\/uploads\/2024\/05\/logo.png","width":420,"height":79,"caption":"Earley Law Group Injury Lawyers"},"image":{"@id":"https:\/\/www.chrisearley.com\/es\/#\/schema\/logo\/image\/"},"sameAs":["https:\/\/www.facebook.com\/Law-Offices-of-Christopher-Earley-104980886333\/","https:\/\/x.com\/chrisearleylaw","https:\/\/www.youtube.com\/user\/ChrisEarleyLaw","https:\/\/www.linkedin.com\/company\/earley-law-group-injury-lawyers","https:\/\/www.instagram.com\/earleylawgroupinjurylawyers\/"]}]}},"_links":{"self":[{"href":"https:\/\/www.chrisearley.com\/es\/wp-json\/wp\/v2\/pages\/12632","targetHints":{"allow":["GET"]}}],"collection":[{"href":"https:\/\/www.chrisearley.com\/es\/wp-json\/wp\/v2\/pages"}],"about":[{"href":"https:\/\/www.chrisearley.com\/es\/wp-json\/wp\/v2\/types\/page"}],"author":[{"embeddable":true,"href":"https:\/\/www.chrisearley.com\/es\/wp-json\/wp\/v2\/users\/35"}],"replies":[{"embeddable":true,"href":"https:\/\/www.chrisearley.com\/es\/wp-json\/wp\/v2\/comments?post=12632"}],"version-history":[{"count":0,"href":"https:\/\/www.chrisearley.com\/es\/wp-json\/wp\/v2\/pages\/12632\/revisions"}],"wp:attachment":[{"href":"https:\/\/www.chrisearley.com\/es\/wp-json\/wp\/v2\/media?parent=12632"}],"curies":[{"name":"wp","href":"https:\/\/api.w.org\/{rel}","templated":true}]}}