{"id":12593,"date":"2024-06-15T15:24:46","date_gmt":"2024-06-15T15:24:46","guid":{"rendered":"https:\/\/www.chrisearley.com\/?page_id=12593"},"modified":"2024-07-04T06:21:45","modified_gmt":"2024-07-04T06:21:45","slug":"lesion-de-la-medula-espinal","status":"publish","type":"page","link":"https:\/\/www.chrisearley.com\/es\/lesiones-personales\/lesion-de-la-medula-espinal\/","title":{"rendered":"Lesi\u00f3n de la M\u00e9dula Espinal"},"content":{"rendered":"<p>La m\u00e9dula espinal es un conjunto de nervios que atraviesa la espalda. Cuando se lesiona, puede provocar la p\u00e9rdida de la movilidad y p\u00e9rdida de sensaci\u00f3n. Por lo general, es un impacto muy fuerte el que da\u00f1a la m\u00e9dula espinal. Esta es una lesi\u00f3n permanente y uno de los peores tipos de lesiones personales que cualquiera puede sufrir. Cuando esta lesi\u00f3n es causada por un accidente, puede haber una compensaci\u00f3n disponible para la parte lesionada o v\u00edctima.<\/p>\n<p>Una lesi\u00f3n de la m\u00e9dula espinal es una lesi\u00f3n catastr\u00f3fica que puede provocar par\u00e1lisis parcial (paraplej\u00eda) o total (cuadriplej\u00eda). La par\u00e1lisis parcial es el resultado de una lesi\u00f3n en las \u00e1reas de la m\u00e9dula espinal que se encuentran en las \u00e1reas lumbar, tor\u00e1cica y sacra de la columna. Para la par\u00e1lisis total, la columna cervical es la parte de la columna que se lesiona. Independientemente de la extensi\u00f3n o el tipo de lesi\u00f3n sufrida en la m\u00e9dula espinal, estas lesiones no solo devastan a la v\u00edctima, sino tambi\u00e9n a su familia.<\/p>\n<p>Las secuelas de una lesi\u00f3n de la m\u00e9dula espinal traer\u00e1n un tratamiento m\u00e9dico extenso y costoso, una p\u00e9rdida significativa de ingresos, as\u00ed como la necesidad de atenci\u00f3n m\u00e9dica especializada continua y de por vida. Las facturas m\u00e9dicas y los salarios perdidos pueden ascender a millones.<\/p>\n<p>Muchas personas que sufren una lesi\u00f3n en la m\u00e9dula espinal debido a negligencia, comprensiblemente, quieren emprender acciones legales para recibir la compensaci\u00f3n financiera necesaria para cubrir todos los da\u00f1os causados \u200b\u200bpor esta lesi\u00f3n permanente y catastr\u00f3fica. Con esta lesi\u00f3n, es fundamental identificar a todas las partes potenciales y todas las p\u00f3lizas de seguro disponibles con las que se pueden contar.<\/p>\n<p>El da\u00f1o de la m\u00e9dula espinal puede resultar de cualquier tipo de accidente. A menudo, se trata de un\u00a0<a href=\"https:\/\/www.chrisearley.com\/es\/accidentes-de-automoviles\/\">accidente automovil\u00edstico\u00a0<\/a>que puede provocar da\u00f1os en la m\u00e9dula espinal. O bien,\u00a0<a href=\"https:\/\/www.chrisearley.com\/es\/accidente-por-resbalon-y-caida\/\">un resbal\u00f3n y una ca\u00edda<\/a>\u00a0o un\u00a0<a href=\"https:\/\/www.chrisearley.com\/es\/compensacion-laboral\/\">accidente en el trabajo<\/a>\u00a0tambi\u00e9n pueden provocar este tipo de lesi\u00f3n. A veces puede ser el resultado de un error de un m\u00e9dico, dando lugar a un posible reclamo por negligencia m\u00e9dica. Cualquier tipo de accidente puede provocar una lesi\u00f3n en la m\u00e9dula espinal. Cuando eso sucede, las facturas m\u00e9dicas pueden ser asombrosamente altas.<\/p>\n<p>Un abogado puede ayudarlo a obtener una compensaci\u00f3n contra la persona o empresa que caus\u00f3 la lesi\u00f3n en la columna. Se hace un reclamo y la compa\u00f1\u00eda de seguros de la persona o compa\u00f1\u00eda investigar\u00e1 el caso y, si es necesario, pagar\u00e1 un acuerdo a la parte lesionada. Dependiendo de qui\u00e9n fue responsable de causar la lesi\u00f3n, es posible que haya o no un seguro disponible para perseguir. De hecho, en algunas situaciones, no hay ning\u00fan seguro que cobrar.<\/p>\n<h2>Abogado de Lesiones de la M\u00e9dula Espinal de Boston<\/h2>\n<p>Dado que hay mucho en juego, es de vital importancia contratar a un abogado con experiencia en lesiones personales en Boston para que se encargue de cualquier tipo de caso de lesi\u00f3n en la columna. De esa manera, puede obtener una compensaci\u00f3n econ\u00f3mica completa y justa por su lesi\u00f3n de la m\u00e9dula espinal. Llame a la oficina legal de\u00a0<a href=\"https:\/\/www.chrisearley.com\/es\/\">Christopher Earley<\/a>\u00a0hoy para comenzar. No cobramos honorarios legales a menos que su caso se resuelva o gane en el juicio mediante un veredicto del jurado. Ll\u00e1menos al 617-444-7777 para comenzar con su caso. Esperamos poder ayudarle.<\/p>\n","protected":false},"excerpt":{"rendered":"<p>La m\u00e9dula espinal es un conjunto de nervios que atraviesa la espalda. Cuando se lesiona, puede provocar la p\u00e9rdida de la movilidad y p\u00e9rdida de sensaci\u00f3n. Por lo general, es un impacto muy fuerte el que da\u00f1a la m\u00e9dula espinal. Esta es una lesi\u00f3n permanente y uno de los peores tipos de lesiones personales que [&hellip;]<\/p>\n","protected":false},"author":35,"featured_media":0,"parent":12326,"menu_order":114,"comment_status":"closed","ping_status":"closed","template":"","meta":{"_acf_changed":false,"footnotes":""},"class_list":["post-12593","page","type-page","status-publish","hentry"],"acf":[],"yoast_head":"<!-- This site is optimized with the Yoast SEO plugin v27.5 - https:\/\/yoast.com\/product\/yoast-seo-wordpress\/ -->\n<title>Lesi\u00f3n de la M\u00e9dula Espinal | Boston Abogado de Accidente<\/title>\n<meta name=\"description\" content=\"Consulta Gratis - Ll\u00e1menos al 617-444-7777 - Earley Law Group Injury Lawyers ayuda a las v\u00edctimas y sus familias a recibir una compensaci\u00f3n por sus lesiones. Lesi\u00f3n de la M\u00e9dula Espinal - Boston Abogado de Accidente\" \/>\n<meta name=\"robots\" content=\"index, follow, max-snippet:-1, max-image-preview:large, max-video-preview:-1\" \/>\n<link rel=\"canonical\" href=\"https:\/\/www.chrisearley.com\/es\/lesiones-personales\/lesion-de-la-medula-espinal\/\" \/>\n<meta property=\"og:locale\" content=\"es_ES\" \/>\n<meta property=\"og:type\" content=\"article\" \/>\n<meta property=\"og:title\" content=\"Lesi\u00f3n de la M\u00e9dula Espinal | Boston Abogado de Accidente\" \/>\n<meta property=\"og:description\" content=\"Consulta Gratis - Ll\u00e1menos al 617-444-7777 - Earley Law Group Injury Lawyers ayuda a las v\u00edctimas y sus familias a recibir una compensaci\u00f3n por sus lesiones. Lesi\u00f3n de la M\u00e9dula Espinal - Boston Abogado de Accidente\" \/>\n<meta property=\"og:url\" content=\"https:\/\/www.chrisearley.com\/es\/lesiones-personales\/lesion-de-la-medula-espinal\/\" \/>\n<meta property=\"og:site_name\" content=\"Earley Law Group Injury Lawyers\" \/>\n<meta property=\"article:publisher\" content=\"https:\/\/www.facebook.com\/Law-Offices-of-Christopher-Earley-104980886333\/\" \/>\n<meta property=\"article:modified_time\" content=\"2024-07-04T06:21:45+00:00\" \/>\n<meta name=\"twitter:card\" content=\"summary_large_image\" \/>\n<meta name=\"twitter:site\" content=\"@chrisearleylaw\" \/>\n<meta name=\"twitter:label1\" content=\"Est. reading time\" \/>\n\t<meta name=\"twitter:data1\" content=\"3 minutes\" \/>\n<script type=\"application\/ld+json\" class=\"yoast-schema-graph\">{\"@context\":\"https:\\\/\\\/schema.org\",\"@graph\":[{\"@type\":\"WebPage\",\"@id\":\"https:\\\/\\\/www.chrisearley.com\\\/es\\\/lesiones-personales\\\/lesion-de-la-medula-espinal\\\/\",\"url\":\"https:\\\/\\\/www.chrisearley.com\\\/es\\\/lesiones-personales\\\/lesion-de-la-medula-espinal\\\/\",\"name\":\"Lesi\u00f3n de la M\u00e9dula Espinal | Boston Abogado de Accidente\",\"isPartOf\":{\"@id\":\"https:\\\/\\\/www.chrisearley.com\\\/es\\\/#website\"},\"datePublished\":\"2024-06-15T15:24:46+00:00\",\"dateModified\":\"2024-07-04T06:21:45+00:00\",\"description\":\"Consulta Gratis - Ll\u00e1menos al 617-444-7777 - Earley Law Group Injury Lawyers ayuda a las v\u00edctimas y sus familias a recibir una compensaci\u00f3n por sus lesiones. Lesi\u00f3n de la M\u00e9dula Espinal - Boston Abogado de Accidente\",\"breadcrumb\":{\"@id\":\"https:\\\/\\\/www.chrisearley.com\\\/es\\\/lesiones-personales\\\/lesion-de-la-medula-espinal\\\/#breadcrumb\"},\"inLanguage\":\"es-US\",\"potentialAction\":[{\"@type\":\"ReadAction\",\"target\":[\"https:\\\/\\\/www.chrisearley.com\\\/es\\\/lesiones-personales\\\/lesion-de-la-medula-espinal\\\/\"]}]},{\"@type\":\"BreadcrumbList\",\"@id\":\"https:\\\/\\\/www.chrisearley.com\\\/es\\\/lesiones-personales\\\/lesion-de-la-medula-espinal\\\/#breadcrumb\",\"itemListElement\":[{\"@type\":\"ListItem\",\"position\":1,\"name\":\"Home\",\"item\":\"https:\\\/\\\/www.chrisearley.com\\\/es\\\/\"},{\"@type\":\"ListItem\",\"position\":2,\"name\":\"Lesiones Personales\",\"item\":\"https:\\\/\\\/www.chrisearley.com\\\/es\\\/lesiones-personales\\\/\"},{\"@type\":\"ListItem\",\"position\":3,\"name\":\"Lesi\u00f3n de la M\u00e9dula Espinal\"}]},{\"@type\":\"WebSite\",\"@id\":\"https:\\\/\\\/www.chrisearley.com\\\/es\\\/#website\",\"url\":\"https:\\\/\\\/www.chrisearley.com\\\/es\\\/\",\"name\":\"Earley Law Group Injury Lawyers\",\"description\":\"\",\"publisher\":{\"@id\":\"https:\\\/\\\/www.chrisearley.com\\\/es\\\/#organization\"},\"potentialAction\":[{\"@type\":\"SearchAction\",\"target\":{\"@type\":\"EntryPoint\",\"urlTemplate\":\"https:\\\/\\\/www.chrisearley.com\\\/es\\\/?s={search_term_string}\"},\"query-input\":{\"@type\":\"PropertyValueSpecification\",\"valueRequired\":true,\"valueName\":\"search_term_string\"}}],\"inLanguage\":\"es-US\"},{\"@type\":\"Organization\",\"@id\":\"https:\\\/\\\/www.chrisearley.com\\\/es\\\/#organization\",\"name\":\"Earley Law Group Injury Lawyers\",\"url\":\"https:\\\/\\\/www.chrisearley.com\\\/es\\\/\",\"logo\":{\"@type\":\"ImageObject\",\"inLanguage\":\"es-US\",\"@id\":\"https:\\\/\\\/www.chrisearley.com\\\/es\\\/#\\\/schema\\\/logo\\\/image\\\/\",\"url\":\"https:\\\/\\\/www.chrisearley.com\\\/wp-content\\\/uploads\\\/2024\\\/05\\\/logo.png\",\"contentUrl\":\"https:\\\/\\\/www.chrisearley.com\\\/wp-content\\\/uploads\\\/2024\\\/05\\\/logo.png\",\"width\":420,\"height\":79,\"caption\":\"Earley Law Group Injury Lawyers\"},\"image\":{\"@id\":\"https:\\\/\\\/www.chrisearley.com\\\/es\\\/#\\\/schema\\\/logo\\\/image\\\/\"},\"sameAs\":[\"https:\\\/\\\/www.facebook.com\\\/Law-Offices-of-Christopher-Earley-104980886333\\\/\",\"https:\\\/\\\/x.com\\\/chrisearleylaw\",\"https:\\\/\\\/www.youtube.com\\\/user\\\/ChrisEarleyLaw\",\"https:\\\/\\\/www.linkedin.com\\\/company\\\/earley-law-group-injury-lawyers\",\"https:\\\/\\\/www.instagram.com\\\/earleylawgroupinjurylawyers\\\/\"]}]}<\/script>\n<!-- \/ Yoast SEO plugin. -->","yoast_head_json":{"title":"Lesi\u00f3n de la M\u00e9dula Espinal | Boston Abogado de Accidente","description":"Consulta Gratis - Ll\u00e1menos al 617-444-7777 - Earley Law Group Injury Lawyers ayuda a las v\u00edctimas y sus familias a recibir una compensaci\u00f3n por sus lesiones. Lesi\u00f3n de la M\u00e9dula Espinal - Boston Abogado de Accidente","robots":{"index":"index","follow":"follow","max-snippet":"max-snippet:-1","max-image-preview":"max-image-preview:large","max-video-preview":"max-video-preview:-1"},"canonical":"https:\/\/www.chrisearley.com\/es\/lesiones-personales\/lesion-de-la-medula-espinal\/","og_locale":"es_ES","og_type":"article","og_title":"Lesi\u00f3n de la M\u00e9dula Espinal | Boston Abogado de Accidente","og_description":"Consulta Gratis - Ll\u00e1menos al 617-444-7777 - Earley Law Group Injury Lawyers ayuda a las v\u00edctimas y sus familias a recibir una compensaci\u00f3n por sus lesiones. Lesi\u00f3n de la M\u00e9dula Espinal - Boston Abogado de Accidente","og_url":"https:\/\/www.chrisearley.com\/es\/lesiones-personales\/lesion-de-la-medula-espinal\/","og_site_name":"Earley Law Group Injury Lawyers","article_publisher":"https:\/\/www.facebook.com\/Law-Offices-of-Christopher-Earley-104980886333\/","article_modified_time":"2024-07-04T06:21:45+00:00","twitter_card":"summary_large_image","twitter_site":"@chrisearleylaw","twitter_misc":{"Est. reading time":"3 minutes"},"schema":{"@context":"https:\/\/schema.org","@graph":[{"@type":"WebPage","@id":"https:\/\/www.chrisearley.com\/es\/lesiones-personales\/lesion-de-la-medula-espinal\/","url":"https:\/\/www.chrisearley.com\/es\/lesiones-personales\/lesion-de-la-medula-espinal\/","name":"Lesi\u00f3n de la M\u00e9dula Espinal | Boston Abogado de Accidente","isPartOf":{"@id":"https:\/\/www.chrisearley.com\/es\/#website"},"datePublished":"2024-06-15T15:24:46+00:00","dateModified":"2024-07-04T06:21:45+00:00","description":"Consulta Gratis - Ll\u00e1menos al 617-444-7777 - Earley Law Group Injury Lawyers ayuda a las v\u00edctimas y sus familias a recibir una compensaci\u00f3n por sus lesiones. Lesi\u00f3n de la M\u00e9dula Espinal - Boston Abogado de Accidente","breadcrumb":{"@id":"https:\/\/www.chrisearley.com\/es\/lesiones-personales\/lesion-de-la-medula-espinal\/#breadcrumb"},"inLanguage":"es-US","potentialAction":[{"@type":"ReadAction","target":["https:\/\/www.chrisearley.com\/es\/lesiones-personales\/lesion-de-la-medula-espinal\/"]}]},{"@type":"BreadcrumbList","@id":"https:\/\/www.chrisearley.com\/es\/lesiones-personales\/lesion-de-la-medula-espinal\/#breadcrumb","itemListElement":[{"@type":"ListItem","position":1,"name":"Home","item":"https:\/\/www.chrisearley.com\/es\/"},{"@type":"ListItem","position":2,"name":"Lesiones Personales","item":"https:\/\/www.chrisearley.com\/es\/lesiones-personales\/"},{"@type":"ListItem","position":3,"name":"Lesi\u00f3n de la M\u00e9dula Espinal"}]},{"@type":"WebSite","@id":"https:\/\/www.chrisearley.com\/es\/#website","url":"https:\/\/www.chrisearley.com\/es\/","name":"Earley Law Group Injury Lawyers","description":"","publisher":{"@id":"https:\/\/www.chrisearley.com\/es\/#organization"},"potentialAction":[{"@type":"SearchAction","target":{"@type":"EntryPoint","urlTemplate":"https:\/\/www.chrisearley.com\/es\/?s={search_term_string}"},"query-input":{"@type":"PropertyValueSpecification","valueRequired":true,"valueName":"search_term_string"}}],"inLanguage":"es-US"},{"@type":"Organization","@id":"https:\/\/www.chrisearley.com\/es\/#organization","name":"Earley Law Group Injury Lawyers","url":"https:\/\/www.chrisearley.com\/es\/","logo":{"@type":"ImageObject","inLanguage":"es-US","@id":"https:\/\/www.chrisearley.com\/es\/#\/schema\/logo\/image\/","url":"https:\/\/www.chrisearley.com\/wp-content\/uploads\/2024\/05\/logo.png","contentUrl":"https:\/\/www.chrisearley.com\/wp-content\/uploads\/2024\/05\/logo.png","width":420,"height":79,"caption":"Earley Law Group Injury Lawyers"},"image":{"@id":"https:\/\/www.chrisearley.com\/es\/#\/schema\/logo\/image\/"},"sameAs":["https:\/\/www.facebook.com\/Law-Offices-of-Christopher-Earley-104980886333\/","https:\/\/x.com\/chrisearleylaw","https:\/\/www.youtube.com\/user\/ChrisEarleyLaw","https:\/\/www.linkedin.com\/company\/earley-law-group-injury-lawyers","https:\/\/www.instagram.com\/earleylawgroupinjurylawyers\/"]}]}},"_links":{"self":[{"href":"https:\/\/www.chrisearley.com\/es\/wp-json\/wp\/v2\/pages\/12593","targetHints":{"allow":["GET"]}}],"collection":[{"href":"https:\/\/www.chrisearley.com\/es\/wp-json\/wp\/v2\/pages"}],"about":[{"href":"https:\/\/www.chrisearley.com\/es\/wp-json\/wp\/v2\/types\/page"}],"author":[{"embeddable":true,"href":"https:\/\/www.chrisearley.com\/es\/wp-json\/wp\/v2\/users\/35"}],"replies":[{"embeddable":true,"href":"https:\/\/www.chrisearley.com\/es\/wp-json\/wp\/v2\/comments?post=12593"}],"version-history":[{"count":0,"href":"https:\/\/www.chrisearley.com\/es\/wp-json\/wp\/v2\/pages\/12593\/revisions"}],"up":[{"embeddable":true,"href":"https:\/\/www.chrisearley.com\/es\/wp-json\/wp\/v2\/pages\/12326"}],"wp:attachment":[{"href":"https:\/\/www.chrisearley.com\/es\/wp-json\/wp\/v2\/media?parent=12593"}],"curies":[{"name":"wp","href":"https:\/\/api.w.org\/{rel}","templated":true}]}}