{"id":12569,"date":"2024-06-15T15:23:03","date_gmt":"2024-06-15T15:23:03","guid":{"rendered":"https:\/\/www.chrisearley.com\/?page_id=12569"},"modified":"2024-07-04T06:20:01","modified_gmt":"2024-07-04T06:20:01","slug":"lesion-en-el-hombro","status":"publish","type":"page","link":"https:\/\/www.chrisearley.com\/es\/lesiones-personales\/lesion-en-el-hombro\/","title":{"rendered":"Lesi\u00f3n en el Hombro"},"content":{"rendered":"<p>Las lesiones en los hombros son bastante comunes. Al igual que la rodilla, el hombro es una parte de la anatom\u00eda humana muy susceptible de lesionarse. Las lesiones en los hombros pueden ocurrir por practicar deportes, trabajar y tambi\u00e9n pueden ocurrir con la edad (debido al desgaste degenerativo). Otras veces, las lesiones en los hombros pueden ocurrir debido a negligencia, incluidos accidentes automovil\u00edsticos y otros accidentes de lesiones personales, aunque tambi\u00e9n ocurren con frecuencia a causa de accidentes laborales. Cuando esto sucede, la persona lesionada o v\u00edctima, puede estar considerando si presentar o no un reclamo o una demanda contra la persona o compa\u00f1\u00eda que lo lastim\u00f3 por negligencia durante el accidente. Como abogado de lesiones de hombros en Boston, he manejado muchos de estos casos y pueden ser muy complejos, debido a la complejidad del hombro en s\u00ed. A continuaci\u00f3n le muestro informaci\u00f3n importante sobre las lesiones de hombro que debe conocer.<\/p>\n<p>Hay varios tipos de lesiones en los hombros, estas son las m\u00e1s comunes:<\/p>\n<ul>\n<li><strong>Manguito rotador desgarrado:<\/strong>\u00a0el manguito rotador es un grupo de m\u00fasculos y tendones que le permiten mantener el brazo quieto y moverlo por encima de la cabeza. Esta es una lesi\u00f3n muy com\u00fan por resbalones y ca\u00eddas. Cuando alguien estira el brazo para\u00a0<a href=\"https:\/\/www.chrisearley.com\/es\/accidente-por-resbalon-y-caida\/\">frenar la ca\u00edda<\/a>, puede hiperextender el brazo, provocando un desgarro del manguito rotador. Esto le sucede a muchas personas y, a veces, esta lesi\u00f3n est\u00e1 relacionada con la edad o es degenerativa, en lugar de ser causada por un accidente.<\/li>\n<li><strong>Hombro dislocado:<\/strong>\u00a0esta es una lesi\u00f3n muy dolorosa que ocurre cuando el hueso de la parte superior del brazo sale del om\u00f3plato. A menudo, la dislocaci\u00f3n puede ser causada por una reducci\u00f3n cerrada, que es cuando el hombro se vuelve a colocar manualmente en su lugar.<\/li>\n<li><strong>Desgarro SLAP:<\/strong>\u00a0este es el labrum superior anterior y posterior. Esta es una lesi\u00f3n en la parte superior del labrum.<\/li>\n<li><strong>Fracturas:<\/strong>\u00a0a menudo se producen en accidentes. Las fracturas de\u00a0<a href=\"https:\/\/www.chrisearley.com\/es\/lesiones-personales\/huesos-rotos\/\">hombro son roturas de la clav\u00edcula<\/a>, el h\u00famero proximal y la esc\u00e1pula.<\/li>\n<li><strong>Hombro congelado (capsulitis adhesiva):<\/strong>\u00a0esto es cuando las adherencias se acumulan y restringen cu\u00e1nto se puede mover el hombro. Por lo tanto, se &#8220;congela&#8221; debido a la falta de movimiento.<\/li>\n<li><strong>Pinzamiento:<\/strong>\u00a0esto ocurre cuando el manguito de los rotadores se frota contra la parte superior del hueso del hombro llamado acromion.<\/li>\n<\/ul>\n<p>Las lesiones de hombro pueden resultar a partir de algunos de los siguientes tipos de accidentes de lesiones personales:<\/p>\n<ul>\n<li><a href=\"https:\/\/www.chrisearley.com\/es\/accidentes-de-automoviles\/\">Accidentes automovil\u00edsticos<\/a><\/li>\n<li><a href=\"https:\/\/www.chrisearley.com\/es\/compensacion-laboral\/\">Accidentes de compensaci\u00f3n laboral<\/a><\/li>\n<li><a href=\"https:\/\/www.chrisearley.com\/es\/accidente-de-bicicleta\/\">Accidentes de bicicleta<\/a><\/li>\n<li><a href=\"https:\/\/www.chrisearley.com\/es\/accidente-de-motocicleta\/\">Accidentes de motocicleta<\/a><\/li>\n<li><a href=\"https:\/\/www.chrisearley.com\/es\/accidente-de-camion\/\">Casos de accidentes de camiones<\/a><\/li>\n<li><a href=\"https:\/\/www.chrisearley.com\/es\/abuso-en-el-hogar-de-ancianos\/\">Casos de abuso en hogares de ancianos<\/a><\/li>\n<li><a href=\"https:\/\/www.chrisearley.com\/es\/accidente-de-peatones\/\">Accidentes de peatones<\/a><\/li>\n<li><a href=\"https:\/\/www.chrisearley.com\/es\/accidente-por-resbalon-y-caida\/\">Accidentes por resbalones y ca\u00eddas<\/a><\/li>\n<li><a href=\"https:\/\/www.chrisearley.com\/es\/accidente-de-nieve-y-hielo\/\">Accidentes de nieve y hielo<\/a><\/li>\n<li><a href=\"https:\/\/www.chrisearley.com\/es\/accidente-de-construccion\/\">Accidentes de construcci\u00f3n<\/a><\/li>\n<li><a href=\"https:\/\/www.chrisearley.com\/es\/mordida-de-perro\/\">Mordeduras y ataques de perros<\/a><\/li>\n<li><a href=\"https:\/\/www.chrisearley.com\/es\/accidentes-de-automoviles\/accidente-de-transito-mbta\/\">Casos de accidentes MBTA<\/a><\/li>\n<li><a href=\"https:\/\/www.chrisearley.com\/es\/lesion-en-guarderia\/\">Casos de accidentes en guarder\u00edas<\/a><\/li>\n<li><a href=\"https:\/\/www.chrisearley.com\/es\/accidente-de-ascensor-y-escalera-mecanica\/\">Casos de accidentes de ascensores y escaleras mec\u00e1nicas<\/a><\/li>\n<\/ul>\n<h2>Abogado local de lesiones en el hombro<\/h2>\n<p>Si su lesi\u00f3n en el hombro fue el resultado de una negligencia, le animo a que se comunique con nosotros hoy para su consulta gratuita sin compromiso. Estaremos dispuestos a evaluar su caso para determinar si tiene un caso que vale la pena seguir. P\u00f3ngase en contacto con la oficina legal de\u00a0<a href=\"https:\/\/www.chrisearley.com\/es\/\">Christopher Earley<\/a>\u00a0hoy para obtener una consulta gratuita y sin compromiso. \u00a1Ll\u00e1menos al 617-444-7777 y aseg\u00farese de obtener nuestra colecci\u00f3n gratuita de libros titulada The Truth Series que no querr\u00e1 perderse!<\/p>\n","protected":false},"excerpt":{"rendered":"<p>Las lesiones en los hombros son bastante comunes. Al igual que la rodilla, el hombro es una parte de la anatom\u00eda humana muy susceptible de lesionarse. Las lesiones en los hombros pueden ocurrir por practicar deportes, trabajar y tambi\u00e9n pueden ocurrir con la edad (debido al desgaste degenerativo). Otras veces, las lesiones en los hombros [&hellip;]<\/p>\n","protected":false},"author":35,"featured_media":0,"parent":12326,"menu_order":109,"comment_status":"closed","ping_status":"closed","template":"","meta":{"_acf_changed":false,"footnotes":""},"class_list":["post-12569","page","type-page","status-publish","hentry"],"acf":[],"yoast_head":"<!-- This site is optimized with the Yoast SEO plugin v27.5 - https:\/\/yoast.com\/product\/yoast-seo-wordpress\/ -->\n<title>Lesi\u00f3n en el Hombro | Boston Abogado de Accidente Earley Law Group Injury Lawyers<\/title>\n<meta name=\"description\" content=\"Consulta Gratis - Ll\u00e1menos al 617-444-7777 - Earley Law Group Injury Lawyers ayuda a las v\u00edctimas y sus familias a recibir una compensaci\u00f3n por sus lesiones. Lesi\u00f3n en el Hombro - Boston Abogado de Accidente\" \/>\n<meta name=\"robots\" content=\"index, follow, max-snippet:-1, max-image-preview:large, max-video-preview:-1\" \/>\n<link rel=\"canonical\" href=\"https:\/\/www.chrisearley.com\/es\/lesiones-personales\/lesion-en-el-hombro\/\" \/>\n<meta property=\"og:locale\" content=\"es_ES\" \/>\n<meta property=\"og:type\" content=\"article\" \/>\n<meta property=\"og:title\" content=\"Lesi\u00f3n en el Hombro | Boston Abogado de Accidente Earley Law Group Injury Lawyers\" \/>\n<meta property=\"og:description\" content=\"Consulta Gratis - Ll\u00e1menos al 617-444-7777 - Earley Law Group Injury Lawyers ayuda a las v\u00edctimas y sus familias a recibir una compensaci\u00f3n por sus lesiones. Lesi\u00f3n en el Hombro - Boston Abogado de Accidente\" \/>\n<meta property=\"og:url\" content=\"https:\/\/www.chrisearley.com\/es\/lesiones-personales\/lesion-en-el-hombro\/\" \/>\n<meta property=\"og:site_name\" content=\"Earley Law Group Injury Lawyers\" \/>\n<meta property=\"article:publisher\" content=\"https:\/\/www.facebook.com\/Law-Offices-of-Christopher-Earley-104980886333\/\" \/>\n<meta property=\"article:modified_time\" content=\"2024-07-04T06:20:01+00:00\" \/>\n<meta name=\"twitter:card\" content=\"summary_large_image\" \/>\n<meta name=\"twitter:site\" content=\"@chrisearleylaw\" \/>\n<meta name=\"twitter:label1\" content=\"Est. reading time\" \/>\n\t<meta name=\"twitter:data1\" content=\"3 minutes\" \/>\n<script type=\"application\/ld+json\" class=\"yoast-schema-graph\">{\"@context\":\"https:\\\/\\\/schema.org\",\"@graph\":[{\"@type\":\"WebPage\",\"@id\":\"https:\\\/\\\/www.chrisearley.com\\\/es\\\/lesiones-personales\\\/lesion-en-el-hombro\\\/\",\"url\":\"https:\\\/\\\/www.chrisearley.com\\\/es\\\/lesiones-personales\\\/lesion-en-el-hombro\\\/\",\"name\":\"Lesi\u00f3n en el Hombro | Boston Abogado de Accidente Earley Law Group Injury Lawyers\",\"isPartOf\":{\"@id\":\"https:\\\/\\\/www.chrisearley.com\\\/es\\\/#website\"},\"datePublished\":\"2024-06-15T15:23:03+00:00\",\"dateModified\":\"2024-07-04T06:20:01+00:00\",\"description\":\"Consulta Gratis - Ll\u00e1menos al 617-444-7777 - Earley Law Group Injury Lawyers ayuda a las v\u00edctimas y sus familias a recibir una compensaci\u00f3n por sus lesiones. Lesi\u00f3n en el Hombro - Boston Abogado de Accidente\",\"breadcrumb\":{\"@id\":\"https:\\\/\\\/www.chrisearley.com\\\/es\\\/lesiones-personales\\\/lesion-en-el-hombro\\\/#breadcrumb\"},\"inLanguage\":\"es-US\",\"potentialAction\":[{\"@type\":\"ReadAction\",\"target\":[\"https:\\\/\\\/www.chrisearley.com\\\/es\\\/lesiones-personales\\\/lesion-en-el-hombro\\\/\"]}]},{\"@type\":\"BreadcrumbList\",\"@id\":\"https:\\\/\\\/www.chrisearley.com\\\/es\\\/lesiones-personales\\\/lesion-en-el-hombro\\\/#breadcrumb\",\"itemListElement\":[{\"@type\":\"ListItem\",\"position\":1,\"name\":\"Home\",\"item\":\"https:\\\/\\\/www.chrisearley.com\\\/es\\\/\"},{\"@type\":\"ListItem\",\"position\":2,\"name\":\"Lesiones Personales\",\"item\":\"https:\\\/\\\/www.chrisearley.com\\\/es\\\/lesiones-personales\\\/\"},{\"@type\":\"ListItem\",\"position\":3,\"name\":\"Lesi\u00f3n en el Hombro\"}]},{\"@type\":\"WebSite\",\"@id\":\"https:\\\/\\\/www.chrisearley.com\\\/es\\\/#website\",\"url\":\"https:\\\/\\\/www.chrisearley.com\\\/es\\\/\",\"name\":\"Earley Law Group Injury Lawyers\",\"description\":\"\",\"publisher\":{\"@id\":\"https:\\\/\\\/www.chrisearley.com\\\/es\\\/#organization\"},\"potentialAction\":[{\"@type\":\"SearchAction\",\"target\":{\"@type\":\"EntryPoint\",\"urlTemplate\":\"https:\\\/\\\/www.chrisearley.com\\\/es\\\/?s={search_term_string}\"},\"query-input\":{\"@type\":\"PropertyValueSpecification\",\"valueRequired\":true,\"valueName\":\"search_term_string\"}}],\"inLanguage\":\"es-US\"},{\"@type\":\"Organization\",\"@id\":\"https:\\\/\\\/www.chrisearley.com\\\/es\\\/#organization\",\"name\":\"Earley Law Group Injury Lawyers\",\"url\":\"https:\\\/\\\/www.chrisearley.com\\\/es\\\/\",\"logo\":{\"@type\":\"ImageObject\",\"inLanguage\":\"es-US\",\"@id\":\"https:\\\/\\\/www.chrisearley.com\\\/es\\\/#\\\/schema\\\/logo\\\/image\\\/\",\"url\":\"https:\\\/\\\/www.chrisearley.com\\\/wp-content\\\/uploads\\\/2024\\\/05\\\/logo.png\",\"contentUrl\":\"https:\\\/\\\/www.chrisearley.com\\\/wp-content\\\/uploads\\\/2024\\\/05\\\/logo.png\",\"width\":420,\"height\":79,\"caption\":\"Earley Law Group Injury Lawyers\"},\"image\":{\"@id\":\"https:\\\/\\\/www.chrisearley.com\\\/es\\\/#\\\/schema\\\/logo\\\/image\\\/\"},\"sameAs\":[\"https:\\\/\\\/www.facebook.com\\\/Law-Offices-of-Christopher-Earley-104980886333\\\/\",\"https:\\\/\\\/x.com\\\/chrisearleylaw\",\"https:\\\/\\\/www.youtube.com\\\/user\\\/ChrisEarleyLaw\",\"https:\\\/\\\/www.linkedin.com\\\/company\\\/earley-law-group-injury-lawyers\",\"https:\\\/\\\/www.instagram.com\\\/earleylawgroupinjurylawyers\\\/\"]}]}<\/script>\n<!-- \/ Yoast SEO plugin. -->","yoast_head_json":{"title":"Lesi\u00f3n en el Hombro | Boston Abogado de Accidente Earley Law Group Injury Lawyers","description":"Consulta Gratis - Ll\u00e1menos al 617-444-7777 - Earley Law Group Injury Lawyers ayuda a las v\u00edctimas y sus familias a recibir una compensaci\u00f3n por sus lesiones. Lesi\u00f3n en el Hombro - Boston Abogado de Accidente","robots":{"index":"index","follow":"follow","max-snippet":"max-snippet:-1","max-image-preview":"max-image-preview:large","max-video-preview":"max-video-preview:-1"},"canonical":"https:\/\/www.chrisearley.com\/es\/lesiones-personales\/lesion-en-el-hombro\/","og_locale":"es_ES","og_type":"article","og_title":"Lesi\u00f3n en el Hombro | Boston Abogado de Accidente Earley Law Group Injury Lawyers","og_description":"Consulta Gratis - Ll\u00e1menos al 617-444-7777 - Earley Law Group Injury Lawyers ayuda a las v\u00edctimas y sus familias a recibir una compensaci\u00f3n por sus lesiones. Lesi\u00f3n en el Hombro - Boston Abogado de Accidente","og_url":"https:\/\/www.chrisearley.com\/es\/lesiones-personales\/lesion-en-el-hombro\/","og_site_name":"Earley Law Group Injury Lawyers","article_publisher":"https:\/\/www.facebook.com\/Law-Offices-of-Christopher-Earley-104980886333\/","article_modified_time":"2024-07-04T06:20:01+00:00","twitter_card":"summary_large_image","twitter_site":"@chrisearleylaw","twitter_misc":{"Est. reading time":"3 minutes"},"schema":{"@context":"https:\/\/schema.org","@graph":[{"@type":"WebPage","@id":"https:\/\/www.chrisearley.com\/es\/lesiones-personales\/lesion-en-el-hombro\/","url":"https:\/\/www.chrisearley.com\/es\/lesiones-personales\/lesion-en-el-hombro\/","name":"Lesi\u00f3n en el Hombro | Boston Abogado de Accidente Earley Law Group Injury Lawyers","isPartOf":{"@id":"https:\/\/www.chrisearley.com\/es\/#website"},"datePublished":"2024-06-15T15:23:03+00:00","dateModified":"2024-07-04T06:20:01+00:00","description":"Consulta Gratis - Ll\u00e1menos al 617-444-7777 - Earley Law Group Injury Lawyers ayuda a las v\u00edctimas y sus familias a recibir una compensaci\u00f3n por sus lesiones. Lesi\u00f3n en el Hombro - Boston Abogado de Accidente","breadcrumb":{"@id":"https:\/\/www.chrisearley.com\/es\/lesiones-personales\/lesion-en-el-hombro\/#breadcrumb"},"inLanguage":"es-US","potentialAction":[{"@type":"ReadAction","target":["https:\/\/www.chrisearley.com\/es\/lesiones-personales\/lesion-en-el-hombro\/"]}]},{"@type":"BreadcrumbList","@id":"https:\/\/www.chrisearley.com\/es\/lesiones-personales\/lesion-en-el-hombro\/#breadcrumb","itemListElement":[{"@type":"ListItem","position":1,"name":"Home","item":"https:\/\/www.chrisearley.com\/es\/"},{"@type":"ListItem","position":2,"name":"Lesiones Personales","item":"https:\/\/www.chrisearley.com\/es\/lesiones-personales\/"},{"@type":"ListItem","position":3,"name":"Lesi\u00f3n en el Hombro"}]},{"@type":"WebSite","@id":"https:\/\/www.chrisearley.com\/es\/#website","url":"https:\/\/www.chrisearley.com\/es\/","name":"Earley Law Group Injury Lawyers","description":"","publisher":{"@id":"https:\/\/www.chrisearley.com\/es\/#organization"},"potentialAction":[{"@type":"SearchAction","target":{"@type":"EntryPoint","urlTemplate":"https:\/\/www.chrisearley.com\/es\/?s={search_term_string}"},"query-input":{"@type":"PropertyValueSpecification","valueRequired":true,"valueName":"search_term_string"}}],"inLanguage":"es-US"},{"@type":"Organization","@id":"https:\/\/www.chrisearley.com\/es\/#organization","name":"Earley Law Group Injury Lawyers","url":"https:\/\/www.chrisearley.com\/es\/","logo":{"@type":"ImageObject","inLanguage":"es-US","@id":"https:\/\/www.chrisearley.com\/es\/#\/schema\/logo\/image\/","url":"https:\/\/www.chrisearley.com\/wp-content\/uploads\/2024\/05\/logo.png","contentUrl":"https:\/\/www.chrisearley.com\/wp-content\/uploads\/2024\/05\/logo.png","width":420,"height":79,"caption":"Earley Law Group Injury Lawyers"},"image":{"@id":"https:\/\/www.chrisearley.com\/es\/#\/schema\/logo\/image\/"},"sameAs":["https:\/\/www.facebook.com\/Law-Offices-of-Christopher-Earley-104980886333\/","https:\/\/x.com\/chrisearleylaw","https:\/\/www.youtube.com\/user\/ChrisEarleyLaw","https:\/\/www.linkedin.com\/company\/earley-law-group-injury-lawyers","https:\/\/www.instagram.com\/earleylawgroupinjurylawyers\/"]}]}},"_links":{"self":[{"href":"https:\/\/www.chrisearley.com\/es\/wp-json\/wp\/v2\/pages\/12569","targetHints":{"allow":["GET"]}}],"collection":[{"href":"https:\/\/www.chrisearley.com\/es\/wp-json\/wp\/v2\/pages"}],"about":[{"href":"https:\/\/www.chrisearley.com\/es\/wp-json\/wp\/v2\/types\/page"}],"author":[{"embeddable":true,"href":"https:\/\/www.chrisearley.com\/es\/wp-json\/wp\/v2\/users\/35"}],"replies":[{"embeddable":true,"href":"https:\/\/www.chrisearley.com\/es\/wp-json\/wp\/v2\/comments?post=12569"}],"version-history":[{"count":0,"href":"https:\/\/www.chrisearley.com\/es\/wp-json\/wp\/v2\/pages\/12569\/revisions"}],"up":[{"embeddable":true,"href":"https:\/\/www.chrisearley.com\/es\/wp-json\/wp\/v2\/pages\/12326"}],"wp:attachment":[{"href":"https:\/\/www.chrisearley.com\/es\/wp-json\/wp\/v2\/media?parent=12569"}],"curies":[{"name":"wp","href":"https:\/\/api.w.org\/{rel}","templated":true}]}}