{"id":12557,"date":"2024-06-15T15:22:09","date_gmt":"2024-06-15T15:22:09","guid":{"rendered":"https:\/\/www.chrisearley.com\/?page_id=12557"},"modified":"2024-07-04T06:19:51","modified_gmt":"2024-07-04T06:19:51","slug":"cicatrices-y-desfiguraciones","status":"publish","type":"page","link":"https:\/\/www.chrisearley.com\/es\/lesiones-personales\/cicatrices-y-desfiguraciones\/","title":{"rendered":"Cicatrices y Desfiguraciones"},"content":{"rendered":"<p>Las cicatrices y la desfiguraci\u00f3n son algo que nadie quiere experimentar. Estas lesiones pueden ocurrir por una variedad de causas y, a veces, pueden ser terribles. Con frecuencia, estas lesiones surgen de un accidente de lesiones personales. Muchas veces la v\u00edctima de un accidente de lesiones personales no hizo nada para causar el accidente y simplemente fue inocente, por lo tanto result\u00f3 lesionada sin culpa suya.<\/p>\n<p><a href=\"https:\/\/www.chrisearley.com\/es\/\">Christopher Earley<\/a>, el abogado especializado en cicatrices de Boston, tiene una amplia experiencia en casos de cicatrices y desfiguraciones, es el profesional ideal para ayudarlo si una persona o empresa le caus\u00f3 por negligencia una lesi\u00f3n personal de cicatrices o desfiguraci\u00f3n.<\/p>\n<p>Lamentablemente, las cicatrices son bastante comunes despu\u00e9s de un accidente de\u00a0<a href=\"https:\/\/www.chrisearley.com\/es\/lesiones-personales\/\">lesiones personales<\/a>. Tambi\u00e9n pueden resultar a partir de una cirug\u00eda. Las cicatrices ocurren cuando la segunda capa de la piel, la dermis, se lesiona. Se estima que a nivel mundial\u00a0<a href=\"https:\/\/www.ncbi.nlm.nih.gov\/pmc\/articles\/PMC1125033\/\" target=\"_blank\" rel=\"noopener\">100 millones<\/a>\u00a0de personas cada a\u00f1o sufren una cicatriz.<\/p>\n<p>Por lo general, las personas m\u00e1s j\u00f3venes se curan mejor y tienen menos probabilidades de quedar con cicatrices en comparaci\u00f3n con las personas mayores, cuya piel puede ser menos resistente a las cicatrices.<\/p>\n<p>Las cicatrices son recordatorios dolorosos y permanentes de un desafortunado accidente. Estas lesiones pueden causar verg\u00fcenza, timidez, verg\u00fcenza, enojo y otras emociones fuertes,\u00a0<a href=\"https:\/\/www.chrisearley.com\/es\/lesiones-personales\/lesion-facial\/\">especialmente cuando est\u00e1n en la cara<\/a>. Una cicatriz no es m\u00e1s que la piel da\u00f1ada donde se desarrolla tejido conectivo fibroso.<\/p>\n<h2>Tipos Comunes de Cicatrices<\/h2>\n<ul>\n<li><strong>Queloide:<\/strong>\u00a0este tipo de cicatrices se produce cuando el cuerpo cura excesivamente la lesi\u00f3n original y va m\u00e1s all\u00e1 del sitio original de la lesi\u00f3n. Son cicatrices elevadas que pueden ser oscuras, rojas y abultadas. La piel m\u00e1s oscura es m\u00e1s propensa a la formaci\u00f3n de cicatrices queloides.<\/li>\n<li><strong>Hipertr\u00f3fica:<\/strong>\u00a0estas cicatrices son elevadas y rojas y no van m\u00e1s all\u00e1 de la lesi\u00f3n original como lo hacen los queloides. Estas cicatrices pueden causar picaz\u00f3n y dolor.<\/li>\n<li><strong>Atr\u00f3fica:<\/strong>\u00a0estas cicatrices pueden estar hundidas debajo de la superficie de la piel.<\/li>\n<\/ul>\n<h2>Causas Comunes de Cicatrices<\/h2>\n<p>Aunque las cicatrices pueden resultar de una variedad de accidentes de lesiones personales, estos son algunos de los ejemplos m\u00e1s comunes:<\/p>\n<ul>\n<li><a href=\"https:\/\/www.chrisearley.com\/es\/accidentes-de-automoviles\/\">Accidentes automovil\u00edsticos<\/a><\/li>\n<li><a href=\"https:\/\/www.chrisearley.com\/es\/compensacion-laboral\/\">Accidentes de compensaci\u00f3n laboral<\/a><\/li>\n<li><a href=\"https:\/\/www.chrisearley.com\/es\/accidente-de-camion\/\">Casos de accidentes de camiones<\/a><\/li>\n<li><a href=\"https:\/\/www.chrisearley.com\/es\/abuso-en-el-hogar-de-ancianos\/\">Abuso en hogares de ancianos<\/a><\/li>\n<li><a href=\"https:\/\/www.chrisearley.com\/es\/accidente-de-bicicleta\/\">Accidentes de bicicleta<\/a><\/li>\n<li><a href=\"https:\/\/www.chrisearley.com\/es\/mordida-de-perro\/\">Mordeduras y ataques de perros<\/a><\/li>\n<li><a href=\"https:\/\/www.chrisearley.com\/es\/accidente-de-peatones\/\">Accidentes de peatones<\/a><\/li>\n<li><a href=\"https:\/\/www.chrisearley.com\/es\/accidente-de-motocicleta\/\">Accidentes de motocicleta<\/a><\/li>\n<li><a href=\"https:\/\/www.chrisearley.com\/es\/accidente-por-resbalon-y-caida\/\">Accidentes de resbalones y ca\u00eddas<\/a><\/li>\n<li><a href=\"https:\/\/www.chrisearley.com\/es\/lesiones-personales\/lesion-por-quemaduras\/\">Quemaduras<\/a><\/li>\n<li><a href=\"https:\/\/www.chrisearley.com\/es\/lesion-en-guarderia\/\">Casos de accidentes en guarder\u00edas<\/a><\/li>\n<\/ul>\n<h2>\u00bfCu\u00e1nto Cuesta Contratar a un Abogado de Cicatrices?<\/h2>\n<p>Estos casos generalmente se manejan sobre la base de una tarifa de contingencia. Esto significa que al abogado no se le paga hasta que ocurra la &#8220;contingencia&#8221; de un acuerdo o veredicto. Estas tarifas contingentes generalmente oscilan entre el 30% y el 40%. El abogado tambi\u00e9n adelantar\u00e1 el costo de los gastos que se requieran durante la vigencia del caso.<\/p>\n<p>Adem\u00e1s, si hay un acuerdo, tenga en cuenta que el dinero recibido del acuerdo no est\u00e1 sujeto a impuestos seg\u00fan la ley estatal o federal. Hay algunas excepciones menores y limitadas a esta regla general cuando los da\u00f1os cobrados son por angustia emocional.<\/p>\n<h2>Abogado Especialista en Cicatrices y Desfiguraciones en Boston<\/h2>\n<p><a href=\"https:\/\/www.chrisearley.com\/es\/contactenos\/\">P\u00f3ngase en contacto<\/a>\u00a0con el abogado especialista en cicatrices y desfiguraciones de Boston, MA Christopher Earley hoy mismo para obtener ayuda con su caso de lesiones personales en Massachusetts. Estamos dispuestos a ayudarle con su caso lo antes posible. Llame hoy para comenzar. Ll\u00e1menos al 617-444-7777 o env\u00edenos un correo electr\u00f3nico a\u00a0<a href=\"mailto:cearley@earleylawgroup.com\" target=\"_blank\" rel=\"noopener\">cearley@earleylawgroup.com<\/a>. Si a\u00fan no lo ha hecho, lea nuestra colecci\u00f3n gratuita de gu\u00edas para el consumidor llamada The Truth Series antes de tomar cualquier decisi\u00f3n legal con respecto a su caso.<\/p>\n","protected":false},"excerpt":{"rendered":"<p>Las cicatrices y la desfiguraci\u00f3n son algo que nadie quiere experimentar. Estas lesiones pueden ocurrir por una variedad de causas y, a veces, pueden ser terribles. Con frecuencia, estas lesiones surgen de un accidente de lesiones personales. Muchas veces la v\u00edctima de un accidente de lesiones personales no hizo nada para causar el accidente y [&hellip;]<\/p>\n","protected":false},"author":35,"featured_media":0,"parent":12326,"menu_order":107,"comment_status":"closed","ping_status":"closed","template":"","meta":{"_acf_changed":false,"footnotes":""},"class_list":["post-12557","page","type-page","status-publish","hentry"],"acf":[],"yoast_head":"<!-- This site is optimized with the Yoast SEO plugin v27.5 - https:\/\/yoast.com\/product\/yoast-seo-wordpress\/ -->\n<title>Cicatrices y Desfiguraciones | Boston Abogado de Lesi\u00f3n Personal<\/title>\n<meta name=\"description\" content=\"Consulta Gratis - Ll\u00e1menos al 617-444-7777 - Earley Law Group Injury Lawyers ayuda a las v\u00edctimas y sus familias a recibir una compensaci\u00f3n por sus lesiones. Cicatrices y Desfiguraciones - Boston Abogado de Lesi\u00f3n Personal\" \/>\n<meta name=\"robots\" content=\"index, follow, max-snippet:-1, max-image-preview:large, max-video-preview:-1\" \/>\n<link rel=\"canonical\" href=\"https:\/\/www.chrisearley.com\/es\/lesiones-personales\/cicatrices-y-desfiguraciones\/\" \/>\n<meta property=\"og:locale\" content=\"es_ES\" \/>\n<meta property=\"og:type\" content=\"article\" \/>\n<meta property=\"og:title\" content=\"Cicatrices y Desfiguraciones | Boston Abogado de Lesi\u00f3n Personal\" \/>\n<meta property=\"og:description\" content=\"Consulta Gratis - Ll\u00e1menos al 617-444-7777 - Earley Law Group Injury Lawyers ayuda a las v\u00edctimas y sus familias a recibir una compensaci\u00f3n por sus lesiones. Cicatrices y Desfiguraciones - Boston Abogado de Lesi\u00f3n Personal\" \/>\n<meta property=\"og:url\" content=\"https:\/\/www.chrisearley.com\/es\/lesiones-personales\/cicatrices-y-desfiguraciones\/\" \/>\n<meta property=\"og:site_name\" content=\"Earley Law Group Injury Lawyers\" \/>\n<meta property=\"article:publisher\" content=\"https:\/\/www.facebook.com\/Law-Offices-of-Christopher-Earley-104980886333\/\" \/>\n<meta property=\"article:modified_time\" content=\"2024-07-04T06:19:51+00:00\" \/>\n<meta name=\"twitter:card\" content=\"summary_large_image\" \/>\n<meta name=\"twitter:site\" content=\"@chrisearleylaw\" \/>\n<meta name=\"twitter:label1\" content=\"Est. reading time\" \/>\n\t<meta name=\"twitter:data1\" content=\"3 minutes\" \/>\n<script type=\"application\/ld+json\" class=\"yoast-schema-graph\">{\"@context\":\"https:\\\/\\\/schema.org\",\"@graph\":[{\"@type\":\"WebPage\",\"@id\":\"https:\\\/\\\/www.chrisearley.com\\\/es\\\/lesiones-personales\\\/cicatrices-y-desfiguraciones\\\/\",\"url\":\"https:\\\/\\\/www.chrisearley.com\\\/es\\\/lesiones-personales\\\/cicatrices-y-desfiguraciones\\\/\",\"name\":\"Cicatrices y Desfiguraciones | Boston Abogado de Lesi\u00f3n Personal\",\"isPartOf\":{\"@id\":\"https:\\\/\\\/www.chrisearley.com\\\/es\\\/#website\"},\"datePublished\":\"2024-06-15T15:22:09+00:00\",\"dateModified\":\"2024-07-04T06:19:51+00:00\",\"description\":\"Consulta Gratis - Ll\u00e1menos al 617-444-7777 - Earley Law Group Injury Lawyers ayuda a las v\u00edctimas y sus familias a recibir una compensaci\u00f3n por sus lesiones. Cicatrices y Desfiguraciones - Boston Abogado de Lesi\u00f3n Personal\",\"breadcrumb\":{\"@id\":\"https:\\\/\\\/www.chrisearley.com\\\/es\\\/lesiones-personales\\\/cicatrices-y-desfiguraciones\\\/#breadcrumb\"},\"inLanguage\":\"es-US\",\"potentialAction\":[{\"@type\":\"ReadAction\",\"target\":[\"https:\\\/\\\/www.chrisearley.com\\\/es\\\/lesiones-personales\\\/cicatrices-y-desfiguraciones\\\/\"]}]},{\"@type\":\"BreadcrumbList\",\"@id\":\"https:\\\/\\\/www.chrisearley.com\\\/es\\\/lesiones-personales\\\/cicatrices-y-desfiguraciones\\\/#breadcrumb\",\"itemListElement\":[{\"@type\":\"ListItem\",\"position\":1,\"name\":\"Home\",\"item\":\"https:\\\/\\\/www.chrisearley.com\\\/es\\\/\"},{\"@type\":\"ListItem\",\"position\":2,\"name\":\"Lesiones Personales\",\"item\":\"https:\\\/\\\/www.chrisearley.com\\\/es\\\/lesiones-personales\\\/\"},{\"@type\":\"ListItem\",\"position\":3,\"name\":\"Cicatrices y Desfiguraciones\"}]},{\"@type\":\"WebSite\",\"@id\":\"https:\\\/\\\/www.chrisearley.com\\\/es\\\/#website\",\"url\":\"https:\\\/\\\/www.chrisearley.com\\\/es\\\/\",\"name\":\"Earley Law Group Injury Lawyers\",\"description\":\"\",\"publisher\":{\"@id\":\"https:\\\/\\\/www.chrisearley.com\\\/es\\\/#organization\"},\"potentialAction\":[{\"@type\":\"SearchAction\",\"target\":{\"@type\":\"EntryPoint\",\"urlTemplate\":\"https:\\\/\\\/www.chrisearley.com\\\/es\\\/?s={search_term_string}\"},\"query-input\":{\"@type\":\"PropertyValueSpecification\",\"valueRequired\":true,\"valueName\":\"search_term_string\"}}],\"inLanguage\":\"es-US\"},{\"@type\":\"Organization\",\"@id\":\"https:\\\/\\\/www.chrisearley.com\\\/es\\\/#organization\",\"name\":\"Earley Law Group Injury Lawyers\",\"url\":\"https:\\\/\\\/www.chrisearley.com\\\/es\\\/\",\"logo\":{\"@type\":\"ImageObject\",\"inLanguage\":\"es-US\",\"@id\":\"https:\\\/\\\/www.chrisearley.com\\\/es\\\/#\\\/schema\\\/logo\\\/image\\\/\",\"url\":\"https:\\\/\\\/www.chrisearley.com\\\/wp-content\\\/uploads\\\/2024\\\/05\\\/logo.png\",\"contentUrl\":\"https:\\\/\\\/www.chrisearley.com\\\/wp-content\\\/uploads\\\/2024\\\/05\\\/logo.png\",\"width\":420,\"height\":79,\"caption\":\"Earley Law Group Injury Lawyers\"},\"image\":{\"@id\":\"https:\\\/\\\/www.chrisearley.com\\\/es\\\/#\\\/schema\\\/logo\\\/image\\\/\"},\"sameAs\":[\"https:\\\/\\\/www.facebook.com\\\/Law-Offices-of-Christopher-Earley-104980886333\\\/\",\"https:\\\/\\\/x.com\\\/chrisearleylaw\",\"https:\\\/\\\/www.youtube.com\\\/user\\\/ChrisEarleyLaw\",\"https:\\\/\\\/www.linkedin.com\\\/company\\\/earley-law-group-injury-lawyers\",\"https:\\\/\\\/www.instagram.com\\\/earleylawgroupinjurylawyers\\\/\"]}]}<\/script>\n<!-- \/ Yoast SEO plugin. -->","yoast_head_json":{"title":"Cicatrices y Desfiguraciones | Boston Abogado de Lesi\u00f3n Personal","description":"Consulta Gratis - Ll\u00e1menos al 617-444-7777 - Earley Law Group Injury Lawyers ayuda a las v\u00edctimas y sus familias a recibir una compensaci\u00f3n por sus lesiones. Cicatrices y Desfiguraciones - Boston Abogado de Lesi\u00f3n Personal","robots":{"index":"index","follow":"follow","max-snippet":"max-snippet:-1","max-image-preview":"max-image-preview:large","max-video-preview":"max-video-preview:-1"},"canonical":"https:\/\/www.chrisearley.com\/es\/lesiones-personales\/cicatrices-y-desfiguraciones\/","og_locale":"es_ES","og_type":"article","og_title":"Cicatrices y Desfiguraciones | Boston Abogado de Lesi\u00f3n Personal","og_description":"Consulta Gratis - Ll\u00e1menos al 617-444-7777 - Earley Law Group Injury Lawyers ayuda a las v\u00edctimas y sus familias a recibir una compensaci\u00f3n por sus lesiones. Cicatrices y Desfiguraciones - Boston Abogado de Lesi\u00f3n Personal","og_url":"https:\/\/www.chrisearley.com\/es\/lesiones-personales\/cicatrices-y-desfiguraciones\/","og_site_name":"Earley Law Group Injury Lawyers","article_publisher":"https:\/\/www.facebook.com\/Law-Offices-of-Christopher-Earley-104980886333\/","article_modified_time":"2024-07-04T06:19:51+00:00","twitter_card":"summary_large_image","twitter_site":"@chrisearleylaw","twitter_misc":{"Est. reading time":"3 minutes"},"schema":{"@context":"https:\/\/schema.org","@graph":[{"@type":"WebPage","@id":"https:\/\/www.chrisearley.com\/es\/lesiones-personales\/cicatrices-y-desfiguraciones\/","url":"https:\/\/www.chrisearley.com\/es\/lesiones-personales\/cicatrices-y-desfiguraciones\/","name":"Cicatrices y Desfiguraciones | Boston Abogado de Lesi\u00f3n Personal","isPartOf":{"@id":"https:\/\/www.chrisearley.com\/es\/#website"},"datePublished":"2024-06-15T15:22:09+00:00","dateModified":"2024-07-04T06:19:51+00:00","description":"Consulta Gratis - Ll\u00e1menos al 617-444-7777 - Earley Law Group Injury Lawyers ayuda a las v\u00edctimas y sus familias a recibir una compensaci\u00f3n por sus lesiones. Cicatrices y Desfiguraciones - Boston Abogado de Lesi\u00f3n Personal","breadcrumb":{"@id":"https:\/\/www.chrisearley.com\/es\/lesiones-personales\/cicatrices-y-desfiguraciones\/#breadcrumb"},"inLanguage":"es-US","potentialAction":[{"@type":"ReadAction","target":["https:\/\/www.chrisearley.com\/es\/lesiones-personales\/cicatrices-y-desfiguraciones\/"]}]},{"@type":"BreadcrumbList","@id":"https:\/\/www.chrisearley.com\/es\/lesiones-personales\/cicatrices-y-desfiguraciones\/#breadcrumb","itemListElement":[{"@type":"ListItem","position":1,"name":"Home","item":"https:\/\/www.chrisearley.com\/es\/"},{"@type":"ListItem","position":2,"name":"Lesiones Personales","item":"https:\/\/www.chrisearley.com\/es\/lesiones-personales\/"},{"@type":"ListItem","position":3,"name":"Cicatrices y Desfiguraciones"}]},{"@type":"WebSite","@id":"https:\/\/www.chrisearley.com\/es\/#website","url":"https:\/\/www.chrisearley.com\/es\/","name":"Earley Law Group Injury Lawyers","description":"","publisher":{"@id":"https:\/\/www.chrisearley.com\/es\/#organization"},"potentialAction":[{"@type":"SearchAction","target":{"@type":"EntryPoint","urlTemplate":"https:\/\/www.chrisearley.com\/es\/?s={search_term_string}"},"query-input":{"@type":"PropertyValueSpecification","valueRequired":true,"valueName":"search_term_string"}}],"inLanguage":"es-US"},{"@type":"Organization","@id":"https:\/\/www.chrisearley.com\/es\/#organization","name":"Earley Law Group Injury Lawyers","url":"https:\/\/www.chrisearley.com\/es\/","logo":{"@type":"ImageObject","inLanguage":"es-US","@id":"https:\/\/www.chrisearley.com\/es\/#\/schema\/logo\/image\/","url":"https:\/\/www.chrisearley.com\/wp-content\/uploads\/2024\/05\/logo.png","contentUrl":"https:\/\/www.chrisearley.com\/wp-content\/uploads\/2024\/05\/logo.png","width":420,"height":79,"caption":"Earley Law Group Injury Lawyers"},"image":{"@id":"https:\/\/www.chrisearley.com\/es\/#\/schema\/logo\/image\/"},"sameAs":["https:\/\/www.facebook.com\/Law-Offices-of-Christopher-Earley-104980886333\/","https:\/\/x.com\/chrisearleylaw","https:\/\/www.youtube.com\/user\/ChrisEarleyLaw","https:\/\/www.linkedin.com\/company\/earley-law-group-injury-lawyers","https:\/\/www.instagram.com\/earleylawgroupinjurylawyers\/"]}]}},"_links":{"self":[{"href":"https:\/\/www.chrisearley.com\/es\/wp-json\/wp\/v2\/pages\/12557","targetHints":{"allow":["GET"]}}],"collection":[{"href":"https:\/\/www.chrisearley.com\/es\/wp-json\/wp\/v2\/pages"}],"about":[{"href":"https:\/\/www.chrisearley.com\/es\/wp-json\/wp\/v2\/types\/page"}],"author":[{"embeddable":true,"href":"https:\/\/www.chrisearley.com\/es\/wp-json\/wp\/v2\/users\/35"}],"replies":[{"embeddable":true,"href":"https:\/\/www.chrisearley.com\/es\/wp-json\/wp\/v2\/comments?post=12557"}],"version-history":[{"count":0,"href":"https:\/\/www.chrisearley.com\/es\/wp-json\/wp\/v2\/pages\/12557\/revisions"}],"up":[{"embeddable":true,"href":"https:\/\/www.chrisearley.com\/es\/wp-json\/wp\/v2\/pages\/12326"}],"wp:attachment":[{"href":"https:\/\/www.chrisearley.com\/es\/wp-json\/wp\/v2\/media?parent=12557"}],"curies":[{"name":"wp","href":"https:\/\/api.w.org\/{rel}","templated":true}]}}