{"id":12516,"date":"2024-06-15T15:21:29","date_gmt":"2024-06-15T15:21:29","guid":{"rendered":"https:\/\/www.chrisearley.com\/?page_id=12516"},"modified":"2024-07-04T06:18:23","modified_gmt":"2024-07-04T06:18:23","slug":"trastorno-de-estres-postraumatico-ptsd","status":"publish","type":"page","link":"https:\/\/www.chrisearley.com\/es\/lesiones-personales\/trastorno-de-estres-postraumatico-ptsd\/","title":{"rendered":"Trastorno de Estr\u00e9s Postraum\u00e1tico (PTSD)"},"content":{"rendered":"<p>A menudo, las personas que han estado en alguna guerra sufren del conocido Trastorno de estr\u00e9s postraum\u00e1tico. Pero no son solo los veteranos de combate los que sufren de trastorno de estr\u00e9s postraum\u00e1tico, algunas veces personas que han sido v\u00edctimas de un accidente tambi\u00e9n pueden sufrir esta condici\u00f3n. Por lo general, cuanto m\u00e1s severo es el accidente, m\u00e1s probable es que se produzca un PTSD.<\/p>\n<p>La mayor\u00eda de los accidentes de lesiones personales, no resultan en un trauma mental sustancial. Sin embargo, hay accidentes que dejan un da\u00f1o mental y psicol\u00f3gico duradero en la v\u00edctima. El trastorno de estr\u00e9s postraum\u00e1tico puede sucederle tanto a alguien que experimenta directamente un trauma, o a cualquiera que sea testigo de un accidente traum\u00e1tico o violento.<\/p>\n<p>Un ejemplo de tal da\u00f1o es el trastorno de estr\u00e9s postraum\u00e1tico o PTSD. A veces, lidiar con los desaf\u00edos psicol\u00f3gicos provocados por un accidente puede ser m\u00e1s desafiante que lidiar con las lesiones f\u00edsicas que se sufrieron. Como abogado de accidentes de PTSD en Boston, he ayudado a muchas personas a cobrar una compensaci\u00f3n justa por esta devastadora lesi\u00f3n despu\u00e9s de un accidente. Esta es una condici\u00f3n muy seria y debilitante que sufren muchas personas inocentes.<\/p>\n<h2>\u00bfQu\u00e9 es el Trastorno de Estr\u00e9s Postraum\u00e1tico?<\/h2>\n<p>El Trastorno de Estr\u00e9s Postraum\u00e1tico es un trastorno de ansiedad provocado por un evento aterrador. Cualquier tipo de evento aterrador puede causar PTSD. A veces se experimenta inmediatamente despu\u00e9s del evento y, a veces, su aparici\u00f3n se retrasa. Le puede pasar a cualquier persona a cualquier edad. Le ocurre a las mujeres con m\u00e1s frecuencia que a los hombres, y alrededor del 7-8% de la poblaci\u00f3n lo experimenta. Sus s\u00edntomas incluyen flashbacks, pesadillas, n\u00e1useas y temblores.<\/p>\n<p>El tratamiento de PTSD incluye psicoterapia, medicaci\u00f3n o ambos en conjunto. A veces, el PTSF se puede curar en un breve per\u00edodo de tiempo, mientras que otras veces puede llevar a\u00f1os abordarlo de manera completa y adecuada. El tratamiento a veces puede durar solo un breve tiempo, pero tambi\u00e9n puede durar toda la vida. A menudo, la v\u00edctima debe tomar medicamentos como parte de un r\u00e9gimen de tratamiento.<\/p>\n<h2>\u00bfQu\u00e9 Tipos de Accidentes con Lesiones Personales Causan el Trastorno de Estr\u00e9s Postraum\u00e1tico?<\/h2>\n<p>En el mundo jur\u00eddico de lesiones personales, cualquier tipo de accidente puede causar PTSD. Normalmente, cuanto m\u00e1s devastador es el accidente, m\u00e1s probabilidades hay de que se desarrolle un trastorno de estr\u00e9s postraum\u00e1tico.<\/p>\n<p>Por ejemplo,\u00a0<a href=\"https:\/\/www.chrisearley.com\/es\/accidentes-de-automoviles\/\">si alguien est\u00e1 involucrado en un terrible accidente automovil\u00edstico<\/a>, esa persona puede desarrollar PTSD. Adem\u00e1s, <a href=\"https:\/\/www.chrisearley.com\/es\/mordida-de-perro\/\">si alguien es mordido salvajemente y atacado por un perro<\/a>, esa persona puede desarrollar PTSD. Cuanto m\u00e1s traum\u00e1tico sea el accidente, m\u00e1s probabilidades hay de que se desarrolle un trastorno de estr\u00e9s postraum\u00e1tico.<\/p>\n<h2>Abogado de PTSD en Boston<\/h2>\n<p>El trastorno de estr\u00e9s postraum\u00e1tico, como con cualquier problema de salud mental, puede ser debilitante de tratar. Si ha desarrollado PTSD a partir de un accidente que alguien caus\u00f3 por negligencia, es posible que tenga derecho a una compensaci\u00f3n. Llame a\u00a0<a href=\"https:\/\/www.chrisearley.com\/es\/\">la oficina legal de Christopher Earley<\/a>\u00a0para obtener representaci\u00f3n legal honesta y agresiva para su reclamo por da\u00f1os por PTSD. No cobramos honorarios legales a menos que su caso se resuelva o gane en la corte. \u00a1Ll\u00e1menos hoy gratis al 617-444-7777 y aseg\u00farese de solicitar uno de nuestros libros gratuitos!<\/p>\n<p>Los casos de PTSD pueden ser complejos y desafiantes. Ponga nuestros servicios a trabajar para usted hoy pidiendo ayuda. Estamos 100% dispuestos a ayudarle con su caso de principio a fin.<\/p>\n","protected":false},"excerpt":{"rendered":"<p>A menudo, las personas que han estado en alguna guerra sufren del conocido Trastorno de estr\u00e9s postraum\u00e1tico. Pero no son solo los veteranos de combate los que sufren de trastorno de estr\u00e9s postraum\u00e1tico, algunas veces personas que han sido v\u00edctimas de un accidente tambi\u00e9n pueden sufrir esta condici\u00f3n. Por lo general, cuanto m\u00e1s severo es [&hellip;]<\/p>\n","protected":false},"author":35,"featured_media":0,"parent":12326,"menu_order":105,"comment_status":"closed","ping_status":"closed","template":"","meta":{"_acf_changed":false,"footnotes":""},"class_list":["post-12516","page","type-page","status-publish","hentry"],"acf":[],"yoast_head":"<!-- This site is optimized with the Yoast SEO plugin v27.2 - https:\/\/yoast.com\/product\/yoast-seo-wordpress\/ -->\n<title>Trastorno de Estr\u00e9s Postraum\u00e1tico (PTSD) | Boston Abogado de Lesi\u00f3n Personal<\/title>\n<meta name=\"description\" content=\"Consulta Gratis - Ll\u00e1menos al 617-444-7777 - Earley Law Group Injury Lawyers ayuda a las v\u00edctimas y sus familias a recibir una compensaci\u00f3n por sus lesiones. Trastorno de Estr\u00e9s Postraum\u00e1tico (PTSD) - Boston Abogado de Lesi\u00f3n Personal\" \/>\n<meta name=\"robots\" content=\"index, follow, max-snippet:-1, max-image-preview:large, max-video-preview:-1\" \/>\n<link rel=\"canonical\" href=\"https:\/\/www.chrisearley.com\/es\/lesiones-personales\/trastorno-de-estres-postraumatico-ptsd\/\" \/>\n<meta property=\"og:locale\" content=\"es_ES\" \/>\n<meta property=\"og:type\" content=\"article\" \/>\n<meta property=\"og:title\" content=\"Trastorno de Estr\u00e9s Postraum\u00e1tico (PTSD) | Boston Abogado de Lesi\u00f3n Personal\" \/>\n<meta property=\"og:description\" content=\"Consulta Gratis - Ll\u00e1menos al 617-444-7777 - Earley Law Group Injury Lawyers ayuda a las v\u00edctimas y sus familias a recibir una compensaci\u00f3n por sus lesiones. Trastorno de Estr\u00e9s Postraum\u00e1tico (PTSD) - Boston Abogado de Lesi\u00f3n Personal\" \/>\n<meta property=\"og:url\" content=\"https:\/\/www.chrisearley.com\/es\/lesiones-personales\/trastorno-de-estres-postraumatico-ptsd\/\" \/>\n<meta property=\"og:site_name\" content=\"Earley Law Group Injury Lawyers\" \/>\n<meta property=\"article:publisher\" content=\"https:\/\/www.facebook.com\/Law-Offices-of-Christopher-Earley-104980886333\/\" \/>\n<meta property=\"article:modified_time\" content=\"2024-07-04T06:18:23+00:00\" \/>\n<meta name=\"twitter:card\" content=\"summary_large_image\" \/>\n<meta name=\"twitter:site\" content=\"@chrisearleylaw\" \/>\n<meta name=\"twitter:label1\" content=\"Est. reading time\" \/>\n\t<meta name=\"twitter:data1\" content=\"3 minutes\" \/>\n<script type=\"application\/ld+json\" class=\"yoast-schema-graph\">{\"@context\":\"https:\/\/schema.org\",\"@graph\":[{\"@type\":\"WebPage\",\"@id\":\"https:\/\/www.chrisearley.com\/es\/lesiones-personales\/trastorno-de-estres-postraumatico-ptsd\/\",\"url\":\"https:\/\/www.chrisearley.com\/es\/lesiones-personales\/trastorno-de-estres-postraumatico-ptsd\/\",\"name\":\"Trastorno de Estr\u00e9s Postraum\u00e1tico (PTSD) | Boston Abogado de Lesi\u00f3n Personal\",\"isPartOf\":{\"@id\":\"https:\/\/www.chrisearley.com\/es\/#website\"},\"datePublished\":\"2024-06-15T15:21:29+00:00\",\"dateModified\":\"2024-07-04T06:18:23+00:00\",\"description\":\"Consulta Gratis - Ll\u00e1menos al 617-444-7777 - Earley Law Group Injury Lawyers ayuda a las v\u00edctimas y sus familias a recibir una compensaci\u00f3n por sus lesiones. Trastorno de Estr\u00e9s Postraum\u00e1tico (PTSD) - Boston Abogado de Lesi\u00f3n Personal\",\"breadcrumb\":{\"@id\":\"https:\/\/www.chrisearley.com\/es\/lesiones-personales\/trastorno-de-estres-postraumatico-ptsd\/#breadcrumb\"},\"inLanguage\":\"es-US\",\"potentialAction\":[{\"@type\":\"ReadAction\",\"target\":[\"https:\/\/www.chrisearley.com\/es\/lesiones-personales\/trastorno-de-estres-postraumatico-ptsd\/\"]}]},{\"@type\":\"BreadcrumbList\",\"@id\":\"https:\/\/www.chrisearley.com\/es\/lesiones-personales\/trastorno-de-estres-postraumatico-ptsd\/#breadcrumb\",\"itemListElement\":[{\"@type\":\"ListItem\",\"position\":1,\"name\":\"Home\",\"item\":\"https:\/\/www.chrisearley.com\/es\/\"},{\"@type\":\"ListItem\",\"position\":2,\"name\":\"Lesiones Personales\",\"item\":\"https:\/\/www.chrisearley.com\/es\/lesiones-personales\/\"},{\"@type\":\"ListItem\",\"position\":3,\"name\":\"Trastorno de Estr\u00e9s Postraum\u00e1tico (PTSD)\"}]},{\"@type\":\"WebSite\",\"@id\":\"https:\/\/www.chrisearley.com\/es\/#website\",\"url\":\"https:\/\/www.chrisearley.com\/es\/\",\"name\":\"Earley Law Group Injury Lawyers\",\"description\":\"\",\"publisher\":{\"@id\":\"https:\/\/www.chrisearley.com\/es\/#organization\"},\"potentialAction\":[{\"@type\":\"SearchAction\",\"target\":{\"@type\":\"EntryPoint\",\"urlTemplate\":\"https:\/\/www.chrisearley.com\/es\/?s={search_term_string}\"},\"query-input\":{\"@type\":\"PropertyValueSpecification\",\"valueRequired\":true,\"valueName\":\"search_term_string\"}}],\"inLanguage\":\"es-US\"},{\"@type\":\"Organization\",\"@id\":\"https:\/\/www.chrisearley.com\/es\/#organization\",\"name\":\"Earley Law Group Injury Lawyers\",\"url\":\"https:\/\/www.chrisearley.com\/es\/\",\"logo\":{\"@type\":\"ImageObject\",\"inLanguage\":\"es-US\",\"@id\":\"https:\/\/www.chrisearley.com\/es\/#\/schema\/logo\/image\/\",\"url\":\"https:\/\/www.chrisearley.com\/wp-content\/uploads\/2024\/05\/logo.png\",\"contentUrl\":\"https:\/\/www.chrisearley.com\/wp-content\/uploads\/2024\/05\/logo.png\",\"width\":420,\"height\":79,\"caption\":\"Earley Law Group Injury Lawyers\"},\"image\":{\"@id\":\"https:\/\/www.chrisearley.com\/es\/#\/schema\/logo\/image\/\"},\"sameAs\":[\"https:\/\/www.facebook.com\/Law-Offices-of-Christopher-Earley-104980886333\/\",\"https:\/\/x.com\/chrisearleylaw\",\"https:\/\/www.youtube.com\/user\/ChrisEarleyLaw\",\"https:\/\/www.linkedin.com\/company\/earley-law-group-injury-lawyers\",\"https:\/\/www.instagram.com\/earleylawgroupinjurylawyers\/\"]}]}<\/script>\n<!-- \/ Yoast SEO plugin. -->","yoast_head_json":{"title":"Trastorno de Estr\u00e9s Postraum\u00e1tico (PTSD) | Boston Abogado de Lesi\u00f3n Personal","description":"Consulta Gratis - Ll\u00e1menos al 617-444-7777 - Earley Law Group Injury Lawyers ayuda a las v\u00edctimas y sus familias a recibir una compensaci\u00f3n por sus lesiones. Trastorno de Estr\u00e9s Postraum\u00e1tico (PTSD) - Boston Abogado de Lesi\u00f3n Personal","robots":{"index":"index","follow":"follow","max-snippet":"max-snippet:-1","max-image-preview":"max-image-preview:large","max-video-preview":"max-video-preview:-1"},"canonical":"https:\/\/www.chrisearley.com\/es\/lesiones-personales\/trastorno-de-estres-postraumatico-ptsd\/","og_locale":"es_ES","og_type":"article","og_title":"Trastorno de Estr\u00e9s Postraum\u00e1tico (PTSD) | Boston Abogado de Lesi\u00f3n Personal","og_description":"Consulta Gratis - Ll\u00e1menos al 617-444-7777 - Earley Law Group Injury Lawyers ayuda a las v\u00edctimas y sus familias a recibir una compensaci\u00f3n por sus lesiones. Trastorno de Estr\u00e9s Postraum\u00e1tico (PTSD) - Boston Abogado de Lesi\u00f3n Personal","og_url":"https:\/\/www.chrisearley.com\/es\/lesiones-personales\/trastorno-de-estres-postraumatico-ptsd\/","og_site_name":"Earley Law Group Injury Lawyers","article_publisher":"https:\/\/www.facebook.com\/Law-Offices-of-Christopher-Earley-104980886333\/","article_modified_time":"2024-07-04T06:18:23+00:00","twitter_card":"summary_large_image","twitter_site":"@chrisearleylaw","twitter_misc":{"Est. reading time":"3 minutes"},"schema":{"@context":"https:\/\/schema.org","@graph":[{"@type":"WebPage","@id":"https:\/\/www.chrisearley.com\/es\/lesiones-personales\/trastorno-de-estres-postraumatico-ptsd\/","url":"https:\/\/www.chrisearley.com\/es\/lesiones-personales\/trastorno-de-estres-postraumatico-ptsd\/","name":"Trastorno de Estr\u00e9s Postraum\u00e1tico (PTSD) | Boston Abogado de Lesi\u00f3n Personal","isPartOf":{"@id":"https:\/\/www.chrisearley.com\/es\/#website"},"datePublished":"2024-06-15T15:21:29+00:00","dateModified":"2024-07-04T06:18:23+00:00","description":"Consulta Gratis - Ll\u00e1menos al 617-444-7777 - Earley Law Group Injury Lawyers ayuda a las v\u00edctimas y sus familias a recibir una compensaci\u00f3n por sus lesiones. Trastorno de Estr\u00e9s Postraum\u00e1tico (PTSD) - Boston Abogado de Lesi\u00f3n Personal","breadcrumb":{"@id":"https:\/\/www.chrisearley.com\/es\/lesiones-personales\/trastorno-de-estres-postraumatico-ptsd\/#breadcrumb"},"inLanguage":"es-US","potentialAction":[{"@type":"ReadAction","target":["https:\/\/www.chrisearley.com\/es\/lesiones-personales\/trastorno-de-estres-postraumatico-ptsd\/"]}]},{"@type":"BreadcrumbList","@id":"https:\/\/www.chrisearley.com\/es\/lesiones-personales\/trastorno-de-estres-postraumatico-ptsd\/#breadcrumb","itemListElement":[{"@type":"ListItem","position":1,"name":"Home","item":"https:\/\/www.chrisearley.com\/es\/"},{"@type":"ListItem","position":2,"name":"Lesiones Personales","item":"https:\/\/www.chrisearley.com\/es\/lesiones-personales\/"},{"@type":"ListItem","position":3,"name":"Trastorno de Estr\u00e9s Postraum\u00e1tico (PTSD)"}]},{"@type":"WebSite","@id":"https:\/\/www.chrisearley.com\/es\/#website","url":"https:\/\/www.chrisearley.com\/es\/","name":"Earley Law Group Injury Lawyers","description":"","publisher":{"@id":"https:\/\/www.chrisearley.com\/es\/#organization"},"potentialAction":[{"@type":"SearchAction","target":{"@type":"EntryPoint","urlTemplate":"https:\/\/www.chrisearley.com\/es\/?s={search_term_string}"},"query-input":{"@type":"PropertyValueSpecification","valueRequired":true,"valueName":"search_term_string"}}],"inLanguage":"es-US"},{"@type":"Organization","@id":"https:\/\/www.chrisearley.com\/es\/#organization","name":"Earley Law Group Injury Lawyers","url":"https:\/\/www.chrisearley.com\/es\/","logo":{"@type":"ImageObject","inLanguage":"es-US","@id":"https:\/\/www.chrisearley.com\/es\/#\/schema\/logo\/image\/","url":"https:\/\/www.chrisearley.com\/wp-content\/uploads\/2024\/05\/logo.png","contentUrl":"https:\/\/www.chrisearley.com\/wp-content\/uploads\/2024\/05\/logo.png","width":420,"height":79,"caption":"Earley Law Group Injury Lawyers"},"image":{"@id":"https:\/\/www.chrisearley.com\/es\/#\/schema\/logo\/image\/"},"sameAs":["https:\/\/www.facebook.com\/Law-Offices-of-Christopher-Earley-104980886333\/","https:\/\/x.com\/chrisearleylaw","https:\/\/www.youtube.com\/user\/ChrisEarleyLaw","https:\/\/www.linkedin.com\/company\/earley-law-group-injury-lawyers","https:\/\/www.instagram.com\/earleylawgroupinjurylawyers\/"]}]}},"_links":{"self":[{"href":"https:\/\/www.chrisearley.com\/es\/wp-json\/wp\/v2\/pages\/12516","targetHints":{"allow":["GET"]}}],"collection":[{"href":"https:\/\/www.chrisearley.com\/es\/wp-json\/wp\/v2\/pages"}],"about":[{"href":"https:\/\/www.chrisearley.com\/es\/wp-json\/wp\/v2\/types\/page"}],"author":[{"embeddable":true,"href":"https:\/\/www.chrisearley.com\/es\/wp-json\/wp\/v2\/users\/35"}],"replies":[{"embeddable":true,"href":"https:\/\/www.chrisearley.com\/es\/wp-json\/wp\/v2\/comments?post=12516"}],"version-history":[{"count":0,"href":"https:\/\/www.chrisearley.com\/es\/wp-json\/wp\/v2\/pages\/12516\/revisions"}],"up":[{"embeddable":true,"href":"https:\/\/www.chrisearley.com\/es\/wp-json\/wp\/v2\/pages\/12326"}],"wp:attachment":[{"href":"https:\/\/www.chrisearley.com\/es\/wp-json\/wp\/v2\/media?parent=12516"}],"curies":[{"name":"wp","href":"https:\/\/api.w.org\/{rel}","templated":true}]}}