{"id":12467,"date":"2024-06-15T15:17:38","date_gmt":"2024-06-15T15:17:38","guid":{"rendered":"https:\/\/www.chrisearley.com\/?page_id=12467"},"modified":"2024-07-04T06:16:23","modified_gmt":"2024-07-04T06:16:23","slug":"lesion-facial","status":"publish","type":"page","link":"https:\/\/www.chrisearley.com\/es\/lesiones-personales\/lesion-facial\/","title":{"rendered":"Lesi\u00f3n Facial"},"content":{"rendered":"<p>Lamentablemente, muchas personas que han estado involucradas en un accidente sufren lesiones en la cara. A veces, la lesi\u00f3n es insignificante y temporal. Otras veces, la v\u00edctima de la lesi\u00f3n no tiene tanta suerte y termina con una lesi\u00f3n facial permanente y duradera. Estas personas corren con menos suerte y quedan con un recordatorio de por vida del accidente, lo que puede reducir enormemente la confianza en s\u00ed mismos. Soy un abogado con experiencia en Boston y puedo ayudarte.<\/p>\n<h2>Tipos de Lesiones Faciales<\/h2>\n<p>Hay muchas categor\u00edas diferentes de este tipo de lesiones. Abarcan una gama de lesiones amplias, desde muy leves hasta\u00a0<a href=\"https:\/\/www.chrisearley.com\/es\/lesiones-personales\/lesion-catastrofica\/\">catastr\u00f3ficas<\/a>. Aqu\u00ed hay algunos ejemplos t\u00edpicos que vemos en nuestro bufete de abogados:<\/p>\n<h3>Huesos Rotos<\/h3>\n<p>Las narices rotas (fracturas nasales) son las m\u00e1s comunes.\u00a0<a href=\"https:\/\/www.chrisearley.com\/es\/lesiones-personales\/huesos-rotos\/\">Otros tipos de huesos rotos<\/a>\u00a0en la cara pueden ser mand\u00edbulas rotas (fractura de mand\u00edbula) y roturas de los huesos orbitarios (cuencas de los ojos). Estas lesiones de huesos rotos generalmente se curan sin complicaciones.<\/p>\n<h3>Cicatrices<\/h3>\n<p>Estos son realmente duros para la v\u00edctima de un accidente porque son un recordatorio constante y diario del accidente en el que estuvo involucrado. Por lo general, los m\u00e9dicos los clasifican como cicatrices queloides, hipertr\u00f3ficas y atr\u00f3ficas. Los acuerdos legales para los casos de cicatrices faciales realmente dependen de la gravedad, el tama\u00f1o y la ubicaci\u00f3n de la cicatriz en la cara. Generalmente,\u00a0<a href=\"https:\/\/www.chrisearley.com\/es\/lesiones-personales\/cicatrices-y-desfiguraciones\/\">las reclamaciones de lesiones personales por cicatrices<\/a>\u00a0en la cara resultan en una compensaci\u00f3n econ\u00f3mica considerable.<\/p>\n<h3>Quemaduras y Desfiguraciones<\/h3>\n<p>A veces, las lesiones en la cara son catastr\u00f3ficas. Este tipo de lesiones faciales,\u00a0<a href=\"https:\/\/www.chrisearley.com\/es\/lesiones-personales\/lesion-por-quemaduras\/\">pueden ser causadas por quemaduras de fuego<\/a>\u00a0o exposici\u00f3n qu\u00edmica. Estas lesiones con frecuencia requieren cirug\u00eda, como injertos de piel u otra cirug\u00eda correctiva para tratar la lesi\u00f3n. Las quemaduras generalmente se clasifican en primer grado, segundo grado o tercer grado.<\/p>\n<h2>Accidentes que Pueden Lesionar el Rostro<\/h2>\n<p>Casi cualquier tipo de accidente puede da\u00f1ar la cara. En referente a asuntos legales o de lesiones personales, aqu\u00ed hay algunos accidentes comunes que producen este tipo de lesi\u00f3n:<\/p>\n<ul>\n<li><a href=\"https:\/\/www.chrisearley.com\/es\/accidente-de-motocicleta\/\">Accidentes de veh\u00edculos de motor<\/a>: una persona puede golpearse f\u00e1cilmente la cara contra el volante o la pizarra de un veh\u00edculo durante un choque. Otra posibilidad es que una bolsa de aire cause lesiones en el rostro de alg\u00fan pasajero.<\/li>\n<li><a href=\"https:\/\/www.chrisearley.com\/es\/accidente-por-resbalon-y-caida\/\">Resbalones y ca\u00eddas<\/a>: muchas personas sufren lesiones faciales cuando resbalan y caen, o tropiezan y caen y se golpean la cara contra el suelo. Esto generalmente resulta en hematomas, un ojo morado o huesos rotos.<\/li>\n<li><a href=\"https:\/\/www.chrisearley.com\/es\/mordida-de-perro\/\">Mordeduras y ataques de perros<\/a>: estos accidentes suelen dejar cicatrices en la v\u00edctima.<\/li>\n<li><a href=\"https:\/\/www.chrisearley.com\/es\/compensacion-laboral\/\">Accidentes en el trabajo<\/a>: los trabajadores pueden lesionarse de muchas formas diferentes. Con frecuencia, los\u00a0<a href=\"https:\/\/www.chrisearley.com\/es\/accidente-de-construccion\/\">trabajadores de la construcci\u00f3n<\/a>\u00a0corren un grave riesgo de sufrir lesiones faciales de diversas formas.<\/li>\n<\/ul>\n<h2>Compensaci\u00f3n por Lesiones Faciales<\/h2>\n<p>Se otorga una compensaci\u00f3n econ\u00f3mica a la v\u00edctima de una lesi\u00f3n facial mediante un acuerdo. El acuerdo lo paga la compa\u00f1\u00eda de seguros que asegura a la persona o compa\u00f1\u00eda que lo lastim\u00f3.<\/p>\n<p>Los factores que influyen en un acuerdo son el monto de las facturas m\u00e9dicas, el monto de los salarios perdidos, la ubicaci\u00f3n de la lesi\u00f3n facial, el tiempo que tarda en sanar, si se necesita o no tratamiento m\u00e9dico en el futuro, y otras consideraciones entran en juego al determinar un acuerdo legal. B\u00e1sicamente, cuanto m\u00e1s grave sea la lesi\u00f3n facial, mayor ser\u00e1 la compensaci\u00f3n financiera.<\/p>\n<h2>Abogado de Lesiones Faciales en Boston<\/h2>\n<p>Si sufri\u00f3 lesiones faciales a causa de un accidente, es posible que tenga derecho a una compensaci\u00f3n econ\u00f3mica. Llame a los abogados de lesiones faciales de Boston en la oficina legal de\u00a0<a href=\"https:\/\/www.chrisearley.com\/es\/\">Christopher Earley<\/a>\u00a0hoy para una revisi\u00f3n del caso completamente gratis.<\/p>\n","protected":false},"excerpt":{"rendered":"<p>Lamentablemente, muchas personas que han estado involucradas en un accidente sufren lesiones en la cara. A veces, la lesi\u00f3n es insignificante y temporal. Otras veces, la v\u00edctima de la lesi\u00f3n no tiene tanta suerte y termina con una lesi\u00f3n facial permanente y duradera. Estas personas corren con menos suerte y quedan con un recordatorio de [&hellip;]<\/p>\n","protected":false},"author":35,"featured_media":0,"parent":12326,"menu_order":93,"comment_status":"closed","ping_status":"closed","template":"","meta":{"_acf_changed":false,"footnotes":""},"class_list":["post-12467","page","type-page","status-publish","hentry"],"acf":[],"yoast_head":"<!-- This site is optimized with the Yoast SEO plugin v27.2 - https:\/\/yoast.com\/product\/yoast-seo-wordpress\/ -->\n<title>Lesi\u00f3n Facial | Boston Abogado de Lesi\u00f3n Personal<\/title>\n<meta name=\"description\" content=\"Consulta Gratis - Ll\u00e1menos al 617-444-7777 - Earley Law Group Injury Lawyers ayuda a las v\u00edctimas y sus familias a recibir una compensaci\u00f3n por sus lesiones. Lesi\u00f3n Facial - Boston Abogado de Lesi\u00f3n Personal\" \/>\n<meta name=\"robots\" content=\"index, follow, max-snippet:-1, max-image-preview:large, max-video-preview:-1\" \/>\n<link rel=\"canonical\" href=\"https:\/\/www.chrisearley.com\/es\/lesiones-personales\/lesion-facial\/\" \/>\n<meta property=\"og:locale\" content=\"es_ES\" \/>\n<meta property=\"og:type\" content=\"article\" \/>\n<meta property=\"og:title\" content=\"Lesi\u00f3n Facial | Boston Abogado de Lesi\u00f3n Personal\" \/>\n<meta property=\"og:description\" content=\"Consulta Gratis - Ll\u00e1menos al 617-444-7777 - Earley Law Group Injury Lawyers ayuda a las v\u00edctimas y sus familias a recibir una compensaci\u00f3n por sus lesiones. Lesi\u00f3n Facial - Boston Abogado de Lesi\u00f3n Personal\" \/>\n<meta property=\"og:url\" content=\"https:\/\/www.chrisearley.com\/es\/lesiones-personales\/lesion-facial\/\" \/>\n<meta property=\"og:site_name\" content=\"Earley Law Group Injury Lawyers\" \/>\n<meta property=\"article:publisher\" content=\"https:\/\/www.facebook.com\/Law-Offices-of-Christopher-Earley-104980886333\/\" \/>\n<meta property=\"article:modified_time\" content=\"2024-07-04T06:16:23+00:00\" \/>\n<meta name=\"twitter:card\" content=\"summary_large_image\" \/>\n<meta name=\"twitter:site\" content=\"@chrisearleylaw\" \/>\n<meta name=\"twitter:label1\" content=\"Est. reading time\" \/>\n\t<meta name=\"twitter:data1\" content=\"3 minutes\" \/>\n<script type=\"application\/ld+json\" class=\"yoast-schema-graph\">{\"@context\":\"https:\/\/schema.org\",\"@graph\":[{\"@type\":\"WebPage\",\"@id\":\"https:\/\/www.chrisearley.com\/es\/lesiones-personales\/lesion-facial\/\",\"url\":\"https:\/\/www.chrisearley.com\/es\/lesiones-personales\/lesion-facial\/\",\"name\":\"Lesi\u00f3n Facial | Boston Abogado de Lesi\u00f3n Personal\",\"isPartOf\":{\"@id\":\"https:\/\/www.chrisearley.com\/es\/#website\"},\"datePublished\":\"2024-06-15T15:17:38+00:00\",\"dateModified\":\"2024-07-04T06:16:23+00:00\",\"description\":\"Consulta Gratis - Ll\u00e1menos al 617-444-7777 - Earley Law Group Injury Lawyers ayuda a las v\u00edctimas y sus familias a recibir una compensaci\u00f3n por sus lesiones. Lesi\u00f3n Facial - Boston Abogado de Lesi\u00f3n Personal\",\"breadcrumb\":{\"@id\":\"https:\/\/www.chrisearley.com\/es\/lesiones-personales\/lesion-facial\/#breadcrumb\"},\"inLanguage\":\"es-US\",\"potentialAction\":[{\"@type\":\"ReadAction\",\"target\":[\"https:\/\/www.chrisearley.com\/es\/lesiones-personales\/lesion-facial\/\"]}]},{\"@type\":\"BreadcrumbList\",\"@id\":\"https:\/\/www.chrisearley.com\/es\/lesiones-personales\/lesion-facial\/#breadcrumb\",\"itemListElement\":[{\"@type\":\"ListItem\",\"position\":1,\"name\":\"Home\",\"item\":\"https:\/\/www.chrisearley.com\/es\/\"},{\"@type\":\"ListItem\",\"position\":2,\"name\":\"Lesiones Personales\",\"item\":\"https:\/\/www.chrisearley.com\/es\/lesiones-personales\/\"},{\"@type\":\"ListItem\",\"position\":3,\"name\":\"Lesi\u00f3n Facial\"}]},{\"@type\":\"WebSite\",\"@id\":\"https:\/\/www.chrisearley.com\/es\/#website\",\"url\":\"https:\/\/www.chrisearley.com\/es\/\",\"name\":\"Earley Law Group Injury Lawyers\",\"description\":\"\",\"publisher\":{\"@id\":\"https:\/\/www.chrisearley.com\/es\/#organization\"},\"potentialAction\":[{\"@type\":\"SearchAction\",\"target\":{\"@type\":\"EntryPoint\",\"urlTemplate\":\"https:\/\/www.chrisearley.com\/es\/?s={search_term_string}\"},\"query-input\":{\"@type\":\"PropertyValueSpecification\",\"valueRequired\":true,\"valueName\":\"search_term_string\"}}],\"inLanguage\":\"es-US\"},{\"@type\":\"Organization\",\"@id\":\"https:\/\/www.chrisearley.com\/es\/#organization\",\"name\":\"Earley Law Group Injury Lawyers\",\"url\":\"https:\/\/www.chrisearley.com\/es\/\",\"logo\":{\"@type\":\"ImageObject\",\"inLanguage\":\"es-US\",\"@id\":\"https:\/\/www.chrisearley.com\/es\/#\/schema\/logo\/image\/\",\"url\":\"https:\/\/www.chrisearley.com\/wp-content\/uploads\/2024\/05\/logo.png\",\"contentUrl\":\"https:\/\/www.chrisearley.com\/wp-content\/uploads\/2024\/05\/logo.png\",\"width\":420,\"height\":79,\"caption\":\"Earley Law Group Injury Lawyers\"},\"image\":{\"@id\":\"https:\/\/www.chrisearley.com\/es\/#\/schema\/logo\/image\/\"},\"sameAs\":[\"https:\/\/www.facebook.com\/Law-Offices-of-Christopher-Earley-104980886333\/\",\"https:\/\/x.com\/chrisearleylaw\",\"https:\/\/www.youtube.com\/user\/ChrisEarleyLaw\",\"https:\/\/www.linkedin.com\/company\/earley-law-group-injury-lawyers\",\"https:\/\/www.instagram.com\/earleylawgroupinjurylawyers\/\"]}]}<\/script>\n<!-- \/ Yoast SEO plugin. -->","yoast_head_json":{"title":"Lesi\u00f3n Facial | Boston Abogado de Lesi\u00f3n Personal","description":"Consulta Gratis - Ll\u00e1menos al 617-444-7777 - Earley Law Group Injury Lawyers ayuda a las v\u00edctimas y sus familias a recibir una compensaci\u00f3n por sus lesiones. Lesi\u00f3n Facial - Boston Abogado de Lesi\u00f3n Personal","robots":{"index":"index","follow":"follow","max-snippet":"max-snippet:-1","max-image-preview":"max-image-preview:large","max-video-preview":"max-video-preview:-1"},"canonical":"https:\/\/www.chrisearley.com\/es\/lesiones-personales\/lesion-facial\/","og_locale":"es_ES","og_type":"article","og_title":"Lesi\u00f3n Facial | Boston Abogado de Lesi\u00f3n Personal","og_description":"Consulta Gratis - Ll\u00e1menos al 617-444-7777 - Earley Law Group Injury Lawyers ayuda a las v\u00edctimas y sus familias a recibir una compensaci\u00f3n por sus lesiones. Lesi\u00f3n Facial - Boston Abogado de Lesi\u00f3n Personal","og_url":"https:\/\/www.chrisearley.com\/es\/lesiones-personales\/lesion-facial\/","og_site_name":"Earley Law Group Injury Lawyers","article_publisher":"https:\/\/www.facebook.com\/Law-Offices-of-Christopher-Earley-104980886333\/","article_modified_time":"2024-07-04T06:16:23+00:00","twitter_card":"summary_large_image","twitter_site":"@chrisearleylaw","twitter_misc":{"Est. reading time":"3 minutes"},"schema":{"@context":"https:\/\/schema.org","@graph":[{"@type":"WebPage","@id":"https:\/\/www.chrisearley.com\/es\/lesiones-personales\/lesion-facial\/","url":"https:\/\/www.chrisearley.com\/es\/lesiones-personales\/lesion-facial\/","name":"Lesi\u00f3n Facial | Boston Abogado de Lesi\u00f3n Personal","isPartOf":{"@id":"https:\/\/www.chrisearley.com\/es\/#website"},"datePublished":"2024-06-15T15:17:38+00:00","dateModified":"2024-07-04T06:16:23+00:00","description":"Consulta Gratis - Ll\u00e1menos al 617-444-7777 - Earley Law Group Injury Lawyers ayuda a las v\u00edctimas y sus familias a recibir una compensaci\u00f3n por sus lesiones. Lesi\u00f3n Facial - Boston Abogado de Lesi\u00f3n Personal","breadcrumb":{"@id":"https:\/\/www.chrisearley.com\/es\/lesiones-personales\/lesion-facial\/#breadcrumb"},"inLanguage":"es-US","potentialAction":[{"@type":"ReadAction","target":["https:\/\/www.chrisearley.com\/es\/lesiones-personales\/lesion-facial\/"]}]},{"@type":"BreadcrumbList","@id":"https:\/\/www.chrisearley.com\/es\/lesiones-personales\/lesion-facial\/#breadcrumb","itemListElement":[{"@type":"ListItem","position":1,"name":"Home","item":"https:\/\/www.chrisearley.com\/es\/"},{"@type":"ListItem","position":2,"name":"Lesiones Personales","item":"https:\/\/www.chrisearley.com\/es\/lesiones-personales\/"},{"@type":"ListItem","position":3,"name":"Lesi\u00f3n Facial"}]},{"@type":"WebSite","@id":"https:\/\/www.chrisearley.com\/es\/#website","url":"https:\/\/www.chrisearley.com\/es\/","name":"Earley Law Group Injury Lawyers","description":"","publisher":{"@id":"https:\/\/www.chrisearley.com\/es\/#organization"},"potentialAction":[{"@type":"SearchAction","target":{"@type":"EntryPoint","urlTemplate":"https:\/\/www.chrisearley.com\/es\/?s={search_term_string}"},"query-input":{"@type":"PropertyValueSpecification","valueRequired":true,"valueName":"search_term_string"}}],"inLanguage":"es-US"},{"@type":"Organization","@id":"https:\/\/www.chrisearley.com\/es\/#organization","name":"Earley Law Group Injury Lawyers","url":"https:\/\/www.chrisearley.com\/es\/","logo":{"@type":"ImageObject","inLanguage":"es-US","@id":"https:\/\/www.chrisearley.com\/es\/#\/schema\/logo\/image\/","url":"https:\/\/www.chrisearley.com\/wp-content\/uploads\/2024\/05\/logo.png","contentUrl":"https:\/\/www.chrisearley.com\/wp-content\/uploads\/2024\/05\/logo.png","width":420,"height":79,"caption":"Earley Law Group Injury Lawyers"},"image":{"@id":"https:\/\/www.chrisearley.com\/es\/#\/schema\/logo\/image\/"},"sameAs":["https:\/\/www.facebook.com\/Law-Offices-of-Christopher-Earley-104980886333\/","https:\/\/x.com\/chrisearleylaw","https:\/\/www.youtube.com\/user\/ChrisEarleyLaw","https:\/\/www.linkedin.com\/company\/earley-law-group-injury-lawyers","https:\/\/www.instagram.com\/earleylawgroupinjurylawyers\/"]}]}},"_links":{"self":[{"href":"https:\/\/www.chrisearley.com\/es\/wp-json\/wp\/v2\/pages\/12467","targetHints":{"allow":["GET"]}}],"collection":[{"href":"https:\/\/www.chrisearley.com\/es\/wp-json\/wp\/v2\/pages"}],"about":[{"href":"https:\/\/www.chrisearley.com\/es\/wp-json\/wp\/v2\/types\/page"}],"author":[{"embeddable":true,"href":"https:\/\/www.chrisearley.com\/es\/wp-json\/wp\/v2\/users\/35"}],"replies":[{"embeddable":true,"href":"https:\/\/www.chrisearley.com\/es\/wp-json\/wp\/v2\/comments?post=12467"}],"version-history":[{"count":0,"href":"https:\/\/www.chrisearley.com\/es\/wp-json\/wp\/v2\/pages\/12467\/revisions"}],"up":[{"embeddable":true,"href":"https:\/\/www.chrisearley.com\/es\/wp-json\/wp\/v2\/pages\/12326"}],"wp:attachment":[{"href":"https:\/\/www.chrisearley.com\/es\/wp-json\/wp\/v2\/media?parent=12467"}],"curies":[{"name":"wp","href":"https:\/\/api.w.org\/{rel}","templated":true}]}}