{"id":12455,"date":"2024-06-15T15:15:01","date_gmt":"2024-06-15T15:15:01","guid":{"rendered":"https:\/\/www.chrisearley.com\/?page_id=12455"},"modified":"2024-07-04T06:13:58","modified_gmt":"2024-07-04T06:13:58","slug":"contusion-cerebral","status":"publish","type":"page","link":"https:\/\/www.chrisearley.com\/es\/lesiones-personales\/contusion-cerebral\/","title":{"rendered":"Contusi\u00f3n Cerebral"},"content":{"rendered":"<p>No son solo los atletas los que pueden sufrir una contusi\u00f3n cerebral. Muchas v\u00edctimas de accidentes experimentan este tipo de lesiones personales. Las contusiones son lesiones cerebrales altamente peligrosas. La sola idea de sufrir una lesi\u00f3n en el cerebro puede ser aterradora y estas lesiones pueden tener graves repercusiones en la vida de cualquier ser humano. Las lesiones cerebrales var\u00edan de leves a graves. Las contusiones cerebrales pueden ocurrir por una variedad de causas y no solo les ocurren a los atletas, como los jugadores de f\u00fatbol, tambi\u00e9n les suceden a personas que se han lesionado por negligencia en un accidente que no fue su culpa. Muchas personas consideran emprender acciones legales cuando han sufrido una contusi\u00f3n cerebral debido a un accidente.<\/p>\n<p>Las compa\u00f1\u00edas de seguros generalmente tratan de restar importancia a estas lesiones, ya que las pruebas de diagn\u00f3stico no siempre pueden detectar este tipo de lesiones. Es importante contar con un abogado experimentado en accidentes de contusi\u00f3n cerebral que tenga experiencia en el manejo de estos casos. Con frecuencia, estos casos pueden resultar en acuerdos y veredictos importantes, por lo que es importante tener el abogado adecuado de su lado luchando por usted.<\/p>\n<p>B\u00e1sicamente, una contusi\u00f3n cerebral es una\u00a0<a href=\"https:\/\/www.chrisearley.com\/es\/lesiones-personales\/lesion-cerebral\/\">lesi\u00f3n traum\u00e1tica del cerebro<\/a>\u00a0donde el funcionamiento cognitivo se ve afectado temporalmente. Los s\u00edntomas incluyen dolores de cabeza, problemas de concentraci\u00f3n, memoria y equilibrio. La mayor\u00eda de los s\u00edntomas aparecen en unos pocos d\u00edas, semanas y a veces, meses. Independientemente de la gravedad, estas lesiones pueden ser muy aterradoras.<\/p>\n<p>Algunas contusiones cerebrales van acompa\u00f1adas de p\u00e9rdida del conocimiento, aunque no sucede en todos los casos. Muchas personas que experimentan una contusi\u00f3n cerebral son vulnerables a la aparici\u00f3n de contusiones cerebrales adicionales. Estas lesiones pueden ocurrirle a cualquier persona, a cualquier edad.<\/p>\n<h2>Accidentes que Pueden Causar una Contusi\u00f3n Cerebral<\/h2>\n<p>Muchos accidentes automovil\u00edsticos provocan contusiones cerebrales. La fuerza del impacto generalmente se correlaciona con la fuerza ejercida sobre la cabeza de la v\u00edctima durante el accidente. Con frecuencia, la cabeza puede girar violentamente o dar un latigazo en un accidente automovil\u00edstico. Tambi\u00e9n los resbalones, las ca\u00eddas y los tropiezos con frecuencia implican que la cabeza golpee el suelo u otro objeto. Esta puede ser una experiencia muy aterradora y confusa para alguien. B\u00e1sicamente, una contusi\u00f3n cerebral es posible siempre que haya un golpe en la cabeza o una sacudida violenta de la cabeza. Esto puede suceder en un n\u00famero pr\u00e1cticamente ilimitado de situaciones. Otros tipos de accidentes con lesiones personales que pueden causar una contusi\u00f3n cerebral incluyen, entre otros:<\/p>\n<ul>\n<li><a href=\"https:\/\/www.chrisearley.com\/es\/compensacion-laboral\/\">Accidentes de compensaci\u00f3n laboral<\/a><\/li>\n<li><a href=\"https:\/\/www.chrisearley.com\/es\/accidente-de-bicicleta\/\">Accidentes de bicicleta<\/a><\/li>\n<li><a href=\"https:\/\/www.chrisearley.com\/es\/accidente-de-motocicleta\/\">Accidentes de motocicleta<\/a><\/li>\n<li><a href=\"https:\/\/www.chrisearley.com\/es\/accidente-de-camion\/\">Casos de accidentes de camiones<\/a><\/li>\n<li><a href=\"https:\/\/www.chrisearley.com\/es\/abuso-en-el-hogar-de-ancianos\/\">Casos de abuso en hogares de ancianos<\/a><\/li>\n<li><a href=\"https:\/\/www.chrisearley.com\/es\/accidente-de-peatones\/\">Accidentes de peatones<\/a><\/li>\n<li><a href=\"https:\/\/www.chrisearley.com\/es\/accidente-por-resbalon-y-caida\/\">Accidentes por resbalones y ca\u00eddas<\/a><\/li>\n<li><a href=\"https:\/\/www.chrisearley.com\/es\/accidente-de-nieve-y-hielo\/\">Accidentes de nieve y hielo<\/a><\/li>\n<li><a href=\"https:\/\/www.chrisearley.com\/es\/accidente-de-construccion\/\">Accidentes de construcci\u00f3n<\/a><\/li>\n<li><a href=\"https:\/\/www.chrisearley.com\/es\/mordida-de-perro\/\">Mordeduras y ataques de perros<\/a><\/li>\n<li><a href=\"https:\/\/www.chrisearley.com\/es\/accidentes-de-automoviles\/accidente-de-transito-mbta\/\">Casos de accidentes MBTA<\/a><\/li>\n<li><a href=\"https:\/\/www.chrisearley.com\/es\/lesion-en-guarderia\/\">Casos de accidentes en guarder\u00edas<\/a><\/li>\n<li><a href=\"https:\/\/www.chrisearley.com\/es\/accidente-de-ascensor-y-escalera-mecanica\/\">Casos de accidentes de ascensores y escaleras mec\u00e1nicas<\/a><\/li>\n<\/ul>\n<h2>Abogado Local Especializado en Lesiones Personales de Contusi\u00f3n Cerebral<\/h2>\n<p>Las lesiones en la cabeza y espec\u00edficamente las contusiones cerebrales, pueden ser lesiones graves con efectos muy serios en la vida de la v\u00edctima. Si cree que puede tener una contusi\u00f3n cerebral, busque atenci\u00f3n m\u00e9dica de inmediato. Adem\u00e1s, si su contusi\u00f3n cerebral se debi\u00f3 a la negligencia de alguien, comun\u00edquese con la oficina legal de\u00a0<a href=\"https:\/\/www.chrisearley.com\/es\/\">Christopher Earley<\/a>\u00a0hoy mismo para obtener ayuda legal. Estaremos muy dispuestos a atenderle. Solo nos paga si su caso se resuelve, \u00a1as\u00ed que llame hoy! Aseg\u00farese de leer hoy nuestros libros gratuitos llamados The Truth Series. Est\u00e1n dise\u00f1ados para ayudarte.<\/p>\n","protected":false},"excerpt":{"rendered":"<p>No son solo los atletas los que pueden sufrir una contusi\u00f3n cerebral. Muchas v\u00edctimas de accidentes experimentan este tipo de lesiones personales. Las contusiones son lesiones cerebrales altamente peligrosas. La sola idea de sufrir una lesi\u00f3n en el cerebro puede ser aterradora y estas lesiones pueden tener graves repercusiones en la vida de cualquier ser [&hellip;]<\/p>\n","protected":false},"author":35,"featured_media":0,"parent":12326,"menu_order":91,"comment_status":"closed","ping_status":"closed","template":"","meta":{"_acf_changed":false,"footnotes":""},"class_list":["post-12455","page","type-page","status-publish","hentry"],"acf":[],"yoast_head":"<!-- This site is optimized with the Yoast SEO plugin v27.5 - https:\/\/yoast.com\/product\/yoast-seo-wordpress\/ -->\n<title>Contusi\u00f3n Cerebral | Boston Abogado de Lesi\u00f3n Personal<\/title>\n<meta name=\"description\" content=\"Consulta Gratis - Ll\u00e1menos al 617-444-7777 - Earley Law Group Injury Lawyers ayuda a las v\u00edctimas y sus familias a recibir una compensaci\u00f3n por sus lesiones. Contusi\u00f3n Cerebral - Boston Abogado de Lesi\u00f3n Personal\" \/>\n<meta name=\"robots\" content=\"index, follow, max-snippet:-1, max-image-preview:large, max-video-preview:-1\" \/>\n<link rel=\"canonical\" href=\"https:\/\/www.chrisearley.com\/es\/lesiones-personales\/contusion-cerebral\/\" \/>\n<meta property=\"og:locale\" content=\"es_ES\" \/>\n<meta property=\"og:type\" content=\"article\" \/>\n<meta property=\"og:title\" content=\"Contusi\u00f3n Cerebral | Boston Abogado de Lesi\u00f3n Personal\" \/>\n<meta property=\"og:description\" content=\"Consulta Gratis - Ll\u00e1menos al 617-444-7777 - Earley Law Group Injury Lawyers ayuda a las v\u00edctimas y sus familias a recibir una compensaci\u00f3n por sus lesiones. Contusi\u00f3n Cerebral - Boston Abogado de Lesi\u00f3n Personal\" \/>\n<meta property=\"og:url\" content=\"https:\/\/www.chrisearley.com\/es\/lesiones-personales\/contusion-cerebral\/\" \/>\n<meta property=\"og:site_name\" content=\"Earley Law Group Injury Lawyers\" \/>\n<meta property=\"article:publisher\" content=\"https:\/\/www.facebook.com\/Law-Offices-of-Christopher-Earley-104980886333\/\" \/>\n<meta property=\"article:modified_time\" content=\"2024-07-04T06:13:58+00:00\" \/>\n<meta name=\"twitter:card\" content=\"summary_large_image\" \/>\n<meta name=\"twitter:site\" content=\"@chrisearleylaw\" \/>\n<meta name=\"twitter:label1\" content=\"Est. reading time\" \/>\n\t<meta name=\"twitter:data1\" content=\"3 minutes\" \/>\n<script type=\"application\/ld+json\" class=\"yoast-schema-graph\">{\"@context\":\"https:\\\/\\\/schema.org\",\"@graph\":[{\"@type\":\"WebPage\",\"@id\":\"https:\\\/\\\/www.chrisearley.com\\\/es\\\/lesiones-personales\\\/contusion-cerebral\\\/\",\"url\":\"https:\\\/\\\/www.chrisearley.com\\\/es\\\/lesiones-personales\\\/contusion-cerebral\\\/\",\"name\":\"Contusi\u00f3n Cerebral | Boston Abogado de Lesi\u00f3n Personal\",\"isPartOf\":{\"@id\":\"https:\\\/\\\/www.chrisearley.com\\\/es\\\/#website\"},\"datePublished\":\"2024-06-15T15:15:01+00:00\",\"dateModified\":\"2024-07-04T06:13:58+00:00\",\"description\":\"Consulta Gratis - Ll\u00e1menos al 617-444-7777 - Earley Law Group Injury Lawyers ayuda a las v\u00edctimas y sus familias a recibir una compensaci\u00f3n por sus lesiones. Contusi\u00f3n Cerebral - Boston Abogado de Lesi\u00f3n Personal\",\"breadcrumb\":{\"@id\":\"https:\\\/\\\/www.chrisearley.com\\\/es\\\/lesiones-personales\\\/contusion-cerebral\\\/#breadcrumb\"},\"inLanguage\":\"es-US\",\"potentialAction\":[{\"@type\":\"ReadAction\",\"target\":[\"https:\\\/\\\/www.chrisearley.com\\\/es\\\/lesiones-personales\\\/contusion-cerebral\\\/\"]}]},{\"@type\":\"BreadcrumbList\",\"@id\":\"https:\\\/\\\/www.chrisearley.com\\\/es\\\/lesiones-personales\\\/contusion-cerebral\\\/#breadcrumb\",\"itemListElement\":[{\"@type\":\"ListItem\",\"position\":1,\"name\":\"Home\",\"item\":\"https:\\\/\\\/www.chrisearley.com\\\/es\\\/\"},{\"@type\":\"ListItem\",\"position\":2,\"name\":\"Lesiones Personales\",\"item\":\"https:\\\/\\\/www.chrisearley.com\\\/es\\\/lesiones-personales\\\/\"},{\"@type\":\"ListItem\",\"position\":3,\"name\":\"Contusi\u00f3n Cerebral\"}]},{\"@type\":\"WebSite\",\"@id\":\"https:\\\/\\\/www.chrisearley.com\\\/es\\\/#website\",\"url\":\"https:\\\/\\\/www.chrisearley.com\\\/es\\\/\",\"name\":\"Earley Law Group Injury Lawyers\",\"description\":\"\",\"publisher\":{\"@id\":\"https:\\\/\\\/www.chrisearley.com\\\/es\\\/#organization\"},\"potentialAction\":[{\"@type\":\"SearchAction\",\"target\":{\"@type\":\"EntryPoint\",\"urlTemplate\":\"https:\\\/\\\/www.chrisearley.com\\\/es\\\/?s={search_term_string}\"},\"query-input\":{\"@type\":\"PropertyValueSpecification\",\"valueRequired\":true,\"valueName\":\"search_term_string\"}}],\"inLanguage\":\"es-US\"},{\"@type\":\"Organization\",\"@id\":\"https:\\\/\\\/www.chrisearley.com\\\/es\\\/#organization\",\"name\":\"Earley Law Group Injury Lawyers\",\"url\":\"https:\\\/\\\/www.chrisearley.com\\\/es\\\/\",\"logo\":{\"@type\":\"ImageObject\",\"inLanguage\":\"es-US\",\"@id\":\"https:\\\/\\\/www.chrisearley.com\\\/es\\\/#\\\/schema\\\/logo\\\/image\\\/\",\"url\":\"https:\\\/\\\/www.chrisearley.com\\\/wp-content\\\/uploads\\\/2024\\\/05\\\/logo.png\",\"contentUrl\":\"https:\\\/\\\/www.chrisearley.com\\\/wp-content\\\/uploads\\\/2024\\\/05\\\/logo.png\",\"width\":420,\"height\":79,\"caption\":\"Earley Law Group Injury Lawyers\"},\"image\":{\"@id\":\"https:\\\/\\\/www.chrisearley.com\\\/es\\\/#\\\/schema\\\/logo\\\/image\\\/\"},\"sameAs\":[\"https:\\\/\\\/www.facebook.com\\\/Law-Offices-of-Christopher-Earley-104980886333\\\/\",\"https:\\\/\\\/x.com\\\/chrisearleylaw\",\"https:\\\/\\\/www.youtube.com\\\/user\\\/ChrisEarleyLaw\",\"https:\\\/\\\/www.linkedin.com\\\/company\\\/earley-law-group-injury-lawyers\",\"https:\\\/\\\/www.instagram.com\\\/earleylawgroupinjurylawyers\\\/\"]}]}<\/script>\n<!-- \/ Yoast SEO plugin. -->","yoast_head_json":{"title":"Contusi\u00f3n Cerebral | Boston Abogado de Lesi\u00f3n Personal","description":"Consulta Gratis - Ll\u00e1menos al 617-444-7777 - Earley Law Group Injury Lawyers ayuda a las v\u00edctimas y sus familias a recibir una compensaci\u00f3n por sus lesiones. Contusi\u00f3n Cerebral - Boston Abogado de Lesi\u00f3n Personal","robots":{"index":"index","follow":"follow","max-snippet":"max-snippet:-1","max-image-preview":"max-image-preview:large","max-video-preview":"max-video-preview:-1"},"canonical":"https:\/\/www.chrisearley.com\/es\/lesiones-personales\/contusion-cerebral\/","og_locale":"es_ES","og_type":"article","og_title":"Contusi\u00f3n Cerebral | Boston Abogado de Lesi\u00f3n Personal","og_description":"Consulta Gratis - Ll\u00e1menos al 617-444-7777 - Earley Law Group Injury Lawyers ayuda a las v\u00edctimas y sus familias a recibir una compensaci\u00f3n por sus lesiones. Contusi\u00f3n Cerebral - Boston Abogado de Lesi\u00f3n Personal","og_url":"https:\/\/www.chrisearley.com\/es\/lesiones-personales\/contusion-cerebral\/","og_site_name":"Earley Law Group Injury Lawyers","article_publisher":"https:\/\/www.facebook.com\/Law-Offices-of-Christopher-Earley-104980886333\/","article_modified_time":"2024-07-04T06:13:58+00:00","twitter_card":"summary_large_image","twitter_site":"@chrisearleylaw","twitter_misc":{"Est. reading time":"3 minutes"},"schema":{"@context":"https:\/\/schema.org","@graph":[{"@type":"WebPage","@id":"https:\/\/www.chrisearley.com\/es\/lesiones-personales\/contusion-cerebral\/","url":"https:\/\/www.chrisearley.com\/es\/lesiones-personales\/contusion-cerebral\/","name":"Contusi\u00f3n Cerebral | Boston Abogado de Lesi\u00f3n Personal","isPartOf":{"@id":"https:\/\/www.chrisearley.com\/es\/#website"},"datePublished":"2024-06-15T15:15:01+00:00","dateModified":"2024-07-04T06:13:58+00:00","description":"Consulta Gratis - Ll\u00e1menos al 617-444-7777 - Earley Law Group Injury Lawyers ayuda a las v\u00edctimas y sus familias a recibir una compensaci\u00f3n por sus lesiones. Contusi\u00f3n Cerebral - Boston Abogado de Lesi\u00f3n Personal","breadcrumb":{"@id":"https:\/\/www.chrisearley.com\/es\/lesiones-personales\/contusion-cerebral\/#breadcrumb"},"inLanguage":"es-US","potentialAction":[{"@type":"ReadAction","target":["https:\/\/www.chrisearley.com\/es\/lesiones-personales\/contusion-cerebral\/"]}]},{"@type":"BreadcrumbList","@id":"https:\/\/www.chrisearley.com\/es\/lesiones-personales\/contusion-cerebral\/#breadcrumb","itemListElement":[{"@type":"ListItem","position":1,"name":"Home","item":"https:\/\/www.chrisearley.com\/es\/"},{"@type":"ListItem","position":2,"name":"Lesiones Personales","item":"https:\/\/www.chrisearley.com\/es\/lesiones-personales\/"},{"@type":"ListItem","position":3,"name":"Contusi\u00f3n Cerebral"}]},{"@type":"WebSite","@id":"https:\/\/www.chrisearley.com\/es\/#website","url":"https:\/\/www.chrisearley.com\/es\/","name":"Earley Law Group Injury Lawyers","description":"","publisher":{"@id":"https:\/\/www.chrisearley.com\/es\/#organization"},"potentialAction":[{"@type":"SearchAction","target":{"@type":"EntryPoint","urlTemplate":"https:\/\/www.chrisearley.com\/es\/?s={search_term_string}"},"query-input":{"@type":"PropertyValueSpecification","valueRequired":true,"valueName":"search_term_string"}}],"inLanguage":"es-US"},{"@type":"Organization","@id":"https:\/\/www.chrisearley.com\/es\/#organization","name":"Earley Law Group Injury Lawyers","url":"https:\/\/www.chrisearley.com\/es\/","logo":{"@type":"ImageObject","inLanguage":"es-US","@id":"https:\/\/www.chrisearley.com\/es\/#\/schema\/logo\/image\/","url":"https:\/\/www.chrisearley.com\/wp-content\/uploads\/2024\/05\/logo.png","contentUrl":"https:\/\/www.chrisearley.com\/wp-content\/uploads\/2024\/05\/logo.png","width":420,"height":79,"caption":"Earley Law Group Injury Lawyers"},"image":{"@id":"https:\/\/www.chrisearley.com\/es\/#\/schema\/logo\/image\/"},"sameAs":["https:\/\/www.facebook.com\/Law-Offices-of-Christopher-Earley-104980886333\/","https:\/\/x.com\/chrisearleylaw","https:\/\/www.youtube.com\/user\/ChrisEarleyLaw","https:\/\/www.linkedin.com\/company\/earley-law-group-injury-lawyers","https:\/\/www.instagram.com\/earleylawgroupinjurylawyers\/"]}]}},"_links":{"self":[{"href":"https:\/\/www.chrisearley.com\/es\/wp-json\/wp\/v2\/pages\/12455","targetHints":{"allow":["GET"]}}],"collection":[{"href":"https:\/\/www.chrisearley.com\/es\/wp-json\/wp\/v2\/pages"}],"about":[{"href":"https:\/\/www.chrisearley.com\/es\/wp-json\/wp\/v2\/types\/page"}],"author":[{"embeddable":true,"href":"https:\/\/www.chrisearley.com\/es\/wp-json\/wp\/v2\/users\/35"}],"replies":[{"embeddable":true,"href":"https:\/\/www.chrisearley.com\/es\/wp-json\/wp\/v2\/comments?post=12455"}],"version-history":[{"count":0,"href":"https:\/\/www.chrisearley.com\/es\/wp-json\/wp\/v2\/pages\/12455\/revisions"}],"up":[{"embeddable":true,"href":"https:\/\/www.chrisearley.com\/es\/wp-json\/wp\/v2\/pages\/12326"}],"wp:attachment":[{"href":"https:\/\/www.chrisearley.com\/es\/wp-json\/wp\/v2\/media?parent=12455"}],"curies":[{"name":"wp","href":"https:\/\/api.w.org\/{rel}","templated":true}]}}