{"id":12430,"date":"2024-06-15T15:13:35","date_gmt":"2024-06-15T15:13:35","guid":{"rendered":"https:\/\/www.chrisearley.com\/?page_id=12430"},"modified":"2024-07-18T08:54:39","modified_gmt":"2024-07-18T08:54:39","slug":"muneca-rota","status":"publish","type":"page","link":"https:\/\/www.chrisearley.com\/es\/lesiones-personales\/muneca-rota\/","title":{"rendered":"Mu\u00f1eca Rota"},"content":{"rendered":"<p>Las mu\u00f1ecas rotas pueden deberse a diversas causas, m\u00e9dicamente se les conoce como una mu\u00f1eca fracturada. Ya sea por deportes o por un accidente de lesiones personales, esta lesi\u00f3n es bastante com\u00fan. Dependiendo de la gravedad, esto puede llegar a ser una lesi\u00f3n bien severa. Adem\u00e1s, si es la mu\u00f1eca dominante la que se rompe, esto puede hacer que la lesi\u00f3n sea un poco m\u00e1s complicada y debilitante para quien la sufre. Como abogado de lesiones de mu\u00f1eca rota en Boston, he tenido la posibilidad de manejar muchos de estos casos a lo largo de los a\u00f1os. Si el accidente que produjo la fractura de mu\u00f1eca se debi\u00f3 a una negligencia, es muy probable que se deba a la v\u00edctima un reclamo por lesiones personales y por ende un posible acuerdo. Tenga en cuenta que la mu\u00f1eca rota tiene que ser producto de un accidente y no a partir de un accidente. Antes de que se pueda establecer un caso, se deben cumplir ciertos elementos.<\/p>\n<p>El aspecto m\u00e9dico de una mu\u00f1eca rota es complejo, a continuaci\u00f3n le dejamos alguna informaci\u00f3n sobre el tema.<\/p>\n<p>Nombres m\u00e9dicos de las fracturas de mu\u00f1eca:<\/p>\n<ul>\n<li>Fractura de Colles<\/li>\n<li>Fractura de Smith<\/li>\n<li>Fractura de escafoides<\/li>\n<li>Fractura de Barton<\/li>\n<li>Fractura del chofer<\/li>\n<li>Fractura de Greenstick<\/li>\n<li>Fractura de la estiloides cubital<\/li>\n<\/ul>\n<p>Las mu\u00f1ecas rotas pueden ocurrir en algunos de los siguientes tipos de accidentes de lesiones personales:<\/p>\n<ul>\n<li><a href=\"https:\/\/www.chrisearley.com\/es\/accidentes-de-automoviles\/\">Accidentes automovil\u00edsticos<\/a><\/li>\n<li><a href=\"https:\/\/www.chrisearley.com\/es\/compensacion-laboral\/\">Accidentes de compensaci\u00f3n laboral<\/a><\/li>\n<li><a href=\"https:\/\/www.chrisearley.com\/es\/accidente-de-bicicleta\/\">Accidentes de bicicleta<\/a><\/li>\n<li><a href=\"https:\/\/www.chrisearley.com\/es\/accidente-de-motocicleta\/\">Accidentes de motocicleta<\/a><\/li>\n<li><a href=\"https:\/\/www.chrisearley.com\/es\/accidente-de-camion\/\">Casos de accidentes de camiones<\/a><\/li>\n<li><a href=\"https:\/\/www.chrisearley.com\/es\/abuso-en-el-hogar-de-ancianos\/\">Casos de abuso en hogares de ancianos<\/a><\/li>\n<li><a href=\"https:\/\/www.chrisearley.com\/es\/accidente-de-peatones\/\">Accidentes de peatones<\/a><\/li>\n<li><a href=\"https:\/\/www.chrisearley.com\/es\/accidente-por-resbalon-y-caida\/\">Accidentes por resbalones y ca\u00eddas<\/a><\/li>\n<li><a href=\"https:\/\/www.chrisearley.com\/es\/accidente-de-nieve-y-hielo\/\">Accidentes de nieve y hielo<\/a><\/li>\n<li><a href=\"https:\/\/www.chrisearley.com\/es\/accidente-de-construccion\/\">Accidentes de construcci\u00f3n<\/a><\/li>\n<li><a href=\"https:\/\/www.chrisearley.com\/es\/mordida-de-perro\/\">Mordeduras y ataques de perros<\/a><\/li>\n<li><a href=\"https:\/\/www.chrisearley.com\/es\/accidentes-de-automoviles\/accidente-de-transito-mbta\/\">Casos de accidentes MBTA<\/a><\/li>\n<li><a href=\"https:\/\/www.chrisearley.com\/es\/lesion-en-guarderia\/\">Casos de accidentes en guarder\u00edas<\/a><\/li>\n<li><a href=\"https:\/\/www.chrisearley.com\/es\/accidente-de-ascensor-y-escalera-mecanica\/\">Casos de accidentes de ascensores y escaleras mec\u00e1nicas<\/a><\/li>\n<\/ul>\n<h2>Informaci\u00f3n Sobre Fracturas de Mu\u00f1eca<\/h2>\n<p>La mu\u00f1eca est\u00e1 formada por ocho huesos que se conectan a los dos huesos del antebrazo (c\u00fabito y radio). La\u00a0<a href=\"https:\/\/www.chrisearley.com\/es\/lesiones-personales\/huesos-rotos\/\">fractura<\/a>\u00a0de mu\u00f1eca m\u00e1s com\u00fan es la del radio, los m\u00e9dicos llaman a esto una fractura de radio distal.<\/p>\n<p>Las fracturas de la mu\u00f1eca pueden desplazarse o no desplazarse. Si el hueso roto no se desplaza, eso significa que el hueso no se ha movido fuera de lugar. En el caso de las roturas desplazadas, significa que el hueso se ha movido fuera de lugar debido a la rotura.<\/p>\n<p>Las fracturas de mu\u00f1eca pueden ser de trituraci\u00f3n, significa que el hueso se rompe en peque\u00f1os pedazos. Tambi\u00e9n pueden ser fracturas abiertas, este es el caso en el que el hueso atraviesa la piel.<\/p>\n<p>Dependiendo de la extensi\u00f3n de la fractura, puede ser necesario que un m\u00e9dico solo realice una reducci\u00f3n cerrada, lo que significa colocar manualmente el hueso en su lugar sin necesidad de cirug\u00eda. Para roturas m\u00e1s graves, es necesaria la cirug\u00eda, a menudo denominada ORIF (reducci\u00f3n abierta, fijaci\u00f3n interna). Esto es cuando el m\u00e9dico abre la piel y repara la mu\u00f1eca rota con un hardware para reparar la fractura.<\/p>\n<p>Para los casos de lesiones personales, si se realiza una ORIF en el hueso, esto generalmente resulta en un alto n\u00famero de asentamientos. Para los casos de fractura de mu\u00f1eca por reducci\u00f3n cerrada, los n\u00fameros de asentamiento tienden a ser m\u00e1s bajos, pero a\u00fan pueden ser sustanciales.<\/p>\n<h2>Abogado Local de Accidentes de Mu\u00f1eca Rota<\/h2>\n<p>Si fue v\u00edctima de una negligencia y sufri\u00f3 una fractura en la mu\u00f1eca, le animo a que se comunique con nosotros aqu\u00ed en\u00a0<a href=\"https:\/\/www.chrisearley.com\/es\/\">la oficina legal de Christopher Earley<\/a>\u00a0para su consulta y revisi\u00f3n de su caso gratis. Solo nos paga si su caso se resuelve. Ll\u00e1menos hoy al 617-444-7777 y cu\u00e9ntenos sobre su reclamo por accidente. \u00a1Aseg\u00farese de solicitar uno de nuestros libros gratuitos si a\u00fan no lo ha hecho!<\/p>\n","protected":false},"excerpt":{"rendered":"<p>Las mu\u00f1ecas rotas pueden deberse a diversas causas, m\u00e9dicamente se les conoce como una mu\u00f1eca fracturada. Ya sea por deportes o por un accidente de lesiones personales, esta lesi\u00f3n es bastante com\u00fan. Dependiendo de la gravedad, esto puede llegar a ser una lesi\u00f3n bien severa. Adem\u00e1s, si es la mu\u00f1eca dominante la que se rompe, [&hellip;]<\/p>\n","protected":false},"author":35,"featured_media":0,"parent":12326,"menu_order":83,"comment_status":"closed","ping_status":"closed","template":"","meta":{"_acf_changed":false,"footnotes":""},"class_list":["post-12430","page","type-page","status-publish","hentry"],"acf":[],"yoast_head":"<!-- This site is optimized with the Yoast SEO plugin v27.2 - https:\/\/yoast.com\/product\/yoast-seo-wordpress\/ -->\n<title>Mu\u00f1eca Rota | Boston Abogado de Lesi\u00f3n Personal<\/title>\n<meta name=\"description\" content=\"Consulta Gratis - Ll\u00e1menos al 617-444-7777 - Earley Law Group Injury Lawyers ayuda a las v\u00edctimas y sus familias a recibir una compensaci\u00f3n por sus lesiones. Mu\u00f1eca Rota - Boston Abogado de Lesi\u00f3n Personal\" \/>\n<meta name=\"robots\" content=\"index, follow, max-snippet:-1, max-image-preview:large, max-video-preview:-1\" \/>\n<link rel=\"canonical\" href=\"https:\/\/www.chrisearley.com\/es\/lesiones-personales\/muneca-rota\/\" \/>\n<meta property=\"og:locale\" content=\"es_ES\" \/>\n<meta property=\"og:type\" content=\"article\" \/>\n<meta property=\"og:title\" content=\"Mu\u00f1eca Rota | Boston Abogado de Lesi\u00f3n Personal\" \/>\n<meta property=\"og:description\" content=\"Consulta Gratis - Ll\u00e1menos al 617-444-7777 - Earley Law Group Injury Lawyers ayuda a las v\u00edctimas y sus familias a recibir una compensaci\u00f3n por sus lesiones. Mu\u00f1eca Rota - Boston Abogado de Lesi\u00f3n Personal\" \/>\n<meta property=\"og:url\" content=\"https:\/\/www.chrisearley.com\/es\/lesiones-personales\/muneca-rota\/\" \/>\n<meta property=\"og:site_name\" content=\"Earley Law Group Injury Lawyers\" \/>\n<meta property=\"article:publisher\" content=\"https:\/\/www.facebook.com\/Law-Offices-of-Christopher-Earley-104980886333\/\" \/>\n<meta property=\"article:modified_time\" content=\"2024-07-18T08:54:39+00:00\" \/>\n<meta name=\"twitter:card\" content=\"summary_large_image\" \/>\n<meta name=\"twitter:site\" content=\"@chrisearleylaw\" \/>\n<meta name=\"twitter:label1\" content=\"Est. reading time\" \/>\n\t<meta name=\"twitter:data1\" content=\"3 minutes\" \/>\n<script type=\"application\/ld+json\" class=\"yoast-schema-graph\">{\"@context\":\"https:\/\/schema.org\",\"@graph\":[{\"@type\":\"WebPage\",\"@id\":\"https:\/\/www.chrisearley.com\/es\/lesiones-personales\/muneca-rota\/\",\"url\":\"https:\/\/www.chrisearley.com\/es\/lesiones-personales\/muneca-rota\/\",\"name\":\"Mu\u00f1eca Rota | Boston Abogado de Lesi\u00f3n Personal\",\"isPartOf\":{\"@id\":\"https:\/\/www.chrisearley.com\/es\/#website\"},\"datePublished\":\"2024-06-15T15:13:35+00:00\",\"dateModified\":\"2024-07-18T08:54:39+00:00\",\"description\":\"Consulta Gratis - Ll\u00e1menos al 617-444-7777 - Earley Law Group Injury Lawyers ayuda a las v\u00edctimas y sus familias a recibir una compensaci\u00f3n por sus lesiones. Mu\u00f1eca Rota - Boston Abogado de Lesi\u00f3n Personal\",\"breadcrumb\":{\"@id\":\"https:\/\/www.chrisearley.com\/es\/lesiones-personales\/muneca-rota\/#breadcrumb\"},\"inLanguage\":\"es-US\",\"potentialAction\":[{\"@type\":\"ReadAction\",\"target\":[\"https:\/\/www.chrisearley.com\/es\/lesiones-personales\/muneca-rota\/\"]}]},{\"@type\":\"BreadcrumbList\",\"@id\":\"https:\/\/www.chrisearley.com\/es\/lesiones-personales\/muneca-rota\/#breadcrumb\",\"itemListElement\":[{\"@type\":\"ListItem\",\"position\":1,\"name\":\"Home\",\"item\":\"https:\/\/www.chrisearley.com\/es\/\"},{\"@type\":\"ListItem\",\"position\":2,\"name\":\"Lesiones Personales\",\"item\":\"https:\/\/www.chrisearley.com\/es\/lesiones-personales\/\"},{\"@type\":\"ListItem\",\"position\":3,\"name\":\"Mu\u00f1eca Rota\"}]},{\"@type\":\"WebSite\",\"@id\":\"https:\/\/www.chrisearley.com\/es\/#website\",\"url\":\"https:\/\/www.chrisearley.com\/es\/\",\"name\":\"Earley Law Group Injury Lawyers\",\"description\":\"\",\"publisher\":{\"@id\":\"https:\/\/www.chrisearley.com\/es\/#organization\"},\"potentialAction\":[{\"@type\":\"SearchAction\",\"target\":{\"@type\":\"EntryPoint\",\"urlTemplate\":\"https:\/\/www.chrisearley.com\/es\/?s={search_term_string}\"},\"query-input\":{\"@type\":\"PropertyValueSpecification\",\"valueRequired\":true,\"valueName\":\"search_term_string\"}}],\"inLanguage\":\"es-US\"},{\"@type\":\"Organization\",\"@id\":\"https:\/\/www.chrisearley.com\/es\/#organization\",\"name\":\"Earley Law Group Injury Lawyers\",\"url\":\"https:\/\/www.chrisearley.com\/es\/\",\"logo\":{\"@type\":\"ImageObject\",\"inLanguage\":\"es-US\",\"@id\":\"https:\/\/www.chrisearley.com\/es\/#\/schema\/logo\/image\/\",\"url\":\"https:\/\/www.chrisearley.com\/wp-content\/uploads\/2024\/05\/logo.png\",\"contentUrl\":\"https:\/\/www.chrisearley.com\/wp-content\/uploads\/2024\/05\/logo.png\",\"width\":420,\"height\":79,\"caption\":\"Earley Law Group Injury Lawyers\"},\"image\":{\"@id\":\"https:\/\/www.chrisearley.com\/es\/#\/schema\/logo\/image\/\"},\"sameAs\":[\"https:\/\/www.facebook.com\/Law-Offices-of-Christopher-Earley-104980886333\/\",\"https:\/\/x.com\/chrisearleylaw\",\"https:\/\/www.youtube.com\/user\/ChrisEarleyLaw\",\"https:\/\/www.linkedin.com\/company\/earley-law-group-injury-lawyers\",\"https:\/\/www.instagram.com\/earleylawgroupinjurylawyers\/\"]}]}<\/script>\n<!-- \/ Yoast SEO plugin. -->","yoast_head_json":{"title":"Mu\u00f1eca Rota | Boston Abogado de Lesi\u00f3n Personal","description":"Consulta Gratis - Ll\u00e1menos al 617-444-7777 - Earley Law Group Injury Lawyers ayuda a las v\u00edctimas y sus familias a recibir una compensaci\u00f3n por sus lesiones. Mu\u00f1eca Rota - Boston Abogado de Lesi\u00f3n Personal","robots":{"index":"index","follow":"follow","max-snippet":"max-snippet:-1","max-image-preview":"max-image-preview:large","max-video-preview":"max-video-preview:-1"},"canonical":"https:\/\/www.chrisearley.com\/es\/lesiones-personales\/muneca-rota\/","og_locale":"es_ES","og_type":"article","og_title":"Mu\u00f1eca Rota | Boston Abogado de Lesi\u00f3n Personal","og_description":"Consulta Gratis - Ll\u00e1menos al 617-444-7777 - Earley Law Group Injury Lawyers ayuda a las v\u00edctimas y sus familias a recibir una compensaci\u00f3n por sus lesiones. Mu\u00f1eca Rota - Boston Abogado de Lesi\u00f3n Personal","og_url":"https:\/\/www.chrisearley.com\/es\/lesiones-personales\/muneca-rota\/","og_site_name":"Earley Law Group Injury Lawyers","article_publisher":"https:\/\/www.facebook.com\/Law-Offices-of-Christopher-Earley-104980886333\/","article_modified_time":"2024-07-18T08:54:39+00:00","twitter_card":"summary_large_image","twitter_site":"@chrisearleylaw","twitter_misc":{"Est. reading time":"3 minutes"},"schema":{"@context":"https:\/\/schema.org","@graph":[{"@type":"WebPage","@id":"https:\/\/www.chrisearley.com\/es\/lesiones-personales\/muneca-rota\/","url":"https:\/\/www.chrisearley.com\/es\/lesiones-personales\/muneca-rota\/","name":"Mu\u00f1eca Rota | Boston Abogado de Lesi\u00f3n Personal","isPartOf":{"@id":"https:\/\/www.chrisearley.com\/es\/#website"},"datePublished":"2024-06-15T15:13:35+00:00","dateModified":"2024-07-18T08:54:39+00:00","description":"Consulta Gratis - Ll\u00e1menos al 617-444-7777 - Earley Law Group Injury Lawyers ayuda a las v\u00edctimas y sus familias a recibir una compensaci\u00f3n por sus lesiones. Mu\u00f1eca Rota - Boston Abogado de Lesi\u00f3n Personal","breadcrumb":{"@id":"https:\/\/www.chrisearley.com\/es\/lesiones-personales\/muneca-rota\/#breadcrumb"},"inLanguage":"es-US","potentialAction":[{"@type":"ReadAction","target":["https:\/\/www.chrisearley.com\/es\/lesiones-personales\/muneca-rota\/"]}]},{"@type":"BreadcrumbList","@id":"https:\/\/www.chrisearley.com\/es\/lesiones-personales\/muneca-rota\/#breadcrumb","itemListElement":[{"@type":"ListItem","position":1,"name":"Home","item":"https:\/\/www.chrisearley.com\/es\/"},{"@type":"ListItem","position":2,"name":"Lesiones Personales","item":"https:\/\/www.chrisearley.com\/es\/lesiones-personales\/"},{"@type":"ListItem","position":3,"name":"Mu\u00f1eca Rota"}]},{"@type":"WebSite","@id":"https:\/\/www.chrisearley.com\/es\/#website","url":"https:\/\/www.chrisearley.com\/es\/","name":"Earley Law Group Injury Lawyers","description":"","publisher":{"@id":"https:\/\/www.chrisearley.com\/es\/#organization"},"potentialAction":[{"@type":"SearchAction","target":{"@type":"EntryPoint","urlTemplate":"https:\/\/www.chrisearley.com\/es\/?s={search_term_string}"},"query-input":{"@type":"PropertyValueSpecification","valueRequired":true,"valueName":"search_term_string"}}],"inLanguage":"es-US"},{"@type":"Organization","@id":"https:\/\/www.chrisearley.com\/es\/#organization","name":"Earley Law Group Injury Lawyers","url":"https:\/\/www.chrisearley.com\/es\/","logo":{"@type":"ImageObject","inLanguage":"es-US","@id":"https:\/\/www.chrisearley.com\/es\/#\/schema\/logo\/image\/","url":"https:\/\/www.chrisearley.com\/wp-content\/uploads\/2024\/05\/logo.png","contentUrl":"https:\/\/www.chrisearley.com\/wp-content\/uploads\/2024\/05\/logo.png","width":420,"height":79,"caption":"Earley Law Group Injury Lawyers"},"image":{"@id":"https:\/\/www.chrisearley.com\/es\/#\/schema\/logo\/image\/"},"sameAs":["https:\/\/www.facebook.com\/Law-Offices-of-Christopher-Earley-104980886333\/","https:\/\/x.com\/chrisearleylaw","https:\/\/www.youtube.com\/user\/ChrisEarleyLaw","https:\/\/www.linkedin.com\/company\/earley-law-group-injury-lawyers","https:\/\/www.instagram.com\/earleylawgroupinjurylawyers\/"]}]}},"_links":{"self":[{"href":"https:\/\/www.chrisearley.com\/es\/wp-json\/wp\/v2\/pages\/12430","targetHints":{"allow":["GET"]}}],"collection":[{"href":"https:\/\/www.chrisearley.com\/es\/wp-json\/wp\/v2\/pages"}],"about":[{"href":"https:\/\/www.chrisearley.com\/es\/wp-json\/wp\/v2\/types\/page"}],"author":[{"embeddable":true,"href":"https:\/\/www.chrisearley.com\/es\/wp-json\/wp\/v2\/users\/35"}],"replies":[{"embeddable":true,"href":"https:\/\/www.chrisearley.com\/es\/wp-json\/wp\/v2\/comments?post=12430"}],"version-history":[{"count":0,"href":"https:\/\/www.chrisearley.com\/es\/wp-json\/wp\/v2\/pages\/12430\/revisions"}],"up":[{"embeddable":true,"href":"https:\/\/www.chrisearley.com\/es\/wp-json\/wp\/v2\/pages\/12326"}],"wp:attachment":[{"href":"https:\/\/www.chrisearley.com\/es\/wp-json\/wp\/v2\/media?parent=12430"}],"curies":[{"name":"wp","href":"https:\/\/api.w.org\/{rel}","templated":true}]}}