{"id":12404,"date":"2024-06-15T15:11:54","date_gmt":"2024-06-15T15:11:54","guid":{"rendered":"https:\/\/www.chrisearley.com\/?page_id=12404"},"modified":"2024-07-04T06:12:38","modified_gmt":"2024-07-04T06:12:38","slug":"huesos-rotos","status":"publish","type":"page","link":"https:\/\/www.chrisearley.com\/es\/lesiones-personales\/huesos-rotos\/","title":{"rendered":"Huesos Rotos"},"content":{"rendered":"<p>Como abogado de lesiones de huesos rotos en Boston,\u00a0<a href=\"https:\/\/www.chrisearley.com\/es\/\">Christopher Earley<\/a>\u00a0tiene una amplia experiencia con este tipo de lesi\u00f3n y c\u00f3mo afecta la vida de las personas que la sufren.<\/p>\n<p>Los huesos rotos son una lesi\u00f3n extremadamente com\u00fan en las personas que sufren un accidente. Sorprendentemente, aproximadamente\u00a0<a href=\"https:\/\/orthoinfo.aaos.org\/en\/diseases--conditions\/?topic=BrokenBones\" target=\"_blank\" rel=\"noopener\">6 millones de personas<\/a>\u00a0se romper\u00e1n un hueso cada a\u00f1o. Una fractura es otra palabra com\u00fan para un hueso roto.<\/p>\n<p>Muchas veces, los huesos rotos son el resultado de un accidente que incluye lesiones personales, en el que una persona o una empresa caus\u00f3 una lesi\u00f3n por negligencia. Por lo general, cuanto mayor sea el impacto durante un accidente automovil\u00edstico o m\u00e1s fuerte la ca\u00edda, existen m\u00e1s probabilidades de que suceda una fractura. Por supuesto, para algunas personas como los ancianos, no se necesita un golpe tan fuerte para provocar una fractura.<\/p>\n<p>Los huesos rotos pueden causar estad\u00edas prolongadas en el hospital, facturas m\u00e9dicas extremadamente costosas, p\u00e9rdida de tiempo de trabajo y disminuci\u00f3n de la capacidad para realizar sus actividades diarias habituales. Incluso las fracturas m\u00e1s simples pueden causar enormes estragos en la vida de una persona.<\/p>\n<h2>Tipos de Huesos Rotos<\/h2>\n<ul>\n<li><strong>Fractura estable:<\/strong>\u00a0el hueso est\u00e1 roto pero no fuera de lugar.<\/li>\n<li><strong>Fractura compuesta:<\/strong>\u00a0el hueso ha penetrado la piel, lo que dificulta su reparaci\u00f3n.<\/li>\n<li><strong>Fractura transversal:<\/strong>\u00a0el hueso se rompe horizontalmente.<\/li>\n<li><strong>Fractura oblicua:<\/strong>\u00a0este tipo de fractura tiene una apariencia de \u00e1ngulo.<\/li>\n<li><strong>Fractura conminuta:<\/strong>\u00a0una fractura muy grave en la que el hueso se ha roto en varios pedazos.<\/li>\n<\/ul>\n<p>Estas fracturas pueden ocurrir en cualquier parte del cuerpo, incluyendo:<\/p>\n<div class=\"row\">\n<ul class=\"col-xl-6\">\n<li><a href=\"https:\/\/www.chrisearley.com\/es\/lesiones-personales\/lesion-en-el-hombro\/\">Fracturas de hombro (clav\u00edcula)<\/a><\/li>\n<li><a href=\"https:\/\/www.chrisearley.com\/es\/lesiones-personales\/lesion-de-rodilla\/\">Fracturas de rodilla<\/a><\/li>\n<li>Fracturas de piernas (f\u00e9mur, peron\u00e9, tibia)<\/li>\n<li>Fracturas de pie<\/li>\n<li>Fracturas de cr\u00e1neo<\/li>\n<li>Fracturas de espalda<\/li>\n<li>Fractura del dedo del pie<\/li>\n<li>Fracturas de dedos<\/li>\n<li>Fracturas de estern\u00f3n<\/li>\n<li>Fracturas de h\u00famero<\/li>\n<\/ul>\n<ul class=\"col-xl-6\">\n<li><a href=\"https:\/\/www.chrisearley.com\/es\/lesiones-personales\/lesion-en-el-tobillo\/\">Fracturas de tobillo<\/a><\/li>\n<li>Fracturas de pelvis<\/li>\n<li>Fracturas faciales<\/li>\n<li>Fracturas de nariz<\/li>\n<li><a href=\"https:\/\/www.chrisearley.com\/es\/lesiones-personales\/costilla-rota\/\">Fracturas de costillas<\/a><\/li>\n<li>Fracturas de cadera<\/li>\n<li><a href=\"https:\/\/www.chrisearley.com\/es\/lesiones-personales\/lesion-de-espalda\/\">Fracturas de espalda<\/a><\/li>\n<li>Fracturas de cuello<\/li>\n<li><a href=\"https:\/\/www.chrisearley.com\/es\/lesiones-personales\/muneca-rota\/\">Fracturas de mu\u00f1eca<\/a><\/li>\n<\/ul>\n<\/div>\n<p>Si la fractura requiere cirug\u00eda o no, depender\u00e1 de la gravedad de la fractura. A veces, se puede realizar una reducci\u00f3n cerrada, que es cuando el doctor es capaz de colocar el hueso roto en su lugar, sin necesidad de cirug\u00eda.<\/p>\n<p>Para roturas m\u00e1s graves, puede ser necesaria la fijaci\u00f3n interna de reducci\u00f3n abierta. Es entonces cuando el m\u00e9dico debe realizar una cirug\u00eda interna para reparar la fractura con placas y tornillos. Este es un procedimiento mucho m\u00e1s invasivo y costoso, con un per\u00edodo de recuperaci\u00f3n m\u00e1s extenso.<\/p>\n<h2>Causas Comunes de Huesos Rotos<\/h2>\n<ul>\n<li><a href=\"https:\/\/www.chrisearley.com\/es\/accidentes-de-automoviles\/\">Accidentes automovil\u00edsticos<\/a><\/li>\n<li><a href=\"https:\/\/www.chrisearley.com\/es\/compensacion-laboral\/\">Accidentes de compensaci\u00f3n laboral<\/a><\/li>\n<li><a href=\"https:\/\/www.chrisearley.com\/es\/accidente-de-bicicleta\/\">Accidentes de bicicleta<\/a><\/li>\n<li><a href=\"https:\/\/www.chrisearley.com\/es\/accidente-de-motocicleta\/\">Accidentes de motocicleta<\/a><\/li>\n<li><a href=\"https:\/\/www.chrisearley.com\/es\/accidente-de-camion\/\">Casos de accidentes de camiones<\/a><\/li>\n<li><a href=\"https:\/\/www.chrisearley.com\/es\/abuso-en-el-hogar-de-ancianos\/\">Casos de abuso en hogares de ancianos<\/a><\/li>\n<li><a href=\"https:\/\/www.chrisearley.com\/es\/accidente-de-peatones\/\">Accidentes de peatones<\/a><\/li>\n<li><a href=\"https:\/\/www.chrisearley.com\/es\/accidente-por-resbalon-y-caida\/\">Accidentes por resbalones y ca\u00eddas<\/a><\/li>\n<li><a href=\"https:\/\/www.chrisearley.com\/es\/accidente-de-nieve-y-hielo\/\">Accidentes de nieve y hielo<\/a><\/li>\n<li><a href=\"https:\/\/www.chrisearley.com\/es\/lesiones-personales\/lesion-catastrofica\/\">Accidentes catastr\u00f3ficos<\/a><\/li>\n<li><a href=\"https:\/\/www.chrisearley.com\/es\/accidente-de-construccion\/\">Accidentes de construcci\u00f3n<\/a><\/li>\n<li><a href=\"https:\/\/www.chrisearley.com\/es\/mordida-de-perro\/\">Mordeduras y ataques de perros<\/a><\/li>\n<li><a href=\"https:\/\/www.chrisearley.com\/es\/accidentes-de-automoviles\/accidente-de-transito-mbta\/\">Casos de accidentes MBTA<\/a><\/li>\n<li><a href=\"https:\/\/www.chrisearley.com\/es\/lesion-en-guarderia\/\">Casos de accidentes en guarder\u00edas<\/a><\/li>\n<li><a href=\"https:\/\/www.chrisearley.com\/es\/accidente-de-ascensor-y-escalera-mecanica\/\">Casos de accidentes de ascensores y escaleras mec\u00e1nicas<\/a><\/li>\n<\/ul>\n<h2>Abogado de Lesiones de Huesos Rotos en Boston Christopher Earley<\/h2>\n<p>La oficina legal de Christopher Earley puede ayudarlo si sufri\u00f3 alguna fractura de huesos a causa de un\u00a0<a href=\"https:\/\/www.chrisearley.com\/es\/accidentes-de-automoviles\/\">accidente automovil\u00edstico<\/a>,\u00a0<a href=\"https:\/\/www.chrisearley.com\/es\/accidente-por-resbalon-y-caida\/\">resbal\u00f3n y ca\u00edda<\/a>,\u00a0<a href=\"https:\/\/www.chrisearley.com\/es\/compensacion-laboral\/\">compensaci\u00f3n laboral<\/a>\u00a0o cualquier otro tipo de accidente por lesiones personales en Massachusetts.<\/p>\n<p>Solamente nos paga si ganamos su caso, as\u00ed que no pierda tiempo y llame hoy para su\u00a0<a href=\"https:\/\/www.chrisearley.com\/es\/contactenos\/\">consulta gratis<\/a>\u00a0y sin compromiso. Eso se llama tarifa de contingencia. Esperamos poder ayudarlo con su demanda, demandar que pueda obtener la justicia que usted y su familia merecen. \u00a1Ll\u00e1menos hoy al 617-444-7777 y aseg\u00farese de solicitar uno de nuestros libros gratuitos hoy mismo!<\/p>\n","protected":false},"excerpt":{"rendered":"<p>Como abogado de lesiones de huesos rotos en Boston,\u00a0Christopher Earley\u00a0tiene una amplia experiencia con este tipo de lesi\u00f3n y c\u00f3mo afecta la vida de las personas que la sufren. Los huesos rotos son una lesi\u00f3n extremadamente com\u00fan en las personas que sufren un accidente. Sorprendentemente, aproximadamente\u00a06 millones de personas\u00a0se romper\u00e1n un hueso cada a\u00f1o. Una [&hellip;]<\/p>\n","protected":false},"author":35,"featured_media":0,"parent":12326,"menu_order":79,"comment_status":"closed","ping_status":"closed","template":"","meta":{"_acf_changed":false,"footnotes":""},"class_list":["post-12404","page","type-page","status-publish","hentry"],"acf":[],"yoast_head":"<!-- This site is optimized with the Yoast SEO plugin v27.5 - https:\/\/yoast.com\/product\/yoast-seo-wordpress\/ -->\n<title>Huesos Rotos | Boston Abogado de Lesi\u00f3n Personal Earley Law Group Injury Lawyers<\/title>\n<meta name=\"description\" content=\"Consulta Gratis - Ll\u00e1menos al 617-444-7777 - Earley Law Group Injury Lawyers ayuda a las v\u00edctimas y sus familias a recibir una compensaci\u00f3n por sus lesiones. Huesos Rotos - Boston Abogado de Lesi\u00f3n Personal\" \/>\n<meta name=\"robots\" content=\"index, follow, max-snippet:-1, max-image-preview:large, max-video-preview:-1\" \/>\n<link rel=\"canonical\" href=\"https:\/\/www.chrisearley.com\/es\/lesiones-personales\/huesos-rotos\/\" \/>\n<meta property=\"og:locale\" content=\"es_ES\" \/>\n<meta property=\"og:type\" content=\"article\" \/>\n<meta property=\"og:title\" content=\"Huesos Rotos | Boston Abogado de Lesi\u00f3n Personal Earley Law Group Injury Lawyers\" \/>\n<meta property=\"og:description\" content=\"Consulta Gratis - Ll\u00e1menos al 617-444-7777 - Earley Law Group Injury Lawyers ayuda a las v\u00edctimas y sus familias a recibir una compensaci\u00f3n por sus lesiones. Huesos Rotos - Boston Abogado de Lesi\u00f3n Personal\" \/>\n<meta property=\"og:url\" content=\"https:\/\/www.chrisearley.com\/es\/lesiones-personales\/huesos-rotos\/\" \/>\n<meta property=\"og:site_name\" content=\"Earley Law Group Injury Lawyers\" \/>\n<meta property=\"article:publisher\" content=\"https:\/\/www.facebook.com\/Law-Offices-of-Christopher-Earley-104980886333\/\" \/>\n<meta property=\"article:modified_time\" content=\"2024-07-04T06:12:38+00:00\" \/>\n<meta name=\"twitter:card\" content=\"summary_large_image\" \/>\n<meta name=\"twitter:site\" content=\"@chrisearleylaw\" \/>\n<meta name=\"twitter:label1\" content=\"Est. reading time\" \/>\n\t<meta name=\"twitter:data1\" content=\"3 minutes\" \/>\n<script type=\"application\/ld+json\" class=\"yoast-schema-graph\">{\"@context\":\"https:\\\/\\\/schema.org\",\"@graph\":[{\"@type\":\"WebPage\",\"@id\":\"https:\\\/\\\/www.chrisearley.com\\\/es\\\/lesiones-personales\\\/huesos-rotos\\\/\",\"url\":\"https:\\\/\\\/www.chrisearley.com\\\/es\\\/lesiones-personales\\\/huesos-rotos\\\/\",\"name\":\"Huesos Rotos | Boston Abogado de Lesi\u00f3n Personal Earley Law Group Injury Lawyers\",\"isPartOf\":{\"@id\":\"https:\\\/\\\/www.chrisearley.com\\\/es\\\/#website\"},\"datePublished\":\"2024-06-15T15:11:54+00:00\",\"dateModified\":\"2024-07-04T06:12:38+00:00\",\"description\":\"Consulta Gratis - Ll\u00e1menos al 617-444-7777 - Earley Law Group Injury Lawyers ayuda a las v\u00edctimas y sus familias a recibir una compensaci\u00f3n por sus lesiones. Huesos Rotos - Boston Abogado de Lesi\u00f3n Personal\",\"breadcrumb\":{\"@id\":\"https:\\\/\\\/www.chrisearley.com\\\/es\\\/lesiones-personales\\\/huesos-rotos\\\/#breadcrumb\"},\"inLanguage\":\"es-US\",\"potentialAction\":[{\"@type\":\"ReadAction\",\"target\":[\"https:\\\/\\\/www.chrisearley.com\\\/es\\\/lesiones-personales\\\/huesos-rotos\\\/\"]}]},{\"@type\":\"BreadcrumbList\",\"@id\":\"https:\\\/\\\/www.chrisearley.com\\\/es\\\/lesiones-personales\\\/huesos-rotos\\\/#breadcrumb\",\"itemListElement\":[{\"@type\":\"ListItem\",\"position\":1,\"name\":\"Home\",\"item\":\"https:\\\/\\\/www.chrisearley.com\\\/es\\\/\"},{\"@type\":\"ListItem\",\"position\":2,\"name\":\"Lesiones Personales\",\"item\":\"https:\\\/\\\/www.chrisearley.com\\\/es\\\/lesiones-personales\\\/\"},{\"@type\":\"ListItem\",\"position\":3,\"name\":\"Huesos Rotos\"}]},{\"@type\":\"WebSite\",\"@id\":\"https:\\\/\\\/www.chrisearley.com\\\/es\\\/#website\",\"url\":\"https:\\\/\\\/www.chrisearley.com\\\/es\\\/\",\"name\":\"Earley Law Group Injury Lawyers\",\"description\":\"\",\"publisher\":{\"@id\":\"https:\\\/\\\/www.chrisearley.com\\\/es\\\/#organization\"},\"potentialAction\":[{\"@type\":\"SearchAction\",\"target\":{\"@type\":\"EntryPoint\",\"urlTemplate\":\"https:\\\/\\\/www.chrisearley.com\\\/es\\\/?s={search_term_string}\"},\"query-input\":{\"@type\":\"PropertyValueSpecification\",\"valueRequired\":true,\"valueName\":\"search_term_string\"}}],\"inLanguage\":\"es-US\"},{\"@type\":\"Organization\",\"@id\":\"https:\\\/\\\/www.chrisearley.com\\\/es\\\/#organization\",\"name\":\"Earley Law Group Injury Lawyers\",\"url\":\"https:\\\/\\\/www.chrisearley.com\\\/es\\\/\",\"logo\":{\"@type\":\"ImageObject\",\"inLanguage\":\"es-US\",\"@id\":\"https:\\\/\\\/www.chrisearley.com\\\/es\\\/#\\\/schema\\\/logo\\\/image\\\/\",\"url\":\"https:\\\/\\\/www.chrisearley.com\\\/wp-content\\\/uploads\\\/2024\\\/05\\\/logo.png\",\"contentUrl\":\"https:\\\/\\\/www.chrisearley.com\\\/wp-content\\\/uploads\\\/2024\\\/05\\\/logo.png\",\"width\":420,\"height\":79,\"caption\":\"Earley Law Group Injury Lawyers\"},\"image\":{\"@id\":\"https:\\\/\\\/www.chrisearley.com\\\/es\\\/#\\\/schema\\\/logo\\\/image\\\/\"},\"sameAs\":[\"https:\\\/\\\/www.facebook.com\\\/Law-Offices-of-Christopher-Earley-104980886333\\\/\",\"https:\\\/\\\/x.com\\\/chrisearleylaw\",\"https:\\\/\\\/www.youtube.com\\\/user\\\/ChrisEarleyLaw\",\"https:\\\/\\\/www.linkedin.com\\\/company\\\/earley-law-group-injury-lawyers\",\"https:\\\/\\\/www.instagram.com\\\/earleylawgroupinjurylawyers\\\/\"]}]}<\/script>\n<!-- \/ Yoast SEO plugin. -->","yoast_head_json":{"title":"Huesos Rotos | Boston Abogado de Lesi\u00f3n Personal Earley Law Group Injury Lawyers","description":"Consulta Gratis - Ll\u00e1menos al 617-444-7777 - Earley Law Group Injury Lawyers ayuda a las v\u00edctimas y sus familias a recibir una compensaci\u00f3n por sus lesiones. Huesos Rotos - Boston Abogado de Lesi\u00f3n Personal","robots":{"index":"index","follow":"follow","max-snippet":"max-snippet:-1","max-image-preview":"max-image-preview:large","max-video-preview":"max-video-preview:-1"},"canonical":"https:\/\/www.chrisearley.com\/es\/lesiones-personales\/huesos-rotos\/","og_locale":"es_ES","og_type":"article","og_title":"Huesos Rotos | Boston Abogado de Lesi\u00f3n Personal Earley Law Group Injury Lawyers","og_description":"Consulta Gratis - Ll\u00e1menos al 617-444-7777 - Earley Law Group Injury Lawyers ayuda a las v\u00edctimas y sus familias a recibir una compensaci\u00f3n por sus lesiones. Huesos Rotos - Boston Abogado de Lesi\u00f3n Personal","og_url":"https:\/\/www.chrisearley.com\/es\/lesiones-personales\/huesos-rotos\/","og_site_name":"Earley Law Group Injury Lawyers","article_publisher":"https:\/\/www.facebook.com\/Law-Offices-of-Christopher-Earley-104980886333\/","article_modified_time":"2024-07-04T06:12:38+00:00","twitter_card":"summary_large_image","twitter_site":"@chrisearleylaw","twitter_misc":{"Est. reading time":"3 minutes"},"schema":{"@context":"https:\/\/schema.org","@graph":[{"@type":"WebPage","@id":"https:\/\/www.chrisearley.com\/es\/lesiones-personales\/huesos-rotos\/","url":"https:\/\/www.chrisearley.com\/es\/lesiones-personales\/huesos-rotos\/","name":"Huesos Rotos | Boston Abogado de Lesi\u00f3n Personal Earley Law Group Injury Lawyers","isPartOf":{"@id":"https:\/\/www.chrisearley.com\/es\/#website"},"datePublished":"2024-06-15T15:11:54+00:00","dateModified":"2024-07-04T06:12:38+00:00","description":"Consulta Gratis - Ll\u00e1menos al 617-444-7777 - Earley Law Group Injury Lawyers ayuda a las v\u00edctimas y sus familias a recibir una compensaci\u00f3n por sus lesiones. Huesos Rotos - Boston Abogado de Lesi\u00f3n Personal","breadcrumb":{"@id":"https:\/\/www.chrisearley.com\/es\/lesiones-personales\/huesos-rotos\/#breadcrumb"},"inLanguage":"es-US","potentialAction":[{"@type":"ReadAction","target":["https:\/\/www.chrisearley.com\/es\/lesiones-personales\/huesos-rotos\/"]}]},{"@type":"BreadcrumbList","@id":"https:\/\/www.chrisearley.com\/es\/lesiones-personales\/huesos-rotos\/#breadcrumb","itemListElement":[{"@type":"ListItem","position":1,"name":"Home","item":"https:\/\/www.chrisearley.com\/es\/"},{"@type":"ListItem","position":2,"name":"Lesiones Personales","item":"https:\/\/www.chrisearley.com\/es\/lesiones-personales\/"},{"@type":"ListItem","position":3,"name":"Huesos Rotos"}]},{"@type":"WebSite","@id":"https:\/\/www.chrisearley.com\/es\/#website","url":"https:\/\/www.chrisearley.com\/es\/","name":"Earley Law Group Injury Lawyers","description":"","publisher":{"@id":"https:\/\/www.chrisearley.com\/es\/#organization"},"potentialAction":[{"@type":"SearchAction","target":{"@type":"EntryPoint","urlTemplate":"https:\/\/www.chrisearley.com\/es\/?s={search_term_string}"},"query-input":{"@type":"PropertyValueSpecification","valueRequired":true,"valueName":"search_term_string"}}],"inLanguage":"es-US"},{"@type":"Organization","@id":"https:\/\/www.chrisearley.com\/es\/#organization","name":"Earley Law Group Injury Lawyers","url":"https:\/\/www.chrisearley.com\/es\/","logo":{"@type":"ImageObject","inLanguage":"es-US","@id":"https:\/\/www.chrisearley.com\/es\/#\/schema\/logo\/image\/","url":"https:\/\/www.chrisearley.com\/wp-content\/uploads\/2024\/05\/logo.png","contentUrl":"https:\/\/www.chrisearley.com\/wp-content\/uploads\/2024\/05\/logo.png","width":420,"height":79,"caption":"Earley Law Group Injury Lawyers"},"image":{"@id":"https:\/\/www.chrisearley.com\/es\/#\/schema\/logo\/image\/"},"sameAs":["https:\/\/www.facebook.com\/Law-Offices-of-Christopher-Earley-104980886333\/","https:\/\/x.com\/chrisearleylaw","https:\/\/www.youtube.com\/user\/ChrisEarleyLaw","https:\/\/www.linkedin.com\/company\/earley-law-group-injury-lawyers","https:\/\/www.instagram.com\/earleylawgroupinjurylawyers\/"]}]}},"_links":{"self":[{"href":"https:\/\/www.chrisearley.com\/es\/wp-json\/wp\/v2\/pages\/12404","targetHints":{"allow":["GET"]}}],"collection":[{"href":"https:\/\/www.chrisearley.com\/es\/wp-json\/wp\/v2\/pages"}],"about":[{"href":"https:\/\/www.chrisearley.com\/es\/wp-json\/wp\/v2\/types\/page"}],"author":[{"embeddable":true,"href":"https:\/\/www.chrisearley.com\/es\/wp-json\/wp\/v2\/users\/35"}],"replies":[{"embeddable":true,"href":"https:\/\/www.chrisearley.com\/es\/wp-json\/wp\/v2\/comments?post=12404"}],"version-history":[{"count":0,"href":"https:\/\/www.chrisearley.com\/es\/wp-json\/wp\/v2\/pages\/12404\/revisions"}],"up":[{"embeddable":true,"href":"https:\/\/www.chrisearley.com\/es\/wp-json\/wp\/v2\/pages\/12326"}],"wp:attachment":[{"href":"https:\/\/www.chrisearley.com\/es\/wp-json\/wp\/v2\/media?parent=12404"}],"curies":[{"name":"wp","href":"https:\/\/api.w.org\/{rel}","templated":true}]}}