{"id":12341,"date":"2024-06-15T15:07:24","date_gmt":"2024-06-15T15:07:24","guid":{"rendered":"https:\/\/www.chrisearley.com\/?page_id=12341"},"modified":"2024-07-04T06:08:31","modified_gmt":"2024-07-04T06:08:31","slug":"lesion-catastrofica","status":"publish","type":"page","link":"https:\/\/www.chrisearley.com\/es\/lesiones-personales\/lesion-catastrofica\/","title":{"rendered":"Lesi\u00f3n Catastr\u00f3fica"},"content":{"rendered":"<p>La mera idea de sufrir una lesi\u00f3n catastr\u00f3fica es suficiente para hacer que cualquiera haga una mueca. Sin embargo, este tipo de\u00a0<a href=\"https:\/\/www.chrisearley.com\/es\/lesiones-personales\/\">lesiones personales graves<\/a>\u00a0le ocurren a personas buenas y decentes todos los d\u00edas. Estos accidentes le ocurren a personas inocentes que son v\u00edctimas de la conducta negligente o imprudente de otra persona. Como abogado de lesiones catastr\u00f3ficas de Boston, ayudo a todo aquel que las sufre y tambi\u00e9n a los familiares perjudicados, cuando ocurre una lesi\u00f3n grave y permanente.<\/p>\n<h2>\u00bfQu\u00e9 son las Lesiones Catastr\u00f3ficas?<\/h2>\n<p>Una lesi\u00f3n catastr\u00f3fica es una lesi\u00f3n permanente que cambia la vida de quien la sufre, requiriendo modificaciones significativas de las actividades diarias. Estas lesiones generan generalmente cientos de miles de d\u00f3lares en facturas m\u00e9dicas y un tratamiento m\u00e9dico extenso. A veces se necesitan m\u00faltiples cirug\u00edas. Casi siempre es necesaria una estancia prolongada en un hospital de rehabilitaci\u00f3n.<\/p>\n<p>Si la v\u00edctima ya no puede trabajar, entonces los salarios perdidos pueden, dependiendo de la p\u00e9rdida de ingresos, ser de cientos de miles o incluso millones.<\/p>\n<p>Estas lesiones generalmente resultan en un reclamo y una demanda contra la parte responsable. Estas demandas se hacen por compensaci\u00f3n de facturas m\u00e9dicas, salarios perdidos, p\u00e9rdida de capacidad de ganancia, dolor, sufrimiento y todos los dem\u00e1s da\u00f1os por p\u00e9rdidas ocasionadas por el accidente.<\/p>\n<p>Debido a que estas lesiones casi siempre afectan a la familia de la v\u00edctima, con frecuencia los familiares presentan reclamaciones por p\u00e9rdida del consorcio, que son reclamaciones por la p\u00e9rdida de comodidad y apoyo provocada por el accidente. Estos reclamos generalmente son presentados por c\u00f3nyuges e hijos de la v\u00edctima.<\/p>\n<p><a href=\"https:\/\/www.chrisearley.com\/es\/muerte-injusta\/\">En el caso de una muerte por negligencia<\/a>, se establece un patrimonio para que los familiares sobrevivientes presenten una reclamaci\u00f3n y una demanda de muerte por negligencia en nombre del fallecido o v\u00edctima.<\/p>\n<p>Estos reclamos y juicios son pagados por las compa\u00f1\u00edas de seguros que protegen a las partes negligentes que causaron el accidente. Estos casos con frecuencia se resuelven a trav\u00e9s de la mediaci\u00f3n, que es una conferencia informal de soluci\u00f3n entre las partes del caso, as\u00ed como un mediador autorizado. A veces, estos casos se resuelven sin que sea necesario un juicio, otras veces, si el caso no se resuelve, entonces es necesario un juicio ante un juez y un jurado.<\/p>\n<h2>\u00bfCu\u00e1les son los Tipos M\u00e1s Comunes de Lesiones Catastr\u00f3ficas?<\/h2>\n<p>Estas lesiones pueden ser provocadas por algunos de los siguientes tipos de accidentes:<\/p>\n<ul>\n<li><a href=\"https:\/\/www.chrisearley.com\/es\/accidentes-de-automoviles\/\">Accidentes automovil\u00edsticos<\/a><\/li>\n<li>Casos de accidentes de camiones<\/li>\n<li>Accidentes de compensaci\u00f3n laboral<\/li>\n<li>Casos de accidentes de ascensores y escaleras mec\u00e1nicas<\/li>\n<li><a href=\"https:\/\/www.chrisearley.com\/es\/accidente-de-construccion\/\">Accidentes de construcci\u00f3n<\/a><\/li>\n<li><a href=\"https:\/\/www.chrisearley.com\/es\/accidente-de-bicicleta\/\">Accidentes de bicicleta<\/a><\/li>\n<\/ul>\n<h2>\u00bfQu\u00e9 Compensaci\u00f3n Hay Disponible?<\/h2>\n<p>En t\u00e9rminos generales, asumiendo que la responsabilidad es fuerte, estos casos pueden resultar en acuerdos y veredictos sustanciales. Una reclamaci\u00f3n ser\u00e1 por el pago de facturas m\u00e9dicas, salarios perdidos, p\u00e9rdida de la capacidad de generar ingresos, etc. La reclamaci\u00f3n debe cubrir todas las p\u00e9rdidas de una sola vez, pues una vez que se resuelve la reclamaci\u00f3n y se cierra el caso, nunca m\u00e1s puede ser abierto. Como dice el refr\u00e1n, solo tienes un bocado de la manzana. Cualquier compensaci\u00f3n cobrada no est\u00e1 sujeta a impuestos ya que no se considera una fuente de ingresos.<\/p>\n<h2>Abogados de Lesiones Catastr\u00f3ficas en Boston<\/h2>\n<p>Cuando ocurre una lesi\u00f3n catastr\u00f3fica a ra\u00edz de un accidente, es importante contar con representantes calificados y experimentados de su lado. Llame a\u00a0<a href=\"https:\/\/www.chrisearley.com\/es\/\">la oficina legal de Christopher Earley<\/a> hoy. Estaremos encantados de luchar por sus derechos por una compensaci\u00f3n justa y equitativa.<\/p>\n","protected":false},"excerpt":{"rendered":"<p>La mera idea de sufrir una lesi\u00f3n catastr\u00f3fica es suficiente para hacer que cualquiera haga una mueca. Sin embargo, este tipo de\u00a0lesiones personales graves\u00a0le ocurren a personas buenas y decentes todos los d\u00edas. Estos accidentes le ocurren a personas inocentes que son v\u00edctimas de la conducta negligente o imprudente de otra persona. Como abogado de [&hellip;]<\/p>\n","protected":false},"author":35,"featured_media":0,"parent":12326,"menu_order":2,"comment_status":"closed","ping_status":"closed","template":"","meta":{"_acf_changed":false,"footnotes":""},"class_list":["post-12341","page","type-page","status-publish","hentry"],"acf":[],"yoast_head":"<!-- This site is optimized with the Yoast SEO plugin v27.2 - https:\/\/yoast.com\/product\/yoast-seo-wordpress\/ -->\n<title>Lesi\u00f3n Catastr\u00f3fica | Boston Abogado de Lesi\u00f3n Personal<\/title>\n<meta name=\"description\" content=\"Consulta Gratis - Ll\u00e1menos al 617-444-7777 - Earley Law Group Injury Lawyers ayuda a las v\u00edctimas y sus familias a recibir una compensaci\u00f3n por sus lesiones. Lesi\u00f3n Catastr\u00f3fica - Boston Abogado de Lesi\u00f3n Personal\" \/>\n<meta name=\"robots\" content=\"index, follow, max-snippet:-1, max-image-preview:large, max-video-preview:-1\" \/>\n<link rel=\"canonical\" href=\"https:\/\/www.chrisearley.com\/es\/lesiones-personales\/lesion-catastrofica\/\" \/>\n<meta property=\"og:locale\" content=\"es_ES\" \/>\n<meta property=\"og:type\" content=\"article\" \/>\n<meta property=\"og:title\" content=\"Lesi\u00f3n Catastr\u00f3fica | Boston Abogado de Lesi\u00f3n Personal\" \/>\n<meta property=\"og:description\" content=\"Consulta Gratis - Ll\u00e1menos al 617-444-7777 - Earley Law Group Injury Lawyers ayuda a las v\u00edctimas y sus familias a recibir una compensaci\u00f3n por sus lesiones. Lesi\u00f3n Catastr\u00f3fica - Boston Abogado de Lesi\u00f3n Personal\" \/>\n<meta property=\"og:url\" content=\"https:\/\/www.chrisearley.com\/es\/lesiones-personales\/lesion-catastrofica\/\" \/>\n<meta property=\"og:site_name\" content=\"Earley Law Group Injury Lawyers\" \/>\n<meta property=\"article:publisher\" content=\"https:\/\/www.facebook.com\/Law-Offices-of-Christopher-Earley-104980886333\/\" \/>\n<meta property=\"article:modified_time\" content=\"2024-07-04T06:08:31+00:00\" \/>\n<meta name=\"twitter:card\" content=\"summary_large_image\" \/>\n<meta name=\"twitter:site\" content=\"@chrisearleylaw\" \/>\n<meta name=\"twitter:label1\" content=\"Est. reading time\" \/>\n\t<meta name=\"twitter:data1\" content=\"3 minutes\" \/>\n<script type=\"application\/ld+json\" class=\"yoast-schema-graph\">{\"@context\":\"https:\/\/schema.org\",\"@graph\":[{\"@type\":\"WebPage\",\"@id\":\"https:\/\/www.chrisearley.com\/es\/lesiones-personales\/lesion-catastrofica\/\",\"url\":\"https:\/\/www.chrisearley.com\/es\/lesiones-personales\/lesion-catastrofica\/\",\"name\":\"Lesi\u00f3n Catastr\u00f3fica | Boston Abogado de Lesi\u00f3n Personal\",\"isPartOf\":{\"@id\":\"https:\/\/www.chrisearley.com\/es\/#website\"},\"datePublished\":\"2024-06-15T15:07:24+00:00\",\"dateModified\":\"2024-07-04T06:08:31+00:00\",\"description\":\"Consulta Gratis - Ll\u00e1menos al 617-444-7777 - Earley Law Group Injury Lawyers ayuda a las v\u00edctimas y sus familias a recibir una compensaci\u00f3n por sus lesiones. Lesi\u00f3n Catastr\u00f3fica - Boston Abogado de Lesi\u00f3n Personal\",\"breadcrumb\":{\"@id\":\"https:\/\/www.chrisearley.com\/es\/lesiones-personales\/lesion-catastrofica\/#breadcrumb\"},\"inLanguage\":\"es-US\",\"potentialAction\":[{\"@type\":\"ReadAction\",\"target\":[\"https:\/\/www.chrisearley.com\/es\/lesiones-personales\/lesion-catastrofica\/\"]}]},{\"@type\":\"BreadcrumbList\",\"@id\":\"https:\/\/www.chrisearley.com\/es\/lesiones-personales\/lesion-catastrofica\/#breadcrumb\",\"itemListElement\":[{\"@type\":\"ListItem\",\"position\":1,\"name\":\"Home\",\"item\":\"https:\/\/www.chrisearley.com\/es\/\"},{\"@type\":\"ListItem\",\"position\":2,\"name\":\"Lesiones Personales\",\"item\":\"https:\/\/www.chrisearley.com\/es\/lesiones-personales\/\"},{\"@type\":\"ListItem\",\"position\":3,\"name\":\"Lesi\u00f3n Catastr\u00f3fica\"}]},{\"@type\":\"WebSite\",\"@id\":\"https:\/\/www.chrisearley.com\/es\/#website\",\"url\":\"https:\/\/www.chrisearley.com\/es\/\",\"name\":\"Earley Law Group Injury Lawyers\",\"description\":\"\",\"publisher\":{\"@id\":\"https:\/\/www.chrisearley.com\/es\/#organization\"},\"potentialAction\":[{\"@type\":\"SearchAction\",\"target\":{\"@type\":\"EntryPoint\",\"urlTemplate\":\"https:\/\/www.chrisearley.com\/es\/?s={search_term_string}\"},\"query-input\":{\"@type\":\"PropertyValueSpecification\",\"valueRequired\":true,\"valueName\":\"search_term_string\"}}],\"inLanguage\":\"es-US\"},{\"@type\":\"Organization\",\"@id\":\"https:\/\/www.chrisearley.com\/es\/#organization\",\"name\":\"Earley Law Group Injury Lawyers\",\"url\":\"https:\/\/www.chrisearley.com\/es\/\",\"logo\":{\"@type\":\"ImageObject\",\"inLanguage\":\"es-US\",\"@id\":\"https:\/\/www.chrisearley.com\/es\/#\/schema\/logo\/image\/\",\"url\":\"https:\/\/www.chrisearley.com\/wp-content\/uploads\/2024\/05\/logo.png\",\"contentUrl\":\"https:\/\/www.chrisearley.com\/wp-content\/uploads\/2024\/05\/logo.png\",\"width\":420,\"height\":79,\"caption\":\"Earley Law Group Injury Lawyers\"},\"image\":{\"@id\":\"https:\/\/www.chrisearley.com\/es\/#\/schema\/logo\/image\/\"},\"sameAs\":[\"https:\/\/www.facebook.com\/Law-Offices-of-Christopher-Earley-104980886333\/\",\"https:\/\/x.com\/chrisearleylaw\",\"https:\/\/www.youtube.com\/user\/ChrisEarleyLaw\",\"https:\/\/www.linkedin.com\/company\/earley-law-group-injury-lawyers\",\"https:\/\/www.instagram.com\/earleylawgroupinjurylawyers\/\"]}]}<\/script>\n<!-- \/ Yoast SEO plugin. -->","yoast_head_json":{"title":"Lesi\u00f3n Catastr\u00f3fica | Boston Abogado de Lesi\u00f3n Personal","description":"Consulta Gratis - Ll\u00e1menos al 617-444-7777 - Earley Law Group Injury Lawyers ayuda a las v\u00edctimas y sus familias a recibir una compensaci\u00f3n por sus lesiones. Lesi\u00f3n Catastr\u00f3fica - Boston Abogado de Lesi\u00f3n Personal","robots":{"index":"index","follow":"follow","max-snippet":"max-snippet:-1","max-image-preview":"max-image-preview:large","max-video-preview":"max-video-preview:-1"},"canonical":"https:\/\/www.chrisearley.com\/es\/lesiones-personales\/lesion-catastrofica\/","og_locale":"es_ES","og_type":"article","og_title":"Lesi\u00f3n Catastr\u00f3fica | Boston Abogado de Lesi\u00f3n Personal","og_description":"Consulta Gratis - Ll\u00e1menos al 617-444-7777 - Earley Law Group Injury Lawyers ayuda a las v\u00edctimas y sus familias a recibir una compensaci\u00f3n por sus lesiones. Lesi\u00f3n Catastr\u00f3fica - Boston Abogado de Lesi\u00f3n Personal","og_url":"https:\/\/www.chrisearley.com\/es\/lesiones-personales\/lesion-catastrofica\/","og_site_name":"Earley Law Group Injury Lawyers","article_publisher":"https:\/\/www.facebook.com\/Law-Offices-of-Christopher-Earley-104980886333\/","article_modified_time":"2024-07-04T06:08:31+00:00","twitter_card":"summary_large_image","twitter_site":"@chrisearleylaw","twitter_misc":{"Est. reading time":"3 minutes"},"schema":{"@context":"https:\/\/schema.org","@graph":[{"@type":"WebPage","@id":"https:\/\/www.chrisearley.com\/es\/lesiones-personales\/lesion-catastrofica\/","url":"https:\/\/www.chrisearley.com\/es\/lesiones-personales\/lesion-catastrofica\/","name":"Lesi\u00f3n Catastr\u00f3fica | Boston Abogado de Lesi\u00f3n Personal","isPartOf":{"@id":"https:\/\/www.chrisearley.com\/es\/#website"},"datePublished":"2024-06-15T15:07:24+00:00","dateModified":"2024-07-04T06:08:31+00:00","description":"Consulta Gratis - Ll\u00e1menos al 617-444-7777 - Earley Law Group Injury Lawyers ayuda a las v\u00edctimas y sus familias a recibir una compensaci\u00f3n por sus lesiones. Lesi\u00f3n Catastr\u00f3fica - Boston Abogado de Lesi\u00f3n Personal","breadcrumb":{"@id":"https:\/\/www.chrisearley.com\/es\/lesiones-personales\/lesion-catastrofica\/#breadcrumb"},"inLanguage":"es-US","potentialAction":[{"@type":"ReadAction","target":["https:\/\/www.chrisearley.com\/es\/lesiones-personales\/lesion-catastrofica\/"]}]},{"@type":"BreadcrumbList","@id":"https:\/\/www.chrisearley.com\/es\/lesiones-personales\/lesion-catastrofica\/#breadcrumb","itemListElement":[{"@type":"ListItem","position":1,"name":"Home","item":"https:\/\/www.chrisearley.com\/es\/"},{"@type":"ListItem","position":2,"name":"Lesiones Personales","item":"https:\/\/www.chrisearley.com\/es\/lesiones-personales\/"},{"@type":"ListItem","position":3,"name":"Lesi\u00f3n Catastr\u00f3fica"}]},{"@type":"WebSite","@id":"https:\/\/www.chrisearley.com\/es\/#website","url":"https:\/\/www.chrisearley.com\/es\/","name":"Earley Law Group Injury Lawyers","description":"","publisher":{"@id":"https:\/\/www.chrisearley.com\/es\/#organization"},"potentialAction":[{"@type":"SearchAction","target":{"@type":"EntryPoint","urlTemplate":"https:\/\/www.chrisearley.com\/es\/?s={search_term_string}"},"query-input":{"@type":"PropertyValueSpecification","valueRequired":true,"valueName":"search_term_string"}}],"inLanguage":"es-US"},{"@type":"Organization","@id":"https:\/\/www.chrisearley.com\/es\/#organization","name":"Earley Law Group Injury Lawyers","url":"https:\/\/www.chrisearley.com\/es\/","logo":{"@type":"ImageObject","inLanguage":"es-US","@id":"https:\/\/www.chrisearley.com\/es\/#\/schema\/logo\/image\/","url":"https:\/\/www.chrisearley.com\/wp-content\/uploads\/2024\/05\/logo.png","contentUrl":"https:\/\/www.chrisearley.com\/wp-content\/uploads\/2024\/05\/logo.png","width":420,"height":79,"caption":"Earley Law Group Injury Lawyers"},"image":{"@id":"https:\/\/www.chrisearley.com\/es\/#\/schema\/logo\/image\/"},"sameAs":["https:\/\/www.facebook.com\/Law-Offices-of-Christopher-Earley-104980886333\/","https:\/\/x.com\/chrisearleylaw","https:\/\/www.youtube.com\/user\/ChrisEarleyLaw","https:\/\/www.linkedin.com\/company\/earley-law-group-injury-lawyers","https:\/\/www.instagram.com\/earleylawgroupinjurylawyers\/"]}]}},"_links":{"self":[{"href":"https:\/\/www.chrisearley.com\/es\/wp-json\/wp\/v2\/pages\/12341","targetHints":{"allow":["GET"]}}],"collection":[{"href":"https:\/\/www.chrisearley.com\/es\/wp-json\/wp\/v2\/pages"}],"about":[{"href":"https:\/\/www.chrisearley.com\/es\/wp-json\/wp\/v2\/types\/page"}],"author":[{"embeddable":true,"href":"https:\/\/www.chrisearley.com\/es\/wp-json\/wp\/v2\/users\/35"}],"replies":[{"embeddable":true,"href":"https:\/\/www.chrisearley.com\/es\/wp-json\/wp\/v2\/comments?post=12341"}],"version-history":[{"count":0,"href":"https:\/\/www.chrisearley.com\/es\/wp-json\/wp\/v2\/pages\/12341\/revisions"}],"up":[{"embeddable":true,"href":"https:\/\/www.chrisearley.com\/es\/wp-json\/wp\/v2\/pages\/12326"}],"wp:attachment":[{"href":"https:\/\/www.chrisearley.com\/es\/wp-json\/wp\/v2\/media?parent=12341"}],"curies":[{"name":"wp","href":"https:\/\/api.w.org\/{rel}","templated":true}]}}