{"id":12326,"date":"2024-06-14T08:28:13","date_gmt":"2024-06-14T08:28:13","guid":{"rendered":"https:\/\/www.chrisearley.com\/?page_id=12326"},"modified":"2024-07-02T12:53:53","modified_gmt":"2024-07-02T12:53:53","slug":"lesiones-personales","status":"publish","type":"page","link":"https:\/\/www.chrisearley.com\/es\/lesiones-personales\/","title":{"rendered":"Lesiones Personales"},"content":{"rendered":"<ul>\n<li><a href=\"https:\/\/www.chrisearley.com\/es\/lesiones-personales\/lesion-catastrofica\/\">Lesi\u00f3n Catastr\u00f3fica<\/a><\/li>\n<li><a href=\"https:\/\/www.chrisearley.com\/es\/accidente-de-bicicleta\/\">Accidente de Bicicleta<\/a><\/li>\n<li><a href=\"https:\/\/www.chrisearley.com\/es\/accidente-de-construccion\/\">Accidente de Construcci\u00f3n<\/a><\/li>\n<li><a href=\"https:\/\/www.chrisearley.com\/es\/lesion-en-guarderia\/\">Lesi\u00f3n en Guarder\u00eda<\/a><\/li>\n<li><a href=\"https:\/\/www.chrisearley.com\/es\/mordida-de-perro\/\">Mordida de Perro<\/a><\/li>\n<li><a href=\"https:\/\/www.chrisearley.com\/es\/intoxicacion-alimentaria\/\">Intoxicaci\u00f3n Alimentaria<\/a><\/li>\n<li><a href=\"https:\/\/www.chrisearley.com\/es\/abuso-en-el-hogar-de-ancianos\/\">Abuso en el Hogar de Ancianos<\/a><\/li>\n<li><a href=\"https:\/\/www.chrisearley.com\/es\/accidente-de-peatones\/\">Accidente de Peatones<\/a><\/li>\n<li><a href=\"https:\/\/www.chrisearley.com\/es\/victimas-de-acoso-sexual\/\">V\u00edctimas de Acoso Sexual<\/a><\/li>\n<li><a href=\"https:\/\/www.chrisearley.com\/es\/accidente-por-resbalon-y-caida\/\">Accidente por Resbal\u00f3n y Ca\u00edda<\/a><\/li>\n<li><a href=\"https:\/\/www.chrisearley.com\/es\/accidente-de-turismo\/\">Accidente de Turismo<\/a><\/li>\n<li><a href=\"https:\/\/www.chrisearley.com\/es\/lesion-laboral\/\">Lesi\u00f3n Laboral<\/a><\/li>\n<\/ul>\n","protected":false},"excerpt":{"rendered":"<p>Lesi\u00f3n Catastr\u00f3fica Accidente de Bicicleta Accidente de Construcci\u00f3n Lesi\u00f3n en Guarder\u00eda Mordida de Perro Intoxicaci\u00f3n Alimentaria Abuso en el Hogar de Ancianos Accidente de Peatones V\u00edctimas de Acoso Sexual Accidente por Resbal\u00f3n y Ca\u00edda Accidente de Turismo Lesi\u00f3n Laboral<\/p>\n","protected":false},"author":35,"featured_media":19074,"parent":0,"menu_order":629,"comment_status":"closed","ping_status":"closed","template":"","meta":{"_acf_changed":false,"footnotes":""},"class_list":["post-12326","page","type-page","status-publish","has-post-thumbnail","hentry"],"acf":[],"yoast_head":"<!-- This site is optimized with the Yoast SEO plugin v27.5 - https:\/\/yoast.com\/product\/yoast-seo-wordpress\/ -->\n<title>Lesiones Personales | Boston Abogado de Accidente Earley Law Group Injury Lawyers<\/title>\n<meta name=\"description\" content=\"Consulta Gratis - Ll\u00e1menos al 617-444-7777 - Earley Law Group Injury Lawyers ayuda a las v\u00edctimas y sus familias a recibir una compensaci\u00f3n por sus lesiones. Lesiones Personales - Boston Abogado de Accidente\" \/>\n<meta name=\"robots\" content=\"noindex, follow\" \/>\n<meta property=\"og:locale\" content=\"es_ES\" \/>\n<meta property=\"og:type\" content=\"article\" \/>\n<meta property=\"og:title\" content=\"Lesiones Personales | Boston Abogado de Accidente Earley Law Group Injury Lawyers\" \/>\n<meta property=\"og:description\" content=\"Consulta Gratis - Ll\u00e1menos al 617-444-7777 - Earley Law Group Injury Lawyers ayuda a las v\u00edctimas y sus familias a recibir una compensaci\u00f3n por sus lesiones. Lesiones Personales - Boston Abogado de Accidente\" \/>\n<meta property=\"og:url\" content=\"https:\/\/www.chrisearley.com\/es\/lesiones-personales\/\" \/>\n<meta property=\"og:site_name\" content=\"Earley Law Group Injury Lawyers\" \/>\n<meta property=\"article:publisher\" content=\"https:\/\/www.facebook.com\/Law-Offices-of-Christopher-Earley-104980886333\/\" \/>\n<meta property=\"article:modified_time\" content=\"2024-07-02T12:53:53+00:00\" \/>\n<meta property=\"og:image\" content=\"https:\/\/www.chrisearley.com\/wp-content\/uploads\/2024\/06\/personal-injury.jpg\" \/>\n\t<meta property=\"og:image:width\" content=\"900\" \/>\n\t<meta property=\"og:image:height\" content=\"360\" \/>\n\t<meta property=\"og:image:type\" content=\"image\/jpeg\" \/>\n<meta name=\"twitter:card\" content=\"summary_large_image\" \/>\n<meta name=\"twitter:site\" content=\"@chrisearleylaw\" \/>\n<meta name=\"twitter:label1\" content=\"Est. reading time\" \/>\n\t<meta name=\"twitter:data1\" content=\"1 minute\" \/>\n<script type=\"application\/ld+json\" class=\"yoast-schema-graph\">{\"@context\":\"https:\\\/\\\/schema.org\",\"@graph\":[{\"@type\":\"WebPage\",\"@id\":\"https:\\\/\\\/www.chrisearley.com\\\/es\\\/lesiones-personales\\\/\",\"url\":\"https:\\\/\\\/www.chrisearley.com\\\/es\\\/lesiones-personales\\\/\",\"name\":\"Lesiones Personales | Boston Abogado de Accidente Earley Law Group Injury Lawyers\",\"isPartOf\":{\"@id\":\"https:\\\/\\\/www.chrisearley.com\\\/es\\\/#website\"},\"primaryImageOfPage\":{\"@id\":\"https:\\\/\\\/www.chrisearley.com\\\/es\\\/lesiones-personales\\\/#primaryimage\"},\"image\":{\"@id\":\"https:\\\/\\\/www.chrisearley.com\\\/es\\\/lesiones-personales\\\/#primaryimage\"},\"thumbnailUrl\":\"https:\\\/\\\/www.chrisearley.com\\\/wp-content\\\/uploads\\\/2024\\\/06\\\/personal-injury.jpg\",\"datePublished\":\"2024-06-14T08:28:13+00:00\",\"dateModified\":\"2024-07-02T12:53:53+00:00\",\"description\":\"Consulta Gratis - Ll\u00e1menos al 617-444-7777 - Earley Law Group Injury Lawyers ayuda a las v\u00edctimas y sus familias a recibir una compensaci\u00f3n por sus lesiones. Lesiones Personales - Boston Abogado de Accidente\",\"breadcrumb\":{\"@id\":\"https:\\\/\\\/www.chrisearley.com\\\/es\\\/lesiones-personales\\\/#breadcrumb\"},\"inLanguage\":\"es-US\",\"potentialAction\":[{\"@type\":\"ReadAction\",\"target\":[\"https:\\\/\\\/www.chrisearley.com\\\/es\\\/lesiones-personales\\\/\"]}]},{\"@type\":\"ImageObject\",\"inLanguage\":\"es-US\",\"@id\":\"https:\\\/\\\/www.chrisearley.com\\\/es\\\/lesiones-personales\\\/#primaryimage\",\"url\":\"https:\\\/\\\/www.chrisearley.com\\\/wp-content\\\/uploads\\\/2024\\\/06\\\/personal-injury.jpg\",\"contentUrl\":\"https:\\\/\\\/www.chrisearley.com\\\/wp-content\\\/uploads\\\/2024\\\/06\\\/personal-injury.jpg\",\"width\":900,\"height\":360,\"caption\":\"personal injury\"},{\"@type\":\"BreadcrumbList\",\"@id\":\"https:\\\/\\\/www.chrisearley.com\\\/es\\\/lesiones-personales\\\/#breadcrumb\",\"itemListElement\":[{\"@type\":\"ListItem\",\"position\":1,\"name\":\"Home\",\"item\":\"https:\\\/\\\/www.chrisearley.com\\\/es\\\/\"},{\"@type\":\"ListItem\",\"position\":2,\"name\":\"Lesiones Personales\"}]},{\"@type\":\"WebSite\",\"@id\":\"https:\\\/\\\/www.chrisearley.com\\\/es\\\/#website\",\"url\":\"https:\\\/\\\/www.chrisearley.com\\\/es\\\/\",\"name\":\"Earley Law Group Injury Lawyers\",\"description\":\"\",\"publisher\":{\"@id\":\"https:\\\/\\\/www.chrisearley.com\\\/es\\\/#organization\"},\"potentialAction\":[{\"@type\":\"SearchAction\",\"target\":{\"@type\":\"EntryPoint\",\"urlTemplate\":\"https:\\\/\\\/www.chrisearley.com\\\/es\\\/?s={search_term_string}\"},\"query-input\":{\"@type\":\"PropertyValueSpecification\",\"valueRequired\":true,\"valueName\":\"search_term_string\"}}],\"inLanguage\":\"es-US\"},{\"@type\":\"Organization\",\"@id\":\"https:\\\/\\\/www.chrisearley.com\\\/es\\\/#organization\",\"name\":\"Earley Law Group Injury Lawyers\",\"url\":\"https:\\\/\\\/www.chrisearley.com\\\/es\\\/\",\"logo\":{\"@type\":\"ImageObject\",\"inLanguage\":\"es-US\",\"@id\":\"https:\\\/\\\/www.chrisearley.com\\\/es\\\/#\\\/schema\\\/logo\\\/image\\\/\",\"url\":\"https:\\\/\\\/www.chrisearley.com\\\/wp-content\\\/uploads\\\/2024\\\/05\\\/logo.png\",\"contentUrl\":\"https:\\\/\\\/www.chrisearley.com\\\/wp-content\\\/uploads\\\/2024\\\/05\\\/logo.png\",\"width\":420,\"height\":79,\"caption\":\"Earley Law Group Injury Lawyers\"},\"image\":{\"@id\":\"https:\\\/\\\/www.chrisearley.com\\\/es\\\/#\\\/schema\\\/logo\\\/image\\\/\"},\"sameAs\":[\"https:\\\/\\\/www.facebook.com\\\/Law-Offices-of-Christopher-Earley-104980886333\\\/\",\"https:\\\/\\\/x.com\\\/chrisearleylaw\",\"https:\\\/\\\/www.youtube.com\\\/user\\\/ChrisEarleyLaw\",\"https:\\\/\\\/www.linkedin.com\\\/company\\\/earley-law-group-injury-lawyers\",\"https:\\\/\\\/www.instagram.com\\\/earleylawgroupinjurylawyers\\\/\"]}]}<\/script>\n<!-- \/ Yoast SEO plugin. -->","yoast_head_json":{"title":"Lesiones Personales | Boston Abogado de Accidente Earley Law Group Injury Lawyers","description":"Consulta Gratis - Ll\u00e1menos al 617-444-7777 - Earley Law Group Injury Lawyers ayuda a las v\u00edctimas y sus familias a recibir una compensaci\u00f3n por sus lesiones. Lesiones Personales - Boston Abogado de Accidente","robots":{"index":"noindex","follow":"follow"},"og_locale":"es_ES","og_type":"article","og_title":"Lesiones Personales | Boston Abogado de Accidente Earley Law Group Injury Lawyers","og_description":"Consulta Gratis - Ll\u00e1menos al 617-444-7777 - Earley Law Group Injury Lawyers ayuda a las v\u00edctimas y sus familias a recibir una compensaci\u00f3n por sus lesiones. Lesiones Personales - Boston Abogado de Accidente","og_url":"https:\/\/www.chrisearley.com\/es\/lesiones-personales\/","og_site_name":"Earley Law Group Injury Lawyers","article_publisher":"https:\/\/www.facebook.com\/Law-Offices-of-Christopher-Earley-104980886333\/","article_modified_time":"2024-07-02T12:53:53+00:00","og_image":[{"width":900,"height":360,"url":"https:\/\/www.chrisearley.com\/wp-content\/uploads\/2024\/06\/personal-injury.jpg","type":"image\/jpeg"}],"twitter_card":"summary_large_image","twitter_site":"@chrisearleylaw","twitter_misc":{"Est. reading time":"1 minute"},"schema":{"@context":"https:\/\/schema.org","@graph":[{"@type":"WebPage","@id":"https:\/\/www.chrisearley.com\/es\/lesiones-personales\/","url":"https:\/\/www.chrisearley.com\/es\/lesiones-personales\/","name":"Lesiones Personales | Boston Abogado de Accidente Earley Law Group Injury Lawyers","isPartOf":{"@id":"https:\/\/www.chrisearley.com\/es\/#website"},"primaryImageOfPage":{"@id":"https:\/\/www.chrisearley.com\/es\/lesiones-personales\/#primaryimage"},"image":{"@id":"https:\/\/www.chrisearley.com\/es\/lesiones-personales\/#primaryimage"},"thumbnailUrl":"https:\/\/www.chrisearley.com\/wp-content\/uploads\/2024\/06\/personal-injury.jpg","datePublished":"2024-06-14T08:28:13+00:00","dateModified":"2024-07-02T12:53:53+00:00","description":"Consulta Gratis - Ll\u00e1menos al 617-444-7777 - Earley Law Group Injury Lawyers ayuda a las v\u00edctimas y sus familias a recibir una compensaci\u00f3n por sus lesiones. Lesiones Personales - Boston Abogado de Accidente","breadcrumb":{"@id":"https:\/\/www.chrisearley.com\/es\/lesiones-personales\/#breadcrumb"},"inLanguage":"es-US","potentialAction":[{"@type":"ReadAction","target":["https:\/\/www.chrisearley.com\/es\/lesiones-personales\/"]}]},{"@type":"ImageObject","inLanguage":"es-US","@id":"https:\/\/www.chrisearley.com\/es\/lesiones-personales\/#primaryimage","url":"https:\/\/www.chrisearley.com\/wp-content\/uploads\/2024\/06\/personal-injury.jpg","contentUrl":"https:\/\/www.chrisearley.com\/wp-content\/uploads\/2024\/06\/personal-injury.jpg","width":900,"height":360,"caption":"personal injury"},{"@type":"BreadcrumbList","@id":"https:\/\/www.chrisearley.com\/es\/lesiones-personales\/#breadcrumb","itemListElement":[{"@type":"ListItem","position":1,"name":"Home","item":"https:\/\/www.chrisearley.com\/es\/"},{"@type":"ListItem","position":2,"name":"Lesiones Personales"}]},{"@type":"WebSite","@id":"https:\/\/www.chrisearley.com\/es\/#website","url":"https:\/\/www.chrisearley.com\/es\/","name":"Earley Law Group Injury Lawyers","description":"","publisher":{"@id":"https:\/\/www.chrisearley.com\/es\/#organization"},"potentialAction":[{"@type":"SearchAction","target":{"@type":"EntryPoint","urlTemplate":"https:\/\/www.chrisearley.com\/es\/?s={search_term_string}"},"query-input":{"@type":"PropertyValueSpecification","valueRequired":true,"valueName":"search_term_string"}}],"inLanguage":"es-US"},{"@type":"Organization","@id":"https:\/\/www.chrisearley.com\/es\/#organization","name":"Earley Law Group Injury Lawyers","url":"https:\/\/www.chrisearley.com\/es\/","logo":{"@type":"ImageObject","inLanguage":"es-US","@id":"https:\/\/www.chrisearley.com\/es\/#\/schema\/logo\/image\/","url":"https:\/\/www.chrisearley.com\/wp-content\/uploads\/2024\/05\/logo.png","contentUrl":"https:\/\/www.chrisearley.com\/wp-content\/uploads\/2024\/05\/logo.png","width":420,"height":79,"caption":"Earley Law Group Injury Lawyers"},"image":{"@id":"https:\/\/www.chrisearley.com\/es\/#\/schema\/logo\/image\/"},"sameAs":["https:\/\/www.facebook.com\/Law-Offices-of-Christopher-Earley-104980886333\/","https:\/\/x.com\/chrisearleylaw","https:\/\/www.youtube.com\/user\/ChrisEarleyLaw","https:\/\/www.linkedin.com\/company\/earley-law-group-injury-lawyers","https:\/\/www.instagram.com\/earleylawgroupinjurylawyers\/"]}]}},"_links":{"self":[{"href":"https:\/\/www.chrisearley.com\/es\/wp-json\/wp\/v2\/pages\/12326","targetHints":{"allow":["GET"]}}],"collection":[{"href":"https:\/\/www.chrisearley.com\/es\/wp-json\/wp\/v2\/pages"}],"about":[{"href":"https:\/\/www.chrisearley.com\/es\/wp-json\/wp\/v2\/types\/page"}],"author":[{"embeddable":true,"href":"https:\/\/www.chrisearley.com\/es\/wp-json\/wp\/v2\/users\/35"}],"replies":[{"embeddable":true,"href":"https:\/\/www.chrisearley.com\/es\/wp-json\/wp\/v2\/comments?post=12326"}],"version-history":[{"count":0,"href":"https:\/\/www.chrisearley.com\/es\/wp-json\/wp\/v2\/pages\/12326\/revisions"}],"wp:featuredmedia":[{"embeddable":true,"href":"https:\/\/www.chrisearley.com\/es\/wp-json\/wp\/v2\/media\/19074"}],"wp:attachment":[{"href":"https:\/\/www.chrisearley.com\/es\/wp-json\/wp\/v2\/media?parent=12326"}],"curies":[{"name":"wp","href":"https:\/\/api.w.org\/{rel}","templated":true}]}}