{"id":12298,"date":"2024-06-15T15:04:55","date_gmt":"2024-06-15T15:04:55","guid":{"rendered":"https:\/\/www.chrisearley.com\/?page_id=12298"},"modified":"2024-07-04T06:09:35","modified_gmt":"2024-07-04T06:09:35","slug":"necesita-un-abogado-de-accidentes-de-motocicleta","status":"publish","type":"page","link":"https:\/\/www.chrisearley.com\/es\/accidente-de-motocicleta\/necesita-un-abogado-de-accidentes-de-motocicleta\/","title":{"rendered":"\u00bfNecesita un Abogado de Accidentes de Motocicleta?"},"content":{"rendered":"<p><strong>\u00a1Entonces no contrate a un bufete de abogados t\u00edpico de accidentes de motocicleta!<\/strong><\/p>\n<p><em>Somos diferentes porque &#8220;regalamos&#8221; nuestro conocimiento legal de forma gratuita para que pueda tomar las mejores decisiones posibles para su caso.<\/em><\/p>\n<p>Antes de hablar con un ajustador de seguros, firmar cualquier formulario o contratar a un abogado, aseg\u00farese de leer nuestra gu\u00eda GRATUITA para el consumidor llamada\u00a0<em>La verdad sobre los accidentes automovil\u00edsticos en Massachusetts<\/em>.<\/p>\n<p>Esta gu\u00eda lo llevar\u00e1 un paso por delante de todos los dem\u00e1s porque revela los siguientes secretos:<\/p>\n<ol>\n<li>C\u00f3mo las compa\u00f1\u00edas de seguros intentan aprovecharse de las buenas personas.<\/li>\n<li>C\u00f3mo puede protegerse para que no se aprovechen de ellos.<\/li>\n<li>Por qu\u00e9 es fundamental actuar r\u00e1pidamente para protegerse.<\/li>\n<\/ol>\n<p><a href=\"https:\/\/www.chrisearley.com\/es\/obtenga-su-libro-gratis-la-verdad-sobre-accidentes-automovilisti\/\"><img loading=\"lazy\" decoding=\"async\" class=\"aligncenter wp-image-7836 size-full\" src=\"https:\/\/www.chrisearley.com\/wp-content\/uploads\/2024\/06\/car-truth-cover.jpeg\" alt=\"car truth cover\" width=\"200\" height=\"285\" \/><\/a><\/p>\n<p>\u00a1<a href=\"https:\/\/www.chrisearley.com\/es\/contactenos\/\">Ll\u00e1menos ahora<\/a>\u00a0al 617-444-7777 ya que tiene un tiempo limitado para presentar un reclamo!<\/p>\n<p>Las consultas SIEMPRE son GRATUITAS en nuestra oficina.<\/p>\n\n\t\t\t\t\n\t\t\t\t\t<div itemtype=\"https:\/\/schema.org\/VideoObject\" itemscope=\"\" id=\"video_play-4648\" class=\" vid-aligncenter\" style=\"display:block\">\n\t\t\t\t\t\t<meta itemprop=\"name\" content=\"Massachusetts Car Accident Lawyer\" \/>\n\t\t\t\t\t\t<meta itemprop=\"thumbnailURL\" content=\"https:\/\/i.ytimg.com\/vi\/y3Sd2g548yc\/hqdefault.jpg\" \/>\n\t\t\t\t\t\t<meta itemprop=\"uploadDate\" content=\"15 06, 2024\">\n\t\t\t\t\t\t\t\t\t\t\t\t\t<meta itemprop=\"embedURL\" content=\"https:\/\/www.youtube.com\/watch?v=y3Sd2g548yc\" \/>\n\t\t\t\t\t\t\t<iframe loading=\"lazy\" class=\"cw_video_single\" src=\"https:\/\/www.youtube.com\/embed\/y3Sd2g548yc?rel=0&amp;showinfo=1&amp;autoplay=0\" allowfullscreen=\"allowfullscreen\" width=\"100%\" height=\"480px\" ><\/iframe>\n\t\t\t\t\t\t\n\t\t\t\t\t\t\n\t\t\t\t\t\t\t\t\t\t\t\t\t\t\t<meta itemprop=\"description\" content=\"Massachusetts car accident attorney Christopher Earley offers his free book, The Truth About Massachusetts Auto Accidents.\n\nIf you&#039;ve been injured in a car crash in Massachusetts, read our free guide before you sign any insurance company paperwork or hire a lawyer. \n\nVisit us at: https:\/\/www.chrisearley.com \n\nVisit us on social media:\n\nhttps:\/\/m.facebook.com\/lawofficeofchristopherearley\/\n\nhttps:\/\/mobile.twitter.com\/chrisearleylaw\n\n\nhttps:\/\/www.instagram.com\/lawofficeofchristopherearley\/\" \/>\n\t\t\t\t\t\t\t\n\t\t\t\t\t\t\n\t\t\t\t\t<\/div>\n\n\t\t\t\t\n\n\n\n\t\t\t\n\t\t\t\t\n","protected":false},"excerpt":{"rendered":"<p>\u00a1Entonces no contrate a un bufete de abogados t\u00edpico de accidentes de motocicleta! Somos diferentes porque &#8220;regalamos&#8221; nuestro conocimiento legal de forma gratuita para que pueda tomar las mejores decisiones posibles para su caso. Antes de hablar con un ajustador de seguros, firmar cualquier formulario o contratar a un abogado, aseg\u00farese de leer nuestra gu\u00eda [&hellip;]<\/p>\n","protected":false},"author":35,"featured_media":0,"parent":12278,"menu_order":2,"comment_status":"closed","ping_status":"closed","template":"","meta":{"_acf_changed":false,"footnotes":""},"class_list":["post-12298","page","type-page","status-publish","hentry"],"acf":[],"yoast_head":"<!-- This site is optimized with the Yoast SEO plugin v27.2 - https:\/\/yoast.com\/product\/yoast-seo-wordpress\/ -->\n<title>\u00bfNecesita un Abogado de Accidentes de Motocicleta? | Boston Abogado de Choque de Moto<\/title>\n<meta name=\"description\" content=\"Consulta Gratis - Ll\u00e1menos al 617-444-7777 - Earley Law Group Injury Lawyers ayuda a las v\u00edctimas y sus familias a recibir una compensaci\u00f3n por sus lesiones. \u00bfNecesita un Abogado de Accidentes de Motocicleta? - Boston Abogado de Choque de Moto\" \/>\n<meta name=\"robots\" content=\"index, follow, max-snippet:-1, max-image-preview:large, max-video-preview:-1\" \/>\n<link rel=\"canonical\" href=\"https:\/\/www.chrisearley.com\/es\/accidente-de-motocicleta\/necesita-un-abogado-de-accidentes-de-motocicleta\/\" \/>\n<meta property=\"og:locale\" content=\"es_ES\" \/>\n<meta property=\"og:type\" content=\"article\" \/>\n<meta property=\"og:title\" content=\"\u00bfNecesita un Abogado de Accidentes de Motocicleta? | Boston Abogado de Choque de Moto\" \/>\n<meta property=\"og:description\" content=\"Consulta Gratis - Ll\u00e1menos al 617-444-7777 - Earley Law Group Injury Lawyers ayuda a las v\u00edctimas y sus familias a recibir una compensaci\u00f3n por sus lesiones. \u00bfNecesita un Abogado de Accidentes de Motocicleta? - Boston Abogado de Choque de Moto\" \/>\n<meta property=\"og:url\" content=\"https:\/\/www.chrisearley.com\/es\/accidente-de-motocicleta\/necesita-un-abogado-de-accidentes-de-motocicleta\/\" \/>\n<meta property=\"og:site_name\" content=\"Earley Law Group Injury Lawyers\" \/>\n<meta property=\"article:publisher\" content=\"https:\/\/www.facebook.com\/Law-Offices-of-Christopher-Earley-104980886333\/\" \/>\n<meta property=\"article:modified_time\" content=\"2024-07-04T06:09:35+00:00\" \/>\n<meta property=\"og:image\" content=\"https:\/\/www.chrisearley.com\/wp-content\/uploads\/2024\/06\/car-truth-cover.jpeg\" \/>\n<meta name=\"twitter:card\" content=\"summary_large_image\" \/>\n<meta name=\"twitter:site\" content=\"@chrisearleylaw\" \/>\n<meta name=\"twitter:label1\" content=\"Est. reading time\" \/>\n\t<meta name=\"twitter:data1\" content=\"1 minute\" \/>\n<script type=\"application\/ld+json\" class=\"yoast-schema-graph\">{\"@context\":\"https:\/\/schema.org\",\"@graph\":[{\"@type\":\"WebPage\",\"@id\":\"https:\/\/www.chrisearley.com\/es\/accidente-de-motocicleta\/necesita-un-abogado-de-accidentes-de-motocicleta\/\",\"url\":\"https:\/\/www.chrisearley.com\/es\/accidente-de-motocicleta\/necesita-un-abogado-de-accidentes-de-motocicleta\/\",\"name\":\"\u00bfNecesita un Abogado de Accidentes de Motocicleta? | Boston Abogado de Choque de Moto\",\"isPartOf\":{\"@id\":\"https:\/\/www.chrisearley.com\/es\/#website\"},\"primaryImageOfPage\":{\"@id\":\"https:\/\/www.chrisearley.com\/es\/accidente-de-motocicleta\/necesita-un-abogado-de-accidentes-de-motocicleta\/#primaryimage\"},\"image\":{\"@id\":\"https:\/\/www.chrisearley.com\/es\/accidente-de-motocicleta\/necesita-un-abogado-de-accidentes-de-motocicleta\/#primaryimage\"},\"thumbnailUrl\":\"https:\/\/www.chrisearley.com\/wp-content\/uploads\/2024\/06\/car-truth-cover.jpeg\",\"datePublished\":\"2024-06-15T15:04:55+00:00\",\"dateModified\":\"2024-07-04T06:09:35+00:00\",\"description\":\"Consulta Gratis - Ll\u00e1menos al 617-444-7777 - Earley Law Group Injury Lawyers ayuda a las v\u00edctimas y sus familias a recibir una compensaci\u00f3n por sus lesiones. \u00bfNecesita un Abogado de Accidentes de Motocicleta? - Boston Abogado de Choque de Moto\",\"breadcrumb\":{\"@id\":\"https:\/\/www.chrisearley.com\/es\/accidente-de-motocicleta\/necesita-un-abogado-de-accidentes-de-motocicleta\/#breadcrumb\"},\"inLanguage\":\"es-US\",\"potentialAction\":[{\"@type\":\"ReadAction\",\"target\":[\"https:\/\/www.chrisearley.com\/es\/accidente-de-motocicleta\/necesita-un-abogado-de-accidentes-de-motocicleta\/\"]}]},{\"@type\":\"ImageObject\",\"inLanguage\":\"es-US\",\"@id\":\"https:\/\/www.chrisearley.com\/es\/accidente-de-motocicleta\/necesita-un-abogado-de-accidentes-de-motocicleta\/#primaryimage\",\"url\":\"https:\/\/www.chrisearley.com\/wp-content\/uploads\/2024\/06\/car-truth-cover.jpeg\",\"contentUrl\":\"https:\/\/www.chrisearley.com\/wp-content\/uploads\/2024\/06\/car-truth-cover.jpeg\"},{\"@type\":\"BreadcrumbList\",\"@id\":\"https:\/\/www.chrisearley.com\/es\/accidente-de-motocicleta\/necesita-un-abogado-de-accidentes-de-motocicleta\/#breadcrumb\",\"itemListElement\":[{\"@type\":\"ListItem\",\"position\":1,\"name\":\"Home\",\"item\":\"https:\/\/www.chrisearley.com\/es\/\"},{\"@type\":\"ListItem\",\"position\":2,\"name\":\"Accidente de Motocicleta\",\"item\":\"https:\/\/www.chrisearley.com\/es\/accidente-de-motocicleta\/\"},{\"@type\":\"ListItem\",\"position\":3,\"name\":\"\u00bfNecesita un Abogado de Accidentes de Motocicleta?\"}]},{\"@type\":\"WebSite\",\"@id\":\"https:\/\/www.chrisearley.com\/es\/#website\",\"url\":\"https:\/\/www.chrisearley.com\/es\/\",\"name\":\"Earley Law Group Injury Lawyers\",\"description\":\"\",\"publisher\":{\"@id\":\"https:\/\/www.chrisearley.com\/es\/#organization\"},\"potentialAction\":[{\"@type\":\"SearchAction\",\"target\":{\"@type\":\"EntryPoint\",\"urlTemplate\":\"https:\/\/www.chrisearley.com\/es\/?s={search_term_string}\"},\"query-input\":{\"@type\":\"PropertyValueSpecification\",\"valueRequired\":true,\"valueName\":\"search_term_string\"}}],\"inLanguage\":\"es-US\"},{\"@type\":\"Organization\",\"@id\":\"https:\/\/www.chrisearley.com\/es\/#organization\",\"name\":\"Earley Law Group Injury Lawyers\",\"url\":\"https:\/\/www.chrisearley.com\/es\/\",\"logo\":{\"@type\":\"ImageObject\",\"inLanguage\":\"es-US\",\"@id\":\"https:\/\/www.chrisearley.com\/es\/#\/schema\/logo\/image\/\",\"url\":\"https:\/\/www.chrisearley.com\/wp-content\/uploads\/2024\/05\/logo.png\",\"contentUrl\":\"https:\/\/www.chrisearley.com\/wp-content\/uploads\/2024\/05\/logo.png\",\"width\":420,\"height\":79,\"caption\":\"Earley Law Group Injury Lawyers\"},\"image\":{\"@id\":\"https:\/\/www.chrisearley.com\/es\/#\/schema\/logo\/image\/\"},\"sameAs\":[\"https:\/\/www.facebook.com\/Law-Offices-of-Christopher-Earley-104980886333\/\",\"https:\/\/x.com\/chrisearleylaw\",\"https:\/\/www.youtube.com\/user\/ChrisEarleyLaw\",\"https:\/\/www.linkedin.com\/company\/earley-law-group-injury-lawyers\",\"https:\/\/www.instagram.com\/earleylawgroupinjurylawyers\/\"]}]}<\/script>\n<!-- \/ Yoast SEO plugin. -->","yoast_head_json":{"title":"\u00bfNecesita un Abogado de Accidentes de Motocicleta? | Boston Abogado de Choque de Moto","description":"Consulta Gratis - Ll\u00e1menos al 617-444-7777 - Earley Law Group Injury Lawyers ayuda a las v\u00edctimas y sus familias a recibir una compensaci\u00f3n por sus lesiones. \u00bfNecesita un Abogado de Accidentes de Motocicleta? - Boston Abogado de Choque de Moto","robots":{"index":"index","follow":"follow","max-snippet":"max-snippet:-1","max-image-preview":"max-image-preview:large","max-video-preview":"max-video-preview:-1"},"canonical":"https:\/\/www.chrisearley.com\/es\/accidente-de-motocicleta\/necesita-un-abogado-de-accidentes-de-motocicleta\/","og_locale":"es_ES","og_type":"article","og_title":"\u00bfNecesita un Abogado de Accidentes de Motocicleta? | Boston Abogado de Choque de Moto","og_description":"Consulta Gratis - Ll\u00e1menos al 617-444-7777 - Earley Law Group Injury Lawyers ayuda a las v\u00edctimas y sus familias a recibir una compensaci\u00f3n por sus lesiones. \u00bfNecesita un Abogado de Accidentes de Motocicleta? - Boston Abogado de Choque de Moto","og_url":"https:\/\/www.chrisearley.com\/es\/accidente-de-motocicleta\/necesita-un-abogado-de-accidentes-de-motocicleta\/","og_site_name":"Earley Law Group Injury Lawyers","article_publisher":"https:\/\/www.facebook.com\/Law-Offices-of-Christopher-Earley-104980886333\/","article_modified_time":"2024-07-04T06:09:35+00:00","og_image":[{"url":"https:\/\/www.chrisearley.com\/wp-content\/uploads\/2024\/06\/car-truth-cover.jpeg","type":"","width":"","height":""}],"twitter_card":"summary_large_image","twitter_site":"@chrisearleylaw","twitter_misc":{"Est. reading time":"1 minute"},"schema":{"@context":"https:\/\/schema.org","@graph":[{"@type":"WebPage","@id":"https:\/\/www.chrisearley.com\/es\/accidente-de-motocicleta\/necesita-un-abogado-de-accidentes-de-motocicleta\/","url":"https:\/\/www.chrisearley.com\/es\/accidente-de-motocicleta\/necesita-un-abogado-de-accidentes-de-motocicleta\/","name":"\u00bfNecesita un Abogado de Accidentes de Motocicleta? | Boston Abogado de Choque de Moto","isPartOf":{"@id":"https:\/\/www.chrisearley.com\/es\/#website"},"primaryImageOfPage":{"@id":"https:\/\/www.chrisearley.com\/es\/accidente-de-motocicleta\/necesita-un-abogado-de-accidentes-de-motocicleta\/#primaryimage"},"image":{"@id":"https:\/\/www.chrisearley.com\/es\/accidente-de-motocicleta\/necesita-un-abogado-de-accidentes-de-motocicleta\/#primaryimage"},"thumbnailUrl":"https:\/\/www.chrisearley.com\/wp-content\/uploads\/2024\/06\/car-truth-cover.jpeg","datePublished":"2024-06-15T15:04:55+00:00","dateModified":"2024-07-04T06:09:35+00:00","description":"Consulta Gratis - Ll\u00e1menos al 617-444-7777 - Earley Law Group Injury Lawyers ayuda a las v\u00edctimas y sus familias a recibir una compensaci\u00f3n por sus lesiones. \u00bfNecesita un Abogado de Accidentes de Motocicleta? - Boston Abogado de Choque de Moto","breadcrumb":{"@id":"https:\/\/www.chrisearley.com\/es\/accidente-de-motocicleta\/necesita-un-abogado-de-accidentes-de-motocicleta\/#breadcrumb"},"inLanguage":"es-US","potentialAction":[{"@type":"ReadAction","target":["https:\/\/www.chrisearley.com\/es\/accidente-de-motocicleta\/necesita-un-abogado-de-accidentes-de-motocicleta\/"]}]},{"@type":"ImageObject","inLanguage":"es-US","@id":"https:\/\/www.chrisearley.com\/es\/accidente-de-motocicleta\/necesita-un-abogado-de-accidentes-de-motocicleta\/#primaryimage","url":"https:\/\/www.chrisearley.com\/wp-content\/uploads\/2024\/06\/car-truth-cover.jpeg","contentUrl":"https:\/\/www.chrisearley.com\/wp-content\/uploads\/2024\/06\/car-truth-cover.jpeg"},{"@type":"BreadcrumbList","@id":"https:\/\/www.chrisearley.com\/es\/accidente-de-motocicleta\/necesita-un-abogado-de-accidentes-de-motocicleta\/#breadcrumb","itemListElement":[{"@type":"ListItem","position":1,"name":"Home","item":"https:\/\/www.chrisearley.com\/es\/"},{"@type":"ListItem","position":2,"name":"Accidente de Motocicleta","item":"https:\/\/www.chrisearley.com\/es\/accidente-de-motocicleta\/"},{"@type":"ListItem","position":3,"name":"\u00bfNecesita un Abogado de Accidentes de Motocicleta?"}]},{"@type":"WebSite","@id":"https:\/\/www.chrisearley.com\/es\/#website","url":"https:\/\/www.chrisearley.com\/es\/","name":"Earley Law Group Injury Lawyers","description":"","publisher":{"@id":"https:\/\/www.chrisearley.com\/es\/#organization"},"potentialAction":[{"@type":"SearchAction","target":{"@type":"EntryPoint","urlTemplate":"https:\/\/www.chrisearley.com\/es\/?s={search_term_string}"},"query-input":{"@type":"PropertyValueSpecification","valueRequired":true,"valueName":"search_term_string"}}],"inLanguage":"es-US"},{"@type":"Organization","@id":"https:\/\/www.chrisearley.com\/es\/#organization","name":"Earley Law Group Injury Lawyers","url":"https:\/\/www.chrisearley.com\/es\/","logo":{"@type":"ImageObject","inLanguage":"es-US","@id":"https:\/\/www.chrisearley.com\/es\/#\/schema\/logo\/image\/","url":"https:\/\/www.chrisearley.com\/wp-content\/uploads\/2024\/05\/logo.png","contentUrl":"https:\/\/www.chrisearley.com\/wp-content\/uploads\/2024\/05\/logo.png","width":420,"height":79,"caption":"Earley Law Group Injury Lawyers"},"image":{"@id":"https:\/\/www.chrisearley.com\/es\/#\/schema\/logo\/image\/"},"sameAs":["https:\/\/www.facebook.com\/Law-Offices-of-Christopher-Earley-104980886333\/","https:\/\/x.com\/chrisearleylaw","https:\/\/www.youtube.com\/user\/ChrisEarleyLaw","https:\/\/www.linkedin.com\/company\/earley-law-group-injury-lawyers","https:\/\/www.instagram.com\/earleylawgroupinjurylawyers\/"]}]}},"_links":{"self":[{"href":"https:\/\/www.chrisearley.com\/es\/wp-json\/wp\/v2\/pages\/12298","targetHints":{"allow":["GET"]}}],"collection":[{"href":"https:\/\/www.chrisearley.com\/es\/wp-json\/wp\/v2\/pages"}],"about":[{"href":"https:\/\/www.chrisearley.com\/es\/wp-json\/wp\/v2\/types\/page"}],"author":[{"embeddable":true,"href":"https:\/\/www.chrisearley.com\/es\/wp-json\/wp\/v2\/users\/35"}],"replies":[{"embeddable":true,"href":"https:\/\/www.chrisearley.com\/es\/wp-json\/wp\/v2\/comments?post=12298"}],"version-history":[{"count":0,"href":"https:\/\/www.chrisearley.com\/es\/wp-json\/wp\/v2\/pages\/12298\/revisions"}],"up":[{"embeddable":true,"href":"https:\/\/www.chrisearley.com\/es\/wp-json\/wp\/v2\/pages\/12278"}],"wp:attachment":[{"href":"https:\/\/www.chrisearley.com\/es\/wp-json\/wp\/v2\/media?parent=12298"}],"curies":[{"name":"wp","href":"https:\/\/api.w.org\/{rel}","templated":true}]}}