{"id":12278,"date":"2024-06-14T08:28:01","date_gmt":"2024-06-14T08:28:01","guid":{"rendered":"https:\/\/www.chrisearley.com\/?page_id=12278"},"modified":"2026-03-16T21:49:24","modified_gmt":"2026-03-16T21:49:24","slug":"accidente-de-motocicleta","status":"publish","type":"page","link":"https:\/\/www.chrisearley.com\/es\/accidente-de-motocicleta\/","title":{"rendered":"Accidente de Motocicleta"},"content":{"rendered":"<h2>Informaci\u00f3n Gratuita Sobre Reclamaciones por Accidentes de Motocicleta en Massachusetts<\/h2>\n<p>El abogado de accidentes de motocicleta de Boston, Christopher Earley, puede ayudarlo si se lesiona en un accidente de motocicleta y necesita ayuda legal. Estos accidentes provocan estr\u00e9s, dolor e ira. Haga su vida m\u00e1s f\u00e1cil y ponga nuestros servicios a trabajar para usted hoy.<\/p>\n<p>El abogado de accidentes de motocicleta de Boston,\u00a0<a href=\"https:\/\/www.chrisearley.com\/es\/\">Christopher Earley<\/a>, ha manejado y resuelto muchos casos de accidentes de motocicleta con \u00e9xito a lo largo de los a\u00f1os. Nuestra oficina ayuda a los motociclistas que han resultado lesionados por\u00a0<a href=\"https:\/\/www.chrisearley.com\/blog\/what-is-negligence\/\" rel=\"noopener\">negligencia<\/a>.<\/p>\n<p><strong>Llama Ahora: 617-444-7777<\/strong><\/p>\n<p>Un accidente de motocicleta puede causar estragos. Las\u00a0<a href=\"https:\/\/www.chrisearley.com\/es\/lesiones-personales\/\">lesiones personales<\/a>\u00a0graves, el aumento de las facturas m\u00e9dicas, la p\u00e9rdida de tiempo de trabajo, los da\u00f1os a su motocicleta y otras p\u00e9rdidas son t\u00edpicos de estos accidentes. Somos abogados de Boston para v\u00edctimas de accidentes de motocicleta que lo ayudar\u00e1n durante este momento frustrante y doloroso.<\/p>\n<p>Cuando nos contrata, nos ponemos en marcha de inmediato y buscamos para usted todas las compensaciones disponibles que se le deben.<\/p>\n<h2>Testimonios de Clientes de Accidentes de Motocicleta<\/h2>\n<p><em>&#8220;Chris respondi\u00f3 r\u00e1pidamente cuando lo contact\u00e9 por primera vez y condujo m\u00e1s de 50 millas para reunirse conmigo. Chris tom\u00f3 mi reclamo en serio y mi reclamo se resolvi\u00f3 por m\u00e1s del 500% de lo que esperaban los abogados anteriores. Chris fue f\u00e1cil de contactar y permaneci\u00f3 en contacto constante durante toda la negociaci\u00f3n. Chris fue profesional y el caso se cerr\u00f3 r\u00e1pidamente y recib\u00ed el pago a las pocas semanas de cerrar el caso. Recomiendo encarecidamente a Chris para todas sus necesidades legales &#8220;.<\/em><br \/>\n<strong>&#8211;\u00a0Joseph M.<\/strong><\/p>\n<h2>Datos de Lesiones por Accidentes de Motocicleta<\/h2>\n<p>Estos accidentes pueden ser devastadores ya que los motociclistas est\u00e1n expuestos y son vulnerables en las carreteras. Los datos de accidentes de motociclistas revelan algunos datos aleccionadores. Seg\u00fan la\u00a0<a href=\"https:\/\/crashstats.nhtsa.dot.gov\/Api\/Public\/ViewPublication\/812353\" target=\"_blank\" rel=\"noopener\">NHTSA<\/a>\u00a0hubo:<\/p>\n<ul>\n<li>Aproximadamente 5,000 motociclistas murieron en accidentes automovil\u00edsticos en 2015, un aumento del 8% con respecto a 2014.<\/li>\n<li>En 2015 hubo 88.000 motociclistas lesionados en accidentes con veh\u00edculos motorizados, una disminuci\u00f3n del 3% con respecto a 2014.<\/li>\n<li>En 2015, los motociclistas representaron el 14% de todas las muertes por accidentes de tr\u00e1nsito, el 4% de todas las personas heridas, el 17% de todas las muertes de ocupantes (conductores y pasajeros) y el 4% de todos los ocupantes lesionados.<\/li>\n<li>Un impactante 4693 motociclistas\u00a0<a href=\"https:\/\/www.iihs.org\/research-areas\/fatality-statistics\/detail\/motorcycles-and-atvs\/\" target=\"_blank\" rel=\"noopener\">murieron<\/a>\u00a0en accidentes en 2015.<\/li>\n<li>La tasa de mortalidad de los motociclistas es aproximadamente 27 veces mayor que la de los ocupantes de veh\u00edculos de\u00a0<a href=\"https:\/\/www.chrisearley.com\/blog\/rights-passenger-car-accident\/\" rel=\"noopener\">pasajeros<\/a>.<\/li>\n<li>En 2015, el 41% de las muertes de motociclistas involucraron accidentes de un solo veh\u00edculo, mientras que el 59% involucr\u00f3 accidentes de veh\u00edculos m\u00faltiples.<\/li>\n<li>Es inquietante que las muertes de motociclistas hayan aumentado en los \u00faltimos 20 a\u00f1os.<\/li>\n<\/ul>\n<p>Adem\u00e1s, seg\u00fan el\u00a0<a href=\"https:\/\/www.iii.org\/article\/background-on-motorcycle-crashes\" target=\"_blank\" rel=\"noopener\">Insurance Information Institute<\/a>:<\/p>\n<ul>\n<li>Los operadores de motocicletas Supersport tienen 4 veces la tasa de mortalidad de los operadores de otras motocicletas.<\/li>\n<li>Menos de la mitad de los estados de Estados Unidos requieren el uso de cascos (Massachusetts es uno de ellos)<\/li>\n<li>Los ciclistas mayores tienen m\u00e1s probabilidades de sufrir lesiones graves en comparaci\u00f3n con los ciclistas m\u00e1s j\u00f3venes<\/li>\n<\/ul>\n<h2>Lesiones Comunes por Accidentes de Motocicleta<\/h2>\n<p>Debido a lo expuestos que est\u00e1n, los motociclistas generalmente sufren lesiones graves y numerosas cuando se ven involucrados en un accidente. Aqu\u00ed hay algunas lesiones comunes que surgen de choques de motocicleta:<\/p>\n<div class=\"row\">\n<ul class=\"col-xl-6\">\n<li>Soft tissue injuries<\/li>\n<li>Road rash<\/li>\n<li>Back injuries<\/li>\n<li>Neck injuries<\/li>\n<li>Facial injuries<\/li>\n<li>Wrongful death<\/li>\n<li>Knee injuries<\/li>\n<li>Concussions<\/li>\n<li>Wrist injuries<\/li>\n<li>Catastrophic injuries<\/li>\n<li>Spinal cord injuries<\/li>\n<li>Shoulder injuries<\/li>\n<li>Disc herniations<\/li>\n<\/ul>\n<ul class=\"col-xl-6\">\n<li>Amputations<\/li>\n<li>Bruising (contusions)<\/li>\n<li>Meniscus injuries<\/li>\n<li>Brain injuries<\/li>\n<li>Scarring<\/li>\n<li>Ankle injuries<\/li>\n<li>Complex Regional Pain Syndrome (Reflex Sympathetic Dystrophy)<\/li>\n<li>Abrasions<\/li>\n<li>Fractures<\/li>\n<li>Dislocations<\/li>\n<li>Post-traumatic stress disorder (PTSD)<\/li>\n<\/ul>\n<\/div>\n<h2>Causes of Massachusetts Motorcycle Accidents<\/h2>\n<div class=\"row\">\n<ul class=\"col-xl-6\">\n<li>Improper left turns<\/li>\n<li>Improper lane changes<\/li>\n<li>Rear end collisions<\/li>\n<li>Lack of visibility<\/li>\n<li>T-bone accidents<\/li>\n<li>Head-on collisions<\/li>\n<li>Distracted drivers<\/li>\n<li>Failure to yield<\/li>\n<li>Texting While Driving<\/li>\n<\/ul>\n<ul class=\"col-xl-6\">\n<li>Following too closely<\/li>\n<li>Rollover accidents<\/li>\n<li>Intoxication<\/li>\n<li>Road conditions<\/li>\n<li>Hit and run accidents<\/li>\n<li>Having to lay down the motorcycle to avoid contact<\/li>\n<li>Failure to stop at red lights<\/li>\n<li>Failure to stop at stop signs<\/li>\n<\/ul>\n<\/div>\n<h2>Da\u00f1os por Accidentes de Motocicleta que Perseguimos por Usted<\/h2>\n<div class=\"row\">\n<ul class=\"col-xl-6\">\n<li>Da\u00f1o a su motocicleta<\/li>\n<li>Pago por salarios perdidos<\/li>\n<li>Pago de sus facturas m\u00e9dicas<\/li>\n<li>Pago por dolor y sufrimiento<\/li>\n<\/ul>\n<ul class=\"col-xl-6\">\n<li>Pago por cicatrices y desfiguraciones<\/li>\n<li>Todos los gastos de bolsillo<\/li>\n<li>Todos los dem\u00e1s da\u00f1os y p\u00e9rdidas causados \u200b\u200bpor el accidente.<\/li>\n<\/ul>\n<\/div>\n<h2>Somos Abogados de Accidentes de Motocicleta en Boston Listos Para Ayudarlo<\/h2>\n<p>Lea lo que dicen\u00a0<a href=\"https:\/\/www.chrisearley.com\/es\/testimonios\/\">nuestros clientes<\/a>\u00a0sobre nosotros y vea los\u00a0<a href=\"https:\/\/www.chrisearley.com\/es\/resultados\/\">resultados<\/a> que hemos obtenido para nuestros clientes. <a href=\"https:\/\/www.chrisearley.com\/es\/contactenos\/\">P\u00f3ngase en contacto<\/a>\u00a0con el abogado de accidentes de motocicleta de Boston, Christopher Earley, hoy mismo para obtener una consulta gratuita y sin compromiso si necesita ayuda con un caso de accidente de motocicleta en Massachusetts.<\/p>\n<p>Procuraremos agresivamente todos los\u00a0<a href=\"https:\/\/www.chrisearley.com\/blog\/boston-ma-personal-injury-lawyer\/\" rel=\"noopener\">da\u00f1os<\/a>\u00a0disponibles a los que tiene derecho.<\/p>\n<ul>\n<li>Recientemente resolvimos un caso de accidente de motocicleta para un cliente que era un pasajero en una motocicleta que perdi\u00f3 el control. Como resultado, nuestro cliente sufri\u00f3 cicatrices y deformidades duraderas. El caso se resolvi\u00f3 en la mediaci\u00f3n por $150,000.<\/li>\n<\/ul>\n","protected":false},"excerpt":{"rendered":"<p>Informaci\u00f3n Gratuita Sobre Reclamaciones por Accidentes de Motocicleta en Massachusetts El abogado de accidentes de motocicleta de Boston, Christopher Earley, puede ayudarlo si se lesiona en un accidente de motocicleta y necesita ayuda legal. Estos accidentes provocan estr\u00e9s, dolor e ira. Haga su vida m\u00e1s f\u00e1cil y ponga nuestros servicios a trabajar para usted hoy. [&hellip;]<\/p>\n","protected":false},"author":35,"featured_media":33435,"parent":0,"menu_order":376,"comment_status":"closed","ping_status":"closed","template":"","meta":{"_acf_changed":false,"footnotes":""},"class_list":["post-12278","page","type-page","status-publish","has-post-thumbnail","hentry"],"acf":[],"yoast_head":"<!-- This site is optimized with the Yoast SEO plugin v27.5 - https:\/\/yoast.com\/product\/yoast-seo-wordpress\/ -->\n<title>Accidente de Motocicleta | Boston Abogado de Choque de Moto<\/title>\n<meta name=\"description\" content=\"Consulta Gratis - Ll\u00e1menos al 617-444-7777 - Earley Law Group Injury Lawyers ayuda a las v\u00edctimas y sus familias a recibir una compensaci\u00f3n por sus lesiones. Accidente de Motocicleta - Boston Abogado de Choque de Moto\" \/>\n<meta name=\"robots\" content=\"index, follow, max-snippet:-1, max-image-preview:large, max-video-preview:-1\" \/>\n<link rel=\"canonical\" href=\"https:\/\/www.chrisearley.com\/es\/accidente-de-motocicleta\/\" \/>\n<meta property=\"og:locale\" content=\"es_ES\" \/>\n<meta property=\"og:type\" content=\"article\" \/>\n<meta property=\"og:title\" content=\"Accidente de Motocicleta | Boston Abogado de Choque de Moto\" \/>\n<meta property=\"og:description\" content=\"Consulta Gratis - Ll\u00e1menos al 617-444-7777 - Earley Law Group Injury Lawyers ayuda a las v\u00edctimas y sus familias a recibir una compensaci\u00f3n por sus lesiones. Accidente de Motocicleta - Boston Abogado de Choque de Moto\" \/>\n<meta property=\"og:url\" content=\"https:\/\/www.chrisearley.com\/es\/accidente-de-motocicleta\/\" \/>\n<meta property=\"og:site_name\" content=\"Earley Law Group Injury Lawyers\" \/>\n<meta property=\"article:publisher\" content=\"https:\/\/www.facebook.com\/Law-Offices-of-Christopher-Earley-104980886333\/\" \/>\n<meta property=\"article:modified_time\" content=\"2026-03-16T21:49:24+00:00\" \/>\n<meta property=\"og:image\" content=\"https:\/\/www.chrisearley.com\/wp-content\/uploads\/2024\/07\/accidente-de-motocicleta.jpg\" \/>\n\t<meta property=\"og:image:width\" content=\"900\" \/>\n\t<meta property=\"og:image:height\" content=\"360\" \/>\n\t<meta property=\"og:image:type\" content=\"image\/jpeg\" \/>\n<meta name=\"twitter:card\" content=\"summary_large_image\" \/>\n<meta name=\"twitter:site\" content=\"@chrisearleylaw\" \/>\n<meta name=\"twitter:label1\" content=\"Est. reading time\" \/>\n\t<meta name=\"twitter:data1\" content=\"4 minutes\" \/>\n<script type=\"application\/ld+json\" class=\"yoast-schema-graph\">{\"@context\":\"https:\\\/\\\/schema.org\",\"@graph\":[{\"@type\":\"WebPage\",\"@id\":\"https:\\\/\\\/www.chrisearley.com\\\/es\\\/accidente-de-motocicleta\\\/\",\"url\":\"https:\\\/\\\/www.chrisearley.com\\\/es\\\/accidente-de-motocicleta\\\/\",\"name\":\"Accidente de Motocicleta | Boston Abogado de Choque de Moto\",\"isPartOf\":{\"@id\":\"https:\\\/\\\/www.chrisearley.com\\\/es\\\/#website\"},\"primaryImageOfPage\":{\"@id\":\"https:\\\/\\\/www.chrisearley.com\\\/es\\\/accidente-de-motocicleta\\\/#primaryimage\"},\"image\":{\"@id\":\"https:\\\/\\\/www.chrisearley.com\\\/es\\\/accidente-de-motocicleta\\\/#primaryimage\"},\"thumbnailUrl\":\"https:\\\/\\\/www.chrisearley.com\\\/wp-content\\\/uploads\\\/2024\\\/07\\\/accidente-de-motocicleta.jpg\",\"datePublished\":\"2024-06-14T08:28:01+00:00\",\"dateModified\":\"2026-03-16T21:49:24+00:00\",\"description\":\"Consulta Gratis - Ll\u00e1menos al 617-444-7777 - Earley Law Group Injury Lawyers ayuda a las v\u00edctimas y sus familias a recibir una compensaci\u00f3n por sus lesiones. Accidente de Motocicleta - Boston Abogado de Choque de Moto\",\"breadcrumb\":{\"@id\":\"https:\\\/\\\/www.chrisearley.com\\\/es\\\/accidente-de-motocicleta\\\/#breadcrumb\"},\"inLanguage\":\"es-US\",\"potentialAction\":[{\"@type\":\"ReadAction\",\"target\":[\"https:\\\/\\\/www.chrisearley.com\\\/es\\\/accidente-de-motocicleta\\\/\"]}]},{\"@type\":\"ImageObject\",\"inLanguage\":\"es-US\",\"@id\":\"https:\\\/\\\/www.chrisearley.com\\\/es\\\/accidente-de-motocicleta\\\/#primaryimage\",\"url\":\"https:\\\/\\\/www.chrisearley.com\\\/wp-content\\\/uploads\\\/2024\\\/07\\\/accidente-de-motocicleta.jpg\",\"contentUrl\":\"https:\\\/\\\/www.chrisearley.com\\\/wp-content\\\/uploads\\\/2024\\\/07\\\/accidente-de-motocicleta.jpg\",\"width\":900,\"height\":360},{\"@type\":\"BreadcrumbList\",\"@id\":\"https:\\\/\\\/www.chrisearley.com\\\/es\\\/accidente-de-motocicleta\\\/#breadcrumb\",\"itemListElement\":[{\"@type\":\"ListItem\",\"position\":1,\"name\":\"Home\",\"item\":\"https:\\\/\\\/www.chrisearley.com\\\/es\\\/\"},{\"@type\":\"ListItem\",\"position\":2,\"name\":\"Accidente de Motocicleta\"}]},{\"@type\":\"WebSite\",\"@id\":\"https:\\\/\\\/www.chrisearley.com\\\/es\\\/#website\",\"url\":\"https:\\\/\\\/www.chrisearley.com\\\/es\\\/\",\"name\":\"Earley Law Group Injury Lawyers\",\"description\":\"\",\"publisher\":{\"@id\":\"https:\\\/\\\/www.chrisearley.com\\\/es\\\/#organization\"},\"potentialAction\":[{\"@type\":\"SearchAction\",\"target\":{\"@type\":\"EntryPoint\",\"urlTemplate\":\"https:\\\/\\\/www.chrisearley.com\\\/es\\\/?s={search_term_string}\"},\"query-input\":{\"@type\":\"PropertyValueSpecification\",\"valueRequired\":true,\"valueName\":\"search_term_string\"}}],\"inLanguage\":\"es-US\"},{\"@type\":\"Organization\",\"@id\":\"https:\\\/\\\/www.chrisearley.com\\\/es\\\/#organization\",\"name\":\"Earley Law Group Injury Lawyers\",\"url\":\"https:\\\/\\\/www.chrisearley.com\\\/es\\\/\",\"logo\":{\"@type\":\"ImageObject\",\"inLanguage\":\"es-US\",\"@id\":\"https:\\\/\\\/www.chrisearley.com\\\/es\\\/#\\\/schema\\\/logo\\\/image\\\/\",\"url\":\"https:\\\/\\\/www.chrisearley.com\\\/wp-content\\\/uploads\\\/2024\\\/05\\\/logo.png\",\"contentUrl\":\"https:\\\/\\\/www.chrisearley.com\\\/wp-content\\\/uploads\\\/2024\\\/05\\\/logo.png\",\"width\":420,\"height\":79,\"caption\":\"Earley Law Group Injury Lawyers\"},\"image\":{\"@id\":\"https:\\\/\\\/www.chrisearley.com\\\/es\\\/#\\\/schema\\\/logo\\\/image\\\/\"},\"sameAs\":[\"https:\\\/\\\/www.facebook.com\\\/Law-Offices-of-Christopher-Earley-104980886333\\\/\",\"https:\\\/\\\/x.com\\\/chrisearleylaw\",\"https:\\\/\\\/www.youtube.com\\\/user\\\/ChrisEarleyLaw\",\"https:\\\/\\\/www.linkedin.com\\\/company\\\/earley-law-group-injury-lawyers\",\"https:\\\/\\\/www.instagram.com\\\/earleylawgroupinjurylawyers\\\/\"]}]}<\/script>\n<!-- \/ Yoast SEO plugin. -->","yoast_head_json":{"title":"Accidente de Motocicleta | Boston Abogado de Choque de Moto","description":"Consulta Gratis - Ll\u00e1menos al 617-444-7777 - Earley Law Group Injury Lawyers ayuda a las v\u00edctimas y sus familias a recibir una compensaci\u00f3n por sus lesiones. Accidente de Motocicleta - Boston Abogado de Choque de Moto","robots":{"index":"index","follow":"follow","max-snippet":"max-snippet:-1","max-image-preview":"max-image-preview:large","max-video-preview":"max-video-preview:-1"},"canonical":"https:\/\/www.chrisearley.com\/es\/accidente-de-motocicleta\/","og_locale":"es_ES","og_type":"article","og_title":"Accidente de Motocicleta | Boston Abogado de Choque de Moto","og_description":"Consulta Gratis - Ll\u00e1menos al 617-444-7777 - Earley Law Group Injury Lawyers ayuda a las v\u00edctimas y sus familias a recibir una compensaci\u00f3n por sus lesiones. Accidente de Motocicleta - Boston Abogado de Choque de Moto","og_url":"https:\/\/www.chrisearley.com\/es\/accidente-de-motocicleta\/","og_site_name":"Earley Law Group Injury Lawyers","article_publisher":"https:\/\/www.facebook.com\/Law-Offices-of-Christopher-Earley-104980886333\/","article_modified_time":"2026-03-16T21:49:24+00:00","og_image":[{"width":900,"height":360,"url":"https:\/\/www.chrisearley.com\/wp-content\/uploads\/2024\/07\/accidente-de-motocicleta.jpg","type":"image\/jpeg"}],"twitter_card":"summary_large_image","twitter_site":"@chrisearleylaw","twitter_misc":{"Est. reading time":"4 minutes"},"schema":{"@context":"https:\/\/schema.org","@graph":[{"@type":"WebPage","@id":"https:\/\/www.chrisearley.com\/es\/accidente-de-motocicleta\/","url":"https:\/\/www.chrisearley.com\/es\/accidente-de-motocicleta\/","name":"Accidente de Motocicleta | Boston Abogado de Choque de Moto","isPartOf":{"@id":"https:\/\/www.chrisearley.com\/es\/#website"},"primaryImageOfPage":{"@id":"https:\/\/www.chrisearley.com\/es\/accidente-de-motocicleta\/#primaryimage"},"image":{"@id":"https:\/\/www.chrisearley.com\/es\/accidente-de-motocicleta\/#primaryimage"},"thumbnailUrl":"https:\/\/www.chrisearley.com\/wp-content\/uploads\/2024\/07\/accidente-de-motocicleta.jpg","datePublished":"2024-06-14T08:28:01+00:00","dateModified":"2026-03-16T21:49:24+00:00","description":"Consulta Gratis - Ll\u00e1menos al 617-444-7777 - Earley Law Group Injury Lawyers ayuda a las v\u00edctimas y sus familias a recibir una compensaci\u00f3n por sus lesiones. Accidente de Motocicleta - Boston Abogado de Choque de Moto","breadcrumb":{"@id":"https:\/\/www.chrisearley.com\/es\/accidente-de-motocicleta\/#breadcrumb"},"inLanguage":"es-US","potentialAction":[{"@type":"ReadAction","target":["https:\/\/www.chrisearley.com\/es\/accidente-de-motocicleta\/"]}]},{"@type":"ImageObject","inLanguage":"es-US","@id":"https:\/\/www.chrisearley.com\/es\/accidente-de-motocicleta\/#primaryimage","url":"https:\/\/www.chrisearley.com\/wp-content\/uploads\/2024\/07\/accidente-de-motocicleta.jpg","contentUrl":"https:\/\/www.chrisearley.com\/wp-content\/uploads\/2024\/07\/accidente-de-motocicleta.jpg","width":900,"height":360},{"@type":"BreadcrumbList","@id":"https:\/\/www.chrisearley.com\/es\/accidente-de-motocicleta\/#breadcrumb","itemListElement":[{"@type":"ListItem","position":1,"name":"Home","item":"https:\/\/www.chrisearley.com\/es\/"},{"@type":"ListItem","position":2,"name":"Accidente de Motocicleta"}]},{"@type":"WebSite","@id":"https:\/\/www.chrisearley.com\/es\/#website","url":"https:\/\/www.chrisearley.com\/es\/","name":"Earley Law Group Injury Lawyers","description":"","publisher":{"@id":"https:\/\/www.chrisearley.com\/es\/#organization"},"potentialAction":[{"@type":"SearchAction","target":{"@type":"EntryPoint","urlTemplate":"https:\/\/www.chrisearley.com\/es\/?s={search_term_string}"},"query-input":{"@type":"PropertyValueSpecification","valueRequired":true,"valueName":"search_term_string"}}],"inLanguage":"es-US"},{"@type":"Organization","@id":"https:\/\/www.chrisearley.com\/es\/#organization","name":"Earley Law Group Injury Lawyers","url":"https:\/\/www.chrisearley.com\/es\/","logo":{"@type":"ImageObject","inLanguage":"es-US","@id":"https:\/\/www.chrisearley.com\/es\/#\/schema\/logo\/image\/","url":"https:\/\/www.chrisearley.com\/wp-content\/uploads\/2024\/05\/logo.png","contentUrl":"https:\/\/www.chrisearley.com\/wp-content\/uploads\/2024\/05\/logo.png","width":420,"height":79,"caption":"Earley Law Group Injury Lawyers"},"image":{"@id":"https:\/\/www.chrisearley.com\/es\/#\/schema\/logo\/image\/"},"sameAs":["https:\/\/www.facebook.com\/Law-Offices-of-Christopher-Earley-104980886333\/","https:\/\/x.com\/chrisearleylaw","https:\/\/www.youtube.com\/user\/ChrisEarleyLaw","https:\/\/www.linkedin.com\/company\/earley-law-group-injury-lawyers","https:\/\/www.instagram.com\/earleylawgroupinjurylawyers\/"]}]}},"_links":{"self":[{"href":"https:\/\/www.chrisearley.com\/es\/wp-json\/wp\/v2\/pages\/12278","targetHints":{"allow":["GET"]}}],"collection":[{"href":"https:\/\/www.chrisearley.com\/es\/wp-json\/wp\/v2\/pages"}],"about":[{"href":"https:\/\/www.chrisearley.com\/es\/wp-json\/wp\/v2\/types\/page"}],"author":[{"embeddable":true,"href":"https:\/\/www.chrisearley.com\/es\/wp-json\/wp\/v2\/users\/35"}],"replies":[{"embeddable":true,"href":"https:\/\/www.chrisearley.com\/es\/wp-json\/wp\/v2\/comments?post=12278"}],"version-history":[{"count":0,"href":"https:\/\/www.chrisearley.com\/es\/wp-json\/wp\/v2\/pages\/12278\/revisions"}],"wp:featuredmedia":[{"embeddable":true,"href":"https:\/\/www.chrisearley.com\/es\/wp-json\/wp\/v2\/media\/33435"}],"wp:attachment":[{"href":"https:\/\/www.chrisearley.com\/es\/wp-json\/wp\/v2\/media?parent=12278"}],"curies":[{"name":"wp","href":"https:\/\/api.w.org\/{rel}","templated":true}]}}