{"id":12254,"date":"2024-06-11T22:40:41","date_gmt":"2024-06-11T22:40:41","guid":{"rendered":"https:\/\/www.chrisearley.com\/?page_id=12254"},"modified":"2024-07-04T08:01:30","modified_gmt":"2024-07-04T08:01:30","slug":"accidentes-automovilisticos-comunes","status":"publish","type":"page","link":"https:\/\/www.chrisearley.com\/es\/accidentes-de-automoviles\/accidentes-automovilisticos-comunes\/","title":{"rendered":"Accidentes Automovil\u00edsticos Comunes"},"content":{"rendered":"<ul>\n<li><strong>Accidentes traseros:<\/strong>\u00a0estos son el tipo de accidente automovil\u00edsticos m\u00e1s comunes en Massachusetts.<\/li>\n<li><strong>Accidentes de intersecci\u00f3n:<\/strong>\u00a0estos accidentes automovil\u00edsticos generalmente surgen por no detenerse en un sem\u00e1foro en rojo o una se\u00f1al de alto.<\/li>\n<li>Deslizamiento lateral<\/li>\n<li><a href=\"https:\/\/www.chrisearley.com\/es\/accidente-de-peatones\/\">Accidentes de peatones<\/a>: representamos a los peatones lesionados atropellados por negligencia por veh\u00edculos motorizados.<\/li>\n<li><strong>Accidentes de viajes compartidos:<\/strong>\u00a0el n\u00famero de pasajeros de Uber y Lyft est\u00e1 aumentando, lo que significa un mayor riesgo de estos accidentes.<\/li>\n<li><a href=\"https:\/\/www.chrisearley.com\/es\/accidentes-de-automoviles\/falta-de-rendimiento\/\">Accidentes por falta de rendimiento<\/a><\/li>\n<li><strong>Accidentes automovil\u00edsticos relacionados con el trabajo:<\/strong>\u00a0los accidentes automovil\u00edsticos que ocurren en el trabajo pueden dar lugar a reclamaciones por negligencia y compensaci\u00f3n laboral.<\/li>\n<li>Accidentes que involucran a adolescentes<\/li>\n<li><a href=\"https:\/\/www.chrisearley.com\/es\/accidente-de-motocicleta\/\">Accidentes de motocicleta<\/a>: los accidentes de motocicleta pueden causar lesiones muy graves dado lo expuestos que est\u00e1n los motociclistas.<\/li>\n<li><a href=\"https:\/\/www.chrisearley.com\/es\/accidente-de-camion\/\">Accidentes de camiones<\/a>: debido a su tama\u00f1o, los camiones causan lesiones muy graves cuando se manejan con negligencia.<\/li>\n<li>Cambios de carril inadecuados<\/li>\n<li><a href=\"https:\/\/www.chrisearley.com\/es\/accidente-de-construccion\/\">Los accidentes automovil\u00edsticos que ocurren en un sitio de construcci\u00f3n<\/a>\u00a0pueden ocurrir de diferentes maneras.<\/li>\n<li><a href=\"https:\/\/www.chrisearley.com\/es\/accidentes-de-automoviles\/accidente-automovilistico-lateral\/\">Accidentes de T-bone<\/a><\/li>\n<li><a href=\"https:\/\/www.chrisearley.com\/es\/accidentes-de-automoviles\/accidente-de-conduccion-distraido\/\">Accidentes de conducci\u00f3n distra\u00eddos<\/a><\/li>\n<li>Accidentes de autob\u00fas<\/li>\n<li>Accidentes rotatorios<\/li>\n<li><a href=\"https:\/\/www.chrisearley.com\/es\/accidentes-de-automoviles\/accidente-de-carro-alquilado\/\">Accidentes relacionados con veh\u00edculos de alquiler de autom\u00f3viles<\/a>. Estos choques pueden involucrar problemas de cobertura de seguro.<\/li>\n<li>Accidentes automovil\u00edsticos de tailgating<\/li>\n<li>Accidentes de trenes<\/li>\n<li><a href=\"https:\/\/www.chrisearley.com\/es\/accidentes-de-automoviles\/accidente-de-transito-mbta\/\">Accidentes automovil\u00edsticos MBTA<\/a>: estos accidentes son comunes dada la gran cantidad de veh\u00edculos MBTA en la carretera.<\/li>\n<li><a href=\"https:\/\/www.chrisearley.com\/es\/accidentes-de-automoviles\/accidente-automovilistico-volcado\/\">Accidentes de vuelco<\/a><\/li>\n<li><a href=\"https:\/\/www.chrisearley.com\/es\/accidentes-de-automoviles\/accidente-automovilistico-de-choque-y-fuga\/\">Accidentes de atropello y fuga<\/a>: estos accidentes automovil\u00edsticos generan cobertura para conductores sin seguro.<\/li>\n<li>Accidentes de un solo veh\u00edculo<\/li>\n<li><a href=\"https:\/\/www.chrisearley.com\/es\/accidentes-de-automoviles\/accidentes-de-taxi\/\">Accidentes de taxis<\/a>: desafortunadamente, los operadores de taxis se ven involucrados en muchos accidentes (seg\u00fan el volumen de taxis en la carretera y la cantidad de horas que conducen).<\/li>\n<li><a href=\"https:\/\/www.chrisearley.com\/es\/accidente-de-peatones\/\">Accidentes de peatones<\/a>: estos accidentes ocurren com\u00fanmente en los cruces peatonales, pero tambi\u00e9n pueden ocurrir en cualquier lugar.<\/li>\n<li><a href=\"https:\/\/www.chrisearley.com\/es\/accidentes-de-automoviles\/accidente-en-lote-de-estacionamiento\/\">Accidentes en el parqueadero<\/a><\/li>\n<li><a href=\"https:\/\/www.chrisearley.com\/es\/accidentes-de-automoviles\/accidente-por-conducir-ebrio\/\">Accidentes por conducir ebrio<\/a><\/li>\n<li><a href=\"https:\/\/www.chrisearley.com\/es\/accidentes-de-automoviles\/accidente-automovilistico-frontal\/\">Choques de frente<\/a>: estos choques pueden causar lesiones personales muy graves debido a la fuerza contundente del impacto.<\/li>\n<li><a href=\"https:\/\/www.chrisearley.com\/es\/accidente-de-bicicleta\/\">Accidentes de bicicletas<\/a>: cada vez m\u00e1s personas andan en bicicleta, lo que significa un mayor riesgo de lesiones.<\/li>\n<li><a href=\"https:\/\/www.chrisearley.com\/es\/accidentes-de-automoviles\/reclamos-de-automovilistas-con-seguro-insuficiente-o-sin-seguro\/\">Reclamaciones de automovilistas con seguro insuficiente \/ sin seguro<\/a>: las reclamaciones de automovilistas con seguro insuficiente surgen cuando no hay suficiente seguro de autom\u00f3vil por lesiones corporales para cubrir sus lesiones. La cobertura de automovilista sin seguro se aplica cuando no hay seguro o cuando hay un choque y fuga.<\/li>\n<li><a href=\"https:\/\/www.chrisearley.com\/es\/muerte-injusta\/\">Muerte injusta<\/a><\/li>\n<li><a href=\"https:\/\/www.chrisearley.com\/es\/accidentes-de-automoviles\/enviar-mensajes-de-texto-mientras-se-conduce\/\">Enviar mensajes de texto mientras se conduce<\/a><\/li>\n<\/ul>\n","protected":false},"excerpt":{"rendered":"<p>Accidentes traseros:\u00a0estos son el tipo de accidente automovil\u00edsticos m\u00e1s comunes en Massachusetts. Accidentes de intersecci\u00f3n:\u00a0estos accidentes automovil\u00edsticos generalmente surgen por no detenerse en un sem\u00e1foro en rojo o una se\u00f1al de alto. Deslizamiento lateral Accidentes de peatones: representamos a los peatones lesionados atropellados por negligencia por veh\u00edculos motorizados. Accidentes de viajes compartidos:\u00a0el n\u00famero de pasajeros [&hellip;]<\/p>\n","protected":false},"author":35,"featured_media":0,"parent":12021,"menu_order":35,"comment_status":"closed","ping_status":"closed","template":"","meta":{"_acf_changed":false,"footnotes":""},"class_list":["post-12254","page","type-page","status-publish","hentry"],"acf":[],"yoast_head":"<!-- This site is optimized with the Yoast SEO plugin v27.5 - https:\/\/yoast.com\/product\/yoast-seo-wordpress\/ -->\n<title>Accidentes Automovil\u00edsticos Comunes | Boston Abogado de Choque de Auto<\/title>\n<meta name=\"description\" content=\"Consulta Gratis - Ll\u00e1menos al 617-444-7777 - Earley Law Group Injury Lawyers ayuda a las v\u00edctimas y sus familias a recibir una compensaci\u00f3n por sus lesiones. Accidentes Automovil\u00edsticos Comunes - Boston Abogado de Choque de Auto\" \/>\n<meta name=\"robots\" content=\"index, follow, max-snippet:-1, max-image-preview:large, max-video-preview:-1\" \/>\n<link rel=\"canonical\" href=\"https:\/\/www.chrisearley.com\/es\/accidentes-de-automoviles\/accidentes-automovilisticos-comunes\/\" \/>\n<meta property=\"og:locale\" content=\"es_ES\" \/>\n<meta property=\"og:type\" content=\"article\" \/>\n<meta property=\"og:title\" content=\"Accidentes Automovil\u00edsticos Comunes | Boston Abogado de Choque de Auto\" \/>\n<meta property=\"og:description\" content=\"Consulta Gratis - Ll\u00e1menos al 617-444-7777 - Earley Law Group Injury Lawyers ayuda a las v\u00edctimas y sus familias a recibir una compensaci\u00f3n por sus lesiones. Accidentes Automovil\u00edsticos Comunes - Boston Abogado de Choque de Auto\" \/>\n<meta property=\"og:url\" content=\"https:\/\/www.chrisearley.com\/es\/accidentes-de-automoviles\/accidentes-automovilisticos-comunes\/\" \/>\n<meta property=\"og:site_name\" content=\"Earley Law Group Injury Lawyers\" \/>\n<meta property=\"article:publisher\" content=\"https:\/\/www.facebook.com\/Law-Offices-of-Christopher-Earley-104980886333\/\" \/>\n<meta property=\"article:modified_time\" content=\"2024-07-04T08:01:30+00:00\" \/>\n<meta name=\"twitter:card\" content=\"summary_large_image\" \/>\n<meta name=\"twitter:site\" content=\"@chrisearleylaw\" \/>\n<meta name=\"twitter:label1\" content=\"Est. reading time\" \/>\n\t<meta name=\"twitter:data1\" content=\"2 minutes\" \/>\n<script type=\"application\/ld+json\" class=\"yoast-schema-graph\">{\"@context\":\"https:\\\/\\\/schema.org\",\"@graph\":[{\"@type\":\"WebPage\",\"@id\":\"https:\\\/\\\/www.chrisearley.com\\\/es\\\/accidentes-de-automoviles\\\/accidentes-automovilisticos-comunes\\\/\",\"url\":\"https:\\\/\\\/www.chrisearley.com\\\/es\\\/accidentes-de-automoviles\\\/accidentes-automovilisticos-comunes\\\/\",\"name\":\"Accidentes Automovil\u00edsticos Comunes | Boston Abogado de Choque de Auto\",\"isPartOf\":{\"@id\":\"https:\\\/\\\/www.chrisearley.com\\\/es\\\/#website\"},\"datePublished\":\"2024-06-11T22:40:41+00:00\",\"dateModified\":\"2024-07-04T08:01:30+00:00\",\"description\":\"Consulta Gratis - Ll\u00e1menos al 617-444-7777 - Earley Law Group Injury Lawyers ayuda a las v\u00edctimas y sus familias a recibir una compensaci\u00f3n por sus lesiones. Accidentes Automovil\u00edsticos Comunes - Boston Abogado de Choque de Auto\",\"breadcrumb\":{\"@id\":\"https:\\\/\\\/www.chrisearley.com\\\/es\\\/accidentes-de-automoviles\\\/accidentes-automovilisticos-comunes\\\/#breadcrumb\"},\"inLanguage\":\"es-US\",\"potentialAction\":[{\"@type\":\"ReadAction\",\"target\":[\"https:\\\/\\\/www.chrisearley.com\\\/es\\\/accidentes-de-automoviles\\\/accidentes-automovilisticos-comunes\\\/\"]}]},{\"@type\":\"BreadcrumbList\",\"@id\":\"https:\\\/\\\/www.chrisearley.com\\\/es\\\/accidentes-de-automoviles\\\/accidentes-automovilisticos-comunes\\\/#breadcrumb\",\"itemListElement\":[{\"@type\":\"ListItem\",\"position\":1,\"name\":\"Home\",\"item\":\"https:\\\/\\\/www.chrisearley.com\\\/es\\\/\"},{\"@type\":\"ListItem\",\"position\":2,\"name\":\"Accidentes de Autom\u00f3viles\",\"item\":\"https:\\\/\\\/www.chrisearley.com\\\/es\\\/accidentes-de-automoviles\\\/\"},{\"@type\":\"ListItem\",\"position\":3,\"name\":\"Accidentes Automovil\u00edsticos Comunes\"}]},{\"@type\":\"WebSite\",\"@id\":\"https:\\\/\\\/www.chrisearley.com\\\/es\\\/#website\",\"url\":\"https:\\\/\\\/www.chrisearley.com\\\/es\\\/\",\"name\":\"Earley Law Group Injury Lawyers\",\"description\":\"\",\"publisher\":{\"@id\":\"https:\\\/\\\/www.chrisearley.com\\\/es\\\/#organization\"},\"potentialAction\":[{\"@type\":\"SearchAction\",\"target\":{\"@type\":\"EntryPoint\",\"urlTemplate\":\"https:\\\/\\\/www.chrisearley.com\\\/es\\\/?s={search_term_string}\"},\"query-input\":{\"@type\":\"PropertyValueSpecification\",\"valueRequired\":true,\"valueName\":\"search_term_string\"}}],\"inLanguage\":\"es-US\"},{\"@type\":\"Organization\",\"@id\":\"https:\\\/\\\/www.chrisearley.com\\\/es\\\/#organization\",\"name\":\"Earley Law Group Injury Lawyers\",\"url\":\"https:\\\/\\\/www.chrisearley.com\\\/es\\\/\",\"logo\":{\"@type\":\"ImageObject\",\"inLanguage\":\"es-US\",\"@id\":\"https:\\\/\\\/www.chrisearley.com\\\/es\\\/#\\\/schema\\\/logo\\\/image\\\/\",\"url\":\"https:\\\/\\\/www.chrisearley.com\\\/wp-content\\\/uploads\\\/2024\\\/05\\\/logo.png\",\"contentUrl\":\"https:\\\/\\\/www.chrisearley.com\\\/wp-content\\\/uploads\\\/2024\\\/05\\\/logo.png\",\"width\":420,\"height\":79,\"caption\":\"Earley Law Group Injury Lawyers\"},\"image\":{\"@id\":\"https:\\\/\\\/www.chrisearley.com\\\/es\\\/#\\\/schema\\\/logo\\\/image\\\/\"},\"sameAs\":[\"https:\\\/\\\/www.facebook.com\\\/Law-Offices-of-Christopher-Earley-104980886333\\\/\",\"https:\\\/\\\/x.com\\\/chrisearleylaw\",\"https:\\\/\\\/www.youtube.com\\\/user\\\/ChrisEarleyLaw\",\"https:\\\/\\\/www.linkedin.com\\\/company\\\/earley-law-group-injury-lawyers\",\"https:\\\/\\\/www.instagram.com\\\/earleylawgroupinjurylawyers\\\/\"]}]}<\/script>\n<!-- \/ Yoast SEO plugin. -->","yoast_head_json":{"title":"Accidentes Automovil\u00edsticos Comunes | Boston Abogado de Choque de Auto","description":"Consulta Gratis - Ll\u00e1menos al 617-444-7777 - Earley Law Group Injury Lawyers ayuda a las v\u00edctimas y sus familias a recibir una compensaci\u00f3n por sus lesiones. Accidentes Automovil\u00edsticos Comunes - Boston Abogado de Choque de Auto","robots":{"index":"index","follow":"follow","max-snippet":"max-snippet:-1","max-image-preview":"max-image-preview:large","max-video-preview":"max-video-preview:-1"},"canonical":"https:\/\/www.chrisearley.com\/es\/accidentes-de-automoviles\/accidentes-automovilisticos-comunes\/","og_locale":"es_ES","og_type":"article","og_title":"Accidentes Automovil\u00edsticos Comunes | Boston Abogado de Choque de Auto","og_description":"Consulta Gratis - Ll\u00e1menos al 617-444-7777 - Earley Law Group Injury Lawyers ayuda a las v\u00edctimas y sus familias a recibir una compensaci\u00f3n por sus lesiones. Accidentes Automovil\u00edsticos Comunes - Boston Abogado de Choque de Auto","og_url":"https:\/\/www.chrisearley.com\/es\/accidentes-de-automoviles\/accidentes-automovilisticos-comunes\/","og_site_name":"Earley Law Group Injury Lawyers","article_publisher":"https:\/\/www.facebook.com\/Law-Offices-of-Christopher-Earley-104980886333\/","article_modified_time":"2024-07-04T08:01:30+00:00","twitter_card":"summary_large_image","twitter_site":"@chrisearleylaw","twitter_misc":{"Est. reading time":"2 minutes"},"schema":{"@context":"https:\/\/schema.org","@graph":[{"@type":"WebPage","@id":"https:\/\/www.chrisearley.com\/es\/accidentes-de-automoviles\/accidentes-automovilisticos-comunes\/","url":"https:\/\/www.chrisearley.com\/es\/accidentes-de-automoviles\/accidentes-automovilisticos-comunes\/","name":"Accidentes Automovil\u00edsticos Comunes | Boston Abogado de Choque de Auto","isPartOf":{"@id":"https:\/\/www.chrisearley.com\/es\/#website"},"datePublished":"2024-06-11T22:40:41+00:00","dateModified":"2024-07-04T08:01:30+00:00","description":"Consulta Gratis - Ll\u00e1menos al 617-444-7777 - Earley Law Group Injury Lawyers ayuda a las v\u00edctimas y sus familias a recibir una compensaci\u00f3n por sus lesiones. Accidentes Automovil\u00edsticos Comunes - Boston Abogado de Choque de Auto","breadcrumb":{"@id":"https:\/\/www.chrisearley.com\/es\/accidentes-de-automoviles\/accidentes-automovilisticos-comunes\/#breadcrumb"},"inLanguage":"es-US","potentialAction":[{"@type":"ReadAction","target":["https:\/\/www.chrisearley.com\/es\/accidentes-de-automoviles\/accidentes-automovilisticos-comunes\/"]}]},{"@type":"BreadcrumbList","@id":"https:\/\/www.chrisearley.com\/es\/accidentes-de-automoviles\/accidentes-automovilisticos-comunes\/#breadcrumb","itemListElement":[{"@type":"ListItem","position":1,"name":"Home","item":"https:\/\/www.chrisearley.com\/es\/"},{"@type":"ListItem","position":2,"name":"Accidentes de Autom\u00f3viles","item":"https:\/\/www.chrisearley.com\/es\/accidentes-de-automoviles\/"},{"@type":"ListItem","position":3,"name":"Accidentes Automovil\u00edsticos Comunes"}]},{"@type":"WebSite","@id":"https:\/\/www.chrisearley.com\/es\/#website","url":"https:\/\/www.chrisearley.com\/es\/","name":"Earley Law Group Injury Lawyers","description":"","publisher":{"@id":"https:\/\/www.chrisearley.com\/es\/#organization"},"potentialAction":[{"@type":"SearchAction","target":{"@type":"EntryPoint","urlTemplate":"https:\/\/www.chrisearley.com\/es\/?s={search_term_string}"},"query-input":{"@type":"PropertyValueSpecification","valueRequired":true,"valueName":"search_term_string"}}],"inLanguage":"es-US"},{"@type":"Organization","@id":"https:\/\/www.chrisearley.com\/es\/#organization","name":"Earley Law Group Injury Lawyers","url":"https:\/\/www.chrisearley.com\/es\/","logo":{"@type":"ImageObject","inLanguage":"es-US","@id":"https:\/\/www.chrisearley.com\/es\/#\/schema\/logo\/image\/","url":"https:\/\/www.chrisearley.com\/wp-content\/uploads\/2024\/05\/logo.png","contentUrl":"https:\/\/www.chrisearley.com\/wp-content\/uploads\/2024\/05\/logo.png","width":420,"height":79,"caption":"Earley Law Group Injury Lawyers"},"image":{"@id":"https:\/\/www.chrisearley.com\/es\/#\/schema\/logo\/image\/"},"sameAs":["https:\/\/www.facebook.com\/Law-Offices-of-Christopher-Earley-104980886333\/","https:\/\/x.com\/chrisearleylaw","https:\/\/www.youtube.com\/user\/ChrisEarleyLaw","https:\/\/www.linkedin.com\/company\/earley-law-group-injury-lawyers","https:\/\/www.instagram.com\/earleylawgroupinjurylawyers\/"]}]}},"_links":{"self":[{"href":"https:\/\/www.chrisearley.com\/es\/wp-json\/wp\/v2\/pages\/12254","targetHints":{"allow":["GET"]}}],"collection":[{"href":"https:\/\/www.chrisearley.com\/es\/wp-json\/wp\/v2\/pages"}],"about":[{"href":"https:\/\/www.chrisearley.com\/es\/wp-json\/wp\/v2\/types\/page"}],"author":[{"embeddable":true,"href":"https:\/\/www.chrisearley.com\/es\/wp-json\/wp\/v2\/users\/35"}],"replies":[{"embeddable":true,"href":"https:\/\/www.chrisearley.com\/es\/wp-json\/wp\/v2\/comments?post=12254"}],"version-history":[{"count":0,"href":"https:\/\/www.chrisearley.com\/es\/wp-json\/wp\/v2\/pages\/12254\/revisions"}],"up":[{"embeddable":true,"href":"https:\/\/www.chrisearley.com\/es\/wp-json\/wp\/v2\/pages\/12021"}],"wp:attachment":[{"href":"https:\/\/www.chrisearley.com\/es\/wp-json\/wp\/v2\/media?parent=12254"}],"curies":[{"name":"wp","href":"https:\/\/api.w.org\/{rel}","templated":true}]}}