{"id":12229,"date":"2024-06-15T13:23:42","date_gmt":"2024-06-15T13:23:42","guid":{"rendered":"https:\/\/www.chrisearley.com\/?page_id=12229"},"modified":"2024-07-04T08:01:14","modified_gmt":"2024-07-04T08:01:14","slug":"accidentes-de-viajes-compartidos","status":"publish","type":"page","link":"https:\/\/www.chrisearley.com\/es\/accidentes-de-automoviles\/accidentes-de-viajes-compartidos\/","title":{"rendered":"Accidentes de Viajes Compartidos"},"content":{"rendered":"<p>El viaje compartido se ha vuelto tan com\u00fan que casi todos ahora tienen una aplicaci\u00f3n de Uber o Lyft en su tel\u00e9fono. Este tipo de transporte es relativamente econ\u00f3mico, eficiente y muy conveniente. Sin embargo, con demasiada frecuencia vemos personas inocentes heridas en estos accidentes. Las lesiones pueden variar desde leves e insignificantes, hasta lesiones catastr\u00f3ficas.<\/p>\n<p>Como abogados de\u00a0<a href=\"https:\/\/www.chrisearley.com\/es\/accidentes-de-automoviles\/\">accidentes automovil\u00edsticos<\/a>\u00a0de Boston Uber y Lyft, nuestra oficina ha manejado con \u00e9xito estos casos y sabe cu\u00e1n perjudiciales pueden ser estos accidentes para las personas.<\/p>\n<p>En los \u00faltimos a\u00f1os se ha visto una gran expansi\u00f3n en los servicios de veh\u00edculos compartidos.\u00a0<a href=\"https:\/\/www.uber.com\/\" target=\"_blank\" rel=\"noopener\">Uber<\/a>\u00a0y\u00a0<a href=\"https:\/\/www.lyft.com\/\" target=\"_blank\" rel=\"noopener\">Lyft<\/a>\u00a0son las empresas m\u00e1s grandes y, como resultado, tienen la mayor cantidad de accidentes.<\/p>\n<p>Muchos\u00a0<a href=\"https:\/\/www.chrisearley.com\/es\/accidentes-de-automoviles\/accidentes-de-taxi\/\">accidentes de taxi<\/a>\u00a0involucran veh\u00edculos Uber ya que los taxistas obtienen pasajeros a trav\u00e9s de Uber. Los pasajeros lesionados durante el uso de estos servicios tienen derechos en caso de accidente.<\/p>\n<h2>Compensaci\u00f3n Disponible que se Puede Perseguir<\/h2>\n<p>En estos accidentes, tiene derecho a presentar una\u00a0<a href=\"https:\/\/www.chrisearley.com\/blog\/boston-ma-personal-injury-lawyer\/\" rel=\"noopener\">reclamaci\u00f3n por sus facturas m\u00e9dicas y por su dolor y sufrimiento<\/a>. La compa\u00f1\u00eda de seguros de autom\u00f3viles de Uber o Lyft en la que se encontraba es responsable de pagar sus facturas m\u00e9dicas.<\/p>\n<p>Si el conductor del autom\u00f3vil en el que estaba se considera culpable, o con m\u00e1s del 50% de la culpa, entonces puede presentar un reclamo por dolor y sufrimiento contra la compa\u00f1\u00eda de seguros de ese conductor.<\/p>\n<p>Si el otro conductor es el culpable, su reclamo por dolor y sufrimiento se har\u00e1 con la compa\u00f1\u00eda de seguros de ese conductor. Siempre que sus facturas m\u00e9dicas sean de al menos $2000, puede presentar una reclamaci\u00f3n por dolor y sufrimiento.<\/p>\n<p>Los conductores de Uber y Lyft que se lesionan en el trabajo no pueden cobrar los beneficios de\u00a0<a href=\"https:\/\/www.chrisearley.com\/es\/compensacion-laboral\/\">compensaci\u00f3n para trabajadores<\/a>. Existe un litigio en curso para cambiar su estado de contratistas independientes a empleados.<\/p>\n<p>Si intenta manejar su reclamo por\u00a0<a href=\"https:\/\/www.chrisearley.com\/es\/lesiones-personales\/\">lesiones personales<\/a>\u00a0por su cuenta, puede sentirse confundido y hasta ser bloqueado por la compa\u00f1\u00eda de seguros. Esto se debe a que hay tantos reclamos por accidentes automovil\u00edsticos de Uber y Lyft que es f\u00e1cil ignorar su reclamo. No dejes que eso te suceda.<\/p>\n<p>Estos reclamos a menudo son complicados porque requieren una investigaci\u00f3n por parte de un abogado con experiencia en accidentes de viajes compartidos en Boston para averiguar qui\u00e9n es la compa\u00f1\u00eda de seguros correcta.<\/p>\n<p>Por ejemplo, \u00bfes la p\u00f3liza de seguro de autom\u00f3vil personal o comercial del conductor la responsable de pagar la reclamaci\u00f3n? Estos problemas y preguntas que surgen pueden confundirlo y, a menudo, requieren un an\u00e1lisis y una evaluaci\u00f3n legales para resolverlos. Mi oficina tiene experiencia y \u00e9xito en estos casos.<\/p>\n<h2>Abogado de Accidentes Automovil\u00edsticos de Boston Uber y Lyft que Puede Ayudarlo<\/h2>\n<p>Llame a\u00a0<a href=\"https:\/\/www.chrisearley.com\/es\/\">la oficina legal de Christopher Earley<\/a>\u00a0si necesita un abogado de\u00a0<a href=\"https:\/\/www.chrisearley.com\/es\/accidentes-de-automoviles\/\">accidentes automovil\u00edsticos<\/a>\u00a0de Boston Uber y Lyft. Las consultas son siempre gratuitas en nuestra oficina y solo\u00a0nos pagan si ganamos su caso. Descargue gratis nuestra gu\u00eda de accidentes automovil\u00edsticos llamada La verdad sobre los accidentes automovil\u00edsticos en Massachusetts, ya que est\u00e1 dise\u00f1ada para ayudarlo a navegar en este momento dif\u00edcil. Ay\u00fadese a s\u00ed mismo en esta situaci\u00f3n al no cometer errores que puedan empeorar el problema.<\/p>\n","protected":false},"excerpt":{"rendered":"<p>El viaje compartido se ha vuelto tan com\u00fan que casi todos ahora tienen una aplicaci\u00f3n de Uber o Lyft en su tel\u00e9fono. Este tipo de transporte es relativamente econ\u00f3mico, eficiente y muy conveniente. Sin embargo, con demasiada frecuencia vemos personas inocentes heridas en estos accidentes. Las lesiones pueden variar desde leves e insignificantes, hasta lesiones [&hellip;]<\/p>\n","protected":false},"author":35,"featured_media":0,"parent":12021,"menu_order":84,"comment_status":"closed","ping_status":"closed","template":"","meta":{"_acf_changed":false,"footnotes":""},"class_list":["post-12229","page","type-page","status-publish","hentry"],"acf":[],"yoast_head":"<!-- This site is optimized with the Yoast SEO plugin v27.5 - https:\/\/yoast.com\/product\/yoast-seo-wordpress\/ -->\n<title>Accidentes de Viajes Compartidos | Boston Abogado de Choque de Auto<\/title>\n<meta name=\"description\" content=\"Consulta Gratis - Ll\u00e1menos al 617-444-7777 - Earley Law Group Injury Lawyers ayuda a las v\u00edctimas y sus familias a recibir una compensaci\u00f3n por sus lesiones. Accidentes de Viajes Compartidos - Boston Abogado de Choque de Auto\" \/>\n<meta name=\"robots\" content=\"index, follow, max-snippet:-1, max-image-preview:large, max-video-preview:-1\" \/>\n<link rel=\"canonical\" href=\"https:\/\/www.chrisearley.com\/es\/accidentes-de-automoviles\/accidentes-de-viajes-compartidos\/\" \/>\n<meta property=\"og:locale\" content=\"es_ES\" \/>\n<meta property=\"og:type\" content=\"article\" \/>\n<meta property=\"og:title\" content=\"Accidentes de Viajes Compartidos | Boston Abogado de Choque de Auto\" \/>\n<meta property=\"og:description\" content=\"Consulta Gratis - Ll\u00e1menos al 617-444-7777 - Earley Law Group Injury Lawyers ayuda a las v\u00edctimas y sus familias a recibir una compensaci\u00f3n por sus lesiones. Accidentes de Viajes Compartidos - Boston Abogado de Choque de Auto\" \/>\n<meta property=\"og:url\" content=\"https:\/\/www.chrisearley.com\/es\/accidentes-de-automoviles\/accidentes-de-viajes-compartidos\/\" \/>\n<meta property=\"og:site_name\" content=\"Earley Law Group Injury Lawyers\" \/>\n<meta property=\"article:publisher\" content=\"https:\/\/www.facebook.com\/Law-Offices-of-Christopher-Earley-104980886333\/\" \/>\n<meta property=\"article:modified_time\" content=\"2024-07-04T08:01:14+00:00\" \/>\n<meta name=\"twitter:card\" content=\"summary_large_image\" \/>\n<meta name=\"twitter:site\" content=\"@chrisearleylaw\" \/>\n<meta name=\"twitter:label1\" content=\"Est. reading time\" \/>\n\t<meta name=\"twitter:data1\" content=\"3 minutes\" \/>\n<script type=\"application\/ld+json\" class=\"yoast-schema-graph\">{\"@context\":\"https:\\\/\\\/schema.org\",\"@graph\":[{\"@type\":\"WebPage\",\"@id\":\"https:\\\/\\\/www.chrisearley.com\\\/es\\\/accidentes-de-automoviles\\\/accidentes-de-viajes-compartidos\\\/\",\"url\":\"https:\\\/\\\/www.chrisearley.com\\\/es\\\/accidentes-de-automoviles\\\/accidentes-de-viajes-compartidos\\\/\",\"name\":\"Accidentes de Viajes Compartidos | Boston Abogado de Choque de Auto\",\"isPartOf\":{\"@id\":\"https:\\\/\\\/www.chrisearley.com\\\/es\\\/#website\"},\"datePublished\":\"2024-06-15T13:23:42+00:00\",\"dateModified\":\"2024-07-04T08:01:14+00:00\",\"description\":\"Consulta Gratis - Ll\u00e1menos al 617-444-7777 - Earley Law Group Injury Lawyers ayuda a las v\u00edctimas y sus familias a recibir una compensaci\u00f3n por sus lesiones. Accidentes de Viajes Compartidos - Boston Abogado de Choque de Auto\",\"breadcrumb\":{\"@id\":\"https:\\\/\\\/www.chrisearley.com\\\/es\\\/accidentes-de-automoviles\\\/accidentes-de-viajes-compartidos\\\/#breadcrumb\"},\"inLanguage\":\"es-US\",\"potentialAction\":[{\"@type\":\"ReadAction\",\"target\":[\"https:\\\/\\\/www.chrisearley.com\\\/es\\\/accidentes-de-automoviles\\\/accidentes-de-viajes-compartidos\\\/\"]}]},{\"@type\":\"BreadcrumbList\",\"@id\":\"https:\\\/\\\/www.chrisearley.com\\\/es\\\/accidentes-de-automoviles\\\/accidentes-de-viajes-compartidos\\\/#breadcrumb\",\"itemListElement\":[{\"@type\":\"ListItem\",\"position\":1,\"name\":\"Home\",\"item\":\"https:\\\/\\\/www.chrisearley.com\\\/es\\\/\"},{\"@type\":\"ListItem\",\"position\":2,\"name\":\"Accidentes de Autom\u00f3viles\",\"item\":\"https:\\\/\\\/www.chrisearley.com\\\/es\\\/accidentes-de-automoviles\\\/\"},{\"@type\":\"ListItem\",\"position\":3,\"name\":\"Accidentes de Viajes Compartidos\"}]},{\"@type\":\"WebSite\",\"@id\":\"https:\\\/\\\/www.chrisearley.com\\\/es\\\/#website\",\"url\":\"https:\\\/\\\/www.chrisearley.com\\\/es\\\/\",\"name\":\"Earley Law Group Injury Lawyers\",\"description\":\"\",\"publisher\":{\"@id\":\"https:\\\/\\\/www.chrisearley.com\\\/es\\\/#organization\"},\"potentialAction\":[{\"@type\":\"SearchAction\",\"target\":{\"@type\":\"EntryPoint\",\"urlTemplate\":\"https:\\\/\\\/www.chrisearley.com\\\/es\\\/?s={search_term_string}\"},\"query-input\":{\"@type\":\"PropertyValueSpecification\",\"valueRequired\":true,\"valueName\":\"search_term_string\"}}],\"inLanguage\":\"es-US\"},{\"@type\":\"Organization\",\"@id\":\"https:\\\/\\\/www.chrisearley.com\\\/es\\\/#organization\",\"name\":\"Earley Law Group Injury Lawyers\",\"url\":\"https:\\\/\\\/www.chrisearley.com\\\/es\\\/\",\"logo\":{\"@type\":\"ImageObject\",\"inLanguage\":\"es-US\",\"@id\":\"https:\\\/\\\/www.chrisearley.com\\\/es\\\/#\\\/schema\\\/logo\\\/image\\\/\",\"url\":\"https:\\\/\\\/www.chrisearley.com\\\/wp-content\\\/uploads\\\/2024\\\/05\\\/logo.png\",\"contentUrl\":\"https:\\\/\\\/www.chrisearley.com\\\/wp-content\\\/uploads\\\/2024\\\/05\\\/logo.png\",\"width\":420,\"height\":79,\"caption\":\"Earley Law Group Injury Lawyers\"},\"image\":{\"@id\":\"https:\\\/\\\/www.chrisearley.com\\\/es\\\/#\\\/schema\\\/logo\\\/image\\\/\"},\"sameAs\":[\"https:\\\/\\\/www.facebook.com\\\/Law-Offices-of-Christopher-Earley-104980886333\\\/\",\"https:\\\/\\\/x.com\\\/chrisearleylaw\",\"https:\\\/\\\/www.youtube.com\\\/user\\\/ChrisEarleyLaw\",\"https:\\\/\\\/www.linkedin.com\\\/company\\\/earley-law-group-injury-lawyers\",\"https:\\\/\\\/www.instagram.com\\\/earleylawgroupinjurylawyers\\\/\"]}]}<\/script>\n<!-- \/ Yoast SEO plugin. -->","yoast_head_json":{"title":"Accidentes de Viajes Compartidos | Boston Abogado de Choque de Auto","description":"Consulta Gratis - Ll\u00e1menos al 617-444-7777 - Earley Law Group Injury Lawyers ayuda a las v\u00edctimas y sus familias a recibir una compensaci\u00f3n por sus lesiones. Accidentes de Viajes Compartidos - Boston Abogado de Choque de Auto","robots":{"index":"index","follow":"follow","max-snippet":"max-snippet:-1","max-image-preview":"max-image-preview:large","max-video-preview":"max-video-preview:-1"},"canonical":"https:\/\/www.chrisearley.com\/es\/accidentes-de-automoviles\/accidentes-de-viajes-compartidos\/","og_locale":"es_ES","og_type":"article","og_title":"Accidentes de Viajes Compartidos | Boston Abogado de Choque de Auto","og_description":"Consulta Gratis - Ll\u00e1menos al 617-444-7777 - Earley Law Group Injury Lawyers ayuda a las v\u00edctimas y sus familias a recibir una compensaci\u00f3n por sus lesiones. Accidentes de Viajes Compartidos - Boston Abogado de Choque de Auto","og_url":"https:\/\/www.chrisearley.com\/es\/accidentes-de-automoviles\/accidentes-de-viajes-compartidos\/","og_site_name":"Earley Law Group Injury Lawyers","article_publisher":"https:\/\/www.facebook.com\/Law-Offices-of-Christopher-Earley-104980886333\/","article_modified_time":"2024-07-04T08:01:14+00:00","twitter_card":"summary_large_image","twitter_site":"@chrisearleylaw","twitter_misc":{"Est. reading time":"3 minutes"},"schema":{"@context":"https:\/\/schema.org","@graph":[{"@type":"WebPage","@id":"https:\/\/www.chrisearley.com\/es\/accidentes-de-automoviles\/accidentes-de-viajes-compartidos\/","url":"https:\/\/www.chrisearley.com\/es\/accidentes-de-automoviles\/accidentes-de-viajes-compartidos\/","name":"Accidentes de Viajes Compartidos | Boston Abogado de Choque de Auto","isPartOf":{"@id":"https:\/\/www.chrisearley.com\/es\/#website"},"datePublished":"2024-06-15T13:23:42+00:00","dateModified":"2024-07-04T08:01:14+00:00","description":"Consulta Gratis - Ll\u00e1menos al 617-444-7777 - Earley Law Group Injury Lawyers ayuda a las v\u00edctimas y sus familias a recibir una compensaci\u00f3n por sus lesiones. Accidentes de Viajes Compartidos - Boston Abogado de Choque de Auto","breadcrumb":{"@id":"https:\/\/www.chrisearley.com\/es\/accidentes-de-automoviles\/accidentes-de-viajes-compartidos\/#breadcrumb"},"inLanguage":"es-US","potentialAction":[{"@type":"ReadAction","target":["https:\/\/www.chrisearley.com\/es\/accidentes-de-automoviles\/accidentes-de-viajes-compartidos\/"]}]},{"@type":"BreadcrumbList","@id":"https:\/\/www.chrisearley.com\/es\/accidentes-de-automoviles\/accidentes-de-viajes-compartidos\/#breadcrumb","itemListElement":[{"@type":"ListItem","position":1,"name":"Home","item":"https:\/\/www.chrisearley.com\/es\/"},{"@type":"ListItem","position":2,"name":"Accidentes de Autom\u00f3viles","item":"https:\/\/www.chrisearley.com\/es\/accidentes-de-automoviles\/"},{"@type":"ListItem","position":3,"name":"Accidentes de Viajes Compartidos"}]},{"@type":"WebSite","@id":"https:\/\/www.chrisearley.com\/es\/#website","url":"https:\/\/www.chrisearley.com\/es\/","name":"Earley Law Group Injury Lawyers","description":"","publisher":{"@id":"https:\/\/www.chrisearley.com\/es\/#organization"},"potentialAction":[{"@type":"SearchAction","target":{"@type":"EntryPoint","urlTemplate":"https:\/\/www.chrisearley.com\/es\/?s={search_term_string}"},"query-input":{"@type":"PropertyValueSpecification","valueRequired":true,"valueName":"search_term_string"}}],"inLanguage":"es-US"},{"@type":"Organization","@id":"https:\/\/www.chrisearley.com\/es\/#organization","name":"Earley Law Group Injury Lawyers","url":"https:\/\/www.chrisearley.com\/es\/","logo":{"@type":"ImageObject","inLanguage":"es-US","@id":"https:\/\/www.chrisearley.com\/es\/#\/schema\/logo\/image\/","url":"https:\/\/www.chrisearley.com\/wp-content\/uploads\/2024\/05\/logo.png","contentUrl":"https:\/\/www.chrisearley.com\/wp-content\/uploads\/2024\/05\/logo.png","width":420,"height":79,"caption":"Earley Law Group Injury Lawyers"},"image":{"@id":"https:\/\/www.chrisearley.com\/es\/#\/schema\/logo\/image\/"},"sameAs":["https:\/\/www.facebook.com\/Law-Offices-of-Christopher-Earley-104980886333\/","https:\/\/x.com\/chrisearleylaw","https:\/\/www.youtube.com\/user\/ChrisEarleyLaw","https:\/\/www.linkedin.com\/company\/earley-law-group-injury-lawyers","https:\/\/www.instagram.com\/earleylawgroupinjurylawyers\/"]}]}},"_links":{"self":[{"href":"https:\/\/www.chrisearley.com\/es\/wp-json\/wp\/v2\/pages\/12229","targetHints":{"allow":["GET"]}}],"collection":[{"href":"https:\/\/www.chrisearley.com\/es\/wp-json\/wp\/v2\/pages"}],"about":[{"href":"https:\/\/www.chrisearley.com\/es\/wp-json\/wp\/v2\/types\/page"}],"author":[{"embeddable":true,"href":"https:\/\/www.chrisearley.com\/es\/wp-json\/wp\/v2\/users\/35"}],"replies":[{"embeddable":true,"href":"https:\/\/www.chrisearley.com\/es\/wp-json\/wp\/v2\/comments?post=12229"}],"version-history":[{"count":0,"href":"https:\/\/www.chrisearley.com\/es\/wp-json\/wp\/v2\/pages\/12229\/revisions"}],"up":[{"embeddable":true,"href":"https:\/\/www.chrisearley.com\/es\/wp-json\/wp\/v2\/pages\/12021"}],"wp:attachment":[{"href":"https:\/\/www.chrisearley.com\/es\/wp-json\/wp\/v2\/media?parent=12229"}],"curies":[{"name":"wp","href":"https:\/\/api.w.org\/{rel}","templated":true}]}}