{"id":12205,"date":"2024-06-15T13:22:14","date_gmt":"2024-06-15T13:22:14","guid":{"rendered":"https:\/\/www.chrisearley.com\/?page_id=12205"},"modified":"2024-07-04T08:01:00","modified_gmt":"2024-07-04T08:01:00","slug":"accidentes-de-taxi","status":"publish","type":"page","link":"https:\/\/www.chrisearley.com\/es\/accidentes-de-automoviles\/accidentes-de-taxi\/","title":{"rendered":"Accidentes de Taxi"},"content":{"rendered":"<p>Hay aproximadamente <a href=\"https:\/\/www.americaninno.com\/boston\/how-much-do-boston-taxi-medallions-cost-2\/\" target=\"_blank\" rel=\"noopener\">2000<\/a>\u00a0taxis en Boston. Incluso con el crecimiento explosivo de Uber y Lyft y otras compa\u00f1\u00edas de viajes compartidos en los \u00faltimos a\u00f1os, los taxis siguen siendo muy populares en Boston.<\/p>\n<p>Con tantos estudiantes, residentes,\u00a0<a href=\"https:\/\/www.chrisearley.com\/es\/accidente-de-turismo\/\">turistas<\/a>\u00a0y otras personas que usan taxis en Boston, personas inocentes saldr\u00e1n lastimadas. Adem\u00e1s, dado que los taxistas trabajan tantas horas a la semana, predeciblemente habr\u00e1 muchos accidentes de taxi en Boston.<\/p>\n<p>Si experiment\u00f3 un accidente por\u00a0<a href=\"https:\/\/www.chrisearley.com\/es\/lesiones-personales\/\">lesiones personales<\/a>\u00a0y necesita un abogado de accidentes de taxi en Boston, es importante saber cu\u00e1les son sus derechos y a qu\u00e9 tipos de compensaci\u00f3n financiera tiene derecho.\u00a0<a href=\"https:\/\/www.chrisearley.com\/es\/\">La oficina legal de Christopher Earley<\/a>\u00a0puede ayudarlo.<\/p>\n<h2>Tipos Comunes de Accidentes de Taxi de Boston<\/h2>\n<ul>\n<li><a href=\"https:\/\/www.chrisearley.com\/es\/accidentes-de-automoviles\/\">Accidentes automovil\u00edsticos:<\/a>\u00a0si era un pasajero en un taxi o estaba en un autom\u00f3vil atropellado por un taxi, tiene derecho a ser compensado por la compa\u00f1\u00eda de seguros por el conductor que tuvo la culpa.<\/li>\n<li><a href=\"https:\/\/www.chrisearley.com\/es\/accidente-de-peatones\/\">Accidentes de peatones<\/a>: Boston es ampliamente conocida como una ciudad para caminar. Con tantos taxis y tantos peatones en las calles, Boston ve una buena cantidad de peatones atropellados por taxis.<\/li>\n<li><a href=\"https:\/\/www.chrisearley.com\/es\/accidente-de-bicicleta\/\">Accidentes de bicicletas<\/a>: andar en bicicleta es una forma r\u00e1pida y eficiente de viajar en Boston. Desafortunadamente, los taxistas golpean negligentemente a ciclistas inocentes con bastante frecuencia causando lesiones muy graves.<\/li>\n<li>Accidentes de viaje compartido: si fue un pasajero en un Lyft o Uber que fue golpeado por negligencia por un taxi, tiene derechos. Adem\u00e1s, si el conductor de su viaje compartido choc\u00f3 con un taxi por negligencia, tambi\u00e9n tiene derechos contra su conductor de Uber o Lyft.<\/li>\n<li><a href=\"https:\/\/www.chrisearley.com\/es\/compensacion-laboral\/\">Accidentes de compensaci\u00f3n para trabajadores<\/a>: es importante mencionar que los conductores de taxi pueden reclamar beneficios de compensaci\u00f3n para trabajadores si se lesionan durante el curso o el alcance de su empleo.<\/li>\n<\/ul>\n<h2>Accidentes de Taxi de Boston y Compensaci\u00f3n que Puede Perseguir<\/h2>\n<p>La mayor\u00eda de las compa\u00f1\u00edas de taxis de Boston solo tienen l\u00edmites m\u00ednimos de responsabilidad en sus veh\u00edculos. Por lo general, tienen una p\u00f3liza de responsabilidad de solo $20,000 \/ $40,000.<\/p>\n<p>Esto significa que cada individuo lesionado por la negligencia del taxi no puede cobrar m\u00e1s de $20,000, y $40,000 representa la p\u00f3liza combinada total que todas las personas lesionadas tendr\u00edan que dividirse entre ellos. Por supuesto, un taxi determinado puede tener l\u00edmites de responsabilidad m\u00e1s altos, pero eso es raro.<\/p>\n<p>Si las lesiones son lo suficientemente graves, un abogado de accidentes de taxi de Boston puede presentar un embargo contra el medall\u00f3n del taxi. El medall\u00f3n es emitido por la Divisi\u00f3n de Hackney de la Polic\u00eda de Boston y es una licencia emitida por la Ciudad para operar un taxi en Boston. Por lo general, estos medallones pueden tener un valor de m\u00e1s de $500,000.<\/p>\n<h2>El Abogado de Accidentes de Taxi de Boston Puede Ayudarlo<\/h2>\n<p>Si ha resultado lesionado en uno de estos tipos de colisiones de veh\u00edculos motorizados en Massachusetts, es importante contratar representaci\u00f3n legal calificada y con experiencia. Nuestra oficina tiene una amplia experiencia y \u00e9xito en la representaci\u00f3n de personas inocentes lesionadas por el descuido de los taxistas de Boston.\u00a0<a href=\"https:\/\/www.chrisearley.com\/es\/contactenos\/\">Llame hoy<\/a>\u00a0para averiguar c\u00f3mo podemos ayudarlo con su accidente de taxi en Boston. Nuestra oficina solo cobra una tarifa legal si podemos resolver su reclamo o si ganamos en el juicio. Llame hoy para evitar empeorar la situaci\u00f3n.<\/p>\n","protected":false},"excerpt":{"rendered":"<p>Hay aproximadamente 2000\u00a0taxis en Boston. Incluso con el crecimiento explosivo de Uber y Lyft y otras compa\u00f1\u00edas de viajes compartidos en los \u00faltimos a\u00f1os, los taxis siguen siendo muy populares en Boston. Con tantos estudiantes, residentes,\u00a0turistas\u00a0y otras personas que usan taxis en Boston, personas inocentes saldr\u00e1n lastimadas. Adem\u00e1s, dado que los taxistas trabajan tantas horas [&hellip;]<\/p>\n","protected":false},"author":35,"featured_media":0,"parent":12021,"menu_order":82,"comment_status":"closed","ping_status":"closed","template":"","meta":{"_acf_changed":false,"footnotes":""},"class_list":["post-12205","page","type-page","status-publish","hentry"],"acf":[],"yoast_head":"<!-- This site is optimized with the Yoast SEO plugin v27.2 - https:\/\/yoast.com\/product\/yoast-seo-wordpress\/ -->\n<title>Accidentes de Taxi | Boston Abogado de Choque de Auto Earley Law Group Injury Lawyers<\/title>\n<meta name=\"description\" content=\"Consulta Gratis - Ll\u00e1menos al 617-444-7777 - Earley Law Group Injury Lawyers ayuda a las v\u00edctimas y sus familias a recibir una compensaci\u00f3n por sus lesiones. Accidentes de Taxi - Boston Abogado de Choque de Auto\" \/>\n<meta name=\"robots\" content=\"index, follow, max-snippet:-1, max-image-preview:large, max-video-preview:-1\" \/>\n<link rel=\"canonical\" href=\"https:\/\/www.chrisearley.com\/es\/accidentes-de-automoviles\/accidentes-de-taxi\/\" \/>\n<meta property=\"og:locale\" content=\"es_ES\" \/>\n<meta property=\"og:type\" content=\"article\" \/>\n<meta property=\"og:title\" content=\"Accidentes de Taxi | Boston Abogado de Choque de Auto Earley Law Group Injury Lawyers\" \/>\n<meta property=\"og:description\" content=\"Consulta Gratis - Ll\u00e1menos al 617-444-7777 - Earley Law Group Injury Lawyers ayuda a las v\u00edctimas y sus familias a recibir una compensaci\u00f3n por sus lesiones. Accidentes de Taxi - Boston Abogado de Choque de Auto\" \/>\n<meta property=\"og:url\" content=\"https:\/\/www.chrisearley.com\/es\/accidentes-de-automoviles\/accidentes-de-taxi\/\" \/>\n<meta property=\"og:site_name\" content=\"Earley Law Group Injury Lawyers\" \/>\n<meta property=\"article:publisher\" content=\"https:\/\/www.facebook.com\/Law-Offices-of-Christopher-Earley-104980886333\/\" \/>\n<meta property=\"article:modified_time\" content=\"2024-07-04T08:01:00+00:00\" \/>\n<meta name=\"twitter:card\" content=\"summary_large_image\" \/>\n<meta name=\"twitter:site\" content=\"@chrisearleylaw\" \/>\n<meta name=\"twitter:label1\" content=\"Est. reading time\" \/>\n\t<meta name=\"twitter:data1\" content=\"3 minutes\" \/>\n<script type=\"application\/ld+json\" class=\"yoast-schema-graph\">{\"@context\":\"https:\/\/schema.org\",\"@graph\":[{\"@type\":\"WebPage\",\"@id\":\"https:\/\/www.chrisearley.com\/es\/accidentes-de-automoviles\/accidentes-de-taxi\/\",\"url\":\"https:\/\/www.chrisearley.com\/es\/accidentes-de-automoviles\/accidentes-de-taxi\/\",\"name\":\"Accidentes de Taxi | Boston Abogado de Choque de Auto Earley Law Group Injury Lawyers\",\"isPartOf\":{\"@id\":\"https:\/\/www.chrisearley.com\/es\/#website\"},\"datePublished\":\"2024-06-15T13:22:14+00:00\",\"dateModified\":\"2024-07-04T08:01:00+00:00\",\"description\":\"Consulta Gratis - Ll\u00e1menos al 617-444-7777 - Earley Law Group Injury Lawyers ayuda a las v\u00edctimas y sus familias a recibir una compensaci\u00f3n por sus lesiones. Accidentes de Taxi - Boston Abogado de Choque de Auto\",\"breadcrumb\":{\"@id\":\"https:\/\/www.chrisearley.com\/es\/accidentes-de-automoviles\/accidentes-de-taxi\/#breadcrumb\"},\"inLanguage\":\"es-US\",\"potentialAction\":[{\"@type\":\"ReadAction\",\"target\":[\"https:\/\/www.chrisearley.com\/es\/accidentes-de-automoviles\/accidentes-de-taxi\/\"]}]},{\"@type\":\"BreadcrumbList\",\"@id\":\"https:\/\/www.chrisearley.com\/es\/accidentes-de-automoviles\/accidentes-de-taxi\/#breadcrumb\",\"itemListElement\":[{\"@type\":\"ListItem\",\"position\":1,\"name\":\"Home\",\"item\":\"https:\/\/www.chrisearley.com\/es\/\"},{\"@type\":\"ListItem\",\"position\":2,\"name\":\"Accidentes de Autom\u00f3viles\",\"item\":\"https:\/\/www.chrisearley.com\/es\/accidentes-de-automoviles\/\"},{\"@type\":\"ListItem\",\"position\":3,\"name\":\"Accidentes de Taxi\"}]},{\"@type\":\"WebSite\",\"@id\":\"https:\/\/www.chrisearley.com\/es\/#website\",\"url\":\"https:\/\/www.chrisearley.com\/es\/\",\"name\":\"Earley Law Group Injury Lawyers\",\"description\":\"\",\"publisher\":{\"@id\":\"https:\/\/www.chrisearley.com\/es\/#organization\"},\"potentialAction\":[{\"@type\":\"SearchAction\",\"target\":{\"@type\":\"EntryPoint\",\"urlTemplate\":\"https:\/\/www.chrisearley.com\/es\/?s={search_term_string}\"},\"query-input\":{\"@type\":\"PropertyValueSpecification\",\"valueRequired\":true,\"valueName\":\"search_term_string\"}}],\"inLanguage\":\"es-US\"},{\"@type\":\"Organization\",\"@id\":\"https:\/\/www.chrisearley.com\/es\/#organization\",\"name\":\"Earley Law Group Injury Lawyers\",\"url\":\"https:\/\/www.chrisearley.com\/es\/\",\"logo\":{\"@type\":\"ImageObject\",\"inLanguage\":\"es-US\",\"@id\":\"https:\/\/www.chrisearley.com\/es\/#\/schema\/logo\/image\/\",\"url\":\"https:\/\/www.chrisearley.com\/wp-content\/uploads\/2024\/05\/logo.png\",\"contentUrl\":\"https:\/\/www.chrisearley.com\/wp-content\/uploads\/2024\/05\/logo.png\",\"width\":420,\"height\":79,\"caption\":\"Earley Law Group Injury Lawyers\"},\"image\":{\"@id\":\"https:\/\/www.chrisearley.com\/es\/#\/schema\/logo\/image\/\"},\"sameAs\":[\"https:\/\/www.facebook.com\/Law-Offices-of-Christopher-Earley-104980886333\/\",\"https:\/\/x.com\/chrisearleylaw\",\"https:\/\/www.youtube.com\/user\/ChrisEarleyLaw\",\"https:\/\/www.linkedin.com\/company\/earley-law-group-injury-lawyers\",\"https:\/\/www.instagram.com\/earleylawgroupinjurylawyers\/\"]}]}<\/script>\n<!-- \/ Yoast SEO plugin. -->","yoast_head_json":{"title":"Accidentes de Taxi | Boston Abogado de Choque de Auto Earley Law Group Injury Lawyers","description":"Consulta Gratis - Ll\u00e1menos al 617-444-7777 - Earley Law Group Injury Lawyers ayuda a las v\u00edctimas y sus familias a recibir una compensaci\u00f3n por sus lesiones. Accidentes de Taxi - Boston Abogado de Choque de Auto","robots":{"index":"index","follow":"follow","max-snippet":"max-snippet:-1","max-image-preview":"max-image-preview:large","max-video-preview":"max-video-preview:-1"},"canonical":"https:\/\/www.chrisearley.com\/es\/accidentes-de-automoviles\/accidentes-de-taxi\/","og_locale":"es_ES","og_type":"article","og_title":"Accidentes de Taxi | Boston Abogado de Choque de Auto Earley Law Group Injury Lawyers","og_description":"Consulta Gratis - Ll\u00e1menos al 617-444-7777 - Earley Law Group Injury Lawyers ayuda a las v\u00edctimas y sus familias a recibir una compensaci\u00f3n por sus lesiones. Accidentes de Taxi - Boston Abogado de Choque de Auto","og_url":"https:\/\/www.chrisearley.com\/es\/accidentes-de-automoviles\/accidentes-de-taxi\/","og_site_name":"Earley Law Group Injury Lawyers","article_publisher":"https:\/\/www.facebook.com\/Law-Offices-of-Christopher-Earley-104980886333\/","article_modified_time":"2024-07-04T08:01:00+00:00","twitter_card":"summary_large_image","twitter_site":"@chrisearleylaw","twitter_misc":{"Est. reading time":"3 minutes"},"schema":{"@context":"https:\/\/schema.org","@graph":[{"@type":"WebPage","@id":"https:\/\/www.chrisearley.com\/es\/accidentes-de-automoviles\/accidentes-de-taxi\/","url":"https:\/\/www.chrisearley.com\/es\/accidentes-de-automoviles\/accidentes-de-taxi\/","name":"Accidentes de Taxi | Boston Abogado de Choque de Auto Earley Law Group Injury Lawyers","isPartOf":{"@id":"https:\/\/www.chrisearley.com\/es\/#website"},"datePublished":"2024-06-15T13:22:14+00:00","dateModified":"2024-07-04T08:01:00+00:00","description":"Consulta Gratis - Ll\u00e1menos al 617-444-7777 - Earley Law Group Injury Lawyers ayuda a las v\u00edctimas y sus familias a recibir una compensaci\u00f3n por sus lesiones. Accidentes de Taxi - Boston Abogado de Choque de Auto","breadcrumb":{"@id":"https:\/\/www.chrisearley.com\/es\/accidentes-de-automoviles\/accidentes-de-taxi\/#breadcrumb"},"inLanguage":"es-US","potentialAction":[{"@type":"ReadAction","target":["https:\/\/www.chrisearley.com\/es\/accidentes-de-automoviles\/accidentes-de-taxi\/"]}]},{"@type":"BreadcrumbList","@id":"https:\/\/www.chrisearley.com\/es\/accidentes-de-automoviles\/accidentes-de-taxi\/#breadcrumb","itemListElement":[{"@type":"ListItem","position":1,"name":"Home","item":"https:\/\/www.chrisearley.com\/es\/"},{"@type":"ListItem","position":2,"name":"Accidentes de Autom\u00f3viles","item":"https:\/\/www.chrisearley.com\/es\/accidentes-de-automoviles\/"},{"@type":"ListItem","position":3,"name":"Accidentes de Taxi"}]},{"@type":"WebSite","@id":"https:\/\/www.chrisearley.com\/es\/#website","url":"https:\/\/www.chrisearley.com\/es\/","name":"Earley Law Group Injury Lawyers","description":"","publisher":{"@id":"https:\/\/www.chrisearley.com\/es\/#organization"},"potentialAction":[{"@type":"SearchAction","target":{"@type":"EntryPoint","urlTemplate":"https:\/\/www.chrisearley.com\/es\/?s={search_term_string}"},"query-input":{"@type":"PropertyValueSpecification","valueRequired":true,"valueName":"search_term_string"}}],"inLanguage":"es-US"},{"@type":"Organization","@id":"https:\/\/www.chrisearley.com\/es\/#organization","name":"Earley Law Group Injury Lawyers","url":"https:\/\/www.chrisearley.com\/es\/","logo":{"@type":"ImageObject","inLanguage":"es-US","@id":"https:\/\/www.chrisearley.com\/es\/#\/schema\/logo\/image\/","url":"https:\/\/www.chrisearley.com\/wp-content\/uploads\/2024\/05\/logo.png","contentUrl":"https:\/\/www.chrisearley.com\/wp-content\/uploads\/2024\/05\/logo.png","width":420,"height":79,"caption":"Earley Law Group Injury Lawyers"},"image":{"@id":"https:\/\/www.chrisearley.com\/es\/#\/schema\/logo\/image\/"},"sameAs":["https:\/\/www.facebook.com\/Law-Offices-of-Christopher-Earley-104980886333\/","https:\/\/x.com\/chrisearleylaw","https:\/\/www.youtube.com\/user\/ChrisEarleyLaw","https:\/\/www.linkedin.com\/company\/earley-law-group-injury-lawyers","https:\/\/www.instagram.com\/earleylawgroupinjurylawyers\/"]}]}},"_links":{"self":[{"href":"https:\/\/www.chrisearley.com\/es\/wp-json\/wp\/v2\/pages\/12205","targetHints":{"allow":["GET"]}}],"collection":[{"href":"https:\/\/www.chrisearley.com\/es\/wp-json\/wp\/v2\/pages"}],"about":[{"href":"https:\/\/www.chrisearley.com\/es\/wp-json\/wp\/v2\/types\/page"}],"author":[{"embeddable":true,"href":"https:\/\/www.chrisearley.com\/es\/wp-json\/wp\/v2\/users\/35"}],"replies":[{"embeddable":true,"href":"https:\/\/www.chrisearley.com\/es\/wp-json\/wp\/v2\/comments?post=12205"}],"version-history":[{"count":0,"href":"https:\/\/www.chrisearley.com\/es\/wp-json\/wp\/v2\/pages\/12205\/revisions"}],"up":[{"embeddable":true,"href":"https:\/\/www.chrisearley.com\/es\/wp-json\/wp\/v2\/pages\/12021"}],"wp:attachment":[{"href":"https:\/\/www.chrisearley.com\/es\/wp-json\/wp\/v2\/media?parent=12205"}],"curies":[{"name":"wp","href":"https:\/\/api.w.org\/{rel}","templated":true}]}}