{"id":12179,"date":"2024-06-15T13:21:14","date_gmt":"2024-06-15T13:21:14","guid":{"rendered":"https:\/\/www.chrisearley.com\/?page_id=12179"},"modified":"2024-07-04T08:00:49","modified_gmt":"2024-07-04T08:00:49","slug":"accidente-automovilistico-volcado","status":"publish","type":"page","link":"https:\/\/www.chrisearley.com\/es\/accidentes-de-automoviles\/accidente-automovilistico-volcado\/","title":{"rendered":"Accidente Automovil\u00edstico Volcado"},"content":{"rendered":"<p>Hay muchos accidentes automovil\u00edsticos en el \u00e1rea de Boston y sus alrededores todos los d\u00edas. A veces, conducir en Massachusetts puede ser muy peligroso. Uno de los tipos de accidentes automovil\u00edsticos m\u00e1s graves son los accidentes por vuelco. Estos accidentes se producen generalmente cuando los veh\u00edculos de motor circulan a altas velocidades. Cualquier accidente que provoque una volcadura significa que probablemente sea muy grave para los ocupantes del veh\u00edculo. Por lo general, estos accidentes causan da\u00f1os importantes a la propiedad. Como abogado de accidentes automovil\u00edsticos por vuelcos en Boston, puedo ayudar si se lesion\u00f3 en uno de estos accidentes.<\/p>\n<h2>\u00bfQu\u00e9 Tipo de Compensaci\u00f3n Est\u00e1 Disponible Para Estos Casos?<\/h2>\n<p>Si alguien lo lastim\u00f3 por negligencia en un accidente de vuelco, es posible que tenga derecho a una compensaci\u00f3n financiera. Algunas compensaciones disponibles incluyen el pago de facturas m\u00e9dicas, salarios perdidos y dolor y sufrimiento. El reclamo se presenta a la compa\u00f1\u00eda de seguros del conductor culpable. Si el reclamo llega a un acuerdo, esa compa\u00f1\u00eda de seguros pagar\u00e1 el acuerdo, pero si no llega a un acuerdo,\u00a0<a href=\"https:\/\/www.chrisearley.com\/blog\/stages-massachusetts-personal-injury-lawsuit\/\" rel=\"noopener\">entonces se debe entablar una demanda<\/a>\u00a0y se debe juzgar el caso para obtener un veredicto ante un juez y un jurado. A veces, estos accidentes son tan graves que no solo se producen lesiones personales graves, sino que tambi\u00e9n a veces el\u00a0<a href=\"https:\/\/www.chrisearley.com\/es\/lesiones-personales\/trastorno-de-estres-postraumatico-ptsd\/\">trastorno de estr\u00e9s postraum\u00e1tico (TEPT)<\/a>\u00a0es el resultado de estos choques violentos.<\/p>\n<p>Generalmente, cuanto m\u00e1s graves son los accidentes y las lesiones resultantes, mayor es el asentamiento. Pero tenga en cuenta que no importa cu\u00e1n grave sea el accidente y las lesiones que fueron causadas, lo m\u00e1ximo que podr\u00e1 cobrar es el m\u00e1ximo de la cobertura de seguro disponible. Lamentablemente, mi oficina ve constantemente la situaci\u00f3n en la que la persona que caus\u00f3 el accidente s\u00f3lo tiene la cobertura de seguro m\u00ednima disponible. Actualmente, el m\u00ednimo b\u00e1sico es de solo $20,000. Esto hace que cobrar a nuestro cliente una compensaci\u00f3n justa y completa sea casi imposible, a menos que el operador culpable tenga bienes personales o dinero para compensarlo justamente por sus lesiones.<\/p>\n<h2>\u00bfCu\u00e1l es el Proceso Legal?<\/h2>\n<p>Como su abogado de lesiones personales, comenzaremos notificando a las compa\u00f1\u00edas de seguros involucradas en su reclamo que lo representamos. Luego, seguiremos adelante y recopilaremos fotograf\u00edas de sus lesiones, fotos de la escena del accidente, el informe policial y, si es necesario, contrataremos a los expertos necesarios para ayudar con su caso. Las declaraciones de los testigos tambi\u00e9n se asegurar\u00e1 seg\u00fan sea necesario. Una vez finalizado su tratamiento m\u00e9dico, recopilamos toda esa informaci\u00f3n, as\u00ed como cualquier otra documentaci\u00f3n que respalde su reclamo, y luego enviamos a la compa\u00f1\u00eda de seguros un paquete de demanda.<\/p>\n<h2>El Abogado Local de Accidentes Automovil\u00edsticos por Vuelco Puede Ayudarlo<\/h2>\n<p>La experiencia de un accidente automovil\u00edstico con vuelco puede ser aterradora. Tratar con una compa\u00f1\u00eda de seguros despu\u00e9s de uno de estos accidentes puede resultar confuso y frustrante si no sabe lo que est\u00e1 haciendo. Facilite el proceso y contrate a\u00a0<a href=\"https:\/\/www.chrisearley.com\/es\/\">la Oficina Legal de Christopher Earley<\/a>\u00a0si necesita un abogado de accidentes automovil\u00edsticos por vuelcos en Boston. Tenemos experiencia en estos casos y estar\u00edamos encantados de representarlos. Agradecemos la oportunidad de revisar su caso.<\/p>\n","protected":false},"excerpt":{"rendered":"<p>Hay muchos accidentes automovil\u00edsticos en el \u00e1rea de Boston y sus alrededores todos los d\u00edas. A veces, conducir en Massachusetts puede ser muy peligroso. Uno de los tipos de accidentes automovil\u00edsticos m\u00e1s graves son los accidentes por vuelco. Estos accidentes se producen generalmente cuando los veh\u00edculos de motor circulan a altas velocidades. Cualquier accidente que [&hellip;]<\/p>\n","protected":false},"author":35,"featured_media":65243,"parent":12021,"menu_order":80,"comment_status":"closed","ping_status":"closed","template":"","meta":{"_acf_changed":false,"footnotes":""},"class_list":["post-12179","page","type-page","status-publish","has-post-thumbnail","hentry"],"acf":[],"yoast_head":"<!-- This site is optimized with the Yoast SEO plugin v27.5 - https:\/\/yoast.com\/product\/yoast-seo-wordpress\/ -->\n<title>Accidente Automovil\u00edstico Volcado | Boston Abogado de Choque de Auto<\/title>\n<meta name=\"description\" content=\"Consulta Gratis - Ll\u00e1menos al 617-444-7777 - Earley Law Group Injury Lawyers ayuda a las v\u00edctimas y sus familias a recibir una compensaci\u00f3n por sus lesiones. Accidente Automovil\u00edstico Volcado - Boston Abogado de Choque de Auto\" \/>\n<meta name=\"robots\" content=\"index, follow, max-snippet:-1, max-image-preview:large, max-video-preview:-1\" \/>\n<link rel=\"canonical\" href=\"https:\/\/www.chrisearley.com\/es\/accidentes-de-automoviles\/accidente-automovilistico-volcado\/\" \/>\n<meta property=\"og:locale\" content=\"es_ES\" \/>\n<meta property=\"og:type\" content=\"article\" \/>\n<meta property=\"og:title\" content=\"Accidente Automovil\u00edstico Volcado | Boston Abogado de Choque de Auto\" \/>\n<meta property=\"og:description\" content=\"Consulta Gratis - Ll\u00e1menos al 617-444-7777 - Earley Law Group Injury Lawyers ayuda a las v\u00edctimas y sus familias a recibir una compensaci\u00f3n por sus lesiones. Accidente Automovil\u00edstico Volcado - Boston Abogado de Choque de Auto\" \/>\n<meta property=\"og:url\" content=\"https:\/\/www.chrisearley.com\/es\/accidentes-de-automoviles\/accidente-automovilistico-volcado\/\" \/>\n<meta property=\"og:site_name\" content=\"Earley Law Group Injury Lawyers\" \/>\n<meta property=\"article:publisher\" content=\"https:\/\/www.facebook.com\/Law-Offices-of-Christopher-Earley-104980886333\/\" \/>\n<meta property=\"article:modified_time\" content=\"2024-07-04T08:00:49+00:00\" \/>\n<meta name=\"twitter:card\" content=\"summary_large_image\" \/>\n<meta name=\"twitter:site\" content=\"@chrisearleylaw\" \/>\n<meta name=\"twitter:label1\" content=\"Est. reading time\" \/>\n\t<meta name=\"twitter:data1\" content=\"3 minutes\" \/>\n<script type=\"application\/ld+json\" class=\"yoast-schema-graph\">{\"@context\":\"https:\\\/\\\/schema.org\",\"@graph\":[{\"@type\":\"WebPage\",\"@id\":\"https:\\\/\\\/www.chrisearley.com\\\/es\\\/accidentes-de-automoviles\\\/accidente-automovilistico-volcado\\\/\",\"url\":\"https:\\\/\\\/www.chrisearley.com\\\/es\\\/accidentes-de-automoviles\\\/accidente-automovilistico-volcado\\\/\",\"name\":\"Accidente Automovil\u00edstico Volcado | Boston Abogado de Choque de Auto\",\"isPartOf\":{\"@id\":\"https:\\\/\\\/www.chrisearley.com\\\/es\\\/#website\"},\"primaryImageOfPage\":{\"@id\":\"https:\\\/\\\/www.chrisearley.com\\\/es\\\/accidentes-de-automoviles\\\/accidente-automovilistico-volcado\\\/#primaryimage\"},\"image\":{\"@id\":\"https:\\\/\\\/www.chrisearley.com\\\/es\\\/accidentes-de-automoviles\\\/accidente-automovilistico-volcado\\\/#primaryimage\"},\"thumbnailUrl\":\"https:\\\/\\\/www.chrisearley.com\\\/wp-content\\\/uploads\\\/2025\\\/07\\\/Boston-Rollover-Car-Accident-Lawyers.jpg\",\"datePublished\":\"2024-06-15T13:21:14+00:00\",\"dateModified\":\"2024-07-04T08:00:49+00:00\",\"description\":\"Consulta Gratis - Ll\u00e1menos al 617-444-7777 - Earley Law Group Injury Lawyers ayuda a las v\u00edctimas y sus familias a recibir una compensaci\u00f3n por sus lesiones. Accidente Automovil\u00edstico Volcado - Boston Abogado de Choque de Auto\",\"breadcrumb\":{\"@id\":\"https:\\\/\\\/www.chrisearley.com\\\/es\\\/accidentes-de-automoviles\\\/accidente-automovilistico-volcado\\\/#breadcrumb\"},\"inLanguage\":\"es-US\",\"potentialAction\":[{\"@type\":\"ReadAction\",\"target\":[\"https:\\\/\\\/www.chrisearley.com\\\/es\\\/accidentes-de-automoviles\\\/accidente-automovilistico-volcado\\\/\"]}]},{\"@type\":\"ImageObject\",\"inLanguage\":\"es-US\",\"@id\":\"https:\\\/\\\/www.chrisearley.com\\\/es\\\/accidentes-de-automoviles\\\/accidente-automovilistico-volcado\\\/#primaryimage\",\"url\":\"https:\\\/\\\/www.chrisearley.com\\\/wp-content\\\/uploads\\\/2025\\\/07\\\/Boston-Rollover-Car-Accident-Lawyers.jpg\",\"contentUrl\":\"https:\\\/\\\/www.chrisearley.com\\\/wp-content\\\/uploads\\\/2025\\\/07\\\/Boston-Rollover-Car-Accident-Lawyers.jpg\",\"width\":900,\"height\":360,\"caption\":\"Boston Rollover Car Accident Lawyers\"},{\"@type\":\"BreadcrumbList\",\"@id\":\"https:\\\/\\\/www.chrisearley.com\\\/es\\\/accidentes-de-automoviles\\\/accidente-automovilistico-volcado\\\/#breadcrumb\",\"itemListElement\":[{\"@type\":\"ListItem\",\"position\":1,\"name\":\"Home\",\"item\":\"https:\\\/\\\/www.chrisearley.com\\\/es\\\/\"},{\"@type\":\"ListItem\",\"position\":2,\"name\":\"Accidentes de Autom\u00f3viles\",\"item\":\"https:\\\/\\\/www.chrisearley.com\\\/es\\\/accidentes-de-automoviles\\\/\"},{\"@type\":\"ListItem\",\"position\":3,\"name\":\"Accidente Automovil\u00edstico Volcado\"}]},{\"@type\":\"WebSite\",\"@id\":\"https:\\\/\\\/www.chrisearley.com\\\/es\\\/#website\",\"url\":\"https:\\\/\\\/www.chrisearley.com\\\/es\\\/\",\"name\":\"Earley Law Group Injury Lawyers\",\"description\":\"\",\"publisher\":{\"@id\":\"https:\\\/\\\/www.chrisearley.com\\\/es\\\/#organization\"},\"potentialAction\":[{\"@type\":\"SearchAction\",\"target\":{\"@type\":\"EntryPoint\",\"urlTemplate\":\"https:\\\/\\\/www.chrisearley.com\\\/es\\\/?s={search_term_string}\"},\"query-input\":{\"@type\":\"PropertyValueSpecification\",\"valueRequired\":true,\"valueName\":\"search_term_string\"}}],\"inLanguage\":\"es-US\"},{\"@type\":\"Organization\",\"@id\":\"https:\\\/\\\/www.chrisearley.com\\\/es\\\/#organization\",\"name\":\"Earley Law Group Injury Lawyers\",\"url\":\"https:\\\/\\\/www.chrisearley.com\\\/es\\\/\",\"logo\":{\"@type\":\"ImageObject\",\"inLanguage\":\"es-US\",\"@id\":\"https:\\\/\\\/www.chrisearley.com\\\/es\\\/#\\\/schema\\\/logo\\\/image\\\/\",\"url\":\"https:\\\/\\\/www.chrisearley.com\\\/wp-content\\\/uploads\\\/2024\\\/05\\\/logo.png\",\"contentUrl\":\"https:\\\/\\\/www.chrisearley.com\\\/wp-content\\\/uploads\\\/2024\\\/05\\\/logo.png\",\"width\":420,\"height\":79,\"caption\":\"Earley Law Group Injury Lawyers\"},\"image\":{\"@id\":\"https:\\\/\\\/www.chrisearley.com\\\/es\\\/#\\\/schema\\\/logo\\\/image\\\/\"},\"sameAs\":[\"https:\\\/\\\/www.facebook.com\\\/Law-Offices-of-Christopher-Earley-104980886333\\\/\",\"https:\\\/\\\/x.com\\\/chrisearleylaw\",\"https:\\\/\\\/www.youtube.com\\\/user\\\/ChrisEarleyLaw\",\"https:\\\/\\\/www.linkedin.com\\\/company\\\/earley-law-group-injury-lawyers\",\"https:\\\/\\\/www.instagram.com\\\/earleylawgroupinjurylawyers\\\/\"]}]}<\/script>\n<!-- \/ Yoast SEO plugin. -->","yoast_head_json":{"title":"Accidente Automovil\u00edstico Volcado | Boston Abogado de Choque de Auto","description":"Consulta Gratis - Ll\u00e1menos al 617-444-7777 - Earley Law Group Injury Lawyers ayuda a las v\u00edctimas y sus familias a recibir una compensaci\u00f3n por sus lesiones. Accidente Automovil\u00edstico Volcado - Boston Abogado de Choque de Auto","robots":{"index":"index","follow":"follow","max-snippet":"max-snippet:-1","max-image-preview":"max-image-preview:large","max-video-preview":"max-video-preview:-1"},"canonical":"https:\/\/www.chrisearley.com\/es\/accidentes-de-automoviles\/accidente-automovilistico-volcado\/","og_locale":"es_ES","og_type":"article","og_title":"Accidente Automovil\u00edstico Volcado | Boston Abogado de Choque de Auto","og_description":"Consulta Gratis - Ll\u00e1menos al 617-444-7777 - Earley Law Group Injury Lawyers ayuda a las v\u00edctimas y sus familias a recibir una compensaci\u00f3n por sus lesiones. Accidente Automovil\u00edstico Volcado - Boston Abogado de Choque de Auto","og_url":"https:\/\/www.chrisearley.com\/es\/accidentes-de-automoviles\/accidente-automovilistico-volcado\/","og_site_name":"Earley Law Group Injury Lawyers","article_publisher":"https:\/\/www.facebook.com\/Law-Offices-of-Christopher-Earley-104980886333\/","article_modified_time":"2024-07-04T08:00:49+00:00","twitter_card":"summary_large_image","twitter_site":"@chrisearleylaw","twitter_misc":{"Est. reading time":"3 minutes"},"schema":{"@context":"https:\/\/schema.org","@graph":[{"@type":"WebPage","@id":"https:\/\/www.chrisearley.com\/es\/accidentes-de-automoviles\/accidente-automovilistico-volcado\/","url":"https:\/\/www.chrisearley.com\/es\/accidentes-de-automoviles\/accidente-automovilistico-volcado\/","name":"Accidente Automovil\u00edstico Volcado | Boston Abogado de Choque de Auto","isPartOf":{"@id":"https:\/\/www.chrisearley.com\/es\/#website"},"primaryImageOfPage":{"@id":"https:\/\/www.chrisearley.com\/es\/accidentes-de-automoviles\/accidente-automovilistico-volcado\/#primaryimage"},"image":{"@id":"https:\/\/www.chrisearley.com\/es\/accidentes-de-automoviles\/accidente-automovilistico-volcado\/#primaryimage"},"thumbnailUrl":"https:\/\/www.chrisearley.com\/wp-content\/uploads\/2025\/07\/Boston-Rollover-Car-Accident-Lawyers.jpg","datePublished":"2024-06-15T13:21:14+00:00","dateModified":"2024-07-04T08:00:49+00:00","description":"Consulta Gratis - Ll\u00e1menos al 617-444-7777 - Earley Law Group Injury Lawyers ayuda a las v\u00edctimas y sus familias a recibir una compensaci\u00f3n por sus lesiones. Accidente Automovil\u00edstico Volcado - Boston Abogado de Choque de Auto","breadcrumb":{"@id":"https:\/\/www.chrisearley.com\/es\/accidentes-de-automoviles\/accidente-automovilistico-volcado\/#breadcrumb"},"inLanguage":"es-US","potentialAction":[{"@type":"ReadAction","target":["https:\/\/www.chrisearley.com\/es\/accidentes-de-automoviles\/accidente-automovilistico-volcado\/"]}]},{"@type":"ImageObject","inLanguage":"es-US","@id":"https:\/\/www.chrisearley.com\/es\/accidentes-de-automoviles\/accidente-automovilistico-volcado\/#primaryimage","url":"https:\/\/www.chrisearley.com\/wp-content\/uploads\/2025\/07\/Boston-Rollover-Car-Accident-Lawyers.jpg","contentUrl":"https:\/\/www.chrisearley.com\/wp-content\/uploads\/2025\/07\/Boston-Rollover-Car-Accident-Lawyers.jpg","width":900,"height":360,"caption":"Boston Rollover Car Accident Lawyers"},{"@type":"BreadcrumbList","@id":"https:\/\/www.chrisearley.com\/es\/accidentes-de-automoviles\/accidente-automovilistico-volcado\/#breadcrumb","itemListElement":[{"@type":"ListItem","position":1,"name":"Home","item":"https:\/\/www.chrisearley.com\/es\/"},{"@type":"ListItem","position":2,"name":"Accidentes de Autom\u00f3viles","item":"https:\/\/www.chrisearley.com\/es\/accidentes-de-automoviles\/"},{"@type":"ListItem","position":3,"name":"Accidente Automovil\u00edstico Volcado"}]},{"@type":"WebSite","@id":"https:\/\/www.chrisearley.com\/es\/#website","url":"https:\/\/www.chrisearley.com\/es\/","name":"Earley Law Group Injury Lawyers","description":"","publisher":{"@id":"https:\/\/www.chrisearley.com\/es\/#organization"},"potentialAction":[{"@type":"SearchAction","target":{"@type":"EntryPoint","urlTemplate":"https:\/\/www.chrisearley.com\/es\/?s={search_term_string}"},"query-input":{"@type":"PropertyValueSpecification","valueRequired":true,"valueName":"search_term_string"}}],"inLanguage":"es-US"},{"@type":"Organization","@id":"https:\/\/www.chrisearley.com\/es\/#organization","name":"Earley Law Group Injury Lawyers","url":"https:\/\/www.chrisearley.com\/es\/","logo":{"@type":"ImageObject","inLanguage":"es-US","@id":"https:\/\/www.chrisearley.com\/es\/#\/schema\/logo\/image\/","url":"https:\/\/www.chrisearley.com\/wp-content\/uploads\/2024\/05\/logo.png","contentUrl":"https:\/\/www.chrisearley.com\/wp-content\/uploads\/2024\/05\/logo.png","width":420,"height":79,"caption":"Earley Law Group Injury Lawyers"},"image":{"@id":"https:\/\/www.chrisearley.com\/es\/#\/schema\/logo\/image\/"},"sameAs":["https:\/\/www.facebook.com\/Law-Offices-of-Christopher-Earley-104980886333\/","https:\/\/x.com\/chrisearleylaw","https:\/\/www.youtube.com\/user\/ChrisEarleyLaw","https:\/\/www.linkedin.com\/company\/earley-law-group-injury-lawyers","https:\/\/www.instagram.com\/earleylawgroupinjurylawyers\/"]}]}},"_links":{"self":[{"href":"https:\/\/www.chrisearley.com\/es\/wp-json\/wp\/v2\/pages\/12179","targetHints":{"allow":["GET"]}}],"collection":[{"href":"https:\/\/www.chrisearley.com\/es\/wp-json\/wp\/v2\/pages"}],"about":[{"href":"https:\/\/www.chrisearley.com\/es\/wp-json\/wp\/v2\/types\/page"}],"author":[{"embeddable":true,"href":"https:\/\/www.chrisearley.com\/es\/wp-json\/wp\/v2\/users\/35"}],"replies":[{"embeddable":true,"href":"https:\/\/www.chrisearley.com\/es\/wp-json\/wp\/v2\/comments?post=12179"}],"version-history":[{"count":0,"href":"https:\/\/www.chrisearley.com\/es\/wp-json\/wp\/v2\/pages\/12179\/revisions"}],"up":[{"embeddable":true,"href":"https:\/\/www.chrisearley.com\/es\/wp-json\/wp\/v2\/pages\/12021"}],"wp:featuredmedia":[{"embeddable":true,"href":"https:\/\/www.chrisearley.com\/es\/wp-json\/wp\/v2\/media\/65243"}],"wp:attachment":[{"href":"https:\/\/www.chrisearley.com\/es\/wp-json\/wp\/v2\/media?parent=12179"}],"curies":[{"name":"wp","href":"https:\/\/api.w.org\/{rel}","templated":true}]}}