{"id":12139,"date":"2024-06-26T07:03:35","date_gmt":"2024-06-26T07:03:35","guid":{"rendered":"https:\/\/www.chrisearley.com\/?page_id=12139"},"modified":"2026-03-16T21:34:44","modified_gmt":"2026-03-16T21:34:44","slug":"accidente-de-transito-mbta","status":"publish","type":"page","link":"https:\/\/www.chrisearley.com\/es\/accidentes-de-automoviles\/accidente-de-transito-mbta\/","title":{"rendered":"Accidente de Tr\u00e1nsito MBTA"},"content":{"rendered":"<p>El abogado de accidentes de MBTA de Boston,\u00a0<a href=\"https:\/\/www.chrisearley.com\/es\/\">Christopher Earley<\/a>, ha representado a muchas personas heridas en accidentes de MBTA (Autoridad de Transporte de la Bah\u00eda de Accidentes de Massachusetts).<\/p>\n<p>Seg\u00fan el volumen de personas transportadas por la MBTA cada d\u00eda, es tristemente cierto que cuando ocurren accidentes, muchas personas tienden a resultar lesionadas.<\/p>\n<p>Los accidentes causados \u200b\u200bpor la\u00a0<a href=\"https:\/\/www.mbta.com\/\" target=\"_blank\" rel=\"noopener\">MBTA<\/a>\u00a0y sus empleados son bastante comunes. Estos accidentes a veces ocurren en la propiedad de MBTA. Otras veces pueden ocurrir fuera de la propiedad de MBTA en forma de accidentes de autob\u00fas, tren de cercan\u00edas o tranv\u00eda.<\/p>\n<p>Estos accidentes pueden resultar en\u00a0<a href=\"https:\/\/www.chrisearley.com\/es\/lesiones-personales\/\">lesiones personales<\/a>\u00a0que van desde distensiones de cuello y espalda,\u00a0<a href=\"https:\/\/www.chrisearley.com\/es\/lesiones-personales\/huesos-rotos\/\">huesos rotos<\/a>, lesiones catastr\u00f3ficas e incluso la muerte.<\/p>\n<p>Nuestra oficina tiene una amplia experiencia con la MBTA en la resoluci\u00f3n de estos casos de <a href=\"https:\/\/www.chrisearley.com\/blog\/what-is-negligence\/\" rel=\"noopener\">negligencia<\/a>\u00a0antes y despu\u00e9s de la presentaci\u00f3n de la demanda. Es importante tener en cuenta que estos reclamos a menudo toman un tiempo considerable para resolverse, en comparaci\u00f3n con los reclamos en los que participan compa\u00f1\u00edas de seguros privadas.<\/p>\n<p>El departamento legal de MBTA generalmente est\u00e1 inundado de casos, ya que estos asuntos con frecuencia requieren mucho tiempo para resolverse.<\/p>\n<p>Como transportador de decenas de miles de personas cada d\u00eda, el MBTA se considera un &#8220;transportista com\u00fan&#8221;. Este es el deber de cuidado m\u00e1s alto en la ley de lesiones personales. Cualquier incumplimiento de este alto est\u00e1ndar se considera negligencia.<\/p>\n<h2>Lesiones Comunes de MBTA<\/h2>\n<ul>\n<li>Lesiones de cuello<\/li>\n<li><a href=\"https:\/\/www.chrisearley.com\/es\/lesiones-personales\/lesion-de-espalda\/\">Lesiones de espalda<\/a><\/li>\n<li><a href=\"https:\/\/www.chrisearley.com\/es\/lesiones-personales\/latigazo\/\">Latigazo<\/a><\/li>\n<li><a href=\"https:\/\/www.chrisearley.com\/es\/lesiones-personales\/lesiones-de-tejidos-blandos\/\">Lesiones de tejidos blandos<\/a><\/li>\n<li><a href=\"https:\/\/www.chrisearley.com\/es\/lesiones-personales\/huesos-rotos\/\">Huesos rotos<\/a><\/li>\n<li>Dislocaciones<\/li>\n<li><a href=\"https:\/\/www.chrisearley.com\/es\/lesiones-personales\/contusion-cerebral\/\">Contusiones<\/a><\/li>\n<li><a href=\"https:\/\/www.chrisearley.com\/es\/lesiones-personales\/cicatrices-y-desfiguraciones\/\">Cicatrices y desfiguraciones<\/a><\/li>\n<li><a href=\"https:\/\/www.chrisearley.com\/es\/lesiones-personales\/amputacion\/\">Amputaciones<\/a><\/li>\n<li><a href=\"https:\/\/www.chrisearley.com\/es\/lesiones-personales\/lesion-facial\/\">Lesiones faciales<\/a><\/li>\n<li>S\u00edndrome de dolor regional complejo (distrofia simp\u00e1tica refleja)<\/li>\n<li><a href=\"https:\/\/www.chrisearley.com\/es\/lesiones-personales\/muneca-rota\/\">Fracturas de mu\u00f1eca<\/a><\/li>\n<li><a href=\"https:\/\/www.chrisearley.com\/es\/lesiones-personales\/lesion-de-rodilla\/\">Lesiones de rodilla<\/a><\/li>\n<li><a href=\"https:\/\/www.chrisearley.com\/es\/lesiones-personales\/lesion-de-la-medula-espinal\/\">Lesiones de la m\u00e9dula espinal<\/a><\/li>\n<li><a href=\"https:\/\/www.chrisearley.com\/es\/lesiones-personales\/lesion-catastrofica\/\">Lesiones catastr\u00f3ficas<\/a><\/li>\n<li><a href=\"https:\/\/www.chrisearley.com\/es\/lesiones-personales\/lesion-de-menisco\/\">Lesiones de menisco<\/a><\/li>\n<li>Lesiones en las piernas<\/li>\n<li><a href=\"https:\/\/www.chrisearley.com\/es\/lesiones-personales\/lesion-cerebral\/\">Lesiones Cerebrales<\/a><\/li>\n<li><a href=\"https:\/\/www.chrisearley.com\/es\/lesiones-personales\/hernia-de-disco\/\">Hernias de disco<\/a><\/li>\n<li><a href=\"https:\/\/www.chrisearley.com\/es\/lesiones-personales\/lesion-en-el-tobillo\/\">Lesiones de tobillo<\/a><\/li>\n<li><a href=\"https:\/\/www.chrisearley.com\/es\/lesiones-personales\/lesion-en-el-hombro\/\">Lesiones de hombro<\/a><\/li>\n<li><a href=\"https:\/\/www.chrisearley.com\/es\/lesiones-personales\/trastorno-de-estres-postraumatico-ptsd\/\">Trastorno de estr\u00e9s postraum\u00e1tico (PTSD)<\/a><\/li>\n<li><a href=\"https:\/\/www.chrisearley.com\/es\/muerte-injusta\/\">Muerte injusta<\/a><\/li>\n<\/ul>\n<h2>Tipos de Accidentes de MBTA<\/h2>\n<ul>\n<li><a href=\"https:\/\/www.chrisearley.com\/es\/accidentes-de-automoviles\/\">Accidentes automovil\u00edsticos<\/a><\/li>\n<li>Accidentes de bus<\/li>\n<li>Accidentes de carritos<\/li>\n<li>Accidentes de trenes de cercan\u00edas<\/li>\n<li><a href=\"https:\/\/www.chrisearley.com\/es\/accidente-por-resbalon-y-caida\/\">Resbalones y ca\u00eddas<\/a>\u00a0en la propiedad de MBTA<\/li>\n<li>Ca\u00edda de objetos en la propiedad MBTA<\/li>\n<li><a href=\"https:\/\/www.chrisearley.com\/blog\/boston-electrocution-injury-lawyer\/\" rel=\"noopener\">Electrocuci\u00f3n<\/a><\/li>\n<\/ul>\n<h2>L\u00edmites de Tiempo Importantes en Casos de Accidentes de MBTA<\/h2>\n<p>Hay algunos\u00a0<a href=\"https:\/\/www.chrisearley.com\/blog\/massachusetts-personal-injury-statutes-of-limitations\/\" rel=\"noopener\">l\u00edmites de tiempo importantes<\/a>\u00a0para las reclamaciones contra la MBTA a tener en cuenta. Primero, se debe enviar un aviso de su reclamo dentro de los dos a\u00f1os posteriores a la fecha del accidente. Legalmente, esto se llama\u00a0<a href=\"https:\/\/malegislature.gov\/Laws\/GeneralLaws\/PartIII\/TitleIV\/Chapter258\/Section4\" target=\"_blank\" rel=\"noopener\">presentaci\u00f3n<\/a>, y la carta de presentaci\u00f3n debe enviarse por correo certificado, solicitar acuse de recibo y debe contener informaci\u00f3n espec\u00edfica sobre el reclamante (el que hace el reclamo) y los hechos espec\u00edficos sobre lo que sucedi\u00f3 en el accidente.<\/p>\n<p>El plazo de prescripci\u00f3n para accidentes MBTA es de 3 a\u00f1os. Adem\u00e1s, cualquier demanda presentada por lesiones personales contra la MBTA debe presentarse en el Tribunal Superior. Este es un plazo estricto que no se puede prorrogar.<\/p>\n<h2>El Abogado de Boston MBTA Christopher Earley Puede Ayudarlo<\/h2>\n<p>Si tuvo un accidente de MBTA, llame hoy para su consulta gratuita y sin compromiso. Tenemos a\u00f1os de experiencia resolviendo estos\u00a0<a href=\"https:\/\/www.chrisearley.com\/es\/resultados\/\">casos con \u00e9xito<\/a>\u00a0y agradecemos la oportunidad de ayudarle con su caso. Somos abogados de Boston que manejamos con \u00e9xito casos de accidentes de MBTA.<\/p>\n<p>Aseg\u00farese de solicitar cualquiera de nuestros libros gratuitos llamados The Truth Series. \u00c9sta es una colecci\u00f3n de gu\u00edas gratuitas para el consumidor que est\u00e1n destinadas a ayudarlo a tomar la mejor decisi\u00f3n legal para su caso particular. Aseg\u00farese de descargar su libro gratis hoy. Si lo desea, podemos enviarle una edici\u00f3n de tapa blanda.<\/p>\n","protected":false},"excerpt":{"rendered":"<p>El abogado de accidentes de MBTA de Boston,\u00a0Christopher Earley, ha representado a muchas personas heridas en accidentes de MBTA (Autoridad de Transporte de la Bah\u00eda de Accidentes de Massachusetts). Seg\u00fan el volumen de personas transportadas por la MBTA cada d\u00eda, es tristemente cierto que cuando ocurren accidentes, muchas personas tienden a resultar lesionadas. Los accidentes [&hellip;]<\/p>\n","protected":false},"author":35,"featured_media":0,"parent":12021,"menu_order":47,"comment_status":"closed","ping_status":"closed","template":"","meta":{"_acf_changed":false,"footnotes":""},"class_list":["post-12139","page","type-page","status-publish","hentry"],"acf":[],"yoast_head":"<!-- This site is optimized with the Yoast SEO plugin v27.5 - https:\/\/yoast.com\/product\/yoast-seo-wordpress\/ -->\n<title>Accidente de Tr\u00e1nsito MBTA | Boston Abogado de Choque de Auto<\/title>\n<meta name=\"description\" content=\"Consulta Gratis - Ll\u00e1menos al 617-444-7777 - Earley Law Group Injury Lawyers ayuda a las v\u00edctimas y sus familias a recibir una compensaci\u00f3n por sus lesiones. Accidente de Tr\u00e1nsito MBTA - Boston Abogado de Choque de Auto\" \/>\n<meta name=\"robots\" content=\"index, follow, max-snippet:-1, max-image-preview:large, max-video-preview:-1\" \/>\n<link rel=\"canonical\" href=\"https:\/\/www.chrisearley.com\/es\/accidentes-de-automoviles\/accidente-de-transito-mbta\/\" \/>\n<meta property=\"og:locale\" content=\"es_ES\" \/>\n<meta property=\"og:type\" content=\"article\" \/>\n<meta property=\"og:title\" content=\"Accidente de Tr\u00e1nsito MBTA | Boston Abogado de Choque de Auto\" \/>\n<meta property=\"og:description\" content=\"Consulta Gratis - Ll\u00e1menos al 617-444-7777 - Earley Law Group Injury Lawyers ayuda a las v\u00edctimas y sus familias a recibir una compensaci\u00f3n por sus lesiones. Accidente de Tr\u00e1nsito MBTA - Boston Abogado de Choque de Auto\" \/>\n<meta property=\"og:url\" content=\"https:\/\/www.chrisearley.com\/es\/accidentes-de-automoviles\/accidente-de-transito-mbta\/\" \/>\n<meta property=\"og:site_name\" content=\"Earley Law Group Injury Lawyers\" \/>\n<meta property=\"article:publisher\" content=\"https:\/\/www.facebook.com\/Law-Offices-of-Christopher-Earley-104980886333\/\" \/>\n<meta property=\"article:modified_time\" content=\"2026-03-16T21:34:44+00:00\" \/>\n<meta name=\"twitter:card\" content=\"summary_large_image\" \/>\n<meta name=\"twitter:site\" content=\"@chrisearleylaw\" \/>\n<meta name=\"twitter:label1\" content=\"Est. reading time\" \/>\n\t<meta name=\"twitter:data1\" content=\"3 minutes\" \/>\n<script type=\"application\/ld+json\" class=\"yoast-schema-graph\">{\"@context\":\"https:\\\/\\\/schema.org\",\"@graph\":[{\"@type\":\"WebPage\",\"@id\":\"https:\\\/\\\/www.chrisearley.com\\\/es\\\/accidentes-de-automoviles\\\/accidente-de-transito-mbta\\\/\",\"url\":\"https:\\\/\\\/www.chrisearley.com\\\/es\\\/accidentes-de-automoviles\\\/accidente-de-transito-mbta\\\/\",\"name\":\"Accidente de Tr\u00e1nsito MBTA | Boston Abogado de Choque de Auto\",\"isPartOf\":{\"@id\":\"https:\\\/\\\/www.chrisearley.com\\\/es\\\/#website\"},\"datePublished\":\"2024-06-26T07:03:35+00:00\",\"dateModified\":\"2026-03-16T21:34:44+00:00\",\"description\":\"Consulta Gratis - Ll\u00e1menos al 617-444-7777 - Earley Law Group Injury Lawyers ayuda a las v\u00edctimas y sus familias a recibir una compensaci\u00f3n por sus lesiones. Accidente de Tr\u00e1nsito MBTA - Boston Abogado de Choque de Auto\",\"breadcrumb\":{\"@id\":\"https:\\\/\\\/www.chrisearley.com\\\/es\\\/accidentes-de-automoviles\\\/accidente-de-transito-mbta\\\/#breadcrumb\"},\"inLanguage\":\"es-US\",\"potentialAction\":[{\"@type\":\"ReadAction\",\"target\":[\"https:\\\/\\\/www.chrisearley.com\\\/es\\\/accidentes-de-automoviles\\\/accidente-de-transito-mbta\\\/\"]}]},{\"@type\":\"BreadcrumbList\",\"@id\":\"https:\\\/\\\/www.chrisearley.com\\\/es\\\/accidentes-de-automoviles\\\/accidente-de-transito-mbta\\\/#breadcrumb\",\"itemListElement\":[{\"@type\":\"ListItem\",\"position\":1,\"name\":\"Home\",\"item\":\"https:\\\/\\\/www.chrisearley.com\\\/es\\\/\"},{\"@type\":\"ListItem\",\"position\":2,\"name\":\"Accidentes de Autom\u00f3viles\",\"item\":\"https:\\\/\\\/www.chrisearley.com\\\/es\\\/accidentes-de-automoviles\\\/\"},{\"@type\":\"ListItem\",\"position\":3,\"name\":\"Accidente de Tr\u00e1nsito MBTA\"}]},{\"@type\":\"WebSite\",\"@id\":\"https:\\\/\\\/www.chrisearley.com\\\/es\\\/#website\",\"url\":\"https:\\\/\\\/www.chrisearley.com\\\/es\\\/\",\"name\":\"Earley Law Group Injury Lawyers\",\"description\":\"\",\"publisher\":{\"@id\":\"https:\\\/\\\/www.chrisearley.com\\\/es\\\/#organization\"},\"potentialAction\":[{\"@type\":\"SearchAction\",\"target\":{\"@type\":\"EntryPoint\",\"urlTemplate\":\"https:\\\/\\\/www.chrisearley.com\\\/es\\\/?s={search_term_string}\"},\"query-input\":{\"@type\":\"PropertyValueSpecification\",\"valueRequired\":true,\"valueName\":\"search_term_string\"}}],\"inLanguage\":\"es-US\"},{\"@type\":\"Organization\",\"@id\":\"https:\\\/\\\/www.chrisearley.com\\\/es\\\/#organization\",\"name\":\"Earley Law Group Injury Lawyers\",\"url\":\"https:\\\/\\\/www.chrisearley.com\\\/es\\\/\",\"logo\":{\"@type\":\"ImageObject\",\"inLanguage\":\"es-US\",\"@id\":\"https:\\\/\\\/www.chrisearley.com\\\/es\\\/#\\\/schema\\\/logo\\\/image\\\/\",\"url\":\"https:\\\/\\\/www.chrisearley.com\\\/wp-content\\\/uploads\\\/2024\\\/05\\\/logo.png\",\"contentUrl\":\"https:\\\/\\\/www.chrisearley.com\\\/wp-content\\\/uploads\\\/2024\\\/05\\\/logo.png\",\"width\":420,\"height\":79,\"caption\":\"Earley Law Group Injury Lawyers\"},\"image\":{\"@id\":\"https:\\\/\\\/www.chrisearley.com\\\/es\\\/#\\\/schema\\\/logo\\\/image\\\/\"},\"sameAs\":[\"https:\\\/\\\/www.facebook.com\\\/Law-Offices-of-Christopher-Earley-104980886333\\\/\",\"https:\\\/\\\/x.com\\\/chrisearleylaw\",\"https:\\\/\\\/www.youtube.com\\\/user\\\/ChrisEarleyLaw\",\"https:\\\/\\\/www.linkedin.com\\\/company\\\/earley-law-group-injury-lawyers\",\"https:\\\/\\\/www.instagram.com\\\/earleylawgroupinjurylawyers\\\/\"]}]}<\/script>\n<!-- \/ Yoast SEO plugin. -->","yoast_head_json":{"title":"Accidente de Tr\u00e1nsito MBTA | Boston Abogado de Choque de Auto","description":"Consulta Gratis - Ll\u00e1menos al 617-444-7777 - Earley Law Group Injury Lawyers ayuda a las v\u00edctimas y sus familias a recibir una compensaci\u00f3n por sus lesiones. Accidente de Tr\u00e1nsito MBTA - Boston Abogado de Choque de Auto","robots":{"index":"index","follow":"follow","max-snippet":"max-snippet:-1","max-image-preview":"max-image-preview:large","max-video-preview":"max-video-preview:-1"},"canonical":"https:\/\/www.chrisearley.com\/es\/accidentes-de-automoviles\/accidente-de-transito-mbta\/","og_locale":"es_ES","og_type":"article","og_title":"Accidente de Tr\u00e1nsito MBTA | Boston Abogado de Choque de Auto","og_description":"Consulta Gratis - Ll\u00e1menos al 617-444-7777 - Earley Law Group Injury Lawyers ayuda a las v\u00edctimas y sus familias a recibir una compensaci\u00f3n por sus lesiones. Accidente de Tr\u00e1nsito MBTA - Boston Abogado de Choque de Auto","og_url":"https:\/\/www.chrisearley.com\/es\/accidentes-de-automoviles\/accidente-de-transito-mbta\/","og_site_name":"Earley Law Group Injury Lawyers","article_publisher":"https:\/\/www.facebook.com\/Law-Offices-of-Christopher-Earley-104980886333\/","article_modified_time":"2026-03-16T21:34:44+00:00","twitter_card":"summary_large_image","twitter_site":"@chrisearleylaw","twitter_misc":{"Est. reading time":"3 minutes"},"schema":{"@context":"https:\/\/schema.org","@graph":[{"@type":"WebPage","@id":"https:\/\/www.chrisearley.com\/es\/accidentes-de-automoviles\/accidente-de-transito-mbta\/","url":"https:\/\/www.chrisearley.com\/es\/accidentes-de-automoviles\/accidente-de-transito-mbta\/","name":"Accidente de Tr\u00e1nsito MBTA | Boston Abogado de Choque de Auto","isPartOf":{"@id":"https:\/\/www.chrisearley.com\/es\/#website"},"datePublished":"2024-06-26T07:03:35+00:00","dateModified":"2026-03-16T21:34:44+00:00","description":"Consulta Gratis - Ll\u00e1menos al 617-444-7777 - Earley Law Group Injury Lawyers ayuda a las v\u00edctimas y sus familias a recibir una compensaci\u00f3n por sus lesiones. Accidente de Tr\u00e1nsito MBTA - Boston Abogado de Choque de Auto","breadcrumb":{"@id":"https:\/\/www.chrisearley.com\/es\/accidentes-de-automoviles\/accidente-de-transito-mbta\/#breadcrumb"},"inLanguage":"es-US","potentialAction":[{"@type":"ReadAction","target":["https:\/\/www.chrisearley.com\/es\/accidentes-de-automoviles\/accidente-de-transito-mbta\/"]}]},{"@type":"BreadcrumbList","@id":"https:\/\/www.chrisearley.com\/es\/accidentes-de-automoviles\/accidente-de-transito-mbta\/#breadcrumb","itemListElement":[{"@type":"ListItem","position":1,"name":"Home","item":"https:\/\/www.chrisearley.com\/es\/"},{"@type":"ListItem","position":2,"name":"Accidentes de Autom\u00f3viles","item":"https:\/\/www.chrisearley.com\/es\/accidentes-de-automoviles\/"},{"@type":"ListItem","position":3,"name":"Accidente de Tr\u00e1nsito MBTA"}]},{"@type":"WebSite","@id":"https:\/\/www.chrisearley.com\/es\/#website","url":"https:\/\/www.chrisearley.com\/es\/","name":"Earley Law Group Injury Lawyers","description":"","publisher":{"@id":"https:\/\/www.chrisearley.com\/es\/#organization"},"potentialAction":[{"@type":"SearchAction","target":{"@type":"EntryPoint","urlTemplate":"https:\/\/www.chrisearley.com\/es\/?s={search_term_string}"},"query-input":{"@type":"PropertyValueSpecification","valueRequired":true,"valueName":"search_term_string"}}],"inLanguage":"es-US"},{"@type":"Organization","@id":"https:\/\/www.chrisearley.com\/es\/#organization","name":"Earley Law Group Injury Lawyers","url":"https:\/\/www.chrisearley.com\/es\/","logo":{"@type":"ImageObject","inLanguage":"es-US","@id":"https:\/\/www.chrisearley.com\/es\/#\/schema\/logo\/image\/","url":"https:\/\/www.chrisearley.com\/wp-content\/uploads\/2024\/05\/logo.png","contentUrl":"https:\/\/www.chrisearley.com\/wp-content\/uploads\/2024\/05\/logo.png","width":420,"height":79,"caption":"Earley Law Group Injury Lawyers"},"image":{"@id":"https:\/\/www.chrisearley.com\/es\/#\/schema\/logo\/image\/"},"sameAs":["https:\/\/www.facebook.com\/Law-Offices-of-Christopher-Earley-104980886333\/","https:\/\/x.com\/chrisearleylaw","https:\/\/www.youtube.com\/user\/ChrisEarleyLaw","https:\/\/www.linkedin.com\/company\/earley-law-group-injury-lawyers","https:\/\/www.instagram.com\/earleylawgroupinjurylawyers\/"]}]}},"_links":{"self":[{"href":"https:\/\/www.chrisearley.com\/es\/wp-json\/wp\/v2\/pages\/12139","targetHints":{"allow":["GET"]}}],"collection":[{"href":"https:\/\/www.chrisearley.com\/es\/wp-json\/wp\/v2\/pages"}],"about":[{"href":"https:\/\/www.chrisearley.com\/es\/wp-json\/wp\/v2\/types\/page"}],"author":[{"embeddable":true,"href":"https:\/\/www.chrisearley.com\/es\/wp-json\/wp\/v2\/users\/35"}],"replies":[{"embeddable":true,"href":"https:\/\/www.chrisearley.com\/es\/wp-json\/wp\/v2\/comments?post=12139"}],"version-history":[{"count":0,"href":"https:\/\/www.chrisearley.com\/es\/wp-json\/wp\/v2\/pages\/12139\/revisions"}],"up":[{"embeddable":true,"href":"https:\/\/www.chrisearley.com\/es\/wp-json\/wp\/v2\/pages\/12021"}],"wp:attachment":[{"href":"https:\/\/www.chrisearley.com\/es\/wp-json\/wp\/v2\/media?parent=12139"}],"curies":[{"name":"wp","href":"https:\/\/api.w.org\/{rel}","templated":true}]}}