{"id":12125,"date":"2024-06-15T13:19:50","date_gmt":"2024-06-15T13:19:50","guid":{"rendered":"https:\/\/www.chrisearley.com\/?page_id=12125"},"modified":"2024-07-18T08:30:39","modified_gmt":"2024-07-18T08:30:39","slug":"accidente-automovilistico-de-choque-y-fuga","status":"publish","type":"page","link":"https:\/\/www.chrisearley.com\/es\/accidentes-de-automoviles\/accidente-automovilistico-de-choque-y-fuga\/","title":{"rendered":"Accidente Automovil\u00edstico de Choque y Fuga"},"content":{"rendered":"<h2>\u00bfNecesita un Abogado de Accidentes de Atropello y Fuga?<\/h2>\n<p>Accidente de Choque y Huida ocurren todos los d\u00edas en Massachusetts. A nivel nacional, es\u00a0<a href=\"https:\/\/www.usatoday.com\/story\/news\/nation\/2013\/11\/10\/hit-and-run-crashes-los-angeles\/3452699\/\" target=\"_blank\" rel=\"noopener\">impactante<\/a>\u00a0la frecuencia con la que ocurren los accidentes de atropello y fuga. Un accidente de atropello y fuga es aquel en el que el conductor o conductores que causaron un\u00a0<a href=\"https:\/\/www.chrisearley.com\/es\/accidentes-de-automoviles\/\">accidente automovil\u00edstico<\/a>\u00a0no pueden ser identificados. Si es v\u00edctima de un \u201catropello y fuga\u201d, es posible que le preocupe c\u00f3mo se compensar\u00e1n sus facturas m\u00e9dicas, la p\u00e9rdida de salario y el dolor y sufrimiento. La ley de seguros de Massachusetts tiene protecciones para que a\u00fan pueda recuperar los da\u00f1os por su accidente. El abogado de accidentes de atropello y fuga de Boston, Christopher Earley, puede ayudarlo.<\/p>\n<p>Como se indic\u00f3 en publicaciones anteriores, Massachusetts requiere que todos los conductores tengan cobertura de automovilista sin seguro como parte de su cobertura de seguro de autom\u00f3vil. El m\u00ednimo requerido en Massachusetts es $20,000 \/ $40,000. Los $20,000 se aplican si solo una persona resulta lesionada y los $40,000 se aplican cuando una m\u00e1s de una persona resulta lesionada en el accidente de &#8220;atropello y fuga&#8221;.<\/p>\n<p>Esta cobertura de automovilista sin seguro se aplica a usted cuando est\u00e1 operando su propio veh\u00edculo, a los miembros de su hogar que est\u00e1n operando el veh\u00edculo, a las personas que tienen permiso para operar su veh\u00edculo y a los pasajeros que ocupan el veh\u00edculo en el momento del accidente. Tenga en cuenta que\u00a0<a href=\"https:\/\/www.chrisearley.com\/es\/accidentes-de-automoviles\/reclamos-de-automovilistas-con-seguro-insuficiente-o-sin-seguro\/\">la cobertura de conductores sin seguro en Massachusetts<\/a>\u00a0no se aplica a da\u00f1os a la propiedad o da\u00f1os a su veh\u00edculo.<\/p>\n<h2>\u00bfCu\u00e1l es el Proceso de Reclamo?<\/h2>\n<p>Cuando haya terminado con su tratamiento m\u00e9dico, se env\u00eda un paquete de demanda a la compa\u00f1\u00eda de seguros. Tienen aproximadamente 30 d\u00edas para hacer una oferta. Las negociaciones comenzar\u00e1n poco despu\u00e9s. Habr\u00e1 un intercambio entre el reclamante (o el abogado del reclamante) y el ajustador de seguros. Si la reclamaci\u00f3n no se resuelve, debe avanzar m\u00e1s all\u00e1 de la etapa de reclamaciones.<\/p>\n<h2>\u00bfPuedo Demandar?<\/h2>\n<p>Para casi todas las disputas por accidentes automovil\u00edsticos en Massachusetts, puede presentar una demanda ante los tribunales. Sin embargo, no todos los casos funcionan de esta manera. Seg\u00fan la ley de Massachusetts, no puede demandar a una compa\u00f1\u00eda de seguros por un reclamo de accidente atropellado y fugado. Si el reclamo no se resuelve, entonces el reclamo debe ser arbitrado. El arbitraje es un proceso legal formal y vinculante por el cual las partes (usted y su abogado, y el abogado de la compa\u00f1\u00eda de seguros) presentar\u00e1n sus argumentos al \u00e1rbitro, quien de manera similar a un juez, emitir\u00e1 un fallo final y vinculante. Solo en circunstancias muy, muy limitadas, la decisi\u00f3n final de un \u00e1rbitro puede anularse con \u00e9xito en una apelaci\u00f3n.<\/p>\n<h2>Bufete de Abogados de Accidentes Automovil\u00edsticos de Massachusetts Choque y Fuga<\/h2>\n<p>Si usted, un ser querido o un amigo necesita un abogado de accidentes de atropello y fuga en Boston,\u00a0<a href=\"https:\/\/www.chrisearley.com\/es\/contactenos\/\">cont\u00e1ctenos ahora<\/a>\u00a0para una consulta completamente gratuita y sin compromiso. No cobramos honorarios legales a menos que su caso se resuelva o gane en el juicio. Eso se llama tarifa de contingencia. Por lo tanto, no tiene nada que perder contrat\u00e1ndome, ya que no corre ning\u00fan riesgo. Adem\u00e1s, si a\u00fan no ha consultado nuestro libro gratuito titulado La verdad sobre los accidentes automovil\u00edsticos de Massachusetts, \u00a1aseg\u00farese de consultarlo ahora!<\/p>\n","protected":false},"excerpt":{"rendered":"<p>\u00bfNecesita un Abogado de Accidentes de Atropello y Fuga? Accidente de Choque y Huida ocurren todos los d\u00edas en Massachusetts. A nivel nacional, es\u00a0impactante\u00a0la frecuencia con la que ocurren los accidentes de atropello y fuga. Un accidente de atropello y fuga es aquel en el que el conductor o conductores que causaron un\u00a0accidente automovil\u00edstico\u00a0no pueden [&hellip;]<\/p>\n","protected":false},"author":35,"featured_media":0,"parent":12021,"menu_order":74,"comment_status":"closed","ping_status":"closed","template":"","meta":{"_acf_changed":false,"footnotes":""},"class_list":["post-12125","page","type-page","status-publish","hentry"],"acf":[],"yoast_head":"<!-- This site is optimized with the Yoast SEO plugin v27.2 - https:\/\/yoast.com\/product\/yoast-seo-wordpress\/ -->\n<title>Accidente Automovil\u00edstico de Choque y Fuga | Boston Abogado de Choque de Auto<\/title>\n<meta name=\"description\" content=\"Consulta Gratis - Ll\u00e1menos al 617-444-7777 - Earley Law Group Injury Lawyers ayuda a las v\u00edctimas y sus familias a recibir una compensaci\u00f3n por sus lesiones. Accidente Automovil\u00edstico de Choque y Fuga - Boston Abogado de Choque de Auto\" \/>\n<meta name=\"robots\" content=\"index, follow, max-snippet:-1, max-image-preview:large, max-video-preview:-1\" \/>\n<link rel=\"canonical\" href=\"https:\/\/www.chrisearley.com\/es\/accidentes-de-automoviles\/accidente-automovilistico-de-choque-y-fuga\/\" \/>\n<meta property=\"og:locale\" content=\"es_ES\" \/>\n<meta property=\"og:type\" content=\"article\" \/>\n<meta property=\"og:title\" content=\"Accidente Automovil\u00edstico de Choque y Fuga | Boston Abogado de Choque de Auto\" \/>\n<meta property=\"og:description\" content=\"Consulta Gratis - Ll\u00e1menos al 617-444-7777 - Earley Law Group Injury Lawyers ayuda a las v\u00edctimas y sus familias a recibir una compensaci\u00f3n por sus lesiones. Accidente Automovil\u00edstico de Choque y Fuga - Boston Abogado de Choque de Auto\" \/>\n<meta property=\"og:url\" content=\"https:\/\/www.chrisearley.com\/es\/accidentes-de-automoviles\/accidente-automovilistico-de-choque-y-fuga\/\" \/>\n<meta property=\"og:site_name\" content=\"Earley Law Group Injury Lawyers\" \/>\n<meta property=\"article:publisher\" content=\"https:\/\/www.facebook.com\/Law-Offices-of-Christopher-Earley-104980886333\/\" \/>\n<meta property=\"article:modified_time\" content=\"2024-07-18T08:30:39+00:00\" \/>\n<meta name=\"twitter:card\" content=\"summary_large_image\" \/>\n<meta name=\"twitter:site\" content=\"@chrisearleylaw\" \/>\n<meta name=\"twitter:label1\" content=\"Est. reading time\" \/>\n\t<meta name=\"twitter:data1\" content=\"3 minutes\" \/>\n<script type=\"application\/ld+json\" class=\"yoast-schema-graph\">{\"@context\":\"https:\/\/schema.org\",\"@graph\":[{\"@type\":\"WebPage\",\"@id\":\"https:\/\/www.chrisearley.com\/es\/accidentes-de-automoviles\/accidente-automovilistico-de-choque-y-fuga\/\",\"url\":\"https:\/\/www.chrisearley.com\/es\/accidentes-de-automoviles\/accidente-automovilistico-de-choque-y-fuga\/\",\"name\":\"Accidente Automovil\u00edstico de Choque y Fuga | Boston Abogado de Choque de Auto\",\"isPartOf\":{\"@id\":\"https:\/\/www.chrisearley.com\/es\/#website\"},\"datePublished\":\"2024-06-15T13:19:50+00:00\",\"dateModified\":\"2024-07-18T08:30:39+00:00\",\"description\":\"Consulta Gratis - Ll\u00e1menos al 617-444-7777 - Earley Law Group Injury Lawyers ayuda a las v\u00edctimas y sus familias a recibir una compensaci\u00f3n por sus lesiones. Accidente Automovil\u00edstico de Choque y Fuga - Boston Abogado de Choque de Auto\",\"breadcrumb\":{\"@id\":\"https:\/\/www.chrisearley.com\/es\/accidentes-de-automoviles\/accidente-automovilistico-de-choque-y-fuga\/#breadcrumb\"},\"inLanguage\":\"es-US\",\"potentialAction\":[{\"@type\":\"ReadAction\",\"target\":[\"https:\/\/www.chrisearley.com\/es\/accidentes-de-automoviles\/accidente-automovilistico-de-choque-y-fuga\/\"]}]},{\"@type\":\"BreadcrumbList\",\"@id\":\"https:\/\/www.chrisearley.com\/es\/accidentes-de-automoviles\/accidente-automovilistico-de-choque-y-fuga\/#breadcrumb\",\"itemListElement\":[{\"@type\":\"ListItem\",\"position\":1,\"name\":\"Home\",\"item\":\"https:\/\/www.chrisearley.com\/es\/\"},{\"@type\":\"ListItem\",\"position\":2,\"name\":\"Accidentes de Autom\u00f3viles\",\"item\":\"https:\/\/www.chrisearley.com\/es\/accidentes-de-automoviles\/\"},{\"@type\":\"ListItem\",\"position\":3,\"name\":\"Accidente Automovil\u00edstico de Choque y Fuga\"}]},{\"@type\":\"WebSite\",\"@id\":\"https:\/\/www.chrisearley.com\/es\/#website\",\"url\":\"https:\/\/www.chrisearley.com\/es\/\",\"name\":\"Earley Law Group Injury Lawyers\",\"description\":\"\",\"publisher\":{\"@id\":\"https:\/\/www.chrisearley.com\/es\/#organization\"},\"potentialAction\":[{\"@type\":\"SearchAction\",\"target\":{\"@type\":\"EntryPoint\",\"urlTemplate\":\"https:\/\/www.chrisearley.com\/es\/?s={search_term_string}\"},\"query-input\":{\"@type\":\"PropertyValueSpecification\",\"valueRequired\":true,\"valueName\":\"search_term_string\"}}],\"inLanguage\":\"es-US\"},{\"@type\":\"Organization\",\"@id\":\"https:\/\/www.chrisearley.com\/es\/#organization\",\"name\":\"Earley Law Group Injury Lawyers\",\"url\":\"https:\/\/www.chrisearley.com\/es\/\",\"logo\":{\"@type\":\"ImageObject\",\"inLanguage\":\"es-US\",\"@id\":\"https:\/\/www.chrisearley.com\/es\/#\/schema\/logo\/image\/\",\"url\":\"https:\/\/www.chrisearley.com\/wp-content\/uploads\/2024\/05\/logo.png\",\"contentUrl\":\"https:\/\/www.chrisearley.com\/wp-content\/uploads\/2024\/05\/logo.png\",\"width\":420,\"height\":79,\"caption\":\"Earley Law Group Injury Lawyers\"},\"image\":{\"@id\":\"https:\/\/www.chrisearley.com\/es\/#\/schema\/logo\/image\/\"},\"sameAs\":[\"https:\/\/www.facebook.com\/Law-Offices-of-Christopher-Earley-104980886333\/\",\"https:\/\/x.com\/chrisearleylaw\",\"https:\/\/www.youtube.com\/user\/ChrisEarleyLaw\",\"https:\/\/www.linkedin.com\/company\/earley-law-group-injury-lawyers\",\"https:\/\/www.instagram.com\/earleylawgroupinjurylawyers\/\"]}]}<\/script>\n<!-- \/ Yoast SEO plugin. -->","yoast_head_json":{"title":"Accidente Automovil\u00edstico de Choque y Fuga | Boston Abogado de Choque de Auto","description":"Consulta Gratis - Ll\u00e1menos al 617-444-7777 - Earley Law Group Injury Lawyers ayuda a las v\u00edctimas y sus familias a recibir una compensaci\u00f3n por sus lesiones. Accidente Automovil\u00edstico de Choque y Fuga - Boston Abogado de Choque de Auto","robots":{"index":"index","follow":"follow","max-snippet":"max-snippet:-1","max-image-preview":"max-image-preview:large","max-video-preview":"max-video-preview:-1"},"canonical":"https:\/\/www.chrisearley.com\/es\/accidentes-de-automoviles\/accidente-automovilistico-de-choque-y-fuga\/","og_locale":"es_ES","og_type":"article","og_title":"Accidente Automovil\u00edstico de Choque y Fuga | Boston Abogado de Choque de Auto","og_description":"Consulta Gratis - Ll\u00e1menos al 617-444-7777 - Earley Law Group Injury Lawyers ayuda a las v\u00edctimas y sus familias a recibir una compensaci\u00f3n por sus lesiones. Accidente Automovil\u00edstico de Choque y Fuga - Boston Abogado de Choque de Auto","og_url":"https:\/\/www.chrisearley.com\/es\/accidentes-de-automoviles\/accidente-automovilistico-de-choque-y-fuga\/","og_site_name":"Earley Law Group Injury Lawyers","article_publisher":"https:\/\/www.facebook.com\/Law-Offices-of-Christopher-Earley-104980886333\/","article_modified_time":"2024-07-18T08:30:39+00:00","twitter_card":"summary_large_image","twitter_site":"@chrisearleylaw","twitter_misc":{"Est. reading time":"3 minutes"},"schema":{"@context":"https:\/\/schema.org","@graph":[{"@type":"WebPage","@id":"https:\/\/www.chrisearley.com\/es\/accidentes-de-automoviles\/accidente-automovilistico-de-choque-y-fuga\/","url":"https:\/\/www.chrisearley.com\/es\/accidentes-de-automoviles\/accidente-automovilistico-de-choque-y-fuga\/","name":"Accidente Automovil\u00edstico de Choque y Fuga | Boston Abogado de Choque de Auto","isPartOf":{"@id":"https:\/\/www.chrisearley.com\/es\/#website"},"datePublished":"2024-06-15T13:19:50+00:00","dateModified":"2024-07-18T08:30:39+00:00","description":"Consulta Gratis - Ll\u00e1menos al 617-444-7777 - Earley Law Group Injury Lawyers ayuda a las v\u00edctimas y sus familias a recibir una compensaci\u00f3n por sus lesiones. Accidente Automovil\u00edstico de Choque y Fuga - Boston Abogado de Choque de Auto","breadcrumb":{"@id":"https:\/\/www.chrisearley.com\/es\/accidentes-de-automoviles\/accidente-automovilistico-de-choque-y-fuga\/#breadcrumb"},"inLanguage":"es-US","potentialAction":[{"@type":"ReadAction","target":["https:\/\/www.chrisearley.com\/es\/accidentes-de-automoviles\/accidente-automovilistico-de-choque-y-fuga\/"]}]},{"@type":"BreadcrumbList","@id":"https:\/\/www.chrisearley.com\/es\/accidentes-de-automoviles\/accidente-automovilistico-de-choque-y-fuga\/#breadcrumb","itemListElement":[{"@type":"ListItem","position":1,"name":"Home","item":"https:\/\/www.chrisearley.com\/es\/"},{"@type":"ListItem","position":2,"name":"Accidentes de Autom\u00f3viles","item":"https:\/\/www.chrisearley.com\/es\/accidentes-de-automoviles\/"},{"@type":"ListItem","position":3,"name":"Accidente Automovil\u00edstico de Choque y Fuga"}]},{"@type":"WebSite","@id":"https:\/\/www.chrisearley.com\/es\/#website","url":"https:\/\/www.chrisearley.com\/es\/","name":"Earley Law Group Injury Lawyers","description":"","publisher":{"@id":"https:\/\/www.chrisearley.com\/es\/#organization"},"potentialAction":[{"@type":"SearchAction","target":{"@type":"EntryPoint","urlTemplate":"https:\/\/www.chrisearley.com\/es\/?s={search_term_string}"},"query-input":{"@type":"PropertyValueSpecification","valueRequired":true,"valueName":"search_term_string"}}],"inLanguage":"es-US"},{"@type":"Organization","@id":"https:\/\/www.chrisearley.com\/es\/#organization","name":"Earley Law Group Injury Lawyers","url":"https:\/\/www.chrisearley.com\/es\/","logo":{"@type":"ImageObject","inLanguage":"es-US","@id":"https:\/\/www.chrisearley.com\/es\/#\/schema\/logo\/image\/","url":"https:\/\/www.chrisearley.com\/wp-content\/uploads\/2024\/05\/logo.png","contentUrl":"https:\/\/www.chrisearley.com\/wp-content\/uploads\/2024\/05\/logo.png","width":420,"height":79,"caption":"Earley Law Group Injury Lawyers"},"image":{"@id":"https:\/\/www.chrisearley.com\/es\/#\/schema\/logo\/image\/"},"sameAs":["https:\/\/www.facebook.com\/Law-Offices-of-Christopher-Earley-104980886333\/","https:\/\/x.com\/chrisearleylaw","https:\/\/www.youtube.com\/user\/ChrisEarleyLaw","https:\/\/www.linkedin.com\/company\/earley-law-group-injury-lawyers","https:\/\/www.instagram.com\/earleylawgroupinjurylawyers\/"]}]}},"_links":{"self":[{"href":"https:\/\/www.chrisearley.com\/es\/wp-json\/wp\/v2\/pages\/12125","targetHints":{"allow":["GET"]}}],"collection":[{"href":"https:\/\/www.chrisearley.com\/es\/wp-json\/wp\/v2\/pages"}],"about":[{"href":"https:\/\/www.chrisearley.com\/es\/wp-json\/wp\/v2\/types\/page"}],"author":[{"embeddable":true,"href":"https:\/\/www.chrisearley.com\/es\/wp-json\/wp\/v2\/users\/35"}],"replies":[{"embeddable":true,"href":"https:\/\/www.chrisearley.com\/es\/wp-json\/wp\/v2\/comments?post=12125"}],"version-history":[{"count":0,"href":"https:\/\/www.chrisearley.com\/es\/wp-json\/wp\/v2\/pages\/12125\/revisions"}],"up":[{"embeddable":true,"href":"https:\/\/www.chrisearley.com\/es\/wp-json\/wp\/v2\/pages\/12021"}],"wp:attachment":[{"href":"https:\/\/www.chrisearley.com\/es\/wp-json\/wp\/v2\/media?parent=12125"}],"curies":[{"name":"wp","href":"https:\/\/api.w.org\/{rel}","templated":true}]}}