{"id":12112,"date":"2024-06-15T13:19:23","date_gmt":"2024-06-15T13:19:23","guid":{"rendered":"https:\/\/www.chrisearley.com\/?page_id=12112"},"modified":"2024-07-04T08:00:01","modified_gmt":"2024-07-04T08:00:01","slug":"accidente-automovilistico-frontal","status":"publish","type":"page","link":"https:\/\/www.chrisearley.com\/es\/accidentes-de-automoviles\/accidente-automovilistico-frontal\/","title":{"rendered":"Accidente Automovil\u00edstico Frontal"},"content":{"rendered":"<p>Boston tiene una buena cantidad de accidentes automovil\u00edsticos. Uno de los tipos de accidentes automovil\u00edsticos m\u00e1s aterradores son las colisiones frontales. Generalmente ocurren a velocidades muy altas. Por lo general, se producen lesiones graves y da\u00f1os a la propiedad. Estos choques generalmente ocurren cuando la parte delantera de un veh\u00edculo abandona su carril por negligencia y golpea la parte delantera de otro veh\u00edculo motorizado. Pueden ser causados \u200b\u200bpor muchos factores y,\u00a0<a href=\"https:\/\/www.chrisearley.com\/blog\/boston-distracted-driving-accident-lawyer\/\" rel=\"noopener\">con frecuencia, se deben a distracciones<\/a>. Un accidente automovil\u00edstico frontal generalmente significa que los ocupantes de los veh\u00edculos involucrados sufrieron lesiones personales graves.<\/p>\n<p>Estos choques generalmente causan grandes da\u00f1os a los veh\u00edculos de motor involucrados en el choque. Como abogado de accidentes automovil\u00edsticos de Boston, nuestra oficina tiene experiencia con estos reclamos y puede ayudarlo si result\u00f3 lesionado en uno de estos accidentes automovil\u00edsticos.<\/p>\n<h2>\u00bfQu\u00e9 Tipo de Compensaci\u00f3n Est\u00e1 Disponible Para Estos Casos?<\/h2>\n<p>Si alguien lo lastim\u00f3 por negligencia en un accidente frontal, es posible que tenga derecho a una compensaci\u00f3n. Esta compensaci\u00f3n puede incluir el pago de facturas m\u00e9dicas, salarios perdidos y dolor y sufrimiento. El reclamo se presenta a la compa\u00f1\u00eda de seguros del conductor que caus\u00f3 el choque frontal. Si llega a un acuerdo, esa compa\u00f1\u00eda de seguros pagar\u00e1 el acuerdo, pero si no llega a un acuerdo, entonces\u00a0<a href=\"https:\/\/www.chrisearley.com\/blog\/stages-massachusetts-personal-injury-lawsuit\/\" rel=\"noopener\">se debe presentar una demanda<\/a>. El caso deber\u00e1 ser juzgado con un veredicto ante un juez y un jurado.<\/p>\n<h2>\u00bfQu\u00e9 Tipo de Lesiones Resultan?<\/h2>\n<p>Realmente depende del tipo y la gravedad del impacto que determina la gravedad de las lesiones personales que resultan de un accidente automovil\u00edstico frontal. Estos choques provocan lesiones en los tejidos blandos, como distensiones y esguinces, as\u00ed como lesiones m\u00e1s graves, como huesos rotos, que pueden requerir cirug\u00eda. No es raro que estos choques causen incluso cicatrices y posible desfiguraci\u00f3n a los involucrados en el choque. Despu\u00e9s de este tipo de accidentes automovil\u00edsticos, es importante recibir un tratamiento m\u00e9dico oportuno y adecuado. Al hacerlo, no solo le ayuda a recuperarse de las lesiones, sino que tambi\u00e9n le permitir\u00e1 tener la documentaci\u00f3n m\u00e9dica adecuada de todas las lesiones que el accidente le provoc\u00f3.<\/p>\n<p>A veces, estos accidentes son tan graves que no solo pueden producirse lesiones personales graves, sino que tambi\u00e9n a veces el\u00a0<a href=\"https:\/\/www.chrisearley.com\/es\/lesiones-personales\/trastorno-de-estres-postraumatico-ptsd\/\">trastorno de estr\u00e9s postraum\u00e1tico (TEPT)<\/a>\u00a0es el resultado de estos choques violentos. Con frecuencia, estas lesiones mentales y emocionales pueden ser mucho peores que las lesiones personales que resulten. La raz\u00f3n es que con frecuencia requieren mucho tiempo y terapia para resolverse, lo que hace que sea muy dif\u00edcil, sino imposible, recuperarse por completo.<\/p>\n<p>Si a\u00fan no lo ha hecho, solicite hoy nuestro libro gratuito titulado La Verdad Sobre Accidentes Automovil\u00edsticos en Massachusetts. Cubre cosas para hacer y no hacer despu\u00e9s de un accidente automovil\u00edstico.<\/p>\n<h2>El Abogado Local de Accidentes Automovil\u00edsticos Puede Ayudarlo<\/h2>\n<p>La experiencia de un choque frontal es muy traum\u00e1tica. El estr\u00e9s de tratar con compa\u00f1\u00edas de seguros puede ser realmente dif\u00edcil si no sabes lo que est\u00e1s haciendo. D\u00e9jenos el trabajo a nosotros y contrate a\u00a0<a href=\"https:\/\/www.chrisearley.com\/es\/\">la oficina legal de Christopher Earley<\/a>\u00a0si necesita un abogado de accidentes automovil\u00edsticos de colisi\u00f3n frontal en Boston. Tenemos experiencia en estos casos y estaremos encantados de representarlo. Agradecemos la oportunidad de revisar su caso.<\/p>\n","protected":false},"excerpt":{"rendered":"<p>Boston tiene una buena cantidad de accidentes automovil\u00edsticos. Uno de los tipos de accidentes automovil\u00edsticos m\u00e1s aterradores son las colisiones frontales. Generalmente ocurren a velocidades muy altas. Por lo general, se producen lesiones graves y da\u00f1os a la propiedad. Estos choques generalmente ocurren cuando la parte delantera de un veh\u00edculo abandona su carril por negligencia [&hellip;]<\/p>\n","protected":false},"author":35,"featured_media":0,"parent":12021,"menu_order":72,"comment_status":"closed","ping_status":"closed","template":"","meta":{"_acf_changed":false,"footnotes":""},"class_list":["post-12112","page","type-page","status-publish","hentry"],"acf":[],"yoast_head":"<!-- This site is optimized with the Yoast SEO plugin v27.5 - https:\/\/yoast.com\/product\/yoast-seo-wordpress\/ -->\n<title>Accidente Automovil\u00edstico Frontal | Boston Abogado de Choque de Auto<\/title>\n<meta name=\"description\" content=\"Consulta Gratis - Ll\u00e1menos al 617-444-7777 - Earley Law Group Injury Lawyers ayuda a las v\u00edctimas y sus familias a recibir una compensaci\u00f3n por sus lesiones. Accidente Automovil\u00edstico Frontal - Boston Abogado de Choque de Auto\" \/>\n<meta name=\"robots\" content=\"index, follow, max-snippet:-1, max-image-preview:large, max-video-preview:-1\" \/>\n<link rel=\"canonical\" href=\"https:\/\/www.chrisearley.com\/es\/accidentes-de-automoviles\/accidente-automovilistico-frontal\/\" \/>\n<meta property=\"og:locale\" content=\"es_ES\" \/>\n<meta property=\"og:type\" content=\"article\" \/>\n<meta property=\"og:title\" content=\"Accidente Automovil\u00edstico Frontal | Boston Abogado de Choque de Auto\" \/>\n<meta property=\"og:description\" content=\"Consulta Gratis - Ll\u00e1menos al 617-444-7777 - Earley Law Group Injury Lawyers ayuda a las v\u00edctimas y sus familias a recibir una compensaci\u00f3n por sus lesiones. Accidente Automovil\u00edstico Frontal - Boston Abogado de Choque de Auto\" \/>\n<meta property=\"og:url\" content=\"https:\/\/www.chrisearley.com\/es\/accidentes-de-automoviles\/accidente-automovilistico-frontal\/\" \/>\n<meta property=\"og:site_name\" content=\"Earley Law Group Injury Lawyers\" \/>\n<meta property=\"article:publisher\" content=\"https:\/\/www.facebook.com\/Law-Offices-of-Christopher-Earley-104980886333\/\" \/>\n<meta property=\"article:modified_time\" content=\"2024-07-04T08:00:01+00:00\" \/>\n<meta name=\"twitter:card\" content=\"summary_large_image\" \/>\n<meta name=\"twitter:site\" content=\"@chrisearleylaw\" \/>\n<meta name=\"twitter:label1\" content=\"Est. reading time\" \/>\n\t<meta name=\"twitter:data1\" content=\"3 minutes\" \/>\n<script type=\"application\/ld+json\" class=\"yoast-schema-graph\">{\"@context\":\"https:\\\/\\\/schema.org\",\"@graph\":[{\"@type\":\"WebPage\",\"@id\":\"https:\\\/\\\/www.chrisearley.com\\\/es\\\/accidentes-de-automoviles\\\/accidente-automovilistico-frontal\\\/\",\"url\":\"https:\\\/\\\/www.chrisearley.com\\\/es\\\/accidentes-de-automoviles\\\/accidente-automovilistico-frontal\\\/\",\"name\":\"Accidente Automovil\u00edstico Frontal | Boston Abogado de Choque de Auto\",\"isPartOf\":{\"@id\":\"https:\\\/\\\/www.chrisearley.com\\\/es\\\/#website\"},\"datePublished\":\"2024-06-15T13:19:23+00:00\",\"dateModified\":\"2024-07-04T08:00:01+00:00\",\"description\":\"Consulta Gratis - Ll\u00e1menos al 617-444-7777 - Earley Law Group Injury Lawyers ayuda a las v\u00edctimas y sus familias a recibir una compensaci\u00f3n por sus lesiones. Accidente Automovil\u00edstico Frontal - Boston Abogado de Choque de Auto\",\"breadcrumb\":{\"@id\":\"https:\\\/\\\/www.chrisearley.com\\\/es\\\/accidentes-de-automoviles\\\/accidente-automovilistico-frontal\\\/#breadcrumb\"},\"inLanguage\":\"es-US\",\"potentialAction\":[{\"@type\":\"ReadAction\",\"target\":[\"https:\\\/\\\/www.chrisearley.com\\\/es\\\/accidentes-de-automoviles\\\/accidente-automovilistico-frontal\\\/\"]}]},{\"@type\":\"BreadcrumbList\",\"@id\":\"https:\\\/\\\/www.chrisearley.com\\\/es\\\/accidentes-de-automoviles\\\/accidente-automovilistico-frontal\\\/#breadcrumb\",\"itemListElement\":[{\"@type\":\"ListItem\",\"position\":1,\"name\":\"Home\",\"item\":\"https:\\\/\\\/www.chrisearley.com\\\/es\\\/\"},{\"@type\":\"ListItem\",\"position\":2,\"name\":\"Accidentes de Autom\u00f3viles\",\"item\":\"https:\\\/\\\/www.chrisearley.com\\\/es\\\/accidentes-de-automoviles\\\/\"},{\"@type\":\"ListItem\",\"position\":3,\"name\":\"Accidente Automovil\u00edstico Frontal\"}]},{\"@type\":\"WebSite\",\"@id\":\"https:\\\/\\\/www.chrisearley.com\\\/es\\\/#website\",\"url\":\"https:\\\/\\\/www.chrisearley.com\\\/es\\\/\",\"name\":\"Earley Law Group Injury Lawyers\",\"description\":\"\",\"publisher\":{\"@id\":\"https:\\\/\\\/www.chrisearley.com\\\/es\\\/#organization\"},\"potentialAction\":[{\"@type\":\"SearchAction\",\"target\":{\"@type\":\"EntryPoint\",\"urlTemplate\":\"https:\\\/\\\/www.chrisearley.com\\\/es\\\/?s={search_term_string}\"},\"query-input\":{\"@type\":\"PropertyValueSpecification\",\"valueRequired\":true,\"valueName\":\"search_term_string\"}}],\"inLanguage\":\"es-US\"},{\"@type\":\"Organization\",\"@id\":\"https:\\\/\\\/www.chrisearley.com\\\/es\\\/#organization\",\"name\":\"Earley Law Group Injury Lawyers\",\"url\":\"https:\\\/\\\/www.chrisearley.com\\\/es\\\/\",\"logo\":{\"@type\":\"ImageObject\",\"inLanguage\":\"es-US\",\"@id\":\"https:\\\/\\\/www.chrisearley.com\\\/es\\\/#\\\/schema\\\/logo\\\/image\\\/\",\"url\":\"https:\\\/\\\/www.chrisearley.com\\\/wp-content\\\/uploads\\\/2024\\\/05\\\/logo.png\",\"contentUrl\":\"https:\\\/\\\/www.chrisearley.com\\\/wp-content\\\/uploads\\\/2024\\\/05\\\/logo.png\",\"width\":420,\"height\":79,\"caption\":\"Earley Law Group Injury Lawyers\"},\"image\":{\"@id\":\"https:\\\/\\\/www.chrisearley.com\\\/es\\\/#\\\/schema\\\/logo\\\/image\\\/\"},\"sameAs\":[\"https:\\\/\\\/www.facebook.com\\\/Law-Offices-of-Christopher-Earley-104980886333\\\/\",\"https:\\\/\\\/x.com\\\/chrisearleylaw\",\"https:\\\/\\\/www.youtube.com\\\/user\\\/ChrisEarleyLaw\",\"https:\\\/\\\/www.linkedin.com\\\/company\\\/earley-law-group-injury-lawyers\",\"https:\\\/\\\/www.instagram.com\\\/earleylawgroupinjurylawyers\\\/\"]}]}<\/script>\n<!-- \/ Yoast SEO plugin. -->","yoast_head_json":{"title":"Accidente Automovil\u00edstico Frontal | Boston Abogado de Choque de Auto","description":"Consulta Gratis - Ll\u00e1menos al 617-444-7777 - Earley Law Group Injury Lawyers ayuda a las v\u00edctimas y sus familias a recibir una compensaci\u00f3n por sus lesiones. Accidente Automovil\u00edstico Frontal - Boston Abogado de Choque de Auto","robots":{"index":"index","follow":"follow","max-snippet":"max-snippet:-1","max-image-preview":"max-image-preview:large","max-video-preview":"max-video-preview:-1"},"canonical":"https:\/\/www.chrisearley.com\/es\/accidentes-de-automoviles\/accidente-automovilistico-frontal\/","og_locale":"es_ES","og_type":"article","og_title":"Accidente Automovil\u00edstico Frontal | Boston Abogado de Choque de Auto","og_description":"Consulta Gratis - Ll\u00e1menos al 617-444-7777 - Earley Law Group Injury Lawyers ayuda a las v\u00edctimas y sus familias a recibir una compensaci\u00f3n por sus lesiones. Accidente Automovil\u00edstico Frontal - Boston Abogado de Choque de Auto","og_url":"https:\/\/www.chrisearley.com\/es\/accidentes-de-automoviles\/accidente-automovilistico-frontal\/","og_site_name":"Earley Law Group Injury Lawyers","article_publisher":"https:\/\/www.facebook.com\/Law-Offices-of-Christopher-Earley-104980886333\/","article_modified_time":"2024-07-04T08:00:01+00:00","twitter_card":"summary_large_image","twitter_site":"@chrisearleylaw","twitter_misc":{"Est. reading time":"3 minutes"},"schema":{"@context":"https:\/\/schema.org","@graph":[{"@type":"WebPage","@id":"https:\/\/www.chrisearley.com\/es\/accidentes-de-automoviles\/accidente-automovilistico-frontal\/","url":"https:\/\/www.chrisearley.com\/es\/accidentes-de-automoviles\/accidente-automovilistico-frontal\/","name":"Accidente Automovil\u00edstico Frontal | Boston Abogado de Choque de Auto","isPartOf":{"@id":"https:\/\/www.chrisearley.com\/es\/#website"},"datePublished":"2024-06-15T13:19:23+00:00","dateModified":"2024-07-04T08:00:01+00:00","description":"Consulta Gratis - Ll\u00e1menos al 617-444-7777 - Earley Law Group Injury Lawyers ayuda a las v\u00edctimas y sus familias a recibir una compensaci\u00f3n por sus lesiones. Accidente Automovil\u00edstico Frontal - Boston Abogado de Choque de Auto","breadcrumb":{"@id":"https:\/\/www.chrisearley.com\/es\/accidentes-de-automoviles\/accidente-automovilistico-frontal\/#breadcrumb"},"inLanguage":"es-US","potentialAction":[{"@type":"ReadAction","target":["https:\/\/www.chrisearley.com\/es\/accidentes-de-automoviles\/accidente-automovilistico-frontal\/"]}]},{"@type":"BreadcrumbList","@id":"https:\/\/www.chrisearley.com\/es\/accidentes-de-automoviles\/accidente-automovilistico-frontal\/#breadcrumb","itemListElement":[{"@type":"ListItem","position":1,"name":"Home","item":"https:\/\/www.chrisearley.com\/es\/"},{"@type":"ListItem","position":2,"name":"Accidentes de Autom\u00f3viles","item":"https:\/\/www.chrisearley.com\/es\/accidentes-de-automoviles\/"},{"@type":"ListItem","position":3,"name":"Accidente Automovil\u00edstico Frontal"}]},{"@type":"WebSite","@id":"https:\/\/www.chrisearley.com\/es\/#website","url":"https:\/\/www.chrisearley.com\/es\/","name":"Earley Law Group Injury Lawyers","description":"","publisher":{"@id":"https:\/\/www.chrisearley.com\/es\/#organization"},"potentialAction":[{"@type":"SearchAction","target":{"@type":"EntryPoint","urlTemplate":"https:\/\/www.chrisearley.com\/es\/?s={search_term_string}"},"query-input":{"@type":"PropertyValueSpecification","valueRequired":true,"valueName":"search_term_string"}}],"inLanguage":"es-US"},{"@type":"Organization","@id":"https:\/\/www.chrisearley.com\/es\/#organization","name":"Earley Law Group Injury Lawyers","url":"https:\/\/www.chrisearley.com\/es\/","logo":{"@type":"ImageObject","inLanguage":"es-US","@id":"https:\/\/www.chrisearley.com\/es\/#\/schema\/logo\/image\/","url":"https:\/\/www.chrisearley.com\/wp-content\/uploads\/2024\/05\/logo.png","contentUrl":"https:\/\/www.chrisearley.com\/wp-content\/uploads\/2024\/05\/logo.png","width":420,"height":79,"caption":"Earley Law Group Injury Lawyers"},"image":{"@id":"https:\/\/www.chrisearley.com\/es\/#\/schema\/logo\/image\/"},"sameAs":["https:\/\/www.facebook.com\/Law-Offices-of-Christopher-Earley-104980886333\/","https:\/\/x.com\/chrisearleylaw","https:\/\/www.youtube.com\/user\/ChrisEarleyLaw","https:\/\/www.linkedin.com\/company\/earley-law-group-injury-lawyers","https:\/\/www.instagram.com\/earleylawgroupinjurylawyers\/"]}]}},"_links":{"self":[{"href":"https:\/\/www.chrisearley.com\/es\/wp-json\/wp\/v2\/pages\/12112","targetHints":{"allow":["GET"]}}],"collection":[{"href":"https:\/\/www.chrisearley.com\/es\/wp-json\/wp\/v2\/pages"}],"about":[{"href":"https:\/\/www.chrisearley.com\/es\/wp-json\/wp\/v2\/types\/page"}],"author":[{"embeddable":true,"href":"https:\/\/www.chrisearley.com\/es\/wp-json\/wp\/v2\/users\/35"}],"replies":[{"embeddable":true,"href":"https:\/\/www.chrisearley.com\/es\/wp-json\/wp\/v2\/comments?post=12112"}],"version-history":[{"count":0,"href":"https:\/\/www.chrisearley.com\/es\/wp-json\/wp\/v2\/pages\/12112\/revisions"}],"up":[{"embeddable":true,"href":"https:\/\/www.chrisearley.com\/es\/wp-json\/wp\/v2\/pages\/12021"}],"wp:attachment":[{"href":"https:\/\/www.chrisearley.com\/es\/wp-json\/wp\/v2\/media?parent=12112"}],"curies":[{"name":"wp","href":"https:\/\/api.w.org\/{rel}","templated":true}]}}