{"id":12100,"date":"2024-06-15T13:18:47","date_gmt":"2024-06-15T13:18:47","guid":{"rendered":"https:\/\/www.chrisearley.com\/?page_id=12100"},"modified":"2024-07-04T07:59:56","modified_gmt":"2024-07-04T07:59:56","slug":"falta-de-rendimiento","status":"publish","type":"page","link":"https:\/\/www.chrisearley.com\/es\/accidentes-de-automoviles\/falta-de-rendimiento\/","title":{"rendered":"Falta de Rendimiento"},"content":{"rendered":"<p>Los accidentes automovil\u00edsticos ocurren todo el tiempo, todos los d\u00edas en Boston. Con calles estrechas, con gran cantidad de veh\u00edculos y mucho tr\u00e1fico, los accidentes automovil\u00edsticos son bastante comunes aqu\u00ed en nuestra ciudad. El no ceder provoca que ocurran muchos de estos accidentes. B\u00e1sicamente, no ceder el paso significa no permitir que otro veh\u00edculo contin\u00fae con el derecho de paso. Los accidentes automovil\u00edsticos causados \u200b\u200bpor este tipo de negligencia constituyen una gran parte de los accidentes automovil\u00edsticos. Seg\u00fan\u00a0<a href=\"https:\/\/www.iii.org\/fact-statistic\/facts-statistics-highway-safety\" target=\"_blank\" rel=\"noopener\">la Administraci\u00f3n Nacional de Seguridad del Tr\u00e1fico<\/a>\u00a0en las Carreteras, aproximadamente el 7% de todos los accidentes automovil\u00edsticos fatales se deben a situaciones de falta de ceder el paso.\u00a0<a href=\"https:\/\/www.chrisearley.com\/es\/accidentes-de-automoviles\/\">Como abogado de Boston que no pudo ceder en accidentes automovil\u00edsticos<\/a>, he tenido muchos clientes a lo largo de los a\u00f1os lesionados en uno de estos accidentes.<\/p>\n<h2>Ejemplos de No Ceder el Paso<\/h2>\n<p>B\u00e1sicamente, no ceder el paso significa no permitir que otro veh\u00edculo contin\u00fae con el derecho de paso. Estos choques pueden ocurrir dentro de una rotativa cuando un veh\u00edculo ingresa negligentemente a la rotativa y no cede el paso a otro veh\u00edculo que ten\u00eda el derecho de paso. O estos accidentes pueden ocurrir en intersecciones y se\u00f1ales de alto. Al no detenerse por completo y ceder el paso al tr\u00e1fico que se aproxima, esto puede resultar en un accidente causado por negligencia. A veces, estos accidentes son\u00a0<a href=\"https:\/\/www.chrisearley.com\/es\/accidentes-de-automoviles\/colision-trasera-de-auto\/\">choques por detr\u00e1s<\/a>\u00a0y, a veces, pueden ser\u00a0<a href=\"https:\/\/www.chrisearley.com\/es\/accidentes-de-automoviles\/accidente-de-conduccion-distraido\/\">causados \u200b\u200bpor distracciones<\/a>. Cualquiera que sea el caso, si alguien no se rinde adecuadamente, puede ser considerado responsable de su conducta cuando alguien resulta lesionado como resultado.<\/p>\n<h2>Compensaci\u00f3n Disponible por Incumplimiento de Casos de Accidentes de Rendimiento<\/h2>\n<p>Si fue v\u00edctima de uno de estos tipos de accidentes automovil\u00edsticos, tiene opciones legales. Puede presentar un reclamo de compensaci\u00f3n contra el conductor culpable. Este reclamo se presentar\u00eda ante la compa\u00f1\u00eda de seguros de autom\u00f3viles que asegura el veh\u00edculo que caus\u00f3 el accidente. Esta ser\u00eda una reclamaci\u00f3n por todas las p\u00e9rdidas o da\u00f1os causados \u200b\u200bpor el accidente. Esto incluir\u00eda el pago de facturas m\u00e9dicas, salarios perdidos, p\u00e9rdida de la capacidad de generar ingresos, dolor y sufrimiento, y todos los dem\u00e1s da\u00f1os sufridos. Si el reclamo no se resuelve a trav\u00e9s de la negociaci\u00f3n, se entablar\u00e1 una demanda y se llevar\u00e1 a cabo el descubrimiento. Si el caso a\u00fan no se resuelve a trav\u00e9s del proceso de litigio, ser\u00eda necesario un juicio ante un juez y un jurado.<\/p>\n<h2>Ventajas de Trabajar con un Abogado<\/h2>\n<p>Estos casos se manejan mejor cuando se contrata representaci\u00f3n legal. Un abogado calificado en accidentes de Boston puede asegurarse de que el conductor descuidado sea responsable y que su compa\u00f1\u00eda de seguros pague una compensaci\u00f3n financiera justa por las p\u00e9rdidas que resultaron. <a href=\"https:\/\/www.chrisearley.com\/es\/contactenos\/\">Comun\u00edquese con la oficina legal de Christopher Earley<\/a>\u00a0hoy para obtener ayuda legal en caso de un accidente automovil\u00edstico que no haya podido ceder.<\/p>\n<p>Descargue nuestro libro gratuito titulado La verdad sobre los accidentes automovil\u00edsticos en Massachusetts para que est\u00e9 armado con la informaci\u00f3n necesaria para evitar cometer errores costosos que pueden acabar con su caso. Igualmente, saber qu\u00e9 hacer despu\u00e9s de un accidente automovil\u00edstico es saber qu\u00e9 no hacer despu\u00e9s de un accidente automovil\u00edstico. Cuanto m\u00e1s sepa, mejor ser\u00e1 el resultado.<\/p>\n","protected":false},"excerpt":{"rendered":"<p>Los accidentes automovil\u00edsticos ocurren todo el tiempo, todos los d\u00edas en Boston. Con calles estrechas, con gran cantidad de veh\u00edculos y mucho tr\u00e1fico, los accidentes automovil\u00edsticos son bastante comunes aqu\u00ed en nuestra ciudad. El no ceder provoca que ocurran muchos de estos accidentes. B\u00e1sicamente, no ceder el paso significa no permitir que otro veh\u00edculo contin\u00fae [&hellip;]<\/p>\n","protected":false},"author":35,"featured_media":0,"parent":12021,"menu_order":67,"comment_status":"closed","ping_status":"closed","template":"","meta":{"_acf_changed":false,"footnotes":""},"class_list":["post-12100","page","type-page","status-publish","hentry"],"acf":[],"yoast_head":"<!-- This site is optimized with the Yoast SEO plugin v27.5 - https:\/\/yoast.com\/product\/yoast-seo-wordpress\/ -->\n<title>Falta de Rendimiento | Boston Abogado de Choque de Auto Earley Law Group Injury Lawyers<\/title>\n<meta name=\"description\" content=\"Consulta Gratis - Ll\u00e1menos al 617-444-7777 - Earley Law Group Injury Lawyers ayuda a las v\u00edctimas y sus familias a recibir una compensaci\u00f3n por sus lesiones. Falta de Rendimiento - Boston Abogado de Choque de Auto\" \/>\n<meta name=\"robots\" content=\"index, follow, max-snippet:-1, max-image-preview:large, max-video-preview:-1\" \/>\n<link rel=\"canonical\" href=\"https:\/\/www.chrisearley.com\/es\/accidentes-de-automoviles\/falta-de-rendimiento\/\" \/>\n<meta property=\"og:locale\" content=\"es_ES\" \/>\n<meta property=\"og:type\" content=\"article\" \/>\n<meta property=\"og:title\" content=\"Falta de Rendimiento | Boston Abogado de Choque de Auto Earley Law Group Injury Lawyers\" \/>\n<meta property=\"og:description\" content=\"Consulta Gratis - Ll\u00e1menos al 617-444-7777 - Earley Law Group Injury Lawyers ayuda a las v\u00edctimas y sus familias a recibir una compensaci\u00f3n por sus lesiones. Falta de Rendimiento - Boston Abogado de Choque de Auto\" \/>\n<meta property=\"og:url\" content=\"https:\/\/www.chrisearley.com\/es\/accidentes-de-automoviles\/falta-de-rendimiento\/\" \/>\n<meta property=\"og:site_name\" content=\"Earley Law Group Injury Lawyers\" \/>\n<meta property=\"article:publisher\" content=\"https:\/\/www.facebook.com\/Law-Offices-of-Christopher-Earley-104980886333\/\" \/>\n<meta property=\"article:modified_time\" content=\"2024-07-04T07:59:56+00:00\" \/>\n<meta name=\"twitter:card\" content=\"summary_large_image\" \/>\n<meta name=\"twitter:site\" content=\"@chrisearleylaw\" \/>\n<meta name=\"twitter:label1\" content=\"Est. reading time\" \/>\n\t<meta name=\"twitter:data1\" content=\"3 minutes\" \/>\n<script type=\"application\/ld+json\" class=\"yoast-schema-graph\">{\"@context\":\"https:\\\/\\\/schema.org\",\"@graph\":[{\"@type\":\"WebPage\",\"@id\":\"https:\\\/\\\/www.chrisearley.com\\\/es\\\/accidentes-de-automoviles\\\/falta-de-rendimiento\\\/\",\"url\":\"https:\\\/\\\/www.chrisearley.com\\\/es\\\/accidentes-de-automoviles\\\/falta-de-rendimiento\\\/\",\"name\":\"Falta de Rendimiento | Boston Abogado de Choque de Auto Earley Law Group Injury Lawyers\",\"isPartOf\":{\"@id\":\"https:\\\/\\\/www.chrisearley.com\\\/es\\\/#website\"},\"datePublished\":\"2024-06-15T13:18:47+00:00\",\"dateModified\":\"2024-07-04T07:59:56+00:00\",\"description\":\"Consulta Gratis - Ll\u00e1menos al 617-444-7777 - Earley Law Group Injury Lawyers ayuda a las v\u00edctimas y sus familias a recibir una compensaci\u00f3n por sus lesiones. Falta de Rendimiento - Boston Abogado de Choque de Auto\",\"breadcrumb\":{\"@id\":\"https:\\\/\\\/www.chrisearley.com\\\/es\\\/accidentes-de-automoviles\\\/falta-de-rendimiento\\\/#breadcrumb\"},\"inLanguage\":\"es-US\",\"potentialAction\":[{\"@type\":\"ReadAction\",\"target\":[\"https:\\\/\\\/www.chrisearley.com\\\/es\\\/accidentes-de-automoviles\\\/falta-de-rendimiento\\\/\"]}]},{\"@type\":\"BreadcrumbList\",\"@id\":\"https:\\\/\\\/www.chrisearley.com\\\/es\\\/accidentes-de-automoviles\\\/falta-de-rendimiento\\\/#breadcrumb\",\"itemListElement\":[{\"@type\":\"ListItem\",\"position\":1,\"name\":\"Home\",\"item\":\"https:\\\/\\\/www.chrisearley.com\\\/es\\\/\"},{\"@type\":\"ListItem\",\"position\":2,\"name\":\"Accidentes de Autom\u00f3viles\",\"item\":\"https:\\\/\\\/www.chrisearley.com\\\/es\\\/accidentes-de-automoviles\\\/\"},{\"@type\":\"ListItem\",\"position\":3,\"name\":\"Falta de Rendimiento\"}]},{\"@type\":\"WebSite\",\"@id\":\"https:\\\/\\\/www.chrisearley.com\\\/es\\\/#website\",\"url\":\"https:\\\/\\\/www.chrisearley.com\\\/es\\\/\",\"name\":\"Earley Law Group Injury Lawyers\",\"description\":\"\",\"publisher\":{\"@id\":\"https:\\\/\\\/www.chrisearley.com\\\/es\\\/#organization\"},\"potentialAction\":[{\"@type\":\"SearchAction\",\"target\":{\"@type\":\"EntryPoint\",\"urlTemplate\":\"https:\\\/\\\/www.chrisearley.com\\\/es\\\/?s={search_term_string}\"},\"query-input\":{\"@type\":\"PropertyValueSpecification\",\"valueRequired\":true,\"valueName\":\"search_term_string\"}}],\"inLanguage\":\"es-US\"},{\"@type\":\"Organization\",\"@id\":\"https:\\\/\\\/www.chrisearley.com\\\/es\\\/#organization\",\"name\":\"Earley Law Group Injury Lawyers\",\"url\":\"https:\\\/\\\/www.chrisearley.com\\\/es\\\/\",\"logo\":{\"@type\":\"ImageObject\",\"inLanguage\":\"es-US\",\"@id\":\"https:\\\/\\\/www.chrisearley.com\\\/es\\\/#\\\/schema\\\/logo\\\/image\\\/\",\"url\":\"https:\\\/\\\/www.chrisearley.com\\\/wp-content\\\/uploads\\\/2024\\\/05\\\/logo.png\",\"contentUrl\":\"https:\\\/\\\/www.chrisearley.com\\\/wp-content\\\/uploads\\\/2024\\\/05\\\/logo.png\",\"width\":420,\"height\":79,\"caption\":\"Earley Law Group Injury Lawyers\"},\"image\":{\"@id\":\"https:\\\/\\\/www.chrisearley.com\\\/es\\\/#\\\/schema\\\/logo\\\/image\\\/\"},\"sameAs\":[\"https:\\\/\\\/www.facebook.com\\\/Law-Offices-of-Christopher-Earley-104980886333\\\/\",\"https:\\\/\\\/x.com\\\/chrisearleylaw\",\"https:\\\/\\\/www.youtube.com\\\/user\\\/ChrisEarleyLaw\",\"https:\\\/\\\/www.linkedin.com\\\/company\\\/earley-law-group-injury-lawyers\",\"https:\\\/\\\/www.instagram.com\\\/earleylawgroupinjurylawyers\\\/\"]}]}<\/script>\n<!-- \/ Yoast SEO plugin. -->","yoast_head_json":{"title":"Falta de Rendimiento | Boston Abogado de Choque de Auto Earley Law Group Injury Lawyers","description":"Consulta Gratis - Ll\u00e1menos al 617-444-7777 - Earley Law Group Injury Lawyers ayuda a las v\u00edctimas y sus familias a recibir una compensaci\u00f3n por sus lesiones. Falta de Rendimiento - Boston Abogado de Choque de Auto","robots":{"index":"index","follow":"follow","max-snippet":"max-snippet:-1","max-image-preview":"max-image-preview:large","max-video-preview":"max-video-preview:-1"},"canonical":"https:\/\/www.chrisearley.com\/es\/accidentes-de-automoviles\/falta-de-rendimiento\/","og_locale":"es_ES","og_type":"article","og_title":"Falta de Rendimiento | Boston Abogado de Choque de Auto Earley Law Group Injury Lawyers","og_description":"Consulta Gratis - Ll\u00e1menos al 617-444-7777 - Earley Law Group Injury Lawyers ayuda a las v\u00edctimas y sus familias a recibir una compensaci\u00f3n por sus lesiones. Falta de Rendimiento - Boston Abogado de Choque de Auto","og_url":"https:\/\/www.chrisearley.com\/es\/accidentes-de-automoviles\/falta-de-rendimiento\/","og_site_name":"Earley Law Group Injury Lawyers","article_publisher":"https:\/\/www.facebook.com\/Law-Offices-of-Christopher-Earley-104980886333\/","article_modified_time":"2024-07-04T07:59:56+00:00","twitter_card":"summary_large_image","twitter_site":"@chrisearleylaw","twitter_misc":{"Est. reading time":"3 minutes"},"schema":{"@context":"https:\/\/schema.org","@graph":[{"@type":"WebPage","@id":"https:\/\/www.chrisearley.com\/es\/accidentes-de-automoviles\/falta-de-rendimiento\/","url":"https:\/\/www.chrisearley.com\/es\/accidentes-de-automoviles\/falta-de-rendimiento\/","name":"Falta de Rendimiento | Boston Abogado de Choque de Auto Earley Law Group Injury Lawyers","isPartOf":{"@id":"https:\/\/www.chrisearley.com\/es\/#website"},"datePublished":"2024-06-15T13:18:47+00:00","dateModified":"2024-07-04T07:59:56+00:00","description":"Consulta Gratis - Ll\u00e1menos al 617-444-7777 - Earley Law Group Injury Lawyers ayuda a las v\u00edctimas y sus familias a recibir una compensaci\u00f3n por sus lesiones. Falta de Rendimiento - Boston Abogado de Choque de Auto","breadcrumb":{"@id":"https:\/\/www.chrisearley.com\/es\/accidentes-de-automoviles\/falta-de-rendimiento\/#breadcrumb"},"inLanguage":"es-US","potentialAction":[{"@type":"ReadAction","target":["https:\/\/www.chrisearley.com\/es\/accidentes-de-automoviles\/falta-de-rendimiento\/"]}]},{"@type":"BreadcrumbList","@id":"https:\/\/www.chrisearley.com\/es\/accidentes-de-automoviles\/falta-de-rendimiento\/#breadcrumb","itemListElement":[{"@type":"ListItem","position":1,"name":"Home","item":"https:\/\/www.chrisearley.com\/es\/"},{"@type":"ListItem","position":2,"name":"Accidentes de Autom\u00f3viles","item":"https:\/\/www.chrisearley.com\/es\/accidentes-de-automoviles\/"},{"@type":"ListItem","position":3,"name":"Falta de Rendimiento"}]},{"@type":"WebSite","@id":"https:\/\/www.chrisearley.com\/es\/#website","url":"https:\/\/www.chrisearley.com\/es\/","name":"Earley Law Group Injury Lawyers","description":"","publisher":{"@id":"https:\/\/www.chrisearley.com\/es\/#organization"},"potentialAction":[{"@type":"SearchAction","target":{"@type":"EntryPoint","urlTemplate":"https:\/\/www.chrisearley.com\/es\/?s={search_term_string}"},"query-input":{"@type":"PropertyValueSpecification","valueRequired":true,"valueName":"search_term_string"}}],"inLanguage":"es-US"},{"@type":"Organization","@id":"https:\/\/www.chrisearley.com\/es\/#organization","name":"Earley Law Group Injury Lawyers","url":"https:\/\/www.chrisearley.com\/es\/","logo":{"@type":"ImageObject","inLanguage":"es-US","@id":"https:\/\/www.chrisearley.com\/es\/#\/schema\/logo\/image\/","url":"https:\/\/www.chrisearley.com\/wp-content\/uploads\/2024\/05\/logo.png","contentUrl":"https:\/\/www.chrisearley.com\/wp-content\/uploads\/2024\/05\/logo.png","width":420,"height":79,"caption":"Earley Law Group Injury Lawyers"},"image":{"@id":"https:\/\/www.chrisearley.com\/es\/#\/schema\/logo\/image\/"},"sameAs":["https:\/\/www.facebook.com\/Law-Offices-of-Christopher-Earley-104980886333\/","https:\/\/x.com\/chrisearleylaw","https:\/\/www.youtube.com\/user\/ChrisEarleyLaw","https:\/\/www.linkedin.com\/company\/earley-law-group-injury-lawyers","https:\/\/www.instagram.com\/earleylawgroupinjurylawyers\/"]}]}},"_links":{"self":[{"href":"https:\/\/www.chrisearley.com\/es\/wp-json\/wp\/v2\/pages\/12100","targetHints":{"allow":["GET"]}}],"collection":[{"href":"https:\/\/www.chrisearley.com\/es\/wp-json\/wp\/v2\/pages"}],"about":[{"href":"https:\/\/www.chrisearley.com\/es\/wp-json\/wp\/v2\/types\/page"}],"author":[{"embeddable":true,"href":"https:\/\/www.chrisearley.com\/es\/wp-json\/wp\/v2\/users\/35"}],"replies":[{"embeddable":true,"href":"https:\/\/www.chrisearley.com\/es\/wp-json\/wp\/v2\/comments?post=12100"}],"version-history":[{"count":0,"href":"https:\/\/www.chrisearley.com\/es\/wp-json\/wp\/v2\/pages\/12100\/revisions"}],"up":[{"embeddable":true,"href":"https:\/\/www.chrisearley.com\/es\/wp-json\/wp\/v2\/pages\/12021"}],"wp:attachment":[{"href":"https:\/\/www.chrisearley.com\/es\/wp-json\/wp\/v2\/media?parent=12100"}],"curies":[{"name":"wp","href":"https:\/\/api.w.org\/{rel}","templated":true}]}}