{"id":12074,"date":"2024-06-11T22:40:29","date_gmt":"2024-06-11T22:40:29","guid":{"rendered":"https:\/\/www.chrisearley.com\/?page_id=12074"},"modified":"2024-07-18T08:26:20","modified_gmt":"2024-07-18T08:26:20","slug":"accidente-de-conduccion-distraido","status":"publish","type":"page","link":"https:\/\/www.chrisearley.com\/es\/accidentes-de-automoviles\/accidente-de-conduccion-distraido\/","title":{"rendered":"Accidente de Conducci\u00f3n Distra\u00eddo"},"content":{"rendered":"<p>Casi todos y cada uno de los accidentes automovil\u00edsticos en Boston ocurren debido a negligencia. La negligencia se presenta en muchas variedades, pero con frecuencia es la distracci\u00f3n que causa la mayor\u00eda de los accidentes automovil\u00edsticos. Esto es realmente lamentable porque estos accidentes automovil\u00edsticos son totalmente prevenibles al 100%.\u00a0<a href=\"https:\/\/www.dmv.org\/distracted-driving.php#The-Extent-of-the-Problem\" target=\"_blank\" rel=\"noopener\">Lamentablemente, 9 personas mueren cada d\u00eda como resultado de conducir distra\u00eddo<\/a>.<\/p>\n<p>Hay diferentes tipos de distracci\u00f3n que ocurren com\u00fanmente. Con frecuencia se agrupan en tres categor\u00edas diferentes: manuales (quitar las manos del volante), visuales (quitar los ojos de la carretera) y cognitivos (pensar en algo m\u00e1s que conducir). A veces, estas categor\u00edas se superponen, seg\u00fan las circunstancias.<\/p>\n<p>Conducir distra\u00eddo es una epidemia creciente que solo est\u00e1 empeorando. Aproximadamente el 25% de todos los accidentes automovil\u00edsticos se deben a distracciones. Como abogado de accidentes por conducci\u00f3n distra\u00edda de Boston, veo que estos\u00a0<a href=\"https:\/\/www.chrisearley.com\/es\/accidentes-de-automoviles\/\">accidentes automovil\u00edsticos les suceden a mis clientes<\/a>\u00a0todo el tiempo. A continuaci\u00f3n, se ofrece informaci\u00f3n importante sobre estos accidentes.<\/p>\n<p>Enviar mensajes de texto mientras se conduce en Massachusetts es ilegal. Parece que cada vez que conduzco veo a otros conductores enviando mensajes de texto y mirando su tel\u00e9fono en lugar de concentrarse en la carretera. \u00a1Esto es aterrador y muy perturbador de ver todo el tiempo! Enviar mensajes de texto y conducir es especialmente peligroso porque combina los tres modos de distracci\u00f3n mencionados anteriormente: manual, visual y cognitivo. Con frecuencia, los mensajes de texto son la forma m\u00e1s com\u00fan de distracci\u00f3n al conducir. Los mensajes de texto fuerzan la visi\u00f3n y la concentraci\u00f3n de la carretera. Incluso la m\u00e1s m\u00ednima mirada al tel\u00e9fono puede ser suficiente para provocar un accidente automovil\u00edstico.<\/p>\n<p>Otras formas de distracci\u00f3n incluyen comer en el autom\u00f3vil, hablar por tel\u00e9fono, usar un sistema de navegaci\u00f3n, leer el tel\u00e9fono y otras formas comunes de distracci\u00f3n pueden ponerlo a usted y a otras personas en grave riesgo de sufrir un accidente. Hagas lo que hagas, nunca conduzcas distra\u00eddo. Si algo no puede esperar mientras conduce su autom\u00f3vil, simplemente det\u00e9ngase y aborde la situaci\u00f3n en consecuencia.<\/p>\n<p>Es muy importante tomar las decisiones correctas si fue v\u00edctima de un accidente de conducci\u00f3n distra\u00eddo. Obtenga hoy mismo una copia gratuita de nuestra gu\u00eda para el consumidor gratuita llamada\u00a0<a href=\"https:\/\/www.chrisearley.com\/es\/libros-gratis\/\">La verdad sobre los accidentes automovil\u00edsticos en Massachusetts<\/a>, para que est\u00e9 armado con la informaci\u00f3n necesaria para tomar una buena decisi\u00f3n en su caso.<\/p>\n<h2>Lesiones que Pueden Ocurrir en Estos Choques<\/h2>\n<p>Las lesiones definitivamente pueden abarcar toda la gama con este tipo de casos. La lista de lesiones potenciales es casi ilimitada, pero aqu\u00ed hay algunas lesiones comunes que surgen de accidentes automovil\u00edsticos por conducci\u00f3n distra\u00edda:<\/p>\n<ul>\n<li>Lesiones de cuello<\/li>\n<li><a href=\"https:\/\/www.chrisearley.com\/es\/lesiones-personales\/lesion-de-espalda\/\">Lesiones de espalda<\/a><\/li>\n<li><a href=\"https:\/\/www.chrisearley.com\/es\/lesiones-personales\/latigazo\/\">Latigazo<\/a><\/li>\n<li><a href=\"https:\/\/www.chrisearley.com\/es\/lesiones-personales\/lesiones-de-tejidos-blandos\/\">Lesiones de tejidos blandos<\/a><\/li>\n<li><a href=\"https:\/\/www.chrisearley.com\/es\/lesiones-personales\/huesos-rotos\/\">Huesos rotos<\/a><\/li>\n<li><a href=\"https:\/\/www.chrisearley.com\/es\/lesiones-personales\/costilla-rota\/\">Costillas rotas<\/a><\/li>\n<li>Dislocaciones<\/li>\n<li><a href=\"https:\/\/www.chrisearley.com\/es\/lesiones-personales\/costilla-rota\/\">Cicatrices y desfiguraciones<\/a><\/li>\n<li><a href=\"https:\/\/www.chrisearley.com\/es\/lesiones-personales\/contusion-cerebral\/\">Contusiones<\/a><\/li>\n<li><a href=\"https:\/\/www.chrisearley.com\/es\/lesiones-personales\/hernia-de-disco\/\">Discos herniados<\/a><\/li>\n<li><a href=\"https:\/\/www.chrisearley.com\/es\/lesiones-personales\/muneca-rota\/\">Fracturas de mu\u00f1eca<\/a><\/li>\n<li><a href=\"https:\/\/www.chrisearley.com\/es\/lesiones-personales\/contusion-cerebral\/\">Contusiones<\/a><\/li>\n<li><a href=\"https:\/\/www.chrisearley.com\/es\/lesiones-personales\/lesion-de-rodilla\/\">Lesiones de rodilla<\/a><\/li>\n<li><a href=\"https:\/\/www.chrisearley.com\/es\/lesiones-personales\/lesion-de-menisco\/\">Lesiones de menisco<\/a><\/li>\n<li>Lesiones en las piernas<\/li>\n<li>Lesiones por bolsas de aire<\/li>\n<li><a href=\"https:\/\/www.chrisearley.com\/es\/lesiones-personales\/lesion-cerebral\/\">Lesiones Cerebrales<\/a><\/li>\n<li><a href=\"https:\/\/www.chrisearley.com\/es\/lesiones-personales\/lesion-en-el-tobillo\/\">Lesiones de tobillo<\/a><\/li>\n<li><a href=\"https:\/\/www.chrisearley.com\/es\/lesiones-personales\/amputacion\/\">Amputaciones<\/a><\/li>\n<li><a href=\"https:\/\/www.chrisearley.com\/es\/lesiones-personales\/lesion-de-la-medula-espinal\/\">Lesiones de la m\u00e9dula espinal<\/a><\/li>\n<li><a href=\"https:\/\/www.chrisearley.com\/es\/lesiones-personales\/lesion-en-el-hombro\/\">Lesiones de hombro<\/a><\/li>\n<li><a href=\"https:\/\/www.chrisearley.com\/es\/lesiones-personales\/trastorno-de-estres-postraumatico-ptsd\/\">Trastorno de estr\u00e9s postraum\u00e1tico (PTSD)<\/a><\/li>\n<li><a href=\"https:\/\/www.chrisearley.com\/es\/muerte-injusta\/\">Muerte injusta<\/a><\/li>\n<\/ul>\n<h2>Abogado de Boston Para Accidentes por Culpa de Conducci\u00f3n Distra\u00eddo<\/h2>\n<p>Si ha resultado lesionado por negligencia en un accidente automovil\u00edstico causado por la conducci\u00f3n distra\u00edda de alguien, le animo a que llame a\u00a0<a href=\"https:\/\/www.chrisearley.com\/es\/\">la oficina legal de Christopher Earley<\/a>\u00a0hoy. Estaremos encantados de ofrecerle una\u00a0<a href=\"https:\/\/www.chrisearley.com\/es\/contactenos\/\">consulta telef\u00f3nica gratuita<\/a>\u00a0y sin compromiso para discutir su caso. Solo nos pagan si resolvemos su caso.<\/p>\n","protected":false},"excerpt":{"rendered":"<p>Casi todos y cada uno de los accidentes automovil\u00edsticos en Boston ocurren debido a negligencia. La negligencia se presenta en muchas variedades, pero con frecuencia es la distracci\u00f3n que causa la mayor\u00eda de los accidentes automovil\u00edsticos. Esto es realmente lamentable porque estos accidentes automovil\u00edsticos son totalmente prevenibles al 100%.\u00a0Lamentablemente, 9 personas mueren cada d\u00eda como [&hellip;]<\/p>\n","protected":false},"author":35,"featured_media":0,"parent":12021,"menu_order":41,"comment_status":"closed","ping_status":"closed","template":"","meta":{"_acf_changed":false,"footnotes":""},"class_list":["post-12074","page","type-page","status-publish","hentry"],"acf":[],"yoast_head":"<!-- This site is optimized with the Yoast SEO plugin v27.5 - https:\/\/yoast.com\/product\/yoast-seo-wordpress\/ -->\n<title>Accidente de Conducci\u00f3n Distra\u00eddo | Boston Abogado de Choque de Auto<\/title>\n<meta name=\"description\" content=\"Consulta Gratis - Ll\u00e1menos al 617-444-7777 - Earley Law Group Injury Lawyers ayuda a las v\u00edctimas y sus familias a recibir una compensaci\u00f3n por sus lesiones. Accidente de Conducci\u00f3n Distra\u00eddo - Boston Abogado de Choque de Auto\" \/>\n<meta name=\"robots\" content=\"index, follow, max-snippet:-1, max-image-preview:large, max-video-preview:-1\" \/>\n<link rel=\"canonical\" href=\"https:\/\/www.chrisearley.com\/es\/accidentes-de-automoviles\/accidente-de-conduccion-distraido\/\" \/>\n<meta property=\"og:locale\" content=\"es_ES\" \/>\n<meta property=\"og:type\" content=\"article\" \/>\n<meta property=\"og:title\" content=\"Accidente de Conducci\u00f3n Distra\u00eddo | Boston Abogado de Choque de Auto\" \/>\n<meta property=\"og:description\" content=\"Consulta Gratis - Ll\u00e1menos al 617-444-7777 - Earley Law Group Injury Lawyers ayuda a las v\u00edctimas y sus familias a recibir una compensaci\u00f3n por sus lesiones. Accidente de Conducci\u00f3n Distra\u00eddo - Boston Abogado de Choque de Auto\" \/>\n<meta property=\"og:url\" content=\"https:\/\/www.chrisearley.com\/es\/accidentes-de-automoviles\/accidente-de-conduccion-distraido\/\" \/>\n<meta property=\"og:site_name\" content=\"Earley Law Group Injury Lawyers\" \/>\n<meta property=\"article:publisher\" content=\"https:\/\/www.facebook.com\/Law-Offices-of-Christopher-Earley-104980886333\/\" \/>\n<meta property=\"article:modified_time\" content=\"2024-07-18T08:26:20+00:00\" \/>\n<meta name=\"twitter:card\" content=\"summary_large_image\" \/>\n<meta name=\"twitter:site\" content=\"@chrisearleylaw\" \/>\n<meta name=\"twitter:label1\" content=\"Est. reading time\" \/>\n\t<meta name=\"twitter:data1\" content=\"3 minutes\" \/>\n<script type=\"application\/ld+json\" class=\"yoast-schema-graph\">{\"@context\":\"https:\\\/\\\/schema.org\",\"@graph\":[{\"@type\":\"WebPage\",\"@id\":\"https:\\\/\\\/www.chrisearley.com\\\/es\\\/accidentes-de-automoviles\\\/accidente-de-conduccion-distraido\\\/\",\"url\":\"https:\\\/\\\/www.chrisearley.com\\\/es\\\/accidentes-de-automoviles\\\/accidente-de-conduccion-distraido\\\/\",\"name\":\"Accidente de Conducci\u00f3n Distra\u00eddo | Boston Abogado de Choque de Auto\",\"isPartOf\":{\"@id\":\"https:\\\/\\\/www.chrisearley.com\\\/es\\\/#website\"},\"datePublished\":\"2024-06-11T22:40:29+00:00\",\"dateModified\":\"2024-07-18T08:26:20+00:00\",\"description\":\"Consulta Gratis - Ll\u00e1menos al 617-444-7777 - Earley Law Group Injury Lawyers ayuda a las v\u00edctimas y sus familias a recibir una compensaci\u00f3n por sus lesiones. Accidente de Conducci\u00f3n Distra\u00eddo - Boston Abogado de Choque de Auto\",\"breadcrumb\":{\"@id\":\"https:\\\/\\\/www.chrisearley.com\\\/es\\\/accidentes-de-automoviles\\\/accidente-de-conduccion-distraido\\\/#breadcrumb\"},\"inLanguage\":\"es-US\",\"potentialAction\":[{\"@type\":\"ReadAction\",\"target\":[\"https:\\\/\\\/www.chrisearley.com\\\/es\\\/accidentes-de-automoviles\\\/accidente-de-conduccion-distraido\\\/\"]}]},{\"@type\":\"BreadcrumbList\",\"@id\":\"https:\\\/\\\/www.chrisearley.com\\\/es\\\/accidentes-de-automoviles\\\/accidente-de-conduccion-distraido\\\/#breadcrumb\",\"itemListElement\":[{\"@type\":\"ListItem\",\"position\":1,\"name\":\"Home\",\"item\":\"https:\\\/\\\/www.chrisearley.com\\\/es\\\/\"},{\"@type\":\"ListItem\",\"position\":2,\"name\":\"Accidentes de Autom\u00f3viles\",\"item\":\"https:\\\/\\\/www.chrisearley.com\\\/es\\\/accidentes-de-automoviles\\\/\"},{\"@type\":\"ListItem\",\"position\":3,\"name\":\"Accidente de Conducci\u00f3n Distra\u00eddo\"}]},{\"@type\":\"WebSite\",\"@id\":\"https:\\\/\\\/www.chrisearley.com\\\/es\\\/#website\",\"url\":\"https:\\\/\\\/www.chrisearley.com\\\/es\\\/\",\"name\":\"Earley Law Group Injury Lawyers\",\"description\":\"\",\"publisher\":{\"@id\":\"https:\\\/\\\/www.chrisearley.com\\\/es\\\/#organization\"},\"potentialAction\":[{\"@type\":\"SearchAction\",\"target\":{\"@type\":\"EntryPoint\",\"urlTemplate\":\"https:\\\/\\\/www.chrisearley.com\\\/es\\\/?s={search_term_string}\"},\"query-input\":{\"@type\":\"PropertyValueSpecification\",\"valueRequired\":true,\"valueName\":\"search_term_string\"}}],\"inLanguage\":\"es-US\"},{\"@type\":\"Organization\",\"@id\":\"https:\\\/\\\/www.chrisearley.com\\\/es\\\/#organization\",\"name\":\"Earley Law Group Injury Lawyers\",\"url\":\"https:\\\/\\\/www.chrisearley.com\\\/es\\\/\",\"logo\":{\"@type\":\"ImageObject\",\"inLanguage\":\"es-US\",\"@id\":\"https:\\\/\\\/www.chrisearley.com\\\/es\\\/#\\\/schema\\\/logo\\\/image\\\/\",\"url\":\"https:\\\/\\\/www.chrisearley.com\\\/wp-content\\\/uploads\\\/2024\\\/05\\\/logo.png\",\"contentUrl\":\"https:\\\/\\\/www.chrisearley.com\\\/wp-content\\\/uploads\\\/2024\\\/05\\\/logo.png\",\"width\":420,\"height\":79,\"caption\":\"Earley Law Group Injury Lawyers\"},\"image\":{\"@id\":\"https:\\\/\\\/www.chrisearley.com\\\/es\\\/#\\\/schema\\\/logo\\\/image\\\/\"},\"sameAs\":[\"https:\\\/\\\/www.facebook.com\\\/Law-Offices-of-Christopher-Earley-104980886333\\\/\",\"https:\\\/\\\/x.com\\\/chrisearleylaw\",\"https:\\\/\\\/www.youtube.com\\\/user\\\/ChrisEarleyLaw\",\"https:\\\/\\\/www.linkedin.com\\\/company\\\/earley-law-group-injury-lawyers\",\"https:\\\/\\\/www.instagram.com\\\/earleylawgroupinjurylawyers\\\/\"]}]}<\/script>\n<!-- \/ Yoast SEO plugin. -->","yoast_head_json":{"title":"Accidente de Conducci\u00f3n Distra\u00eddo | Boston Abogado de Choque de Auto","description":"Consulta Gratis - Ll\u00e1menos al 617-444-7777 - Earley Law Group Injury Lawyers ayuda a las v\u00edctimas y sus familias a recibir una compensaci\u00f3n por sus lesiones. Accidente de Conducci\u00f3n Distra\u00eddo - Boston Abogado de Choque de Auto","robots":{"index":"index","follow":"follow","max-snippet":"max-snippet:-1","max-image-preview":"max-image-preview:large","max-video-preview":"max-video-preview:-1"},"canonical":"https:\/\/www.chrisearley.com\/es\/accidentes-de-automoviles\/accidente-de-conduccion-distraido\/","og_locale":"es_ES","og_type":"article","og_title":"Accidente de Conducci\u00f3n Distra\u00eddo | Boston Abogado de Choque de Auto","og_description":"Consulta Gratis - Ll\u00e1menos al 617-444-7777 - Earley Law Group Injury Lawyers ayuda a las v\u00edctimas y sus familias a recibir una compensaci\u00f3n por sus lesiones. Accidente de Conducci\u00f3n Distra\u00eddo - Boston Abogado de Choque de Auto","og_url":"https:\/\/www.chrisearley.com\/es\/accidentes-de-automoviles\/accidente-de-conduccion-distraido\/","og_site_name":"Earley Law Group Injury Lawyers","article_publisher":"https:\/\/www.facebook.com\/Law-Offices-of-Christopher-Earley-104980886333\/","article_modified_time":"2024-07-18T08:26:20+00:00","twitter_card":"summary_large_image","twitter_site":"@chrisearleylaw","twitter_misc":{"Est. reading time":"3 minutes"},"schema":{"@context":"https:\/\/schema.org","@graph":[{"@type":"WebPage","@id":"https:\/\/www.chrisearley.com\/es\/accidentes-de-automoviles\/accidente-de-conduccion-distraido\/","url":"https:\/\/www.chrisearley.com\/es\/accidentes-de-automoviles\/accidente-de-conduccion-distraido\/","name":"Accidente de Conducci\u00f3n Distra\u00eddo | Boston Abogado de Choque de Auto","isPartOf":{"@id":"https:\/\/www.chrisearley.com\/es\/#website"},"datePublished":"2024-06-11T22:40:29+00:00","dateModified":"2024-07-18T08:26:20+00:00","description":"Consulta Gratis - Ll\u00e1menos al 617-444-7777 - Earley Law Group Injury Lawyers ayuda a las v\u00edctimas y sus familias a recibir una compensaci\u00f3n por sus lesiones. Accidente de Conducci\u00f3n Distra\u00eddo - Boston Abogado de Choque de Auto","breadcrumb":{"@id":"https:\/\/www.chrisearley.com\/es\/accidentes-de-automoviles\/accidente-de-conduccion-distraido\/#breadcrumb"},"inLanguage":"es-US","potentialAction":[{"@type":"ReadAction","target":["https:\/\/www.chrisearley.com\/es\/accidentes-de-automoviles\/accidente-de-conduccion-distraido\/"]}]},{"@type":"BreadcrumbList","@id":"https:\/\/www.chrisearley.com\/es\/accidentes-de-automoviles\/accidente-de-conduccion-distraido\/#breadcrumb","itemListElement":[{"@type":"ListItem","position":1,"name":"Home","item":"https:\/\/www.chrisearley.com\/es\/"},{"@type":"ListItem","position":2,"name":"Accidentes de Autom\u00f3viles","item":"https:\/\/www.chrisearley.com\/es\/accidentes-de-automoviles\/"},{"@type":"ListItem","position":3,"name":"Accidente de Conducci\u00f3n Distra\u00eddo"}]},{"@type":"WebSite","@id":"https:\/\/www.chrisearley.com\/es\/#website","url":"https:\/\/www.chrisearley.com\/es\/","name":"Earley Law Group Injury Lawyers","description":"","publisher":{"@id":"https:\/\/www.chrisearley.com\/es\/#organization"},"potentialAction":[{"@type":"SearchAction","target":{"@type":"EntryPoint","urlTemplate":"https:\/\/www.chrisearley.com\/es\/?s={search_term_string}"},"query-input":{"@type":"PropertyValueSpecification","valueRequired":true,"valueName":"search_term_string"}}],"inLanguage":"es-US"},{"@type":"Organization","@id":"https:\/\/www.chrisearley.com\/es\/#organization","name":"Earley Law Group Injury Lawyers","url":"https:\/\/www.chrisearley.com\/es\/","logo":{"@type":"ImageObject","inLanguage":"es-US","@id":"https:\/\/www.chrisearley.com\/es\/#\/schema\/logo\/image\/","url":"https:\/\/www.chrisearley.com\/wp-content\/uploads\/2024\/05\/logo.png","contentUrl":"https:\/\/www.chrisearley.com\/wp-content\/uploads\/2024\/05\/logo.png","width":420,"height":79,"caption":"Earley Law Group Injury Lawyers"},"image":{"@id":"https:\/\/www.chrisearley.com\/es\/#\/schema\/logo\/image\/"},"sameAs":["https:\/\/www.facebook.com\/Law-Offices-of-Christopher-Earley-104980886333\/","https:\/\/x.com\/chrisearleylaw","https:\/\/www.youtube.com\/user\/ChrisEarleyLaw","https:\/\/www.linkedin.com\/company\/earley-law-group-injury-lawyers","https:\/\/www.instagram.com\/earleylawgroupinjurylawyers\/"]}]}},"_links":{"self":[{"href":"https:\/\/www.chrisearley.com\/es\/wp-json\/wp\/v2\/pages\/12074","targetHints":{"allow":["GET"]}}],"collection":[{"href":"https:\/\/www.chrisearley.com\/es\/wp-json\/wp\/v2\/pages"}],"about":[{"href":"https:\/\/www.chrisearley.com\/es\/wp-json\/wp\/v2\/types\/page"}],"author":[{"embeddable":true,"href":"https:\/\/www.chrisearley.com\/es\/wp-json\/wp\/v2\/users\/35"}],"replies":[{"embeddable":true,"href":"https:\/\/www.chrisearley.com\/es\/wp-json\/wp\/v2\/comments?post=12074"}],"version-history":[{"count":0,"href":"https:\/\/www.chrisearley.com\/es\/wp-json\/wp\/v2\/pages\/12074\/revisions"}],"up":[{"embeddable":true,"href":"https:\/\/www.chrisearley.com\/es\/wp-json\/wp\/v2\/pages\/12021"}],"wp:attachment":[{"href":"https:\/\/www.chrisearley.com\/es\/wp-json\/wp\/v2\/media?parent=12074"}],"curies":[{"name":"wp","href":"https:\/\/api.w.org\/{rel}","templated":true}]}}