{"id":11968,"date":"2024-06-15T14:52:50","date_gmt":"2024-06-15T14:52:50","guid":{"rendered":"https:\/\/www.chrisearley.com\/?page_id=11968"},"modified":"2024-07-04T07:47:12","modified_gmt":"2024-07-04T07:47:12","slug":"thanksgiving-2020-con-el-gbfb","status":"publish","type":"page","link":"https:\/\/www.chrisearley.com\/es\/servicio-comunitario\/thanksgiving-2020-con-el-gbfb\/","title":{"rendered":"Thanksgiving 2020 con el GBFB"},"content":{"rendered":"<h2>Oficina Legal de Christopher Earley Participan Como Voluntariados en The Greater Boston Food Bank!<\/h2>\n<p>Este a\u00f1o ha sido un desaf\u00edo para todos y nuestro equipo quiere asegurarse de que continuemos haciendo nuestra parte para retribuir a la comunidad. Uno de nuestros mayores desaf\u00edos comunitarios en este momento es la escasez de alimentos, y este problema est\u00e1 en todas partes.<\/p>\n<p>Para aquellos que no lo sepan, el Greater Boston Food Bank (GBFB) es la organizaci\u00f3n de alivio del hambre m\u00e1s grande de Nueva Inglaterra y uno de los bancos de alimentos m\u00e1s grandes del pa\u00eds. GBFB distribuye m\u00e1s de 36.7 millones de libras de alimentos y productos comestibles anualmente a 550 agencias miembros para el alivio del hambre, proporcionando comidas para hasta 545,000 personas al a\u00f1o.<\/p>\n<p>El viernes 13 de noviembre, nuestro equipo se ofreci\u00f3 como voluntario en el GBFB y empac\u00f3 288 cajas llenas de productos de la tienda de comestibles donados para la comunidad del Gran Boston. Fue un gran d\u00eda y nos hizo sentir orgullosos de hacer nuestra peque\u00f1a parte para ayudar a nuestra comunidad.<\/p>\n<p>A medida que el estado de esta emergencia de salud p\u00fablica cambia d\u00eda a d\u00eda, \u00a1hemos prometido seguir comprometidos con nuestros clientes y nuestra comunidad!<\/p>\n","protected":false},"excerpt":{"rendered":"<p>Oficina Legal de Christopher Earley Participan Como Voluntariados en The Greater Boston Food Bank! Este a\u00f1o ha sido un desaf\u00edo para todos y nuestro equipo quiere asegurarse de que continuemos haciendo nuestra parte para retribuir a la comunidad. Uno de nuestros mayores desaf\u00edos comunitarios en este momento es la escasez de alimentos, y este problema [&hellip;]<\/p>\n","protected":false},"author":35,"featured_media":0,"parent":11105,"menu_order":2,"comment_status":"closed","ping_status":"closed","template":"","meta":{"_acf_changed":false,"footnotes":""},"class_list":["post-11968","page","type-page","status-publish","hentry"],"acf":[],"yoast_head":"<!-- This site is optimized with the Yoast SEO plugin v27.2 - https:\/\/yoast.com\/product\/yoast-seo-wordpress\/ -->\n<title>Thanksgiving 2020 con el GBFB | Boston Abogado de Lesi\u00f3n Personal<\/title>\n<meta name=\"description\" content=\"Consulta Gratis - Ll\u00e1menos al 617-444-7777 - Earley Law Group Injury Lawyers ayuda a las v\u00edctimas y sus familias a recibir una compensaci\u00f3n por sus lesiones. Thanksgiving 2020 con el GBFB - Boston Abogado de Lesi\u00f3n Personal\" \/>\n<meta name=\"robots\" content=\"index, follow, max-snippet:-1, max-image-preview:large, max-video-preview:-1\" \/>\n<link rel=\"canonical\" href=\"https:\/\/www.chrisearley.com\/es\/servicio-comunitario\/thanksgiving-2020-con-el-gbfb\/\" \/>\n<meta property=\"og:locale\" content=\"es_ES\" \/>\n<meta property=\"og:type\" content=\"article\" \/>\n<meta property=\"og:title\" content=\"Thanksgiving 2020 con el GBFB | Boston Abogado de Lesi\u00f3n Personal\" \/>\n<meta property=\"og:description\" content=\"Consulta Gratis - Ll\u00e1menos al 617-444-7777 - Earley Law Group Injury Lawyers ayuda a las v\u00edctimas y sus familias a recibir una compensaci\u00f3n por sus lesiones. Thanksgiving 2020 con el GBFB - Boston Abogado de Lesi\u00f3n Personal\" \/>\n<meta property=\"og:url\" content=\"https:\/\/www.chrisearley.com\/es\/servicio-comunitario\/thanksgiving-2020-con-el-gbfb\/\" \/>\n<meta property=\"og:site_name\" content=\"Earley Law Group Injury Lawyers\" \/>\n<meta property=\"article:publisher\" content=\"https:\/\/www.facebook.com\/Law-Offices-of-Christopher-Earley-104980886333\/\" \/>\n<meta property=\"article:modified_time\" content=\"2024-07-04T07:47:12+00:00\" \/>\n<meta name=\"twitter:card\" content=\"summary_large_image\" \/>\n<meta name=\"twitter:site\" content=\"@chrisearleylaw\" \/>\n<meta name=\"twitter:label1\" content=\"Est. reading time\" \/>\n\t<meta name=\"twitter:data1\" content=\"1 minute\" \/>\n<script type=\"application\/ld+json\" class=\"yoast-schema-graph\">{\"@context\":\"https:\/\/schema.org\",\"@graph\":[{\"@type\":\"WebPage\",\"@id\":\"https:\/\/www.chrisearley.com\/es\/servicio-comunitario\/thanksgiving-2020-con-el-gbfb\/\",\"url\":\"https:\/\/www.chrisearley.com\/es\/servicio-comunitario\/thanksgiving-2020-con-el-gbfb\/\",\"name\":\"Thanksgiving 2020 con el GBFB | Boston Abogado de Lesi\u00f3n Personal\",\"isPartOf\":{\"@id\":\"https:\/\/www.chrisearley.com\/es\/#website\"},\"datePublished\":\"2024-06-15T14:52:50+00:00\",\"dateModified\":\"2024-07-04T07:47:12+00:00\",\"description\":\"Consulta Gratis - Ll\u00e1menos al 617-444-7777 - Earley Law Group Injury Lawyers ayuda a las v\u00edctimas y sus familias a recibir una compensaci\u00f3n por sus lesiones. Thanksgiving 2020 con el GBFB - Boston Abogado de Lesi\u00f3n Personal\",\"breadcrumb\":{\"@id\":\"https:\/\/www.chrisearley.com\/es\/servicio-comunitario\/thanksgiving-2020-con-el-gbfb\/#breadcrumb\"},\"inLanguage\":\"es-US\",\"potentialAction\":[{\"@type\":\"ReadAction\",\"target\":[\"https:\/\/www.chrisearley.com\/es\/servicio-comunitario\/thanksgiving-2020-con-el-gbfb\/\"]}]},{\"@type\":\"BreadcrumbList\",\"@id\":\"https:\/\/www.chrisearley.com\/es\/servicio-comunitario\/thanksgiving-2020-con-el-gbfb\/#breadcrumb\",\"itemListElement\":[{\"@type\":\"ListItem\",\"position\":1,\"name\":\"Home\",\"item\":\"https:\/\/www.chrisearley.com\/es\/\"},{\"@type\":\"ListItem\",\"position\":2,\"name\":\"Chris Earley Cares\",\"item\":\"https:\/\/www.chrisearley.com\/es\/servicio-comunitario\/\"},{\"@type\":\"ListItem\",\"position\":3,\"name\":\"Thanksgiving 2020 con el GBFB\"}]},{\"@type\":\"WebSite\",\"@id\":\"https:\/\/www.chrisearley.com\/es\/#website\",\"url\":\"https:\/\/www.chrisearley.com\/es\/\",\"name\":\"Earley Law Group Injury Lawyers\",\"description\":\"\",\"publisher\":{\"@id\":\"https:\/\/www.chrisearley.com\/es\/#organization\"},\"potentialAction\":[{\"@type\":\"SearchAction\",\"target\":{\"@type\":\"EntryPoint\",\"urlTemplate\":\"https:\/\/www.chrisearley.com\/es\/?s={search_term_string}\"},\"query-input\":{\"@type\":\"PropertyValueSpecification\",\"valueRequired\":true,\"valueName\":\"search_term_string\"}}],\"inLanguage\":\"es-US\"},{\"@type\":\"Organization\",\"@id\":\"https:\/\/www.chrisearley.com\/es\/#organization\",\"name\":\"Earley Law Group Injury Lawyers\",\"url\":\"https:\/\/www.chrisearley.com\/es\/\",\"logo\":{\"@type\":\"ImageObject\",\"inLanguage\":\"es-US\",\"@id\":\"https:\/\/www.chrisearley.com\/es\/#\/schema\/logo\/image\/\",\"url\":\"https:\/\/www.chrisearley.com\/wp-content\/uploads\/2024\/05\/logo.png\",\"contentUrl\":\"https:\/\/www.chrisearley.com\/wp-content\/uploads\/2024\/05\/logo.png\",\"width\":420,\"height\":79,\"caption\":\"Earley Law Group Injury Lawyers\"},\"image\":{\"@id\":\"https:\/\/www.chrisearley.com\/es\/#\/schema\/logo\/image\/\"},\"sameAs\":[\"https:\/\/www.facebook.com\/Law-Offices-of-Christopher-Earley-104980886333\/\",\"https:\/\/x.com\/chrisearleylaw\",\"https:\/\/www.youtube.com\/user\/ChrisEarleyLaw\",\"https:\/\/www.linkedin.com\/company\/earley-law-group-injury-lawyers\",\"https:\/\/www.instagram.com\/earleylawgroupinjurylawyers\/\"]}]}<\/script>\n<!-- \/ Yoast SEO plugin. -->","yoast_head_json":{"title":"Thanksgiving 2020 con el GBFB | Boston Abogado de Lesi\u00f3n Personal","description":"Consulta Gratis - Ll\u00e1menos al 617-444-7777 - Earley Law Group Injury Lawyers ayuda a las v\u00edctimas y sus familias a recibir una compensaci\u00f3n por sus lesiones. Thanksgiving 2020 con el GBFB - Boston Abogado de Lesi\u00f3n Personal","robots":{"index":"index","follow":"follow","max-snippet":"max-snippet:-1","max-image-preview":"max-image-preview:large","max-video-preview":"max-video-preview:-1"},"canonical":"https:\/\/www.chrisearley.com\/es\/servicio-comunitario\/thanksgiving-2020-con-el-gbfb\/","og_locale":"es_ES","og_type":"article","og_title":"Thanksgiving 2020 con el GBFB | Boston Abogado de Lesi\u00f3n Personal","og_description":"Consulta Gratis - Ll\u00e1menos al 617-444-7777 - Earley Law Group Injury Lawyers ayuda a las v\u00edctimas y sus familias a recibir una compensaci\u00f3n por sus lesiones. Thanksgiving 2020 con el GBFB - Boston Abogado de Lesi\u00f3n Personal","og_url":"https:\/\/www.chrisearley.com\/es\/servicio-comunitario\/thanksgiving-2020-con-el-gbfb\/","og_site_name":"Earley Law Group Injury Lawyers","article_publisher":"https:\/\/www.facebook.com\/Law-Offices-of-Christopher-Earley-104980886333\/","article_modified_time":"2024-07-04T07:47:12+00:00","twitter_card":"summary_large_image","twitter_site":"@chrisearleylaw","twitter_misc":{"Est. reading time":"1 minute"},"schema":{"@context":"https:\/\/schema.org","@graph":[{"@type":"WebPage","@id":"https:\/\/www.chrisearley.com\/es\/servicio-comunitario\/thanksgiving-2020-con-el-gbfb\/","url":"https:\/\/www.chrisearley.com\/es\/servicio-comunitario\/thanksgiving-2020-con-el-gbfb\/","name":"Thanksgiving 2020 con el GBFB | Boston Abogado de Lesi\u00f3n Personal","isPartOf":{"@id":"https:\/\/www.chrisearley.com\/es\/#website"},"datePublished":"2024-06-15T14:52:50+00:00","dateModified":"2024-07-04T07:47:12+00:00","description":"Consulta Gratis - Ll\u00e1menos al 617-444-7777 - Earley Law Group Injury Lawyers ayuda a las v\u00edctimas y sus familias a recibir una compensaci\u00f3n por sus lesiones. Thanksgiving 2020 con el GBFB - Boston Abogado de Lesi\u00f3n Personal","breadcrumb":{"@id":"https:\/\/www.chrisearley.com\/es\/servicio-comunitario\/thanksgiving-2020-con-el-gbfb\/#breadcrumb"},"inLanguage":"es-US","potentialAction":[{"@type":"ReadAction","target":["https:\/\/www.chrisearley.com\/es\/servicio-comunitario\/thanksgiving-2020-con-el-gbfb\/"]}]},{"@type":"BreadcrumbList","@id":"https:\/\/www.chrisearley.com\/es\/servicio-comunitario\/thanksgiving-2020-con-el-gbfb\/#breadcrumb","itemListElement":[{"@type":"ListItem","position":1,"name":"Home","item":"https:\/\/www.chrisearley.com\/es\/"},{"@type":"ListItem","position":2,"name":"Chris Earley Cares","item":"https:\/\/www.chrisearley.com\/es\/servicio-comunitario\/"},{"@type":"ListItem","position":3,"name":"Thanksgiving 2020 con el GBFB"}]},{"@type":"WebSite","@id":"https:\/\/www.chrisearley.com\/es\/#website","url":"https:\/\/www.chrisearley.com\/es\/","name":"Earley Law Group Injury Lawyers","description":"","publisher":{"@id":"https:\/\/www.chrisearley.com\/es\/#organization"},"potentialAction":[{"@type":"SearchAction","target":{"@type":"EntryPoint","urlTemplate":"https:\/\/www.chrisearley.com\/es\/?s={search_term_string}"},"query-input":{"@type":"PropertyValueSpecification","valueRequired":true,"valueName":"search_term_string"}}],"inLanguage":"es-US"},{"@type":"Organization","@id":"https:\/\/www.chrisearley.com\/es\/#organization","name":"Earley Law Group Injury Lawyers","url":"https:\/\/www.chrisearley.com\/es\/","logo":{"@type":"ImageObject","inLanguage":"es-US","@id":"https:\/\/www.chrisearley.com\/es\/#\/schema\/logo\/image\/","url":"https:\/\/www.chrisearley.com\/wp-content\/uploads\/2024\/05\/logo.png","contentUrl":"https:\/\/www.chrisearley.com\/wp-content\/uploads\/2024\/05\/logo.png","width":420,"height":79,"caption":"Earley Law Group Injury Lawyers"},"image":{"@id":"https:\/\/www.chrisearley.com\/es\/#\/schema\/logo\/image\/"},"sameAs":["https:\/\/www.facebook.com\/Law-Offices-of-Christopher-Earley-104980886333\/","https:\/\/x.com\/chrisearleylaw","https:\/\/www.youtube.com\/user\/ChrisEarleyLaw","https:\/\/www.linkedin.com\/company\/earley-law-group-injury-lawyers","https:\/\/www.instagram.com\/earleylawgroupinjurylawyers\/"]}]}},"_links":{"self":[{"href":"https:\/\/www.chrisearley.com\/es\/wp-json\/wp\/v2\/pages\/11968","targetHints":{"allow":["GET"]}}],"collection":[{"href":"https:\/\/www.chrisearley.com\/es\/wp-json\/wp\/v2\/pages"}],"about":[{"href":"https:\/\/www.chrisearley.com\/es\/wp-json\/wp\/v2\/types\/page"}],"author":[{"embeddable":true,"href":"https:\/\/www.chrisearley.com\/es\/wp-json\/wp\/v2\/users\/35"}],"replies":[{"embeddable":true,"href":"https:\/\/www.chrisearley.com\/es\/wp-json\/wp\/v2\/comments?post=11968"}],"version-history":[{"count":0,"href":"https:\/\/www.chrisearley.com\/es\/wp-json\/wp\/v2\/pages\/11968\/revisions"}],"up":[{"embeddable":true,"href":"https:\/\/www.chrisearley.com\/es\/wp-json\/wp\/v2\/pages\/11105"}],"wp:attachment":[{"href":"https:\/\/www.chrisearley.com\/es\/wp-json\/wp\/v2\/media?parent=11968"}],"curies":[{"name":"wp","href":"https:\/\/api.w.org\/{rel}","templated":true}]}}