{"id":11921,"date":"2024-06-26T06:50:14","date_gmt":"2024-06-26T06:50:14","guid":{"rendered":"https:\/\/www.chrisearley.com\/?page_id=11921"},"modified":"2024-07-04T07:33:24","modified_gmt":"2024-07-04T07:33:24","slug":"dirija-sus-clientes-de-lesiones-personales-hacia-nosotros","status":"publish","type":"page","link":"https:\/\/www.chrisearley.com\/es\/sobre-nosotros\/dirija-sus-clientes-de-lesiones-personales-hacia-nosotros\/","title":{"rendered":"Dirija Sus Clientes de Lesiones Personales Hacia Nosotros"},"content":{"rendered":"<p>Si tiene un cliente de lesiones personales para referir, debe asegurarse de que est\u00e9 en las mejores manos posibles. Lo entendemos. Estas son solo algunas de las formas en que nos diferenciamos de todos los dem\u00e1s bufetes de abogados de lesiones personales que existen:<\/p>\n<h2>Nuestro Objetivo Ante Todo es Convertirlo en un\u00a0H\u00c9ROE\u00a0Para el Cliente<\/h2>\n<p>Al referirnos un caso, entendemos la confianza que est\u00e1 depositando en nosotros. Trabajamos incansablemente para asegurarnos de que el cliente que refiera tenga una experiencia altamente satisfactoria en nuestra firma. De esa manera, el cliente lo ver\u00e1 con gratitud y aprecio por ayudarlo al hacernos la referencia.<\/p>\n<h2>Tarifas Generosas por Recomendaci\u00f3n<\/h2>\n<p>Pagamos a los abogados con licencia los honorarios de referencia en estricto cumplimiento de las Reglas de conducta profesional de Massachusetts. Pagamos m\u00e1s de una tarifa est\u00e1ndar de 1\/3 a los abogados que nos refieren casos con regularidad. De esta manera, puede obtener una tarifa de referencia potencial considerable, simplemente refiri\u00e9ndonos un caso. No ser\u00e1 necesario ning\u00fan otro trabajo adicional.<\/p>\n<h2>Actualizaciones Peri\u00f3dicas Para Usted<\/h2>\n<p>Contamos con un sistema para actualizar a los abogados referentes con el estado del caso. Sabemos que remitimos un caso a un abogado, agradecemos estar actualizados. Es por eso que creamos este sistema de actualizaciones de casos regulares y consistentes de 3 meses para nuestros abogados remitentes. Esta es su referencia y desea saber qu\u00e9 est\u00e1 pasando con el caso y lo entendemos. Por supuesto, a veces es posible que no tengamos nuevas actualizaciones en un momento en particular, pero a\u00fan as\u00ed lo actualizaremos independientemente.<\/p>\n<h2>Prueba Social<\/h2>\n<p>No conf\u00ede en nuestra palabra. Solo lea las rese\u00f1as que tenemos. De hecho, tenemos casi 300 rese\u00f1as de 5 estrellas en Google de las que estamos muy orgullosos. Nuestras revisiones de clientes anteriores hablan del nivel de servicio y compromiso que hacemos con todos y cada uno de los clientes que representamos. Esta prueba social es un subproducto directo de nuestra incansable dedicaci\u00f3n a mejorar siempre el servicio al cliente brindado a todos y cada uno de los clientes.<\/p>\n<h2>Servicio al Cliente Incomparable<\/h2>\n<p>Demasiados bufetes de abogados no brindan una experiencia de cliente WOW. En nuestra oficina, tenemos un letrero en nuestra \u00e1rea de recepci\u00f3n que dice &#8220;Excelente servicio al cliente todos los d\u00edas&#8221;. Para nosotros, la experiencia del cliente es realmente nuestro principal objetivo. Hacemos esto a trav\u00e9s de una secuencia bien estructurada desde el principio hasta el final del caso de un cliente. Siempre hacemos un esfuerzo adicional y a nuestros clientes les encanta. Perm\u00edtanos mostrarle a su cliente las cosas especiales que hacemos que otros bufetes de abogados no pueden igualar. Para nosotros, el servicio al cliente de 5 estrellas es nuestro objetivo.<\/p>\n<p>Comprometidos con su \u00e9xito,<br \/>\nChristopher Earley<\/p>\n<h2>Testimonio de un Abogado de Massachusetts<\/h2>\n<p>\u201cEl abogado Chris Earley es un colega m\u00edo que es mi abogado de referencia para casos de lesiones personales y casos relacionados. Tiene un gran conocimiento y experiencia en su industria, y es muy f\u00e1cil hablar con \u00e9l. Conoc\u00ed a Chris cuando estaba comenzando mi propia pr\u00e1ctica. Acud\u00ed a \u00e9l para pedirle su asesoramiento profesional, no solo como abogado, sino tambi\u00e9n como profesional de los negocios. Desde esa primera conversaci\u00f3n, Chris se ha convertido en una persona en la que conf\u00edo no solo para las referencias de los clientes, sino tambi\u00e9n para mis propios amigos y familiares. Recomiendo inequ\u00edvocamente a Chris Earley como abogado, pero lo m\u00e1s importante, como ser humano &#8220;.<br \/>\n&#8211; Julie Tolek, Esq.<\/p>\n\n\t\t\t\t\n\t\t\t\t\t<div itemtype=\"https:\/\/schema.org\/VideoObject\" itemscope=\"\" id=\"video_play-4260\" class=\" vid-aligncenter\" style=\"display:block\">\n\t\t\t\t\t\t<meta itemprop=\"name\" content=\"Law Office of Christopher Earley \/ Testimonials\" \/>\n\t\t\t\t\t\t<meta itemprop=\"thumbnailURL\" content=\"https:\/\/i.ytimg.com\/vi\/HqxtM98j1mY\/hqdefault.jpg\" \/>\n\t\t\t\t\t\t<meta itemprop=\"uploadDate\" content=\"26 06, 2024\">\n\t\t\t\t\t\t\t\t\t\t\t\t\t<meta itemprop=\"embedURL\" content=\"https:\/\/www.youtube.com\/watch?v=HqxtM98j1mY\" \/>\n\t\t\t\t\t\t\t<iframe loading=\"lazy\" class=\"cw_video_single\" src=\"https:\/\/www.youtube.com\/embed\/HqxtM98j1mY?rel=0&amp;showinfo=1&amp;autoplay=0\" allowfullscreen=\"allowfullscreen\" width=\"100%\" height=\"480px\" ><\/iframe>\n\t\t\t\t\t\t\n\t\t\t\t\t\t\n\t\t\t\t\t\t\t\t\t\t\t\t\t\t\t<meta itemprop=\"description\" content=\"We are good at what we do. But don\u2019t just take our word for it. See what other lawyers say about us.\" \/>\n\t\t\t\t\t\t\t\n\t\t\t\t\t\t\n\t\t\t\t\t<\/div>\n\n\t\t\t\t\n\n\n\n\t\t\t\n\t\t\t\t\n","protected":false},"excerpt":{"rendered":"<p>Si tiene un cliente de lesiones personales para referir, debe asegurarse de que est\u00e9 en las mejores manos posibles. Lo entendemos. Estas son solo algunas de las formas en que nos diferenciamos de todos los dem\u00e1s bufetes de abogados de lesiones personales que existen: Nuestro Objetivo Ante Todo es Convertirlo en un\u00a0H\u00c9ROE\u00a0Para el Cliente Al [&hellip;]<\/p>\n","protected":false},"author":35,"featured_media":0,"parent":9099,"menu_order":4,"comment_status":"closed","ping_status":"closed","template":"","meta":{"_acf_changed":false,"footnotes":""},"class_list":["post-11921","page","type-page","status-publish","hentry"],"acf":[],"yoast_head":"<!-- This site is optimized with the Yoast SEO plugin v27.5 - https:\/\/yoast.com\/product\/yoast-seo-wordpress\/ -->\n<title>Dirija Sus Clientes de Lesiones Personales Hacia Nosotros | Boston Abogado de Lesi\u00f3n Personal<\/title>\n<meta name=\"description\" content=\"Consulta Gratis - Ll\u00e1menos al 617-444-7777 - Earley Law Group Injury Lawyers ayuda a las v\u00edctimas y sus familias a recibir una compensaci\u00f3n por sus lesiones. Dirija Sus Clientes de Lesiones Personales Hacia Nosotros - Boston Abogado de Lesi\u00f3n Personal\" \/>\n<meta name=\"robots\" content=\"index, follow, max-snippet:-1, max-image-preview:large, max-video-preview:-1\" \/>\n<link rel=\"canonical\" href=\"https:\/\/www.chrisearley.com\/es\/sobre-nosotros\/dirija-sus-clientes-de-lesiones-personales-hacia-nosotros\/\" \/>\n<meta property=\"og:locale\" content=\"es_ES\" \/>\n<meta property=\"og:type\" content=\"article\" \/>\n<meta property=\"og:title\" content=\"Dirija Sus Clientes de Lesiones Personales Hacia Nosotros | Boston Abogado de Lesi\u00f3n Personal\" \/>\n<meta property=\"og:description\" content=\"Consulta Gratis - Ll\u00e1menos al 617-444-7777 - Earley Law Group Injury Lawyers ayuda a las v\u00edctimas y sus familias a recibir una compensaci\u00f3n por sus lesiones. Dirija Sus Clientes de Lesiones Personales Hacia Nosotros - Boston Abogado de Lesi\u00f3n Personal\" \/>\n<meta property=\"og:url\" content=\"https:\/\/www.chrisearley.com\/es\/sobre-nosotros\/dirija-sus-clientes-de-lesiones-personales-hacia-nosotros\/\" \/>\n<meta property=\"og:site_name\" content=\"Earley Law Group Injury Lawyers\" \/>\n<meta property=\"article:publisher\" content=\"https:\/\/www.facebook.com\/Law-Offices-of-Christopher-Earley-104980886333\/\" \/>\n<meta property=\"article:modified_time\" content=\"2024-07-04T07:33:24+00:00\" \/>\n<meta name=\"twitter:card\" content=\"summary_large_image\" \/>\n<meta name=\"twitter:site\" content=\"@chrisearleylaw\" \/>\n<meta name=\"twitter:label1\" content=\"Est. reading time\" \/>\n\t<meta name=\"twitter:data1\" content=\"3 minutes\" \/>\n<script type=\"application\/ld+json\" class=\"yoast-schema-graph\">{\"@context\":\"https:\\\/\\\/schema.org\",\"@graph\":[{\"@type\":\"WebPage\",\"@id\":\"https:\\\/\\\/www.chrisearley.com\\\/es\\\/sobre-nosotros\\\/dirija-sus-clientes-de-lesiones-personales-hacia-nosotros\\\/\",\"url\":\"https:\\\/\\\/www.chrisearley.com\\\/es\\\/sobre-nosotros\\\/dirija-sus-clientes-de-lesiones-personales-hacia-nosotros\\\/\",\"name\":\"Dirija Sus Clientes de Lesiones Personales Hacia Nosotros | Boston Abogado de Lesi\u00f3n Personal\",\"isPartOf\":{\"@id\":\"https:\\\/\\\/www.chrisearley.com\\\/es\\\/#website\"},\"datePublished\":\"2024-06-26T06:50:14+00:00\",\"dateModified\":\"2024-07-04T07:33:24+00:00\",\"description\":\"Consulta Gratis - Ll\u00e1menos al 617-444-7777 - Earley Law Group Injury Lawyers ayuda a las v\u00edctimas y sus familias a recibir una compensaci\u00f3n por sus lesiones. Dirija Sus Clientes de Lesiones Personales Hacia Nosotros - Boston Abogado de Lesi\u00f3n Personal\",\"breadcrumb\":{\"@id\":\"https:\\\/\\\/www.chrisearley.com\\\/es\\\/sobre-nosotros\\\/dirija-sus-clientes-de-lesiones-personales-hacia-nosotros\\\/#breadcrumb\"},\"inLanguage\":\"es-US\",\"potentialAction\":[{\"@type\":\"ReadAction\",\"target\":[\"https:\\\/\\\/www.chrisearley.com\\\/es\\\/sobre-nosotros\\\/dirija-sus-clientes-de-lesiones-personales-hacia-nosotros\\\/\"]}]},{\"@type\":\"BreadcrumbList\",\"@id\":\"https:\\\/\\\/www.chrisearley.com\\\/es\\\/sobre-nosotros\\\/dirija-sus-clientes-de-lesiones-personales-hacia-nosotros\\\/#breadcrumb\",\"itemListElement\":[{\"@type\":\"ListItem\",\"position\":1,\"name\":\"Home\",\"item\":\"https:\\\/\\\/www.chrisearley.com\\\/es\\\/\"},{\"@type\":\"ListItem\",\"position\":2,\"name\":\"Sobre Nosotros\",\"item\":\"https:\\\/\\\/www.chrisearley.com\\\/es\\\/sobre-nosotros\\\/\"},{\"@type\":\"ListItem\",\"position\":3,\"name\":\"Dirija Sus Clientes de Lesiones Personales Hacia Nosotros\"}]},{\"@type\":\"WebSite\",\"@id\":\"https:\\\/\\\/www.chrisearley.com\\\/es\\\/#website\",\"url\":\"https:\\\/\\\/www.chrisearley.com\\\/es\\\/\",\"name\":\"Earley Law Group Injury Lawyers\",\"description\":\"\",\"publisher\":{\"@id\":\"https:\\\/\\\/www.chrisearley.com\\\/es\\\/#organization\"},\"potentialAction\":[{\"@type\":\"SearchAction\",\"target\":{\"@type\":\"EntryPoint\",\"urlTemplate\":\"https:\\\/\\\/www.chrisearley.com\\\/es\\\/?s={search_term_string}\"},\"query-input\":{\"@type\":\"PropertyValueSpecification\",\"valueRequired\":true,\"valueName\":\"search_term_string\"}}],\"inLanguage\":\"es-US\"},{\"@type\":\"Organization\",\"@id\":\"https:\\\/\\\/www.chrisearley.com\\\/es\\\/#organization\",\"name\":\"Earley Law Group Injury Lawyers\",\"url\":\"https:\\\/\\\/www.chrisearley.com\\\/es\\\/\",\"logo\":{\"@type\":\"ImageObject\",\"inLanguage\":\"es-US\",\"@id\":\"https:\\\/\\\/www.chrisearley.com\\\/es\\\/#\\\/schema\\\/logo\\\/image\\\/\",\"url\":\"https:\\\/\\\/www.chrisearley.com\\\/wp-content\\\/uploads\\\/2024\\\/05\\\/logo.png\",\"contentUrl\":\"https:\\\/\\\/www.chrisearley.com\\\/wp-content\\\/uploads\\\/2024\\\/05\\\/logo.png\",\"width\":420,\"height\":79,\"caption\":\"Earley Law Group Injury Lawyers\"},\"image\":{\"@id\":\"https:\\\/\\\/www.chrisearley.com\\\/es\\\/#\\\/schema\\\/logo\\\/image\\\/\"},\"sameAs\":[\"https:\\\/\\\/www.facebook.com\\\/Law-Offices-of-Christopher-Earley-104980886333\\\/\",\"https:\\\/\\\/x.com\\\/chrisearleylaw\",\"https:\\\/\\\/www.youtube.com\\\/user\\\/ChrisEarleyLaw\",\"https:\\\/\\\/www.linkedin.com\\\/company\\\/earley-law-group-injury-lawyers\",\"https:\\\/\\\/www.instagram.com\\\/earleylawgroupinjurylawyers\\\/\"]}]}<\/script>\n<!-- \/ Yoast SEO plugin. -->","yoast_head_json":{"title":"Dirija Sus Clientes de Lesiones Personales Hacia Nosotros | Boston Abogado de Lesi\u00f3n Personal","description":"Consulta Gratis - Ll\u00e1menos al 617-444-7777 - Earley Law Group Injury Lawyers ayuda a las v\u00edctimas y sus familias a recibir una compensaci\u00f3n por sus lesiones. Dirija Sus Clientes de Lesiones Personales Hacia Nosotros - Boston Abogado de Lesi\u00f3n Personal","robots":{"index":"index","follow":"follow","max-snippet":"max-snippet:-1","max-image-preview":"max-image-preview:large","max-video-preview":"max-video-preview:-1"},"canonical":"https:\/\/www.chrisearley.com\/es\/sobre-nosotros\/dirija-sus-clientes-de-lesiones-personales-hacia-nosotros\/","og_locale":"es_ES","og_type":"article","og_title":"Dirija Sus Clientes de Lesiones Personales Hacia Nosotros | Boston Abogado de Lesi\u00f3n Personal","og_description":"Consulta Gratis - Ll\u00e1menos al 617-444-7777 - Earley Law Group Injury Lawyers ayuda a las v\u00edctimas y sus familias a recibir una compensaci\u00f3n por sus lesiones. Dirija Sus Clientes de Lesiones Personales Hacia Nosotros - Boston Abogado de Lesi\u00f3n Personal","og_url":"https:\/\/www.chrisearley.com\/es\/sobre-nosotros\/dirija-sus-clientes-de-lesiones-personales-hacia-nosotros\/","og_site_name":"Earley Law Group Injury Lawyers","article_publisher":"https:\/\/www.facebook.com\/Law-Offices-of-Christopher-Earley-104980886333\/","article_modified_time":"2024-07-04T07:33:24+00:00","twitter_card":"summary_large_image","twitter_site":"@chrisearleylaw","twitter_misc":{"Est. reading time":"3 minutes"},"schema":{"@context":"https:\/\/schema.org","@graph":[{"@type":"WebPage","@id":"https:\/\/www.chrisearley.com\/es\/sobre-nosotros\/dirija-sus-clientes-de-lesiones-personales-hacia-nosotros\/","url":"https:\/\/www.chrisearley.com\/es\/sobre-nosotros\/dirija-sus-clientes-de-lesiones-personales-hacia-nosotros\/","name":"Dirija Sus Clientes de Lesiones Personales Hacia Nosotros | Boston Abogado de Lesi\u00f3n Personal","isPartOf":{"@id":"https:\/\/www.chrisearley.com\/es\/#website"},"datePublished":"2024-06-26T06:50:14+00:00","dateModified":"2024-07-04T07:33:24+00:00","description":"Consulta Gratis - Ll\u00e1menos al 617-444-7777 - Earley Law Group Injury Lawyers ayuda a las v\u00edctimas y sus familias a recibir una compensaci\u00f3n por sus lesiones. Dirija Sus Clientes de Lesiones Personales Hacia Nosotros - Boston Abogado de Lesi\u00f3n Personal","breadcrumb":{"@id":"https:\/\/www.chrisearley.com\/es\/sobre-nosotros\/dirija-sus-clientes-de-lesiones-personales-hacia-nosotros\/#breadcrumb"},"inLanguage":"es-US","potentialAction":[{"@type":"ReadAction","target":["https:\/\/www.chrisearley.com\/es\/sobre-nosotros\/dirija-sus-clientes-de-lesiones-personales-hacia-nosotros\/"]}]},{"@type":"BreadcrumbList","@id":"https:\/\/www.chrisearley.com\/es\/sobre-nosotros\/dirija-sus-clientes-de-lesiones-personales-hacia-nosotros\/#breadcrumb","itemListElement":[{"@type":"ListItem","position":1,"name":"Home","item":"https:\/\/www.chrisearley.com\/es\/"},{"@type":"ListItem","position":2,"name":"Sobre Nosotros","item":"https:\/\/www.chrisearley.com\/es\/sobre-nosotros\/"},{"@type":"ListItem","position":3,"name":"Dirija Sus Clientes de Lesiones Personales Hacia Nosotros"}]},{"@type":"WebSite","@id":"https:\/\/www.chrisearley.com\/es\/#website","url":"https:\/\/www.chrisearley.com\/es\/","name":"Earley Law Group Injury Lawyers","description":"","publisher":{"@id":"https:\/\/www.chrisearley.com\/es\/#organization"},"potentialAction":[{"@type":"SearchAction","target":{"@type":"EntryPoint","urlTemplate":"https:\/\/www.chrisearley.com\/es\/?s={search_term_string}"},"query-input":{"@type":"PropertyValueSpecification","valueRequired":true,"valueName":"search_term_string"}}],"inLanguage":"es-US"},{"@type":"Organization","@id":"https:\/\/www.chrisearley.com\/es\/#organization","name":"Earley Law Group Injury Lawyers","url":"https:\/\/www.chrisearley.com\/es\/","logo":{"@type":"ImageObject","inLanguage":"es-US","@id":"https:\/\/www.chrisearley.com\/es\/#\/schema\/logo\/image\/","url":"https:\/\/www.chrisearley.com\/wp-content\/uploads\/2024\/05\/logo.png","contentUrl":"https:\/\/www.chrisearley.com\/wp-content\/uploads\/2024\/05\/logo.png","width":420,"height":79,"caption":"Earley Law Group Injury Lawyers"},"image":{"@id":"https:\/\/www.chrisearley.com\/es\/#\/schema\/logo\/image\/"},"sameAs":["https:\/\/www.facebook.com\/Law-Offices-of-Christopher-Earley-104980886333\/","https:\/\/x.com\/chrisearleylaw","https:\/\/www.youtube.com\/user\/ChrisEarleyLaw","https:\/\/www.linkedin.com\/company\/earley-law-group-injury-lawyers","https:\/\/www.instagram.com\/earleylawgroupinjurylawyers\/"]}]}},"_links":{"self":[{"href":"https:\/\/www.chrisearley.com\/es\/wp-json\/wp\/v2\/pages\/11921","targetHints":{"allow":["GET"]}}],"collection":[{"href":"https:\/\/www.chrisearley.com\/es\/wp-json\/wp\/v2\/pages"}],"about":[{"href":"https:\/\/www.chrisearley.com\/es\/wp-json\/wp\/v2\/types\/page"}],"author":[{"embeddable":true,"href":"https:\/\/www.chrisearley.com\/es\/wp-json\/wp\/v2\/users\/35"}],"replies":[{"embeddable":true,"href":"https:\/\/www.chrisearley.com\/es\/wp-json\/wp\/v2\/comments?post=11921"}],"version-history":[{"count":0,"href":"https:\/\/www.chrisearley.com\/es\/wp-json\/wp\/v2\/pages\/11921\/revisions"}],"up":[{"embeddable":true,"href":"https:\/\/www.chrisearley.com\/es\/wp-json\/wp\/v2\/pages\/9099"}],"wp:attachment":[{"href":"https:\/\/www.chrisearley.com\/es\/wp-json\/wp\/v2\/media?parent=11921"}],"curies":[{"name":"wp","href":"https:\/\/api.w.org\/{rel}","templated":true}]}}