{"id":11278,"date":"2024-02-19T09:04:26","date_gmt":"2024-02-19T09:04:26","guid":{"rendered":"https:\/\/www.chrisearley.com\/?page_id=11278"},"modified":"2024-07-04T07:47:30","modified_gmt":"2024-07-04T07:47:30","slug":"privacy-policy","status":"publish","type":"page","link":"https:\/\/www.chrisearley.com\/es\/privacy-policy\/","title":{"rendered":"Pol\u00edticas de Privacidad"},"content":{"rendered":"<p><em>Entrada en Vigencia: Mayo 14, 2021<\/em><\/p>\n<p>Comprendemos la importancia de su privacidad y nos esforzamos por tomar todas las medidas razonables para ser transparentes con respecto a la informaci\u00f3n que recopilamos acerca de usted y para salvaguardar esa informaci\u00f3n contra intrusi\u00f3n o uso indebido. Excepto cuando lo requiera un Tribunal u otra instancia legal, no re-distribuiremos o venderemos informaci\u00f3n personal recopilada en nuestros servidores web.<\/p>\n<p>Esta pol\u00edtica de privacidad detalla las formas en las que recopilamos informaci\u00f3n sobre usted, qu\u00e9 informaci\u00f3n recopilamos, y qu\u00e9 hacemos con esa informaci\u00f3n. Siempre puede visitar esta p\u00e1gina para la versi\u00f3n m\u00e1s actualizada de esta pol\u00edtica de privacidad.<\/p>\n<h2>Recolecci\u00f3n y Uso de la Informaci\u00f3n<\/h2>\n<p>Recopilamos dos tipos de informaci\u00f3n de nuestros visitantes: informaci\u00f3n an\u00f3nima e informaci\u00f3n personal.<\/p>\n<h3>Informaci\u00f3n An\u00f3nima<\/h3>\n<p>No es necesario que proporcione informaci\u00f3n personal para utilizar muchas de las funciones de este sitio web. Sin embargo, su navegador web o aplicaci\u00f3n puede proporcionar autom\u00e1ticamente cierta informaci\u00f3n sobre usted (&#8220;informaci\u00f3n an\u00f3nima&#8221;), como su direcci\u00f3n IP, que puede incluir su ubicaci\u00f3n geogr\u00e1fica; detalles sobre el software del navegador, el sistema operativo, y el dispositivo; fechas y horarios de acceso; y URLs de referencia y de salida.<\/p>\n<p>Utilizamos esta informaci\u00f3n, tanto de manera individual como en conjunto, para ayudarnos a comprender c\u00f3mo los visitantes usan nuestro sitio y para mejorar nuestro contenido y su experiencia al visitar nuestro sitio. Podemos retener este tipo de informaci\u00f3n indefinidamente, o en la medida permitida por la ley.<\/p>\n<h3>Informaci\u00f3n Personal<\/h3>\n<p>Nuestro sitio web contiene ciertas funcionalidades, como los formularios de contacto, en los que tiene la opci\u00f3n de afirmativamente brindar informaci\u00f3n sobre usted (&#8220;informaci\u00f3n personal&#8221;). Se le puede solicitar que proporcione informaci\u00f3n personal, incluidos su nombre, direcci\u00f3n, direcci\u00f3n de correo electr\u00f3nico, y n\u00famero (s) de tel\u00e9fono. No tiene la obligaci\u00f3n de utilizar estas funcionalidades de nuestro sitio web. Si elige proporcionarnos informaci\u00f3n personal mediante el env\u00edo de un formulario de contacto en este sitio web, podemos utilizar esa informaci\u00f3n para comunicarnos con usted y mejorar las comunicaciones subsecuentes con usted, en caso de que las haya. Tambi\u00e9n podemos usar su informaci\u00f3n personal presentada voluntariamente para mantenerlo informado de las noticias y eventos de la firma de abogados, pero solamente si se le brinda la oportunidad de no optar por este tipo de uso (consulte la secci\u00f3n Eliminaci\u00f3n de Informaci\u00f3n y Exclusi\u00f3n, debajo). Solicitaremos su consentimiento afirmativo antes de utilizar su informaci\u00f3n personal para cualquier otro fin que no sean los descritos en esta pol\u00edtica.<\/p>\n<p>La informaci\u00f3n transmitida en Internet, incluso a trav\u00e9s de los formularios de contacto en nuestro sitio web, no es segura y no debe considerarse confidencial. El env\u00edo de un formulario en nuestro sitio web no constituye una comunicaci\u00f3n abogado-cliente y no crea una relaci\u00f3n abogado-cliente.<\/p>\n<p>Nuestro sitio web tambi\u00e9n puede proporcionar una funci\u00f3n de &#8220;Chat en Vivo&#8221; de terceros, con la que puede decidir proporcionar informaci\u00f3n personal a la firma. La informaci\u00f3n proporcionada en la funci\u00f3n de Chat en Vivo no es confidencial, y su uso del Chat en Vivo no constituye una comunicaci\u00f3n abogado-cliente y no crea una relaci\u00f3n abogado-cliente. Si elige proporcionarnos informaci\u00f3n personal mediante el uso de la funci\u00f3n de Chat en Vivo, podemos utilizar esa informaci\u00f3n para comunicarnos con usted y mejorar las comunicaciones subsecuentes con usted, en caso de que las haya.<\/p>\n<p>El proveedor de Chat en Vivo de terceros tiene su propia pol\u00edtica de privacidad, que recomendamos que revise. No somos responsables de las pol\u00edticas de privacidad de terceros, incluido el proveedor de Chat en Vivo.<\/p>\n<p>No divulgue informaci\u00f3n confidencial, catalogada o no como personal o sensible incluida cualquier informaci\u00f3n que pueda exponerlo a responsabilidad civil o penal, a trav\u00e9s de los formularios de contacto o el Chat en Vivo en este sitio web.<\/p>\n<p>Podemos retener informaci\u00f3n recopilada de los formularios de contacto y Chat en Vivo de forma indefinida, o en la medida permitida por la ley.<\/p>\n<h2>Uso de Cookies<\/h2>\n<p>Utilizamos &#8220;cookies&#8221; (peque\u00f1os archivos de datos) para mejorar la funcionalidad de nuestro sitio web y la experiencia de nuestros visitantes. Estas cookies no lo identifican personalmente ni nos dan acceso a su computadora. Puede deshabilitar las cookies en la configuraci\u00f3n de su navegador o aplicaci\u00f3n, pero el hacerlo puede resultar en la reducci\u00f3n de la funcionalidad del sitio web. Al visitar nuestro sitio web y no deshabilitar las cookies, usted acepta el uso de cookies para los fines descritos en esta pol\u00edtica.<\/p>\n<p>Utilizamos un proveedor anal\u00edtico de terceros (Google Analytics) para ayudarnos a comprender c\u00f3mo los visitantes usan nuestro sitio. Google Analytics utiliza cookies para recopilar informaci\u00f3n sobre nuestros visitantes, pero no recibe informaci\u00f3n de identificaci\u00f3n personal a trav\u00e9s de estas cookies y tiene prohibido combinar, emparejar, o hacer referencias cruzadas de nuestro sitio con otra informaci\u00f3n. Puede revisar la pol\u00edtica de privacidad de Google Analytics para obtener informaci\u00f3n adicional.<\/p>\n<p>Nuestro sitio web tambi\u00e9n puede usar el servicio de &#8220;remarketing&#8221; de Google AdWords para publicar anuncios en sitios web de terceros (incluido Google) a los visitantes que anteriormente hayan visitado nuestro sitio. Este servicio tambi\u00e9n utiliza cookies, y cualquier informaci\u00f3n recopilada estar\u00e1n en conformidad con esta pol\u00edtica de privacidad y la pol\u00edtica de privacidad de Google.<\/p>\n<h2>Distribuci\u00f3n de la Informaci\u00f3n Recopilada<\/h2>\n<p>No divulgaremos sin su consentimiento, la informaci\u00f3n personal recopilada sobre usted, a menos que as\u00ed lo requiera la ley. En ciertas circunstancias limitadas, y de conformidad con las leyes aplicables, podemos compartir informaci\u00f3n personal con las autoridades gubernamentales, judiciales, administrativas u otras personas seg\u00fan sea necesario para proteger a la firma o a ciertos terceros; o seg\u00fan sea requerido para cumplir con la ley aplicable o el proceso legal. No distribuiremos ni venderemos informaci\u00f3n personal a organizaciones de terceros.<\/p>\n<h2>Solicitudes de No Rastrear<\/h2>\n<p>No respondemos ni tomamos medida alguna con respecto a las solicitudes de &#8220;No rastrear.&#8221;<\/p>\n<h2>Terceros y Enlaces Externos<\/h2>\n<p>Algunas p\u00e1ginas de nuestro sitio web pueden contener hiperv\u00ednculos a sitios web de terceros. No nos hacemos responsables del contenido o sitios web de terceros, ni de la informaci\u00f3n que usted divulgue a terceros al visitar sus sitios web.<\/p>\n<h2>Eliminaci\u00f3n de Informaci\u00f3n y Exclusi\u00f3n<\/h2>\n<p>Los usuarios que deseen eliminar sus datos personales podr\u00e1n responder a cualquier comunicaci\u00f3n de marketing con la l\u00ednea de asunto \u201cdarse de baja\u201d.<\/p>\n","protected":false},"excerpt":{"rendered":"<p>Entrada en Vigencia: Mayo 14, 2021 Comprendemos la importancia de su privacidad y nos esforzamos por tomar todas las medidas razonables para ser transparentes con respecto a la informaci\u00f3n que recopilamos acerca de usted y para salvaguardar esa informaci\u00f3n contra intrusi\u00f3n o uso indebido. Excepto cuando lo requiera un Tribunal u otra instancia legal, no [&hellip;]<\/p>\n","protected":false},"author":35,"featured_media":0,"parent":0,"menu_order":675,"comment_status":"closed","ping_status":"closed","template":"","meta":{"_acf_changed":false,"footnotes":""},"class_list":["post-11278","page","type-page","status-publish","hentry"],"acf":[],"yoast_head":"<!-- This site is optimized with the Yoast SEO plugin v27.5 - https:\/\/yoast.com\/product\/yoast-seo-wordpress\/ -->\n<title>Pol\u00edticas de Privacidad | Boston Abogado de Compensaci\u00f3n al Trabajador<\/title>\n<meta name=\"description\" content=\"Consulta Gratis - Ll\u00e1menos al 617-444-7777 - Earley Law Group Injury Lawyers ayuda a las v\u00edctimas y sus familias a recibir una compensaci\u00f3n por sus lesiones. Pol\u00edticas de Privacidad - Boston Abogado de Compensaci\u00f3n al Trabajador\" \/>\n<meta name=\"robots\" content=\"index, follow, max-snippet:-1, max-image-preview:large, max-video-preview:-1\" \/>\n<link rel=\"canonical\" href=\"https:\/\/www.chrisearley.com\/es\/privacy-policy\/\" \/>\n<meta property=\"og:locale\" content=\"es_ES\" \/>\n<meta property=\"og:type\" content=\"article\" \/>\n<meta property=\"og:title\" content=\"Pol\u00edticas de Privacidad | Boston Abogado de Compensaci\u00f3n al Trabajador\" \/>\n<meta property=\"og:description\" content=\"Consulta Gratis - Ll\u00e1menos al 617-444-7777 - Earley Law Group Injury Lawyers ayuda a las v\u00edctimas y sus familias a recibir una compensaci\u00f3n por sus lesiones. Pol\u00edticas de Privacidad - Boston Abogado de Compensaci\u00f3n al Trabajador\" \/>\n<meta property=\"og:url\" content=\"https:\/\/www.chrisearley.com\/es\/privacy-policy\/\" \/>\n<meta property=\"og:site_name\" content=\"Earley Law Group Injury Lawyers\" \/>\n<meta property=\"article:publisher\" content=\"https:\/\/www.facebook.com\/Law-Offices-of-Christopher-Earley-104980886333\/\" \/>\n<meta property=\"article:modified_time\" content=\"2024-07-04T07:47:30+00:00\" \/>\n<meta name=\"twitter:card\" content=\"summary_large_image\" \/>\n<meta name=\"twitter:site\" content=\"@chrisearleylaw\" \/>\n<meta name=\"twitter:label1\" content=\"Est. reading time\" \/>\n\t<meta name=\"twitter:data1\" content=\"5 minutes\" \/>\n<script type=\"application\/ld+json\" class=\"yoast-schema-graph\">{\"@context\":\"https:\\\/\\\/schema.org\",\"@graph\":[{\"@type\":\"WebPage\",\"@id\":\"https:\\\/\\\/www.chrisearley.com\\\/es\\\/privacy-policy\\\/\",\"url\":\"https:\\\/\\\/www.chrisearley.com\\\/es\\\/privacy-policy\\\/\",\"name\":\"Pol\u00edticas de Privacidad | Boston Abogado de Compensaci\u00f3n al Trabajador\",\"isPartOf\":{\"@id\":\"https:\\\/\\\/www.chrisearley.com\\\/es\\\/#website\"},\"datePublished\":\"2024-02-19T09:04:26+00:00\",\"dateModified\":\"2024-07-04T07:47:30+00:00\",\"description\":\"Consulta Gratis - Ll\u00e1menos al 617-444-7777 - Earley Law Group Injury Lawyers ayuda a las v\u00edctimas y sus familias a recibir una compensaci\u00f3n por sus lesiones. Pol\u00edticas de Privacidad - Boston Abogado de Compensaci\u00f3n al Trabajador\",\"breadcrumb\":{\"@id\":\"https:\\\/\\\/www.chrisearley.com\\\/es\\\/privacy-policy\\\/#breadcrumb\"},\"inLanguage\":\"es-US\",\"potentialAction\":[{\"@type\":\"ReadAction\",\"target\":[\"https:\\\/\\\/www.chrisearley.com\\\/es\\\/privacy-policy\\\/\"]}]},{\"@type\":\"BreadcrumbList\",\"@id\":\"https:\\\/\\\/www.chrisearley.com\\\/es\\\/privacy-policy\\\/#breadcrumb\",\"itemListElement\":[{\"@type\":\"ListItem\",\"position\":1,\"name\":\"Home\",\"item\":\"https:\\\/\\\/www.chrisearley.com\\\/es\\\/\"},{\"@type\":\"ListItem\",\"position\":2,\"name\":\"Pol\u00edticas de Privacidad\"}]},{\"@type\":\"WebSite\",\"@id\":\"https:\\\/\\\/www.chrisearley.com\\\/es\\\/#website\",\"url\":\"https:\\\/\\\/www.chrisearley.com\\\/es\\\/\",\"name\":\"Earley Law Group Injury Lawyers\",\"description\":\"\",\"publisher\":{\"@id\":\"https:\\\/\\\/www.chrisearley.com\\\/es\\\/#organization\"},\"potentialAction\":[{\"@type\":\"SearchAction\",\"target\":{\"@type\":\"EntryPoint\",\"urlTemplate\":\"https:\\\/\\\/www.chrisearley.com\\\/es\\\/?s={search_term_string}\"},\"query-input\":{\"@type\":\"PropertyValueSpecification\",\"valueRequired\":true,\"valueName\":\"search_term_string\"}}],\"inLanguage\":\"es-US\"},{\"@type\":\"Organization\",\"@id\":\"https:\\\/\\\/www.chrisearley.com\\\/es\\\/#organization\",\"name\":\"Earley Law Group Injury Lawyers\",\"url\":\"https:\\\/\\\/www.chrisearley.com\\\/es\\\/\",\"logo\":{\"@type\":\"ImageObject\",\"inLanguage\":\"es-US\",\"@id\":\"https:\\\/\\\/www.chrisearley.com\\\/es\\\/#\\\/schema\\\/logo\\\/image\\\/\",\"url\":\"https:\\\/\\\/www.chrisearley.com\\\/wp-content\\\/uploads\\\/2024\\\/05\\\/logo.png\",\"contentUrl\":\"https:\\\/\\\/www.chrisearley.com\\\/wp-content\\\/uploads\\\/2024\\\/05\\\/logo.png\",\"width\":420,\"height\":79,\"caption\":\"Earley Law Group Injury Lawyers\"},\"image\":{\"@id\":\"https:\\\/\\\/www.chrisearley.com\\\/es\\\/#\\\/schema\\\/logo\\\/image\\\/\"},\"sameAs\":[\"https:\\\/\\\/www.facebook.com\\\/Law-Offices-of-Christopher-Earley-104980886333\\\/\",\"https:\\\/\\\/x.com\\\/chrisearleylaw\",\"https:\\\/\\\/www.youtube.com\\\/user\\\/ChrisEarleyLaw\",\"https:\\\/\\\/www.linkedin.com\\\/company\\\/earley-law-group-injury-lawyers\",\"https:\\\/\\\/www.instagram.com\\\/earleylawgroupinjurylawyers\\\/\"]}]}<\/script>\n<!-- \/ Yoast SEO plugin. -->","yoast_head_json":{"title":"Pol\u00edticas de Privacidad | Boston Abogado de Compensaci\u00f3n al Trabajador","description":"Consulta Gratis - Ll\u00e1menos al 617-444-7777 - Earley Law Group Injury Lawyers ayuda a las v\u00edctimas y sus familias a recibir una compensaci\u00f3n por sus lesiones. Pol\u00edticas de Privacidad - Boston Abogado de Compensaci\u00f3n al Trabajador","robots":{"index":"index","follow":"follow","max-snippet":"max-snippet:-1","max-image-preview":"max-image-preview:large","max-video-preview":"max-video-preview:-1"},"canonical":"https:\/\/www.chrisearley.com\/es\/privacy-policy\/","og_locale":"es_ES","og_type":"article","og_title":"Pol\u00edticas de Privacidad | Boston Abogado de Compensaci\u00f3n al Trabajador","og_description":"Consulta Gratis - Ll\u00e1menos al 617-444-7777 - Earley Law Group Injury Lawyers ayuda a las v\u00edctimas y sus familias a recibir una compensaci\u00f3n por sus lesiones. Pol\u00edticas de Privacidad - Boston Abogado de Compensaci\u00f3n al Trabajador","og_url":"https:\/\/www.chrisearley.com\/es\/privacy-policy\/","og_site_name":"Earley Law Group Injury Lawyers","article_publisher":"https:\/\/www.facebook.com\/Law-Offices-of-Christopher-Earley-104980886333\/","article_modified_time":"2024-07-04T07:47:30+00:00","twitter_card":"summary_large_image","twitter_site":"@chrisearleylaw","twitter_misc":{"Est. reading time":"5 minutes"},"schema":{"@context":"https:\/\/schema.org","@graph":[{"@type":"WebPage","@id":"https:\/\/www.chrisearley.com\/es\/privacy-policy\/","url":"https:\/\/www.chrisearley.com\/es\/privacy-policy\/","name":"Pol\u00edticas de Privacidad | Boston Abogado de Compensaci\u00f3n al Trabajador","isPartOf":{"@id":"https:\/\/www.chrisearley.com\/es\/#website"},"datePublished":"2024-02-19T09:04:26+00:00","dateModified":"2024-07-04T07:47:30+00:00","description":"Consulta Gratis - Ll\u00e1menos al 617-444-7777 - Earley Law Group Injury Lawyers ayuda a las v\u00edctimas y sus familias a recibir una compensaci\u00f3n por sus lesiones. Pol\u00edticas de Privacidad - Boston Abogado de Compensaci\u00f3n al Trabajador","breadcrumb":{"@id":"https:\/\/www.chrisearley.com\/es\/privacy-policy\/#breadcrumb"},"inLanguage":"es-US","potentialAction":[{"@type":"ReadAction","target":["https:\/\/www.chrisearley.com\/es\/privacy-policy\/"]}]},{"@type":"BreadcrumbList","@id":"https:\/\/www.chrisearley.com\/es\/privacy-policy\/#breadcrumb","itemListElement":[{"@type":"ListItem","position":1,"name":"Home","item":"https:\/\/www.chrisearley.com\/es\/"},{"@type":"ListItem","position":2,"name":"Pol\u00edticas de Privacidad"}]},{"@type":"WebSite","@id":"https:\/\/www.chrisearley.com\/es\/#website","url":"https:\/\/www.chrisearley.com\/es\/","name":"Earley Law Group Injury Lawyers","description":"","publisher":{"@id":"https:\/\/www.chrisearley.com\/es\/#organization"},"potentialAction":[{"@type":"SearchAction","target":{"@type":"EntryPoint","urlTemplate":"https:\/\/www.chrisearley.com\/es\/?s={search_term_string}"},"query-input":{"@type":"PropertyValueSpecification","valueRequired":true,"valueName":"search_term_string"}}],"inLanguage":"es-US"},{"@type":"Organization","@id":"https:\/\/www.chrisearley.com\/es\/#organization","name":"Earley Law Group Injury Lawyers","url":"https:\/\/www.chrisearley.com\/es\/","logo":{"@type":"ImageObject","inLanguage":"es-US","@id":"https:\/\/www.chrisearley.com\/es\/#\/schema\/logo\/image\/","url":"https:\/\/www.chrisearley.com\/wp-content\/uploads\/2024\/05\/logo.png","contentUrl":"https:\/\/www.chrisearley.com\/wp-content\/uploads\/2024\/05\/logo.png","width":420,"height":79,"caption":"Earley Law Group Injury Lawyers"},"image":{"@id":"https:\/\/www.chrisearley.com\/es\/#\/schema\/logo\/image\/"},"sameAs":["https:\/\/www.facebook.com\/Law-Offices-of-Christopher-Earley-104980886333\/","https:\/\/x.com\/chrisearleylaw","https:\/\/www.youtube.com\/user\/ChrisEarleyLaw","https:\/\/www.linkedin.com\/company\/earley-law-group-injury-lawyers","https:\/\/www.instagram.com\/earleylawgroupinjurylawyers\/"]}]}},"_links":{"self":[{"href":"https:\/\/www.chrisearley.com\/es\/wp-json\/wp\/v2\/pages\/11278","targetHints":{"allow":["GET"]}}],"collection":[{"href":"https:\/\/www.chrisearley.com\/es\/wp-json\/wp\/v2\/pages"}],"about":[{"href":"https:\/\/www.chrisearley.com\/es\/wp-json\/wp\/v2\/types\/page"}],"author":[{"embeddable":true,"href":"https:\/\/www.chrisearley.com\/es\/wp-json\/wp\/v2\/users\/35"}],"replies":[{"embeddable":true,"href":"https:\/\/www.chrisearley.com\/es\/wp-json\/wp\/v2\/comments?post=11278"}],"version-history":[{"count":0,"href":"https:\/\/www.chrisearley.com\/es\/wp-json\/wp\/v2\/pages\/11278\/revisions"}],"wp:attachment":[{"href":"https:\/\/www.chrisearley.com\/es\/wp-json\/wp\/v2\/media?parent=11278"}],"curies":[{"name":"wp","href":"https:\/\/api.w.org\/{rel}","templated":true}]}}