{"id":11105,"date":"2024-06-14T08:26:07","date_gmt":"2024-06-14T08:26:07","guid":{"rendered":"https:\/\/www.chrisearley.com\/?page_id=11105"},"modified":"2024-07-07T07:49:48","modified_gmt":"2024-07-07T07:49:48","slug":"servicio-comunitario","status":"publish","type":"page","link":"https:\/\/www.chrisearley.com\/es\/servicio-comunitario\/","title":{"rendered":"Chris Earley Cares"},"content":{"rendered":"<p>Nuestros valores se basan en nuestra pasi\u00f3n por servir a los necesitados. Por esta raz\u00f3n, aqu\u00ed en la oficina legal de Christopher Earley estamos dedicados a servir no solo a nuestros clientes, \u00a1sino tambi\u00e9n a nuestra comunidad!<\/p>\n<img loading=\"lazy\" decoding=\"async\" class=\"aligncenter wp-image-13452 size-full\" src=\"https:\/\/www.chrisearley.com\/wp-content\/uploads\/2024\/06\/chris_earley_cares_logo.png\" alt=\"\" width=\"500\" height=\"300\" srcset=\"https:\/\/www.chrisearley.com\/wp-content\/uploads\/2024\/06\/chris_earley_cares_logo.png 500w, https:\/\/www.chrisearley.com\/wp-content\/uploads\/2024\/06\/chris_earley_cares_logo-300x180.png 300w\" sizes=\"auto, (max-width: 500px) 100vw, 500px\" \/>\n<p>Creemos que tenemos la obligaci\u00f3n de ayudar a nuestra comunidad ya que han sido muy buenos con nosotros. Es por eso que nos hemos asociado con el\u00a0Greater Boston Food Bank, el\u00a0Hingham Pride Project\u00a0y la\u00a0Hingham Little League. Estas son organizaciones fant\u00e1sticas que respaldamos al 100% porque creemos en ayudar a nuestra comunidad.\u00a0<a href=\"https:\/\/www.chrisearley.com\/es\/contactenos\/\">Cont\u00e1ctenos<\/a>\u00a0hoy mismo si desea unirse a nosotros para ayudar a esta causa tan importante, o lea a continuaci\u00f3n para obtener m\u00e1s informaci\u00f3n:<\/p>\n<ul>\n<li><a href=\"https:\/\/www.chrisearley.com\/es\/servicio-comunitario\/thanksgiving-2020-con-el-gbfb\/\">Thanksgiving 2020 con el GBFB<\/a><\/li>\n<li><a href=\"https:\/\/www.chrisearley.com\/es\/servicio-comunitario\/dia-de-voluntariado-en-chelsea-collaborative\/\">D\u00eda de Voluntariado en Chelsea Collaborative<\/a><\/li>\n<li><a href=\"https:\/\/www.chrisearley.com\/es\/servicio-comunitario\/sirviendo-a-la-comunidad-de-jamaica-plain-a-traves-de-servicios\/\">Sirviendo a la Comunidad de Jamaica Plain a Trav\u00e9s de Servicios a la Comunidad<\/a><\/li>\n<li><a href=\"https:\/\/www.chrisearley.com\/es\/servicio-comunitario\/dia-de-voluntariado-del-equipo-en-el-greater-boston-food-bank\/\">D\u00eda de Voluntariado Del Equipo en El Greater Boston Food Bank<\/a><\/li>\n<\/ul>\n","protected":false},"excerpt":{"rendered":"<p>Nuestros valores se basan en nuestra pasi\u00f3n por servir a los necesitados. Por esta raz\u00f3n, aqu\u00ed en la oficina legal de Christopher Earley estamos dedicados a servir no solo a nuestros clientes, \u00a1sino tambi\u00e9n a nuestra comunidad! Creemos que tenemos la obligaci\u00f3n de ayudar a nuestra comunidad ya que han sido muy buenos con nosotros. [&hellip;]<\/p>\n","protected":false},"author":35,"featured_media":33423,"parent":0,"menu_order":602,"comment_status":"closed","ping_status":"closed","template":"","meta":{"_acf_changed":false,"footnotes":""},"class_list":["post-11105","page","type-page","status-publish","has-post-thumbnail","hentry"],"acf":[],"yoast_head":"<!-- This site is optimized with the Yoast SEO plugin v27.5 - https:\/\/yoast.com\/product\/yoast-seo-wordpress\/ -->\n<title>Chris Earley Cares | Boston Abogado de Lesi\u00f3n Personal<\/title>\n<meta name=\"description\" content=\"Consulta Gratis - Ll\u00e1menos al 617-444-7777 - Earley Law Group Injury Lawyers ayuda a las v\u00edctimas y sus familias a recibir una compensaci\u00f3n por sus lesiones. Chris Earley Cares - Boston Abogado de Lesi\u00f3n Personal\" \/>\n<meta name=\"robots\" content=\"index, follow, max-snippet:-1, max-image-preview:large, max-video-preview:-1\" \/>\n<link rel=\"canonical\" href=\"https:\/\/www.chrisearley.com\/es\/servicio-comunitario\/\" \/>\n<meta property=\"og:locale\" content=\"es_ES\" \/>\n<meta property=\"og:type\" content=\"article\" \/>\n<meta property=\"og:title\" content=\"Chris Earley Cares | Boston Abogado de Lesi\u00f3n Personal\" \/>\n<meta property=\"og:description\" content=\"Consulta Gratis - Ll\u00e1menos al 617-444-7777 - Earley Law Group Injury Lawyers ayuda a las v\u00edctimas y sus familias a recibir una compensaci\u00f3n por sus lesiones. Chris Earley Cares - Boston Abogado de Lesi\u00f3n Personal\" \/>\n<meta property=\"og:url\" content=\"https:\/\/www.chrisearley.com\/es\/servicio-comunitario\/\" \/>\n<meta property=\"og:site_name\" content=\"Earley Law Group Injury Lawyers\" \/>\n<meta property=\"article:publisher\" content=\"https:\/\/www.facebook.com\/Law-Offices-of-Christopher-Earley-104980886333\/\" \/>\n<meta property=\"article:modified_time\" content=\"2024-07-07T07:49:48+00:00\" \/>\n<meta property=\"og:image\" content=\"https:\/\/www.chrisearley.com\/wp-content\/uploads\/2024\/07\/ommunity.jpg\" \/>\n\t<meta property=\"og:image:width\" content=\"900\" \/>\n\t<meta property=\"og:image:height\" content=\"360\" \/>\n\t<meta property=\"og:image:type\" content=\"image\/jpeg\" \/>\n<meta name=\"twitter:card\" content=\"summary_large_image\" \/>\n<meta name=\"twitter:site\" content=\"@chrisearleylaw\" \/>\n<meta name=\"twitter:label1\" content=\"Est. reading time\" \/>\n\t<meta name=\"twitter:data1\" content=\"2 minutes\" \/>\n<script type=\"application\/ld+json\" class=\"yoast-schema-graph\">{\"@context\":\"https:\\\/\\\/schema.org\",\"@graph\":[{\"@type\":\"WebPage\",\"@id\":\"https:\\\/\\\/www.chrisearley.com\\\/es\\\/servicio-comunitario\\\/\",\"url\":\"https:\\\/\\\/www.chrisearley.com\\\/es\\\/servicio-comunitario\\\/\",\"name\":\"Chris Earley Cares | Boston Abogado de Lesi\u00f3n Personal\",\"isPartOf\":{\"@id\":\"https:\\\/\\\/www.chrisearley.com\\\/es\\\/#website\"},\"primaryImageOfPage\":{\"@id\":\"https:\\\/\\\/www.chrisearley.com\\\/es\\\/servicio-comunitario\\\/#primaryimage\"},\"image\":{\"@id\":\"https:\\\/\\\/www.chrisearley.com\\\/es\\\/servicio-comunitario\\\/#primaryimage\"},\"thumbnailUrl\":\"https:\\\/\\\/www.chrisearley.com\\\/wp-content\\\/uploads\\\/2024\\\/07\\\/ommunity.jpg\",\"datePublished\":\"2024-06-14T08:26:07+00:00\",\"dateModified\":\"2024-07-07T07:49:48+00:00\",\"description\":\"Consulta Gratis - Ll\u00e1menos al 617-444-7777 - Earley Law Group Injury Lawyers ayuda a las v\u00edctimas y sus familias a recibir una compensaci\u00f3n por sus lesiones. Chris Earley Cares - Boston Abogado de Lesi\u00f3n Personal\",\"breadcrumb\":{\"@id\":\"https:\\\/\\\/www.chrisearley.com\\\/es\\\/servicio-comunitario\\\/#breadcrumb\"},\"inLanguage\":\"es-US\",\"potentialAction\":[{\"@type\":\"ReadAction\",\"target\":[\"https:\\\/\\\/www.chrisearley.com\\\/es\\\/servicio-comunitario\\\/\"]}]},{\"@type\":\"ImageObject\",\"inLanguage\":\"es-US\",\"@id\":\"https:\\\/\\\/www.chrisearley.com\\\/es\\\/servicio-comunitario\\\/#primaryimage\",\"url\":\"https:\\\/\\\/www.chrisearley.com\\\/wp-content\\\/uploads\\\/2024\\\/07\\\/ommunity.jpg\",\"contentUrl\":\"https:\\\/\\\/www.chrisearley.com\\\/wp-content\\\/uploads\\\/2024\\\/07\\\/ommunity.jpg\",\"width\":900,\"height\":360,\"caption\":\"ommunity\"},{\"@type\":\"BreadcrumbList\",\"@id\":\"https:\\\/\\\/www.chrisearley.com\\\/es\\\/servicio-comunitario\\\/#breadcrumb\",\"itemListElement\":[{\"@type\":\"ListItem\",\"position\":1,\"name\":\"Home\",\"item\":\"https:\\\/\\\/www.chrisearley.com\\\/es\\\/\"},{\"@type\":\"ListItem\",\"position\":2,\"name\":\"Chris Earley Cares\"}]},{\"@type\":\"WebSite\",\"@id\":\"https:\\\/\\\/www.chrisearley.com\\\/es\\\/#website\",\"url\":\"https:\\\/\\\/www.chrisearley.com\\\/es\\\/\",\"name\":\"Earley Law Group Injury Lawyers\",\"description\":\"\",\"publisher\":{\"@id\":\"https:\\\/\\\/www.chrisearley.com\\\/es\\\/#organization\"},\"potentialAction\":[{\"@type\":\"SearchAction\",\"target\":{\"@type\":\"EntryPoint\",\"urlTemplate\":\"https:\\\/\\\/www.chrisearley.com\\\/es\\\/?s={search_term_string}\"},\"query-input\":{\"@type\":\"PropertyValueSpecification\",\"valueRequired\":true,\"valueName\":\"search_term_string\"}}],\"inLanguage\":\"es-US\"},{\"@type\":\"Organization\",\"@id\":\"https:\\\/\\\/www.chrisearley.com\\\/es\\\/#organization\",\"name\":\"Earley Law Group Injury Lawyers\",\"url\":\"https:\\\/\\\/www.chrisearley.com\\\/es\\\/\",\"logo\":{\"@type\":\"ImageObject\",\"inLanguage\":\"es-US\",\"@id\":\"https:\\\/\\\/www.chrisearley.com\\\/es\\\/#\\\/schema\\\/logo\\\/image\\\/\",\"url\":\"https:\\\/\\\/www.chrisearley.com\\\/wp-content\\\/uploads\\\/2024\\\/05\\\/logo.png\",\"contentUrl\":\"https:\\\/\\\/www.chrisearley.com\\\/wp-content\\\/uploads\\\/2024\\\/05\\\/logo.png\",\"width\":420,\"height\":79,\"caption\":\"Earley Law Group Injury Lawyers\"},\"image\":{\"@id\":\"https:\\\/\\\/www.chrisearley.com\\\/es\\\/#\\\/schema\\\/logo\\\/image\\\/\"},\"sameAs\":[\"https:\\\/\\\/www.facebook.com\\\/Law-Offices-of-Christopher-Earley-104980886333\\\/\",\"https:\\\/\\\/x.com\\\/chrisearleylaw\",\"https:\\\/\\\/www.youtube.com\\\/user\\\/ChrisEarleyLaw\",\"https:\\\/\\\/www.linkedin.com\\\/company\\\/earley-law-group-injury-lawyers\",\"https:\\\/\\\/www.instagram.com\\\/earleylawgroupinjurylawyers\\\/\"]}]}<\/script>\n<!-- \/ Yoast SEO plugin. -->","yoast_head_json":{"title":"Chris Earley Cares | Boston Abogado de Lesi\u00f3n Personal","description":"Consulta Gratis - Ll\u00e1menos al 617-444-7777 - Earley Law Group Injury Lawyers ayuda a las v\u00edctimas y sus familias a recibir una compensaci\u00f3n por sus lesiones. Chris Earley Cares - Boston Abogado de Lesi\u00f3n Personal","robots":{"index":"index","follow":"follow","max-snippet":"max-snippet:-1","max-image-preview":"max-image-preview:large","max-video-preview":"max-video-preview:-1"},"canonical":"https:\/\/www.chrisearley.com\/es\/servicio-comunitario\/","og_locale":"es_ES","og_type":"article","og_title":"Chris Earley Cares | Boston Abogado de Lesi\u00f3n Personal","og_description":"Consulta Gratis - Ll\u00e1menos al 617-444-7777 - Earley Law Group Injury Lawyers ayuda a las v\u00edctimas y sus familias a recibir una compensaci\u00f3n por sus lesiones. Chris Earley Cares - Boston Abogado de Lesi\u00f3n Personal","og_url":"https:\/\/www.chrisearley.com\/es\/servicio-comunitario\/","og_site_name":"Earley Law Group Injury Lawyers","article_publisher":"https:\/\/www.facebook.com\/Law-Offices-of-Christopher-Earley-104980886333\/","article_modified_time":"2024-07-07T07:49:48+00:00","og_image":[{"width":900,"height":360,"url":"https:\/\/www.chrisearley.com\/wp-content\/uploads\/2024\/07\/ommunity.jpg","type":"image\/jpeg"}],"twitter_card":"summary_large_image","twitter_site":"@chrisearleylaw","twitter_misc":{"Est. reading time":"2 minutes"},"schema":{"@context":"https:\/\/schema.org","@graph":[{"@type":"WebPage","@id":"https:\/\/www.chrisearley.com\/es\/servicio-comunitario\/","url":"https:\/\/www.chrisearley.com\/es\/servicio-comunitario\/","name":"Chris Earley Cares | Boston Abogado de Lesi\u00f3n Personal","isPartOf":{"@id":"https:\/\/www.chrisearley.com\/es\/#website"},"primaryImageOfPage":{"@id":"https:\/\/www.chrisearley.com\/es\/servicio-comunitario\/#primaryimage"},"image":{"@id":"https:\/\/www.chrisearley.com\/es\/servicio-comunitario\/#primaryimage"},"thumbnailUrl":"https:\/\/www.chrisearley.com\/wp-content\/uploads\/2024\/07\/ommunity.jpg","datePublished":"2024-06-14T08:26:07+00:00","dateModified":"2024-07-07T07:49:48+00:00","description":"Consulta Gratis - Ll\u00e1menos al 617-444-7777 - Earley Law Group Injury Lawyers ayuda a las v\u00edctimas y sus familias a recibir una compensaci\u00f3n por sus lesiones. Chris Earley Cares - Boston Abogado de Lesi\u00f3n Personal","breadcrumb":{"@id":"https:\/\/www.chrisearley.com\/es\/servicio-comunitario\/#breadcrumb"},"inLanguage":"es-US","potentialAction":[{"@type":"ReadAction","target":["https:\/\/www.chrisearley.com\/es\/servicio-comunitario\/"]}]},{"@type":"ImageObject","inLanguage":"es-US","@id":"https:\/\/www.chrisearley.com\/es\/servicio-comunitario\/#primaryimage","url":"https:\/\/www.chrisearley.com\/wp-content\/uploads\/2024\/07\/ommunity.jpg","contentUrl":"https:\/\/www.chrisearley.com\/wp-content\/uploads\/2024\/07\/ommunity.jpg","width":900,"height":360,"caption":"ommunity"},{"@type":"BreadcrumbList","@id":"https:\/\/www.chrisearley.com\/es\/servicio-comunitario\/#breadcrumb","itemListElement":[{"@type":"ListItem","position":1,"name":"Home","item":"https:\/\/www.chrisearley.com\/es\/"},{"@type":"ListItem","position":2,"name":"Chris Earley Cares"}]},{"@type":"WebSite","@id":"https:\/\/www.chrisearley.com\/es\/#website","url":"https:\/\/www.chrisearley.com\/es\/","name":"Earley Law Group Injury Lawyers","description":"","publisher":{"@id":"https:\/\/www.chrisearley.com\/es\/#organization"},"potentialAction":[{"@type":"SearchAction","target":{"@type":"EntryPoint","urlTemplate":"https:\/\/www.chrisearley.com\/es\/?s={search_term_string}"},"query-input":{"@type":"PropertyValueSpecification","valueRequired":true,"valueName":"search_term_string"}}],"inLanguage":"es-US"},{"@type":"Organization","@id":"https:\/\/www.chrisearley.com\/es\/#organization","name":"Earley Law Group Injury Lawyers","url":"https:\/\/www.chrisearley.com\/es\/","logo":{"@type":"ImageObject","inLanguage":"es-US","@id":"https:\/\/www.chrisearley.com\/es\/#\/schema\/logo\/image\/","url":"https:\/\/www.chrisearley.com\/wp-content\/uploads\/2024\/05\/logo.png","contentUrl":"https:\/\/www.chrisearley.com\/wp-content\/uploads\/2024\/05\/logo.png","width":420,"height":79,"caption":"Earley Law Group Injury Lawyers"},"image":{"@id":"https:\/\/www.chrisearley.com\/es\/#\/schema\/logo\/image\/"},"sameAs":["https:\/\/www.facebook.com\/Law-Offices-of-Christopher-Earley-104980886333\/","https:\/\/x.com\/chrisearleylaw","https:\/\/www.youtube.com\/user\/ChrisEarleyLaw","https:\/\/www.linkedin.com\/company\/earley-law-group-injury-lawyers","https:\/\/www.instagram.com\/earleylawgroupinjurylawyers\/"]}]}},"_links":{"self":[{"href":"https:\/\/www.chrisearley.com\/es\/wp-json\/wp\/v2\/pages\/11105","targetHints":{"allow":["GET"]}}],"collection":[{"href":"https:\/\/www.chrisearley.com\/es\/wp-json\/wp\/v2\/pages"}],"about":[{"href":"https:\/\/www.chrisearley.com\/es\/wp-json\/wp\/v2\/types\/page"}],"author":[{"embeddable":true,"href":"https:\/\/www.chrisearley.com\/es\/wp-json\/wp\/v2\/users\/35"}],"replies":[{"embeddable":true,"href":"https:\/\/www.chrisearley.com\/es\/wp-json\/wp\/v2\/comments?post=11105"}],"version-history":[{"count":0,"href":"https:\/\/www.chrisearley.com\/es\/wp-json\/wp\/v2\/pages\/11105\/revisions"}],"wp:featuredmedia":[{"embeddable":true,"href":"https:\/\/www.chrisearley.com\/es\/wp-json\/wp\/v2\/media\/33423"}],"wp:attachment":[{"href":"https:\/\/www.chrisearley.com\/es\/wp-json\/wp\/v2\/media?parent=11105"}],"curies":[{"name":"wp","href":"https:\/\/api.w.org\/{rel}","templated":true}]}}