{"id":11095,"date":"2024-06-25T10:50:39","date_gmt":"2024-06-25T10:50:39","guid":{"rendered":"https:\/\/www.chrisearley.com\/?page_id=11095"},"modified":"2024-07-04T07:33:19","modified_gmt":"2024-07-04T07:33:19","slug":"beca-anual-de-la-oficina-de-christopher-earley","status":"publish","type":"page","link":"https:\/\/www.chrisearley.com\/es\/sobre-nosotros\/beca-anual-de-la-oficina-de-christopher-earley\/","title":{"rendered":"Beca Anual de La Oficina de Christopher Earley"},"content":{"rendered":"<h2>Informaci\u00f3n de Beca<\/h2>\n<p>Cualquiera que nos conoce, sabe que uno de los valores fundamentales de nuestra oficina es darle ayuda a nuestra comunidad. Lo hacemos de muchas maneras, incluyendo el voluntariado en la comunidad, brindando un programa VIP gratuito para todos, y tambi\u00e9n, brindando una beca. Profesional y personalmente, no estar\u00eda donde estoy hoy sin el beneficio de la universidad y la facultad de derecho. La educaci\u00f3n permite a los j\u00f3venes realizar su potencial y lograr sus objetivos de vida.<\/p>\n<p>Como\u00a0<a href=\"https:\/\/www.chrisearley.com\/es\/lesiones-personales\/\">abogado de lesiones personales de Boston<\/a>, creo que el valor de la educaci\u00f3n en la vida de una persona joven es inconmensurable. Sin embargo, tenemos demasiados j\u00f3venes en este pa\u00eds que luchan por pagar la universidad. Esto es algo que nos gustar\u00eda arreglar de alguna manera.<\/p>\n<p>Creemos firmemente no solo en el valor de la educaci\u00f3n superior para los j\u00f3venes, sino que tambi\u00e9n creemos que todos deber\u00edan tener acceso a ella, independientemente de su situaci\u00f3n financiera. Tambi\u00e9n creemos aqu\u00ed en la oficina legal de Christopher Earley, que aquellos que se comprometen acad\u00e9micamente, pero a la misma vez tienen que luchar por pagar la educaci\u00f3n superior, deben recibir ayuda de todas las formas posibles. Es por eso que comenzamos la beca de la oficina legal de Christopher Earley. Esta beca est\u00e1 dise\u00f1ada para ayudar a los estudiantes universitarios actualmente inscritos en los Estados Unidos. Lea atentamente los requisitos a continuaci\u00f3n si est\u00e1 interesado en solicitar nuestra beca.<\/p>\n<h2>Requisitos<\/h2>\n<ol>\n<li>Debe ser ciudadano de los EE. UU que est\u00e9 en proceso de obtener un bachiller universitario de 2 o 4 a\u00f1os.<\/li>\n<li>Presentar evidencia de inscripci\u00f3n actual en un colegio \/ universidad de 2 o 4 a\u00f1os.<\/li>\n<li>Como\u00a0<a href=\"https:\/\/www.chrisearley.com\/es\/accidentes-de-automoviles\/\">abogado de accidentes automovil\u00edsticos de Boston<\/a>\u00a0y padre de dos ni\u00f1os peque\u00f1os, ayudar a las personas a estar m\u00e1s seguras en las carreteras es una de mis principales prioridades. La conducci\u00f3n distra\u00edda se ha convertido en un problema grave con la prevalencia de los tel\u00e9fonos inteligentes.<\/li>\n<li>Env\u00ede un ensayo de\u00a0<strong>al menos 500 palabras sobre las formas de acabar con los accidentes de carro que son debidos a la distracci\u00f3n que trae los mensajes de texto y la conducci\u00f3n en los Estados Unidos<\/strong>. Aseg\u00farese de incluir su nombre completo, direcci\u00f3n de correo electr\u00f3nico, direcci\u00f3n postal y n\u00famero de tel\u00e9fono al comienzo de su ensayo (para que podamos comunicarnos con usted si gana), as\u00ed como algunas l\u00edneas de informaci\u00f3n sobre usted.<\/li>\n<li>La elegibilidad no se limita a los residentes \/ estudiantes de Massachusetts.<\/li>\n<\/ol>\n<h2>Fin de Plazo<\/h2>\n<p>Todos los ensayos deben enviarse por correo electr\u00f3nico a\u00a0<a href=\"mailto:cearley@earleylawgroup.com\" target=\"_blank\" rel=\"noopener\">cearley@earleylawgroup.com<\/a>\u00a0a m\u00e1s tardar el 1 de abril de 2021. El ganador del ensayo se anunciar\u00e1 el 1 de mayo de 2021. Por favor\u00a0<strong>no nos haga llamadas telef\u00f3nicas<\/strong>. Las llamadas telef\u00f3nicas relacionadas con el concurso de ensayos pueden resultar en la inelegibilidad. No seguir estrictamente y cumplir con todas las reglas y fechas l\u00edmite con respecto a esta beca resultar\u00e1 en la p\u00e9rdida de elegibilidad.<\/p>\n<p>Se considerar\u00e1n todos los ensayos individuales que cumplan con los requisitos y fechas l\u00edmite anteriores. El ganador del ensayo recibir\u00e1 un cheque por $1500.00 de la oficina legal de Christopher Earley. El cheque se har\u00e1 a su colegio \/ universidad. Estos fondos deben usarse para pagar la matr\u00edcula escolar y \/ o gastos relacionados con la escuela. Mucha suerte para usted en su camino hacia la educaci\u00f3n superior, y mucha suerte si decide solicitar nuestra beca.<\/p>\n","protected":false},"excerpt":{"rendered":"<p>Informaci\u00f3n de Beca Cualquiera que nos conoce, sabe que uno de los valores fundamentales de nuestra oficina es darle ayuda a nuestra comunidad. Lo hacemos de muchas maneras, incluyendo el voluntariado en la comunidad, brindando un programa VIP gratuito para todos, y tambi\u00e9n, brindando una beca. Profesional y personalmente, no estar\u00eda donde estoy hoy sin [&hellip;]<\/p>\n","protected":false},"author":35,"featured_media":0,"parent":9099,"menu_order":3,"comment_status":"closed","ping_status":"closed","template":"","meta":{"_acf_changed":false,"footnotes":""},"class_list":["post-11095","page","type-page","status-publish","hentry"],"acf":[],"yoast_head":"<!-- This site is optimized with the Yoast SEO plugin v27.5 - https:\/\/yoast.com\/product\/yoast-seo-wordpress\/ -->\n<title>Beca Anual de La Oficina de Christopher Earley | Boston Abogado de Lesi\u00f3n Personal<\/title>\n<meta name=\"description\" content=\"Consulta Gratis - Ll\u00e1menos al 617-444-7777 - Earley Law Group Injury Lawyers ayuda a las v\u00edctimas y sus familias a recibir una compensaci\u00f3n por sus lesiones. Beca Anual de La Oficina de Christopher Earley - Boston Abogado de Lesi\u00f3n Personal\" \/>\n<meta name=\"robots\" content=\"index, follow, max-snippet:-1, max-image-preview:large, max-video-preview:-1\" \/>\n<link rel=\"canonical\" href=\"https:\/\/www.chrisearley.com\/es\/sobre-nosotros\/beca-anual-de-la-oficina-de-christopher-earley\/\" \/>\n<meta property=\"og:locale\" content=\"es_ES\" \/>\n<meta property=\"og:type\" content=\"article\" \/>\n<meta property=\"og:title\" content=\"Beca Anual de La Oficina de Christopher Earley | Boston Abogado de Lesi\u00f3n Personal\" \/>\n<meta property=\"og:description\" content=\"Consulta Gratis - Ll\u00e1menos al 617-444-7777 - Earley Law Group Injury Lawyers ayuda a las v\u00edctimas y sus familias a recibir una compensaci\u00f3n por sus lesiones. Beca Anual de La Oficina de Christopher Earley - Boston Abogado de Lesi\u00f3n Personal\" \/>\n<meta property=\"og:url\" content=\"https:\/\/www.chrisearley.com\/es\/sobre-nosotros\/beca-anual-de-la-oficina-de-christopher-earley\/\" \/>\n<meta property=\"og:site_name\" content=\"Earley Law Group Injury Lawyers\" \/>\n<meta property=\"article:publisher\" content=\"https:\/\/www.facebook.com\/Law-Offices-of-Christopher-Earley-104980886333\/\" \/>\n<meta property=\"article:modified_time\" content=\"2024-07-04T07:33:19+00:00\" \/>\n<meta name=\"twitter:card\" content=\"summary_large_image\" \/>\n<meta name=\"twitter:site\" content=\"@chrisearleylaw\" \/>\n<meta name=\"twitter:label1\" content=\"Est. reading time\" \/>\n\t<meta name=\"twitter:data1\" content=\"3 minutes\" \/>\n<script type=\"application\/ld+json\" class=\"yoast-schema-graph\">{\"@context\":\"https:\\\/\\\/schema.org\",\"@graph\":[{\"@type\":\"WebPage\",\"@id\":\"https:\\\/\\\/www.chrisearley.com\\\/es\\\/sobre-nosotros\\\/beca-anual-de-la-oficina-de-christopher-earley\\\/\",\"url\":\"https:\\\/\\\/www.chrisearley.com\\\/es\\\/sobre-nosotros\\\/beca-anual-de-la-oficina-de-christopher-earley\\\/\",\"name\":\"Beca Anual de La Oficina de Christopher Earley | Boston Abogado de Lesi\u00f3n Personal\",\"isPartOf\":{\"@id\":\"https:\\\/\\\/www.chrisearley.com\\\/es\\\/#website\"},\"datePublished\":\"2024-06-25T10:50:39+00:00\",\"dateModified\":\"2024-07-04T07:33:19+00:00\",\"description\":\"Consulta Gratis - Ll\u00e1menos al 617-444-7777 - Earley Law Group Injury Lawyers ayuda a las v\u00edctimas y sus familias a recibir una compensaci\u00f3n por sus lesiones. Beca Anual de La Oficina de Christopher Earley - Boston Abogado de Lesi\u00f3n Personal\",\"breadcrumb\":{\"@id\":\"https:\\\/\\\/www.chrisearley.com\\\/es\\\/sobre-nosotros\\\/beca-anual-de-la-oficina-de-christopher-earley\\\/#breadcrumb\"},\"inLanguage\":\"es-US\",\"potentialAction\":[{\"@type\":\"ReadAction\",\"target\":[\"https:\\\/\\\/www.chrisearley.com\\\/es\\\/sobre-nosotros\\\/beca-anual-de-la-oficina-de-christopher-earley\\\/\"]}]},{\"@type\":\"BreadcrumbList\",\"@id\":\"https:\\\/\\\/www.chrisearley.com\\\/es\\\/sobre-nosotros\\\/beca-anual-de-la-oficina-de-christopher-earley\\\/#breadcrumb\",\"itemListElement\":[{\"@type\":\"ListItem\",\"position\":1,\"name\":\"Home\",\"item\":\"https:\\\/\\\/www.chrisearley.com\\\/es\\\/\"},{\"@type\":\"ListItem\",\"position\":2,\"name\":\"Sobre Nosotros\",\"item\":\"https:\\\/\\\/www.chrisearley.com\\\/es\\\/sobre-nosotros\\\/\"},{\"@type\":\"ListItem\",\"position\":3,\"name\":\"Beca Anual de La Oficina de Christopher Earley\"}]},{\"@type\":\"WebSite\",\"@id\":\"https:\\\/\\\/www.chrisearley.com\\\/es\\\/#website\",\"url\":\"https:\\\/\\\/www.chrisearley.com\\\/es\\\/\",\"name\":\"Earley Law Group Injury Lawyers\",\"description\":\"\",\"publisher\":{\"@id\":\"https:\\\/\\\/www.chrisearley.com\\\/es\\\/#organization\"},\"potentialAction\":[{\"@type\":\"SearchAction\",\"target\":{\"@type\":\"EntryPoint\",\"urlTemplate\":\"https:\\\/\\\/www.chrisearley.com\\\/es\\\/?s={search_term_string}\"},\"query-input\":{\"@type\":\"PropertyValueSpecification\",\"valueRequired\":true,\"valueName\":\"search_term_string\"}}],\"inLanguage\":\"es-US\"},{\"@type\":\"Organization\",\"@id\":\"https:\\\/\\\/www.chrisearley.com\\\/es\\\/#organization\",\"name\":\"Earley Law Group Injury Lawyers\",\"url\":\"https:\\\/\\\/www.chrisearley.com\\\/es\\\/\",\"logo\":{\"@type\":\"ImageObject\",\"inLanguage\":\"es-US\",\"@id\":\"https:\\\/\\\/www.chrisearley.com\\\/es\\\/#\\\/schema\\\/logo\\\/image\\\/\",\"url\":\"https:\\\/\\\/www.chrisearley.com\\\/wp-content\\\/uploads\\\/2024\\\/05\\\/logo.png\",\"contentUrl\":\"https:\\\/\\\/www.chrisearley.com\\\/wp-content\\\/uploads\\\/2024\\\/05\\\/logo.png\",\"width\":420,\"height\":79,\"caption\":\"Earley Law Group Injury Lawyers\"},\"image\":{\"@id\":\"https:\\\/\\\/www.chrisearley.com\\\/es\\\/#\\\/schema\\\/logo\\\/image\\\/\"},\"sameAs\":[\"https:\\\/\\\/www.facebook.com\\\/Law-Offices-of-Christopher-Earley-104980886333\\\/\",\"https:\\\/\\\/x.com\\\/chrisearleylaw\",\"https:\\\/\\\/www.youtube.com\\\/user\\\/ChrisEarleyLaw\",\"https:\\\/\\\/www.linkedin.com\\\/company\\\/earley-law-group-injury-lawyers\",\"https:\\\/\\\/www.instagram.com\\\/earleylawgroupinjurylawyers\\\/\"]}]}<\/script>\n<!-- \/ Yoast SEO plugin. -->","yoast_head_json":{"title":"Beca Anual de La Oficina de Christopher Earley | Boston Abogado de Lesi\u00f3n Personal","description":"Consulta Gratis - Ll\u00e1menos al 617-444-7777 - Earley Law Group Injury Lawyers ayuda a las v\u00edctimas y sus familias a recibir una compensaci\u00f3n por sus lesiones. Beca Anual de La Oficina de Christopher Earley - Boston Abogado de Lesi\u00f3n Personal","robots":{"index":"index","follow":"follow","max-snippet":"max-snippet:-1","max-image-preview":"max-image-preview:large","max-video-preview":"max-video-preview:-1"},"canonical":"https:\/\/www.chrisearley.com\/es\/sobre-nosotros\/beca-anual-de-la-oficina-de-christopher-earley\/","og_locale":"es_ES","og_type":"article","og_title":"Beca Anual de La Oficina de Christopher Earley | Boston Abogado de Lesi\u00f3n Personal","og_description":"Consulta Gratis - Ll\u00e1menos al 617-444-7777 - Earley Law Group Injury Lawyers ayuda a las v\u00edctimas y sus familias a recibir una compensaci\u00f3n por sus lesiones. Beca Anual de La Oficina de Christopher Earley - Boston Abogado de Lesi\u00f3n Personal","og_url":"https:\/\/www.chrisearley.com\/es\/sobre-nosotros\/beca-anual-de-la-oficina-de-christopher-earley\/","og_site_name":"Earley Law Group Injury Lawyers","article_publisher":"https:\/\/www.facebook.com\/Law-Offices-of-Christopher-Earley-104980886333\/","article_modified_time":"2024-07-04T07:33:19+00:00","twitter_card":"summary_large_image","twitter_site":"@chrisearleylaw","twitter_misc":{"Est. reading time":"3 minutes"},"schema":{"@context":"https:\/\/schema.org","@graph":[{"@type":"WebPage","@id":"https:\/\/www.chrisearley.com\/es\/sobre-nosotros\/beca-anual-de-la-oficina-de-christopher-earley\/","url":"https:\/\/www.chrisearley.com\/es\/sobre-nosotros\/beca-anual-de-la-oficina-de-christopher-earley\/","name":"Beca Anual de La Oficina de Christopher Earley | Boston Abogado de Lesi\u00f3n Personal","isPartOf":{"@id":"https:\/\/www.chrisearley.com\/es\/#website"},"datePublished":"2024-06-25T10:50:39+00:00","dateModified":"2024-07-04T07:33:19+00:00","description":"Consulta Gratis - Ll\u00e1menos al 617-444-7777 - Earley Law Group Injury Lawyers ayuda a las v\u00edctimas y sus familias a recibir una compensaci\u00f3n por sus lesiones. Beca Anual de La Oficina de Christopher Earley - Boston Abogado de Lesi\u00f3n Personal","breadcrumb":{"@id":"https:\/\/www.chrisearley.com\/es\/sobre-nosotros\/beca-anual-de-la-oficina-de-christopher-earley\/#breadcrumb"},"inLanguage":"es-US","potentialAction":[{"@type":"ReadAction","target":["https:\/\/www.chrisearley.com\/es\/sobre-nosotros\/beca-anual-de-la-oficina-de-christopher-earley\/"]}]},{"@type":"BreadcrumbList","@id":"https:\/\/www.chrisearley.com\/es\/sobre-nosotros\/beca-anual-de-la-oficina-de-christopher-earley\/#breadcrumb","itemListElement":[{"@type":"ListItem","position":1,"name":"Home","item":"https:\/\/www.chrisearley.com\/es\/"},{"@type":"ListItem","position":2,"name":"Sobre Nosotros","item":"https:\/\/www.chrisearley.com\/es\/sobre-nosotros\/"},{"@type":"ListItem","position":3,"name":"Beca Anual de La Oficina de Christopher Earley"}]},{"@type":"WebSite","@id":"https:\/\/www.chrisearley.com\/es\/#website","url":"https:\/\/www.chrisearley.com\/es\/","name":"Earley Law Group Injury Lawyers","description":"","publisher":{"@id":"https:\/\/www.chrisearley.com\/es\/#organization"},"potentialAction":[{"@type":"SearchAction","target":{"@type":"EntryPoint","urlTemplate":"https:\/\/www.chrisearley.com\/es\/?s={search_term_string}"},"query-input":{"@type":"PropertyValueSpecification","valueRequired":true,"valueName":"search_term_string"}}],"inLanguage":"es-US"},{"@type":"Organization","@id":"https:\/\/www.chrisearley.com\/es\/#organization","name":"Earley Law Group Injury Lawyers","url":"https:\/\/www.chrisearley.com\/es\/","logo":{"@type":"ImageObject","inLanguage":"es-US","@id":"https:\/\/www.chrisearley.com\/es\/#\/schema\/logo\/image\/","url":"https:\/\/www.chrisearley.com\/wp-content\/uploads\/2024\/05\/logo.png","contentUrl":"https:\/\/www.chrisearley.com\/wp-content\/uploads\/2024\/05\/logo.png","width":420,"height":79,"caption":"Earley Law Group Injury Lawyers"},"image":{"@id":"https:\/\/www.chrisearley.com\/es\/#\/schema\/logo\/image\/"},"sameAs":["https:\/\/www.facebook.com\/Law-Offices-of-Christopher-Earley-104980886333\/","https:\/\/x.com\/chrisearleylaw","https:\/\/www.youtube.com\/user\/ChrisEarleyLaw","https:\/\/www.linkedin.com\/company\/earley-law-group-injury-lawyers","https:\/\/www.instagram.com\/earleylawgroupinjurylawyers\/"]}]}},"_links":{"self":[{"href":"https:\/\/www.chrisearley.com\/es\/wp-json\/wp\/v2\/pages\/11095","targetHints":{"allow":["GET"]}}],"collection":[{"href":"https:\/\/www.chrisearley.com\/es\/wp-json\/wp\/v2\/pages"}],"about":[{"href":"https:\/\/www.chrisearley.com\/es\/wp-json\/wp\/v2\/types\/page"}],"author":[{"embeddable":true,"href":"https:\/\/www.chrisearley.com\/es\/wp-json\/wp\/v2\/users\/35"}],"replies":[{"embeddable":true,"href":"https:\/\/www.chrisearley.com\/es\/wp-json\/wp\/v2\/comments?post=11095"}],"version-history":[{"count":0,"href":"https:\/\/www.chrisearley.com\/es\/wp-json\/wp\/v2\/pages\/11095\/revisions"}],"up":[{"embeddable":true,"href":"https:\/\/www.chrisearley.com\/es\/wp-json\/wp\/v2\/pages\/9099"}],"wp:attachment":[{"href":"https:\/\/www.chrisearley.com\/es\/wp-json\/wp\/v2\/media?parent=11095"}],"curies":[{"name":"wp","href":"https:\/\/api.w.org\/{rel}","templated":true}]}}